{"id":252346,"date":"2026-04-18T01:14:34","date_gmt":"2026-04-18T07:14:34","guid":{"rendered":"https:\/\/compuviper.mx\/tienda\/producto\/tp-link-er706w-router-omada-vpn-tp-link-sdn-multi-wan-gigabit-1-puerto-wan-sfp-gigabit-1-puerto-wan-rj45-gigabit-2-puertos-lan-rj45-gigabit-2-puertos-configurables-lan-wan-150000-ses\/"},"modified":"2026-04-18T01:14:34","modified_gmt":"2026-04-18T07:14:34","slug":"tp-link-er706w-router-omada-vpn-tp-link-sdn-multi-wan-gigabit-1-puerto-wan-sfp-gigabit-1-puerto-wan-rj45-gigabit-2-puertos-lan-rj45-gigabit-2-puertos-configurables-lan-wan-150000-ses","status":"publish","type":"product","link":"https:\/\/compuviper.mx\/tienda\/producto\/tp-link-er706w-router-omada-vpn-tp-link-sdn-multi-wan-gigabit-1-puerto-wan-sfp-gigabit-1-puerto-wan-rj45-gigabit-2-puertos-lan-rj45-gigabit-2-puertos-configurables-lan-wan-150000-ses\/","title":{"rendered":"Tp Link Er706w Router Omada Vpn | Tp-link |  | Sdn Multi-wan Gigabit | 1 Puerto Wan Sfp Gigabit | 1 Puerto Wan Rj45 Gigabit | 2 Puertos Lan Rj45 Gigabit | 2 Puertos Configurables Lan\/wan | 150,000 Sesiones Co"},"content":{"rendered":"<table class=\"descripcion\">\n<tr>\n<td>Especificaciones<\/td>\n<\/tr>\n<tr>\n<td>Dimensiones: 226 x 131 x 35 mm (las dimensiones de las antenas no est\u00e1n incluidas)<\/td>\n<\/tr>\n<tr>\n<td>Puertos:<\/td>\n<\/tr>\n<tr>\n<td>(1) puerto wan\/lan sfp gigabit<\/td>\n<\/tr>\n<tr>\n<td>(1) puerto wan rj45 1gbps<\/td>\n<\/tr>\n<tr>\n<td>(4) puertos wnan\/lan gigabit rj45<\/td>\n<\/tr>\n<tr>\n<td>(1) puerto usb 3.0<\/td>\n<\/tr>\n<tr>\n<td>Boton reset:  si<\/td>\n<\/tr>\n<tr>\n<td>Garant\u00eda:  5 a\u00f1os<\/td>\n<\/tr>\n<tr>\n<td>Gesti\u00f3n web:  si<\/td>\n<\/tr>\n<tr>\n<td>Consumo m\u00e1x:  22.7 w (con usb conectado) \/ 18.2 w (sin usb conectado)<\/td>\n<\/tr>\n<tr>\n<td>Alimentaci\u00f3n: 12 vcc, 2 a<\/td>\n<\/tr>\n<tr>\n<td>Flash:  128 mb nand<\/td>\n<\/tr>\n<tr>\n<td>Dram :    512mb ddr4<\/td>\n<\/tr>\n<tr>\n<td>Clonado de mac: modificar direcci\u00f3n mac wan<\/td>\n<\/tr>\n<tr>\n<td>Sesiones concurrentes:  150,000 de sesiones<\/td>\n<\/tr>\n<tr>\n<td>Nat (ip est\u00e1tica):<\/td>\n<\/tr>\n<tr>\n<td>Carga: hasta 937.2 mbps<\/td>\n<\/tr>\n<tr>\n<td>Descarga: hasta 936.1 mbps<\/td>\n<\/tr>\n<tr>\n<td>Tipos de conexi\u00f3n wan:<\/td>\n<\/tr>\n<tr>\n<td>Ip est\u00e1tica\/ din\u00e1mica<\/td>\n<\/tr>\n<tr>\n<td>Pppoe<\/td>\n<\/tr>\n<tr>\n<td>Pptp<\/td>\n<\/tr>\n<tr>\n<td>L2tp<\/td>\n<\/tr>\n<tr>\n<td>B\u00e1nda ancho m\u00f3vil<\/td>\n<\/tr>\n<tr>\n<td>Ipv6\/ipv4: conexi\u00f3n wan<\/td>\n<\/tr>\n<tr>\n<td>Iptv: igmp v2\/v3 proxy, modo bridge, modo personalizado<\/td>\n<\/tr>\n<tr>\n<td>Temperatura de operaci\u00f3n:  0 &#8211; 40\u00b0 c<\/td>\n<\/tr>\n<tr>\n<td>Certificaciones: ce, fcc, rohs<\/td>\n<\/tr>\n<tr>\n<td>Caracter\u00edsticas<\/td>\n<\/tr>\n<tr>\n<td>Vpn:<\/td>\n<\/tr>\n<tr>\n<td>Openvpn 55 t\u00faneles<\/td>\n<\/tr>\n<tr>\n<td>Ipsec. 100 t\u00faneles<\/td>\n<\/tr>\n<tr>\n<td>Pptp 50 t\u00faneles<\/td>\n<\/tr>\n<tr>\n<td>L2tp 50 t\u00faneles<\/td>\n<\/tr>\n<tr>\n<td>Wireguards 20 t\u00faneles<\/td>\n<\/tr>\n<tr>\n<td>Ssl  50 t\u00faneles<\/td>\n<\/tr>\n<tr>\n<td>Filtrado:<\/td>\n<\/tr>\n<tr>\n<td>Filtrado de grupos web<\/td>\n<\/tr>\n<tr>\n<td>Filtrado url<\/td>\n<\/tr>\n<tr>\n<td>Seguridad web<\/td>\n<\/tr>\n<tr>\n<td>Inspecci\u00f3n arp: envi\u00f3 de paquetes garp<\/td>\n<\/tr>\n<tr>\n<td>Escaneo arp<\/td>\n<\/tr>\n<tr>\n<td>Enlace ip-mac<\/td>\n<\/tr>\n<tr>\n<td>Autenticaci\u00f3n web:<\/td>\n<\/tr>\n<tr>\n<td>Contrase\u00f1a simple<\/td>\n<\/tr>\n<tr>\n<td>Hotspot (usuario local\/ voucher\/ sms\/ radios)<\/td>\n<\/tr>\n<tr>\n<td>Servidor radiud externo<\/td>\n<\/tr>\n<tr>\n<td>Registro facebook<\/td>\n<\/tr>\n<tr>\n<td>Seguimiento de instagram<\/td>\n<\/tr>\n<tr>\n<td>Gesti\u00f3n centralizada:<\/td>\n<\/tr>\n<tr>\n<td>Oc300<\/td>\n<\/tr>\n<tr>\n<td>Oc200<\/td>\n<\/tr>\n<tr>\n<td>Omada software<\/td>\n<\/tr>\n<tr>\n<td>Omada basado en la nube<\/td>\n<\/tr>\n<tr>\n<td>Otros<\/td>\n<\/tr>\n<tr>\n<td>Contenido del paquete:<\/td>\n<\/tr>\n<tr>\n<td>Er706w<\/td>\n<\/tr>\n<tr>\n<td>Adaptador de corriente<\/td>\n<\/tr>\n<tr>\n<td>Gu\u00eda de instalaci\u00f3n<\/td>\n<\/tr>\n<\/table>\n","protected":false},"excerpt":{"rendered":"<p>Router vpn gigabit omada ax3000. -wi-fi doble banda ax3000: soporta 2402 mbps en 5 ghz y 574 mbps en 2.4 ghz. -6 puertos ethernet gigabit: 1 puerto sfp gigabit y 5 puertos rj45 gigabit proporcionan conectividad cableada de alta velocidad. -tecnolog\u00eda omada mesh: se conecta sin problemas a eaps que soportan tecnolog\u00eda mesh, ideal para escenarios a gran escala.*. -gesti\u00f3n centralizada: acceso a la nube y aplicaci\u00f3n omada para una comodidad extrema y f\u00e1cil gesti\u00f3n. -cobertura mejorada: triple antena externa extiende y concentra las se\u00f1ales de wi-fi. -vpn de alta seguridad: soporta m\u00faltiples protocolos vpn incluyendo ipsec \/ ssl \/ wireguard \/ pptp \/ l2tp vpn, ayudando a los usuarios a establecer conexiones remotas m\u00e1s flexiblemente. And #9651. -abundantes funciones de seguridad: pol\u00edticas avanzadas de firewall, defensa contra dos, filtrado ip\/mac\/url y m\u00e1s funciones de seguridad protegen tu red y datos.<\/p>\n","protected":false},"featured_media":260158,"comment_status":"open","ping_status":"open","template":"","meta":[],"product_cat":[1563,1753],"product_tag":[1562],"acf":[],"yoast_head":"<!-- This site is optimized with the Yoast SEO plugin v21.7 - https:\/\/yoast.com\/wordpress\/plugins\/seo\/ -->\n<title>[ Tp Link ] &#129351; Er706w Router Omada Vpn | Tp-link | | Sdn Multi-wan Gigabit | 1 Puerto Wan Sfp Gigabit | 1 Puerto Wan Rj45 Gigabit | 2 Puertos Lan Rj45 Gigabit | 2 Puertos Configurables Lan\/wan | 150,000 Sesiones Co<\/title>\n<meta name=\"description\" content=\"Compra Er706w Router Omada Vpn | Tp-link | | Sdn Multi-wan Gigabit | 1 Puerto Wan Sfp Gigabit | 1 Puerto Wan Rj45 Gigabit | 2 Puertos Lan Rj45 Gigabit | 2 Puertos Configurables Lan\/wan | 150,000 Sesiones Co + Env\u00edo a domicilio + Pago seguro + Garant\u00eda\" \/>\n<meta name=\"robots\" content=\"index, follow, max-snippet:-1, max-image-preview:large, max-video-preview:-1\" \/>\n<link rel=\"canonical\" href=\"https:\/\/compuviper.mx\/tienda\/producto\/tp-link-er706w-router-omada-vpn-tp-link-sdn-multi-wan-gigabit-1-puerto-wan-sfp-gigabit-1-puerto-wan-rj45-gigabit-2-puertos-lan-rj45-gigabit-2-puertos-configurables-lan-wan-150000-ses\/\" \/>\n<meta property=\"og:locale\" content=\"es_MX\" \/>\n<meta property=\"og:type\" content=\"article\" \/>\n<meta property=\"og:title\" content=\"[ Tp Link ] &#129351; Er706w Router Omada Vpn | Tp-link | | Sdn Multi-wan Gigabit | 1 Puerto Wan Sfp Gigabit | 1 Puerto Wan Rj45 Gigabit | 2 Puertos Lan Rj45 Gigabit | 2 Puertos Configurables Lan\/wan | 150,000 Sesiones Co\" \/>\n<meta property=\"og:description\" content=\"Compra Er706w Router Omada Vpn | Tp-link | | Sdn Multi-wan Gigabit | 1 Puerto Wan Sfp Gigabit | 1 Puerto Wan Rj45 Gigabit | 2 Puertos Lan Rj45 Gigabit | 2 Puertos Configurables Lan\/wan | 150,000 Sesiones Co + Env\u00edo a domicilio + Pago seguro + Garant\u00eda\" \/>\n<meta property=\"og:url\" content=\"https:\/\/compuviper.mx\/tienda\/producto\/tp-link-er706w-router-omada-vpn-tp-link-sdn-multi-wan-gigabit-1-puerto-wan-sfp-gigabit-1-puerto-wan-rj45-gigabit-2-puertos-lan-rj45-gigabit-2-puertos-configurables-lan-wan-150000-ses\/\" \/>\n<meta property=\"og:site_name\" content=\"Compuviper\" \/>\n<meta property=\"article:publisher\" content=\"https:\/\/www.facebook.com\/compuviper\" \/>\n<meta property=\"og:image\" content=\"https:\/\/compuviper.mx\/tienda\/wp-content\/uploads\/2025\/10\/Router-omada-vpn-tp-link-er706w-sdn-multi-wan-gigabit-1-puerto-wan-sfp-gigabit-1-puerto-wan-rj45-gigabit-2-puertos-lan-rj45-gigabit-2-puertos-configurables-lanwan-150000-sesiones-co.jpg\" \/>\n\t<meta property=\"og:image:width\" content=\"200\" \/>\n\t<meta property=\"og:image:height\" content=\"200\" \/>\n\t<meta property=\"og:image:type\" content=\"image\/jpeg\" \/>\n<meta name=\"twitter:card\" content=\"summary_large_image\" \/>\n<meta name=\"twitter:label1\" content=\"Precio\" \/>\n\t<meta name=\"twitter:data1\" content=\"&#36;2,345 con IVA\" \/>\n\t<meta name=\"twitter:label2\" content=\"Availability\" \/>\n\t<meta name=\"twitter:data2\" content=\"On backorder\" \/>\n<script type=\"application\/ld+json\" class=\"yoast-schema-graph\">{\"@context\":\"https:\/\/schema.org\",\"@graph\":[{\"@type\":\"WebPage\",\"@id\":\"https:\/\/compuviper.mx\/tienda\/producto\/tp-link-er706w-router-omada-vpn-tp-link-sdn-multi-wan-gigabit-1-puerto-wan-sfp-gigabit-1-puerto-wan-rj45-gigabit-2-puertos-lan-rj45-gigabit-2-puertos-configurables-lan-wan-150000-ses\/\",\"url\":\"https:\/\/compuviper.mx\/tienda\/producto\/tp-link-er706w-router-omada-vpn-tp-link-sdn-multi-wan-gigabit-1-puerto-wan-sfp-gigabit-1-puerto-wan-rj45-gigabit-2-puertos-lan-rj45-gigabit-2-puertos-configurables-lan-wan-150000-ses\/\",\"name\":\"[ Tp Link ] &#129351; Er706w Router Omada Vpn | Tp-link | | Sdn Multi-wan Gigabit | 1 Puerto Wan Sfp Gigabit | 1 Puerto Wan Rj45 Gigabit | 2 Puertos Lan Rj45 Gigabit | 2 Puertos Configurables Lan\/wan | 150,000 Sesiones Co\",\"isPartOf\":{\"@id\":\"https:\/\/compuviper.mx\/tienda\/#website\"},\"datePublished\":\"2026-04-18T07:14:34+00:00\",\"dateModified\":\"2026-04-18T07:14:34+00:00\",\"description\":\"Compra Er706w Router Omada Vpn | Tp-link | | Sdn Multi-wan Gigabit | 1 Puerto Wan Sfp Gigabit | 1 Puerto Wan Rj45 Gigabit | 2 Puertos Lan Rj45 Gigabit | 2 Puertos Configurables Lan\/wan | 150,000 Sesiones Co + Env\u00edo a domicilio + Pago seguro + Garant\u00eda\",\"breadcrumb\":{\"@id\":\"https:\/\/compuviper.mx\/tienda\/producto\/tp-link-er706w-router-omada-vpn-tp-link-sdn-multi-wan-gigabit-1-puerto-wan-sfp-gigabit-1-puerto-wan-rj45-gigabit-2-puertos-lan-rj45-gigabit-2-puertos-configurables-lan-wan-150000-ses\/#breadcrumb\"},\"inLanguage\":\"es-MX\",\"potentialAction\":[{\"@type\":\"ReadAction\",\"target\":[\"https:\/\/compuviper.mx\/tienda\/producto\/tp-link-er706w-router-omada-vpn-tp-link-sdn-multi-wan-gigabit-1-puerto-wan-sfp-gigabit-1-puerto-wan-rj45-gigabit-2-puertos-lan-rj45-gigabit-2-puertos-configurables-lan-wan-150000-ses\/\"]}]},{\"@type\":\"BreadcrumbList\",\"@id\":\"https:\/\/compuviper.mx\/tienda\/producto\/tp-link-er706w-router-omada-vpn-tp-link-sdn-multi-wan-gigabit-1-puerto-wan-sfp-gigabit-1-puerto-wan-rj45-gigabit-2-puertos-lan-rj45-gigabit-2-puertos-configurables-lan-wan-150000-ses\/#breadcrumb\",\"itemListElement\":[{\"@type\":\"ListItem\",\"position\":1,\"name\":\"Inicio\",\"item\":\"https:\/\/compuviper.mx\/tienda\/\"},{\"@type\":\"ListItem\",\"position\":2,\"name\":\"Productos\",\"item\":\"https:\/\/compuviper.mx\/tienda\/productos\/\"},{\"@type\":\"ListItem\",\"position\":3,\"name\":\"Redes\",\"item\":\"https:\/\/compuviper.mx\/tienda\/categoria-producto\/redes\/\"},{\"@type\":\"ListItem\",\"position\":4,\"name\":\"Router\",\"item\":\"https:\/\/compuviper.mx\/tienda\/categoria-producto\/redes\/router\/\"},{\"@type\":\"ListItem\",\"position\":5,\"name\":\"Tp Link Er706w Router Omada Vpn | Tp-link | | Sdn Multi-wan Gigabit | 1 Puerto Wan Sfp Gigabit | 1 Puerto Wan Rj45 Gigabit | 2 Puertos Lan Rj45 Gigabit | 2 Puertos Configurables Lan\/wan | 150,000 Sesiones Co\"}]},{\"@type\":\"WebSite\",\"@id\":\"https:\/\/compuviper.mx\/tienda\/#website\",\"url\":\"https:\/\/compuviper.mx\/tienda\/\",\"name\":\"Compuviper\",\"description\":\"Proveedor de Computadoras, Laptops, Servidores, Monitores, Puntos de Venta, Teclados,   Impresoras, T\u00f3ner, C\u00e1maras de Seguridad y m\u00e1s en tu tienda en l\u00ednea\",\"publisher\":{\"@id\":\"https:\/\/compuviper.mx\/tienda\/#organization\"},\"potentialAction\":[{\"@type\":\"SearchAction\",\"target\":{\"@type\":\"EntryPoint\",\"urlTemplate\":\"https:\/\/compuviper.mx\/tienda\/?s={search_term_string}\"},\"query-input\":\"required name=search_term_string\"}],\"inLanguage\":\"es-MX\"},{\"@type\":\"Organization\",\"@id\":\"https:\/\/compuviper.mx\/tienda\/#organization\",\"name\":\"Compuviper\",\"url\":\"https:\/\/compuviper.mx\/tienda\/\",\"logo\":{\"@type\":\"ImageObject\",\"inLanguage\":\"es-MX\",\"@id\":\"https:\/\/compuviper.mx\/tienda\/#\/schema\/logo\/image\/\",\"url\":\"https:\/\/compuviper.mx\/tienda\/wp-content\/uploads\/2021\/08\/Logo-Compuviper-10.png\",\"contentUrl\":\"https:\/\/compuviper.mx\/tienda\/wp-content\/uploads\/2021\/08\/Logo-Compuviper-10.png\",\"width\":1000,\"height\":500,\"caption\":\"Compuviper\"},\"image\":{\"@id\":\"https:\/\/compuviper.mx\/tienda\/#\/schema\/logo\/image\/\"},\"sameAs\":[\"https:\/\/www.facebook.com\/compuviper\",\"https:\/\/www.youtube.com\/channel\/UCf73dERp9Y3cfOq7q8BhLjA?view_as=subscriber\"]}]}<\/script>\n<meta property=\"product:brand\" content=\"TP LINK\" \/>\n<meta property=\"product:price:amount\" content=\"2345\" \/>\n<meta property=\"product:price:currency\" content=\"MXN\" \/>\n<meta property=\"og:availability\" content=\"backorder\" \/>\n<meta property=\"product:availability\" content=\"available for order\" \/>\n<meta property=\"product:retailer_item_id\" content=\"ER706W\" \/>\n<meta property=\"product:condition\" content=\"new\" \/>\n<!-- \/ Yoast SEO plugin. -->","yoast_head_json":{"title":"[ Tp Link ] &#129351; Er706w Router Omada Vpn | Tp-link | | Sdn Multi-wan Gigabit | 1 Puerto Wan Sfp Gigabit | 1 Puerto Wan Rj45 Gigabit | 2 Puertos Lan Rj45 Gigabit | 2 Puertos Configurables Lan\/wan | 150,000 Sesiones Co","description":"Compra Er706w Router Omada Vpn | Tp-link | | Sdn Multi-wan Gigabit | 1 Puerto Wan Sfp Gigabit | 1 Puerto Wan Rj45 Gigabit | 2 Puertos Lan Rj45 Gigabit | 2 Puertos Configurables Lan\/wan | 150,000 Sesiones Co + Env\u00edo a domicilio + Pago seguro + Garant\u00eda","robots":{"index":"index","follow":"follow","max-snippet":"max-snippet:-1","max-image-preview":"max-image-preview:large","max-video-preview":"max-video-preview:-1"},"canonical":"https:\/\/compuviper.mx\/tienda\/producto\/tp-link-er706w-router-omada-vpn-tp-link-sdn-multi-wan-gigabit-1-puerto-wan-sfp-gigabit-1-puerto-wan-rj45-gigabit-2-puertos-lan-rj45-gigabit-2-puertos-configurables-lan-wan-150000-ses\/","og_locale":"es_MX","og_type":"article","og_title":"[ Tp Link ] &#129351; Er706w Router Omada Vpn | Tp-link | | Sdn Multi-wan Gigabit | 1 Puerto Wan Sfp Gigabit | 1 Puerto Wan Rj45 Gigabit | 2 Puertos Lan Rj45 Gigabit | 2 Puertos Configurables Lan\/wan | 150,000 Sesiones Co","og_description":"Compra Er706w Router Omada Vpn | Tp-link | | Sdn Multi-wan Gigabit | 1 Puerto Wan Sfp Gigabit | 1 Puerto Wan Rj45 Gigabit | 2 Puertos Lan Rj45 Gigabit | 2 Puertos Configurables Lan\/wan | 150,000 Sesiones Co + Env\u00edo a domicilio + Pago seguro + Garant\u00eda","og_url":"https:\/\/compuviper.mx\/tienda\/producto\/tp-link-er706w-router-omada-vpn-tp-link-sdn-multi-wan-gigabit-1-puerto-wan-sfp-gigabit-1-puerto-wan-rj45-gigabit-2-puertos-lan-rj45-gigabit-2-puertos-configurables-lan-wan-150000-ses\/","og_site_name":"Compuviper","article_publisher":"https:\/\/www.facebook.com\/compuviper","og_image":[{"width":200,"height":200,"url":"https:\/\/compuviper.mx\/tienda\/wp-content\/uploads\/2025\/10\/Router-omada-vpn-tp-link-er706w-sdn-multi-wan-gigabit-1-puerto-wan-sfp-gigabit-1-puerto-wan-rj45-gigabit-2-puertos-lan-rj45-gigabit-2-puertos-configurables-lanwan-150000-sesiones-co.jpg","type":"image\/jpeg"}],"twitter_card":"summary_large_image","twitter_misc":{"Precio":"&#36;2,345 con IVA","Availability":"On backorder"},"schema":{"@context":"https:\/\/schema.org","@graph":[{"@type":"WebPage","@id":"https:\/\/compuviper.mx\/tienda\/producto\/tp-link-er706w-router-omada-vpn-tp-link-sdn-multi-wan-gigabit-1-puerto-wan-sfp-gigabit-1-puerto-wan-rj45-gigabit-2-puertos-lan-rj45-gigabit-2-puertos-configurables-lan-wan-150000-ses\/","url":"https:\/\/compuviper.mx\/tienda\/producto\/tp-link-er706w-router-omada-vpn-tp-link-sdn-multi-wan-gigabit-1-puerto-wan-sfp-gigabit-1-puerto-wan-rj45-gigabit-2-puertos-lan-rj45-gigabit-2-puertos-configurables-lan-wan-150000-ses\/","name":"[ Tp Link ] &#129351; Er706w Router Omada Vpn | Tp-link | | Sdn Multi-wan Gigabit | 1 Puerto Wan Sfp Gigabit | 1 Puerto Wan Rj45 Gigabit | 2 Puertos Lan Rj45 Gigabit | 2 Puertos Configurables Lan\/wan | 150,000 Sesiones Co","isPartOf":{"@id":"https:\/\/compuviper.mx\/tienda\/#website"},"datePublished":"2026-04-18T07:14:34+00:00","dateModified":"2026-04-18T07:14:34+00:00","description":"Compra Er706w Router Omada Vpn | Tp-link | | Sdn Multi-wan Gigabit | 1 Puerto Wan Sfp Gigabit | 1 Puerto Wan Rj45 Gigabit | 2 Puertos Lan Rj45 Gigabit | 2 Puertos Configurables Lan\/wan | 150,000 Sesiones Co + Env\u00edo a domicilio + Pago seguro + Garant\u00eda","breadcrumb":{"@id":"https:\/\/compuviper.mx\/tienda\/producto\/tp-link-er706w-router-omada-vpn-tp-link-sdn-multi-wan-gigabit-1-puerto-wan-sfp-gigabit-1-puerto-wan-rj45-gigabit-2-puertos-lan-rj45-gigabit-2-puertos-configurables-lan-wan-150000-ses\/#breadcrumb"},"inLanguage":"es-MX","potentialAction":[{"@type":"ReadAction","target":["https:\/\/compuviper.mx\/tienda\/producto\/tp-link-er706w-router-omada-vpn-tp-link-sdn-multi-wan-gigabit-1-puerto-wan-sfp-gigabit-1-puerto-wan-rj45-gigabit-2-puertos-lan-rj45-gigabit-2-puertos-configurables-lan-wan-150000-ses\/"]}]},{"@type":"BreadcrumbList","@id":"https:\/\/compuviper.mx\/tienda\/producto\/tp-link-er706w-router-omada-vpn-tp-link-sdn-multi-wan-gigabit-1-puerto-wan-sfp-gigabit-1-puerto-wan-rj45-gigabit-2-puertos-lan-rj45-gigabit-2-puertos-configurables-lan-wan-150000-ses\/#breadcrumb","itemListElement":[{"@type":"ListItem","position":1,"name":"Inicio","item":"https:\/\/compuviper.mx\/tienda\/"},{"@type":"ListItem","position":2,"name":"Productos","item":"https:\/\/compuviper.mx\/tienda\/productos\/"},{"@type":"ListItem","position":3,"name":"Redes","item":"https:\/\/compuviper.mx\/tienda\/categoria-producto\/redes\/"},{"@type":"ListItem","position":4,"name":"Router","item":"https:\/\/compuviper.mx\/tienda\/categoria-producto\/redes\/router\/"},{"@type":"ListItem","position":5,"name":"Tp Link Er706w Router Omada Vpn | Tp-link | | Sdn Multi-wan Gigabit | 1 Puerto Wan Sfp Gigabit | 1 Puerto Wan Rj45 Gigabit | 2 Puertos Lan Rj45 Gigabit | 2 Puertos Configurables Lan\/wan | 150,000 Sesiones Co"}]},{"@type":"WebSite","@id":"https:\/\/compuviper.mx\/tienda\/#website","url":"https:\/\/compuviper.mx\/tienda\/","name":"Compuviper","description":"Proveedor de Computadoras, Laptops, Servidores, Monitores, Puntos de Venta, Teclados,   Impresoras, T\u00f3ner, C\u00e1maras de Seguridad y m\u00e1s en tu tienda en l\u00ednea","publisher":{"@id":"https:\/\/compuviper.mx\/tienda\/#organization"},"potentialAction":[{"@type":"SearchAction","target":{"@type":"EntryPoint","urlTemplate":"https:\/\/compuviper.mx\/tienda\/?s={search_term_string}"},"query-input":"required name=search_term_string"}],"inLanguage":"es-MX"},{"@type":"Organization","@id":"https:\/\/compuviper.mx\/tienda\/#organization","name":"Compuviper","url":"https:\/\/compuviper.mx\/tienda\/","logo":{"@type":"ImageObject","inLanguage":"es-MX","@id":"https:\/\/compuviper.mx\/tienda\/#\/schema\/logo\/image\/","url":"https:\/\/compuviper.mx\/tienda\/wp-content\/uploads\/2021\/08\/Logo-Compuviper-10.png","contentUrl":"https:\/\/compuviper.mx\/tienda\/wp-content\/uploads\/2021\/08\/Logo-Compuviper-10.png","width":1000,"height":500,"caption":"Compuviper"},"image":{"@id":"https:\/\/compuviper.mx\/tienda\/#\/schema\/logo\/image\/"},"sameAs":["https:\/\/www.facebook.com\/compuviper","https:\/\/www.youtube.com\/channel\/UCf73dERp9Y3cfOq7q8BhLjA?view_as=subscriber"]}]},"product_brand":"TP LINK","product_price_amount":"2345","product_price_currency":"MXN","og_availability":"backorder","product_availability":"available for order","product_retailer_item_id":"ER706W","product_condition":"new"},"_links":{"self":[{"href":"https:\/\/compuviper.mx\/tienda\/wp-json\/wp\/v2\/product\/252346"}],"collection":[{"href":"https:\/\/compuviper.mx\/tienda\/wp-json\/wp\/v2\/product"}],"about":[{"href":"https:\/\/compuviper.mx\/tienda\/wp-json\/wp\/v2\/types\/product"}],"replies":[{"embeddable":true,"href":"https:\/\/compuviper.mx\/tienda\/wp-json\/wp\/v2\/comments?post=252346"}],"wp:featuredmedia":[{"embeddable":true,"href":"https:\/\/compuviper.mx\/tienda\/wp-json\/wp\/v2\/media\/260158"}],"wp:attachment":[{"href":"https:\/\/compuviper.mx\/tienda\/wp-json\/wp\/v2\/media?parent=252346"}],"wp:term":[{"taxonomy":"product_cat","embeddable":true,"href":"https:\/\/compuviper.mx\/tienda\/wp-json\/wp\/v2\/product_cat?post=252346"},{"taxonomy":"product_tag","embeddable":true,"href":"https:\/\/compuviper.mx\/tienda\/wp-json\/wp\/v2\/product_tag?post=252346"}],"curies":[{"name":"wp","href":"https:\/\/api.w.org\/{rel}","templated":true}]}}