{"id":252345,"date":"2026-04-18T01:14:34","date_gmt":"2026-04-18T07:14:34","guid":{"rendered":"https:\/\/compuviper.mx\/tienda\/producto\/tp-link-eap673-access-point-omada-tp-link-wi-fi-6-ax5400-mu-mimo-4x4-mesh-omada-alta-densidad-de-usuarios-configuracin-por-controlador-o-stand-alone-para-montaje-en-techo-pared-ali\/"},"modified":"2026-04-18T01:14:34","modified_gmt":"2026-04-18T07:14:34","slug":"tp-link-eap673-access-point-tp-link-omada-ax5400-ceiling-mount-wifi-6","status":"publish","type":"product","link":"https:\/\/compuviper.mx\/tienda\/producto\/tp-link-eap673-access-point-tp-link-omada-ax5400-ceiling-mount-wifi-6\/","title":{"rendered":"Tp Link Eap673 Access Point Tp-link  Omada Ax5400 Ceiling Mount Wifi 6"},"content":{"rendered":"<table class=\"descripcion\">\n<tr>\n<td>Especificaciones.<\/td>\n<\/tr>\n<tr>\n<td>Dimensiones: 220 x 220 x 32.5 mm.<\/td>\n<\/tr>\n<tr>\n<td>Puertos:    (1) puerto 2.5 gbps rj45<\/td>\n<\/tr>\n<tr>\n<td>Bot\u00f3n reset:  si<\/td>\n<\/tr>\n<tr>\n<td>Alimentaci\u00f3n:<\/td>\n<\/tr>\n<tr>\n<td>Poe 802.3 at \/ 12 vcc 2 a (adaptador no incluido)<\/td>\n<\/tr>\n<tr>\n<td>Consumo m\u00e1x: 22.3 w<\/td>\n<\/tr>\n<tr>\n<td>Antenas: 2.4 ghz: 2&#215;4 dbi<\/td>\n<\/tr>\n<tr>\n<td>5 ghz: 2&#215;5 dbi<\/td>\n<\/tr>\n<tr>\n<td>Montaje: techo\/pared (kit incluido)<\/td>\n<\/tr>\n<tr>\n<td>Gesti\u00f3n web:  si<\/td>\n<\/tr>\n<tr>\n<td>Garant\u00eda: 2 a\u00f1os<\/td>\n<\/tr>\n<tr>\n<td>Est\u00e1ndares inal\u00e1mbricos:   ieee 802.11 ax\/ac\/n\/b\/g\/a<\/td>\n<\/tr>\n<tr>\n<td>Potencia de transmisi\u00f3n:<\/td>\n<\/tr>\n<tr>\n<td>Ce:  20 dbm 2.4 ghz \/  23 dbm 5 ghz<\/td>\n<\/tr>\n<tr>\n<td>Fcc:  26 dbm 2.4 ghz \/  26 dbm 5 ghz<\/td>\n<\/tr>\n<tr>\n<td>Temperatura de operaci\u00f3n:  0 &#8211; 40\u00b0 c<\/td>\n<\/tr>\n<tr>\n<td>Certificaciones: ce, fcc, rohs<\/td>\n<\/tr>\n<tr>\n<td>Caracter\u00edsticas.<\/td>\n<\/tr>\n<tr>\n<td>Funciones avanzadas:<\/td>\n<\/tr>\n<tr>\n<td>1024-qam.<\/td>\n<\/tr>\n<tr>\n<td>Ofdma.<\/td>\n<\/tr>\n<tr>\n<td>Mesh omada<\/td>\n<\/tr>\n<tr>\n<td>M\u00faltiples ssid (hasta 16, 8 por banda).<\/td>\n<\/tr>\n<tr>\n<td>Asignaci\u00f3n autom\u00e1tica de canales.<\/td>\n<\/tr>\n<tr>\n<td>Programa de reinicio.<\/td>\n<\/tr>\n<tr>\n<td>Portal cautivo (hotspot).<\/td>\n<\/tr>\n<tr>\n<td>App omada.<\/td>\n<\/tr>\n<tr>\n<td>Mu-mimo.<\/td>\n<\/tr>\n<tr>\n<td>Otros.<\/td>\n<\/tr>\n<tr>\n<td>Contenido del paquete:<\/td>\n<\/tr>\n<tr>\n<td>Eap673<\/td>\n<\/tr>\n<tr>\n<td>Fuente de poder<\/td>\n<\/tr>\n<tr>\n<td>Kit de montaje pared\/techo<\/td>\n<\/tr>\n<tr>\n<td>Gu\u00eda de instalaci\u00f3n<\/td>\n<\/tr>\n<\/table>\n","protected":false},"excerpt":{"rendered":"<p>Punto de acceso wi-fi 6 de montaje en techo ax5400. -velocidad ultrarr\u00e1pida wi-fi 6. Hasta 4804 mbps en 5ghz y 574 mbps en 2,4ghz, para alcanzar un total de 5378 mbps\u0086. -gesti\u00f3n centralizada. Con la controladora omada se obtiene un control intuitivo y eficiente de la red con acceso en local o desde la nube. -ancho de banda de 160 mhz. Reduce las interferencias y duplica el espectro de red disponible en un solo flujo con he160\u0087. -omada mesh. Permite la conectividad entre diferentes puntos de acceso omada para crear una red de gran alcance y cobertura\u00a7. -compatibilidad con poe+. Admite alimentaci\u00f3n a trav\u00e9s de ethernet (802.3at) y fuente de alimentaci\u00f3n cc (no incluida) para tener una mayor libertad de instalaci\u00f3n.<\/p>\n","protected":false},"featured_media":260157,"comment_status":"open","ping_status":"open","template":"","meta":[],"product_cat":[1563,1753],"product_tag":[1562],"acf":[],"yoast_head":"<!-- This site is optimized with the Yoast SEO plugin v21.7 - https:\/\/yoast.com\/wordpress\/plugins\/seo\/ -->\n<title>[ Tp Link ] &#129351; Eap673 Access Point Tp-link Omada Ax5400 Ceiling Mount Wifi 6<\/title>\n<meta name=\"description\" content=\"Compra Eap673 Access Point Tp-link Omada Ax5400 Ceiling Mount Wifi 6 + Env\u00edo a domicilio + Pago seguro + Garant\u00eda\" \/>\n<meta name=\"robots\" content=\"index, follow, max-snippet:-1, max-image-preview:large, max-video-preview:-1\" \/>\n<link rel=\"canonical\" href=\"https:\/\/compuviper.mx\/tienda\/producto\/tp-link-eap673-access-point-tp-link-omada-ax5400-ceiling-mount-wifi-6\/\" \/>\n<meta property=\"og:locale\" content=\"es_MX\" \/>\n<meta property=\"og:type\" content=\"article\" \/>\n<meta property=\"og:title\" content=\"[ Tp Link ] &#129351; Eap673 Access Point Tp-link Omada Ax5400 Ceiling Mount Wifi 6\" \/>\n<meta property=\"og:description\" content=\"Compra Eap673 Access Point Tp-link Omada Ax5400 Ceiling Mount Wifi 6 + Env\u00edo a domicilio + Pago seguro + Garant\u00eda\" \/>\n<meta property=\"og:url\" content=\"https:\/\/compuviper.mx\/tienda\/producto\/tp-link-eap673-access-point-tp-link-omada-ax5400-ceiling-mount-wifi-6\/\" \/>\n<meta property=\"og:site_name\" content=\"Compuviper\" \/>\n<meta property=\"article:publisher\" content=\"https:\/\/www.facebook.com\/compuviper\" \/>\n<meta property=\"og:image\" content=\"https:\/\/compuviper.mx\/tienda\/wp-content\/uploads\/2025\/10\/Access-point-omada-tp-link-eap673-wi-fi-6-ax5400-mu-mimo-4x4-mesh-omada-alta-densidad-de-usuarios-configuracion-por-controlador-o-stand-alone-para-montaje-en-techopared-alimentaci.jpg\" \/>\n\t<meta property=\"og:image:width\" content=\"200\" \/>\n\t<meta property=\"og:image:height\" content=\"200\" \/>\n\t<meta property=\"og:image:type\" content=\"image\/jpeg\" \/>\n<meta name=\"twitter:card\" content=\"summary_large_image\" \/>\n<meta name=\"twitter:label1\" content=\"Precio\" \/>\n\t<meta name=\"twitter:data1\" content=\"&#36;2,854 con IVA\" \/>\n\t<meta name=\"twitter:label2\" content=\"Availability\" \/>\n\t<meta name=\"twitter:data2\" content=\"On backorder\" \/>\n<script type=\"application\/ld+json\" class=\"yoast-schema-graph\">{\"@context\":\"https:\/\/schema.org\",\"@graph\":[{\"@type\":\"WebPage\",\"@id\":\"https:\/\/compuviper.mx\/tienda\/producto\/tp-link-eap673-access-point-tp-link-omada-ax5400-ceiling-mount-wifi-6\/\",\"url\":\"https:\/\/compuviper.mx\/tienda\/producto\/tp-link-eap673-access-point-tp-link-omada-ax5400-ceiling-mount-wifi-6\/\",\"name\":\"[ Tp Link ] &#129351; Eap673 Access Point Tp-link Omada Ax5400 Ceiling Mount Wifi 6\",\"isPartOf\":{\"@id\":\"https:\/\/compuviper.mx\/tienda\/#website\"},\"datePublished\":\"2026-04-18T07:14:34+00:00\",\"dateModified\":\"2026-04-18T07:14:34+00:00\",\"description\":\"Compra Eap673 Access Point Tp-link Omada Ax5400 Ceiling Mount Wifi 6 + Env\u00edo a domicilio + Pago seguro + Garant\u00eda\",\"breadcrumb\":{\"@id\":\"https:\/\/compuviper.mx\/tienda\/producto\/tp-link-eap673-access-point-tp-link-omada-ax5400-ceiling-mount-wifi-6\/#breadcrumb\"},\"inLanguage\":\"es-MX\",\"potentialAction\":[{\"@type\":\"ReadAction\",\"target\":[\"https:\/\/compuviper.mx\/tienda\/producto\/tp-link-eap673-access-point-tp-link-omada-ax5400-ceiling-mount-wifi-6\/\"]}]},{\"@type\":\"BreadcrumbList\",\"@id\":\"https:\/\/compuviper.mx\/tienda\/producto\/tp-link-eap673-access-point-tp-link-omada-ax5400-ceiling-mount-wifi-6\/#breadcrumb\",\"itemListElement\":[{\"@type\":\"ListItem\",\"position\":1,\"name\":\"Inicio\",\"item\":\"https:\/\/compuviper.mx\/tienda\/\"},{\"@type\":\"ListItem\",\"position\":2,\"name\":\"Productos\",\"item\":\"https:\/\/compuviper.mx\/tienda\/productos\/\"},{\"@type\":\"ListItem\",\"position\":3,\"name\":\"Redes\",\"item\":\"https:\/\/compuviper.mx\/tienda\/categoria-producto\/redes\/\"},{\"@type\":\"ListItem\",\"position\":4,\"name\":\"Router\",\"item\":\"https:\/\/compuviper.mx\/tienda\/categoria-producto\/redes\/router\/\"},{\"@type\":\"ListItem\",\"position\":5,\"name\":\"Tp Link Eap673 Access Point Tp-link Omada Ax5400 Ceiling Mount Wifi 6\"}]},{\"@type\":\"WebSite\",\"@id\":\"https:\/\/compuviper.mx\/tienda\/#website\",\"url\":\"https:\/\/compuviper.mx\/tienda\/\",\"name\":\"Compuviper\",\"description\":\"Proveedor de Computadoras, Laptops, Servidores, Monitores, Puntos de Venta, Teclados,   Impresoras, T\u00f3ner, C\u00e1maras de Seguridad y m\u00e1s en tu tienda en l\u00ednea\",\"publisher\":{\"@id\":\"https:\/\/compuviper.mx\/tienda\/#organization\"},\"potentialAction\":[{\"@type\":\"SearchAction\",\"target\":{\"@type\":\"EntryPoint\",\"urlTemplate\":\"https:\/\/compuviper.mx\/tienda\/?s={search_term_string}\"},\"query-input\":\"required name=search_term_string\"}],\"inLanguage\":\"es-MX\"},{\"@type\":\"Organization\",\"@id\":\"https:\/\/compuviper.mx\/tienda\/#organization\",\"name\":\"Compuviper\",\"url\":\"https:\/\/compuviper.mx\/tienda\/\",\"logo\":{\"@type\":\"ImageObject\",\"inLanguage\":\"es-MX\",\"@id\":\"https:\/\/compuviper.mx\/tienda\/#\/schema\/logo\/image\/\",\"url\":\"https:\/\/compuviper.mx\/tienda\/wp-content\/uploads\/2021\/08\/Logo-Compuviper-10.png\",\"contentUrl\":\"https:\/\/compuviper.mx\/tienda\/wp-content\/uploads\/2021\/08\/Logo-Compuviper-10.png\",\"width\":1000,\"height\":500,\"caption\":\"Compuviper\"},\"image\":{\"@id\":\"https:\/\/compuviper.mx\/tienda\/#\/schema\/logo\/image\/\"},\"sameAs\":[\"https:\/\/www.facebook.com\/compuviper\",\"https:\/\/www.youtube.com\/channel\/UCf73dERp9Y3cfOq7q8BhLjA?view_as=subscriber\"]}]}<\/script>\n<meta property=\"product:brand\" content=\"TP LINK\" \/>\n<meta property=\"product:price:amount\" content=\"2854\" \/>\n<meta property=\"product:price:currency\" content=\"MXN\" \/>\n<meta property=\"og:availability\" content=\"backorder\" \/>\n<meta property=\"product:availability\" content=\"available for order\" \/>\n<meta property=\"product:retailer_item_id\" content=\"EAP673\" \/>\n<meta property=\"product:condition\" content=\"new\" \/>\n<!-- \/ Yoast SEO plugin. -->","yoast_head_json":{"title":"[ Tp Link ] &#129351; Eap673 Access Point Tp-link Omada Ax5400 Ceiling Mount Wifi 6","description":"Compra Eap673 Access Point Tp-link Omada Ax5400 Ceiling Mount Wifi 6 + Env\u00edo a domicilio + Pago seguro + Garant\u00eda","robots":{"index":"index","follow":"follow","max-snippet":"max-snippet:-1","max-image-preview":"max-image-preview:large","max-video-preview":"max-video-preview:-1"},"canonical":"https:\/\/compuviper.mx\/tienda\/producto\/tp-link-eap673-access-point-tp-link-omada-ax5400-ceiling-mount-wifi-6\/","og_locale":"es_MX","og_type":"article","og_title":"[ Tp Link ] &#129351; Eap673 Access Point Tp-link Omada Ax5400 Ceiling Mount Wifi 6","og_description":"Compra Eap673 Access Point Tp-link Omada Ax5400 Ceiling Mount Wifi 6 + Env\u00edo a domicilio + Pago seguro + Garant\u00eda","og_url":"https:\/\/compuviper.mx\/tienda\/producto\/tp-link-eap673-access-point-tp-link-omada-ax5400-ceiling-mount-wifi-6\/","og_site_name":"Compuviper","article_publisher":"https:\/\/www.facebook.com\/compuviper","og_image":[{"width":200,"height":200,"url":"https:\/\/compuviper.mx\/tienda\/wp-content\/uploads\/2025\/10\/Access-point-omada-tp-link-eap673-wi-fi-6-ax5400-mu-mimo-4x4-mesh-omada-alta-densidad-de-usuarios-configuracion-por-controlador-o-stand-alone-para-montaje-en-techopared-alimentaci.jpg","type":"image\/jpeg"}],"twitter_card":"summary_large_image","twitter_misc":{"Precio":"&#36;2,854 con IVA","Availability":"On backorder"},"schema":{"@context":"https:\/\/schema.org","@graph":[{"@type":"WebPage","@id":"https:\/\/compuviper.mx\/tienda\/producto\/tp-link-eap673-access-point-tp-link-omada-ax5400-ceiling-mount-wifi-6\/","url":"https:\/\/compuviper.mx\/tienda\/producto\/tp-link-eap673-access-point-tp-link-omada-ax5400-ceiling-mount-wifi-6\/","name":"[ Tp Link ] &#129351; Eap673 Access Point Tp-link Omada Ax5400 Ceiling Mount Wifi 6","isPartOf":{"@id":"https:\/\/compuviper.mx\/tienda\/#website"},"datePublished":"2026-04-18T07:14:34+00:00","dateModified":"2026-04-18T07:14:34+00:00","description":"Compra Eap673 Access Point Tp-link Omada Ax5400 Ceiling Mount Wifi 6 + Env\u00edo a domicilio + Pago seguro + Garant\u00eda","breadcrumb":{"@id":"https:\/\/compuviper.mx\/tienda\/producto\/tp-link-eap673-access-point-tp-link-omada-ax5400-ceiling-mount-wifi-6\/#breadcrumb"},"inLanguage":"es-MX","potentialAction":[{"@type":"ReadAction","target":["https:\/\/compuviper.mx\/tienda\/producto\/tp-link-eap673-access-point-tp-link-omada-ax5400-ceiling-mount-wifi-6\/"]}]},{"@type":"BreadcrumbList","@id":"https:\/\/compuviper.mx\/tienda\/producto\/tp-link-eap673-access-point-tp-link-omada-ax5400-ceiling-mount-wifi-6\/#breadcrumb","itemListElement":[{"@type":"ListItem","position":1,"name":"Inicio","item":"https:\/\/compuviper.mx\/tienda\/"},{"@type":"ListItem","position":2,"name":"Productos","item":"https:\/\/compuviper.mx\/tienda\/productos\/"},{"@type":"ListItem","position":3,"name":"Redes","item":"https:\/\/compuviper.mx\/tienda\/categoria-producto\/redes\/"},{"@type":"ListItem","position":4,"name":"Router","item":"https:\/\/compuviper.mx\/tienda\/categoria-producto\/redes\/router\/"},{"@type":"ListItem","position":5,"name":"Tp Link Eap673 Access Point Tp-link Omada Ax5400 Ceiling Mount Wifi 6"}]},{"@type":"WebSite","@id":"https:\/\/compuviper.mx\/tienda\/#website","url":"https:\/\/compuviper.mx\/tienda\/","name":"Compuviper","description":"Proveedor de Computadoras, Laptops, Servidores, Monitores, Puntos de Venta, Teclados,   Impresoras, T\u00f3ner, C\u00e1maras de Seguridad y m\u00e1s en tu tienda en l\u00ednea","publisher":{"@id":"https:\/\/compuviper.mx\/tienda\/#organization"},"potentialAction":[{"@type":"SearchAction","target":{"@type":"EntryPoint","urlTemplate":"https:\/\/compuviper.mx\/tienda\/?s={search_term_string}"},"query-input":"required name=search_term_string"}],"inLanguage":"es-MX"},{"@type":"Organization","@id":"https:\/\/compuviper.mx\/tienda\/#organization","name":"Compuviper","url":"https:\/\/compuviper.mx\/tienda\/","logo":{"@type":"ImageObject","inLanguage":"es-MX","@id":"https:\/\/compuviper.mx\/tienda\/#\/schema\/logo\/image\/","url":"https:\/\/compuviper.mx\/tienda\/wp-content\/uploads\/2021\/08\/Logo-Compuviper-10.png","contentUrl":"https:\/\/compuviper.mx\/tienda\/wp-content\/uploads\/2021\/08\/Logo-Compuviper-10.png","width":1000,"height":500,"caption":"Compuviper"},"image":{"@id":"https:\/\/compuviper.mx\/tienda\/#\/schema\/logo\/image\/"},"sameAs":["https:\/\/www.facebook.com\/compuviper","https:\/\/www.youtube.com\/channel\/UCf73dERp9Y3cfOq7q8BhLjA?view_as=subscriber"]}]},"product_brand":"TP LINK","product_price_amount":"2854","product_price_currency":"MXN","og_availability":"backorder","product_availability":"available for order","product_retailer_item_id":"EAP673","product_condition":"new"},"_links":{"self":[{"href":"https:\/\/compuviper.mx\/tienda\/wp-json\/wp\/v2\/product\/252345"}],"collection":[{"href":"https:\/\/compuviper.mx\/tienda\/wp-json\/wp\/v2\/product"}],"about":[{"href":"https:\/\/compuviper.mx\/tienda\/wp-json\/wp\/v2\/types\/product"}],"replies":[{"embeddable":true,"href":"https:\/\/compuviper.mx\/tienda\/wp-json\/wp\/v2\/comments?post=252345"}],"wp:featuredmedia":[{"embeddable":true,"href":"https:\/\/compuviper.mx\/tienda\/wp-json\/wp\/v2\/media\/260157"}],"wp:attachment":[{"href":"https:\/\/compuviper.mx\/tienda\/wp-json\/wp\/v2\/media?parent=252345"}],"wp:term":[{"taxonomy":"product_cat","embeddable":true,"href":"https:\/\/compuviper.mx\/tienda\/wp-json\/wp\/v2\/product_cat?post=252345"},{"taxonomy":"product_tag","embeddable":true,"href":"https:\/\/compuviper.mx\/tienda\/wp-json\/wp\/v2\/product_tag?post=252345"}],"curies":[{"name":"wp","href":"https:\/\/api.w.org\/{rel}","templated":true}]}}