{"id":252344,"date":"2026-04-18T01:14:33","date_gmt":"2026-04-18T07:14:33","guid":{"rendered":"https:\/\/compuviper.mx\/tienda\/producto\/tp-link-eap215-bridge-kit-access-point-omada-tp-link-wifi-ac-867mbps-en-5ghz-emparejamiento-automtico-3-puertos-gigabit-poe-pasivo-24-vcc-antenas-direccional-de-11-dbi-mimo-2x2\/"},"modified":"2026-04-18T01:14:33","modified_gmt":"2026-04-18T07:14:33","slug":"tp-link-eap215-bridge-kit-access-point-tp-link-eap215-bridge-kit-omada-5ghz-867mbps-long-range-indoor-outdoor","status":"publish","type":"product","link":"https:\/\/compuviper.mx\/tienda\/producto\/tp-link-eap215-bridge-kit-access-point-tp-link-eap215-bridge-kit-omada-5ghz-867mbps-long-range-indoor-outdoor\/","title":{"rendered":"Tp Link Eap215-bridge Kit Access Point Tp-link Eap215-bridge-kit Omada 5ghz 867mbps Long-range Indoor\/outdoor"},"content":{"rendered":"<table class=\"descripcion\">\n<tr>\n<td>Especificaciones<\/td>\n<\/tr>\n<tr>\n<td>Dimensiones:    224 x 79 x 60 mm.<\/td>\n<\/tr>\n<tr>\n<td>Puertos:   (3) 10\/100\/1000 mbps rj45<\/td>\n<\/tr>\n<tr>\n<td>Boton reset:  si<\/td>\n<\/tr>\n<tr>\n<td>Alimentaci\u00f3n:<\/td>\n<\/tr>\n<tr>\n<td>12 vcc \/ 24 vcc poe pasivo (adaptador incluido)<\/td>\n<\/tr>\n<tr>\n<td>Consumo m\u00e1x: 11.5 w<\/td>\n<\/tr>\n<tr>\n<td>Antenas:<\/td>\n<\/tr>\n<tr>\n<td>Internas direccionales mimo 2&#215;2<\/td>\n<\/tr>\n<tr>\n<td>5 ghz: 7 dbi &#8211; horizontal: 35\u00ba, vertical: 35\u00ba<\/td>\n<\/tr>\n<tr>\n<td>Montaje: poste (montaje incluido)<\/td>\n<\/tr>\n<tr>\n<td>Gesti\u00f3n web:  si<\/td>\n<\/tr>\n<tr>\n<td>Garant\u00eda: 2 a\u00f1os<\/td>\n<\/tr>\n<tr>\n<td>Estandares inal\u00e1mbricos:   ieee 802.11 ac\/n\/b\/g\/a<\/td>\n<\/tr>\n<tr>\n<td>Potencia de transmisi\u00f3n:<\/td>\n<\/tr>\n<tr>\n<td>Ce:   23 dbm 5 ghz<\/td>\n<\/tr>\n<tr>\n<td>Fcc:  22 dbm 5 ghz<\/td>\n<\/tr>\n<tr>\n<td>Temperatura de operaci\u00f3n:  0 &#8211; 40\u00b0 c<\/td>\n<\/tr>\n<tr>\n<td>Certificaciones: ce, fcc, rohs<\/td>\n<\/tr>\n<tr>\n<td>Caracter\u00edsticas<\/td>\n<\/tr>\n<tr>\n<td>Funciones inal\u00e1mbricas:<\/td>\n<\/tr>\n<tr>\n<td>Mesh.<\/td>\n<\/tr>\n<tr>\n<td>Balanceo de cargas.<\/td>\n<\/tr>\n<tr>\n<td>Multiples ssid hasta 8.<\/td>\n<\/tr>\n<tr>\n<td>Beamforming.<\/td>\n<\/tr>\n<tr>\n<td>Airtime fairness.<\/td>\n<\/tr>\n<tr>\n<td>Estad\u00edsticas inal\u00e1mbrcias.<\/td>\n<\/tr>\n<tr>\n<td>Programaci\u00f3n de reinicio.<\/td>\n<\/tr>\n<tr>\n<td>Autenticaci\u00f3n mac.<\/td>\n<\/tr>\n<tr>\n<td>Vlan.<\/td>\n<\/tr>\n<tr>\n<td>Rogue ap detection.<\/td>\n<\/tr>\n<tr>\n<td>Portal cautivo.<\/td>\n<\/tr>\n<tr>\n<td>Wpa\/wpa2.<\/td>\n<\/tr>\n<tr>\n<td>Otros<\/td>\n<\/tr>\n<tr>\n<td>Contenido del paquete:<\/td>\n<\/tr>\n<tr>\n<td>Eap215-bridge kit<\/td>\n<\/tr>\n<tr>\n<td>Inyector poe pasivo 24 vcc<\/td>\n<\/tr>\n<tr>\n<td>Kits de montaje poste<\/td>\n<\/tr>\n<tr>\n<td>Gu\u00eda de instalaci\u00f3n<\/td>\n<\/tr>\n<\/table>\n","protected":false},"excerpt":{"rendered":"<p>Punto de acceso wi-fi exterior bridge omada de 5km de alcance. -velocidad estable. Hasta 867 mbps en 5 ghz(1) con la antena direccional mimo 2\u00d72 de 11dbi. -cobertura de largo alcance. Transmisiones inal\u00e1mbricas de hasta 5 km(2). -emparejamiento autom\u00e1tico. Ahorro de tiempo y costes. -amplia conectividad. 3 puertos gigabit ethernet para m\u00e1s conexiones de alta velocidad. -integrado en la soluci\u00f3n omada. Control centralizado de la red a distancia desde la nube. -protecci\u00f3n ip65. El punto de acceso est\u00e1 sellado frente al agua, polvo y rayos de 6 kv(3) para resistir al aire libre. -alimentaci\u00f3n poe. Facilita su instalaci\u00f3n en cualquier lugar. Adaptador poe incluido.<\/p>\n","protected":false},"featured_media":260156,"comment_status":"open","ping_status":"open","template":"","meta":[],"product_cat":[1754,1563],"product_tag":[1562],"acf":[],"yoast_head":"<!-- This site is optimized with the Yoast SEO plugin v21.7 - https:\/\/yoast.com\/wordpress\/plugins\/seo\/ -->\n<title>[ Tp Link ] &#129351; Eap215-bridge Kit Access Point Tp-link Eap215-bridge-kit Omada 5ghz 867mbps Long-range Indoor\/outdoor<\/title>\n<meta name=\"description\" content=\"Compra Eap215-bridge Kit Access Point Tp-link Eap215-bridge-kit Omada 5ghz 867mbps Long-range Indoor\/outdoor + Env\u00edo a domicilio + Pago seguro + Garant\u00eda\" \/>\n<meta name=\"robots\" content=\"index, follow, max-snippet:-1, max-image-preview:large, max-video-preview:-1\" \/>\n<link rel=\"canonical\" href=\"https:\/\/compuviper.mx\/tienda\/producto\/tp-link-eap215-bridge-kit-access-point-tp-link-eap215-bridge-kit-omada-5ghz-867mbps-long-range-indoor-outdoor\/\" \/>\n<meta property=\"og:locale\" content=\"es_MX\" \/>\n<meta property=\"og:type\" content=\"article\" \/>\n<meta property=\"og:title\" content=\"[ Tp Link ] &#129351; Eap215-bridge Kit Access Point Tp-link Eap215-bridge-kit Omada 5ghz 867mbps Long-range Indoor\/outdoor\" \/>\n<meta property=\"og:description\" content=\"Compra Eap215-bridge Kit Access Point Tp-link Eap215-bridge-kit Omada 5ghz 867mbps Long-range Indoor\/outdoor + Env\u00edo a domicilio + Pago seguro + Garant\u00eda\" \/>\n<meta property=\"og:url\" content=\"https:\/\/compuviper.mx\/tienda\/producto\/tp-link-eap215-bridge-kit-access-point-tp-link-eap215-bridge-kit-omada-5ghz-867mbps-long-range-indoor-outdoor\/\" \/>\n<meta property=\"og:site_name\" content=\"Compuviper\" \/>\n<meta property=\"article:publisher\" content=\"https:\/\/www.facebook.com\/compuviper\" \/>\n<meta property=\"og:image\" content=\"https:\/\/compuviper.mx\/tienda\/wp-content\/uploads\/2025\/10\/Access-point-omada-tp-link-eap215-bridge-kit-wifi-ac-867mbps-en-5ghz-emparejamiento-automatico-3-puertos-gigabit-poe-pasivo-24-vcc-antenas-direccional-de-11-dbi-mimo-2x2-1.jpg\" \/>\n\t<meta property=\"og:image:width\" content=\"200\" \/>\n\t<meta property=\"og:image:height\" content=\"200\" \/>\n\t<meta property=\"og:image:type\" content=\"image\/jpeg\" \/>\n<meta name=\"twitter:card\" content=\"summary_large_image\" \/>\n<meta name=\"twitter:label1\" content=\"Precio\" \/>\n\t<meta name=\"twitter:data1\" content=\"&#36;2,991 con IVA\" \/>\n\t<meta name=\"twitter:label2\" content=\"Availability\" \/>\n\t<meta name=\"twitter:data2\" content=\"On backorder\" \/>\n<script type=\"application\/ld+json\" class=\"yoast-schema-graph\">{\"@context\":\"https:\/\/schema.org\",\"@graph\":[{\"@type\":\"WebPage\",\"@id\":\"https:\/\/compuviper.mx\/tienda\/producto\/tp-link-eap215-bridge-kit-access-point-tp-link-eap215-bridge-kit-omada-5ghz-867mbps-long-range-indoor-outdoor\/\",\"url\":\"https:\/\/compuviper.mx\/tienda\/producto\/tp-link-eap215-bridge-kit-access-point-tp-link-eap215-bridge-kit-omada-5ghz-867mbps-long-range-indoor-outdoor\/\",\"name\":\"[ Tp Link ] &#129351; Eap215-bridge Kit Access Point Tp-link Eap215-bridge-kit Omada 5ghz 867mbps Long-range Indoor\/outdoor\",\"isPartOf\":{\"@id\":\"https:\/\/compuviper.mx\/tienda\/#website\"},\"datePublished\":\"2026-04-18T07:14:33+00:00\",\"dateModified\":\"2026-04-18T07:14:33+00:00\",\"description\":\"Compra Eap215-bridge Kit Access Point Tp-link Eap215-bridge-kit Omada 5ghz 867mbps Long-range Indoor\/outdoor + Env\u00edo a domicilio + Pago seguro + Garant\u00eda\",\"breadcrumb\":{\"@id\":\"https:\/\/compuviper.mx\/tienda\/producto\/tp-link-eap215-bridge-kit-access-point-tp-link-eap215-bridge-kit-omada-5ghz-867mbps-long-range-indoor-outdoor\/#breadcrumb\"},\"inLanguage\":\"es-MX\",\"potentialAction\":[{\"@type\":\"ReadAction\",\"target\":[\"https:\/\/compuviper.mx\/tienda\/producto\/tp-link-eap215-bridge-kit-access-point-tp-link-eap215-bridge-kit-omada-5ghz-867mbps-long-range-indoor-outdoor\/\"]}]},{\"@type\":\"BreadcrumbList\",\"@id\":\"https:\/\/compuviper.mx\/tienda\/producto\/tp-link-eap215-bridge-kit-access-point-tp-link-eap215-bridge-kit-omada-5ghz-867mbps-long-range-indoor-outdoor\/#breadcrumb\",\"itemListElement\":[{\"@type\":\"ListItem\",\"position\":1,\"name\":\"Inicio\",\"item\":\"https:\/\/compuviper.mx\/tienda\/\"},{\"@type\":\"ListItem\",\"position\":2,\"name\":\"Productos\",\"item\":\"https:\/\/compuviper.mx\/tienda\/productos\/\"},{\"@type\":\"ListItem\",\"position\":3,\"name\":\"Redes\",\"item\":\"https:\/\/compuviper.mx\/tienda\/categoria-producto\/redes\/\"},{\"@type\":\"ListItem\",\"position\":4,\"name\":\"Access Point\",\"item\":\"https:\/\/compuviper.mx\/tienda\/categoria-producto\/redes\/access-point\/\"},{\"@type\":\"ListItem\",\"position\":5,\"name\":\"Tp Link Eap215-bridge Kit Access Point Tp-link Eap215-bridge-kit Omada 5ghz 867mbps Long-range Indoor\/outdoor\"}]},{\"@type\":\"WebSite\",\"@id\":\"https:\/\/compuviper.mx\/tienda\/#website\",\"url\":\"https:\/\/compuviper.mx\/tienda\/\",\"name\":\"Compuviper\",\"description\":\"Proveedor de Computadoras, Laptops, Servidores, Monitores, Puntos de Venta, Teclados,   Impresoras, T\u00f3ner, C\u00e1maras de Seguridad y m\u00e1s en tu tienda en l\u00ednea\",\"publisher\":{\"@id\":\"https:\/\/compuviper.mx\/tienda\/#organization\"},\"potentialAction\":[{\"@type\":\"SearchAction\",\"target\":{\"@type\":\"EntryPoint\",\"urlTemplate\":\"https:\/\/compuviper.mx\/tienda\/?s={search_term_string}\"},\"query-input\":\"required name=search_term_string\"}],\"inLanguage\":\"es-MX\"},{\"@type\":\"Organization\",\"@id\":\"https:\/\/compuviper.mx\/tienda\/#organization\",\"name\":\"Compuviper\",\"url\":\"https:\/\/compuviper.mx\/tienda\/\",\"logo\":{\"@type\":\"ImageObject\",\"inLanguage\":\"es-MX\",\"@id\":\"https:\/\/compuviper.mx\/tienda\/#\/schema\/logo\/image\/\",\"url\":\"https:\/\/compuviper.mx\/tienda\/wp-content\/uploads\/2021\/08\/Logo-Compuviper-10.png\",\"contentUrl\":\"https:\/\/compuviper.mx\/tienda\/wp-content\/uploads\/2021\/08\/Logo-Compuviper-10.png\",\"width\":1000,\"height\":500,\"caption\":\"Compuviper\"},\"image\":{\"@id\":\"https:\/\/compuviper.mx\/tienda\/#\/schema\/logo\/image\/\"},\"sameAs\":[\"https:\/\/www.facebook.com\/compuviper\",\"https:\/\/www.youtube.com\/channel\/UCf73dERp9Y3cfOq7q8BhLjA?view_as=subscriber\"]}]}<\/script>\n<meta property=\"product:brand\" content=\"TP LINK\" \/>\n<meta property=\"product:price:amount\" content=\"2991\" \/>\n<meta property=\"product:price:currency\" content=\"MXN\" \/>\n<meta property=\"og:availability\" content=\"backorder\" \/>\n<meta property=\"product:availability\" content=\"available for order\" \/>\n<meta property=\"product:retailer_item_id\" content=\"EAP215-BRIDGE KIT\" \/>\n<meta property=\"product:condition\" content=\"new\" \/>\n<!-- \/ Yoast SEO plugin. -->","yoast_head_json":{"title":"[ Tp Link ] &#129351; Eap215-bridge Kit Access Point Tp-link Eap215-bridge-kit Omada 5ghz 867mbps Long-range Indoor\/outdoor","description":"Compra Eap215-bridge Kit Access Point Tp-link Eap215-bridge-kit Omada 5ghz 867mbps Long-range Indoor\/outdoor + Env\u00edo a domicilio + Pago seguro + Garant\u00eda","robots":{"index":"index","follow":"follow","max-snippet":"max-snippet:-1","max-image-preview":"max-image-preview:large","max-video-preview":"max-video-preview:-1"},"canonical":"https:\/\/compuviper.mx\/tienda\/producto\/tp-link-eap215-bridge-kit-access-point-tp-link-eap215-bridge-kit-omada-5ghz-867mbps-long-range-indoor-outdoor\/","og_locale":"es_MX","og_type":"article","og_title":"[ Tp Link ] &#129351; Eap215-bridge Kit Access Point Tp-link Eap215-bridge-kit Omada 5ghz 867mbps Long-range Indoor\/outdoor","og_description":"Compra Eap215-bridge Kit Access Point Tp-link Eap215-bridge-kit Omada 5ghz 867mbps Long-range Indoor\/outdoor + Env\u00edo a domicilio + Pago seguro + Garant\u00eda","og_url":"https:\/\/compuviper.mx\/tienda\/producto\/tp-link-eap215-bridge-kit-access-point-tp-link-eap215-bridge-kit-omada-5ghz-867mbps-long-range-indoor-outdoor\/","og_site_name":"Compuviper","article_publisher":"https:\/\/www.facebook.com\/compuviper","og_image":[{"width":200,"height":200,"url":"https:\/\/compuviper.mx\/tienda\/wp-content\/uploads\/2025\/10\/Access-point-omada-tp-link-eap215-bridge-kit-wifi-ac-867mbps-en-5ghz-emparejamiento-automatico-3-puertos-gigabit-poe-pasivo-24-vcc-antenas-direccional-de-11-dbi-mimo-2x2-1.jpg","type":"image\/jpeg"}],"twitter_card":"summary_large_image","twitter_misc":{"Precio":"&#36;2,991 con IVA","Availability":"On backorder"},"schema":{"@context":"https:\/\/schema.org","@graph":[{"@type":"WebPage","@id":"https:\/\/compuviper.mx\/tienda\/producto\/tp-link-eap215-bridge-kit-access-point-tp-link-eap215-bridge-kit-omada-5ghz-867mbps-long-range-indoor-outdoor\/","url":"https:\/\/compuviper.mx\/tienda\/producto\/tp-link-eap215-bridge-kit-access-point-tp-link-eap215-bridge-kit-omada-5ghz-867mbps-long-range-indoor-outdoor\/","name":"[ Tp Link ] &#129351; Eap215-bridge Kit Access Point Tp-link Eap215-bridge-kit Omada 5ghz 867mbps Long-range Indoor\/outdoor","isPartOf":{"@id":"https:\/\/compuviper.mx\/tienda\/#website"},"datePublished":"2026-04-18T07:14:33+00:00","dateModified":"2026-04-18T07:14:33+00:00","description":"Compra Eap215-bridge Kit Access Point Tp-link Eap215-bridge-kit Omada 5ghz 867mbps Long-range Indoor\/outdoor + Env\u00edo a domicilio + Pago seguro + Garant\u00eda","breadcrumb":{"@id":"https:\/\/compuviper.mx\/tienda\/producto\/tp-link-eap215-bridge-kit-access-point-tp-link-eap215-bridge-kit-omada-5ghz-867mbps-long-range-indoor-outdoor\/#breadcrumb"},"inLanguage":"es-MX","potentialAction":[{"@type":"ReadAction","target":["https:\/\/compuviper.mx\/tienda\/producto\/tp-link-eap215-bridge-kit-access-point-tp-link-eap215-bridge-kit-omada-5ghz-867mbps-long-range-indoor-outdoor\/"]}]},{"@type":"BreadcrumbList","@id":"https:\/\/compuviper.mx\/tienda\/producto\/tp-link-eap215-bridge-kit-access-point-tp-link-eap215-bridge-kit-omada-5ghz-867mbps-long-range-indoor-outdoor\/#breadcrumb","itemListElement":[{"@type":"ListItem","position":1,"name":"Inicio","item":"https:\/\/compuviper.mx\/tienda\/"},{"@type":"ListItem","position":2,"name":"Productos","item":"https:\/\/compuviper.mx\/tienda\/productos\/"},{"@type":"ListItem","position":3,"name":"Redes","item":"https:\/\/compuviper.mx\/tienda\/categoria-producto\/redes\/"},{"@type":"ListItem","position":4,"name":"Access Point","item":"https:\/\/compuviper.mx\/tienda\/categoria-producto\/redes\/access-point\/"},{"@type":"ListItem","position":5,"name":"Tp Link Eap215-bridge Kit Access Point Tp-link Eap215-bridge-kit Omada 5ghz 867mbps Long-range Indoor\/outdoor"}]},{"@type":"WebSite","@id":"https:\/\/compuviper.mx\/tienda\/#website","url":"https:\/\/compuviper.mx\/tienda\/","name":"Compuviper","description":"Proveedor de Computadoras, Laptops, Servidores, Monitores, Puntos de Venta, Teclados,   Impresoras, T\u00f3ner, C\u00e1maras de Seguridad y m\u00e1s en tu tienda en l\u00ednea","publisher":{"@id":"https:\/\/compuviper.mx\/tienda\/#organization"},"potentialAction":[{"@type":"SearchAction","target":{"@type":"EntryPoint","urlTemplate":"https:\/\/compuviper.mx\/tienda\/?s={search_term_string}"},"query-input":"required name=search_term_string"}],"inLanguage":"es-MX"},{"@type":"Organization","@id":"https:\/\/compuviper.mx\/tienda\/#organization","name":"Compuviper","url":"https:\/\/compuviper.mx\/tienda\/","logo":{"@type":"ImageObject","inLanguage":"es-MX","@id":"https:\/\/compuviper.mx\/tienda\/#\/schema\/logo\/image\/","url":"https:\/\/compuviper.mx\/tienda\/wp-content\/uploads\/2021\/08\/Logo-Compuviper-10.png","contentUrl":"https:\/\/compuviper.mx\/tienda\/wp-content\/uploads\/2021\/08\/Logo-Compuviper-10.png","width":1000,"height":500,"caption":"Compuviper"},"image":{"@id":"https:\/\/compuviper.mx\/tienda\/#\/schema\/logo\/image\/"},"sameAs":["https:\/\/www.facebook.com\/compuviper","https:\/\/www.youtube.com\/channel\/UCf73dERp9Y3cfOq7q8BhLjA?view_as=subscriber"]}]},"product_brand":"TP LINK","product_price_amount":"2991","product_price_currency":"MXN","og_availability":"backorder","product_availability":"available for order","product_retailer_item_id":"EAP215-BRIDGE KIT","product_condition":"new"},"_links":{"self":[{"href":"https:\/\/compuviper.mx\/tienda\/wp-json\/wp\/v2\/product\/252344"}],"collection":[{"href":"https:\/\/compuviper.mx\/tienda\/wp-json\/wp\/v2\/product"}],"about":[{"href":"https:\/\/compuviper.mx\/tienda\/wp-json\/wp\/v2\/types\/product"}],"replies":[{"embeddable":true,"href":"https:\/\/compuviper.mx\/tienda\/wp-json\/wp\/v2\/comments?post=252344"}],"wp:featuredmedia":[{"embeddable":true,"href":"https:\/\/compuviper.mx\/tienda\/wp-json\/wp\/v2\/media\/260156"}],"wp:attachment":[{"href":"https:\/\/compuviper.mx\/tienda\/wp-json\/wp\/v2\/media?parent=252344"}],"wp:term":[{"taxonomy":"product_cat","embeddable":true,"href":"https:\/\/compuviper.mx\/tienda\/wp-json\/wp\/v2\/product_cat?post=252344"},{"taxonomy":"product_tag","embeddable":true,"href":"https:\/\/compuviper.mx\/tienda\/wp-json\/wp\/v2\/product_tag?post=252344"}],"curies":[{"name":"wp","href":"https:\/\/api.w.org\/{rel}","templated":true}]}}