{"id":252342,"date":"2026-04-18T01:14:32","date_gmt":"2026-04-18T07:14:32","guid":{"rendered":"https:\/\/compuviper.mx\/tienda\/producto\/tp-link-deco-be652-pack-router-inalmbrico-mesh-interior-para-hogar-tp-link-triple-banda-wi-fi-7-be9300-mbps-2-puerto-2-5-gigabit-wan-lan-4-antenas-internas-operacin-multi-link-mlo\/"},"modified":"2026-04-18T01:14:32","modified_gmt":"2026-04-18T07:14:32","slug":"tp-link-deco-be652-pack-router-inalmbrico-mesh-interior-para-hogar-tp-link-triple-banda-wi-fi-7-be9300-mbps-2-puerto-2-5-gigabit-wan-lan-4-antenas-internas-operacin-multi-link-mlo","status":"publish","type":"product","link":"https:\/\/compuviper.mx\/tienda\/producto\/tp-link-deco-be652-pack-router-inalmbrico-mesh-interior-para-hogar-tp-link-triple-banda-wi-fi-7-be9300-mbps-2-puerto-2-5-gigabit-wan-lan-4-antenas-internas-operacin-multi-link-mlo\/","title":{"rendered":"Tp Link Deco Be65(2-pack) Router Inal?mbrico Mesh Interior Para Hogar | Tp-link |  | Triple Banda Wi-fi 7 Be9300 Mbps | 2 Puerto 2.5 Gigabit Wan\/lan | 4 Antenas Internas | Operaci?n Multi-link Mlo"},"content":{"rendered":"<table class=\"descripcion\">\n<tr>\n<td>Especificaciones.<\/td>\n<\/tr>\n<tr>\n<td>Dimensiones: 107.5 x 107.5 x 176 mm.<\/td>\n<\/tr>\n<tr>\n<td>Puertos: (4) puerto 2.5g detecci\u00f3n autom\u00e1tica wan\/lan<\/td>\n<\/tr>\n<tr>\n<td>Modos de operaci\u00f3n:    router \/ punto de acceso<\/td>\n<\/tr>\n<tr>\n<td>Gesti\u00f3n: mediante aplicaci\u00f3n (ios \/ android)<\/td>\n<\/tr>\n<tr>\n<td>Consuma m\u00e1x:   26 w<\/td>\n<\/tr>\n<tr>\n<td>Alimentaci\u00f3n: 12 vcc \/ 1.5a<\/td>\n<\/tr>\n<tr>\n<td>Atenas:   4 antenas internas<\/td>\n<\/tr>\n<tr>\n<td>Wifi: 6e<\/td>\n<\/tr>\n<tr>\n<td>Bot\u00f3n reset: s\u00ed<\/td>\n<\/tr>\n<tr>\n<td>Caracter\u00edsticas.<\/td>\n<\/tr>\n<tr>\n<td>Seguridad inal\u00e1mbrica:    wpa\/wpa2\/wpa3<\/td>\n<\/tr>\n<tr>\n<td>Reenv\u00edo nat:<\/td>\n<\/tr>\n<tr>\n<td>Reenv\u00edo de puertos<\/td>\n<\/tr>\n<tr>\n<td>Upnp<\/td>\n<\/tr>\n<tr>\n<td>Tipos de conexi\u00f3n wan:<\/td>\n<\/tr>\n<tr>\n<td>Ip est\u00e1tica\/ din\u00e1mica<\/td>\n<\/tr>\n<tr>\n<td>Pppoe<\/td>\n<\/tr>\n<tr>\n<td>Pptp<\/td>\n<\/tr>\n<tr>\n<td>L2tp<\/td>\n<\/tr>\n<tr>\n<td>B\u00e1nda ancho m\u00f3vil<\/td>\n<\/tr>\n<tr>\n<td>Ipv6\/ipv4:    conexi\u00f3n wan<\/td>\n<\/tr>\n<tr>\n<td>Iptv: proxy igmp<\/td>\n<\/tr>\n<tr>\n<td>Temperatura de operaci\u00f3n: 0 a 40\u00b0 c<\/td>\n<\/tr>\n<tr>\n<td>Certificaciones:   ce, fcc, rohs<\/td>\n<\/tr>\n<tr>\n<td>Wifi:<\/td>\n<\/tr>\n<tr>\n<td>Tecnolog\u00eda mesh tp-link (solo compatible con decos)<\/td>\n<\/tr>\n<tr>\n<td>Mu-mimo 2&#215;2: se comunica simult\u00e1neamente con m\u00faltiples clientes<\/td>\n<\/tr>\n<tr>\n<td>Ofdma: se comunica simult\u00e1neamente con multiples clientes wifi 6<\/td>\n<\/tr>\n<tr>\n<td>6 streams: ancho de banda para los dipositivos.<\/td>\n<\/tr>\n<tr>\n<td>Seguridad homeshield:<\/td>\n<\/tr>\n<tr>\n<td>Seguridad de la red<\/td>\n<\/tr>\n<tr>\n<td>Calidad de servicio<\/td>\n<\/tr>\n<tr>\n<td>Controles parentales<\/td>\n<\/tr>\n<tr>\n<td>Informes completos<\/td>\n<\/tr>\n<tr>\n<td>Control parental:<\/td>\n<\/tr>\n<tr>\n<td>Perfiles de usuario por edad<\/td>\n<\/tr>\n<tr>\n<td>Bloqueo de aplicaciones<\/td>\n<\/tr>\n<tr>\n<td>Filtrado web<\/td>\n<\/tr>\n<tr>\n<td>Busqueda segura.<\/td>\n<\/tr>\n<tr>\n<td>Potencia de transmisi\u00f3n wifi:<\/td>\n<\/tr>\n<tr>\n<td>Ce:  20 dbm (2,4 ghz) \/  23 dbm (5 ghz) \/  23 dbm (6 ghz)<\/td>\n<\/tr>\n<tr>\n<td>Fcc: 30 dbm (2,4 ghz) \/  30 dbm (5 ghz) \/  30 dbm (6 ghz)<\/td>\n<\/tr>\n<tr>\n<td>Otros<\/td>\n<\/tr>\n<tr>\n<td>Contenido del paquete:<\/td>\n<\/tr>\n<tr>\n<td>2 deco be65 pro<\/td>\n<\/tr>\n<tr>\n<td>1 cable ethernet rj45<\/td>\n<\/tr>\n<tr>\n<td>2 fuentes de poder<\/td>\n<\/tr>\n<tr>\n<td>1 gu\u00eda de instalaci\u00f3n r\u00e1pida<\/td>\n<\/tr>\n<\/table>\n","protected":false},"excerpt":{"rendered":"<p>Sistema wifi 7 en malla para toda la casa be9300. -wi-fi tribanda de 9214 mbps  :5760mbps (6 ghz) + 2880 mbps (5 ghz) +574 mbps (2,4 ghz). -conexiones cableadas de 2,5 gbps: 4 puertos de 2,5 gbps garantizan m\u00e1xima flexibilidad y un mayor rendimiento. -backhaul combinado inal\u00e1mbrico y cableado  :  conecta un backhaul inal\u00e1mbrico y cableado con cada unidad simult\u00e1neamente para mejorar el rendimiento general y reducir la latencia. -operaci\u00f3n de m\u00faltiples enlaces (mlo)  :  env\u00ede y reciba datos simult\u00e1neamente a trav\u00e9s de diferentes bandas y canales para aumentar el rendimiento, reducir la latencia y mejorar la confiabilidad. -canales de 320 mhz  :  duplica el ancho de banda y permite muchas m\u00e1s transmisiones simult\u00e1neas a las velocidades m\u00e1s r\u00e1pidas posibles. -funciona en la banda de 6 ghz: minimiza la congesti\u00f3n con espectro greenfield, lo que proporciona conexiones robustas de alta velocidad. -tp-link homeshield: ofrece protecci\u00f3n integral de la red, controles parentales robustos y seguridad iot en tiempo real. -compatibilidad universal: compatible con todas las generaciones de wifi y funciona con cualquier proveedor de servicios de internet (isp) y m\u00f3dem.<\/p>\n","protected":false},"featured_media":260154,"comment_status":"open","ping_status":"open","template":"","meta":[],"product_cat":[1563,1753],"product_tag":[1562],"acf":[],"yoast_head":"<!-- This site is optimized with the Yoast SEO plugin v21.7 - https:\/\/yoast.com\/wordpress\/plugins\/seo\/ -->\n<title>[ Tp Link ] &#129351; Deco Be65(2-pack) Router Inal\u00e1mbrico Mesh Interior Para Hogar | Tp-link | | Triple Banda Wi-fi 7 Be9300 Mbps | 2 Puerto 2.5 Gigabit Wan\/lan | 4 Antenas Internas | Operaci\u00f3n Multi-link Mlo<\/title>\n<meta name=\"description\" content=\"Compra Deco Be65(2-pack) Router Inal\u00e1mbrico Mesh Interior Para Hogar | Tp-link | | Triple Banda Wi-fi 7 Be9300 Mbps | 2 Puerto 2.5 Gigabit Wan\/lan | 4 Antenas Internas | Operaci\u00f3n Multi-link Mlo + Env\u00edo a domicilio + Pago seguro + Garant\u00eda\" \/>\n<meta name=\"robots\" content=\"index, follow, max-snippet:-1, max-image-preview:large, max-video-preview:-1\" \/>\n<link rel=\"canonical\" href=\"https:\/\/compuviper.mx\/tienda\/producto\/tp-link-deco-be652-pack-router-inalmbrico-mesh-interior-para-hogar-tp-link-triple-banda-wi-fi-7-be9300-mbps-2-puerto-2-5-gigabit-wan-lan-4-antenas-internas-operacin-multi-link-mlo\/\" \/>\n<meta property=\"og:locale\" content=\"es_MX\" \/>\n<meta property=\"og:type\" content=\"article\" \/>\n<meta property=\"og:title\" content=\"[ Tp Link ] &#129351; Deco Be65(2-pack) Router Inal\u00e1mbrico Mesh Interior Para Hogar | Tp-link | | Triple Banda Wi-fi 7 Be9300 Mbps | 2 Puerto 2.5 Gigabit Wan\/lan | 4 Antenas Internas | Operaci\u00f3n Multi-link Mlo\" \/>\n<meta property=\"og:description\" content=\"Compra Deco Be65(2-pack) Router Inal\u00e1mbrico Mesh Interior Para Hogar | Tp-link | | Triple Banda Wi-fi 7 Be9300 Mbps | 2 Puerto 2.5 Gigabit Wan\/lan | 4 Antenas Internas | Operaci\u00f3n Multi-link Mlo + Env\u00edo a domicilio + Pago seguro + Garant\u00eda\" \/>\n<meta property=\"og:url\" content=\"https:\/\/compuviper.mx\/tienda\/producto\/tp-link-deco-be652-pack-router-inalmbrico-mesh-interior-para-hogar-tp-link-triple-banda-wi-fi-7-be9300-mbps-2-puerto-2-5-gigabit-wan-lan-4-antenas-internas-operacin-multi-link-mlo\/\" \/>\n<meta property=\"og:site_name\" content=\"Compuviper\" \/>\n<meta property=\"article:publisher\" content=\"https:\/\/www.facebook.com\/compuviper\" \/>\n<meta property=\"og:image\" content=\"https:\/\/compuviper.mx\/tienda\/wp-content\/uploads\/2025\/10\/Router-inalambrico-mesh-interior-para-hogar-tp-link-deco-be652-pack-triple-banda-wi-fi-7-be9300-mbps-2-puerto-2.5-gigabit-wanlan-4-antenas-internas-operacion-multi-link-mlo.jpg\" \/>\n\t<meta property=\"og:image:width\" content=\"200\" \/>\n\t<meta property=\"og:image:height\" content=\"200\" \/>\n\t<meta property=\"og:image:type\" content=\"image\/jpeg\" \/>\n<meta name=\"twitter:card\" content=\"summary_large_image\" \/>\n<meta name=\"twitter:label1\" content=\"Precio\" \/>\n\t<meta name=\"twitter:data1\" content=\"&#36;7,022 con IVA\" \/>\n\t<meta name=\"twitter:label2\" content=\"Availability\" \/>\n\t<meta name=\"twitter:data2\" content=\"On backorder\" \/>\n<script type=\"application\/ld+json\" class=\"yoast-schema-graph\">{\"@context\":\"https:\/\/schema.org\",\"@graph\":[{\"@type\":\"WebPage\",\"@id\":\"https:\/\/compuviper.mx\/tienda\/producto\/tp-link-deco-be652-pack-router-inalmbrico-mesh-interior-para-hogar-tp-link-triple-banda-wi-fi-7-be9300-mbps-2-puerto-2-5-gigabit-wan-lan-4-antenas-internas-operacin-multi-link-mlo\/\",\"url\":\"https:\/\/compuviper.mx\/tienda\/producto\/tp-link-deco-be652-pack-router-inalmbrico-mesh-interior-para-hogar-tp-link-triple-banda-wi-fi-7-be9300-mbps-2-puerto-2-5-gigabit-wan-lan-4-antenas-internas-operacin-multi-link-mlo\/\",\"name\":\"[ Tp Link ] &#129351; Deco Be65(2-pack) Router Inal\u00e1mbrico Mesh Interior Para Hogar | Tp-link | | Triple Banda Wi-fi 7 Be9300 Mbps | 2 Puerto 2.5 Gigabit Wan\/lan | 4 Antenas Internas | Operaci\u00f3n Multi-link Mlo\",\"isPartOf\":{\"@id\":\"https:\/\/compuviper.mx\/tienda\/#website\"},\"datePublished\":\"2026-04-18T07:14:32+00:00\",\"dateModified\":\"2026-04-18T07:14:32+00:00\",\"description\":\"Compra Deco Be65(2-pack) Router Inal\u00e1mbrico Mesh Interior Para Hogar | Tp-link | | Triple Banda Wi-fi 7 Be9300 Mbps | 2 Puerto 2.5 Gigabit Wan\/lan | 4 Antenas Internas | Operaci\u00f3n Multi-link Mlo + Env\u00edo a domicilio + Pago seguro + Garant\u00eda\",\"breadcrumb\":{\"@id\":\"https:\/\/compuviper.mx\/tienda\/producto\/tp-link-deco-be652-pack-router-inalmbrico-mesh-interior-para-hogar-tp-link-triple-banda-wi-fi-7-be9300-mbps-2-puerto-2-5-gigabit-wan-lan-4-antenas-internas-operacin-multi-link-mlo\/#breadcrumb\"},\"inLanguage\":\"es-MX\",\"potentialAction\":[{\"@type\":\"ReadAction\",\"target\":[\"https:\/\/compuviper.mx\/tienda\/producto\/tp-link-deco-be652-pack-router-inalmbrico-mesh-interior-para-hogar-tp-link-triple-banda-wi-fi-7-be9300-mbps-2-puerto-2-5-gigabit-wan-lan-4-antenas-internas-operacin-multi-link-mlo\/\"]}]},{\"@type\":\"BreadcrumbList\",\"@id\":\"https:\/\/compuviper.mx\/tienda\/producto\/tp-link-deco-be652-pack-router-inalmbrico-mesh-interior-para-hogar-tp-link-triple-banda-wi-fi-7-be9300-mbps-2-puerto-2-5-gigabit-wan-lan-4-antenas-internas-operacin-multi-link-mlo\/#breadcrumb\",\"itemListElement\":[{\"@type\":\"ListItem\",\"position\":1,\"name\":\"Inicio\",\"item\":\"https:\/\/compuviper.mx\/tienda\/\"},{\"@type\":\"ListItem\",\"position\":2,\"name\":\"Productos\",\"item\":\"https:\/\/compuviper.mx\/tienda\/productos\/\"},{\"@type\":\"ListItem\",\"position\":3,\"name\":\"Redes\",\"item\":\"https:\/\/compuviper.mx\/tienda\/categoria-producto\/redes\/\"},{\"@type\":\"ListItem\",\"position\":4,\"name\":\"Router\",\"item\":\"https:\/\/compuviper.mx\/tienda\/categoria-producto\/redes\/router\/\"},{\"@type\":\"ListItem\",\"position\":5,\"name\":\"Tp Link Deco Be65(2-pack) Router Inal?mbrico Mesh Interior Para Hogar | Tp-link | | Triple Banda Wi-fi 7 Be9300 Mbps | 2 Puerto 2.5 Gigabit Wan\/lan | 4 Antenas Internas | Operaci?n Multi-link Mlo\"}]},{\"@type\":\"WebSite\",\"@id\":\"https:\/\/compuviper.mx\/tienda\/#website\",\"url\":\"https:\/\/compuviper.mx\/tienda\/\",\"name\":\"Compuviper\",\"description\":\"Proveedor de Computadoras, Laptops, Servidores, Monitores, Puntos de Venta, Teclados,   Impresoras, T\u00f3ner, C\u00e1maras de Seguridad y m\u00e1s en tu tienda en l\u00ednea\",\"publisher\":{\"@id\":\"https:\/\/compuviper.mx\/tienda\/#organization\"},\"potentialAction\":[{\"@type\":\"SearchAction\",\"target\":{\"@type\":\"EntryPoint\",\"urlTemplate\":\"https:\/\/compuviper.mx\/tienda\/?s={search_term_string}\"},\"query-input\":\"required name=search_term_string\"}],\"inLanguage\":\"es-MX\"},{\"@type\":\"Organization\",\"@id\":\"https:\/\/compuviper.mx\/tienda\/#organization\",\"name\":\"Compuviper\",\"url\":\"https:\/\/compuviper.mx\/tienda\/\",\"logo\":{\"@type\":\"ImageObject\",\"inLanguage\":\"es-MX\",\"@id\":\"https:\/\/compuviper.mx\/tienda\/#\/schema\/logo\/image\/\",\"url\":\"https:\/\/compuviper.mx\/tienda\/wp-content\/uploads\/2021\/08\/Logo-Compuviper-10.png\",\"contentUrl\":\"https:\/\/compuviper.mx\/tienda\/wp-content\/uploads\/2021\/08\/Logo-Compuviper-10.png\",\"width\":1000,\"height\":500,\"caption\":\"Compuviper\"},\"image\":{\"@id\":\"https:\/\/compuviper.mx\/tienda\/#\/schema\/logo\/image\/\"},\"sameAs\":[\"https:\/\/www.facebook.com\/compuviper\",\"https:\/\/www.youtube.com\/channel\/UCf73dERp9Y3cfOq7q8BhLjA?view_as=subscriber\"]}]}<\/script>\n<meta property=\"product:brand\" content=\"TP LINK\" \/>\n<meta property=\"product:price:amount\" content=\"7022\" \/>\n<meta property=\"product:price:currency\" content=\"MXN\" \/>\n<meta property=\"og:availability\" content=\"backorder\" \/>\n<meta property=\"product:availability\" content=\"available for order\" \/>\n<meta property=\"product:retailer_item_id\" content=\"DECO BE65(2-PACK)\" \/>\n<meta property=\"product:condition\" content=\"new\" \/>\n<!-- \/ Yoast SEO plugin. -->","yoast_head_json":{"title":"[ Tp Link ] &#129351; Deco Be65(2-pack) Router Inal\u00e1mbrico Mesh Interior Para Hogar | Tp-link | | Triple Banda Wi-fi 7 Be9300 Mbps | 2 Puerto 2.5 Gigabit Wan\/lan | 4 Antenas Internas | Operaci\u00f3n Multi-link Mlo","description":"Compra Deco Be65(2-pack) Router Inal\u00e1mbrico Mesh Interior Para Hogar | Tp-link | | Triple Banda Wi-fi 7 Be9300 Mbps | 2 Puerto 2.5 Gigabit Wan\/lan | 4 Antenas Internas | Operaci\u00f3n Multi-link Mlo + Env\u00edo a domicilio + Pago seguro + Garant\u00eda","robots":{"index":"index","follow":"follow","max-snippet":"max-snippet:-1","max-image-preview":"max-image-preview:large","max-video-preview":"max-video-preview:-1"},"canonical":"https:\/\/compuviper.mx\/tienda\/producto\/tp-link-deco-be652-pack-router-inalmbrico-mesh-interior-para-hogar-tp-link-triple-banda-wi-fi-7-be9300-mbps-2-puerto-2-5-gigabit-wan-lan-4-antenas-internas-operacin-multi-link-mlo\/","og_locale":"es_MX","og_type":"article","og_title":"[ Tp Link ] &#129351; Deco Be65(2-pack) Router Inal\u00e1mbrico Mesh Interior Para Hogar | Tp-link | | Triple Banda Wi-fi 7 Be9300 Mbps | 2 Puerto 2.5 Gigabit Wan\/lan | 4 Antenas Internas | Operaci\u00f3n Multi-link Mlo","og_description":"Compra Deco Be65(2-pack) Router Inal\u00e1mbrico Mesh Interior Para Hogar | Tp-link | | Triple Banda Wi-fi 7 Be9300 Mbps | 2 Puerto 2.5 Gigabit Wan\/lan | 4 Antenas Internas | Operaci\u00f3n Multi-link Mlo + Env\u00edo a domicilio + Pago seguro + Garant\u00eda","og_url":"https:\/\/compuviper.mx\/tienda\/producto\/tp-link-deco-be652-pack-router-inalmbrico-mesh-interior-para-hogar-tp-link-triple-banda-wi-fi-7-be9300-mbps-2-puerto-2-5-gigabit-wan-lan-4-antenas-internas-operacin-multi-link-mlo\/","og_site_name":"Compuviper","article_publisher":"https:\/\/www.facebook.com\/compuviper","og_image":[{"width":200,"height":200,"url":"https:\/\/compuviper.mx\/tienda\/wp-content\/uploads\/2025\/10\/Router-inalambrico-mesh-interior-para-hogar-tp-link-deco-be652-pack-triple-banda-wi-fi-7-be9300-mbps-2-puerto-2.5-gigabit-wanlan-4-antenas-internas-operacion-multi-link-mlo.jpg","type":"image\/jpeg"}],"twitter_card":"summary_large_image","twitter_misc":{"Precio":"&#36;7,022 con IVA","Availability":"On backorder"},"schema":{"@context":"https:\/\/schema.org","@graph":[{"@type":"WebPage","@id":"https:\/\/compuviper.mx\/tienda\/producto\/tp-link-deco-be652-pack-router-inalmbrico-mesh-interior-para-hogar-tp-link-triple-banda-wi-fi-7-be9300-mbps-2-puerto-2-5-gigabit-wan-lan-4-antenas-internas-operacin-multi-link-mlo\/","url":"https:\/\/compuviper.mx\/tienda\/producto\/tp-link-deco-be652-pack-router-inalmbrico-mesh-interior-para-hogar-tp-link-triple-banda-wi-fi-7-be9300-mbps-2-puerto-2-5-gigabit-wan-lan-4-antenas-internas-operacin-multi-link-mlo\/","name":"[ Tp Link ] &#129351; Deco Be65(2-pack) Router Inal\u00e1mbrico Mesh Interior Para Hogar | Tp-link | | Triple Banda Wi-fi 7 Be9300 Mbps | 2 Puerto 2.5 Gigabit Wan\/lan | 4 Antenas Internas | Operaci\u00f3n Multi-link Mlo","isPartOf":{"@id":"https:\/\/compuviper.mx\/tienda\/#website"},"datePublished":"2026-04-18T07:14:32+00:00","dateModified":"2026-04-18T07:14:32+00:00","description":"Compra Deco Be65(2-pack) Router Inal\u00e1mbrico Mesh Interior Para Hogar | Tp-link | | Triple Banda Wi-fi 7 Be9300 Mbps | 2 Puerto 2.5 Gigabit Wan\/lan | 4 Antenas Internas | Operaci\u00f3n Multi-link Mlo + Env\u00edo a domicilio + Pago seguro + Garant\u00eda","breadcrumb":{"@id":"https:\/\/compuviper.mx\/tienda\/producto\/tp-link-deco-be652-pack-router-inalmbrico-mesh-interior-para-hogar-tp-link-triple-banda-wi-fi-7-be9300-mbps-2-puerto-2-5-gigabit-wan-lan-4-antenas-internas-operacin-multi-link-mlo\/#breadcrumb"},"inLanguage":"es-MX","potentialAction":[{"@type":"ReadAction","target":["https:\/\/compuviper.mx\/tienda\/producto\/tp-link-deco-be652-pack-router-inalmbrico-mesh-interior-para-hogar-tp-link-triple-banda-wi-fi-7-be9300-mbps-2-puerto-2-5-gigabit-wan-lan-4-antenas-internas-operacin-multi-link-mlo\/"]}]},{"@type":"BreadcrumbList","@id":"https:\/\/compuviper.mx\/tienda\/producto\/tp-link-deco-be652-pack-router-inalmbrico-mesh-interior-para-hogar-tp-link-triple-banda-wi-fi-7-be9300-mbps-2-puerto-2-5-gigabit-wan-lan-4-antenas-internas-operacin-multi-link-mlo\/#breadcrumb","itemListElement":[{"@type":"ListItem","position":1,"name":"Inicio","item":"https:\/\/compuviper.mx\/tienda\/"},{"@type":"ListItem","position":2,"name":"Productos","item":"https:\/\/compuviper.mx\/tienda\/productos\/"},{"@type":"ListItem","position":3,"name":"Redes","item":"https:\/\/compuviper.mx\/tienda\/categoria-producto\/redes\/"},{"@type":"ListItem","position":4,"name":"Router","item":"https:\/\/compuviper.mx\/tienda\/categoria-producto\/redes\/router\/"},{"@type":"ListItem","position":5,"name":"Tp Link Deco Be65(2-pack) Router Inal?mbrico Mesh Interior Para Hogar | Tp-link | | Triple Banda Wi-fi 7 Be9300 Mbps | 2 Puerto 2.5 Gigabit Wan\/lan | 4 Antenas Internas | Operaci?n Multi-link Mlo"}]},{"@type":"WebSite","@id":"https:\/\/compuviper.mx\/tienda\/#website","url":"https:\/\/compuviper.mx\/tienda\/","name":"Compuviper","description":"Proveedor de Computadoras, Laptops, Servidores, Monitores, Puntos de Venta, Teclados,   Impresoras, T\u00f3ner, C\u00e1maras de Seguridad y m\u00e1s en tu tienda en l\u00ednea","publisher":{"@id":"https:\/\/compuviper.mx\/tienda\/#organization"},"potentialAction":[{"@type":"SearchAction","target":{"@type":"EntryPoint","urlTemplate":"https:\/\/compuviper.mx\/tienda\/?s={search_term_string}"},"query-input":"required name=search_term_string"}],"inLanguage":"es-MX"},{"@type":"Organization","@id":"https:\/\/compuviper.mx\/tienda\/#organization","name":"Compuviper","url":"https:\/\/compuviper.mx\/tienda\/","logo":{"@type":"ImageObject","inLanguage":"es-MX","@id":"https:\/\/compuviper.mx\/tienda\/#\/schema\/logo\/image\/","url":"https:\/\/compuviper.mx\/tienda\/wp-content\/uploads\/2021\/08\/Logo-Compuviper-10.png","contentUrl":"https:\/\/compuviper.mx\/tienda\/wp-content\/uploads\/2021\/08\/Logo-Compuviper-10.png","width":1000,"height":500,"caption":"Compuviper"},"image":{"@id":"https:\/\/compuviper.mx\/tienda\/#\/schema\/logo\/image\/"},"sameAs":["https:\/\/www.facebook.com\/compuviper","https:\/\/www.youtube.com\/channel\/UCf73dERp9Y3cfOq7q8BhLjA?view_as=subscriber"]}]},"product_brand":"TP LINK","product_price_amount":"7022","product_price_currency":"MXN","og_availability":"backorder","product_availability":"available for order","product_retailer_item_id":"DECO BE65(2-PACK)","product_condition":"new"},"_links":{"self":[{"href":"https:\/\/compuviper.mx\/tienda\/wp-json\/wp\/v2\/product\/252342"}],"collection":[{"href":"https:\/\/compuviper.mx\/tienda\/wp-json\/wp\/v2\/product"}],"about":[{"href":"https:\/\/compuviper.mx\/tienda\/wp-json\/wp\/v2\/types\/product"}],"replies":[{"embeddable":true,"href":"https:\/\/compuviper.mx\/tienda\/wp-json\/wp\/v2\/comments?post=252342"}],"wp:featuredmedia":[{"embeddable":true,"href":"https:\/\/compuviper.mx\/tienda\/wp-json\/wp\/v2\/media\/260154"}],"wp:attachment":[{"href":"https:\/\/compuviper.mx\/tienda\/wp-json\/wp\/v2\/media?parent=252342"}],"wp:term":[{"taxonomy":"product_cat","embeddable":true,"href":"https:\/\/compuviper.mx\/tienda\/wp-json\/wp\/v2\/product_cat?post=252342"},{"taxonomy":"product_tag","embeddable":true,"href":"https:\/\/compuviper.mx\/tienda\/wp-json\/wp\/v2\/product_tag?post=252342"}],"curies":[{"name":"wp","href":"https:\/\/api.w.org\/{rel}","templated":true}]}}