{"id":252337,"date":"2026-04-18T01:14:29","date_gmt":"2026-04-18T07:14:29","guid":{"rendered":"https:\/\/compuviper.mx\/tienda\/producto\/tp-link-xn021-g3-router-xpon-inalmbrico-n-300-con-catv-tp-link-1-puerto-gpon-sc-apc-1-puertos-lan-ge-y-1-puerto-lan-fe-1-puerto-catv-soporta-aginet-config-aginet-acs\/"},"modified":"2026-04-18T01:14:30","modified_gmt":"2026-04-18T07:14:30","slug":"tp-link-xn021-g3-router-xpon-inalmbrico-n-300-con-catv-tp-link-1-puerto-gpon-sc-apc-1-puertos-lan-ge-y-1-puerto-lan-fe-1-puerto-catv-soporta-aginet-config-aginet-acs","status":"publish","type":"product","link":"https:\/\/compuviper.mx\/tienda\/producto\/tp-link-xn021-g3-router-xpon-inalmbrico-n-300-con-catv-tp-link-1-puerto-gpon-sc-apc-1-puertos-lan-ge-y-1-puerto-lan-fe-1-puerto-catv-soporta-aginet-config-aginet-acs\/","title":{"rendered":"Tp Link Xn021-g3 Router Xpon Inal?mbrico N 300 Con Catv  | Tp-link |  | 1 Puerto Gpon Sc\/apc | 1 Puertos Lan Ge Y 1 Puerto Lan Fe | 1 Puerto Catv | Soporta Aginet Config- Aginet Acs"},"content":{"rendered":"<table class=\"descripcion\">\n<tr>\n<td>Caracter\u00edsticas de hardware<\/td>\n<\/tr>\n<tr>\n<td>Interface: 1\u00d7 10\/100\/1000 mbps rj45 lan port<\/td>\n<\/tr>\n<tr>\n<td>1\u00d7 10\/100 mbps rj45 lan port<\/td>\n<\/tr>\n<tr>\n<td>1\u00d7 catv port<\/td>\n<\/tr>\n<tr>\n<td>1\u00d7 pon port<\/td>\n<\/tr>\n<tr>\n<td>Bot\u00f3n: reset button<\/td>\n<\/tr>\n<tr>\n<td>Fuente de alimentaci\u00f3n externa: 9v\/0.6a<\/td>\n<\/tr>\n<tr>\n<td>Velocidad de datos: downstream speeds: 2.488 gbps (gpon), 1.25 gbps (epon)<\/td>\n<\/tr>\n<tr>\n<td>Upstream speeds: 1.244 gbps (gpon), 1.25 gbps (epon)\u00a7<\/td>\n<\/tr>\n<tr>\n<td>Antena: 2\u00d7 external antennas<\/td>\n<\/tr>\n<tr>\n<td>Caracter\u00edsticas inal\u00e1mbricas<\/td>\n<\/tr>\n<tr>\n<td>Est\u00e1ndares inal\u00e1mbricos: ieee 802.11b\/g\/n 2.4 ghz<\/td>\n<\/tr>\n<tr>\n<td>Frecuencia:   2.4 ghz<\/td>\n<\/tr>\n<tr>\n<td>Tasa de se\u00f1al:  up to 300 mbps<\/td>\n<\/tr>\n<tr>\n<td>Funciones inal\u00e1mbricas:  enable\/disable wireless radio, wmm, wireless statistics<\/td>\n<\/tr>\n<tr>\n<td>Seguridad inal\u00e1mbrica: wpa\/wpa2\/wpa3 encryptions<\/td>\n<\/tr>\n<tr>\n<td>Potencia de transmisi\u00f3n:<\/td>\n<\/tr>\n<tr>\n<td>Ce:<\/td>\n<\/tr>\n<tr>\n<td>  20 dbm<\/td>\n<\/tr>\n<tr>\n<td>Calendarizar inal\u00e1mbricamente: support 2.4 ghz wireless schedule<\/td>\n<\/tr>\n<tr>\n<td>Caracter\u00edsticas de software<\/td>\n<\/tr>\n<tr>\n<td>Calidad de servicio: wmm<\/td>\n<\/tr>\n<tr>\n<td>Caracter\u00edsticas avanzadas: parental controls, network address translation(nat), port mapping(grouping), static routing, dns relay, ddns,<\/td>\n<\/tr>\n<tr>\n<td>Iptv support, igmp v2\/3 and igmp snooping\/proxy<\/td>\n<\/tr>\n<tr>\n<td>Seguridad: spi firewall, ddos, access control, ip-mac binding<\/td>\n<\/tr>\n<tr>\n<td>Administraci\u00f3n: local management: webgui management<\/td>\n<\/tr>\n<tr>\n<td>Remote management: omci, tr-069, tr-098, tr-143<\/td>\n<\/tr>\n<tr>\n<td>Dhcp: server, client, dhcp client list, address reservation, dhcp relay<\/td>\n<\/tr>\n<tr>\n<td>Port forwarding: virtual server, port triggering, dmz, alg, upnp<\/td>\n<\/tr>\n<tr>\n<td>Dynamic dns: dyndns, no-ip<\/td>\n<\/tr>\n<tr>\n<td>Protocolos:   ipv4, ipv6<\/td>\n<\/tr>\n<tr>\n<td>Otros<\/td>\n<\/tr>\n<tr>\n<td>Contenidos del paquete:  1\u00d7 xpon router xn021-g3<\/td>\n<\/tr>\n<tr>\n<td>1\u00d7 rj45 ethernet cable<\/td>\n<\/tr>\n<tr>\n<td>1\u00d7 power adapter<\/td>\n<\/tr>\n<tr>\n<td>1\u00d7 quick installation guide<\/td>\n<\/tr>\n<tr>\n<td>Requisitos del sistema:    microsoft windows 98se\/nt\/2000\/xp\/vista\u0099\/7\/8\/8.1\/10, mac os, netware, unix or linux<\/td>\n<\/tr>\n<tr>\n<td>Internet explorer 11, firefox 12.0, chrome 20.0, safari 4.0, or other java-enabled browser<\/td>\n<\/tr>\n<tr>\n<td>Subscription with an internet service provider (for internet access)<\/td>\n<\/tr>\n<tr>\n<td>Ambiente: operating temperature: 0 and #8451;\u009640 and #8451; (32 and #8457;\u0096104 and #8457;)<\/td>\n<\/tr>\n<tr>\n<td>Storage temperature: -40 and #8451;\u009660 and #8451; (-40 and #8457;\u0096140 and #8457;)<\/td>\n<\/tr>\n<tr>\n<td>Operating humidity: 10%\u009690% non-condensing<\/td>\n<\/tr>\n<tr>\n<td>Storage humidity: 5%\u009690% non-condensing<\/td>\n<\/tr>\n<\/table>\n","protected":false},"excerpt":{"rendered":"<p>-potente wi-fi: velocidades de hasta 300 mbps en 2,4 ghz para conexiones inal\u00e1mbricas r\u00e1pidas.. -acceso gpon de alta velocidad: ofrece velocidades m\u00e1ximas de datos de hasta 2,488 gbps de bajada y 1,244 gbps de subida**. -modos duales xpon: admite los modos duales gpon y epon para un acceso flexible a internet por fibra. -catv fluida: el puerto catv ofrece una conexi\u00f3n catv conveniente. -seguridad mejorada: m\u00faltiples ssid, controles parentales y wpa3 se combinan para garantizar experiencias en l\u00ednea personalizadas y m\u00e1s seguras. -conectividad por cable flexible: un puerto lan ethernet gigabit y el puerto lan ethernet r\u00e1pido garantizan un acceso flexible a internet por cable. Administraci\u00f3n remota: se admiten los protocolos omci (interfaz de control y administraci\u00f3n ont), tr-069 (tr-098), tr-143.<\/p>\n","protected":false},"featured_media":260149,"comment_status":"open","ping_status":"open","template":"","meta":[],"product_cat":[1563,1753],"product_tag":[1562],"acf":[],"yoast_head":"<!-- This site is optimized with the Yoast SEO plugin v21.7 - https:\/\/yoast.com\/wordpress\/plugins\/seo\/ -->\n<title>[ Tp Link ] &#129351; Xn021-g3 Router Xpon Inal\u00e1mbrico N 300 Con Catv | Tp-link | | 1 Puerto Gpon Sc\/apc | 1 Puertos Lan Ge Y 1 Puerto Lan Fe | 1 Puerto Catv | Soporta Aginet Config- Aginet Acs<\/title>\n<meta name=\"description\" content=\"Compra Xn021-g3 Router Xpon Inal\u00e1mbrico N 300 Con Catv | Tp-link | | 1 Puerto Gpon Sc\/apc | 1 Puertos Lan Ge Y 1 Puerto Lan Fe | 1 Puerto Catv | Soporta Aginet Config- Aginet Acs + Env\u00edo a domicilio + Pago seguro + Garant\u00eda\" \/>\n<meta name=\"robots\" content=\"index, follow, max-snippet:-1, max-image-preview:large, max-video-preview:-1\" \/>\n<link rel=\"canonical\" href=\"https:\/\/compuviper.mx\/tienda\/producto\/tp-link-xn021-g3-router-xpon-inalmbrico-n-300-con-catv-tp-link-1-puerto-gpon-sc-apc-1-puertos-lan-ge-y-1-puerto-lan-fe-1-puerto-catv-soporta-aginet-config-aginet-acs\/\" \/>\n<meta property=\"og:locale\" content=\"es_MX\" \/>\n<meta property=\"og:type\" content=\"article\" \/>\n<meta property=\"og:title\" content=\"[ Tp Link ] &#129351; Xn021-g3 Router Xpon Inal\u00e1mbrico N 300 Con Catv | Tp-link | | 1 Puerto Gpon Sc\/apc | 1 Puertos Lan Ge Y 1 Puerto Lan Fe | 1 Puerto Catv | Soporta Aginet Config- Aginet Acs\" \/>\n<meta property=\"og:description\" content=\"Compra Xn021-g3 Router Xpon Inal\u00e1mbrico N 300 Con Catv | Tp-link | | 1 Puerto Gpon Sc\/apc | 1 Puertos Lan Ge Y 1 Puerto Lan Fe | 1 Puerto Catv | Soporta Aginet Config- Aginet Acs + Env\u00edo a domicilio + Pago seguro + Garant\u00eda\" \/>\n<meta property=\"og:url\" content=\"https:\/\/compuviper.mx\/tienda\/producto\/tp-link-xn021-g3-router-xpon-inalmbrico-n-300-con-catv-tp-link-1-puerto-gpon-sc-apc-1-puertos-lan-ge-y-1-puerto-lan-fe-1-puerto-catv-soporta-aginet-config-aginet-acs\/\" \/>\n<meta property=\"og:site_name\" content=\"Compuviper\" \/>\n<meta property=\"article:publisher\" content=\"https:\/\/www.facebook.com\/compuviper\" \/>\n<meta property=\"article:modified_time\" content=\"2026-04-18T07:14:30+00:00\" \/>\n<meta property=\"og:image\" content=\"https:\/\/compuviper.mx\/tienda\/wp-content\/uploads\/2025\/10\/Router-xpon-inalambrico-n-300-con-catv-tp-link-xn021-g3-1-puerto-gpon-scapc-1-puertos-lan-ge-y-1-puerto-lan-fe-1-puerto-catv-soporta-aginet-config-aginet-acs.jpg\" \/>\n\t<meta property=\"og:image:width\" content=\"200\" \/>\n\t<meta property=\"og:image:height\" content=\"200\" \/>\n\t<meta property=\"og:image:type\" content=\"image\/jpeg\" \/>\n<meta name=\"twitter:card\" content=\"summary_large_image\" \/>\n<meta name=\"twitter:label1\" content=\"Precio\" \/>\n\t<meta name=\"twitter:data1\" content=\"&#36;545 con IVA\" \/>\n\t<meta name=\"twitter:label2\" content=\"Availability\" \/>\n\t<meta name=\"twitter:data2\" content=\"On backorder\" \/>\n<script type=\"application\/ld+json\" class=\"yoast-schema-graph\">{\"@context\":\"https:\/\/schema.org\",\"@graph\":[{\"@type\":\"WebPage\",\"@id\":\"https:\/\/compuviper.mx\/tienda\/producto\/tp-link-xn021-g3-router-xpon-inalmbrico-n-300-con-catv-tp-link-1-puerto-gpon-sc-apc-1-puertos-lan-ge-y-1-puerto-lan-fe-1-puerto-catv-soporta-aginet-config-aginet-acs\/\",\"url\":\"https:\/\/compuviper.mx\/tienda\/producto\/tp-link-xn021-g3-router-xpon-inalmbrico-n-300-con-catv-tp-link-1-puerto-gpon-sc-apc-1-puertos-lan-ge-y-1-puerto-lan-fe-1-puerto-catv-soporta-aginet-config-aginet-acs\/\",\"name\":\"[ Tp Link ] &#129351; Xn021-g3 Router Xpon Inal\u00e1mbrico N 300 Con Catv | Tp-link | | 1 Puerto Gpon Sc\/apc | 1 Puertos Lan Ge Y 1 Puerto Lan Fe | 1 Puerto Catv | Soporta Aginet Config- Aginet Acs\",\"isPartOf\":{\"@id\":\"https:\/\/compuviper.mx\/tienda\/#website\"},\"datePublished\":\"2026-04-18T07:14:29+00:00\",\"dateModified\":\"2026-04-18T07:14:30+00:00\",\"description\":\"Compra Xn021-g3 Router Xpon Inal\u00e1mbrico N 300 Con Catv | Tp-link | | 1 Puerto Gpon Sc\/apc | 1 Puertos Lan Ge Y 1 Puerto Lan Fe | 1 Puerto Catv | Soporta Aginet Config- Aginet Acs + Env\u00edo a domicilio + Pago seguro + Garant\u00eda\",\"breadcrumb\":{\"@id\":\"https:\/\/compuviper.mx\/tienda\/producto\/tp-link-xn021-g3-router-xpon-inalmbrico-n-300-con-catv-tp-link-1-puerto-gpon-sc-apc-1-puertos-lan-ge-y-1-puerto-lan-fe-1-puerto-catv-soporta-aginet-config-aginet-acs\/#breadcrumb\"},\"inLanguage\":\"es-MX\",\"potentialAction\":[{\"@type\":\"ReadAction\",\"target\":[\"https:\/\/compuviper.mx\/tienda\/producto\/tp-link-xn021-g3-router-xpon-inalmbrico-n-300-con-catv-tp-link-1-puerto-gpon-sc-apc-1-puertos-lan-ge-y-1-puerto-lan-fe-1-puerto-catv-soporta-aginet-config-aginet-acs\/\"]}]},{\"@type\":\"BreadcrumbList\",\"@id\":\"https:\/\/compuviper.mx\/tienda\/producto\/tp-link-xn021-g3-router-xpon-inalmbrico-n-300-con-catv-tp-link-1-puerto-gpon-sc-apc-1-puertos-lan-ge-y-1-puerto-lan-fe-1-puerto-catv-soporta-aginet-config-aginet-acs\/#breadcrumb\",\"itemListElement\":[{\"@type\":\"ListItem\",\"position\":1,\"name\":\"Inicio\",\"item\":\"https:\/\/compuviper.mx\/tienda\/\"},{\"@type\":\"ListItem\",\"position\":2,\"name\":\"Productos\",\"item\":\"https:\/\/compuviper.mx\/tienda\/productos\/\"},{\"@type\":\"ListItem\",\"position\":3,\"name\":\"Redes\",\"item\":\"https:\/\/compuviper.mx\/tienda\/categoria-producto\/redes\/\"},{\"@type\":\"ListItem\",\"position\":4,\"name\":\"Router\",\"item\":\"https:\/\/compuviper.mx\/tienda\/categoria-producto\/redes\/router\/\"},{\"@type\":\"ListItem\",\"position\":5,\"name\":\"Tp Link Xn021-g3 Router Xpon Inal?mbrico N 300 Con Catv | Tp-link | | 1 Puerto Gpon Sc\/apc | 1 Puertos Lan Ge Y 1 Puerto Lan Fe | 1 Puerto Catv | Soporta Aginet Config- Aginet Acs\"}]},{\"@type\":\"WebSite\",\"@id\":\"https:\/\/compuviper.mx\/tienda\/#website\",\"url\":\"https:\/\/compuviper.mx\/tienda\/\",\"name\":\"Compuviper\",\"description\":\"Proveedor de Computadoras, Laptops, Servidores, Monitores, Puntos de Venta, Teclados,   Impresoras, T\u00f3ner, C\u00e1maras de Seguridad y m\u00e1s en tu tienda en l\u00ednea\",\"publisher\":{\"@id\":\"https:\/\/compuviper.mx\/tienda\/#organization\"},\"potentialAction\":[{\"@type\":\"SearchAction\",\"target\":{\"@type\":\"EntryPoint\",\"urlTemplate\":\"https:\/\/compuviper.mx\/tienda\/?s={search_term_string}\"},\"query-input\":\"required name=search_term_string\"}],\"inLanguage\":\"es-MX\"},{\"@type\":\"Organization\",\"@id\":\"https:\/\/compuviper.mx\/tienda\/#organization\",\"name\":\"Compuviper\",\"url\":\"https:\/\/compuviper.mx\/tienda\/\",\"logo\":{\"@type\":\"ImageObject\",\"inLanguage\":\"es-MX\",\"@id\":\"https:\/\/compuviper.mx\/tienda\/#\/schema\/logo\/image\/\",\"url\":\"https:\/\/compuviper.mx\/tienda\/wp-content\/uploads\/2021\/08\/Logo-Compuviper-10.png\",\"contentUrl\":\"https:\/\/compuviper.mx\/tienda\/wp-content\/uploads\/2021\/08\/Logo-Compuviper-10.png\",\"width\":1000,\"height\":500,\"caption\":\"Compuviper\"},\"image\":{\"@id\":\"https:\/\/compuviper.mx\/tienda\/#\/schema\/logo\/image\/\"},\"sameAs\":[\"https:\/\/www.facebook.com\/compuviper\",\"https:\/\/www.youtube.com\/channel\/UCf73dERp9Y3cfOq7q8BhLjA?view_as=subscriber\"]}]}<\/script>\n<meta property=\"product:brand\" content=\"TP LINK\" \/>\n<meta property=\"product:price:amount\" content=\"545\" \/>\n<meta property=\"product:price:currency\" content=\"MXN\" \/>\n<meta property=\"og:availability\" content=\"backorder\" \/>\n<meta property=\"product:availability\" content=\"available for order\" \/>\n<meta property=\"product:retailer_item_id\" content=\"XN021-G3\" \/>\n<meta property=\"product:condition\" content=\"new\" \/>\n<!-- \/ Yoast SEO plugin. -->","yoast_head_json":{"title":"[ Tp Link ] &#129351; Xn021-g3 Router Xpon Inal\u00e1mbrico N 300 Con Catv | Tp-link | | 1 Puerto Gpon Sc\/apc | 1 Puertos Lan Ge Y 1 Puerto Lan Fe | 1 Puerto Catv | Soporta Aginet Config- Aginet Acs","description":"Compra Xn021-g3 Router Xpon Inal\u00e1mbrico N 300 Con Catv | Tp-link | | 1 Puerto Gpon Sc\/apc | 1 Puertos Lan Ge Y 1 Puerto Lan Fe | 1 Puerto Catv | Soporta Aginet Config- Aginet Acs + Env\u00edo a domicilio + Pago seguro + Garant\u00eda","robots":{"index":"index","follow":"follow","max-snippet":"max-snippet:-1","max-image-preview":"max-image-preview:large","max-video-preview":"max-video-preview:-1"},"canonical":"https:\/\/compuviper.mx\/tienda\/producto\/tp-link-xn021-g3-router-xpon-inalmbrico-n-300-con-catv-tp-link-1-puerto-gpon-sc-apc-1-puertos-lan-ge-y-1-puerto-lan-fe-1-puerto-catv-soporta-aginet-config-aginet-acs\/","og_locale":"es_MX","og_type":"article","og_title":"[ Tp Link ] &#129351; Xn021-g3 Router Xpon Inal\u00e1mbrico N 300 Con Catv | Tp-link | | 1 Puerto Gpon Sc\/apc | 1 Puertos Lan Ge Y 1 Puerto Lan Fe | 1 Puerto Catv | Soporta Aginet Config- Aginet Acs","og_description":"Compra Xn021-g3 Router Xpon Inal\u00e1mbrico N 300 Con Catv | Tp-link | | 1 Puerto Gpon Sc\/apc | 1 Puertos Lan Ge Y 1 Puerto Lan Fe | 1 Puerto Catv | Soporta Aginet Config- Aginet Acs + Env\u00edo a domicilio + Pago seguro + Garant\u00eda","og_url":"https:\/\/compuviper.mx\/tienda\/producto\/tp-link-xn021-g3-router-xpon-inalmbrico-n-300-con-catv-tp-link-1-puerto-gpon-sc-apc-1-puertos-lan-ge-y-1-puerto-lan-fe-1-puerto-catv-soporta-aginet-config-aginet-acs\/","og_site_name":"Compuviper","article_publisher":"https:\/\/www.facebook.com\/compuviper","article_modified_time":"2026-04-18T07:14:30+00:00","og_image":[{"width":200,"height":200,"url":"https:\/\/compuviper.mx\/tienda\/wp-content\/uploads\/2025\/10\/Router-xpon-inalambrico-n-300-con-catv-tp-link-xn021-g3-1-puerto-gpon-scapc-1-puertos-lan-ge-y-1-puerto-lan-fe-1-puerto-catv-soporta-aginet-config-aginet-acs.jpg","type":"image\/jpeg"}],"twitter_card":"summary_large_image","twitter_misc":{"Precio":"&#36;545 con IVA","Availability":"On backorder"},"schema":{"@context":"https:\/\/schema.org","@graph":[{"@type":"WebPage","@id":"https:\/\/compuviper.mx\/tienda\/producto\/tp-link-xn021-g3-router-xpon-inalmbrico-n-300-con-catv-tp-link-1-puerto-gpon-sc-apc-1-puertos-lan-ge-y-1-puerto-lan-fe-1-puerto-catv-soporta-aginet-config-aginet-acs\/","url":"https:\/\/compuviper.mx\/tienda\/producto\/tp-link-xn021-g3-router-xpon-inalmbrico-n-300-con-catv-tp-link-1-puerto-gpon-sc-apc-1-puertos-lan-ge-y-1-puerto-lan-fe-1-puerto-catv-soporta-aginet-config-aginet-acs\/","name":"[ Tp Link ] &#129351; Xn021-g3 Router Xpon Inal\u00e1mbrico N 300 Con Catv | Tp-link | | 1 Puerto Gpon Sc\/apc | 1 Puertos Lan Ge Y 1 Puerto Lan Fe | 1 Puerto Catv | Soporta Aginet Config- Aginet Acs","isPartOf":{"@id":"https:\/\/compuviper.mx\/tienda\/#website"},"datePublished":"2026-04-18T07:14:29+00:00","dateModified":"2026-04-18T07:14:30+00:00","description":"Compra Xn021-g3 Router Xpon Inal\u00e1mbrico N 300 Con Catv | Tp-link | | 1 Puerto Gpon Sc\/apc | 1 Puertos Lan Ge Y 1 Puerto Lan Fe | 1 Puerto Catv | Soporta Aginet Config- Aginet Acs + Env\u00edo a domicilio + Pago seguro + Garant\u00eda","breadcrumb":{"@id":"https:\/\/compuviper.mx\/tienda\/producto\/tp-link-xn021-g3-router-xpon-inalmbrico-n-300-con-catv-tp-link-1-puerto-gpon-sc-apc-1-puertos-lan-ge-y-1-puerto-lan-fe-1-puerto-catv-soporta-aginet-config-aginet-acs\/#breadcrumb"},"inLanguage":"es-MX","potentialAction":[{"@type":"ReadAction","target":["https:\/\/compuviper.mx\/tienda\/producto\/tp-link-xn021-g3-router-xpon-inalmbrico-n-300-con-catv-tp-link-1-puerto-gpon-sc-apc-1-puertos-lan-ge-y-1-puerto-lan-fe-1-puerto-catv-soporta-aginet-config-aginet-acs\/"]}]},{"@type":"BreadcrumbList","@id":"https:\/\/compuviper.mx\/tienda\/producto\/tp-link-xn021-g3-router-xpon-inalmbrico-n-300-con-catv-tp-link-1-puerto-gpon-sc-apc-1-puertos-lan-ge-y-1-puerto-lan-fe-1-puerto-catv-soporta-aginet-config-aginet-acs\/#breadcrumb","itemListElement":[{"@type":"ListItem","position":1,"name":"Inicio","item":"https:\/\/compuviper.mx\/tienda\/"},{"@type":"ListItem","position":2,"name":"Productos","item":"https:\/\/compuviper.mx\/tienda\/productos\/"},{"@type":"ListItem","position":3,"name":"Redes","item":"https:\/\/compuviper.mx\/tienda\/categoria-producto\/redes\/"},{"@type":"ListItem","position":4,"name":"Router","item":"https:\/\/compuviper.mx\/tienda\/categoria-producto\/redes\/router\/"},{"@type":"ListItem","position":5,"name":"Tp Link Xn021-g3 Router Xpon Inal?mbrico N 300 Con Catv | Tp-link | | 1 Puerto Gpon Sc\/apc | 1 Puertos Lan Ge Y 1 Puerto Lan Fe | 1 Puerto Catv | Soporta Aginet Config- Aginet Acs"}]},{"@type":"WebSite","@id":"https:\/\/compuviper.mx\/tienda\/#website","url":"https:\/\/compuviper.mx\/tienda\/","name":"Compuviper","description":"Proveedor de Computadoras, Laptops, Servidores, Monitores, Puntos de Venta, Teclados,   Impresoras, T\u00f3ner, C\u00e1maras de Seguridad y m\u00e1s en tu tienda en l\u00ednea","publisher":{"@id":"https:\/\/compuviper.mx\/tienda\/#organization"},"potentialAction":[{"@type":"SearchAction","target":{"@type":"EntryPoint","urlTemplate":"https:\/\/compuviper.mx\/tienda\/?s={search_term_string}"},"query-input":"required name=search_term_string"}],"inLanguage":"es-MX"},{"@type":"Organization","@id":"https:\/\/compuviper.mx\/tienda\/#organization","name":"Compuviper","url":"https:\/\/compuviper.mx\/tienda\/","logo":{"@type":"ImageObject","inLanguage":"es-MX","@id":"https:\/\/compuviper.mx\/tienda\/#\/schema\/logo\/image\/","url":"https:\/\/compuviper.mx\/tienda\/wp-content\/uploads\/2021\/08\/Logo-Compuviper-10.png","contentUrl":"https:\/\/compuviper.mx\/tienda\/wp-content\/uploads\/2021\/08\/Logo-Compuviper-10.png","width":1000,"height":500,"caption":"Compuviper"},"image":{"@id":"https:\/\/compuviper.mx\/tienda\/#\/schema\/logo\/image\/"},"sameAs":["https:\/\/www.facebook.com\/compuviper","https:\/\/www.youtube.com\/channel\/UCf73dERp9Y3cfOq7q8BhLjA?view_as=subscriber"]}]},"product_brand":"TP LINK","product_price_amount":"545","product_price_currency":"MXN","og_availability":"backorder","product_availability":"available for order","product_retailer_item_id":"XN021-G3","product_condition":"new"},"_links":{"self":[{"href":"https:\/\/compuviper.mx\/tienda\/wp-json\/wp\/v2\/product\/252337"}],"collection":[{"href":"https:\/\/compuviper.mx\/tienda\/wp-json\/wp\/v2\/product"}],"about":[{"href":"https:\/\/compuviper.mx\/tienda\/wp-json\/wp\/v2\/types\/product"}],"replies":[{"embeddable":true,"href":"https:\/\/compuviper.mx\/tienda\/wp-json\/wp\/v2\/comments?post=252337"}],"wp:featuredmedia":[{"embeddable":true,"href":"https:\/\/compuviper.mx\/tienda\/wp-json\/wp\/v2\/media\/260149"}],"wp:attachment":[{"href":"https:\/\/compuviper.mx\/tienda\/wp-json\/wp\/v2\/media?parent=252337"}],"wp:term":[{"taxonomy":"product_cat","embeddable":true,"href":"https:\/\/compuviper.mx\/tienda\/wp-json\/wp\/v2\/product_cat?post=252337"},{"taxonomy":"product_tag","embeddable":true,"href":"https:\/\/compuviper.mx\/tienda\/wp-json\/wp\/v2\/product_tag?post=252337"}],"curies":[{"name":"wp","href":"https:\/\/api.w.org\/{rel}","templated":true}]}}