{"id":252332,"date":"2026-04-18T01:14:27","date_gmt":"2026-04-18T07:14:27","guid":{"rendered":"https:\/\/compuviper.mx\/tienda\/producto\/tp-link-xz000-g3-unidad-de-red-ptica-gpon-tp-link-1-puerto-rj45-10-100-1000-mbps-1-puerto-gpon-sfp-conector-sc-apc-equipo-bridge\/"},"modified":"2026-04-18T01:14:27","modified_gmt":"2026-04-18T07:14:27","slug":"tp-link-xz000-g3-unidad-de-red-ptica-gpon-tp-link-1-puerto-rj45-10-100-1000-mbps-1-puerto-gpon-sfp-conector-sc-apc-equipo-bridge","status":"publish","type":"product","link":"https:\/\/compuviper.mx\/tienda\/producto\/tp-link-xz000-g3-unidad-de-red-ptica-gpon-tp-link-1-puerto-rj45-10-100-1000-mbps-1-puerto-gpon-sfp-conector-sc-apc-equipo-bridge\/","title":{"rendered":"Tp Link Xz000-g3 Unidad De Red ?ptica Gpon | Tp-link | 1 Puerto Rj45 10\/100\/1000 Mbps | 1 Puerto Gpon Sfp Conector Sc\/apc | Equipo Bridge"},"content":{"rendered":"<table class=\"descripcion\">\n<tr>\n<td>Caracter\u00edsticas de hardware<\/td>\n<\/tr>\n<tr>\n<td>Interfaz: 1 puerto rj45 de 10\/100\/1000 mbps, 1 puerto sc\/apc<\/td>\n<\/tr>\n<tr>\n<td>Bot\u00f3n: 1 bot\u00f3n reset<\/td>\n<\/tr>\n<tr>\n<td>Fuente de alimentaci\u00f3n externa: 9 vcc\/0,6 a<\/td>\n<\/tr>\n<tr>\n<td>Est\u00e1ndares ieee: ieee 802.3, 802.3u, 802.1p, 802.1q<\/td>\n<\/tr>\n<tr>\n<td>Velocidad de datos: subida: 1,244 gbps, bajada: 2,488 gbps<\/td>\n<\/tr>\n<tr>\n<td>Longitud de onda: corriente ascendente: 1310 nm, corriente descendente: 1490 nm<\/td>\n<\/tr>\n<tr>\n<td>Dimensiones (w x d x h):  3,7 x 3,0 x 1,2 pulgadas (95,0 x 75,0 x 29,3 mm)<\/td>\n<\/tr>\n<tr>\n<td>Distancia: 0 ~ 20 km m\u00e1ximo<\/td>\n<\/tr>\n<tr>\n<td>Est\u00e1ndares gpon: uit-t g.988, g.984.1, g.984.2, g.984.3, g.984.4<\/td>\n<\/tr>\n<tr>\n<td>M\u00f3dulo \u00f3ptico:  clase b+<\/td>\n<\/tr>\n<tr>\n<td>Receptor: s\u00faper-tia<\/td>\n<\/tr>\n<tr>\n<td>Transmisor: l\u00e1ser dfb<\/td>\n<\/tr>\n<tr>\n<td>Caracter\u00edsticas de software<\/td>\n<\/tr>\n<tr>\n<td>Caracter\u00edsticas avanzadas: fec ascendente y descendente, compatibilidad con asignaci\u00f3n din\u00e1mica de ancho de banda (dba) nsr\/sr, hasta 16 t-cont y 256 puertos gem, detecci\u00f3n de potencia \u00f3ptica, mecanismo de silencio terminal.<\/td>\n<\/tr>\n<tr>\n<td>Vlan: etiqueta vlan 802.1q, modo transparente vlan\/modo de traducci\u00f3n vlan\/modo troncal vlan, autenticaci\u00f3n basada en sn y contrase\u00f1a, detecci\u00f3n autom\u00e1tica de vlan<\/td>\n<\/tr>\n<tr>\n<td>Seguridad:   cifrado aes, filtro de paquetes basado en vlan<\/td>\n<\/tr>\n<tr>\n<td>Administraci\u00f3n:  administrado por web, omci y telnet, ip de administraci\u00f3n especificada, restablecimiento a valores predeterminados de f\u00e1brica mediante el bot\u00f3n restablecer o la interfaz web, estad\u00edsticas en tiempo real, diagn\u00f3stico \u00f3ptico<\/td>\n<\/tr>\n<tr>\n<td>Igmp: igmp versi\u00f3n 1\/v2\/v3<\/td>\n<\/tr>\n<tr>\n<td>Otros<\/td>\n<\/tr>\n<tr>\n<td>Contenidos del paquete: xz000-g3, cable ethernet rj-45, gu\u00eda de instalaci\u00f3n r\u00e1pida, adaptador de corriente<\/td>\n<\/tr>\n<tr>\n<td>Requisitos del sistema:  microsoft\u00ae windows 8\/7\/vista\/xp, mac\u00ae os, netware\u00ae, unix\u00ae o linux<\/td>\n<\/tr>\n<tr>\n<td>Certificaciones: ce, fcc, rohs<\/td>\n<\/tr>\n<tr>\n<td>Ambiente: temperatura de funcionamiento: 0 \u00b0c ~ 40 \u00b0c (32 \u00b0f ~ 104 \u00b0f); temperatura de almacenamiento: -40 \u00b0c ~ 70 \u00b0c (-40 \u00b0f ~ 158 \u00b0f); humedad de funcionamiento: 10 % ~ 90 % sin condensaci\u00f3n; humedad de almacenamiento: 5 % ~ 90 % sin condensaci\u00f3n<\/td>\n<\/tr>\n<\/table>\n","protected":false},"excerpt":{"rendered":"<p>Terminal gpon gigabit de 1 puerto. -calidad de servicio: control de calidad de servicio para la priorizaci\u00f3n de transacciones y gesti\u00f3n del ancho de banda. -durabilidad: m\u00e9todo inteligente de ahorro de energ\u00eda. -administraci\u00f3n remota sencilla: el protocolo tr-069 permite que un operador configure y administre de forma remota los dispositivos del usuario final. -puerto gigabit completo: el acceso a fibra y el puerto gigabit proporcionan velocidades de transferencia incre\u00edblemente r\u00e1pidas<\/p>\n","protected":false},"featured_media":260144,"comment_status":"open","ping_status":"open","template":"","meta":[],"product_cat":[1563,1874],"product_tag":[1562],"acf":[],"yoast_head":"<!-- This site is optimized with the Yoast SEO plugin v21.7 - https:\/\/yoast.com\/wordpress\/plugins\/seo\/ -->\n<title>[ Tp Link ] &#129351; Xz000-g3 Unidad De Red \u00f3ptica Gpon | Tp-link | 1 Puerto Rj45 10\/100\/1000 Mbps | 1 Puerto Gpon Sfp Conector Sc\/apc | Equipo Bridge<\/title>\n<meta name=\"description\" content=\"Compra Xz000-g3 Unidad De Red \u00f3ptica Gpon | Tp-link | 1 Puerto Rj45 10\/100\/1000 Mbps | 1 Puerto Gpon Sfp Conector Sc\/apc | Equipo Bridge + Env\u00edo a domicilio + Pago seguro + Garant\u00eda\" \/>\n<meta name=\"robots\" content=\"index, follow, max-snippet:-1, max-image-preview:large, max-video-preview:-1\" \/>\n<link rel=\"canonical\" href=\"https:\/\/compuviper.mx\/tienda\/producto\/tp-link-xz000-g3-unidad-de-red-ptica-gpon-tp-link-1-puerto-rj45-10-100-1000-mbps-1-puerto-gpon-sfp-conector-sc-apc-equipo-bridge\/\" \/>\n<meta property=\"og:locale\" content=\"es_MX\" \/>\n<meta property=\"og:type\" content=\"article\" \/>\n<meta property=\"og:title\" content=\"[ Tp Link ] &#129351; Xz000-g3 Unidad De Red \u00f3ptica Gpon | Tp-link | 1 Puerto Rj45 10\/100\/1000 Mbps | 1 Puerto Gpon Sfp Conector Sc\/apc | Equipo Bridge\" \/>\n<meta property=\"og:description\" content=\"Compra Xz000-g3 Unidad De Red \u00f3ptica Gpon | Tp-link | 1 Puerto Rj45 10\/100\/1000 Mbps | 1 Puerto Gpon Sfp Conector Sc\/apc | Equipo Bridge + Env\u00edo a domicilio + Pago seguro + Garant\u00eda\" \/>\n<meta property=\"og:url\" content=\"https:\/\/compuviper.mx\/tienda\/producto\/tp-link-xz000-g3-unidad-de-red-ptica-gpon-tp-link-1-puerto-rj45-10-100-1000-mbps-1-puerto-gpon-sfp-conector-sc-apc-equipo-bridge\/\" \/>\n<meta property=\"og:site_name\" content=\"Compuviper\" \/>\n<meta property=\"article:publisher\" content=\"https:\/\/www.facebook.com\/compuviper\" \/>\n<meta property=\"og:image\" content=\"https:\/\/compuviper.mx\/tienda\/wp-content\/uploads\/2025\/10\/Unidad-de-red-optica-gpon-tp-link-1-puerto-rj45-101001000-mbps-1-puerto-gpon-sfp-conector-scapc-equipo-bridge.jpg\" \/>\n\t<meta property=\"og:image:width\" content=\"200\" \/>\n\t<meta property=\"og:image:height\" content=\"200\" \/>\n\t<meta property=\"og:image:type\" content=\"image\/jpeg\" \/>\n<meta name=\"twitter:card\" content=\"summary_large_image\" \/>\n<meta name=\"twitter:label1\" content=\"Precio\" \/>\n\t<meta name=\"twitter:data1\" content=\"&#36;236 con IVA\" \/>\n\t<meta name=\"twitter:label2\" content=\"Availability\" \/>\n\t<meta name=\"twitter:data2\" content=\"On backorder\" \/>\n<script type=\"application\/ld+json\" class=\"yoast-schema-graph\">{\"@context\":\"https:\/\/schema.org\",\"@graph\":[{\"@type\":\"WebPage\",\"@id\":\"https:\/\/compuviper.mx\/tienda\/producto\/tp-link-xz000-g3-unidad-de-red-ptica-gpon-tp-link-1-puerto-rj45-10-100-1000-mbps-1-puerto-gpon-sfp-conector-sc-apc-equipo-bridge\/\",\"url\":\"https:\/\/compuviper.mx\/tienda\/producto\/tp-link-xz000-g3-unidad-de-red-ptica-gpon-tp-link-1-puerto-rj45-10-100-1000-mbps-1-puerto-gpon-sfp-conector-sc-apc-equipo-bridge\/\",\"name\":\"[ Tp Link ] &#129351; Xz000-g3 Unidad De Red \u00f3ptica Gpon | Tp-link | 1 Puerto Rj45 10\/100\/1000 Mbps | 1 Puerto Gpon Sfp Conector Sc\/apc | Equipo Bridge\",\"isPartOf\":{\"@id\":\"https:\/\/compuviper.mx\/tienda\/#website\"},\"datePublished\":\"2026-04-18T07:14:27+00:00\",\"dateModified\":\"2026-04-18T07:14:27+00:00\",\"description\":\"Compra Xz000-g3 Unidad De Red \u00f3ptica Gpon | Tp-link | 1 Puerto Rj45 10\/100\/1000 Mbps | 1 Puerto Gpon Sfp Conector Sc\/apc | Equipo Bridge + Env\u00edo a domicilio + Pago seguro + Garant\u00eda\",\"breadcrumb\":{\"@id\":\"https:\/\/compuviper.mx\/tienda\/producto\/tp-link-xz000-g3-unidad-de-red-ptica-gpon-tp-link-1-puerto-rj45-10-100-1000-mbps-1-puerto-gpon-sfp-conector-sc-apc-equipo-bridge\/#breadcrumb\"},\"inLanguage\":\"es-MX\",\"potentialAction\":[{\"@type\":\"ReadAction\",\"target\":[\"https:\/\/compuviper.mx\/tienda\/producto\/tp-link-xz000-g3-unidad-de-red-ptica-gpon-tp-link-1-puerto-rj45-10-100-1000-mbps-1-puerto-gpon-sfp-conector-sc-apc-equipo-bridge\/\"]}]},{\"@type\":\"BreadcrumbList\",\"@id\":\"https:\/\/compuviper.mx\/tienda\/producto\/tp-link-xz000-g3-unidad-de-red-ptica-gpon-tp-link-1-puerto-rj45-10-100-1000-mbps-1-puerto-gpon-sfp-conector-sc-apc-equipo-bridge\/#breadcrumb\",\"itemListElement\":[{\"@type\":\"ListItem\",\"position\":1,\"name\":\"Inicio\",\"item\":\"https:\/\/compuviper.mx\/tienda\/\"},{\"@type\":\"ListItem\",\"position\":2,\"name\":\"Productos\",\"item\":\"https:\/\/compuviper.mx\/tienda\/productos\/\"},{\"@type\":\"ListItem\",\"position\":3,\"name\":\"Redes\",\"item\":\"https:\/\/compuviper.mx\/tienda\/categoria-producto\/redes\/\"},{\"@type\":\"ListItem\",\"position\":4,\"name\":\"Gpon\",\"item\":\"https:\/\/compuviper.mx\/tienda\/categoria-producto\/redes\/gpon\/\"},{\"@type\":\"ListItem\",\"position\":5,\"name\":\"Tp Link Xz000-g3 Unidad De Red ?ptica Gpon | Tp-link | 1 Puerto Rj45 10\/100\/1000 Mbps | 1 Puerto Gpon Sfp Conector Sc\/apc | Equipo Bridge\"}]},{\"@type\":\"WebSite\",\"@id\":\"https:\/\/compuviper.mx\/tienda\/#website\",\"url\":\"https:\/\/compuviper.mx\/tienda\/\",\"name\":\"Compuviper\",\"description\":\"Proveedor de Computadoras, Laptops, Servidores, Monitores, Puntos de Venta, Teclados,   Impresoras, T\u00f3ner, C\u00e1maras de Seguridad y m\u00e1s en tu tienda en l\u00ednea\",\"publisher\":{\"@id\":\"https:\/\/compuviper.mx\/tienda\/#organization\"},\"potentialAction\":[{\"@type\":\"SearchAction\",\"target\":{\"@type\":\"EntryPoint\",\"urlTemplate\":\"https:\/\/compuviper.mx\/tienda\/?s={search_term_string}\"},\"query-input\":\"required name=search_term_string\"}],\"inLanguage\":\"es-MX\"},{\"@type\":\"Organization\",\"@id\":\"https:\/\/compuviper.mx\/tienda\/#organization\",\"name\":\"Compuviper\",\"url\":\"https:\/\/compuviper.mx\/tienda\/\",\"logo\":{\"@type\":\"ImageObject\",\"inLanguage\":\"es-MX\",\"@id\":\"https:\/\/compuviper.mx\/tienda\/#\/schema\/logo\/image\/\",\"url\":\"https:\/\/compuviper.mx\/tienda\/wp-content\/uploads\/2021\/08\/Logo-Compuviper-10.png\",\"contentUrl\":\"https:\/\/compuviper.mx\/tienda\/wp-content\/uploads\/2021\/08\/Logo-Compuviper-10.png\",\"width\":1000,\"height\":500,\"caption\":\"Compuviper\"},\"image\":{\"@id\":\"https:\/\/compuviper.mx\/tienda\/#\/schema\/logo\/image\/\"},\"sameAs\":[\"https:\/\/www.facebook.com\/compuviper\",\"https:\/\/www.youtube.com\/channel\/UCf73dERp9Y3cfOq7q8BhLjA?view_as=subscriber\"]}]}<\/script>\n<meta property=\"product:brand\" content=\"TP LINK\" \/>\n<meta property=\"product:price:amount\" content=\"236\" \/>\n<meta property=\"product:price:currency\" content=\"MXN\" \/>\n<meta property=\"og:availability\" content=\"backorder\" \/>\n<meta property=\"product:availability\" content=\"available for order\" \/>\n<meta property=\"product:retailer_item_id\" content=\"XZ000-G3\" \/>\n<meta property=\"product:condition\" content=\"new\" \/>\n<!-- \/ Yoast SEO plugin. -->","yoast_head_json":{"title":"[ Tp Link ] &#129351; Xz000-g3 Unidad De Red \u00f3ptica Gpon | Tp-link | 1 Puerto Rj45 10\/100\/1000 Mbps | 1 Puerto Gpon Sfp Conector Sc\/apc | Equipo Bridge","description":"Compra Xz000-g3 Unidad De Red \u00f3ptica Gpon | Tp-link | 1 Puerto Rj45 10\/100\/1000 Mbps | 1 Puerto Gpon Sfp Conector Sc\/apc | Equipo Bridge + Env\u00edo a domicilio + Pago seguro + Garant\u00eda","robots":{"index":"index","follow":"follow","max-snippet":"max-snippet:-1","max-image-preview":"max-image-preview:large","max-video-preview":"max-video-preview:-1"},"canonical":"https:\/\/compuviper.mx\/tienda\/producto\/tp-link-xz000-g3-unidad-de-red-ptica-gpon-tp-link-1-puerto-rj45-10-100-1000-mbps-1-puerto-gpon-sfp-conector-sc-apc-equipo-bridge\/","og_locale":"es_MX","og_type":"article","og_title":"[ Tp Link ] &#129351; Xz000-g3 Unidad De Red \u00f3ptica Gpon | Tp-link | 1 Puerto Rj45 10\/100\/1000 Mbps | 1 Puerto Gpon Sfp Conector Sc\/apc | Equipo Bridge","og_description":"Compra Xz000-g3 Unidad De Red \u00f3ptica Gpon | Tp-link | 1 Puerto Rj45 10\/100\/1000 Mbps | 1 Puerto Gpon Sfp Conector Sc\/apc | Equipo Bridge + Env\u00edo a domicilio + Pago seguro + Garant\u00eda","og_url":"https:\/\/compuviper.mx\/tienda\/producto\/tp-link-xz000-g3-unidad-de-red-ptica-gpon-tp-link-1-puerto-rj45-10-100-1000-mbps-1-puerto-gpon-sfp-conector-sc-apc-equipo-bridge\/","og_site_name":"Compuviper","article_publisher":"https:\/\/www.facebook.com\/compuviper","og_image":[{"width":200,"height":200,"url":"https:\/\/compuviper.mx\/tienda\/wp-content\/uploads\/2025\/10\/Unidad-de-red-optica-gpon-tp-link-1-puerto-rj45-101001000-mbps-1-puerto-gpon-sfp-conector-scapc-equipo-bridge.jpg","type":"image\/jpeg"}],"twitter_card":"summary_large_image","twitter_misc":{"Precio":"&#36;236 con IVA","Availability":"On backorder"},"schema":{"@context":"https:\/\/schema.org","@graph":[{"@type":"WebPage","@id":"https:\/\/compuviper.mx\/tienda\/producto\/tp-link-xz000-g3-unidad-de-red-ptica-gpon-tp-link-1-puerto-rj45-10-100-1000-mbps-1-puerto-gpon-sfp-conector-sc-apc-equipo-bridge\/","url":"https:\/\/compuviper.mx\/tienda\/producto\/tp-link-xz000-g3-unidad-de-red-ptica-gpon-tp-link-1-puerto-rj45-10-100-1000-mbps-1-puerto-gpon-sfp-conector-sc-apc-equipo-bridge\/","name":"[ Tp Link ] &#129351; Xz000-g3 Unidad De Red \u00f3ptica Gpon | Tp-link | 1 Puerto Rj45 10\/100\/1000 Mbps | 1 Puerto Gpon Sfp Conector Sc\/apc | Equipo Bridge","isPartOf":{"@id":"https:\/\/compuviper.mx\/tienda\/#website"},"datePublished":"2026-04-18T07:14:27+00:00","dateModified":"2026-04-18T07:14:27+00:00","description":"Compra Xz000-g3 Unidad De Red \u00f3ptica Gpon | Tp-link | 1 Puerto Rj45 10\/100\/1000 Mbps | 1 Puerto Gpon Sfp Conector Sc\/apc | Equipo Bridge + Env\u00edo a domicilio + Pago seguro + Garant\u00eda","breadcrumb":{"@id":"https:\/\/compuviper.mx\/tienda\/producto\/tp-link-xz000-g3-unidad-de-red-ptica-gpon-tp-link-1-puerto-rj45-10-100-1000-mbps-1-puerto-gpon-sfp-conector-sc-apc-equipo-bridge\/#breadcrumb"},"inLanguage":"es-MX","potentialAction":[{"@type":"ReadAction","target":["https:\/\/compuviper.mx\/tienda\/producto\/tp-link-xz000-g3-unidad-de-red-ptica-gpon-tp-link-1-puerto-rj45-10-100-1000-mbps-1-puerto-gpon-sfp-conector-sc-apc-equipo-bridge\/"]}]},{"@type":"BreadcrumbList","@id":"https:\/\/compuviper.mx\/tienda\/producto\/tp-link-xz000-g3-unidad-de-red-ptica-gpon-tp-link-1-puerto-rj45-10-100-1000-mbps-1-puerto-gpon-sfp-conector-sc-apc-equipo-bridge\/#breadcrumb","itemListElement":[{"@type":"ListItem","position":1,"name":"Inicio","item":"https:\/\/compuviper.mx\/tienda\/"},{"@type":"ListItem","position":2,"name":"Productos","item":"https:\/\/compuviper.mx\/tienda\/productos\/"},{"@type":"ListItem","position":3,"name":"Redes","item":"https:\/\/compuviper.mx\/tienda\/categoria-producto\/redes\/"},{"@type":"ListItem","position":4,"name":"Gpon","item":"https:\/\/compuviper.mx\/tienda\/categoria-producto\/redes\/gpon\/"},{"@type":"ListItem","position":5,"name":"Tp Link Xz000-g3 Unidad De Red ?ptica Gpon | Tp-link | 1 Puerto Rj45 10\/100\/1000 Mbps | 1 Puerto Gpon Sfp Conector Sc\/apc | Equipo Bridge"}]},{"@type":"WebSite","@id":"https:\/\/compuviper.mx\/tienda\/#website","url":"https:\/\/compuviper.mx\/tienda\/","name":"Compuviper","description":"Proveedor de Computadoras, Laptops, Servidores, Monitores, Puntos de Venta, Teclados,   Impresoras, T\u00f3ner, C\u00e1maras de Seguridad y m\u00e1s en tu tienda en l\u00ednea","publisher":{"@id":"https:\/\/compuviper.mx\/tienda\/#organization"},"potentialAction":[{"@type":"SearchAction","target":{"@type":"EntryPoint","urlTemplate":"https:\/\/compuviper.mx\/tienda\/?s={search_term_string}"},"query-input":"required name=search_term_string"}],"inLanguage":"es-MX"},{"@type":"Organization","@id":"https:\/\/compuviper.mx\/tienda\/#organization","name":"Compuviper","url":"https:\/\/compuviper.mx\/tienda\/","logo":{"@type":"ImageObject","inLanguage":"es-MX","@id":"https:\/\/compuviper.mx\/tienda\/#\/schema\/logo\/image\/","url":"https:\/\/compuviper.mx\/tienda\/wp-content\/uploads\/2021\/08\/Logo-Compuviper-10.png","contentUrl":"https:\/\/compuviper.mx\/tienda\/wp-content\/uploads\/2021\/08\/Logo-Compuviper-10.png","width":1000,"height":500,"caption":"Compuviper"},"image":{"@id":"https:\/\/compuviper.mx\/tienda\/#\/schema\/logo\/image\/"},"sameAs":["https:\/\/www.facebook.com\/compuviper","https:\/\/www.youtube.com\/channel\/UCf73dERp9Y3cfOq7q8BhLjA?view_as=subscriber"]}]},"product_brand":"TP LINK","product_price_amount":"236","product_price_currency":"MXN","og_availability":"backorder","product_availability":"available for order","product_retailer_item_id":"XZ000-G3","product_condition":"new"},"_links":{"self":[{"href":"https:\/\/compuviper.mx\/tienda\/wp-json\/wp\/v2\/product\/252332"}],"collection":[{"href":"https:\/\/compuviper.mx\/tienda\/wp-json\/wp\/v2\/product"}],"about":[{"href":"https:\/\/compuviper.mx\/tienda\/wp-json\/wp\/v2\/types\/product"}],"replies":[{"embeddable":true,"href":"https:\/\/compuviper.mx\/tienda\/wp-json\/wp\/v2\/comments?post=252332"}],"wp:featuredmedia":[{"embeddable":true,"href":"https:\/\/compuviper.mx\/tienda\/wp-json\/wp\/v2\/media\/260144"}],"wp:attachment":[{"href":"https:\/\/compuviper.mx\/tienda\/wp-json\/wp\/v2\/media?parent=252332"}],"wp:term":[{"taxonomy":"product_cat","embeddable":true,"href":"https:\/\/compuviper.mx\/tienda\/wp-json\/wp\/v2\/product_cat?post=252332"},{"taxonomy":"product_tag","embeddable":true,"href":"https:\/\/compuviper.mx\/tienda\/wp-json\/wp\/v2\/product_tag?post=252332"}],"curies":[{"name":"wp","href":"https:\/\/api.w.org\/{rel}","templated":true}]}}