{"id":252327,"date":"2026-04-23T00:15:30","date_gmt":"2026-04-23T06:15:30","guid":{"rendered":"https:\/\/compuviper.mx\/tienda\/producto\/dahua-dh-ipc-hdbw7842e1-z-x-camara-ip-domo-de-8-mp-wizmind-lente-motorizado-ir-de-40-mts-reconocimiento-facial-conteo-de-personas-audio-bid-deep-learning-e-and-s-de-alarma-y-audio-epoe-ik1\/"},"modified":"2026-04-23T00:15:30","modified_gmt":"2026-04-23T06:15:30","slug":"dahua-dh-ipc-hdbw7842e1-z-x-camara-ip-domo-de-8-mp-wizmind-lente-motorizado-ir-de-40-mts-reconocimiento-facial-conteo-de-personas-audio-bid-deep-learning-e-and-s-de-alarma-y-audio-epoe-ik1","status":"publish","type":"product","link":"https:\/\/compuviper.mx\/tienda\/producto\/dahua-dh-ipc-hdbw7842e1-z-x-camara-ip-domo-de-8-mp-wizmind-lente-motorizado-ir-de-40-mts-reconocimiento-facial-conteo-de-personas-audio-bid-deep-learning-e-and-s-de-alarma-y-audio-epoe-ik1\/","title":{"rendered":"Dahua Dh-ipc-hdbw7842e1-z-x Camara Ip\/ \/  Domo De 8 Mp\/ Wizmind\/ Lente Motorizado\/ Ir De 40 Mts\/ Reconocimiento Facial\/ Conteo De Personas\/ Audio Bid\/deep Learning\/ E And S De Alarma Y Audio\/ Epoe\/ik10"},"content":{"rendered":"<table class=\"descripcion\">\n<tr>\n<td>Especificaciones tecnicas<\/td>\n<\/tr>\n<tr>\n<td>\u0095 gestion de sonido: con sus microfonos duales integrados y los algoritmos de reduccion de ruido de dahua, la camara es compatible con la funcion de gestion de sonido y la utiliza para recopilar voces, reducir el ruido de forma adaptativa y filtrar voces no humanas.<\/td>\n<\/tr>\n<tr>\n<td>\u0095 alarma: 3 entradas, 2 salidas; audio: 1 entrada, 1 salida; rs-485; bnc; admite max. tarjeta micro sd de 512g.<\/td>\n<\/tr>\n<tr>\n<td>\u0095 fuente de alimentacion de 12 v cc\/24 v ca\/poe+ (802.3at)\/epoe, salida de alimentacion de 12 v cc, max. la corriente es de 165 ma y la corriente maxima es de 700 ma, facil de instalar.<\/td>\n<\/tr>\n<tr>\n<td>\u0095 proteccion ip67 e ik10, recubrimiento anti-corrosion (opcional).<\/td>\n<\/tr>\n<tr>\n<td>Caracteristicas principales<\/td>\n<\/tr>\n<tr>\n<td>\u0095 sensor de imagen cmos de 8 mp 1\/1,8, baja luminancia e imagen de alta definicion. \u00b7salidas max. 8 mp (3840 \u00d7 2160) a 50\/60 fps.<\/td>\n<\/tr>\n<tr>\n<td>\u0095 led ir incorporado y el max. la distancia de iluminacion es de 40 m.<\/td>\n<\/tr>\n<tr>\n<td>\u0095 roi, codificacion flexible, aplicable a varios entornos de almacenamiento y ancho de banda.<\/td>\n<\/tr>\n<tr>\n<td>\u0095 se pueden habilitar dos funciones inteligentes al mismo tiempo, como reconocimiento facial+recuento de personas, deteccion facial+recuento de personas y deteccion de ppe+ivs.<\/td>\n<\/tr>\n<tr>\n<td>\u0095 con algoritmo de aprendizaje profundo, admite: reconocimiento facial, deteccion de rostros, ivs, conteo de personas, metadatos de video, deteccion de ppe, gestion de espacios de estacionamiento y anpr, etc.<\/td>\n<\/tr>\n<\/table>\n","protected":false},"excerpt":{"rendered":"<p>Informacion general. Impulsada por algoritmos de aprendizaje profundo, la camara de red de la serie dahua wizmind x admite varias funciones inteligentes y cumple con los requisitos de una amplia variedad de escenas. La camara puede reconocer con precision personas, vehiculos motorizados y vehiculos no motorizados. Tambien es compatible con el reconocimiento facial, la deteccion de epi, la deteccion inteligente de sonido, la proteccion de la privacidad, anpr y la gestion de plazas de aparcamiento. Se pueden habilitar 2 funciones inteligentes al mismo tiempo. La camara adopta la tecnologia avanzada de procesamiento de imagenes ai-powered image, tiene una alta velocidad de fotogramas y el efecto de vision nocturna deeplight, y funciona con flujos ultrabajos. Tambien es resistente al polvo, al agua y al vandalismo, y esta certificado como ip67 e ik10 (el tipo de proteccion varia segun el modelo. Metadatos. Con un algoritmo de aprendizaje profundo, la tecnologia de metadatos de video de dahua puede detectar, rastrear, capturar vehiculos, vehiculos no motorizados y personas, y seleccionar las mejores imagenes y extraer atributos. La camara puede contar objetivos por direcciones (a b, b a o a   b) y exportar el informe. La seguridad cibernetica. Las camaras de red de dahua emplean una serie de tecnologias de seguridad, que incluyen autenticacion y autorizacion de seguridad, protocolos de control de acceso, proteccion confiable, transmision encriptada y almacenamiento encriptado. Estas tecnologias mejoran la defensa de la camara contra amenazas ciberneticas externas y evitan que programas maliciosos comprometan el dispositivo.<\/p>\n","protected":false},"featured_media":259417,"comment_status":"open","ping_status":"open","template":"","meta":[],"product_cat":[1681,1608],"product_tag":[1555],"acf":[],"yoast_head":"<!-- This site is optimized with the Yoast SEO plugin v21.7 - https:\/\/yoast.com\/wordpress\/plugins\/seo\/ -->\n<title>[ Dahua ] &#129351; Dh-ipc-hdbw7842e1-z-x Camara Ip\/ \/ Domo De 8 Mp\/ Wizmind\/ Lente Motorizado\/ Ir De 40 Mts\/ Reconocimiento Facial\/ Conteo De Personas\/ Audio Bid\/deep Learning\/ E And S De Alarma Y Audio\/ Epoe\/ik10<\/title>\n<meta name=\"description\" content=\"Compra Dh-ipc-hdbw7842e1-z-x Camara Ip\/ \/ Domo De 8 Mp\/ Wizmind\/ Lente Motorizado\/ Ir De 40 Mts\/ Reconocimiento Facial\/ Conteo De Personas\/ Audio Bid\/deep Learning\/ E And S De Alarma Y Audio\/ Epoe\/ik10 + Env\u00edo a domicilio + Pago seguro + Garant\u00eda\" \/>\n<meta name=\"robots\" content=\"index, follow, max-snippet:-1, max-image-preview:large, max-video-preview:-1\" \/>\n<link rel=\"canonical\" href=\"https:\/\/compuviper.mx\/tienda\/producto\/dahua-dh-ipc-hdbw7842e1-z-x-camara-ip-domo-de-8-mp-wizmind-lente-motorizado-ir-de-40-mts-reconocimiento-facial-conteo-de-personas-audio-bid-deep-learning-e-and-s-de-alarma-y-audio-epoe-ik1\/\" \/>\n<meta property=\"og:locale\" content=\"es_MX\" \/>\n<meta property=\"og:type\" content=\"article\" \/>\n<meta property=\"og:title\" content=\"[ Dahua ] &#129351; Dh-ipc-hdbw7842e1-z-x Camara Ip\/ \/ Domo De 8 Mp\/ Wizmind\/ Lente Motorizado\/ Ir De 40 Mts\/ Reconocimiento Facial\/ Conteo De Personas\/ Audio Bid\/deep Learning\/ E And S De Alarma Y Audio\/ Epoe\/ik10\" \/>\n<meta property=\"og:description\" content=\"Compra Dh-ipc-hdbw7842e1-z-x Camara Ip\/ \/ Domo De 8 Mp\/ Wizmind\/ Lente Motorizado\/ Ir De 40 Mts\/ Reconocimiento Facial\/ Conteo De Personas\/ Audio Bid\/deep Learning\/ E And S De Alarma Y Audio\/ Epoe\/ik10 + Env\u00edo a domicilio + Pago seguro + Garant\u00eda\" \/>\n<meta property=\"og:url\" content=\"https:\/\/compuviper.mx\/tienda\/producto\/dahua-dh-ipc-hdbw7842e1-z-x-camara-ip-domo-de-8-mp-wizmind-lente-motorizado-ir-de-40-mts-reconocimiento-facial-conteo-de-personas-audio-bid-deep-learning-e-and-s-de-alarma-y-audio-epoe-ik1\/\" \/>\n<meta property=\"og:site_name\" content=\"Compuviper\" \/>\n<meta property=\"article:publisher\" content=\"https:\/\/www.facebook.com\/compuviper\" \/>\n<meta property=\"og:image\" content=\"https:\/\/compuviper.mx\/tienda\/wp-content\/uploads\/2025\/10\/Camara-ip-dahua-dh-ipc-hdbw7842e1-z-x-domo-de-8-mp-wizmind-lente-motorizado-ir-de-40-mts-reconocimiento-facial-conteo-de-personas-audio-biddeep-learning-e-and-s-de-alarma-y-audio-epoeik10.jpg\" \/>\n\t<meta property=\"og:image:width\" content=\"200\" \/>\n\t<meta property=\"og:image:height\" content=\"200\" \/>\n\t<meta property=\"og:image:type\" content=\"image\/jpeg\" \/>\n<meta name=\"twitter:card\" content=\"summary_large_image\" \/>\n<meta name=\"twitter:label1\" content=\"Precio\" \/>\n\t<meta name=\"twitter:data1\" content=\"&#36;27,171 con IVA\" \/>\n\t<meta name=\"twitter:label2\" content=\"Availability\" \/>\n\t<meta name=\"twitter:data2\" content=\"On backorder\" \/>\n<script type=\"application\/ld+json\" class=\"yoast-schema-graph\">{\"@context\":\"https:\/\/schema.org\",\"@graph\":[{\"@type\":\"WebPage\",\"@id\":\"https:\/\/compuviper.mx\/tienda\/producto\/dahua-dh-ipc-hdbw7842e1-z-x-camara-ip-domo-de-8-mp-wizmind-lente-motorizado-ir-de-40-mts-reconocimiento-facial-conteo-de-personas-audio-bid-deep-learning-e-and-s-de-alarma-y-audio-epoe-ik1\/\",\"url\":\"https:\/\/compuviper.mx\/tienda\/producto\/dahua-dh-ipc-hdbw7842e1-z-x-camara-ip-domo-de-8-mp-wizmind-lente-motorizado-ir-de-40-mts-reconocimiento-facial-conteo-de-personas-audio-bid-deep-learning-e-and-s-de-alarma-y-audio-epoe-ik1\/\",\"name\":\"[ Dahua ] &#129351; Dh-ipc-hdbw7842e1-z-x Camara Ip\/ \/ Domo De 8 Mp\/ Wizmind\/ Lente Motorizado\/ Ir De 40 Mts\/ Reconocimiento Facial\/ Conteo De Personas\/ Audio Bid\/deep Learning\/ E And S De Alarma Y Audio\/ Epoe\/ik10\",\"isPartOf\":{\"@id\":\"https:\/\/compuviper.mx\/tienda\/#website\"},\"datePublished\":\"2026-04-23T06:15:30+00:00\",\"dateModified\":\"2026-04-23T06:15:30+00:00\",\"description\":\"Compra Dh-ipc-hdbw7842e1-z-x Camara Ip\/ \/ Domo De 8 Mp\/ Wizmind\/ Lente Motorizado\/ Ir De 40 Mts\/ Reconocimiento Facial\/ Conteo De Personas\/ Audio Bid\/deep Learning\/ E And S De Alarma Y Audio\/ Epoe\/ik10 + Env\u00edo a domicilio + Pago seguro + Garant\u00eda\",\"breadcrumb\":{\"@id\":\"https:\/\/compuviper.mx\/tienda\/producto\/dahua-dh-ipc-hdbw7842e1-z-x-camara-ip-domo-de-8-mp-wizmind-lente-motorizado-ir-de-40-mts-reconocimiento-facial-conteo-de-personas-audio-bid-deep-learning-e-and-s-de-alarma-y-audio-epoe-ik1\/#breadcrumb\"},\"inLanguage\":\"es-MX\",\"potentialAction\":[{\"@type\":\"ReadAction\",\"target\":[\"https:\/\/compuviper.mx\/tienda\/producto\/dahua-dh-ipc-hdbw7842e1-z-x-camara-ip-domo-de-8-mp-wizmind-lente-motorizado-ir-de-40-mts-reconocimiento-facial-conteo-de-personas-audio-bid-deep-learning-e-and-s-de-alarma-y-audio-epoe-ik1\/\"]}]},{\"@type\":\"BreadcrumbList\",\"@id\":\"https:\/\/compuviper.mx\/tienda\/producto\/dahua-dh-ipc-hdbw7842e1-z-x-camara-ip-domo-de-8-mp-wizmind-lente-motorizado-ir-de-40-mts-reconocimiento-facial-conteo-de-personas-audio-bid-deep-learning-e-and-s-de-alarma-y-audio-epoe-ik1\/#breadcrumb\",\"itemListElement\":[{\"@type\":\"ListItem\",\"position\":1,\"name\":\"Inicio\",\"item\":\"https:\/\/compuviper.mx\/tienda\/\"},{\"@type\":\"ListItem\",\"position\":2,\"name\":\"Productos\",\"item\":\"https:\/\/compuviper.mx\/tienda\/productos\/\"},{\"@type\":\"ListItem\",\"position\":3,\"name\":\"Camaras\",\"item\":\"https:\/\/compuviper.mx\/tienda\/categoria-producto\/camaras-2\/\"},{\"@type\":\"ListItem\",\"position\":4,\"name\":\"Camara De Videovigilancia\",\"item\":\"https:\/\/compuviper.mx\/tienda\/categoria-producto\/camaras-2\/camara-de-videovigilancia\/\"},{\"@type\":\"ListItem\",\"position\":5,\"name\":\"Dahua Dh-ipc-hdbw7842e1-z-x Camara Ip\/ \/ Domo De 8 Mp\/ Wizmind\/ Lente Motorizado\/ Ir De 40 Mts\/ Reconocimiento Facial\/ Conteo De Personas\/ Audio Bid\/deep Learning\/ E And S De Alarma Y Audio\/ Epoe\/ik10\"}]},{\"@type\":\"WebSite\",\"@id\":\"https:\/\/compuviper.mx\/tienda\/#website\",\"url\":\"https:\/\/compuviper.mx\/tienda\/\",\"name\":\"Compuviper\",\"description\":\"Proveedor de Computadoras, Laptops, Servidores, Monitores, Puntos de Venta, Teclados,   Impresoras, T\u00f3ner, C\u00e1maras de Seguridad y m\u00e1s en tu tienda en l\u00ednea\",\"publisher\":{\"@id\":\"https:\/\/compuviper.mx\/tienda\/#organization\"},\"potentialAction\":[{\"@type\":\"SearchAction\",\"target\":{\"@type\":\"EntryPoint\",\"urlTemplate\":\"https:\/\/compuviper.mx\/tienda\/?s={search_term_string}\"},\"query-input\":\"required name=search_term_string\"}],\"inLanguage\":\"es-MX\"},{\"@type\":\"Organization\",\"@id\":\"https:\/\/compuviper.mx\/tienda\/#organization\",\"name\":\"Compuviper\",\"url\":\"https:\/\/compuviper.mx\/tienda\/\",\"logo\":{\"@type\":\"ImageObject\",\"inLanguage\":\"es-MX\",\"@id\":\"https:\/\/compuviper.mx\/tienda\/#\/schema\/logo\/image\/\",\"url\":\"https:\/\/compuviper.mx\/tienda\/wp-content\/uploads\/2021\/08\/Logo-Compuviper-10.png\",\"contentUrl\":\"https:\/\/compuviper.mx\/tienda\/wp-content\/uploads\/2021\/08\/Logo-Compuviper-10.png\",\"width\":1000,\"height\":500,\"caption\":\"Compuviper\"},\"image\":{\"@id\":\"https:\/\/compuviper.mx\/tienda\/#\/schema\/logo\/image\/\"},\"sameAs\":[\"https:\/\/www.facebook.com\/compuviper\",\"https:\/\/www.youtube.com\/channel\/UCf73dERp9Y3cfOq7q8BhLjA?view_as=subscriber\"]}]}<\/script>\n<meta property=\"product:brand\" content=\"DAHUA\" \/>\n<meta property=\"product:price:amount\" content=\"27171\" \/>\n<meta property=\"product:price:currency\" content=\"MXN\" \/>\n<meta property=\"og:availability\" content=\"backorder\" \/>\n<meta property=\"product:availability\" content=\"available for order\" \/>\n<meta property=\"product:retailer_item_id\" content=\"DH-IPC-HDBW7842E1-Z-X\" \/>\n<meta property=\"product:condition\" content=\"new\" \/>\n<!-- \/ Yoast SEO plugin. -->","yoast_head_json":{"title":"[ Dahua ] &#129351; Dh-ipc-hdbw7842e1-z-x Camara Ip\/ \/ Domo De 8 Mp\/ Wizmind\/ Lente Motorizado\/ Ir De 40 Mts\/ Reconocimiento Facial\/ Conteo De Personas\/ Audio Bid\/deep Learning\/ E And S De Alarma Y Audio\/ Epoe\/ik10","description":"Compra Dh-ipc-hdbw7842e1-z-x Camara Ip\/ \/ Domo De 8 Mp\/ Wizmind\/ Lente Motorizado\/ Ir De 40 Mts\/ Reconocimiento Facial\/ Conteo De Personas\/ Audio Bid\/deep Learning\/ E And S De Alarma Y Audio\/ Epoe\/ik10 + Env\u00edo a domicilio + Pago seguro + Garant\u00eda","robots":{"index":"index","follow":"follow","max-snippet":"max-snippet:-1","max-image-preview":"max-image-preview:large","max-video-preview":"max-video-preview:-1"},"canonical":"https:\/\/compuviper.mx\/tienda\/producto\/dahua-dh-ipc-hdbw7842e1-z-x-camara-ip-domo-de-8-mp-wizmind-lente-motorizado-ir-de-40-mts-reconocimiento-facial-conteo-de-personas-audio-bid-deep-learning-e-and-s-de-alarma-y-audio-epoe-ik1\/","og_locale":"es_MX","og_type":"article","og_title":"[ Dahua ] &#129351; Dh-ipc-hdbw7842e1-z-x Camara Ip\/ \/ Domo De 8 Mp\/ Wizmind\/ Lente Motorizado\/ Ir De 40 Mts\/ Reconocimiento Facial\/ Conteo De Personas\/ Audio Bid\/deep Learning\/ E And S De Alarma Y Audio\/ Epoe\/ik10","og_description":"Compra Dh-ipc-hdbw7842e1-z-x Camara Ip\/ \/ Domo De 8 Mp\/ Wizmind\/ Lente Motorizado\/ Ir De 40 Mts\/ Reconocimiento Facial\/ Conteo De Personas\/ Audio Bid\/deep Learning\/ E And S De Alarma Y Audio\/ Epoe\/ik10 + Env\u00edo a domicilio + Pago seguro + Garant\u00eda","og_url":"https:\/\/compuviper.mx\/tienda\/producto\/dahua-dh-ipc-hdbw7842e1-z-x-camara-ip-domo-de-8-mp-wizmind-lente-motorizado-ir-de-40-mts-reconocimiento-facial-conteo-de-personas-audio-bid-deep-learning-e-and-s-de-alarma-y-audio-epoe-ik1\/","og_site_name":"Compuviper","article_publisher":"https:\/\/www.facebook.com\/compuviper","og_image":[{"width":200,"height":200,"url":"https:\/\/compuviper.mx\/tienda\/wp-content\/uploads\/2025\/10\/Camara-ip-dahua-dh-ipc-hdbw7842e1-z-x-domo-de-8-mp-wizmind-lente-motorizado-ir-de-40-mts-reconocimiento-facial-conteo-de-personas-audio-biddeep-learning-e-and-s-de-alarma-y-audio-epoeik10.jpg","type":"image\/jpeg"}],"twitter_card":"summary_large_image","twitter_misc":{"Precio":"&#36;27,171 con IVA","Availability":"On backorder"},"schema":{"@context":"https:\/\/schema.org","@graph":[{"@type":"WebPage","@id":"https:\/\/compuviper.mx\/tienda\/producto\/dahua-dh-ipc-hdbw7842e1-z-x-camara-ip-domo-de-8-mp-wizmind-lente-motorizado-ir-de-40-mts-reconocimiento-facial-conteo-de-personas-audio-bid-deep-learning-e-and-s-de-alarma-y-audio-epoe-ik1\/","url":"https:\/\/compuviper.mx\/tienda\/producto\/dahua-dh-ipc-hdbw7842e1-z-x-camara-ip-domo-de-8-mp-wizmind-lente-motorizado-ir-de-40-mts-reconocimiento-facial-conteo-de-personas-audio-bid-deep-learning-e-and-s-de-alarma-y-audio-epoe-ik1\/","name":"[ Dahua ] &#129351; Dh-ipc-hdbw7842e1-z-x Camara Ip\/ \/ Domo De 8 Mp\/ Wizmind\/ Lente Motorizado\/ Ir De 40 Mts\/ Reconocimiento Facial\/ Conteo De Personas\/ Audio Bid\/deep Learning\/ E And S De Alarma Y Audio\/ Epoe\/ik10","isPartOf":{"@id":"https:\/\/compuviper.mx\/tienda\/#website"},"datePublished":"2026-04-23T06:15:30+00:00","dateModified":"2026-04-23T06:15:30+00:00","description":"Compra Dh-ipc-hdbw7842e1-z-x Camara Ip\/ \/ Domo De 8 Mp\/ Wizmind\/ Lente Motorizado\/ Ir De 40 Mts\/ Reconocimiento Facial\/ Conteo De Personas\/ Audio Bid\/deep Learning\/ E And S De Alarma Y Audio\/ Epoe\/ik10 + Env\u00edo a domicilio + Pago seguro + Garant\u00eda","breadcrumb":{"@id":"https:\/\/compuviper.mx\/tienda\/producto\/dahua-dh-ipc-hdbw7842e1-z-x-camara-ip-domo-de-8-mp-wizmind-lente-motorizado-ir-de-40-mts-reconocimiento-facial-conteo-de-personas-audio-bid-deep-learning-e-and-s-de-alarma-y-audio-epoe-ik1\/#breadcrumb"},"inLanguage":"es-MX","potentialAction":[{"@type":"ReadAction","target":["https:\/\/compuviper.mx\/tienda\/producto\/dahua-dh-ipc-hdbw7842e1-z-x-camara-ip-domo-de-8-mp-wizmind-lente-motorizado-ir-de-40-mts-reconocimiento-facial-conteo-de-personas-audio-bid-deep-learning-e-and-s-de-alarma-y-audio-epoe-ik1\/"]}]},{"@type":"BreadcrumbList","@id":"https:\/\/compuviper.mx\/tienda\/producto\/dahua-dh-ipc-hdbw7842e1-z-x-camara-ip-domo-de-8-mp-wizmind-lente-motorizado-ir-de-40-mts-reconocimiento-facial-conteo-de-personas-audio-bid-deep-learning-e-and-s-de-alarma-y-audio-epoe-ik1\/#breadcrumb","itemListElement":[{"@type":"ListItem","position":1,"name":"Inicio","item":"https:\/\/compuviper.mx\/tienda\/"},{"@type":"ListItem","position":2,"name":"Productos","item":"https:\/\/compuviper.mx\/tienda\/productos\/"},{"@type":"ListItem","position":3,"name":"Camaras","item":"https:\/\/compuviper.mx\/tienda\/categoria-producto\/camaras-2\/"},{"@type":"ListItem","position":4,"name":"Camara De Videovigilancia","item":"https:\/\/compuviper.mx\/tienda\/categoria-producto\/camaras-2\/camara-de-videovigilancia\/"},{"@type":"ListItem","position":5,"name":"Dahua Dh-ipc-hdbw7842e1-z-x Camara Ip\/ \/ Domo De 8 Mp\/ Wizmind\/ Lente Motorizado\/ Ir De 40 Mts\/ Reconocimiento Facial\/ Conteo De Personas\/ Audio Bid\/deep Learning\/ E And S De Alarma Y Audio\/ Epoe\/ik10"}]},{"@type":"WebSite","@id":"https:\/\/compuviper.mx\/tienda\/#website","url":"https:\/\/compuviper.mx\/tienda\/","name":"Compuviper","description":"Proveedor de Computadoras, Laptops, Servidores, Monitores, Puntos de Venta, Teclados,   Impresoras, T\u00f3ner, C\u00e1maras de Seguridad y m\u00e1s en tu tienda en l\u00ednea","publisher":{"@id":"https:\/\/compuviper.mx\/tienda\/#organization"},"potentialAction":[{"@type":"SearchAction","target":{"@type":"EntryPoint","urlTemplate":"https:\/\/compuviper.mx\/tienda\/?s={search_term_string}"},"query-input":"required name=search_term_string"}],"inLanguage":"es-MX"},{"@type":"Organization","@id":"https:\/\/compuviper.mx\/tienda\/#organization","name":"Compuviper","url":"https:\/\/compuviper.mx\/tienda\/","logo":{"@type":"ImageObject","inLanguage":"es-MX","@id":"https:\/\/compuviper.mx\/tienda\/#\/schema\/logo\/image\/","url":"https:\/\/compuviper.mx\/tienda\/wp-content\/uploads\/2021\/08\/Logo-Compuviper-10.png","contentUrl":"https:\/\/compuviper.mx\/tienda\/wp-content\/uploads\/2021\/08\/Logo-Compuviper-10.png","width":1000,"height":500,"caption":"Compuviper"},"image":{"@id":"https:\/\/compuviper.mx\/tienda\/#\/schema\/logo\/image\/"},"sameAs":["https:\/\/www.facebook.com\/compuviper","https:\/\/www.youtube.com\/channel\/UCf73dERp9Y3cfOq7q8BhLjA?view_as=subscriber"]}]},"product_brand":"DAHUA","product_price_amount":"27171","product_price_currency":"MXN","og_availability":"backorder","product_availability":"available for order","product_retailer_item_id":"DH-IPC-HDBW7842E1-Z-X","product_condition":"new"},"_links":{"self":[{"href":"https:\/\/compuviper.mx\/tienda\/wp-json\/wp\/v2\/product\/252327"}],"collection":[{"href":"https:\/\/compuviper.mx\/tienda\/wp-json\/wp\/v2\/product"}],"about":[{"href":"https:\/\/compuviper.mx\/tienda\/wp-json\/wp\/v2\/types\/product"}],"replies":[{"embeddable":true,"href":"https:\/\/compuviper.mx\/tienda\/wp-json\/wp\/v2\/comments?post=252327"}],"wp:featuredmedia":[{"embeddable":true,"href":"https:\/\/compuviper.mx\/tienda\/wp-json\/wp\/v2\/media\/259417"}],"wp:attachment":[{"href":"https:\/\/compuviper.mx\/tienda\/wp-json\/wp\/v2\/media?parent=252327"}],"wp:term":[{"taxonomy":"product_cat","embeddable":true,"href":"https:\/\/compuviper.mx\/tienda\/wp-json\/wp\/v2\/product_cat?post=252327"},{"taxonomy":"product_tag","embeddable":true,"href":"https:\/\/compuviper.mx\/tienda\/wp-json\/wp\/v2\/product_tag?post=252327"}],"curies":[{"name":"wp","href":"https:\/\/api.w.org\/{rel}","templated":true}]}}