{"id":252318,"date":"2026-04-01T23:16:35","date_gmt":"2026-04-02T05:16:35","guid":{"rendered":"https:\/\/compuviper.mx\/tienda\/producto\/tp-link-uh6120c-adaptador-hub-tp-link-6-en-1-1-puerto-usb-c-entrada-1-puerto-hdmi-4k-1-puerto-ethernet-gigabit-1-puerto-usb-c-2-puertos-usb-a\/"},"modified":"2026-04-01T23:16:35","modified_gmt":"2026-04-02T05:16:35","slug":"tp-link-uh6120c-adaptador-hub-tp-link-6-en-1-1-puerto-usb-c-entrada-1-puerto-hdmi-4k-1-puerto-ethernet-gigabit-1-puerto-usb-c-2-puertos-usb-a","status":"publish","type":"product","link":"https:\/\/compuviper.mx\/tienda\/producto\/tp-link-uh6120c-adaptador-hub-tp-link-6-en-1-1-puerto-usb-c-entrada-1-puerto-hdmi-4k-1-puerto-ethernet-gigabit-1-puerto-usb-c-2-puertos-usb-a\/","title":{"rendered":"Tp Link Uh6120c Adaptador Hub | Tp-link |  | 6 En 1 | 1 Puerto Usb-c Entrada | 1 Puerto Hdmi 4k | 1 Puerto Ethernet Gigabit | 1 Puerto Usb-c | 2 Puertos Usb-a"},"content":{"rendered":"<table class=\"descripcion\">\n<tr>\n<td>Hardware.<\/td>\n<\/tr>\n<tr>\n<td>Conector: 1*usb tipo c<\/td>\n<\/tr>\n<tr>\n<td>N\u00famero de puertos:   6<\/td>\n<\/tr>\n<tr>\n<td>Interfaz de v\u00eddeo: 1*hdmi 4k a 60 hz<\/td>\n<\/tr>\n<tr>\n<td>Interfaz ethernet: 1*rj45 1 gbps<\/td>\n<\/tr>\n<tr>\n<td>Interfaz de suministro de energ\u00eda: 1*pd 100w<\/td>\n<\/tr>\n<tr>\n<td>Interfaz usb:<\/td>\n<\/tr>\n<tr>\n<td>1*usb tipo-c 5 gbps<\/td>\n<\/tr>\n<tr>\n<td>2*usb tipo-a 5 gbps<\/td>\n<\/tr>\n<tr>\n<td>Otro.<\/td>\n<\/tr>\n<tr>\n<td>Sistemas compatibles:      mac os x 10.9 y posteriores, windows (7 y posteriores), linux os, ipad os, ios, android, chrome os y nintendo os<\/td>\n<\/tr>\n<tr>\n<td>Certificaciones: ce, fcc, rohs, hdmi, bsmi<\/td>\n<\/tr>\n<tr>\n<td>Ambiente:<\/td>\n<\/tr>\n<tr>\n<td>Temperatura de funcionamiento: 0 and #8451;~40 and #8451;(32 and #8457;~104 and #8457;)<\/td>\n<\/tr>\n<tr>\n<td>Humedad de funcionamiento: 10%~90% sin condensaci\u00f3n<\/td>\n<\/tr>\n<tr>\n<td>Humedad de almacenamiento: 5%~90% sin condensaci\u00f3n<\/td>\n<\/tr>\n<tr>\n<td>F\u00edsico.<\/td>\n<\/tr>\n<tr>\n<td>Caso:  caja de aleaci\u00f3n de aluminio<\/td>\n<\/tr>\n<tr>\n<td>Cable: cable trenzado de 180 mm<\/td>\n<\/tr>\n<tr>\n<td>Dimensiones (an. \u00d7 pr. \u00d7 al.):<\/td>\n<\/tr>\n<tr>\n<td>4,65 \u00d7 1,69 \u00d7 0,56 pulgadas<\/td>\n<\/tr>\n<tr>\n<td>(118,2 \u00d7 43 \u00d7 14,3 mm)<\/td>\n<\/tr>\n<tr>\n<td>Contenido del paquete:<\/td>\n<\/tr>\n<tr>\n<td>Gu\u00eda de instalaci\u00f3n r\u00e1pida del uh6120c<\/td>\n<\/tr>\n<\/table>\n","protected":false},"excerpt":{"rendered":"<p>-concentrador usb-c 6 en 1: uh6120c convierte un solo puerto usb-c en 6 puertos con hdmi 4k a 60 hz, ethernet de 1 gbps, suministro de energ\u00eda de 100 w, 1 puerto de datos usb-c, 2 puertos de datos usb-a. -pantalla multimedia de ultra alta definici\u00f3n: con\u00e9ctese a un monitor externo a trav\u00e9s del puerto hdmi 4k a 60 hz para disfrutar de una sorprendente experiencia de ultra alta definici\u00f3n. -conexi\u00f3n gigabit estable: este dispositivo compacto proporciona conectividad gigabit ethernet estable para su ultrabook, chromebook, computadora port\u00e1til o de escritorio. -potente carga r\u00e1pida de 100 w: conecte el cable de carga al uh6120c y entregue continuamente hasta 100 w de potencia a su pc mientras transfiere archivos o transmite medios. -transferencia de datos superspeed  and #8203; and #8203;de 5 gbps: uh6120c agrega tres puertos usb 3.0 a su dispositivo, lo que permite el uso simult\u00e1neo de m\u00faltiples dispositivos usb. -f\u00e1cil de usar con plug  and  play: simplemente con\u00e9ctelo y comience a usarlo en segundos, gracias a la instalaci\u00f3n sin controladores con mac os x el capitan versi\u00f3n 10.11.6 y posteriores, windows 11\/10\/8.1, linux os, ipad os, ios, android, chrome os y nintendo os.<\/p>\n","protected":false},"featured_media":258826,"comment_status":"open","ping_status":"open","template":"","meta":[],"product_cat":[1485,1497],"product_tag":[1562],"acf":[],"yoast_head":"<!-- This site is optimized with the Yoast SEO plugin v21.7 - https:\/\/yoast.com\/wordpress\/plugins\/seo\/ -->\n<title>[ Tp Link ] &#129351; Uh6120c Adaptador Hub | Tp-link | | 6 En 1 | 1 Puerto Usb-c Entrada | 1 Puerto Hdmi 4k | 1 Puerto Ethernet Gigabit | 1 Puerto Usb-c | 2 Puertos Usb-a<\/title>\n<meta name=\"description\" content=\"Compra Uh6120c Adaptador Hub | Tp-link | | 6 En 1 | 1 Puerto Usb-c Entrada | 1 Puerto Hdmi 4k | 1 Puerto Ethernet Gigabit | 1 Puerto Usb-c | 2 Puertos Usb-a + Env\u00edo a domicilio + Pago seguro + Garant\u00eda\" \/>\n<meta name=\"robots\" content=\"index, follow, max-snippet:-1, max-image-preview:large, max-video-preview:-1\" \/>\n<link rel=\"canonical\" href=\"https:\/\/compuviper.mx\/tienda\/producto\/tp-link-uh6120c-adaptador-hub-tp-link-6-en-1-1-puerto-usb-c-entrada-1-puerto-hdmi-4k-1-puerto-ethernet-gigabit-1-puerto-usb-c-2-puertos-usb-a\/\" \/>\n<meta property=\"og:locale\" content=\"es_MX\" \/>\n<meta property=\"og:type\" content=\"article\" \/>\n<meta property=\"og:title\" content=\"[ Tp Link ] &#129351; Uh6120c Adaptador Hub | Tp-link | | 6 En 1 | 1 Puerto Usb-c Entrada | 1 Puerto Hdmi 4k | 1 Puerto Ethernet Gigabit | 1 Puerto Usb-c | 2 Puertos Usb-a\" \/>\n<meta property=\"og:description\" content=\"Compra Uh6120c Adaptador Hub | Tp-link | | 6 En 1 | 1 Puerto Usb-c Entrada | 1 Puerto Hdmi 4k | 1 Puerto Ethernet Gigabit | 1 Puerto Usb-c | 2 Puertos Usb-a + Env\u00edo a domicilio + Pago seguro + Garant\u00eda\" \/>\n<meta property=\"og:url\" content=\"https:\/\/compuviper.mx\/tienda\/producto\/tp-link-uh6120c-adaptador-hub-tp-link-6-en-1-1-puerto-usb-c-entrada-1-puerto-hdmi-4k-1-puerto-ethernet-gigabit-1-puerto-usb-c-2-puertos-usb-a\/\" \/>\n<meta property=\"og:site_name\" content=\"Compuviper\" \/>\n<meta property=\"article:publisher\" content=\"https:\/\/www.facebook.com\/compuviper\" \/>\n<meta property=\"og:image\" content=\"https:\/\/compuviper.mx\/tienda\/wp-content\/uploads\/2025\/10\/Adaptador-hub-tp-link-uh6120c-6-en-1-1-puerto-usb-c-entrada-1-puerto-hdmi-4k-1-puerto-ethernet-gigabit-1-puerto-usb-c-2-puertos-usb-a.jpg\" \/>\n\t<meta property=\"og:image:width\" content=\"200\" \/>\n\t<meta property=\"og:image:height\" content=\"200\" \/>\n\t<meta property=\"og:image:type\" content=\"image\/jpeg\" \/>\n<meta name=\"twitter:card\" content=\"summary_large_image\" \/>\n<meta name=\"twitter:label1\" content=\"Precio\" \/>\n\t<meta name=\"twitter:data1\" content=\"&#36;498 con IVA\" \/>\n\t<meta name=\"twitter:label2\" content=\"Availability\" \/>\n\t<meta name=\"twitter:data2\" content=\"Out of stock\" \/>\n<script type=\"application\/ld+json\" class=\"yoast-schema-graph\">{\"@context\":\"https:\/\/schema.org\",\"@graph\":[{\"@type\":\"WebPage\",\"@id\":\"https:\/\/compuviper.mx\/tienda\/producto\/tp-link-uh6120c-adaptador-hub-tp-link-6-en-1-1-puerto-usb-c-entrada-1-puerto-hdmi-4k-1-puerto-ethernet-gigabit-1-puerto-usb-c-2-puertos-usb-a\/\",\"url\":\"https:\/\/compuviper.mx\/tienda\/producto\/tp-link-uh6120c-adaptador-hub-tp-link-6-en-1-1-puerto-usb-c-entrada-1-puerto-hdmi-4k-1-puerto-ethernet-gigabit-1-puerto-usb-c-2-puertos-usb-a\/\",\"name\":\"[ Tp Link ] &#129351; Uh6120c Adaptador Hub | Tp-link | | 6 En 1 | 1 Puerto Usb-c Entrada | 1 Puerto Hdmi 4k | 1 Puerto Ethernet Gigabit | 1 Puerto Usb-c | 2 Puertos Usb-a\",\"isPartOf\":{\"@id\":\"https:\/\/compuviper.mx\/tienda\/#website\"},\"datePublished\":\"2026-04-02T05:16:35+00:00\",\"dateModified\":\"2026-04-02T05:16:35+00:00\",\"description\":\"Compra Uh6120c Adaptador Hub | Tp-link | | 6 En 1 | 1 Puerto Usb-c Entrada | 1 Puerto Hdmi 4k | 1 Puerto Ethernet Gigabit | 1 Puerto Usb-c | 2 Puertos Usb-a + Env\u00edo a domicilio + Pago seguro + Garant\u00eda\",\"breadcrumb\":{\"@id\":\"https:\/\/compuviper.mx\/tienda\/producto\/tp-link-uh6120c-adaptador-hub-tp-link-6-en-1-1-puerto-usb-c-entrada-1-puerto-hdmi-4k-1-puerto-ethernet-gigabit-1-puerto-usb-c-2-puertos-usb-a\/#breadcrumb\"},\"inLanguage\":\"es-MX\",\"potentialAction\":[{\"@type\":\"ReadAction\",\"target\":[\"https:\/\/compuviper.mx\/tienda\/producto\/tp-link-uh6120c-adaptador-hub-tp-link-6-en-1-1-puerto-usb-c-entrada-1-puerto-hdmi-4k-1-puerto-ethernet-gigabit-1-puerto-usb-c-2-puertos-usb-a\/\"]}]},{\"@type\":\"BreadcrumbList\",\"@id\":\"https:\/\/compuviper.mx\/tienda\/producto\/tp-link-uh6120c-adaptador-hub-tp-link-6-en-1-1-puerto-usb-c-entrada-1-puerto-hdmi-4k-1-puerto-ethernet-gigabit-1-puerto-usb-c-2-puertos-usb-a\/#breadcrumb\",\"itemListElement\":[{\"@type\":\"ListItem\",\"position\":1,\"name\":\"Inicio\",\"item\":\"https:\/\/compuviper.mx\/tienda\/\"},{\"@type\":\"ListItem\",\"position\":2,\"name\":\"Productos\",\"item\":\"https:\/\/compuviper.mx\/tienda\/productos\/\"},{\"@type\":\"ListItem\",\"position\":3,\"name\":\"Accesorios\",\"item\":\"https:\/\/compuviper.mx\/tienda\/categoria-producto\/accesorios\/\"},{\"@type\":\"ListItem\",\"position\":4,\"name\":\"Hub Usb\",\"item\":\"https:\/\/compuviper.mx\/tienda\/categoria-producto\/accesorios\/hub-usb\/\"},{\"@type\":\"ListItem\",\"position\":5,\"name\":\"Tp Link Uh6120c Adaptador Hub | Tp-link | | 6 En 1 | 1 Puerto Usb-c Entrada | 1 Puerto Hdmi 4k | 1 Puerto Ethernet Gigabit | 1 Puerto Usb-c | 2 Puertos Usb-a\"}]},{\"@type\":\"WebSite\",\"@id\":\"https:\/\/compuviper.mx\/tienda\/#website\",\"url\":\"https:\/\/compuviper.mx\/tienda\/\",\"name\":\"Compuviper\",\"description\":\"Proveedor de Computadoras, Laptops, Servidores, Monitores, Puntos de Venta, Teclados,   Impresoras, T\u00f3ner, C\u00e1maras de Seguridad y m\u00e1s en tu tienda en l\u00ednea\",\"publisher\":{\"@id\":\"https:\/\/compuviper.mx\/tienda\/#organization\"},\"potentialAction\":[{\"@type\":\"SearchAction\",\"target\":{\"@type\":\"EntryPoint\",\"urlTemplate\":\"https:\/\/compuviper.mx\/tienda\/?s={search_term_string}\"},\"query-input\":\"required name=search_term_string\"}],\"inLanguage\":\"es-MX\"},{\"@type\":\"Organization\",\"@id\":\"https:\/\/compuviper.mx\/tienda\/#organization\",\"name\":\"Compuviper\",\"url\":\"https:\/\/compuviper.mx\/tienda\/\",\"logo\":{\"@type\":\"ImageObject\",\"inLanguage\":\"es-MX\",\"@id\":\"https:\/\/compuviper.mx\/tienda\/#\/schema\/logo\/image\/\",\"url\":\"https:\/\/compuviper.mx\/tienda\/wp-content\/uploads\/2021\/08\/Logo-Compuviper-10.png\",\"contentUrl\":\"https:\/\/compuviper.mx\/tienda\/wp-content\/uploads\/2021\/08\/Logo-Compuviper-10.png\",\"width\":1000,\"height\":500,\"caption\":\"Compuviper\"},\"image\":{\"@id\":\"https:\/\/compuviper.mx\/tienda\/#\/schema\/logo\/image\/\"},\"sameAs\":[\"https:\/\/www.facebook.com\/compuviper\",\"https:\/\/www.youtube.com\/channel\/UCf73dERp9Y3cfOq7q8BhLjA?view_as=subscriber\"]}]}<\/script>\n<meta property=\"product:brand\" content=\"TP LINK\" \/>\n<meta property=\"product:price:amount\" content=\"498\" \/>\n<meta property=\"product:price:currency\" content=\"MXN\" \/>\n<meta property=\"og:availability\" content=\"out of stock\" \/>\n<meta property=\"product:availability\" content=\"out of stock\" \/>\n<meta property=\"product:retailer_item_id\" content=\"UH6120C\" \/>\n<meta property=\"product:condition\" content=\"new\" \/>\n<!-- \/ Yoast SEO plugin. -->","yoast_head_json":{"title":"[ Tp Link ] &#129351; Uh6120c Adaptador Hub | Tp-link | | 6 En 1 | 1 Puerto Usb-c Entrada | 1 Puerto Hdmi 4k | 1 Puerto Ethernet Gigabit | 1 Puerto Usb-c | 2 Puertos Usb-a","description":"Compra Uh6120c Adaptador Hub | Tp-link | | 6 En 1 | 1 Puerto Usb-c Entrada | 1 Puerto Hdmi 4k | 1 Puerto Ethernet Gigabit | 1 Puerto Usb-c | 2 Puertos Usb-a + Env\u00edo a domicilio + Pago seguro + Garant\u00eda","robots":{"index":"index","follow":"follow","max-snippet":"max-snippet:-1","max-image-preview":"max-image-preview:large","max-video-preview":"max-video-preview:-1"},"canonical":"https:\/\/compuviper.mx\/tienda\/producto\/tp-link-uh6120c-adaptador-hub-tp-link-6-en-1-1-puerto-usb-c-entrada-1-puerto-hdmi-4k-1-puerto-ethernet-gigabit-1-puerto-usb-c-2-puertos-usb-a\/","og_locale":"es_MX","og_type":"article","og_title":"[ Tp Link ] &#129351; Uh6120c Adaptador Hub | Tp-link | | 6 En 1 | 1 Puerto Usb-c Entrada | 1 Puerto Hdmi 4k | 1 Puerto Ethernet Gigabit | 1 Puerto Usb-c | 2 Puertos Usb-a","og_description":"Compra Uh6120c Adaptador Hub | Tp-link | | 6 En 1 | 1 Puerto Usb-c Entrada | 1 Puerto Hdmi 4k | 1 Puerto Ethernet Gigabit | 1 Puerto Usb-c | 2 Puertos Usb-a + Env\u00edo a domicilio + Pago seguro + Garant\u00eda","og_url":"https:\/\/compuviper.mx\/tienda\/producto\/tp-link-uh6120c-adaptador-hub-tp-link-6-en-1-1-puerto-usb-c-entrada-1-puerto-hdmi-4k-1-puerto-ethernet-gigabit-1-puerto-usb-c-2-puertos-usb-a\/","og_site_name":"Compuviper","article_publisher":"https:\/\/www.facebook.com\/compuviper","og_image":[{"width":200,"height":200,"url":"https:\/\/compuviper.mx\/tienda\/wp-content\/uploads\/2025\/10\/Adaptador-hub-tp-link-uh6120c-6-en-1-1-puerto-usb-c-entrada-1-puerto-hdmi-4k-1-puerto-ethernet-gigabit-1-puerto-usb-c-2-puertos-usb-a.jpg","type":"image\/jpeg"}],"twitter_card":"summary_large_image","twitter_misc":{"Precio":"&#36;498 con IVA","Availability":"Out of stock"},"schema":{"@context":"https:\/\/schema.org","@graph":[{"@type":"WebPage","@id":"https:\/\/compuviper.mx\/tienda\/producto\/tp-link-uh6120c-adaptador-hub-tp-link-6-en-1-1-puerto-usb-c-entrada-1-puerto-hdmi-4k-1-puerto-ethernet-gigabit-1-puerto-usb-c-2-puertos-usb-a\/","url":"https:\/\/compuviper.mx\/tienda\/producto\/tp-link-uh6120c-adaptador-hub-tp-link-6-en-1-1-puerto-usb-c-entrada-1-puerto-hdmi-4k-1-puerto-ethernet-gigabit-1-puerto-usb-c-2-puertos-usb-a\/","name":"[ Tp Link ] &#129351; Uh6120c Adaptador Hub | Tp-link | | 6 En 1 | 1 Puerto Usb-c Entrada | 1 Puerto Hdmi 4k | 1 Puerto Ethernet Gigabit | 1 Puerto Usb-c | 2 Puertos Usb-a","isPartOf":{"@id":"https:\/\/compuviper.mx\/tienda\/#website"},"datePublished":"2026-04-02T05:16:35+00:00","dateModified":"2026-04-02T05:16:35+00:00","description":"Compra Uh6120c Adaptador Hub | Tp-link | | 6 En 1 | 1 Puerto Usb-c Entrada | 1 Puerto Hdmi 4k | 1 Puerto Ethernet Gigabit | 1 Puerto Usb-c | 2 Puertos Usb-a + Env\u00edo a domicilio + Pago seguro + Garant\u00eda","breadcrumb":{"@id":"https:\/\/compuviper.mx\/tienda\/producto\/tp-link-uh6120c-adaptador-hub-tp-link-6-en-1-1-puerto-usb-c-entrada-1-puerto-hdmi-4k-1-puerto-ethernet-gigabit-1-puerto-usb-c-2-puertos-usb-a\/#breadcrumb"},"inLanguage":"es-MX","potentialAction":[{"@type":"ReadAction","target":["https:\/\/compuviper.mx\/tienda\/producto\/tp-link-uh6120c-adaptador-hub-tp-link-6-en-1-1-puerto-usb-c-entrada-1-puerto-hdmi-4k-1-puerto-ethernet-gigabit-1-puerto-usb-c-2-puertos-usb-a\/"]}]},{"@type":"BreadcrumbList","@id":"https:\/\/compuviper.mx\/tienda\/producto\/tp-link-uh6120c-adaptador-hub-tp-link-6-en-1-1-puerto-usb-c-entrada-1-puerto-hdmi-4k-1-puerto-ethernet-gigabit-1-puerto-usb-c-2-puertos-usb-a\/#breadcrumb","itemListElement":[{"@type":"ListItem","position":1,"name":"Inicio","item":"https:\/\/compuviper.mx\/tienda\/"},{"@type":"ListItem","position":2,"name":"Productos","item":"https:\/\/compuviper.mx\/tienda\/productos\/"},{"@type":"ListItem","position":3,"name":"Accesorios","item":"https:\/\/compuviper.mx\/tienda\/categoria-producto\/accesorios\/"},{"@type":"ListItem","position":4,"name":"Hub Usb","item":"https:\/\/compuviper.mx\/tienda\/categoria-producto\/accesorios\/hub-usb\/"},{"@type":"ListItem","position":5,"name":"Tp Link Uh6120c Adaptador Hub | Tp-link | | 6 En 1 | 1 Puerto Usb-c Entrada | 1 Puerto Hdmi 4k | 1 Puerto Ethernet Gigabit | 1 Puerto Usb-c | 2 Puertos Usb-a"}]},{"@type":"WebSite","@id":"https:\/\/compuviper.mx\/tienda\/#website","url":"https:\/\/compuviper.mx\/tienda\/","name":"Compuviper","description":"Proveedor de Computadoras, Laptops, Servidores, Monitores, Puntos de Venta, Teclados,   Impresoras, T\u00f3ner, C\u00e1maras de Seguridad y m\u00e1s en tu tienda en l\u00ednea","publisher":{"@id":"https:\/\/compuviper.mx\/tienda\/#organization"},"potentialAction":[{"@type":"SearchAction","target":{"@type":"EntryPoint","urlTemplate":"https:\/\/compuviper.mx\/tienda\/?s={search_term_string}"},"query-input":"required name=search_term_string"}],"inLanguage":"es-MX"},{"@type":"Organization","@id":"https:\/\/compuviper.mx\/tienda\/#organization","name":"Compuviper","url":"https:\/\/compuviper.mx\/tienda\/","logo":{"@type":"ImageObject","inLanguage":"es-MX","@id":"https:\/\/compuviper.mx\/tienda\/#\/schema\/logo\/image\/","url":"https:\/\/compuviper.mx\/tienda\/wp-content\/uploads\/2021\/08\/Logo-Compuviper-10.png","contentUrl":"https:\/\/compuviper.mx\/tienda\/wp-content\/uploads\/2021\/08\/Logo-Compuviper-10.png","width":1000,"height":500,"caption":"Compuviper"},"image":{"@id":"https:\/\/compuviper.mx\/tienda\/#\/schema\/logo\/image\/"},"sameAs":["https:\/\/www.facebook.com\/compuviper","https:\/\/www.youtube.com\/channel\/UCf73dERp9Y3cfOq7q8BhLjA?view_as=subscriber"]}]},"product_brand":"TP LINK","product_price_amount":"498","product_price_currency":"MXN","og_availability":"out of stock","product_availability":"out of stock","product_retailer_item_id":"UH6120C","product_condition":"new"},"_links":{"self":[{"href":"https:\/\/compuviper.mx\/tienda\/wp-json\/wp\/v2\/product\/252318"}],"collection":[{"href":"https:\/\/compuviper.mx\/tienda\/wp-json\/wp\/v2\/product"}],"about":[{"href":"https:\/\/compuviper.mx\/tienda\/wp-json\/wp\/v2\/types\/product"}],"replies":[{"embeddable":true,"href":"https:\/\/compuviper.mx\/tienda\/wp-json\/wp\/v2\/comments?post=252318"}],"wp:featuredmedia":[{"embeddable":true,"href":"https:\/\/compuviper.mx\/tienda\/wp-json\/wp\/v2\/media\/258826"}],"wp:attachment":[{"href":"https:\/\/compuviper.mx\/tienda\/wp-json\/wp\/v2\/media?parent=252318"}],"wp:term":[{"taxonomy":"product_cat","embeddable":true,"href":"https:\/\/compuviper.mx\/tienda\/wp-json\/wp\/v2\/product_cat?post=252318"},{"taxonomy":"product_tag","embeddable":true,"href":"https:\/\/compuviper.mx\/tienda\/wp-json\/wp\/v2\/product_tag?post=252318"}],"curies":[{"name":"wp","href":"https:\/\/api.w.org\/{rel}","templated":true}]}}