{"id":252312,"date":"2026-04-18T02:30:09","date_gmt":"2026-04-18T08:30:09","guid":{"rendered":"https:\/\/compuviper.mx\/tienda\/producto\/gigabyte-gv-n407swf3oc-12gd-tarjeta-de-video-rtx-4070-super-12gb-gddr6x-pci-e-4-0-hdmi-2-1-dp-1-4-gamer-gama-alta\/"},"modified":"2026-04-18T02:30:09","modified_gmt":"2026-04-18T08:30:09","slug":"gigabyte-gv-n407swf3oc-12gd-tarjeta-de-video-rtx-4070-super-12gb-gddr6x-pci-e-4-0-hdmi-2-1-dp-1-4-gamer-gama-alta","status":"publish","type":"product","link":"https:\/\/compuviper.mx\/tienda\/producto\/gigabyte-gv-n407swf3oc-12gd-tarjeta-de-video-rtx-4070-super-12gb-gddr6x-pci-e-4-0-hdmi-2-1-dp-1-4-gamer-gama-alta\/","title":{"rendered":"Gigabyte Gv-n407swf3oc-12gd Tarjeta De Video Rtx 4070 Super \/ 12gb \/ Gddr6x \/ Pci-e 4.0 \/ Hdmi 2.1 \/ Dp 1.4 \/ Gamer Gama Alta"},"content":{"rendered":"<table class=\"descripcion\">\n<tr>\n<td>Procesamiento de gr\u00e1ficos<\/td>\n<\/tr>\n<tr>\n<td>Geforce rtx\u0099 4070 s\u00faper<\/td>\n<\/tr>\n<tr>\n<td>Reloj de n\u00facleo<\/td>\n<\/tr>\n<tr>\n<td>2505 mhz (tarjeta de referencia: 2475 mhz)<\/td>\n<\/tr>\n<tr>\n<td>N\u00facleos cuda\u00ae<\/td>\n<\/tr>\n<tr>\n<td>7168<\/td>\n<\/tr>\n<tr>\n<td>Reloj de la memoria<\/td>\n<\/tr>\n<tr>\n<td>21 gbps<\/td>\n<\/tr>\n<tr>\n<td>Tama\u00f1o de la memoria<\/td>\n<\/tr>\n<tr>\n<td>12gb<\/td>\n<\/tr>\n<tr>\n<td>Tipo de memoria<\/td>\n<\/tr>\n<tr>\n<td>Gddr6x<\/td>\n<\/tr>\n<tr>\n<td>Autob\u00fas de memoria<\/td>\n<\/tr>\n<tr>\n<td>192 bits<\/td>\n<\/tr>\n<tr>\n<td>Tarjeta de autob\u00fas<\/td>\n<\/tr>\n<tr>\n<td>Pci-e 4.0<\/td>\n<\/tr>\n<tr>\n<td>Resoluci\u00f3n m\u00e1xima digital<\/td>\n<\/tr>\n<tr>\n<td>7680&#215;4320<\/td>\n<\/tr>\n<tr>\n<td>Vista m\u00faltiple<\/td>\n<\/tr>\n<tr>\n<td>4<\/td>\n<\/tr>\n<tr>\n<td>Tama\u00f1o de tarjeta<\/td>\n<\/tr>\n<tr>\n<td>Largo=261 ancho=126 alto=50 mm<\/td>\n<\/tr>\n<tr>\n<td>Formulario de pcb<\/td>\n<\/tr>\n<tr>\n<td>Atx<\/td>\n<\/tr>\n<tr>\n<td>Directx<\/td>\n<\/tr>\n<tr>\n<td>12 \u00faltimo<\/td>\n<\/tr>\n<tr>\n<td>Opengl<\/td>\n<\/tr>\n<tr>\n<td>4.6<\/td>\n<\/tr>\n<tr>\n<td>Fuente de alimentaci\u00f3n recomendada<\/td>\n<\/tr>\n<tr>\n<td>700w<\/td>\n<\/tr>\n<tr>\n<td>Conectores de alimentaci\u00f3n<\/td>\n<\/tr>\n<tr>\n<td>16 pines * 1<\/td>\n<\/tr>\n<tr>\n<td>Producci\u00f3n<\/td>\n<\/tr>\n<tr>\n<td>Displayport 1.4a *3<\/td>\n<\/tr>\n<tr>\n<td>Hdmi 2.1a *1<\/td>\n<\/tr>\n<tr>\n<td>Accesorios<\/td>\n<\/tr>\n<tr>\n<td>1. gu\u00eda r\u00e1pida<\/td>\n<\/tr>\n<tr>\n<td>2. un adaptador de corriente de 16 pines y dos de 8 pines<\/td>\n<\/tr>\n<\/table>\n","protected":false},"excerpt":{"rendered":"<p>Funci\u00f3n clave. Con tecnolog\u00eda nvidia dlss 3, arco ultraeficiente de ada lovelace y trazado de rayos completo. N\u00facleos tensoriales de cuarta generaci\u00f3n: rendimiento hasta 4 veces mayor con dlss 3 frente a renderizado de fuerza bruta. N\u00facleos rt de tercera generaci\u00f3n: rendimiento de trazado de rayos hasta 2x. Desarrollado por geforce rtx\u0099 4070 super. Integrado con interfaz de memoria de 12 gb gddr6x de 192 bits. Sistema de refrigeraci\u00f3n windforce. Placa trasera met\u00e1lica de protecci\u00f3n. Reloj de n\u00facleo. 2505 mhz (tarjeta de referencia: 2475 mhz)<\/p>\n","protected":false},"featured_media":252313,"comment_status":"open","ping_status":"open","template":"","meta":[],"product_cat":[1841,1842],"product_tag":[1732],"acf":[],"yoast_head":"<!-- This site is optimized with the Yoast SEO plugin v21.7 - https:\/\/yoast.com\/wordpress\/plugins\/seo\/ -->\n<title>[ Gigabyte ] &#129351; Gv-n407swf3oc-12gd Tarjeta De Video Rtx 4070 Super \/ 12gb \/ Gddr6x \/ Pci-e 4.0 \/ Hdmi 2.1 \/ Dp 1.4 \/ Gamer Gama Alta<\/title>\n<meta name=\"description\" content=\"Compra Gv-n407swf3oc-12gd Tarjeta De Video Rtx 4070 Super \/ 12gb \/ Gddr6x \/ Pci-e 4.0 \/ Hdmi 2.1 \/ Dp 1.4 \/ Gamer Gama Alta + Env\u00edo a domicilio + Pago seguro + Garant\u00eda\" \/>\n<meta name=\"robots\" content=\"index, follow, max-snippet:-1, max-image-preview:large, max-video-preview:-1\" \/>\n<link rel=\"canonical\" href=\"https:\/\/compuviper.mx\/tienda\/producto\/gigabyte-gv-n407swf3oc-12gd-tarjeta-de-video-rtx-4070-super-12gb-gddr6x-pci-e-4-0-hdmi-2-1-dp-1-4-gamer-gama-alta\/\" \/>\n<meta property=\"og:locale\" content=\"es_MX\" \/>\n<meta property=\"og:type\" content=\"article\" \/>\n<meta property=\"og:title\" content=\"[ Gigabyte ] &#129351; Gv-n407swf3oc-12gd Tarjeta De Video Rtx 4070 Super \/ 12gb \/ Gddr6x \/ Pci-e 4.0 \/ Hdmi 2.1 \/ Dp 1.4 \/ Gamer Gama Alta\" \/>\n<meta property=\"og:description\" content=\"Compra Gv-n407swf3oc-12gd Tarjeta De Video Rtx 4070 Super \/ 12gb \/ Gddr6x \/ Pci-e 4.0 \/ Hdmi 2.1 \/ Dp 1.4 \/ Gamer Gama Alta + Env\u00edo a domicilio + Pago seguro + Garant\u00eda\" \/>\n<meta property=\"og:url\" content=\"https:\/\/compuviper.mx\/tienda\/producto\/gigabyte-gv-n407swf3oc-12gd-tarjeta-de-video-rtx-4070-super-12gb-gddr6x-pci-e-4-0-hdmi-2-1-dp-1-4-gamer-gama-alta\/\" \/>\n<meta property=\"og:site_name\" content=\"Compuviper\" \/>\n<meta property=\"article:publisher\" content=\"https:\/\/www.facebook.com\/compuviper\" \/>\n<meta property=\"og:image\" content=\"https:\/\/compuviper.mx\/tienda\/wp-content\/uploads\/2025\/05\/Tarjeta-de-video-rtx-4070-super-12gb-gddr6x-pci-e-4.0-hdmi-2.1-dp-1.4-gamer-gama-alta.jpg\" \/>\n\t<meta property=\"og:image:width\" content=\"200\" \/>\n\t<meta property=\"og:image:height\" content=\"200\" \/>\n\t<meta property=\"og:image:type\" content=\"image\/jpeg\" \/>\n<meta name=\"twitter:card\" content=\"summary_large_image\" \/>\n<meta name=\"twitter:label1\" content=\"Precio\" \/>\n\t<meta name=\"twitter:data1\" content=\"&#36;10,798 con IVA\" \/>\n\t<meta name=\"twitter:label2\" content=\"Availability\" \/>\n\t<meta name=\"twitter:data2\" content=\"Out of stock\" \/>\n<script type=\"application\/ld+json\" class=\"yoast-schema-graph\">{\"@context\":\"https:\/\/schema.org\",\"@graph\":[{\"@type\":\"WebPage\",\"@id\":\"https:\/\/compuviper.mx\/tienda\/producto\/gigabyte-gv-n407swf3oc-12gd-tarjeta-de-video-rtx-4070-super-12gb-gddr6x-pci-e-4-0-hdmi-2-1-dp-1-4-gamer-gama-alta\/\",\"url\":\"https:\/\/compuviper.mx\/tienda\/producto\/gigabyte-gv-n407swf3oc-12gd-tarjeta-de-video-rtx-4070-super-12gb-gddr6x-pci-e-4-0-hdmi-2-1-dp-1-4-gamer-gama-alta\/\",\"name\":\"[ Gigabyte ] &#129351; Gv-n407swf3oc-12gd Tarjeta De Video Rtx 4070 Super \/ 12gb \/ Gddr6x \/ Pci-e 4.0 \/ Hdmi 2.1 \/ Dp 1.4 \/ Gamer Gama Alta\",\"isPartOf\":{\"@id\":\"https:\/\/compuviper.mx\/tienda\/#website\"},\"datePublished\":\"2026-04-18T08:30:09+00:00\",\"dateModified\":\"2026-04-18T08:30:09+00:00\",\"description\":\"Compra Gv-n407swf3oc-12gd Tarjeta De Video Rtx 4070 Super \/ 12gb \/ Gddr6x \/ Pci-e 4.0 \/ Hdmi 2.1 \/ Dp 1.4 \/ Gamer Gama Alta + Env\u00edo a domicilio + Pago seguro + Garant\u00eda\",\"breadcrumb\":{\"@id\":\"https:\/\/compuviper.mx\/tienda\/producto\/gigabyte-gv-n407swf3oc-12gd-tarjeta-de-video-rtx-4070-super-12gb-gddr6x-pci-e-4-0-hdmi-2-1-dp-1-4-gamer-gama-alta\/#breadcrumb\"},\"inLanguage\":\"es-MX\",\"potentialAction\":[{\"@type\":\"ReadAction\",\"target\":[\"https:\/\/compuviper.mx\/tienda\/producto\/gigabyte-gv-n407swf3oc-12gd-tarjeta-de-video-rtx-4070-super-12gb-gddr6x-pci-e-4-0-hdmi-2-1-dp-1-4-gamer-gama-alta\/\"]}]},{\"@type\":\"BreadcrumbList\",\"@id\":\"https:\/\/compuviper.mx\/tienda\/producto\/gigabyte-gv-n407swf3oc-12gd-tarjeta-de-video-rtx-4070-super-12gb-gddr6x-pci-e-4-0-hdmi-2-1-dp-1-4-gamer-gama-alta\/#breadcrumb\",\"itemListElement\":[{\"@type\":\"ListItem\",\"position\":1,\"name\":\"Inicio\",\"item\":\"https:\/\/compuviper.mx\/tienda\/\"},{\"@type\":\"ListItem\",\"position\":2,\"name\":\"Productos\",\"item\":\"https:\/\/compuviper.mx\/tienda\/productos\/\"},{\"@type\":\"ListItem\",\"position\":3,\"name\":\"Video\",\"item\":\"https:\/\/compuviper.mx\/tienda\/categoria-producto\/video\/\"},{\"@type\":\"ListItem\",\"position\":4,\"name\":\"Video\",\"item\":\"https:\/\/compuviper.mx\/tienda\/categoria-producto\/video\/video-video\/\"},{\"@type\":\"ListItem\",\"position\":5,\"name\":\"Gigabyte Gv-n407swf3oc-12gd Tarjeta De Video Rtx 4070 Super \/ 12gb \/ Gddr6x \/ Pci-e 4.0 \/ Hdmi 2.1 \/ Dp 1.4 \/ Gamer Gama Alta\"}]},{\"@type\":\"WebSite\",\"@id\":\"https:\/\/compuviper.mx\/tienda\/#website\",\"url\":\"https:\/\/compuviper.mx\/tienda\/\",\"name\":\"Compuviper\",\"description\":\"Proveedor de Computadoras, Laptops, Servidores, Monitores, Puntos de Venta, Teclados,   Impresoras, T\u00f3ner, C\u00e1maras de Seguridad y m\u00e1s en tu tienda en l\u00ednea\",\"publisher\":{\"@id\":\"https:\/\/compuviper.mx\/tienda\/#organization\"},\"potentialAction\":[{\"@type\":\"SearchAction\",\"target\":{\"@type\":\"EntryPoint\",\"urlTemplate\":\"https:\/\/compuviper.mx\/tienda\/?s={search_term_string}\"},\"query-input\":\"required name=search_term_string\"}],\"inLanguage\":\"es-MX\"},{\"@type\":\"Organization\",\"@id\":\"https:\/\/compuviper.mx\/tienda\/#organization\",\"name\":\"Compuviper\",\"url\":\"https:\/\/compuviper.mx\/tienda\/\",\"logo\":{\"@type\":\"ImageObject\",\"inLanguage\":\"es-MX\",\"@id\":\"https:\/\/compuviper.mx\/tienda\/#\/schema\/logo\/image\/\",\"url\":\"https:\/\/compuviper.mx\/tienda\/wp-content\/uploads\/2021\/08\/Logo-Compuviper-10.png\",\"contentUrl\":\"https:\/\/compuviper.mx\/tienda\/wp-content\/uploads\/2021\/08\/Logo-Compuviper-10.png\",\"width\":1000,\"height\":500,\"caption\":\"Compuviper\"},\"image\":{\"@id\":\"https:\/\/compuviper.mx\/tienda\/#\/schema\/logo\/image\/\"},\"sameAs\":[\"https:\/\/www.facebook.com\/compuviper\",\"https:\/\/www.youtube.com\/channel\/UCf73dERp9Y3cfOq7q8BhLjA?view_as=subscriber\"]}]}<\/script>\n<meta property=\"product:brand\" content=\"GIGABYTE\" \/>\n<meta property=\"product:price:amount\" content=\"10798\" \/>\n<meta property=\"product:price:currency\" content=\"MXN\" \/>\n<meta property=\"og:availability\" content=\"out of stock\" \/>\n<meta property=\"product:availability\" content=\"out of stock\" \/>\n<meta property=\"product:retailer_item_id\" content=\"GV-N407SWF3OC-12GD\" \/>\n<meta property=\"product:condition\" content=\"new\" \/>\n<!-- \/ Yoast SEO plugin. -->","yoast_head_json":{"title":"[ Gigabyte ] &#129351; Gv-n407swf3oc-12gd Tarjeta De Video Rtx 4070 Super \/ 12gb \/ Gddr6x \/ Pci-e 4.0 \/ Hdmi 2.1 \/ Dp 1.4 \/ Gamer Gama Alta","description":"Compra Gv-n407swf3oc-12gd Tarjeta De Video Rtx 4070 Super \/ 12gb \/ Gddr6x \/ Pci-e 4.0 \/ Hdmi 2.1 \/ Dp 1.4 \/ Gamer Gama Alta + Env\u00edo a domicilio + Pago seguro + Garant\u00eda","robots":{"index":"index","follow":"follow","max-snippet":"max-snippet:-1","max-image-preview":"max-image-preview:large","max-video-preview":"max-video-preview:-1"},"canonical":"https:\/\/compuviper.mx\/tienda\/producto\/gigabyte-gv-n407swf3oc-12gd-tarjeta-de-video-rtx-4070-super-12gb-gddr6x-pci-e-4-0-hdmi-2-1-dp-1-4-gamer-gama-alta\/","og_locale":"es_MX","og_type":"article","og_title":"[ Gigabyte ] &#129351; Gv-n407swf3oc-12gd Tarjeta De Video Rtx 4070 Super \/ 12gb \/ Gddr6x \/ Pci-e 4.0 \/ Hdmi 2.1 \/ Dp 1.4 \/ Gamer Gama Alta","og_description":"Compra Gv-n407swf3oc-12gd Tarjeta De Video Rtx 4070 Super \/ 12gb \/ Gddr6x \/ Pci-e 4.0 \/ Hdmi 2.1 \/ Dp 1.4 \/ Gamer Gama Alta + Env\u00edo a domicilio + Pago seguro + Garant\u00eda","og_url":"https:\/\/compuviper.mx\/tienda\/producto\/gigabyte-gv-n407swf3oc-12gd-tarjeta-de-video-rtx-4070-super-12gb-gddr6x-pci-e-4-0-hdmi-2-1-dp-1-4-gamer-gama-alta\/","og_site_name":"Compuviper","article_publisher":"https:\/\/www.facebook.com\/compuviper","og_image":[{"width":200,"height":200,"url":"https:\/\/compuviper.mx\/tienda\/wp-content\/uploads\/2025\/05\/Tarjeta-de-video-rtx-4070-super-12gb-gddr6x-pci-e-4.0-hdmi-2.1-dp-1.4-gamer-gama-alta.jpg","type":"image\/jpeg"}],"twitter_card":"summary_large_image","twitter_misc":{"Precio":"&#36;10,798 con IVA","Availability":"Out of stock"},"schema":{"@context":"https:\/\/schema.org","@graph":[{"@type":"WebPage","@id":"https:\/\/compuviper.mx\/tienda\/producto\/gigabyte-gv-n407swf3oc-12gd-tarjeta-de-video-rtx-4070-super-12gb-gddr6x-pci-e-4-0-hdmi-2-1-dp-1-4-gamer-gama-alta\/","url":"https:\/\/compuviper.mx\/tienda\/producto\/gigabyte-gv-n407swf3oc-12gd-tarjeta-de-video-rtx-4070-super-12gb-gddr6x-pci-e-4-0-hdmi-2-1-dp-1-4-gamer-gama-alta\/","name":"[ Gigabyte ] &#129351; Gv-n407swf3oc-12gd Tarjeta De Video Rtx 4070 Super \/ 12gb \/ Gddr6x \/ Pci-e 4.0 \/ Hdmi 2.1 \/ Dp 1.4 \/ Gamer Gama Alta","isPartOf":{"@id":"https:\/\/compuviper.mx\/tienda\/#website"},"datePublished":"2026-04-18T08:30:09+00:00","dateModified":"2026-04-18T08:30:09+00:00","description":"Compra Gv-n407swf3oc-12gd Tarjeta De Video Rtx 4070 Super \/ 12gb \/ Gddr6x \/ Pci-e 4.0 \/ Hdmi 2.1 \/ Dp 1.4 \/ Gamer Gama Alta + Env\u00edo a domicilio + Pago seguro + Garant\u00eda","breadcrumb":{"@id":"https:\/\/compuviper.mx\/tienda\/producto\/gigabyte-gv-n407swf3oc-12gd-tarjeta-de-video-rtx-4070-super-12gb-gddr6x-pci-e-4-0-hdmi-2-1-dp-1-4-gamer-gama-alta\/#breadcrumb"},"inLanguage":"es-MX","potentialAction":[{"@type":"ReadAction","target":["https:\/\/compuviper.mx\/tienda\/producto\/gigabyte-gv-n407swf3oc-12gd-tarjeta-de-video-rtx-4070-super-12gb-gddr6x-pci-e-4-0-hdmi-2-1-dp-1-4-gamer-gama-alta\/"]}]},{"@type":"BreadcrumbList","@id":"https:\/\/compuviper.mx\/tienda\/producto\/gigabyte-gv-n407swf3oc-12gd-tarjeta-de-video-rtx-4070-super-12gb-gddr6x-pci-e-4-0-hdmi-2-1-dp-1-4-gamer-gama-alta\/#breadcrumb","itemListElement":[{"@type":"ListItem","position":1,"name":"Inicio","item":"https:\/\/compuviper.mx\/tienda\/"},{"@type":"ListItem","position":2,"name":"Productos","item":"https:\/\/compuviper.mx\/tienda\/productos\/"},{"@type":"ListItem","position":3,"name":"Video","item":"https:\/\/compuviper.mx\/tienda\/categoria-producto\/video\/"},{"@type":"ListItem","position":4,"name":"Video","item":"https:\/\/compuviper.mx\/tienda\/categoria-producto\/video\/video-video\/"},{"@type":"ListItem","position":5,"name":"Gigabyte Gv-n407swf3oc-12gd Tarjeta De Video Rtx 4070 Super \/ 12gb \/ Gddr6x \/ Pci-e 4.0 \/ Hdmi 2.1 \/ Dp 1.4 \/ Gamer Gama Alta"}]},{"@type":"WebSite","@id":"https:\/\/compuviper.mx\/tienda\/#website","url":"https:\/\/compuviper.mx\/tienda\/","name":"Compuviper","description":"Proveedor de Computadoras, Laptops, Servidores, Monitores, Puntos de Venta, Teclados,   Impresoras, T\u00f3ner, C\u00e1maras de Seguridad y m\u00e1s en tu tienda en l\u00ednea","publisher":{"@id":"https:\/\/compuviper.mx\/tienda\/#organization"},"potentialAction":[{"@type":"SearchAction","target":{"@type":"EntryPoint","urlTemplate":"https:\/\/compuviper.mx\/tienda\/?s={search_term_string}"},"query-input":"required name=search_term_string"}],"inLanguage":"es-MX"},{"@type":"Organization","@id":"https:\/\/compuviper.mx\/tienda\/#organization","name":"Compuviper","url":"https:\/\/compuviper.mx\/tienda\/","logo":{"@type":"ImageObject","inLanguage":"es-MX","@id":"https:\/\/compuviper.mx\/tienda\/#\/schema\/logo\/image\/","url":"https:\/\/compuviper.mx\/tienda\/wp-content\/uploads\/2021\/08\/Logo-Compuviper-10.png","contentUrl":"https:\/\/compuviper.mx\/tienda\/wp-content\/uploads\/2021\/08\/Logo-Compuviper-10.png","width":1000,"height":500,"caption":"Compuviper"},"image":{"@id":"https:\/\/compuviper.mx\/tienda\/#\/schema\/logo\/image\/"},"sameAs":["https:\/\/www.facebook.com\/compuviper","https:\/\/www.youtube.com\/channel\/UCf73dERp9Y3cfOq7q8BhLjA?view_as=subscriber"]}]},"product_brand":"GIGABYTE","product_price_amount":"10798","product_price_currency":"MXN","og_availability":"out of stock","product_availability":"out of stock","product_retailer_item_id":"GV-N407SWF3OC-12GD","product_condition":"new"},"_links":{"self":[{"href":"https:\/\/compuviper.mx\/tienda\/wp-json\/wp\/v2\/product\/252312"}],"collection":[{"href":"https:\/\/compuviper.mx\/tienda\/wp-json\/wp\/v2\/product"}],"about":[{"href":"https:\/\/compuviper.mx\/tienda\/wp-json\/wp\/v2\/types\/product"}],"replies":[{"embeddable":true,"href":"https:\/\/compuviper.mx\/tienda\/wp-json\/wp\/v2\/comments?post=252312"}],"wp:featuredmedia":[{"embeddable":true,"href":"https:\/\/compuviper.mx\/tienda\/wp-json\/wp\/v2\/media\/252313"}],"wp:attachment":[{"href":"https:\/\/compuviper.mx\/tienda\/wp-json\/wp\/v2\/media?parent=252312"}],"wp:term":[{"taxonomy":"product_cat","embeddable":true,"href":"https:\/\/compuviper.mx\/tienda\/wp-json\/wp\/v2\/product_cat?post=252312"},{"taxonomy":"product_tag","embeddable":true,"href":"https:\/\/compuviper.mx\/tienda\/wp-json\/wp\/v2\/product_tag?post=252312"}],"curies":[{"name":"wp","href":"https:\/\/api.w.org\/{rel}","templated":true}]}}