{"id":251799,"date":"2026-04-10T23:40:45","date_gmt":"2026-04-11T05:40:45","guid":{"rendered":"https:\/\/compuviper.mx\/tienda\/producto\/startech-com-usb3sab10m-cable-activo-usb-3-0-superspeed-de-10-metros-a-macho-a-b-macho-usb-3-1-gen-1-5gbps-mod\/"},"modified":"2026-04-10T23:40:45","modified_gmt":"2026-04-11T05:40:45","slug":"startech-com-usb3sab10m-cable-activo-usb-3-0-superspeed-de-10-metros-a-macho-a-b-macho-usb-3-1-gen-1-5gbps-mod","status":"publish","type":"product","link":"https:\/\/compuviper.mx\/tienda\/producto\/startech-com-usb3sab10m-cable-activo-usb-3-0-superspeed-de-10-metros-a-macho-a-b-macho-usb-3-1-gen-1-5gbps-mod\/","title":{"rendered":"Startech.com Usb3sab10m Cable Activo Usb 3.0 Superspeed De 10 Metros &#8211; A Macho A B Macho &#8211; Usb 3.1 Gen 1 5gbps &#8211;  Mod."},"content":{"rendered":"<table class=\"descripcion\">\n<tr>\n<td>Caracter\u00edsticas f\u00edsicas<\/td>\n<\/tr>\n<tr>\n<td>Altura: 1.4 cm<\/td>\n<\/tr>\n<tr>\n<td>Ancho: 15 mm<\/td>\n<\/tr>\n<tr>\n<td>Calibre del conductor : 24\/28 awg<\/td>\n<\/tr>\n<tr>\n<td>Color: negro<\/td>\n<\/tr>\n<tr>\n<td>Estilo de conector : recto<\/td>\n<\/tr>\n<tr>\n<td>Longitud del cable: 10 m<\/td>\n<\/tr>\n<tr>\n<td>Longitud: 10 m<\/td>\n<\/tr>\n<tr>\n<td>Peso: 512 g<\/td>\n<\/tr>\n<tr>\n<td>Conector(es)<\/td>\n<\/tr>\n<tr>\n<td>Conector a : usb type-a (9 pines) usb 3.0<\/td>\n<\/tr>\n<tr>\n<td>Conector b : usb type-b (9 pines) usb 3.0<\/td>\n<\/tr>\n<tr>\n<td>Hardware<\/td>\n<\/tr>\n<tr>\n<td>Cable tipo jacket : pvc &#8211; polyvinyl chloride<\/td>\n<\/tr>\n<tr>\n<td>Revestimiento del conector : n\u00edquel<\/td>\n<\/tr>\n<tr>\n<td>Tipo de cable blindado : l\u00e1mina de aluminio mylar con malla trenzada<\/td>\n<\/tr>\n<tr>\n<td>Rendimiento<\/td>\n<\/tr>\n<tr>\n<td>Tipo y velocidad : usb 3.0 &#8211; 5 gbit\/s<\/td>\n<\/tr>\n<\/table>\n","protected":false},"excerpt":{"rendered":"<p>Ahora ya no tiene que verse limitado por la longitud est\u00e1ndar de un cable usb. Este cable activo\u00a0usb 3.1 gen 1 (5gbps), mejor conocido como cable usb 3.0, permite colocar sus perif\u00e9ricos usb type-b donde sea necesario, a una distancia de hasta 10\u00a0metros de su computadora. Ahora es posible situar sus dispositivos usb, como discos duros port\u00e1tiles y dispositivos externos de captura de video, en una ubicaci\u00f3n que permita aprovechar mejor su espacio de trabajo. Este cable de 10\u00a0metros tiene un chip ecualizador integrado que ofrece una conexi\u00f3n confiable,\u00a0sin p\u00e9rdida de la se\u00f1al,\u00a0m\u00e1s all\u00e1 del l\u00edmite de 3 metros de longitud de los cables usb 3.0 est\u00e1ndar.<\/p>\n","protected":false},"featured_media":252591,"comment_status":"open","ping_status":"open","template":"","meta":[],"product_cat":[1605,1549],"product_tag":[1590],"acf":[],"yoast_head":"<!-- This site is optimized with the Yoast SEO plugin v21.7 - https:\/\/yoast.com\/wordpress\/plugins\/seo\/ -->\n<title>[ Startech.com ] &#129351; Usb3sab10m Cable Activo Usb 3.0 Superspeed De 10 Metros - A Macho A B Macho - Usb 3.1 Gen 1 5gbps - Mod.<\/title>\n<meta name=\"description\" content=\"Compra Usb3sab10m Cable Activo Usb 3.0 Superspeed De 10 Metros - A Macho A B Macho - Usb 3.1 Gen 1 5gbps - Mod. + Env\u00edo a domicilio + Pago seguro + Garant\u00eda\" \/>\n<meta name=\"robots\" content=\"index, follow, max-snippet:-1, max-image-preview:large, max-video-preview:-1\" \/>\n<link rel=\"canonical\" href=\"https:\/\/compuviper.mx\/tienda\/producto\/startech-com-usb3sab10m-cable-activo-usb-3-0-superspeed-de-10-metros-a-macho-a-b-macho-usb-3-1-gen-1-5gbps-mod\/\" \/>\n<meta property=\"og:locale\" content=\"es_MX\" \/>\n<meta property=\"og:type\" content=\"article\" \/>\n<meta property=\"og:title\" content=\"[ Startech.com ] &#129351; Usb3sab10m Cable Activo Usb 3.0 Superspeed De 10 Metros - A Macho A B Macho - Usb 3.1 Gen 1 5gbps - Mod.\" \/>\n<meta property=\"og:description\" content=\"Compra Usb3sab10m Cable Activo Usb 3.0 Superspeed De 10 Metros - A Macho A B Macho - Usb 3.1 Gen 1 5gbps - Mod. + Env\u00edo a domicilio + Pago seguro + Garant\u00eda\" \/>\n<meta property=\"og:url\" content=\"https:\/\/compuviper.mx\/tienda\/producto\/startech-com-usb3sab10m-cable-activo-usb-3-0-superspeed-de-10-metros-a-macho-a-b-macho-usb-3-1-gen-1-5gbps-mod\/\" \/>\n<meta property=\"og:site_name\" content=\"Compuviper\" \/>\n<meta property=\"article:publisher\" content=\"https:\/\/www.facebook.com\/compuviper\" \/>\n<meta property=\"og:image\" content=\"https:\/\/compuviper.mx\/tienda\/wp-content\/uploads\/2025\/05\/Cable-activo-usb-3.0-superspeed-de-10-metros-a-macho-a-b-macho-usb-3.1-gen-1-5gbps-startech.com-mod.-usb3sab10m.jpg\" \/>\n\t<meta property=\"og:image:width\" content=\"200\" \/>\n\t<meta property=\"og:image:height\" content=\"200\" \/>\n\t<meta property=\"og:image:type\" content=\"image\/jpeg\" \/>\n<meta name=\"twitter:card\" content=\"summary_large_image\" \/>\n<meta name=\"twitter:label1\" content=\"Precio\" \/>\n\t<meta name=\"twitter:data1\" content=\"&#36;2,368 con IVA\" \/>\n\t<meta name=\"twitter:label2\" content=\"Availability\" \/>\n\t<meta name=\"twitter:data2\" content=\"Out of stock\" \/>\n<script type=\"application\/ld+json\" class=\"yoast-schema-graph\">{\"@context\":\"https:\/\/schema.org\",\"@graph\":[{\"@type\":\"WebPage\",\"@id\":\"https:\/\/compuviper.mx\/tienda\/producto\/startech-com-usb3sab10m-cable-activo-usb-3-0-superspeed-de-10-metros-a-macho-a-b-macho-usb-3-1-gen-1-5gbps-mod\/\",\"url\":\"https:\/\/compuviper.mx\/tienda\/producto\/startech-com-usb3sab10m-cable-activo-usb-3-0-superspeed-de-10-metros-a-macho-a-b-macho-usb-3-1-gen-1-5gbps-mod\/\",\"name\":\"[ Startech.com ] &#129351; Usb3sab10m Cable Activo Usb 3.0 Superspeed De 10 Metros - A Macho A B Macho - Usb 3.1 Gen 1 5gbps - Mod.\",\"isPartOf\":{\"@id\":\"https:\/\/compuviper.mx\/tienda\/#website\"},\"datePublished\":\"2026-04-11T05:40:45+00:00\",\"dateModified\":\"2026-04-11T05:40:45+00:00\",\"description\":\"Compra Usb3sab10m Cable Activo Usb 3.0 Superspeed De 10 Metros - A Macho A B Macho - Usb 3.1 Gen 1 5gbps - Mod. + Env\u00edo a domicilio + Pago seguro + Garant\u00eda\",\"breadcrumb\":{\"@id\":\"https:\/\/compuviper.mx\/tienda\/producto\/startech-com-usb3sab10m-cable-activo-usb-3-0-superspeed-de-10-metros-a-macho-a-b-macho-usb-3-1-gen-1-5gbps-mod\/#breadcrumb\"},\"inLanguage\":\"es-MX\",\"potentialAction\":[{\"@type\":\"ReadAction\",\"target\":[\"https:\/\/compuviper.mx\/tienda\/producto\/startech-com-usb3sab10m-cable-activo-usb-3-0-superspeed-de-10-metros-a-macho-a-b-macho-usb-3-1-gen-1-5gbps-mod\/\"]}]},{\"@type\":\"BreadcrumbList\",\"@id\":\"https:\/\/compuviper.mx\/tienda\/producto\/startech-com-usb3sab10m-cable-activo-usb-3-0-superspeed-de-10-metros-a-macho-a-b-macho-usb-3-1-gen-1-5gbps-mod\/#breadcrumb\",\"itemListElement\":[{\"@type\":\"ListItem\",\"position\":1,\"name\":\"Inicio\",\"item\":\"https:\/\/compuviper.mx\/tienda\/\"},{\"@type\":\"ListItem\",\"position\":2,\"name\":\"Productos\",\"item\":\"https:\/\/compuviper.mx\/tienda\/productos\/\"},{\"@type\":\"ListItem\",\"position\":3,\"name\":\"Cables\",\"item\":\"https:\/\/compuviper.mx\/tienda\/categoria-producto\/cables\/\"},{\"@type\":\"ListItem\",\"position\":4,\"name\":\"Cable Usb\",\"item\":\"https:\/\/compuviper.mx\/tienda\/categoria-producto\/cables\/cable-usb\/\"},{\"@type\":\"ListItem\",\"position\":5,\"name\":\"Startech.com Usb3sab10m Cable Activo Usb 3.0 Superspeed De 10 Metros &#8211; A Macho A B Macho &#8211; Usb 3.1 Gen 1 5gbps &#8211; Mod.\"}]},{\"@type\":\"WebSite\",\"@id\":\"https:\/\/compuviper.mx\/tienda\/#website\",\"url\":\"https:\/\/compuviper.mx\/tienda\/\",\"name\":\"Compuviper\",\"description\":\"Proveedor de Computadoras, Laptops, Servidores, Monitores, Puntos de Venta, Teclados,   Impresoras, T\u00f3ner, C\u00e1maras de Seguridad y m\u00e1s en tu tienda en l\u00ednea\",\"publisher\":{\"@id\":\"https:\/\/compuviper.mx\/tienda\/#organization\"},\"potentialAction\":[{\"@type\":\"SearchAction\",\"target\":{\"@type\":\"EntryPoint\",\"urlTemplate\":\"https:\/\/compuviper.mx\/tienda\/?s={search_term_string}\"},\"query-input\":\"required name=search_term_string\"}],\"inLanguage\":\"es-MX\"},{\"@type\":\"Organization\",\"@id\":\"https:\/\/compuviper.mx\/tienda\/#organization\",\"name\":\"Compuviper\",\"url\":\"https:\/\/compuviper.mx\/tienda\/\",\"logo\":{\"@type\":\"ImageObject\",\"inLanguage\":\"es-MX\",\"@id\":\"https:\/\/compuviper.mx\/tienda\/#\/schema\/logo\/image\/\",\"url\":\"https:\/\/compuviper.mx\/tienda\/wp-content\/uploads\/2021\/08\/Logo-Compuviper-10.png\",\"contentUrl\":\"https:\/\/compuviper.mx\/tienda\/wp-content\/uploads\/2021\/08\/Logo-Compuviper-10.png\",\"width\":1000,\"height\":500,\"caption\":\"Compuviper\"},\"image\":{\"@id\":\"https:\/\/compuviper.mx\/tienda\/#\/schema\/logo\/image\/\"},\"sameAs\":[\"https:\/\/www.facebook.com\/compuviper\",\"https:\/\/www.youtube.com\/channel\/UCf73dERp9Y3cfOq7q8BhLjA?view_as=subscriber\"]}]}<\/script>\n<meta property=\"product:brand\" content=\"STARTECH.COM\" \/>\n<meta property=\"product:price:amount\" content=\"2368\" \/>\n<meta property=\"product:price:currency\" content=\"MXN\" \/>\n<meta property=\"og:availability\" content=\"out of stock\" \/>\n<meta property=\"product:availability\" content=\"out of stock\" \/>\n<meta property=\"product:retailer_item_id\" content=\"USB3SAB10M\" \/>\n<meta property=\"product:condition\" content=\"new\" \/>\n<!-- \/ Yoast SEO plugin. -->","yoast_head_json":{"title":"[ Startech.com ] &#129351; Usb3sab10m Cable Activo Usb 3.0 Superspeed De 10 Metros - A Macho A B Macho - Usb 3.1 Gen 1 5gbps - Mod.","description":"Compra Usb3sab10m Cable Activo Usb 3.0 Superspeed De 10 Metros - A Macho A B Macho - Usb 3.1 Gen 1 5gbps - Mod. + Env\u00edo a domicilio + Pago seguro + Garant\u00eda","robots":{"index":"index","follow":"follow","max-snippet":"max-snippet:-1","max-image-preview":"max-image-preview:large","max-video-preview":"max-video-preview:-1"},"canonical":"https:\/\/compuviper.mx\/tienda\/producto\/startech-com-usb3sab10m-cable-activo-usb-3-0-superspeed-de-10-metros-a-macho-a-b-macho-usb-3-1-gen-1-5gbps-mod\/","og_locale":"es_MX","og_type":"article","og_title":"[ Startech.com ] &#129351; Usb3sab10m Cable Activo Usb 3.0 Superspeed De 10 Metros - A Macho A B Macho - Usb 3.1 Gen 1 5gbps - Mod.","og_description":"Compra Usb3sab10m Cable Activo Usb 3.0 Superspeed De 10 Metros - A Macho A B Macho - Usb 3.1 Gen 1 5gbps - Mod. + Env\u00edo a domicilio + Pago seguro + Garant\u00eda","og_url":"https:\/\/compuviper.mx\/tienda\/producto\/startech-com-usb3sab10m-cable-activo-usb-3-0-superspeed-de-10-metros-a-macho-a-b-macho-usb-3-1-gen-1-5gbps-mod\/","og_site_name":"Compuviper","article_publisher":"https:\/\/www.facebook.com\/compuviper","og_image":[{"width":200,"height":200,"url":"https:\/\/compuviper.mx\/tienda\/wp-content\/uploads\/2025\/05\/Cable-activo-usb-3.0-superspeed-de-10-metros-a-macho-a-b-macho-usb-3.1-gen-1-5gbps-startech.com-mod.-usb3sab10m.jpg","type":"image\/jpeg"}],"twitter_card":"summary_large_image","twitter_misc":{"Precio":"&#36;2,368 con IVA","Availability":"Out of stock"},"schema":{"@context":"https:\/\/schema.org","@graph":[{"@type":"WebPage","@id":"https:\/\/compuviper.mx\/tienda\/producto\/startech-com-usb3sab10m-cable-activo-usb-3-0-superspeed-de-10-metros-a-macho-a-b-macho-usb-3-1-gen-1-5gbps-mod\/","url":"https:\/\/compuviper.mx\/tienda\/producto\/startech-com-usb3sab10m-cable-activo-usb-3-0-superspeed-de-10-metros-a-macho-a-b-macho-usb-3-1-gen-1-5gbps-mod\/","name":"[ Startech.com ] &#129351; Usb3sab10m Cable Activo Usb 3.0 Superspeed De 10 Metros - A Macho A B Macho - Usb 3.1 Gen 1 5gbps - Mod.","isPartOf":{"@id":"https:\/\/compuviper.mx\/tienda\/#website"},"datePublished":"2026-04-11T05:40:45+00:00","dateModified":"2026-04-11T05:40:45+00:00","description":"Compra Usb3sab10m Cable Activo Usb 3.0 Superspeed De 10 Metros - A Macho A B Macho - Usb 3.1 Gen 1 5gbps - Mod. + Env\u00edo a domicilio + Pago seguro + Garant\u00eda","breadcrumb":{"@id":"https:\/\/compuviper.mx\/tienda\/producto\/startech-com-usb3sab10m-cable-activo-usb-3-0-superspeed-de-10-metros-a-macho-a-b-macho-usb-3-1-gen-1-5gbps-mod\/#breadcrumb"},"inLanguage":"es-MX","potentialAction":[{"@type":"ReadAction","target":["https:\/\/compuviper.mx\/tienda\/producto\/startech-com-usb3sab10m-cable-activo-usb-3-0-superspeed-de-10-metros-a-macho-a-b-macho-usb-3-1-gen-1-5gbps-mod\/"]}]},{"@type":"BreadcrumbList","@id":"https:\/\/compuviper.mx\/tienda\/producto\/startech-com-usb3sab10m-cable-activo-usb-3-0-superspeed-de-10-metros-a-macho-a-b-macho-usb-3-1-gen-1-5gbps-mod\/#breadcrumb","itemListElement":[{"@type":"ListItem","position":1,"name":"Inicio","item":"https:\/\/compuviper.mx\/tienda\/"},{"@type":"ListItem","position":2,"name":"Productos","item":"https:\/\/compuviper.mx\/tienda\/productos\/"},{"@type":"ListItem","position":3,"name":"Cables","item":"https:\/\/compuviper.mx\/tienda\/categoria-producto\/cables\/"},{"@type":"ListItem","position":4,"name":"Cable Usb","item":"https:\/\/compuviper.mx\/tienda\/categoria-producto\/cables\/cable-usb\/"},{"@type":"ListItem","position":5,"name":"Startech.com Usb3sab10m Cable Activo Usb 3.0 Superspeed De 10 Metros &#8211; A Macho A B Macho &#8211; Usb 3.1 Gen 1 5gbps &#8211; Mod."}]},{"@type":"WebSite","@id":"https:\/\/compuviper.mx\/tienda\/#website","url":"https:\/\/compuviper.mx\/tienda\/","name":"Compuviper","description":"Proveedor de Computadoras, Laptops, Servidores, Monitores, Puntos de Venta, Teclados,   Impresoras, T\u00f3ner, C\u00e1maras de Seguridad y m\u00e1s en tu tienda en l\u00ednea","publisher":{"@id":"https:\/\/compuviper.mx\/tienda\/#organization"},"potentialAction":[{"@type":"SearchAction","target":{"@type":"EntryPoint","urlTemplate":"https:\/\/compuviper.mx\/tienda\/?s={search_term_string}"},"query-input":"required name=search_term_string"}],"inLanguage":"es-MX"},{"@type":"Organization","@id":"https:\/\/compuviper.mx\/tienda\/#organization","name":"Compuviper","url":"https:\/\/compuviper.mx\/tienda\/","logo":{"@type":"ImageObject","inLanguage":"es-MX","@id":"https:\/\/compuviper.mx\/tienda\/#\/schema\/logo\/image\/","url":"https:\/\/compuviper.mx\/tienda\/wp-content\/uploads\/2021\/08\/Logo-Compuviper-10.png","contentUrl":"https:\/\/compuviper.mx\/tienda\/wp-content\/uploads\/2021\/08\/Logo-Compuviper-10.png","width":1000,"height":500,"caption":"Compuviper"},"image":{"@id":"https:\/\/compuviper.mx\/tienda\/#\/schema\/logo\/image\/"},"sameAs":["https:\/\/www.facebook.com\/compuviper","https:\/\/www.youtube.com\/channel\/UCf73dERp9Y3cfOq7q8BhLjA?view_as=subscriber"]}]},"product_brand":"STARTECH.COM","product_price_amount":"2368","product_price_currency":"MXN","og_availability":"out of stock","product_availability":"out of stock","product_retailer_item_id":"USB3SAB10M","product_condition":"new"},"_links":{"self":[{"href":"https:\/\/compuviper.mx\/tienda\/wp-json\/wp\/v2\/product\/251799"}],"collection":[{"href":"https:\/\/compuviper.mx\/tienda\/wp-json\/wp\/v2\/product"}],"about":[{"href":"https:\/\/compuviper.mx\/tienda\/wp-json\/wp\/v2\/types\/product"}],"replies":[{"embeddable":true,"href":"https:\/\/compuviper.mx\/tienda\/wp-json\/wp\/v2\/comments?post=251799"}],"wp:featuredmedia":[{"embeddable":true,"href":"https:\/\/compuviper.mx\/tienda\/wp-json\/wp\/v2\/media\/252591"}],"wp:attachment":[{"href":"https:\/\/compuviper.mx\/tienda\/wp-json\/wp\/v2\/media?parent=251799"}],"wp:term":[{"taxonomy":"product_cat","embeddable":true,"href":"https:\/\/compuviper.mx\/tienda\/wp-json\/wp\/v2\/product_cat?post=251799"},{"taxonomy":"product_tag","embeddable":true,"href":"https:\/\/compuviper.mx\/tienda\/wp-json\/wp\/v2\/product_tag?post=251799"}],"curies":[{"name":"wp","href":"https:\/\/api.w.org\/{rel}","templated":true}]}}