{"id":251796,"date":"2026-04-09T23:14:37","date_gmt":"2026-04-10T05:14:37","guid":{"rendered":"https:\/\/compuviper.mx\/tienda\/producto\/maxcase-asesf31204gry-extreme-shell-f3-for-asus-cr-cz-br-1104-11-6-and-1204-12-2-max-case\/"},"modified":"2026-04-09T23:14:38","modified_gmt":"2026-04-10T05:14:38","slug":"maxcase-asesf31204gry-extreme-shell-f3-for-asus-cr-cz-br-1104-11-6-1204-12-2-max-case","status":"publish","type":"product","link":"https:\/\/compuviper.mx\/tienda\/producto\/maxcase-asesf31204gry-extreme-shell-f3-for-asus-cr-cz-br-1104-11-6-1204-12-2-max-case\/","title":{"rendered":"Maxcase Asesf31204gry Extreme Shell-f3 For Asus Cr\/cz\/br 1104 11.6 1204 12.2 Max Case"},"content":{"rendered":"<table class=\"descripcion\">\n<tr>\n<td>El panel superior deslizable patentado proporciona proteccion a la pantalla distribuyendo uniformemente la presion alrededor de su per\u00edmetro.<\/td>\n<\/tr>\n<tr>\n<td>Se adapta a cada modelo de dispositivo.<\/td>\n<\/tr>\n<tr>\n<td>El esf mas ligero y delgado, sin sacrificar la proteccion.<\/td>\n<\/tr>\n<tr>\n<td>Proporciona una proteccion resistente contra ca\u00eddas, probada segun la norma mil-std 810g-516.6.<\/td>\n<\/tr>\n<tr>\n<td>Las superficies refinadas son lisas y faciles de limpiar.<\/td>\n<\/tr>\n<tr>\n<td>El panel superior deslizable proporciona proteccion a la pantalla distribuyendo uniformemente la presion alrededor de su perimetro.<\/td>\n<\/tr>\n<tr>\n<td>Las capas dobles de tpu resistente ofrecen una proteccion excepcional contra impactos y caidas, con una capa interna amortiguadora y un exterior resistente al aceite y la suciedad.<\/td>\n<\/tr>\n<tr>\n<td>El diseno aerodinamico de las esquinas proporciona proteccion en una amplia gama de condiciones de impacto.<\/td>\n<\/tr>\n<tr>\n<td>Los paneles superior e inferior transparentes resisten aranazos y danos por impacto, y permiten ver las etiquetas de los activos.<\/td>\n<\/tr>\n<tr>\n<td>Su diseno unico incluye una correa de transporte que se ajusta perfectamente al dispositivo (se vende por separado).<\/td>\n<\/tr>\n<tr>\n<td>El diseno deslizable permite una instalacion rapida y sencilla.<\/td>\n<\/tr>\n<\/table>\n","protected":false},"excerpt":{"rendered":"<p>Con el diseno deslizable patentado de maxcases, la funda deslizable extreme shell-f v3 protege las chromebooks con facilidad y proteccion de pantalla mejorada en un diseno actualizado y mas liviano.<\/p>\n","protected":false},"featured_media":258825,"comment_status":"open","ping_status":"open","template":"","meta":[],"product_cat":[1869,1870],"product_tag":[2210],"acf":[],"yoast_head":"<!-- This site is optimized with the Yoast SEO plugin v21.7 - https:\/\/yoast.com\/wordpress\/plugins\/seo\/ -->\n<title>[ Maxcase ] &#129351; Asesf31204gry Extreme Shell-f3 For Asus Cr\/cz\/br 1104 11.6 1204 12.2 Max Case<\/title>\n<meta name=\"description\" content=\"Compra Asesf31204gry Extreme Shell-f3 For Asus Cr\/cz\/br 1104 11.6 1204 12.2 Max Case + Env\u00edo a domicilio + Pago seguro + Garant\u00eda\" \/>\n<meta name=\"robots\" content=\"index, follow, max-snippet:-1, max-image-preview:large, max-video-preview:-1\" \/>\n<link rel=\"canonical\" href=\"https:\/\/compuviper.mx\/tienda\/producto\/maxcase-asesf31204gry-extreme-shell-f3-for-asus-cr-cz-br-1104-11-6-1204-12-2-max-case\/\" \/>\n<meta property=\"og:locale\" content=\"es_MX\" \/>\n<meta property=\"og:type\" content=\"article\" \/>\n<meta property=\"og:title\" content=\"[ Maxcase ] &#129351; Asesf31204gry Extreme Shell-f3 For Asus Cr\/cz\/br 1104 11.6 1204 12.2 Max Case\" \/>\n<meta property=\"og:description\" content=\"Compra Asesf31204gry Extreme Shell-f3 For Asus Cr\/cz\/br 1104 11.6 1204 12.2 Max Case + Env\u00edo a domicilio + Pago seguro + Garant\u00eda\" \/>\n<meta property=\"og:url\" content=\"https:\/\/compuviper.mx\/tienda\/producto\/maxcase-asesf31204gry-extreme-shell-f3-for-asus-cr-cz-br-1104-11-6-1204-12-2-max-case\/\" \/>\n<meta property=\"og:site_name\" content=\"Compuviper\" \/>\n<meta property=\"article:publisher\" content=\"https:\/\/www.facebook.com\/compuviper\" \/>\n<meta property=\"article:modified_time\" content=\"2026-04-10T05:14:38+00:00\" \/>\n<meta property=\"og:image\" content=\"https:\/\/compuviper.mx\/tienda\/wp-content\/uploads\/2025\/10\/Extreme-shell-f3-for-asus-crczbr-1104-11.6-1204-12.2-max-case.jpg\" \/>\n\t<meta property=\"og:image:width\" content=\"200\" \/>\n\t<meta property=\"og:image:height\" content=\"200\" \/>\n\t<meta property=\"og:image:type\" content=\"image\/jpeg\" \/>\n<meta name=\"twitter:card\" content=\"summary_large_image\" \/>\n<meta name=\"twitter:label1\" content=\"Precio\" \/>\n\t<meta name=\"twitter:data1\" content=\"&#36;610 con IVA\" \/>\n\t<meta name=\"twitter:label2\" content=\"Availability\" \/>\n\t<meta name=\"twitter:data2\" content=\"On backorder\" \/>\n<script type=\"application\/ld+json\" class=\"yoast-schema-graph\">{\"@context\":\"https:\/\/schema.org\",\"@graph\":[{\"@type\":\"WebPage\",\"@id\":\"https:\/\/compuviper.mx\/tienda\/producto\/maxcase-asesf31204gry-extreme-shell-f3-for-asus-cr-cz-br-1104-11-6-1204-12-2-max-case\/\",\"url\":\"https:\/\/compuviper.mx\/tienda\/producto\/maxcase-asesf31204gry-extreme-shell-f3-for-asus-cr-cz-br-1104-11-6-1204-12-2-max-case\/\",\"name\":\"[ Maxcase ] &#129351; Asesf31204gry Extreme Shell-f3 For Asus Cr\/cz\/br 1104 11.6 1204 12.2 Max Case\",\"isPartOf\":{\"@id\":\"https:\/\/compuviper.mx\/tienda\/#website\"},\"datePublished\":\"2026-04-10T05:14:37+00:00\",\"dateModified\":\"2026-04-10T05:14:38+00:00\",\"description\":\"Compra Asesf31204gry Extreme Shell-f3 For Asus Cr\/cz\/br 1104 11.6 1204 12.2 Max Case + Env\u00edo a domicilio + Pago seguro + Garant\u00eda\",\"breadcrumb\":{\"@id\":\"https:\/\/compuviper.mx\/tienda\/producto\/maxcase-asesf31204gry-extreme-shell-f3-for-asus-cr-cz-br-1104-11-6-1204-12-2-max-case\/#breadcrumb\"},\"inLanguage\":\"es-MX\",\"potentialAction\":[{\"@type\":\"ReadAction\",\"target\":[\"https:\/\/compuviper.mx\/tienda\/producto\/maxcase-asesf31204gry-extreme-shell-f3-for-asus-cr-cz-br-1104-11-6-1204-12-2-max-case\/\"]}]},{\"@type\":\"BreadcrumbList\",\"@id\":\"https:\/\/compuviper.mx\/tienda\/producto\/maxcase-asesf31204gry-extreme-shell-f3-for-asus-cr-cz-br-1104-11-6-1204-12-2-max-case\/#breadcrumb\",\"itemListElement\":[{\"@type\":\"ListItem\",\"position\":1,\"name\":\"Inicio\",\"item\":\"https:\/\/compuviper.mx\/tienda\/\"},{\"@type\":\"ListItem\",\"position\":2,\"name\":\"Productos\",\"item\":\"https:\/\/compuviper.mx\/tienda\/productos\/\"},{\"@type\":\"ListItem\",\"position\":3,\"name\":\"Fundas\",\"item\":\"https:\/\/compuviper.mx\/tienda\/categoria-producto\/fundas\/\"},{\"@type\":\"ListItem\",\"position\":4,\"name\":\"Notebook\",\"item\":\"https:\/\/compuviper.mx\/tienda\/categoria-producto\/fundas\/notebook-fundas\/\"},{\"@type\":\"ListItem\",\"position\":5,\"name\":\"Maxcase Asesf31204gry Extreme Shell-f3 For Asus Cr\/cz\/br 1104 11.6 1204 12.2 Max Case\"}]},{\"@type\":\"WebSite\",\"@id\":\"https:\/\/compuviper.mx\/tienda\/#website\",\"url\":\"https:\/\/compuviper.mx\/tienda\/\",\"name\":\"Compuviper\",\"description\":\"Proveedor de Computadoras, Laptops, Servidores, Monitores, Puntos de Venta, Teclados,   Impresoras, T\u00f3ner, C\u00e1maras de Seguridad y m\u00e1s en tu tienda en l\u00ednea\",\"publisher\":{\"@id\":\"https:\/\/compuviper.mx\/tienda\/#organization\"},\"potentialAction\":[{\"@type\":\"SearchAction\",\"target\":{\"@type\":\"EntryPoint\",\"urlTemplate\":\"https:\/\/compuviper.mx\/tienda\/?s={search_term_string}\"},\"query-input\":\"required name=search_term_string\"}],\"inLanguage\":\"es-MX\"},{\"@type\":\"Organization\",\"@id\":\"https:\/\/compuviper.mx\/tienda\/#organization\",\"name\":\"Compuviper\",\"url\":\"https:\/\/compuviper.mx\/tienda\/\",\"logo\":{\"@type\":\"ImageObject\",\"inLanguage\":\"es-MX\",\"@id\":\"https:\/\/compuviper.mx\/tienda\/#\/schema\/logo\/image\/\",\"url\":\"https:\/\/compuviper.mx\/tienda\/wp-content\/uploads\/2021\/08\/Logo-Compuviper-10.png\",\"contentUrl\":\"https:\/\/compuviper.mx\/tienda\/wp-content\/uploads\/2021\/08\/Logo-Compuviper-10.png\",\"width\":1000,\"height\":500,\"caption\":\"Compuviper\"},\"image\":{\"@id\":\"https:\/\/compuviper.mx\/tienda\/#\/schema\/logo\/image\/\"},\"sameAs\":[\"https:\/\/www.facebook.com\/compuviper\",\"https:\/\/www.youtube.com\/channel\/UCf73dERp9Y3cfOq7q8BhLjA?view_as=subscriber\"]}]}<\/script>\n<meta property=\"product:brand\" content=\"Maxcase\" \/>\n<meta property=\"product:price:amount\" content=\"610\" \/>\n<meta property=\"product:price:currency\" content=\"MXN\" \/>\n<meta property=\"og:availability\" content=\"backorder\" \/>\n<meta property=\"product:availability\" content=\"available for order\" \/>\n<meta property=\"product:retailer_item_id\" content=\"ASESF31204GRY\" \/>\n<meta property=\"product:condition\" content=\"new\" \/>\n<!-- \/ Yoast SEO plugin. -->","yoast_head_json":{"title":"[ Maxcase ] &#129351; Asesf31204gry Extreme Shell-f3 For Asus Cr\/cz\/br 1104 11.6 1204 12.2 Max Case","description":"Compra Asesf31204gry Extreme Shell-f3 For Asus Cr\/cz\/br 1104 11.6 1204 12.2 Max Case + Env\u00edo a domicilio + Pago seguro + Garant\u00eda","robots":{"index":"index","follow":"follow","max-snippet":"max-snippet:-1","max-image-preview":"max-image-preview:large","max-video-preview":"max-video-preview:-1"},"canonical":"https:\/\/compuviper.mx\/tienda\/producto\/maxcase-asesf31204gry-extreme-shell-f3-for-asus-cr-cz-br-1104-11-6-1204-12-2-max-case\/","og_locale":"es_MX","og_type":"article","og_title":"[ Maxcase ] &#129351; Asesf31204gry Extreme Shell-f3 For Asus Cr\/cz\/br 1104 11.6 1204 12.2 Max Case","og_description":"Compra Asesf31204gry Extreme Shell-f3 For Asus Cr\/cz\/br 1104 11.6 1204 12.2 Max Case + Env\u00edo a domicilio + Pago seguro + Garant\u00eda","og_url":"https:\/\/compuviper.mx\/tienda\/producto\/maxcase-asesf31204gry-extreme-shell-f3-for-asus-cr-cz-br-1104-11-6-1204-12-2-max-case\/","og_site_name":"Compuviper","article_publisher":"https:\/\/www.facebook.com\/compuviper","article_modified_time":"2026-04-10T05:14:38+00:00","og_image":[{"width":200,"height":200,"url":"https:\/\/compuviper.mx\/tienda\/wp-content\/uploads\/2025\/10\/Extreme-shell-f3-for-asus-crczbr-1104-11.6-1204-12.2-max-case.jpg","type":"image\/jpeg"}],"twitter_card":"summary_large_image","twitter_misc":{"Precio":"&#36;610 con IVA","Availability":"On backorder"},"schema":{"@context":"https:\/\/schema.org","@graph":[{"@type":"WebPage","@id":"https:\/\/compuviper.mx\/tienda\/producto\/maxcase-asesf31204gry-extreme-shell-f3-for-asus-cr-cz-br-1104-11-6-1204-12-2-max-case\/","url":"https:\/\/compuviper.mx\/tienda\/producto\/maxcase-asesf31204gry-extreme-shell-f3-for-asus-cr-cz-br-1104-11-6-1204-12-2-max-case\/","name":"[ Maxcase ] &#129351; Asesf31204gry Extreme Shell-f3 For Asus Cr\/cz\/br 1104 11.6 1204 12.2 Max Case","isPartOf":{"@id":"https:\/\/compuviper.mx\/tienda\/#website"},"datePublished":"2026-04-10T05:14:37+00:00","dateModified":"2026-04-10T05:14:38+00:00","description":"Compra Asesf31204gry Extreme Shell-f3 For Asus Cr\/cz\/br 1104 11.6 1204 12.2 Max Case + Env\u00edo a domicilio + Pago seguro + Garant\u00eda","breadcrumb":{"@id":"https:\/\/compuviper.mx\/tienda\/producto\/maxcase-asesf31204gry-extreme-shell-f3-for-asus-cr-cz-br-1104-11-6-1204-12-2-max-case\/#breadcrumb"},"inLanguage":"es-MX","potentialAction":[{"@type":"ReadAction","target":["https:\/\/compuviper.mx\/tienda\/producto\/maxcase-asesf31204gry-extreme-shell-f3-for-asus-cr-cz-br-1104-11-6-1204-12-2-max-case\/"]}]},{"@type":"BreadcrumbList","@id":"https:\/\/compuviper.mx\/tienda\/producto\/maxcase-asesf31204gry-extreme-shell-f3-for-asus-cr-cz-br-1104-11-6-1204-12-2-max-case\/#breadcrumb","itemListElement":[{"@type":"ListItem","position":1,"name":"Inicio","item":"https:\/\/compuviper.mx\/tienda\/"},{"@type":"ListItem","position":2,"name":"Productos","item":"https:\/\/compuviper.mx\/tienda\/productos\/"},{"@type":"ListItem","position":3,"name":"Fundas","item":"https:\/\/compuviper.mx\/tienda\/categoria-producto\/fundas\/"},{"@type":"ListItem","position":4,"name":"Notebook","item":"https:\/\/compuviper.mx\/tienda\/categoria-producto\/fundas\/notebook-fundas\/"},{"@type":"ListItem","position":5,"name":"Maxcase Asesf31204gry Extreme Shell-f3 For Asus Cr\/cz\/br 1104 11.6 1204 12.2 Max Case"}]},{"@type":"WebSite","@id":"https:\/\/compuviper.mx\/tienda\/#website","url":"https:\/\/compuviper.mx\/tienda\/","name":"Compuviper","description":"Proveedor de Computadoras, Laptops, Servidores, Monitores, Puntos de Venta, Teclados,   Impresoras, T\u00f3ner, C\u00e1maras de Seguridad y m\u00e1s en tu tienda en l\u00ednea","publisher":{"@id":"https:\/\/compuviper.mx\/tienda\/#organization"},"potentialAction":[{"@type":"SearchAction","target":{"@type":"EntryPoint","urlTemplate":"https:\/\/compuviper.mx\/tienda\/?s={search_term_string}"},"query-input":"required name=search_term_string"}],"inLanguage":"es-MX"},{"@type":"Organization","@id":"https:\/\/compuviper.mx\/tienda\/#organization","name":"Compuviper","url":"https:\/\/compuviper.mx\/tienda\/","logo":{"@type":"ImageObject","inLanguage":"es-MX","@id":"https:\/\/compuviper.mx\/tienda\/#\/schema\/logo\/image\/","url":"https:\/\/compuviper.mx\/tienda\/wp-content\/uploads\/2021\/08\/Logo-Compuviper-10.png","contentUrl":"https:\/\/compuviper.mx\/tienda\/wp-content\/uploads\/2021\/08\/Logo-Compuviper-10.png","width":1000,"height":500,"caption":"Compuviper"},"image":{"@id":"https:\/\/compuviper.mx\/tienda\/#\/schema\/logo\/image\/"},"sameAs":["https:\/\/www.facebook.com\/compuviper","https:\/\/www.youtube.com\/channel\/UCf73dERp9Y3cfOq7q8BhLjA?view_as=subscriber"]}]},"product_brand":"Maxcase","product_price_amount":"610","product_price_currency":"MXN","og_availability":"backorder","product_availability":"available for order","product_retailer_item_id":"ASESF31204GRY","product_condition":"new"},"_links":{"self":[{"href":"https:\/\/compuviper.mx\/tienda\/wp-json\/wp\/v2\/product\/251796"}],"collection":[{"href":"https:\/\/compuviper.mx\/tienda\/wp-json\/wp\/v2\/product"}],"about":[{"href":"https:\/\/compuviper.mx\/tienda\/wp-json\/wp\/v2\/types\/product"}],"replies":[{"embeddable":true,"href":"https:\/\/compuviper.mx\/tienda\/wp-json\/wp\/v2\/comments?post=251796"}],"wp:featuredmedia":[{"embeddable":true,"href":"https:\/\/compuviper.mx\/tienda\/wp-json\/wp\/v2\/media\/258825"}],"wp:attachment":[{"href":"https:\/\/compuviper.mx\/tienda\/wp-json\/wp\/v2\/media?parent=251796"}],"wp:term":[{"taxonomy":"product_cat","embeddable":true,"href":"https:\/\/compuviper.mx\/tienda\/wp-json\/wp\/v2\/product_cat?post=251796"},{"taxonomy":"product_tag","embeddable":true,"href":"https:\/\/compuviper.mx\/tienda\/wp-json\/wp\/v2\/product_tag?post=251796"}],"curies":[{"name":"wp","href":"https:\/\/api.w.org\/{rel}","templated":true}]}}