{"id":251759,"date":"2026-04-10T00:46:21","date_gmt":"2026-04-10T06:46:21","guid":{"rendered":"https:\/\/compuviper.mx\/tienda\/producto\/lg-32sr50f-w-monitor-full-hd-ips-31-5smart-web-os-1920x1080asp-169gama-srgb-99brillo-250nitstr8mscontr-12001hdmiusb-ahdr10bluetoothaltavoz-5wx2montaje-pared-100x100\/"},"modified":"2026-04-10T00:46:21","modified_gmt":"2026-04-10T06:46:21","slug":"lg-32sr50f-w-monitor-full-hd-ips-31-5smart-web-os-1920x1080asp-169gama-srgb-99brillo-250nitstr8mscontr-12001hdmiusb-ahdr10bluetoothaltavoz-5wx2montaje-pared-100x100","status":"publish","type":"product","link":"https:\/\/compuviper.mx\/tienda\/producto\/lg-32sr50f-w-monitor-full-hd-ips-31-5smart-web-os-1920x1080asp-169gama-srgb-99brillo-250nitstr8mscontr-12001hdmiusb-ahdr10bluetoothaltavoz-5wx2montaje-pared-100x100\/","title":{"rendered":"Lg 32sr50f-w Monitor  Full Hd Ips 31.5,smart Web Os ,1920&#215;1080,asp 16:9,gama Srgb 99%,brillo 250nits,tr8ms,contr.1200:1,hdmi,usb-a,hdr10,bluetooth,altavoz 5wx2,montaje Pared 100&#215;100."},"content":{"rendered":"<table class=\"descripcion\">\n<tr>\n<td>Todas las especificaciones:<\/td>\n<\/tr>\n<tr>\n<td>Informaci\u00f3n<\/td>\n<\/tr>\n<tr>\n<td>\u0095 nombre del producto<\/td>\n<\/tr>\n<tr>\n<td>32sr50f-w<\/td>\n<\/tr>\n<tr>\n<td>\u0095 a\u00f1o<\/td>\n<\/tr>\n<tr>\n<td>2023<\/td>\n<\/tr>\n<tr>\n<td>Pantalla<\/td>\n<\/tr>\n<tr>\n<td>\u0095 tama\u00f1o [pulgadas]<\/td>\n<\/tr>\n<tr>\n<td>31.5 inch<\/td>\n<\/tr>\n<tr>\n<td>\u0095 relaci\u00f3n de aspecto<\/td>\n<\/tr>\n<tr>\n<td>16:9<\/td>\n<\/tr>\n<tr>\n<td>\u0095 tipo de panel<\/td>\n<\/tr>\n<tr>\n<td>Ips (normal)<\/td>\n<\/tr>\n<tr>\n<td>\u0095 tiempo de respuesta<\/td>\n<\/tr>\n<tr>\n<td>8ms(typ)<\/td>\n<\/tr>\n<tr>\n<td>\u0095 resoluci\u00f3n<\/td>\n<\/tr>\n<tr>\n<td>1920&#215;1080<\/td>\n<\/tr>\n<tr>\n<td>\u0095 paso de p\u00edxeles [mm]<\/td>\n<\/tr>\n<tr>\n<td>0.363 x 0.363 mm<\/td>\n<\/tr>\n<tr>\n<td>\u0095 profundidad de color (n\u00famero de colores)<\/td>\n<\/tr>\n<tr>\n<td>16.7m<\/td>\n<\/tr>\n<tr>\n<td>\u0095 \u00e1ngulo de visi\u00f3n (cr and #8805;10)<\/td>\n<\/tr>\n<tr>\n<td>Low haze type<\/td>\n<\/tr>\n<tr>\n<td>\u0095 brillo (t\u00edp.) [cd\/m\u00b2]<\/td>\n<\/tr>\n<tr>\n<td>250nits<\/td>\n<\/tr>\n<tr>\n<td>\u0095 relaci\u00f3n de contraste (t\u00edp.)<\/td>\n<\/tr>\n<tr>\n<td>1200:1<\/td>\n<\/tr>\n<tr>\n<td>\u0095 gama de colores (t\u00edp.)<\/td>\n<\/tr>\n<tr>\n<td>Srgb 99%<\/td>\n<\/tr>\n<tr>\n<td>\u0095 frecuencia de actualizaci\u00f3n (m\u00e1x.) [hz]<\/td>\n<\/tr>\n<tr>\n<td>178\u00ba(r\/l), 178\u00ba(u\/d)<\/td>\n<\/tr>\n<tr>\n<td>\u0095 brillo (m\u00edn.) [cd\/m\u00b2]<\/td>\n<\/tr>\n<tr>\n<td>200nits(min)<\/td>\n<\/tr>\n<tr>\n<td>\u0095 tama\u00f1o [cm]<\/td>\n<\/tr>\n<tr>\n<td>80cm<\/td>\n<\/tr>\n<tr>\n<td>\u0095 color bit<\/td>\n<\/tr>\n<tr>\n<td>8bit (6bit+frc)<\/td>\n<\/tr>\n<tr>\n<td>Conectividad<\/td>\n<\/tr>\n<tr>\n<td>\u0095 entrada de audio<\/td>\n<\/tr>\n<tr>\n<td>No<\/td>\n<\/tr>\n<tr>\n<td>\u0095 d-sub<\/td>\n<\/tr>\n<tr>\n<td>No<\/td>\n<\/tr>\n<tr>\n<td>\u0095 dvi-d<\/td>\n<\/tr>\n<tr>\n<td>No<\/td>\n<\/tr>\n<tr>\n<td>\u0095 hdmi<\/td>\n<\/tr>\n<tr>\n<td>2ea<\/td>\n<\/tr>\n<tr>\n<td>\u0095 cadena<\/td>\n<\/tr>\n<tr>\n<td>No<\/td>\n<\/tr>\n<tr>\n<td>\u0095 displayport<\/td>\n<\/tr>\n<tr>\n<td>No<\/td>\n<\/tr>\n<tr>\n<td>\u0095 thunderbolt<\/td>\n<\/tr>\n<tr>\n<td>No<\/td>\n<\/tr>\n<tr>\n<td>\u0095 usb-c<\/td>\n<\/tr>\n<tr>\n<td>No<\/td>\n<\/tr>\n<tr>\n<td>\u0095 salida de auriculares<\/td>\n<\/tr>\n<tr>\n<td>No<\/td>\n<\/tr>\n<tr>\n<td>\u0095 salida de l\u00ednea<\/td>\n<\/tr>\n<tr>\n<td>No<\/td>\n<\/tr>\n<tr>\n<td>\u0095 entrada de micr\u00f3fono<\/td>\n<\/tr>\n<tr>\n<td>No<\/td>\n<\/tr>\n<tr>\n<td>\u0095 salida spdif (salida de audio digital \u00f3ptica)<\/td>\n<\/tr>\n<tr>\n<td>No<\/td>\n<\/tr>\n<tr>\n<td>\u0095 puerto usb descendente<\/td>\n<\/tr>\n<tr>\n<td>Si (usb-a 2ea)<\/td>\n<\/tr>\n<tr>\n<td>\u0095 puerto usb ascendente<\/td>\n<\/tr>\n<tr>\n<td>No<\/td>\n<\/tr>\n<tr>\n<td>\u0095 componente (resoluci\u00f3n)<\/td>\n<\/tr>\n<tr>\n<td>No<\/td>\n<\/tr>\n<tr>\n<td>\u0095 compuesto (resoluci\u00f3n)<\/td>\n<\/tr>\n<tr>\n<td>No<\/td>\n<\/tr>\n<tr>\n<td>\u0095 s-video<\/td>\n<\/tr>\n<tr>\n<td>No<\/td>\n<\/tr>\n<tr>\n<td>Caracter\u00edsticas<\/td>\n<\/tr>\n<tr>\n<td>\u0095 hdr 10<\/td>\n<\/tr>\n<tr>\n<td>Si<\/td>\n<\/tr>\n<tr>\n<td>\u0095 brillo autom\u00e1tico<\/td>\n<\/tr>\n<tr>\n<td>Si<\/td>\n<\/tr>\n<tr>\n<td>\u0095 pip<\/td>\n<\/tr>\n<tr>\n<td>No<\/td>\n<\/tr>\n<tr>\n<td>\u0095 pbp<\/td>\n<\/tr>\n<tr>\n<td>No<\/td>\n<\/tr>\n<tr>\n<td>\u0095 a prueba de parpadeos<\/td>\n<\/tr>\n<tr>\n<td>Si<\/td>\n<\/tr>\n<tr>\n<td>\u0095 nvidia g-sync<\/td>\n<\/tr>\n<tr>\n<td>No<\/td>\n<\/tr>\n<tr>\n<td>\u0095 modo lector<\/td>\n<\/tr>\n<tr>\n<td>No<\/td>\n<\/tr>\n<tr>\n<td>\u0095 dolby vision<\/td>\n<\/tr>\n<tr>\n<td>No<\/td>\n<\/tr>\n<tr>\n<td>\u0095 vesa displayhdr\u0099<\/td>\n<\/tr>\n<tr>\n<td>No<\/td>\n<\/tr>\n<tr>\n<td>\u0095 c\u00e1mara<\/td>\n<\/tr>\n<tr>\n<td>No<\/td>\n<\/tr>\n<tr>\n<td>\u0095 mic<\/td>\n<\/tr>\n<tr>\n<td>No<\/td>\n<\/tr>\n<tr>\n<td>\u0095 iluminaci\u00f3n<\/td>\n<\/tr>\n<tr>\n<td>No<\/td>\n<\/tr>\n<tr>\n<td>Mec\u00e1nico<\/td>\n<\/tr>\n<tr>\n<td>\u0095 ajustes de posici\u00f3n de la pantalla<\/td>\n<\/tr>\n<tr>\n<td>Tilt<\/td>\n<\/tr>\n<tr>\n<td>\u0095 montaje en pared [mm]<\/td>\n<\/tr>\n<tr>\n<td>100&#215;100<\/td>\n<\/tr>\n<tr>\n<td>\u0095 dise\u00f1o sin bordes<\/td>\n<\/tr>\n<tr>\n<td>Dise\u00f1o normal<\/td>\n<\/tr>\n<tr>\n<td>\u0095 soporte oneclick<\/td>\n<\/tr>\n<tr>\n<td>N\/a<\/td>\n<\/tr>\n<tr>\n<td>Sonido<\/td>\n<\/tr>\n<tr>\n<td>\u0095 conectividad bluetooth<\/td>\n<\/tr>\n<tr>\n<td>Si<\/td>\n<\/tr>\n<tr>\n<td>\u0095 dts hp:x<\/td>\n<\/tr>\n<tr>\n<td>No<\/td>\n<\/tr>\n<tr>\n<td>\u0095 maxx audio<\/td>\n<\/tr>\n<tr>\n<td>No<\/td>\n<\/tr>\n<tr>\n<td>\u0095 graves intensos<\/td>\n<\/tr>\n<tr>\n<td>No<\/td>\n<\/tr>\n<tr>\n<td>\u0095 altavoz<\/td>\n<\/tr>\n<tr>\n<td>5w x2<\/td>\n<\/tr>\n<tr>\n<td>Dimensiones\/pesos<\/td>\n<\/tr>\n<tr>\n<td>\u0095 dimensiones en el env\u00edo (an x al x p) [mm]<\/td>\n<\/tr>\n<tr>\n<td>892 x 131 x 517<\/td>\n<\/tr>\n<tr>\n<td>\u0095 dimensiones con soporte (an x al x p) [mm]<\/td>\n<\/tr>\n<tr>\n<td>731.8 x 521.2 x 209.9<\/td>\n<\/tr>\n<tr>\n<td>\u0095 dimensiones sin soporte (an x al x p) [mm]<\/td>\n<\/tr>\n<tr>\n<td>731.8 x 440.5 x 45.0<\/td>\n<\/tr>\n<tr>\n<td>\u0095 peso en el env\u00edo [kg]<\/td>\n<\/tr>\n<tr>\n<td>9kg<\/td>\n<\/tr>\n<tr>\n<td>\u0095 peso con soporte [kg]<\/td>\n<\/tr>\n<tr>\n<td>6.6kg<\/td>\n<\/tr>\n<tr>\n<td>\u0095 peso sin soporte [kg]<\/td>\n<\/tr>\n<tr>\n<td>5.4kg<\/td>\n<\/tr>\n<tr>\n<td>Alimentaci\u00f3n<\/td>\n<\/tr>\n<tr>\n<td>\u0095 consumo de energ\u00eda (modo de reposo)<\/td>\n<\/tr>\n<tr>\n<td>100~240v,50\/60hz<\/td>\n<\/tr>\n<tr>\n<td>\u0095 consumo de energ\u00eda (t\u00edp.)<\/td>\n<\/tr>\n<tr>\n<td>30w<\/td>\n<\/tr>\n<tr>\n<td>\u0095 consumo (dc off)<\/td>\n<\/tr>\n<tr>\n<td>19v 2.53a<\/td>\n<\/tr>\n<tr>\n<td>\u0095 tipo<\/td>\n<\/tr>\n<tr>\n<td>Alimentaci\u00f3n externa (adaptador)<\/td>\n<\/tr>\n<tr>\n<td>Accesorio<\/td>\n<\/tr>\n<tr>\n<td>\u0095 hdmi<\/td>\n<\/tr>\n<tr>\n<td>Si (blanco\/1.5m)<\/td>\n<\/tr>\n<tr>\n<td>\u0095 otros (accesorios)<\/td>\n<\/tr>\n<tr>\n<td>Bater\u00eda de mando a distancia<\/td>\n<\/tr>\n<tr>\n<td>\u0095 mando a distancia<\/td>\n<\/tr>\n<tr>\n<td>Si (blanco delgado)<\/td>\n<\/tr>\n<tr>\n<td>\u0095 adaptador<\/td>\n<\/tr>\n<tr>\n<td>Si<\/td>\n<\/tr>\n<tr>\n<td>\u0095 cable de alimentaci\u00f3n<\/td>\n<\/tr>\n<tr>\n<td>Si (blanco\/1.5m)<\/td>\n<\/tr>\n<tr>\n<td>Est\u00e1ndar<\/td>\n<\/tr>\n<tr>\n<td>\u0095 ce<\/td>\n<\/tr>\n<tr>\n<td>Si<\/td>\n<\/tr>\n<tr>\n<td>\u0095 ul (cul)<\/td>\n<\/tr>\n<tr>\n<td>Si<\/td>\n<\/tr>\n<\/table>\n","protected":false},"excerpt":{"rendered":"<p>Lg myview smart monitor: 32sr50f-w. 32 full hd ips smart monitor con webos. Lg myview smart monitor est\u00e1 dise\u00f1ado para trabajar desde casa y para entretenimiento. Disfruta tu contenido favorito sin tanto esfuerzo con varias aplicaciones de streaming e instala tu estaci\u00f3n de trabajo en un ambiente agradable para trabajar con una pc conectada o sin ella. Con webos 23, explora numerosos contenidos con servicios de streaming integrados como netflix, prime video, disney+, youtube y apple tv. Adem\u00e1s, puede obtener recomendaciones de contenidos personalizadas y disfrutar de aplicaciones integradas como m\u00fasica y deportes. La pantalla full hd (1920&#215;1080) de 31,5 te permite disfrutar de una excelente calidad de imagen al brindar precisi\u00f3n de color, contraste visual y nitidez. Adem\u00e1s, el panel ips te permite disfrutar de amplios \u00e1ngulos de hasta 178 grados. Lg myview smart monitor ofrece dos puertos usb y dos hdmi compatibles con varios dispositivos para una visualizaci\u00f3n fluida. Todas las especificaciones. Informaci\u00f3n. \u0095 nombre del producto. 32sr50f-w. \u0095 a\u00f1o. 2023. Pantalla. \u0095 tama\u00f1o [pulgadas. 31.5 inch. \u0095 relaci\u00f3n de aspecto. 16:9. \u0095 tipo de panel. Ips (normal. \u0095 tiempo de respuesta. 8ms(typ. \u0095 resoluci\u00f3n. 1920&#215;1080. \u0095 paso de p\u00edxeles [mm. 0.363 x 0.363 mm. \u0095 profundidad de color (n\u00famero de colores. 16.7m. \u0095 \u00e1ngulo de visi\u00f3n (cr and #8805;10. Low haze type. \u0095 brillo (t\u00edp.) [cd\/m\u00b2. 250nits. \u0095 relaci\u00f3n de contraste (t\u00edp.. 1200:1. \u0095 gama de colores (t\u00edp.. Srgb 99. \u0095 frecuencia de actualizaci\u00f3n (m\u00e1x.) [hz. 178\u00ba(r\/l), 178\u00ba(u\/d. \u0095 brillo (m\u00edn.) [cd\/m\u00b2. 200nits(min. \u0095 tama\u00f1o [cm. 80cm. \u0095 color bit. 8bit (6bit+frc. Conectividad. \u0095 entrada de audio. No. \u0095 d-sub. No. \u0095 dvi-d. No. \u0095 hdmi. 2ea. \u0095 cadena. No. \u0095 displayport. No. \u0095 thunderbolt. No. \u0095 usb-c. No. \u0095 salida de auriculares. No. \u0095 salida de l\u00ednea. No. \u0095 entrada de micr\u00f3fono. No. \u0095 salida spdif (salida de audio digital \u00f3ptica. No. \u0095 puerto usb descendente. Si (usb-a 2ea. \u0095 puerto usb ascendente. No. \u0095 componente (resoluci\u00f3n. No. \u0095 compuesto (resoluci\u00f3n. No. \u0095 s-video. No. Caracter\u00edsticas. \u0095 hdr 10. Si. \u0095 brillo autom\u00e1tico. Si. \u0095 pip. No. \u0095 pbp. No. \u0095 a prueba de parpadeos. Si. \u0095 nvidia g-sync. No. \u0095 modo lector. No. \u0095 dolby vision. No. \u0095 vesa displayhdr?. No. \u0095 c\u00e1mara. No. \u0095 mic. No. \u0095 iluminaci\u00f3n. No. Mec\u00e1nico. \u0095 ajustes de posici\u00f3n de la pantalla. Tilt. \u0095 montaje en pared [mm. 100&#215;100. \u0095 dise\u00f1o sin bordes. Dise\u00f1o normal. \u0095 soporte oneclick. N\/a. Sonido. \u0095 conectividad bluetooth. Si. \u0095 dts hp:x. No. \u0095 maxx audio. No. \u0095 graves intensos. No. \u0095 altavoz. 5w x2. Dimensiones\/pesos. \u0095 dimensiones en el env\u00edo (an x al x p) [mm. 892 x 131 x 517. \u0095 dimensiones con soporte (an x al x p) [mm. 731.8 x 521.2 x 209.9. \u0095 dimensiones sin soporte (an x al x p) [mm. 731.8 x 440.5 x 45.0. \u0095 peso en el env\u00edo [kg. 9kg. \u0095 peso con soporte [kg. 6.6kg. \u0095 peso sin soporte [kg. 5.4kg. Alimentaci\u00f3n. \u0095 consumo de energ\u00eda (modo de reposo. 100~240v,50\/60hz. \u0095 consumo de energ\u00eda (t\u00edp.. 30w. \u0095 consumo (dc off. 19v 2.53a. \u0095 tipo. Alimentaci\u00f3n externa (adaptador. Accesorio. \u0095 hdmi. Si (blanco\/1.5m. \u0095 otros (accesorios. Bater\u00eda de mando a distancia. \u0095 mando a distancia. Si (blanco delgado. \u0095 adaptador. Si. \u0095 cable de alimentaci\u00f3n. Si (blanco\/1.5m. Est\u00e1ndar. \u0095 ce. Si. \u0095 ul (cul. Si<\/p>\n","protected":false},"featured_media":259917,"comment_status":"open","ping_status":"open","template":"","meta":[],"product_cat":[1741,1740],"product_tag":[1687],"acf":[],"yoast_head":"<!-- This site is optimized with the Yoast SEO plugin v21.7 - https:\/\/yoast.com\/wordpress\/plugins\/seo\/ -->\n<title>[ Lg ] &#129351; 32sr50f-w Monitor Full Hd Ips 31.5,smart Web Os ,1920x1080,asp 16:9,gama Srgb 99%,brillo 250nits,tr8ms,contr.1200:1,hdmi,usb-a,hdr10,bluetooth,altavoz 5wx2,montaje Pared 100x100.<\/title>\n<meta name=\"description\" content=\"Compra 32sr50f-w Monitor Full Hd Ips 31.5,smart Web Os ,1920x1080,asp 16:9,gama Srgb 99%,brillo 250nits,tr8ms,contr.1200:1,hdmi,usb-a,hdr10,bluetooth,altavoz 5wx2,montaje Pared 100x100. + Env\u00edo a domicilio + Pago seguro + Garant\u00eda\" \/>\n<meta name=\"robots\" content=\"index, follow, max-snippet:-1, max-image-preview:large, max-video-preview:-1\" \/>\n<link rel=\"canonical\" href=\"https:\/\/compuviper.mx\/tienda\/producto\/lg-32sr50f-w-monitor-full-hd-ips-31-5smart-web-os-1920x1080asp-169gama-srgb-99brillo-250nitstr8mscontr-12001hdmiusb-ahdr10bluetoothaltavoz-5wx2montaje-pared-100x100\/\" \/>\n<meta property=\"og:locale\" content=\"es_MX\" \/>\n<meta property=\"og:type\" content=\"article\" \/>\n<meta property=\"og:title\" content=\"[ Lg ] &#129351; 32sr50f-w Monitor Full Hd Ips 31.5,smart Web Os ,1920x1080,asp 16:9,gama Srgb 99%,brillo 250nits,tr8ms,contr.1200:1,hdmi,usb-a,hdr10,bluetooth,altavoz 5wx2,montaje Pared 100x100.\" \/>\n<meta property=\"og:description\" content=\"Compra 32sr50f-w Monitor Full Hd Ips 31.5,smart Web Os ,1920x1080,asp 16:9,gama Srgb 99%,brillo 250nits,tr8ms,contr.1200:1,hdmi,usb-a,hdr10,bluetooth,altavoz 5wx2,montaje Pared 100x100. + Env\u00edo a domicilio + Pago seguro + Garant\u00eda\" \/>\n<meta property=\"og:url\" content=\"https:\/\/compuviper.mx\/tienda\/producto\/lg-32sr50f-w-monitor-full-hd-ips-31-5smart-web-os-1920x1080asp-169gama-srgb-99brillo-250nitstr8mscontr-12001hdmiusb-ahdr10bluetoothaltavoz-5wx2montaje-pared-100x100\/\" \/>\n<meta property=\"og:site_name\" content=\"Compuviper\" \/>\n<meta property=\"article:publisher\" content=\"https:\/\/www.facebook.com\/compuviper\" \/>\n<meta property=\"og:image\" content=\"https:\/\/compuviper.mx\/tienda\/wp-content\/uploads\/2025\/10\/Monitor-lg-full-hd-ips-31.5smart-web-os-32sr50f-w1920x1080asp-169gama-srgb-99brillo-250nitstr8mscontr.12001hdmiusb-ahdr10bluetoothaltavoz-5wx2montaje-pared-100x100-1.jpg\" \/>\n\t<meta property=\"og:image:width\" content=\"200\" \/>\n\t<meta property=\"og:image:height\" content=\"200\" \/>\n\t<meta property=\"og:image:type\" content=\"image\/jpeg\" \/>\n<meta name=\"twitter:card\" content=\"summary_large_image\" \/>\n<meta name=\"twitter:label1\" content=\"Precio\" \/>\n\t<meta name=\"twitter:data1\" content=\"&#36;5,291 &#36;4,703 con IVA\" \/>\n\t<meta name=\"twitter:label2\" content=\"Availability\" \/>\n\t<meta name=\"twitter:data2\" content=\"In stock\" \/>\n<script type=\"application\/ld+json\" class=\"yoast-schema-graph\">{\"@context\":\"https:\/\/schema.org\",\"@graph\":[{\"@type\":\"WebPage\",\"@id\":\"https:\/\/compuviper.mx\/tienda\/producto\/lg-32sr50f-w-monitor-full-hd-ips-31-5smart-web-os-1920x1080asp-169gama-srgb-99brillo-250nitstr8mscontr-12001hdmiusb-ahdr10bluetoothaltavoz-5wx2montaje-pared-100x100\/\",\"url\":\"https:\/\/compuviper.mx\/tienda\/producto\/lg-32sr50f-w-monitor-full-hd-ips-31-5smart-web-os-1920x1080asp-169gama-srgb-99brillo-250nitstr8mscontr-12001hdmiusb-ahdr10bluetoothaltavoz-5wx2montaje-pared-100x100\/\",\"name\":\"[ Lg ] &#129351; 32sr50f-w Monitor Full Hd Ips 31.5,smart Web Os ,1920x1080,asp 16:9,gama Srgb 99%,brillo 250nits,tr8ms,contr.1200:1,hdmi,usb-a,hdr10,bluetooth,altavoz 5wx2,montaje Pared 100x100.\",\"isPartOf\":{\"@id\":\"https:\/\/compuviper.mx\/tienda\/#website\"},\"datePublished\":\"2026-04-10T06:46:21+00:00\",\"dateModified\":\"2026-04-10T06:46:21+00:00\",\"description\":\"Compra 32sr50f-w Monitor Full Hd Ips 31.5,smart Web Os ,1920x1080,asp 16:9,gama Srgb 99%,brillo 250nits,tr8ms,contr.1200:1,hdmi,usb-a,hdr10,bluetooth,altavoz 5wx2,montaje Pared 100x100. + Env\u00edo a domicilio + Pago seguro + Garant\u00eda\",\"breadcrumb\":{\"@id\":\"https:\/\/compuviper.mx\/tienda\/producto\/lg-32sr50f-w-monitor-full-hd-ips-31-5smart-web-os-1920x1080asp-169gama-srgb-99brillo-250nitstr8mscontr-12001hdmiusb-ahdr10bluetoothaltavoz-5wx2montaje-pared-100x100\/#breadcrumb\"},\"inLanguage\":\"es-MX\",\"potentialAction\":[{\"@type\":\"ReadAction\",\"target\":[\"https:\/\/compuviper.mx\/tienda\/producto\/lg-32sr50f-w-monitor-full-hd-ips-31-5smart-web-os-1920x1080asp-169gama-srgb-99brillo-250nitstr8mscontr-12001hdmiusb-ahdr10bluetoothaltavoz-5wx2montaje-pared-100x100\/\"]}]},{\"@type\":\"BreadcrumbList\",\"@id\":\"https:\/\/compuviper.mx\/tienda\/producto\/lg-32sr50f-w-monitor-full-hd-ips-31-5smart-web-os-1920x1080asp-169gama-srgb-99brillo-250nitstr8mscontr-12001hdmiusb-ahdr10bluetoothaltavoz-5wx2montaje-pared-100x100\/#breadcrumb\",\"itemListElement\":[{\"@type\":\"ListItem\",\"position\":1,\"name\":\"Inicio\",\"item\":\"https:\/\/compuviper.mx\/tienda\/\"},{\"@type\":\"ListItem\",\"position\":2,\"name\":\"Productos\",\"item\":\"https:\/\/compuviper.mx\/tienda\/productos\/\"},{\"@type\":\"ListItem\",\"position\":3,\"name\":\"Monitores\",\"item\":\"https:\/\/compuviper.mx\/tienda\/categoria-producto\/monitores\/\"},{\"@type\":\"ListItem\",\"position\":4,\"name\":\"Led\",\"item\":\"https:\/\/compuviper.mx\/tienda\/categoria-producto\/monitores\/led\/\"},{\"@type\":\"ListItem\",\"position\":5,\"name\":\"Lg 32sr50f-w Monitor Full Hd Ips 31.5,smart Web Os ,1920&#215;1080,asp 16:9,gama Srgb 99%,brillo 250nits,tr8ms,contr.1200:1,hdmi,usb-a,hdr10,bluetooth,altavoz 5wx2,montaje Pared 100&#215;100.\"}]},{\"@type\":\"WebSite\",\"@id\":\"https:\/\/compuviper.mx\/tienda\/#website\",\"url\":\"https:\/\/compuviper.mx\/tienda\/\",\"name\":\"Compuviper\",\"description\":\"Proveedor de Computadoras, Laptops, Servidores, Monitores, Puntos de Venta, Teclados,   Impresoras, T\u00f3ner, C\u00e1maras de Seguridad y m\u00e1s en tu tienda en l\u00ednea\",\"publisher\":{\"@id\":\"https:\/\/compuviper.mx\/tienda\/#organization\"},\"potentialAction\":[{\"@type\":\"SearchAction\",\"target\":{\"@type\":\"EntryPoint\",\"urlTemplate\":\"https:\/\/compuviper.mx\/tienda\/?s={search_term_string}\"},\"query-input\":\"required name=search_term_string\"}],\"inLanguage\":\"es-MX\"},{\"@type\":\"Organization\",\"@id\":\"https:\/\/compuviper.mx\/tienda\/#organization\",\"name\":\"Compuviper\",\"url\":\"https:\/\/compuviper.mx\/tienda\/\",\"logo\":{\"@type\":\"ImageObject\",\"inLanguage\":\"es-MX\",\"@id\":\"https:\/\/compuviper.mx\/tienda\/#\/schema\/logo\/image\/\",\"url\":\"https:\/\/compuviper.mx\/tienda\/wp-content\/uploads\/2021\/08\/Logo-Compuviper-10.png\",\"contentUrl\":\"https:\/\/compuviper.mx\/tienda\/wp-content\/uploads\/2021\/08\/Logo-Compuviper-10.png\",\"width\":1000,\"height\":500,\"caption\":\"Compuviper\"},\"image\":{\"@id\":\"https:\/\/compuviper.mx\/tienda\/#\/schema\/logo\/image\/\"},\"sameAs\":[\"https:\/\/www.facebook.com\/compuviper\",\"https:\/\/www.youtube.com\/channel\/UCf73dERp9Y3cfOq7q8BhLjA?view_as=subscriber\"]}]}<\/script>\n<meta property=\"product:brand\" content=\"LG\" \/>\n<meta property=\"product:price:amount\" content=\"4703\" \/>\n<meta property=\"product:price:currency\" content=\"MXN\" \/>\n<meta property=\"og:availability\" content=\"instock\" \/>\n<meta property=\"product:availability\" content=\"instock\" \/>\n<meta property=\"product:retailer_item_id\" content=\"32SR50F-W\" \/>\n<meta property=\"product:condition\" content=\"new\" \/>\n<!-- \/ Yoast SEO plugin. -->","yoast_head_json":{"title":"[ Lg ] &#129351; 32sr50f-w Monitor Full Hd Ips 31.5,smart Web Os ,1920x1080,asp 16:9,gama Srgb 99%,brillo 250nits,tr8ms,contr.1200:1,hdmi,usb-a,hdr10,bluetooth,altavoz 5wx2,montaje Pared 100x100.","description":"Compra 32sr50f-w Monitor Full Hd Ips 31.5,smart Web Os ,1920x1080,asp 16:9,gama Srgb 99%,brillo 250nits,tr8ms,contr.1200:1,hdmi,usb-a,hdr10,bluetooth,altavoz 5wx2,montaje Pared 100x100. + Env\u00edo a domicilio + Pago seguro + Garant\u00eda","robots":{"index":"index","follow":"follow","max-snippet":"max-snippet:-1","max-image-preview":"max-image-preview:large","max-video-preview":"max-video-preview:-1"},"canonical":"https:\/\/compuviper.mx\/tienda\/producto\/lg-32sr50f-w-monitor-full-hd-ips-31-5smart-web-os-1920x1080asp-169gama-srgb-99brillo-250nitstr8mscontr-12001hdmiusb-ahdr10bluetoothaltavoz-5wx2montaje-pared-100x100\/","og_locale":"es_MX","og_type":"article","og_title":"[ Lg ] &#129351; 32sr50f-w Monitor Full Hd Ips 31.5,smart Web Os ,1920x1080,asp 16:9,gama Srgb 99%,brillo 250nits,tr8ms,contr.1200:1,hdmi,usb-a,hdr10,bluetooth,altavoz 5wx2,montaje Pared 100x100.","og_description":"Compra 32sr50f-w Monitor Full Hd Ips 31.5,smart Web Os ,1920x1080,asp 16:9,gama Srgb 99%,brillo 250nits,tr8ms,contr.1200:1,hdmi,usb-a,hdr10,bluetooth,altavoz 5wx2,montaje Pared 100x100. + Env\u00edo a domicilio + Pago seguro + Garant\u00eda","og_url":"https:\/\/compuviper.mx\/tienda\/producto\/lg-32sr50f-w-monitor-full-hd-ips-31-5smart-web-os-1920x1080asp-169gama-srgb-99brillo-250nitstr8mscontr-12001hdmiusb-ahdr10bluetoothaltavoz-5wx2montaje-pared-100x100\/","og_site_name":"Compuviper","article_publisher":"https:\/\/www.facebook.com\/compuviper","og_image":[{"width":200,"height":200,"url":"https:\/\/compuviper.mx\/tienda\/wp-content\/uploads\/2025\/10\/Monitor-lg-full-hd-ips-31.5smart-web-os-32sr50f-w1920x1080asp-169gama-srgb-99brillo-250nitstr8mscontr.12001hdmiusb-ahdr10bluetoothaltavoz-5wx2montaje-pared-100x100-1.jpg","type":"image\/jpeg"}],"twitter_card":"summary_large_image","twitter_misc":{"Precio":"&#36;5,291 &#36;4,703 con IVA","Availability":"In stock"},"schema":{"@context":"https:\/\/schema.org","@graph":[{"@type":"WebPage","@id":"https:\/\/compuviper.mx\/tienda\/producto\/lg-32sr50f-w-monitor-full-hd-ips-31-5smart-web-os-1920x1080asp-169gama-srgb-99brillo-250nitstr8mscontr-12001hdmiusb-ahdr10bluetoothaltavoz-5wx2montaje-pared-100x100\/","url":"https:\/\/compuviper.mx\/tienda\/producto\/lg-32sr50f-w-monitor-full-hd-ips-31-5smart-web-os-1920x1080asp-169gama-srgb-99brillo-250nitstr8mscontr-12001hdmiusb-ahdr10bluetoothaltavoz-5wx2montaje-pared-100x100\/","name":"[ Lg ] &#129351; 32sr50f-w Monitor Full Hd Ips 31.5,smart Web Os ,1920x1080,asp 16:9,gama Srgb 99%,brillo 250nits,tr8ms,contr.1200:1,hdmi,usb-a,hdr10,bluetooth,altavoz 5wx2,montaje Pared 100x100.","isPartOf":{"@id":"https:\/\/compuviper.mx\/tienda\/#website"},"datePublished":"2026-04-10T06:46:21+00:00","dateModified":"2026-04-10T06:46:21+00:00","description":"Compra 32sr50f-w Monitor Full Hd Ips 31.5,smart Web Os ,1920x1080,asp 16:9,gama Srgb 99%,brillo 250nits,tr8ms,contr.1200:1,hdmi,usb-a,hdr10,bluetooth,altavoz 5wx2,montaje Pared 100x100. + Env\u00edo a domicilio + Pago seguro + Garant\u00eda","breadcrumb":{"@id":"https:\/\/compuviper.mx\/tienda\/producto\/lg-32sr50f-w-monitor-full-hd-ips-31-5smart-web-os-1920x1080asp-169gama-srgb-99brillo-250nitstr8mscontr-12001hdmiusb-ahdr10bluetoothaltavoz-5wx2montaje-pared-100x100\/#breadcrumb"},"inLanguage":"es-MX","potentialAction":[{"@type":"ReadAction","target":["https:\/\/compuviper.mx\/tienda\/producto\/lg-32sr50f-w-monitor-full-hd-ips-31-5smart-web-os-1920x1080asp-169gama-srgb-99brillo-250nitstr8mscontr-12001hdmiusb-ahdr10bluetoothaltavoz-5wx2montaje-pared-100x100\/"]}]},{"@type":"BreadcrumbList","@id":"https:\/\/compuviper.mx\/tienda\/producto\/lg-32sr50f-w-monitor-full-hd-ips-31-5smart-web-os-1920x1080asp-169gama-srgb-99brillo-250nitstr8mscontr-12001hdmiusb-ahdr10bluetoothaltavoz-5wx2montaje-pared-100x100\/#breadcrumb","itemListElement":[{"@type":"ListItem","position":1,"name":"Inicio","item":"https:\/\/compuviper.mx\/tienda\/"},{"@type":"ListItem","position":2,"name":"Productos","item":"https:\/\/compuviper.mx\/tienda\/productos\/"},{"@type":"ListItem","position":3,"name":"Monitores","item":"https:\/\/compuviper.mx\/tienda\/categoria-producto\/monitores\/"},{"@type":"ListItem","position":4,"name":"Led","item":"https:\/\/compuviper.mx\/tienda\/categoria-producto\/monitores\/led\/"},{"@type":"ListItem","position":5,"name":"Lg 32sr50f-w Monitor Full Hd Ips 31.5,smart Web Os ,1920&#215;1080,asp 16:9,gama Srgb 99%,brillo 250nits,tr8ms,contr.1200:1,hdmi,usb-a,hdr10,bluetooth,altavoz 5wx2,montaje Pared 100&#215;100."}]},{"@type":"WebSite","@id":"https:\/\/compuviper.mx\/tienda\/#website","url":"https:\/\/compuviper.mx\/tienda\/","name":"Compuviper","description":"Proveedor de Computadoras, Laptops, Servidores, Monitores, Puntos de Venta, Teclados,   Impresoras, T\u00f3ner, C\u00e1maras de Seguridad y m\u00e1s en tu tienda en l\u00ednea","publisher":{"@id":"https:\/\/compuviper.mx\/tienda\/#organization"},"potentialAction":[{"@type":"SearchAction","target":{"@type":"EntryPoint","urlTemplate":"https:\/\/compuviper.mx\/tienda\/?s={search_term_string}"},"query-input":"required name=search_term_string"}],"inLanguage":"es-MX"},{"@type":"Organization","@id":"https:\/\/compuviper.mx\/tienda\/#organization","name":"Compuviper","url":"https:\/\/compuviper.mx\/tienda\/","logo":{"@type":"ImageObject","inLanguage":"es-MX","@id":"https:\/\/compuviper.mx\/tienda\/#\/schema\/logo\/image\/","url":"https:\/\/compuviper.mx\/tienda\/wp-content\/uploads\/2021\/08\/Logo-Compuviper-10.png","contentUrl":"https:\/\/compuviper.mx\/tienda\/wp-content\/uploads\/2021\/08\/Logo-Compuviper-10.png","width":1000,"height":500,"caption":"Compuviper"},"image":{"@id":"https:\/\/compuviper.mx\/tienda\/#\/schema\/logo\/image\/"},"sameAs":["https:\/\/www.facebook.com\/compuviper","https:\/\/www.youtube.com\/channel\/UCf73dERp9Y3cfOq7q8BhLjA?view_as=subscriber"]}]},"product_brand":"LG","product_price_amount":"4703","product_price_currency":"MXN","og_availability":"instock","product_availability":"instock","product_retailer_item_id":"32SR50F-W","product_condition":"new"},"_links":{"self":[{"href":"https:\/\/compuviper.mx\/tienda\/wp-json\/wp\/v2\/product\/251759"}],"collection":[{"href":"https:\/\/compuviper.mx\/tienda\/wp-json\/wp\/v2\/product"}],"about":[{"href":"https:\/\/compuviper.mx\/tienda\/wp-json\/wp\/v2\/types\/product"}],"replies":[{"embeddable":true,"href":"https:\/\/compuviper.mx\/tienda\/wp-json\/wp\/v2\/comments?post=251759"}],"wp:featuredmedia":[{"embeddable":true,"href":"https:\/\/compuviper.mx\/tienda\/wp-json\/wp\/v2\/media\/259917"}],"wp:attachment":[{"href":"https:\/\/compuviper.mx\/tienda\/wp-json\/wp\/v2\/media?parent=251759"}],"wp:term":[{"taxonomy":"product_cat","embeddable":true,"href":"https:\/\/compuviper.mx\/tienda\/wp-json\/wp\/v2\/product_cat?post=251759"},{"taxonomy":"product_tag","embeddable":true,"href":"https:\/\/compuviper.mx\/tienda\/wp-json\/wp\/v2\/product_tag?post=251759"}],"curies":[{"name":"wp","href":"https:\/\/api.w.org\/{rel}","templated":true}]}}