{"id":251722,"date":"2026-04-18T01:14:26","date_gmt":"2026-04-18T07:14:26","guid":{"rendered":"https:\/\/compuviper.mx\/tienda\/producto\/startech-com-pexhdcap4k-tarjeta-capturadora-de-video-hdmi-pcie-tarjeta-pci-express-hdmi-2-0-4k-60hz-con-hdr-tarjeta-de-captura-pcie-x4-para-computadora-grabador-de-video-live-streaming-adaptador\/"},"modified":"2026-04-18T01:14:27","modified_gmt":"2026-04-18T07:14:27","slug":"startech-com-pexhdcap4k-tarjeta-capturadora-de-video-hdmi-pcie-tarjeta-pci-express-hdmi-2-0-4k-60hz-con-hdr-tarjeta-de-captura-pcie-x4-para-computadora-grabador-de-video-live-streaming-adaptador","status":"publish","type":"product","link":"https:\/\/compuviper.mx\/tienda\/producto\/startech-com-pexhdcap4k-tarjeta-capturadora-de-video-hdmi-pcie-tarjeta-pci-express-hdmi-2-0-4k-60hz-con-hdr-tarjeta-de-captura-pcie-x4-para-computadora-grabador-de-video-live-streaming-adaptador\/","title":{"rendered":"Startech.com Pexhdcap4k Tarjeta Capturadora De Video Hdmi Pcie &#8211; Tarjeta Pci Express Hdmi 2.0 4k 60hz Con Hdr &#8211; Tarjeta De Captura Pcie X4 Para Computadora &#8211; Grabador De Video\/live Streaming\/adaptador Startech"},"content":{"rendered":"<table class=\"descripcion\">\n<tr>\n<td>Captura de video 4k: la tarjeta de captura pcie hdmi (minimo x4 ranuras) captura videos no protegido 4k 60hz en un ordenador de sobremesa, a traves de un puerto de entrada hdmi 2.0 | 4096\u00d72160p 60fps, hdr10, audio de 2 canales, relacion de aspecto de 16:9 y 4:3 | compatible con reproduccion con salida de monitor hdmi<\/td>\n<\/tr>\n<tr>\n<td>Aplicacion: tarjeta de captura hdmi para grabacion de v\u00eddeo, videoconferencias, transmisiones de camaras, imagenes de uso medico de calidad 4k, con el software incluido streamcatcher o de otros desarrolladores (obs); transmision en vivo en plataformas de youtube y otras plataformas, con rtsp; uso con aplicaciones de colaboracion como teams y zoom<\/td>\n<\/tr>\n<tr>\n<td>Compatibilidad: el adaptador\/tarjeta de captura de video es compatible con la codificacion h.264 (mpeg-4), a fin de garantizar la compatibilidad con la mayoria de las plataformas; solucion de uso inmediato, con el software incluido u otras opciones (directshow) | incluye soportes de perfil bajo y completo<\/td>\n<\/tr>\n<tr>\n<td>Compatibilidad del sistema operativo: tarjeta de captura pci express hdmi y software incluido streamcatcher compatibles con windows 8 y superior; tambien funciona con los sistemas ntsc y pal | compatible con hdcp, no captura contenido protegido como blu-ray o salidas de video de un equipo mac<\/td>\n<\/tr>\n<tr>\n<td>Ventaja de startech.com: por mas de 30 a\u00f1os, startech.com ha sido la eleccion preferida de los profesionales informaticos. producto avalado por la garantia de 2 a\u00f1os de startech.com, con soporte tecnico multiling\u00fce gratuito, 24 horas\/5 dias a la semana, con base en norteam\u00e9rica<\/td>\n<\/tr>\n<\/table>\n","protected":false},"excerpt":{"rendered":"<p>Grabador hdmi pci express | hdr | 4k @ 60hz | para windows<\/p>\n","protected":false},"featured_media":260143,"comment_status":"open","ping_status":"open","template":"","meta":[],"product_cat":[1563,1572],"product_tag":[1590],"acf":[],"yoast_head":"<!-- This site is optimized with the Yoast SEO plugin v21.7 - https:\/\/yoast.com\/wordpress\/plugins\/seo\/ -->\n<title>[ Startech.com ] &#129351; Pexhdcap4k Tarjeta Capturadora De Video Hdmi Pcie - Tarjeta Pci Express Hdmi 2.0 4k 60hz Con Hdr - Tarjeta De Captura Pcie X4 Para Computadora - Grabador De Video\/live Streaming\/adaptador Startech<\/title>\n<meta name=\"description\" content=\"Compra Pexhdcap4k Tarjeta Capturadora De Video Hdmi Pcie - Tarjeta Pci Express Hdmi 2.0 4k 60hz Con Hdr - Tarjeta De Captura Pcie X4 Para Computadora - Grabador De Video\/live Streaming\/adaptador Startech + Env\u00edo a domicilio + Pago seguro + Garant\u00eda\" \/>\n<meta name=\"robots\" content=\"index, follow, max-snippet:-1, max-image-preview:large, max-video-preview:-1\" \/>\n<link rel=\"canonical\" href=\"https:\/\/compuviper.mx\/tienda\/producto\/startech-com-pexhdcap4k-tarjeta-capturadora-de-video-hdmi-pcie-tarjeta-pci-express-hdmi-2-0-4k-60hz-con-hdr-tarjeta-de-captura-pcie-x4-para-computadora-grabador-de-video-live-streaming-adaptador\/\" \/>\n<meta property=\"og:locale\" content=\"es_MX\" \/>\n<meta property=\"og:type\" content=\"article\" \/>\n<meta property=\"og:title\" content=\"[ Startech.com ] &#129351; Pexhdcap4k Tarjeta Capturadora De Video Hdmi Pcie - Tarjeta Pci Express Hdmi 2.0 4k 60hz Con Hdr - Tarjeta De Captura Pcie X4 Para Computadora - Grabador De Video\/live Streaming\/adaptador Startech\" \/>\n<meta property=\"og:description\" content=\"Compra Pexhdcap4k Tarjeta Capturadora De Video Hdmi Pcie - Tarjeta Pci Express Hdmi 2.0 4k 60hz Con Hdr - Tarjeta De Captura Pcie X4 Para Computadora - Grabador De Video\/live Streaming\/adaptador Startech + Env\u00edo a domicilio + Pago seguro + Garant\u00eda\" \/>\n<meta property=\"og:url\" content=\"https:\/\/compuviper.mx\/tienda\/producto\/startech-com-pexhdcap4k-tarjeta-capturadora-de-video-hdmi-pcie-tarjeta-pci-express-hdmi-2-0-4k-60hz-con-hdr-tarjeta-de-captura-pcie-x4-para-computadora-grabador-de-video-live-streaming-adaptador\/\" \/>\n<meta property=\"og:site_name\" content=\"Compuviper\" \/>\n<meta property=\"article:publisher\" content=\"https:\/\/www.facebook.com\/compuviper\" \/>\n<meta property=\"article:modified_time\" content=\"2026-04-18T07:14:27+00:00\" \/>\n<meta property=\"og:image\" content=\"https:\/\/compuviper.mx\/tienda\/wp-content\/uploads\/2025\/10\/Tarjeta-capturadora-de-video-hdmi-pcie-tarjeta-pci-express-hdmi-2.0-4k-60hz-con-hdr-tarjeta-de-captura-pcie-x4-para-computadora-grabador-de-videolive-streamingadaptador-startech.jpg\" \/>\n\t<meta property=\"og:image:width\" content=\"200\" \/>\n\t<meta property=\"og:image:height\" content=\"200\" \/>\n\t<meta property=\"og:image:type\" content=\"image\/jpeg\" \/>\n<meta name=\"twitter:card\" content=\"summary_large_image\" \/>\n<meta name=\"twitter:label1\" content=\"Precio\" \/>\n\t<meta name=\"twitter:data1\" content=\"&#36;3,702 con IVA\" \/>\n\t<meta name=\"twitter:label2\" content=\"Availability\" \/>\n\t<meta name=\"twitter:data2\" content=\"On backorder\" \/>\n<script type=\"application\/ld+json\" class=\"yoast-schema-graph\">{\"@context\":\"https:\/\/schema.org\",\"@graph\":[{\"@type\":\"WebPage\",\"@id\":\"https:\/\/compuviper.mx\/tienda\/producto\/startech-com-pexhdcap4k-tarjeta-capturadora-de-video-hdmi-pcie-tarjeta-pci-express-hdmi-2-0-4k-60hz-con-hdr-tarjeta-de-captura-pcie-x4-para-computadora-grabador-de-video-live-streaming-adaptador\/\",\"url\":\"https:\/\/compuviper.mx\/tienda\/producto\/startech-com-pexhdcap4k-tarjeta-capturadora-de-video-hdmi-pcie-tarjeta-pci-express-hdmi-2-0-4k-60hz-con-hdr-tarjeta-de-captura-pcie-x4-para-computadora-grabador-de-video-live-streaming-adaptador\/\",\"name\":\"[ Startech.com ] &#129351; Pexhdcap4k Tarjeta Capturadora De Video Hdmi Pcie - Tarjeta Pci Express Hdmi 2.0 4k 60hz Con Hdr - Tarjeta De Captura Pcie X4 Para Computadora - Grabador De Video\/live Streaming\/adaptador Startech\",\"isPartOf\":{\"@id\":\"https:\/\/compuviper.mx\/tienda\/#website\"},\"datePublished\":\"2026-04-18T07:14:26+00:00\",\"dateModified\":\"2026-04-18T07:14:27+00:00\",\"description\":\"Compra Pexhdcap4k Tarjeta Capturadora De Video Hdmi Pcie - Tarjeta Pci Express Hdmi 2.0 4k 60hz Con Hdr - Tarjeta De Captura Pcie X4 Para Computadora - Grabador De Video\/live Streaming\/adaptador Startech + Env\u00edo a domicilio + Pago seguro + Garant\u00eda\",\"breadcrumb\":{\"@id\":\"https:\/\/compuviper.mx\/tienda\/producto\/startech-com-pexhdcap4k-tarjeta-capturadora-de-video-hdmi-pcie-tarjeta-pci-express-hdmi-2-0-4k-60hz-con-hdr-tarjeta-de-captura-pcie-x4-para-computadora-grabador-de-video-live-streaming-adaptador\/#breadcrumb\"},\"inLanguage\":\"es-MX\",\"potentialAction\":[{\"@type\":\"ReadAction\",\"target\":[\"https:\/\/compuviper.mx\/tienda\/producto\/startech-com-pexhdcap4k-tarjeta-capturadora-de-video-hdmi-pcie-tarjeta-pci-express-hdmi-2-0-4k-60hz-con-hdr-tarjeta-de-captura-pcie-x4-para-computadora-grabador-de-video-live-streaming-adaptador\/\"]}]},{\"@type\":\"BreadcrumbList\",\"@id\":\"https:\/\/compuviper.mx\/tienda\/producto\/startech-com-pexhdcap4k-tarjeta-capturadora-de-video-hdmi-pcie-tarjeta-pci-express-hdmi-2-0-4k-60hz-con-hdr-tarjeta-de-captura-pcie-x4-para-computadora-grabador-de-video-live-streaming-adaptador\/#breadcrumb\",\"itemListElement\":[{\"@type\":\"ListItem\",\"position\":1,\"name\":\"Inicio\",\"item\":\"https:\/\/compuviper.mx\/tienda\/\"},{\"@type\":\"ListItem\",\"position\":2,\"name\":\"Productos\",\"item\":\"https:\/\/compuviper.mx\/tienda\/productos\/\"},{\"@type\":\"ListItem\",\"position\":3,\"name\":\"Redes\",\"item\":\"https:\/\/compuviper.mx\/tienda\/categoria-producto\/redes\/\"},{\"@type\":\"ListItem\",\"position\":4,\"name\":\"Tarjetas De Red\",\"item\":\"https:\/\/compuviper.mx\/tienda\/categoria-producto\/redes\/tarjetas-de-red\/\"},{\"@type\":\"ListItem\",\"position\":5,\"name\":\"Startech.com Pexhdcap4k Tarjeta Capturadora De Video Hdmi Pcie &#8211; Tarjeta Pci Express Hdmi 2.0 4k 60hz Con Hdr &#8211; Tarjeta De Captura Pcie X4 Para Computadora &#8211; Grabador De Video\/live Streaming\/adaptador Startech\"}]},{\"@type\":\"WebSite\",\"@id\":\"https:\/\/compuviper.mx\/tienda\/#website\",\"url\":\"https:\/\/compuviper.mx\/tienda\/\",\"name\":\"Compuviper\",\"description\":\"Proveedor de Computadoras, Laptops, Servidores, Monitores, Puntos de Venta, Teclados,   Impresoras, T\u00f3ner, C\u00e1maras de Seguridad y m\u00e1s en tu tienda en l\u00ednea\",\"publisher\":{\"@id\":\"https:\/\/compuviper.mx\/tienda\/#organization\"},\"potentialAction\":[{\"@type\":\"SearchAction\",\"target\":{\"@type\":\"EntryPoint\",\"urlTemplate\":\"https:\/\/compuviper.mx\/tienda\/?s={search_term_string}\"},\"query-input\":\"required name=search_term_string\"}],\"inLanguage\":\"es-MX\"},{\"@type\":\"Organization\",\"@id\":\"https:\/\/compuviper.mx\/tienda\/#organization\",\"name\":\"Compuviper\",\"url\":\"https:\/\/compuviper.mx\/tienda\/\",\"logo\":{\"@type\":\"ImageObject\",\"inLanguage\":\"es-MX\",\"@id\":\"https:\/\/compuviper.mx\/tienda\/#\/schema\/logo\/image\/\",\"url\":\"https:\/\/compuviper.mx\/tienda\/wp-content\/uploads\/2021\/08\/Logo-Compuviper-10.png\",\"contentUrl\":\"https:\/\/compuviper.mx\/tienda\/wp-content\/uploads\/2021\/08\/Logo-Compuviper-10.png\",\"width\":1000,\"height\":500,\"caption\":\"Compuviper\"},\"image\":{\"@id\":\"https:\/\/compuviper.mx\/tienda\/#\/schema\/logo\/image\/\"},\"sameAs\":[\"https:\/\/www.facebook.com\/compuviper\",\"https:\/\/www.youtube.com\/channel\/UCf73dERp9Y3cfOq7q8BhLjA?view_as=subscriber\"]}]}<\/script>\n<meta property=\"product:brand\" content=\"STARTECH.COM\" \/>\n<meta property=\"product:price:amount\" content=\"3702\" \/>\n<meta property=\"product:price:currency\" content=\"MXN\" \/>\n<meta property=\"og:availability\" content=\"backorder\" \/>\n<meta property=\"product:availability\" content=\"available for order\" \/>\n<meta property=\"product:retailer_item_id\" content=\"PEXHDCAP4K\" \/>\n<meta property=\"product:condition\" content=\"new\" \/>\n<!-- \/ Yoast SEO plugin. -->","yoast_head_json":{"title":"[ Startech.com ] &#129351; Pexhdcap4k Tarjeta Capturadora De Video Hdmi Pcie - Tarjeta Pci Express Hdmi 2.0 4k 60hz Con Hdr - Tarjeta De Captura Pcie X4 Para Computadora - Grabador De Video\/live Streaming\/adaptador Startech","description":"Compra Pexhdcap4k Tarjeta Capturadora De Video Hdmi Pcie - Tarjeta Pci Express Hdmi 2.0 4k 60hz Con Hdr - Tarjeta De Captura Pcie X4 Para Computadora - Grabador De Video\/live Streaming\/adaptador Startech + Env\u00edo a domicilio + Pago seguro + Garant\u00eda","robots":{"index":"index","follow":"follow","max-snippet":"max-snippet:-1","max-image-preview":"max-image-preview:large","max-video-preview":"max-video-preview:-1"},"canonical":"https:\/\/compuviper.mx\/tienda\/producto\/startech-com-pexhdcap4k-tarjeta-capturadora-de-video-hdmi-pcie-tarjeta-pci-express-hdmi-2-0-4k-60hz-con-hdr-tarjeta-de-captura-pcie-x4-para-computadora-grabador-de-video-live-streaming-adaptador\/","og_locale":"es_MX","og_type":"article","og_title":"[ Startech.com ] &#129351; Pexhdcap4k Tarjeta Capturadora De Video Hdmi Pcie - Tarjeta Pci Express Hdmi 2.0 4k 60hz Con Hdr - Tarjeta De Captura Pcie X4 Para Computadora - Grabador De Video\/live Streaming\/adaptador Startech","og_description":"Compra Pexhdcap4k Tarjeta Capturadora De Video Hdmi Pcie - Tarjeta Pci Express Hdmi 2.0 4k 60hz Con Hdr - Tarjeta De Captura Pcie X4 Para Computadora - Grabador De Video\/live Streaming\/adaptador Startech + Env\u00edo a domicilio + Pago seguro + Garant\u00eda","og_url":"https:\/\/compuviper.mx\/tienda\/producto\/startech-com-pexhdcap4k-tarjeta-capturadora-de-video-hdmi-pcie-tarjeta-pci-express-hdmi-2-0-4k-60hz-con-hdr-tarjeta-de-captura-pcie-x4-para-computadora-grabador-de-video-live-streaming-adaptador\/","og_site_name":"Compuviper","article_publisher":"https:\/\/www.facebook.com\/compuviper","article_modified_time":"2026-04-18T07:14:27+00:00","og_image":[{"width":200,"height":200,"url":"https:\/\/compuviper.mx\/tienda\/wp-content\/uploads\/2025\/10\/Tarjeta-capturadora-de-video-hdmi-pcie-tarjeta-pci-express-hdmi-2.0-4k-60hz-con-hdr-tarjeta-de-captura-pcie-x4-para-computadora-grabador-de-videolive-streamingadaptador-startech.jpg","type":"image\/jpeg"}],"twitter_card":"summary_large_image","twitter_misc":{"Precio":"&#36;3,702 con IVA","Availability":"On backorder"},"schema":{"@context":"https:\/\/schema.org","@graph":[{"@type":"WebPage","@id":"https:\/\/compuviper.mx\/tienda\/producto\/startech-com-pexhdcap4k-tarjeta-capturadora-de-video-hdmi-pcie-tarjeta-pci-express-hdmi-2-0-4k-60hz-con-hdr-tarjeta-de-captura-pcie-x4-para-computadora-grabador-de-video-live-streaming-adaptador\/","url":"https:\/\/compuviper.mx\/tienda\/producto\/startech-com-pexhdcap4k-tarjeta-capturadora-de-video-hdmi-pcie-tarjeta-pci-express-hdmi-2-0-4k-60hz-con-hdr-tarjeta-de-captura-pcie-x4-para-computadora-grabador-de-video-live-streaming-adaptador\/","name":"[ Startech.com ] &#129351; Pexhdcap4k Tarjeta Capturadora De Video Hdmi Pcie - Tarjeta Pci Express Hdmi 2.0 4k 60hz Con Hdr - Tarjeta De Captura Pcie X4 Para Computadora - Grabador De Video\/live Streaming\/adaptador Startech","isPartOf":{"@id":"https:\/\/compuviper.mx\/tienda\/#website"},"datePublished":"2026-04-18T07:14:26+00:00","dateModified":"2026-04-18T07:14:27+00:00","description":"Compra Pexhdcap4k Tarjeta Capturadora De Video Hdmi Pcie - Tarjeta Pci Express Hdmi 2.0 4k 60hz Con Hdr - Tarjeta De Captura Pcie X4 Para Computadora - Grabador De Video\/live Streaming\/adaptador Startech + Env\u00edo a domicilio + Pago seguro + Garant\u00eda","breadcrumb":{"@id":"https:\/\/compuviper.mx\/tienda\/producto\/startech-com-pexhdcap4k-tarjeta-capturadora-de-video-hdmi-pcie-tarjeta-pci-express-hdmi-2-0-4k-60hz-con-hdr-tarjeta-de-captura-pcie-x4-para-computadora-grabador-de-video-live-streaming-adaptador\/#breadcrumb"},"inLanguage":"es-MX","potentialAction":[{"@type":"ReadAction","target":["https:\/\/compuviper.mx\/tienda\/producto\/startech-com-pexhdcap4k-tarjeta-capturadora-de-video-hdmi-pcie-tarjeta-pci-express-hdmi-2-0-4k-60hz-con-hdr-tarjeta-de-captura-pcie-x4-para-computadora-grabador-de-video-live-streaming-adaptador\/"]}]},{"@type":"BreadcrumbList","@id":"https:\/\/compuviper.mx\/tienda\/producto\/startech-com-pexhdcap4k-tarjeta-capturadora-de-video-hdmi-pcie-tarjeta-pci-express-hdmi-2-0-4k-60hz-con-hdr-tarjeta-de-captura-pcie-x4-para-computadora-grabador-de-video-live-streaming-adaptador\/#breadcrumb","itemListElement":[{"@type":"ListItem","position":1,"name":"Inicio","item":"https:\/\/compuviper.mx\/tienda\/"},{"@type":"ListItem","position":2,"name":"Productos","item":"https:\/\/compuviper.mx\/tienda\/productos\/"},{"@type":"ListItem","position":3,"name":"Redes","item":"https:\/\/compuviper.mx\/tienda\/categoria-producto\/redes\/"},{"@type":"ListItem","position":4,"name":"Tarjetas De Red","item":"https:\/\/compuviper.mx\/tienda\/categoria-producto\/redes\/tarjetas-de-red\/"},{"@type":"ListItem","position":5,"name":"Startech.com Pexhdcap4k Tarjeta Capturadora De Video Hdmi Pcie &#8211; Tarjeta Pci Express Hdmi 2.0 4k 60hz Con Hdr &#8211; Tarjeta De Captura Pcie X4 Para Computadora &#8211; Grabador De Video\/live Streaming\/adaptador Startech"}]},{"@type":"WebSite","@id":"https:\/\/compuviper.mx\/tienda\/#website","url":"https:\/\/compuviper.mx\/tienda\/","name":"Compuviper","description":"Proveedor de Computadoras, Laptops, Servidores, Monitores, Puntos de Venta, Teclados,   Impresoras, T\u00f3ner, C\u00e1maras de Seguridad y m\u00e1s en tu tienda en l\u00ednea","publisher":{"@id":"https:\/\/compuviper.mx\/tienda\/#organization"},"potentialAction":[{"@type":"SearchAction","target":{"@type":"EntryPoint","urlTemplate":"https:\/\/compuviper.mx\/tienda\/?s={search_term_string}"},"query-input":"required name=search_term_string"}],"inLanguage":"es-MX"},{"@type":"Organization","@id":"https:\/\/compuviper.mx\/tienda\/#organization","name":"Compuviper","url":"https:\/\/compuviper.mx\/tienda\/","logo":{"@type":"ImageObject","inLanguage":"es-MX","@id":"https:\/\/compuviper.mx\/tienda\/#\/schema\/logo\/image\/","url":"https:\/\/compuviper.mx\/tienda\/wp-content\/uploads\/2021\/08\/Logo-Compuviper-10.png","contentUrl":"https:\/\/compuviper.mx\/tienda\/wp-content\/uploads\/2021\/08\/Logo-Compuviper-10.png","width":1000,"height":500,"caption":"Compuviper"},"image":{"@id":"https:\/\/compuviper.mx\/tienda\/#\/schema\/logo\/image\/"},"sameAs":["https:\/\/www.facebook.com\/compuviper","https:\/\/www.youtube.com\/channel\/UCf73dERp9Y3cfOq7q8BhLjA?view_as=subscriber"]}]},"product_brand":"STARTECH.COM","product_price_amount":"3702","product_price_currency":"MXN","og_availability":"backorder","product_availability":"available for order","product_retailer_item_id":"PEXHDCAP4K","product_condition":"new"},"_links":{"self":[{"href":"https:\/\/compuviper.mx\/tienda\/wp-json\/wp\/v2\/product\/251722"}],"collection":[{"href":"https:\/\/compuviper.mx\/tienda\/wp-json\/wp\/v2\/product"}],"about":[{"href":"https:\/\/compuviper.mx\/tienda\/wp-json\/wp\/v2\/types\/product"}],"replies":[{"embeddable":true,"href":"https:\/\/compuviper.mx\/tienda\/wp-json\/wp\/v2\/comments?post=251722"}],"wp:featuredmedia":[{"embeddable":true,"href":"https:\/\/compuviper.mx\/tienda\/wp-json\/wp\/v2\/media\/260143"}],"wp:attachment":[{"href":"https:\/\/compuviper.mx\/tienda\/wp-json\/wp\/v2\/media?parent=251722"}],"wp:term":[{"taxonomy":"product_cat","embeddable":true,"href":"https:\/\/compuviper.mx\/tienda\/wp-json\/wp\/v2\/product_cat?post=251722"},{"taxonomy":"product_tag","embeddable":true,"href":"https:\/\/compuviper.mx\/tienda\/wp-json\/wp\/v2\/product_tag?post=251722"}],"curies":[{"name":"wp","href":"https:\/\/api.w.org\/{rel}","templated":true}]}}