{"id":251710,"date":"2026-04-01T23:16:34","date_gmt":"2026-04-02T05:16:34","guid":{"rendered":"https:\/\/compuviper.mx\/tienda\/producto\/startech-com-1mp1acg-monitor-arm-soporte-de-escritorio-para-monitor-vesa-75x75-100x100-de-27-pulgadas-169-30-pulgadas-219-ultrawide-grommet-o-abrazadera-en-c-ajuste-sin-herramientas-brazo-as\/"},"modified":"2026-04-01T23:16:34","modified_gmt":"2026-04-02T05:16:34","slug":"startech-com-1mp1acg-monitor-arm-soporte-de-escritorio-para-monitor-vesa-75x75-100x100-de-27-pulgadas-169-30-pulgadas-219-ultrawide-grommet-o-abrazadera-en-c-ajuste-sin-herramientas-brazo-as","status":"publish","type":"product","link":"https:\/\/compuviper.mx\/tienda\/producto\/startech-com-1mp1acg-monitor-arm-soporte-de-escritorio-para-monitor-vesa-75x75-100x100-de-27-pulgadas-169-30-pulgadas-219-ultrawide-grommet-o-abrazadera-en-c-ajuste-sin-herramientas-brazo-as\/","title":{"rendered":"Startech.com 1mp1acg-monitor-arm Soporte De Escritorio Para Monitor Vesa 75&#215;75\/100&#215;100 De 27 Pulgadas 16:9 \/ 30 Pulgadas 21:9 Ultrawide &#8211; Grommet O Abrazadera En C &#8211; Ajuste Sin Herramientas &#8211; Brazo Asistido Por Resorte Startech"},"content":{"rendered":"<table class=\"descripcion\">\n<tr>\n<td>Brazo para monitor de montaje en escritorio: el soporte vesa para un solo monitor (75&#215;75\/100&#215;100 mm) admite pantallas ultrapanoramicas de hasta 9kg de 27 pulgadas 16:9 o 30 pulgadas 21:9 &#8211; muelle mecanico de alta calidad probado a 10.000 ciclos<\/td>\n<\/tr>\n<tr>\n<td>Montaje rapido y sin herramientas: el brazo con diseno sin herramientas hace que el montaje sea rapido y sencillo &#8211; la abrazadera de escritorio y el poste premontados pueden fijarse facilmente a mano al escritorio, ahorrando tiempo de instalacion<\/td>\n<\/tr>\n<tr>\n<td>Gama de movimiento: brazo articulado ergonomico con ajustes sin herramientas de +\/-180 grados giro horizontal, 105 grados inclinacion, 240 grados panoramica, y 360 grados rotacion de pantalla para orientaciones vertical y horizontal  compatible con taa<\/td>\n<\/tr>\n<tr>\n<td>Opciones de montaje: abrazadera en c intercambiable para escritorio o soporte grommet para escritorios de hasta 110mm de grosor &#8211; el soporte para monitor incluye herramientas para ajustar la tension del brazo al peso del monitor &#8211; placas vesa desmontables<\/td>\n<\/tr>\n<tr>\n<td>Espacio de trabajo organizado: soporte para monitor de computdora con canales de administracion de cables a lo largo del brazo para mantener los cables fuera de la vista &#8211; un clip para cables en el poste ayuda a mantener una configuracion ordenada<\/td>\n<\/tr>\n<\/table>\n","protected":false},"excerpt":{"rendered":"<p>Soporte de escritorio para un monitor con soporte para monitores de hasta 30 pulgadas y brazo articulado de altura regulable<\/p>\n","protected":false},"featured_media":258824,"comment_status":"open","ping_status":"open","template":"","meta":[],"product_cat":[2321,2265],"product_tag":[1590],"acf":[],"yoast_head":"<!-- This site is optimized with the Yoast SEO plugin v21.7 - https:\/\/yoast.com\/wordpress\/plugins\/seo\/ -->\n<title>[ Startech.com ] &#129351; 1mp1acg-monitor-arm Soporte De Escritorio Para Monitor Vesa 75x75\/100x100 De 27 Pulgadas 16:9 \/ 30 Pulgadas 21:9 Ultrawide - Grommet O Abrazadera En C - Ajuste Sin Herramientas - Brazo Asistido Por Resorte Startech<\/title>\n<meta name=\"description\" content=\"Compra 1mp1acg-monitor-arm Soporte De Escritorio Para Monitor Vesa 75x75\/100x100 De 27 Pulgadas 16:9 \/ 30 Pulgadas 21:9 Ultrawide - Grommet O Abrazadera En C - Ajuste Sin Herramientas - Brazo Asistido Por Resorte Startech + Env\u00edo a domicilio + Pago seguro + Garant\u00eda\" \/>\n<meta name=\"robots\" content=\"index, follow, max-snippet:-1, max-image-preview:large, max-video-preview:-1\" \/>\n<link rel=\"canonical\" href=\"https:\/\/compuviper.mx\/tienda\/producto\/startech-com-1mp1acg-monitor-arm-soporte-de-escritorio-para-monitor-vesa-75x75-100x100-de-27-pulgadas-169-30-pulgadas-219-ultrawide-grommet-o-abrazadera-en-c-ajuste-sin-herramientas-brazo-as\/\" \/>\n<meta property=\"og:locale\" content=\"es_MX\" \/>\n<meta property=\"og:type\" content=\"article\" \/>\n<meta property=\"og:title\" content=\"[ Startech.com ] &#129351; 1mp1acg-monitor-arm Soporte De Escritorio Para Monitor Vesa 75x75\/100x100 De 27 Pulgadas 16:9 \/ 30 Pulgadas 21:9 Ultrawide - Grommet O Abrazadera En C - Ajuste Sin Herramientas - Brazo Asistido Por Resorte Startech\" \/>\n<meta property=\"og:description\" content=\"Compra 1mp1acg-monitor-arm Soporte De Escritorio Para Monitor Vesa 75x75\/100x100 De 27 Pulgadas 16:9 \/ 30 Pulgadas 21:9 Ultrawide - Grommet O Abrazadera En C - Ajuste Sin Herramientas - Brazo Asistido Por Resorte Startech + Env\u00edo a domicilio + Pago seguro + Garant\u00eda\" \/>\n<meta property=\"og:url\" content=\"https:\/\/compuviper.mx\/tienda\/producto\/startech-com-1mp1acg-monitor-arm-soporte-de-escritorio-para-monitor-vesa-75x75-100x100-de-27-pulgadas-169-30-pulgadas-219-ultrawide-grommet-o-abrazadera-en-c-ajuste-sin-herramientas-brazo-as\/\" \/>\n<meta property=\"og:site_name\" content=\"Compuviper\" \/>\n<meta property=\"article:publisher\" content=\"https:\/\/www.facebook.com\/compuviper\" \/>\n<meta property=\"og:image\" content=\"https:\/\/compuviper.mx\/tienda\/wp-content\/uploads\/2025\/10\/Soporte-de-escritorio-para-monitor-vesa-75x75100x100-de-27-pulgadas-169-30-pulgadas-219-ultrawide-grommet-o-abrazadera-en-c-ajuste-sin-herramientas-brazo-asistido-por-resorte-startech.jpg\" \/>\n\t<meta property=\"og:image:width\" content=\"200\" \/>\n\t<meta property=\"og:image:height\" content=\"200\" \/>\n\t<meta property=\"og:image:type\" content=\"image\/jpeg\" \/>\n<meta name=\"twitter:card\" content=\"summary_large_image\" \/>\n<meta name=\"twitter:label1\" content=\"Precio\" \/>\n\t<meta name=\"twitter:data1\" content=\"&#36;3,493 con IVA\" \/>\n\t<meta name=\"twitter:label2\" content=\"Availability\" \/>\n\t<meta name=\"twitter:data2\" content=\"Out of stock\" \/>\n<script type=\"application\/ld+json\" class=\"yoast-schema-graph\">{\"@context\":\"https:\/\/schema.org\",\"@graph\":[{\"@type\":\"WebPage\",\"@id\":\"https:\/\/compuviper.mx\/tienda\/producto\/startech-com-1mp1acg-monitor-arm-soporte-de-escritorio-para-monitor-vesa-75x75-100x100-de-27-pulgadas-169-30-pulgadas-219-ultrawide-grommet-o-abrazadera-en-c-ajuste-sin-herramientas-brazo-as\/\",\"url\":\"https:\/\/compuviper.mx\/tienda\/producto\/startech-com-1mp1acg-monitor-arm-soporte-de-escritorio-para-monitor-vesa-75x75-100x100-de-27-pulgadas-169-30-pulgadas-219-ultrawide-grommet-o-abrazadera-en-c-ajuste-sin-herramientas-brazo-as\/\",\"name\":\"[ Startech.com ] &#129351; 1mp1acg-monitor-arm Soporte De Escritorio Para Monitor Vesa 75x75\/100x100 De 27 Pulgadas 16:9 \/ 30 Pulgadas 21:9 Ultrawide - Grommet O Abrazadera En C - Ajuste Sin Herramientas - Brazo Asistido Por Resorte Startech\",\"isPartOf\":{\"@id\":\"https:\/\/compuviper.mx\/tienda\/#website\"},\"datePublished\":\"2026-04-02T05:16:34+00:00\",\"dateModified\":\"2026-04-02T05:16:34+00:00\",\"description\":\"Compra 1mp1acg-monitor-arm Soporte De Escritorio Para Monitor Vesa 75x75\/100x100 De 27 Pulgadas 16:9 \/ 30 Pulgadas 21:9 Ultrawide - Grommet O Abrazadera En C - Ajuste Sin Herramientas - Brazo Asistido Por Resorte Startech + Env\u00edo a domicilio + Pago seguro + Garant\u00eda\",\"breadcrumb\":{\"@id\":\"https:\/\/compuviper.mx\/tienda\/producto\/startech-com-1mp1acg-monitor-arm-soporte-de-escritorio-para-monitor-vesa-75x75-100x100-de-27-pulgadas-169-30-pulgadas-219-ultrawide-grommet-o-abrazadera-en-c-ajuste-sin-herramientas-brazo-as\/#breadcrumb\"},\"inLanguage\":\"es-MX\",\"potentialAction\":[{\"@type\":\"ReadAction\",\"target\":[\"https:\/\/compuviper.mx\/tienda\/producto\/startech-com-1mp1acg-monitor-arm-soporte-de-escritorio-para-monitor-vesa-75x75-100x100-de-27-pulgadas-169-30-pulgadas-219-ultrawide-grommet-o-abrazadera-en-c-ajuste-sin-herramientas-brazo-as\/\"]}]},{\"@type\":\"BreadcrumbList\",\"@id\":\"https:\/\/compuviper.mx\/tienda\/producto\/startech-com-1mp1acg-monitor-arm-soporte-de-escritorio-para-monitor-vesa-75x75-100x100-de-27-pulgadas-169-30-pulgadas-219-ultrawide-grommet-o-abrazadera-en-c-ajuste-sin-herramientas-brazo-as\/#breadcrumb\",\"itemListElement\":[{\"@type\":\"ListItem\",\"position\":1,\"name\":\"Inicio\",\"item\":\"https:\/\/compuviper.mx\/tienda\/\"},{\"@type\":\"ListItem\",\"position\":2,\"name\":\"Productos\",\"item\":\"https:\/\/compuviper.mx\/tienda\/productos\/\"},{\"@type\":\"ListItem\",\"position\":3,\"name\":\"Soportes Y Bases P\/tv\/ Proyectores\/dvd\/consolas\/bocinas\/pantallas\/monotores\",\"item\":\"https:\/\/compuviper.mx\/tienda\/categoria-producto\/soportes-y-bases-p-tv-proyectores-dvd-consolas-bocinas-pantallas-monotores\/\"},{\"@type\":\"ListItem\",\"position\":4,\"name\":\"Soporte Y Base Para Tv\/pantallas\/monitores\/kiosko\",\"item\":\"https:\/\/compuviper.mx\/tienda\/categoria-producto\/soportes-y-bases-p-tv-proyectores-dvd-consolas-bocinas-pantallas-monotores\/soporte-y-base-para-tv-pantallas-monitores-kiosko\/\"},{\"@type\":\"ListItem\",\"position\":5,\"name\":\"Startech.com 1mp1acg-monitor-arm Soporte De Escritorio Para Monitor Vesa 75&#215;75\/100&#215;100 De 27 Pulgadas 16:9 \/ 30 Pulgadas 21:9 Ultrawide &#8211; Grommet O Abrazadera En C &#8211; Ajuste Sin Herramientas &#8211; Brazo Asistido Por Resorte Startech\"}]},{\"@type\":\"WebSite\",\"@id\":\"https:\/\/compuviper.mx\/tienda\/#website\",\"url\":\"https:\/\/compuviper.mx\/tienda\/\",\"name\":\"Compuviper\",\"description\":\"Proveedor de Computadoras, Laptops, Servidores, Monitores, Puntos de Venta, Teclados,   Impresoras, T\u00f3ner, C\u00e1maras de Seguridad y m\u00e1s en tu tienda en l\u00ednea\",\"publisher\":{\"@id\":\"https:\/\/compuviper.mx\/tienda\/#organization\"},\"potentialAction\":[{\"@type\":\"SearchAction\",\"target\":{\"@type\":\"EntryPoint\",\"urlTemplate\":\"https:\/\/compuviper.mx\/tienda\/?s={search_term_string}\"},\"query-input\":\"required name=search_term_string\"}],\"inLanguage\":\"es-MX\"},{\"@type\":\"Organization\",\"@id\":\"https:\/\/compuviper.mx\/tienda\/#organization\",\"name\":\"Compuviper\",\"url\":\"https:\/\/compuviper.mx\/tienda\/\",\"logo\":{\"@type\":\"ImageObject\",\"inLanguage\":\"es-MX\",\"@id\":\"https:\/\/compuviper.mx\/tienda\/#\/schema\/logo\/image\/\",\"url\":\"https:\/\/compuviper.mx\/tienda\/wp-content\/uploads\/2021\/08\/Logo-Compuviper-10.png\",\"contentUrl\":\"https:\/\/compuviper.mx\/tienda\/wp-content\/uploads\/2021\/08\/Logo-Compuviper-10.png\",\"width\":1000,\"height\":500,\"caption\":\"Compuviper\"},\"image\":{\"@id\":\"https:\/\/compuviper.mx\/tienda\/#\/schema\/logo\/image\/\"},\"sameAs\":[\"https:\/\/www.facebook.com\/compuviper\",\"https:\/\/www.youtube.com\/channel\/UCf73dERp9Y3cfOq7q8BhLjA?view_as=subscriber\"]}]}<\/script>\n<meta property=\"product:brand\" content=\"STARTECH.COM\" \/>\n<meta property=\"product:price:amount\" content=\"3493\" \/>\n<meta property=\"product:price:currency\" content=\"MXN\" \/>\n<meta property=\"og:availability\" content=\"out of stock\" \/>\n<meta property=\"product:availability\" content=\"out of stock\" \/>\n<meta property=\"product:retailer_item_id\" content=\"1MP1ACG-MONITOR-ARM\" \/>\n<meta property=\"product:condition\" content=\"new\" \/>\n<!-- \/ Yoast SEO plugin. -->","yoast_head_json":{"title":"[ Startech.com ] &#129351; 1mp1acg-monitor-arm Soporte De Escritorio Para Monitor Vesa 75x75\/100x100 De 27 Pulgadas 16:9 \/ 30 Pulgadas 21:9 Ultrawide - Grommet O Abrazadera En C - Ajuste Sin Herramientas - Brazo Asistido Por Resorte Startech","description":"Compra 1mp1acg-monitor-arm Soporte De Escritorio Para Monitor Vesa 75x75\/100x100 De 27 Pulgadas 16:9 \/ 30 Pulgadas 21:9 Ultrawide - Grommet O Abrazadera En C - Ajuste Sin Herramientas - Brazo Asistido Por Resorte Startech + Env\u00edo a domicilio + Pago seguro + Garant\u00eda","robots":{"index":"index","follow":"follow","max-snippet":"max-snippet:-1","max-image-preview":"max-image-preview:large","max-video-preview":"max-video-preview:-1"},"canonical":"https:\/\/compuviper.mx\/tienda\/producto\/startech-com-1mp1acg-monitor-arm-soporte-de-escritorio-para-monitor-vesa-75x75-100x100-de-27-pulgadas-169-30-pulgadas-219-ultrawide-grommet-o-abrazadera-en-c-ajuste-sin-herramientas-brazo-as\/","og_locale":"es_MX","og_type":"article","og_title":"[ Startech.com ] &#129351; 1mp1acg-monitor-arm Soporte De Escritorio Para Monitor Vesa 75x75\/100x100 De 27 Pulgadas 16:9 \/ 30 Pulgadas 21:9 Ultrawide - Grommet O Abrazadera En C - Ajuste Sin Herramientas - Brazo Asistido Por Resorte Startech","og_description":"Compra 1mp1acg-monitor-arm Soporte De Escritorio Para Monitor Vesa 75x75\/100x100 De 27 Pulgadas 16:9 \/ 30 Pulgadas 21:9 Ultrawide - Grommet O Abrazadera En C - Ajuste Sin Herramientas - Brazo Asistido Por Resorte Startech + Env\u00edo a domicilio + Pago seguro + Garant\u00eda","og_url":"https:\/\/compuviper.mx\/tienda\/producto\/startech-com-1mp1acg-monitor-arm-soporte-de-escritorio-para-monitor-vesa-75x75-100x100-de-27-pulgadas-169-30-pulgadas-219-ultrawide-grommet-o-abrazadera-en-c-ajuste-sin-herramientas-brazo-as\/","og_site_name":"Compuviper","article_publisher":"https:\/\/www.facebook.com\/compuviper","og_image":[{"width":200,"height":200,"url":"https:\/\/compuviper.mx\/tienda\/wp-content\/uploads\/2025\/10\/Soporte-de-escritorio-para-monitor-vesa-75x75100x100-de-27-pulgadas-169-30-pulgadas-219-ultrawide-grommet-o-abrazadera-en-c-ajuste-sin-herramientas-brazo-asistido-por-resorte-startech.jpg","type":"image\/jpeg"}],"twitter_card":"summary_large_image","twitter_misc":{"Precio":"&#36;3,493 con IVA","Availability":"Out of stock"},"schema":{"@context":"https:\/\/schema.org","@graph":[{"@type":"WebPage","@id":"https:\/\/compuviper.mx\/tienda\/producto\/startech-com-1mp1acg-monitor-arm-soporte-de-escritorio-para-monitor-vesa-75x75-100x100-de-27-pulgadas-169-30-pulgadas-219-ultrawide-grommet-o-abrazadera-en-c-ajuste-sin-herramientas-brazo-as\/","url":"https:\/\/compuviper.mx\/tienda\/producto\/startech-com-1mp1acg-monitor-arm-soporte-de-escritorio-para-monitor-vesa-75x75-100x100-de-27-pulgadas-169-30-pulgadas-219-ultrawide-grommet-o-abrazadera-en-c-ajuste-sin-herramientas-brazo-as\/","name":"[ Startech.com ] &#129351; 1mp1acg-monitor-arm Soporte De Escritorio Para Monitor Vesa 75x75\/100x100 De 27 Pulgadas 16:9 \/ 30 Pulgadas 21:9 Ultrawide - Grommet O Abrazadera En C - Ajuste Sin Herramientas - Brazo Asistido Por Resorte Startech","isPartOf":{"@id":"https:\/\/compuviper.mx\/tienda\/#website"},"datePublished":"2026-04-02T05:16:34+00:00","dateModified":"2026-04-02T05:16:34+00:00","description":"Compra 1mp1acg-monitor-arm Soporte De Escritorio Para Monitor Vesa 75x75\/100x100 De 27 Pulgadas 16:9 \/ 30 Pulgadas 21:9 Ultrawide - Grommet O Abrazadera En C - Ajuste Sin Herramientas - Brazo Asistido Por Resorte Startech + Env\u00edo a domicilio + Pago seguro + Garant\u00eda","breadcrumb":{"@id":"https:\/\/compuviper.mx\/tienda\/producto\/startech-com-1mp1acg-monitor-arm-soporte-de-escritorio-para-monitor-vesa-75x75-100x100-de-27-pulgadas-169-30-pulgadas-219-ultrawide-grommet-o-abrazadera-en-c-ajuste-sin-herramientas-brazo-as\/#breadcrumb"},"inLanguage":"es-MX","potentialAction":[{"@type":"ReadAction","target":["https:\/\/compuviper.mx\/tienda\/producto\/startech-com-1mp1acg-monitor-arm-soporte-de-escritorio-para-monitor-vesa-75x75-100x100-de-27-pulgadas-169-30-pulgadas-219-ultrawide-grommet-o-abrazadera-en-c-ajuste-sin-herramientas-brazo-as\/"]}]},{"@type":"BreadcrumbList","@id":"https:\/\/compuviper.mx\/tienda\/producto\/startech-com-1mp1acg-monitor-arm-soporte-de-escritorio-para-monitor-vesa-75x75-100x100-de-27-pulgadas-169-30-pulgadas-219-ultrawide-grommet-o-abrazadera-en-c-ajuste-sin-herramientas-brazo-as\/#breadcrumb","itemListElement":[{"@type":"ListItem","position":1,"name":"Inicio","item":"https:\/\/compuviper.mx\/tienda\/"},{"@type":"ListItem","position":2,"name":"Productos","item":"https:\/\/compuviper.mx\/tienda\/productos\/"},{"@type":"ListItem","position":3,"name":"Soportes Y Bases P\/tv\/ Proyectores\/dvd\/consolas\/bocinas\/pantallas\/monotores","item":"https:\/\/compuviper.mx\/tienda\/categoria-producto\/soportes-y-bases-p-tv-proyectores-dvd-consolas-bocinas-pantallas-monotores\/"},{"@type":"ListItem","position":4,"name":"Soporte Y Base Para Tv\/pantallas\/monitores\/kiosko","item":"https:\/\/compuviper.mx\/tienda\/categoria-producto\/soportes-y-bases-p-tv-proyectores-dvd-consolas-bocinas-pantallas-monotores\/soporte-y-base-para-tv-pantallas-monitores-kiosko\/"},{"@type":"ListItem","position":5,"name":"Startech.com 1mp1acg-monitor-arm Soporte De Escritorio Para Monitor Vesa 75&#215;75\/100&#215;100 De 27 Pulgadas 16:9 \/ 30 Pulgadas 21:9 Ultrawide &#8211; Grommet O Abrazadera En C &#8211; Ajuste Sin Herramientas &#8211; Brazo Asistido Por Resorte Startech"}]},{"@type":"WebSite","@id":"https:\/\/compuviper.mx\/tienda\/#website","url":"https:\/\/compuviper.mx\/tienda\/","name":"Compuviper","description":"Proveedor de Computadoras, Laptops, Servidores, Monitores, Puntos de Venta, Teclados,   Impresoras, T\u00f3ner, C\u00e1maras de Seguridad y m\u00e1s en tu tienda en l\u00ednea","publisher":{"@id":"https:\/\/compuviper.mx\/tienda\/#organization"},"potentialAction":[{"@type":"SearchAction","target":{"@type":"EntryPoint","urlTemplate":"https:\/\/compuviper.mx\/tienda\/?s={search_term_string}"},"query-input":"required name=search_term_string"}],"inLanguage":"es-MX"},{"@type":"Organization","@id":"https:\/\/compuviper.mx\/tienda\/#organization","name":"Compuviper","url":"https:\/\/compuviper.mx\/tienda\/","logo":{"@type":"ImageObject","inLanguage":"es-MX","@id":"https:\/\/compuviper.mx\/tienda\/#\/schema\/logo\/image\/","url":"https:\/\/compuviper.mx\/tienda\/wp-content\/uploads\/2021\/08\/Logo-Compuviper-10.png","contentUrl":"https:\/\/compuviper.mx\/tienda\/wp-content\/uploads\/2021\/08\/Logo-Compuviper-10.png","width":1000,"height":500,"caption":"Compuviper"},"image":{"@id":"https:\/\/compuviper.mx\/tienda\/#\/schema\/logo\/image\/"},"sameAs":["https:\/\/www.facebook.com\/compuviper","https:\/\/www.youtube.com\/channel\/UCf73dERp9Y3cfOq7q8BhLjA?view_as=subscriber"]}]},"product_brand":"STARTECH.COM","product_price_amount":"3493","product_price_currency":"MXN","og_availability":"out of stock","product_availability":"out of stock","product_retailer_item_id":"1MP1ACG-MONITOR-ARM","product_condition":"new"},"_links":{"self":[{"href":"https:\/\/compuviper.mx\/tienda\/wp-json\/wp\/v2\/product\/251710"}],"collection":[{"href":"https:\/\/compuviper.mx\/tienda\/wp-json\/wp\/v2\/product"}],"about":[{"href":"https:\/\/compuviper.mx\/tienda\/wp-json\/wp\/v2\/types\/product"}],"replies":[{"embeddable":true,"href":"https:\/\/compuviper.mx\/tienda\/wp-json\/wp\/v2\/comments?post=251710"}],"wp:featuredmedia":[{"embeddable":true,"href":"https:\/\/compuviper.mx\/tienda\/wp-json\/wp\/v2\/media\/258824"}],"wp:attachment":[{"href":"https:\/\/compuviper.mx\/tienda\/wp-json\/wp\/v2\/media?parent=251710"}],"wp:term":[{"taxonomy":"product_cat","embeddable":true,"href":"https:\/\/compuviper.mx\/tienda\/wp-json\/wp\/v2\/product_cat?post=251710"},{"taxonomy":"product_tag","embeddable":true,"href":"https:\/\/compuviper.mx\/tienda\/wp-json\/wp\/v2\/product_tag?post=251710"}],"curies":[{"name":"wp","href":"https:\/\/api.w.org\/{rel}","templated":true}]}}