{"id":251709,"date":"2026-04-01T23:16:33","date_gmt":"2026-04-02T05:16:33","guid":{"rendered":"https:\/\/compuviper.mx\/tienda\/producto\/startech-com-glcsxmmrgdst-mdulo-transceptor-sfp-compatible-con-cisco-glc-sx-mm-rgd-1000base-sx-multimodo-1gbe-sfp-ethernet-gigabit-1gb-lc-550m-850nm-cisco-asr920-ie2000-ie4000-ddm-sta\/"},"modified":"2026-04-01T23:16:34","modified_gmt":"2026-04-02T05:16:34","slug":"startech-com-glcsxmmrgdst-mdulo-transceptor-sfp-compatible-con-cisco-glc-sx-mm-rgd-1000base-sx-multimodo-1gbe-sfp-ethernet-gigabit-1gb-lc-550m-850nm-cisco-asr920-ie2000-ie4000-ddm-sta","status":"publish","type":"product","link":"https:\/\/compuviper.mx\/tienda\/producto\/startech-com-glcsxmmrgdst-mdulo-transceptor-sfp-compatible-con-cisco-glc-sx-mm-rgd-1000base-sx-multimodo-1gbe-sfp-ethernet-gigabit-1gb-lc-550m-850nm-cisco-asr920-ie2000-ie4000-ddm-sta\/","title":{"rendered":"Startech.com Glcsxmmrgdst M?dulo Transceptor Sfp Compatible Con Cisco Glc-sx-mm-rgd &#8211; 1000base-sx &#8211; Multimodo 1gbe &#8211; Sfp Ethernet Gigabit 1gb &#8211; Lc &#8211; 550m &#8211; 850nm &#8211; Cisco Asr920, Ie2000, Ie4000 Ddm Startech"},"content":{"rendered":"<table class=\"descripcion\">\n<tr>\n<td>Especificaciones tecnicas: 1000base-sx | 1gbps | multimodo | conector lc | 850nm | ddm (digital diagnostic monitoring, monitorizacion de diagnostico digital) | distancias de hasta 550 m<\/td>\n<\/tr>\n<tr>\n<td>Probado para compatibilidad con dispositivo oem anfitrion: intercambiable en caliente en enrutadores y conmutadores cisco; la compatibilidad con ddm informa del estado del transceptor a la mayor\u00eda de las herramientas de gestion de red snmp<\/td>\n<\/tr>\n<tr>\n<td>Funciona con conmutadores compatibles con msa: tambi\u00e9n funciona con los modelos de conmutador ubiquiti, d-link, netgear, supermicro, tp-link y otras, las cuales admiten modulos no codificados<\/td>\n<\/tr>\n<tr>\n<td>La eleccion de los profesionales de la informatica: disenada y fabricada para los profesionales de informatica, este modulo sfp esta respaldado de por vida (vida util del modulo, no del conmutador de red), incluyendo asistencia tecnica multilingue gratuita de por vida 24\/5<\/td>\n<\/tr>\n<\/table>\n","protected":false},"excerpt":{"rendered":"<p>100 porciento  compatible con cisco glc-sx-mm-rgd: funciona con conmutadores cisco como asr920, ie2000, ie4000, c9300, ie3000 y otros<\/p>\n","protected":false},"featured_media":258823,"comment_status":"open","ping_status":"open","template":"","meta":[],"product_cat":[1485,1581],"product_tag":[1590],"acf":[],"yoast_head":"<!-- This site is optimized with the Yoast SEO plugin v21.7 - https:\/\/yoast.com\/wordpress\/plugins\/seo\/ -->\n<title>[ Startech.com ] &#129351; Glcsxmmrgdst M\u00f3dulo Transceptor Sfp Compatible Con Cisco Glc-sx-mm-rgd - 1000base-sx - Multimodo 1gbe - Sfp Ethernet Gigabit 1gb - Lc - 550m - 850nm - Cisco Asr920, Ie2000, Ie4000 Ddm Startech<\/title>\n<meta name=\"description\" content=\"Compra Glcsxmmrgdst M\u00f3dulo Transceptor Sfp Compatible Con Cisco Glc-sx-mm-rgd - 1000base-sx - Multimodo 1gbe - Sfp Ethernet Gigabit 1gb - Lc - 550m - 850nm - Cisco Asr920, Ie2000, Ie4000 Ddm Startech + Env\u00edo a domicilio + Pago seguro + Garant\u00eda\" \/>\n<meta name=\"robots\" content=\"index, follow, max-snippet:-1, max-image-preview:large, max-video-preview:-1\" \/>\n<link rel=\"canonical\" href=\"https:\/\/compuviper.mx\/tienda\/producto\/startech-com-glcsxmmrgdst-mdulo-transceptor-sfp-compatible-con-cisco-glc-sx-mm-rgd-1000base-sx-multimodo-1gbe-sfp-ethernet-gigabit-1gb-lc-550m-850nm-cisco-asr920-ie2000-ie4000-ddm-sta\/\" \/>\n<meta property=\"og:locale\" content=\"es_MX\" \/>\n<meta property=\"og:type\" content=\"article\" \/>\n<meta property=\"og:title\" content=\"[ Startech.com ] &#129351; Glcsxmmrgdst M\u00f3dulo Transceptor Sfp Compatible Con Cisco Glc-sx-mm-rgd - 1000base-sx - Multimodo 1gbe - Sfp Ethernet Gigabit 1gb - Lc - 550m - 850nm - Cisco Asr920, Ie2000, Ie4000 Ddm Startech\" \/>\n<meta property=\"og:description\" content=\"Compra Glcsxmmrgdst M\u00f3dulo Transceptor Sfp Compatible Con Cisco Glc-sx-mm-rgd - 1000base-sx - Multimodo 1gbe - Sfp Ethernet Gigabit 1gb - Lc - 550m - 850nm - Cisco Asr920, Ie2000, Ie4000 Ddm Startech + Env\u00edo a domicilio + Pago seguro + Garant\u00eda\" \/>\n<meta property=\"og:url\" content=\"https:\/\/compuviper.mx\/tienda\/producto\/startech-com-glcsxmmrgdst-mdulo-transceptor-sfp-compatible-con-cisco-glc-sx-mm-rgd-1000base-sx-multimodo-1gbe-sfp-ethernet-gigabit-1gb-lc-550m-850nm-cisco-asr920-ie2000-ie4000-ddm-sta\/\" \/>\n<meta property=\"og:site_name\" content=\"Compuviper\" \/>\n<meta property=\"article:publisher\" content=\"https:\/\/www.facebook.com\/compuviper\" \/>\n<meta property=\"article:modified_time\" content=\"2026-04-02T05:16:34+00:00\" \/>\n<meta property=\"og:image\" content=\"https:\/\/compuviper.mx\/tienda\/wp-content\/uploads\/2025\/10\/Modulo-transceptor-sfp-compatible-con-cisco-glc-sx-mm-rgd-1000base-sx-multimodo-1gbe-sfp-ethernet-gigabit-1gb-lc-550m-850nm-cisco-asr920-ie2000-ie4000-ddm-startech.jpg\" \/>\n\t<meta property=\"og:image:width\" content=\"200\" \/>\n\t<meta property=\"og:image:height\" content=\"200\" \/>\n\t<meta property=\"og:image:type\" content=\"image\/jpeg\" \/>\n<meta name=\"twitter:card\" content=\"summary_large_image\" \/>\n<meta name=\"twitter:label1\" content=\"Precio\" \/>\n\t<meta name=\"twitter:data1\" content=\"&#36;906 con IVA\" \/>\n\t<meta name=\"twitter:label2\" content=\"Availability\" \/>\n\t<meta name=\"twitter:data2\" content=\"On backorder\" \/>\n<script type=\"application\/ld+json\" class=\"yoast-schema-graph\">{\"@context\":\"https:\/\/schema.org\",\"@graph\":[{\"@type\":\"WebPage\",\"@id\":\"https:\/\/compuviper.mx\/tienda\/producto\/startech-com-glcsxmmrgdst-mdulo-transceptor-sfp-compatible-con-cisco-glc-sx-mm-rgd-1000base-sx-multimodo-1gbe-sfp-ethernet-gigabit-1gb-lc-550m-850nm-cisco-asr920-ie2000-ie4000-ddm-sta\/\",\"url\":\"https:\/\/compuviper.mx\/tienda\/producto\/startech-com-glcsxmmrgdst-mdulo-transceptor-sfp-compatible-con-cisco-glc-sx-mm-rgd-1000base-sx-multimodo-1gbe-sfp-ethernet-gigabit-1gb-lc-550m-850nm-cisco-asr920-ie2000-ie4000-ddm-sta\/\",\"name\":\"[ Startech.com ] &#129351; Glcsxmmrgdst M\u00f3dulo Transceptor Sfp Compatible Con Cisco Glc-sx-mm-rgd - 1000base-sx - Multimodo 1gbe - Sfp Ethernet Gigabit 1gb - Lc - 550m - 850nm - Cisco Asr920, Ie2000, Ie4000 Ddm Startech\",\"isPartOf\":{\"@id\":\"https:\/\/compuviper.mx\/tienda\/#website\"},\"datePublished\":\"2026-04-02T05:16:33+00:00\",\"dateModified\":\"2026-04-02T05:16:34+00:00\",\"description\":\"Compra Glcsxmmrgdst M\u00f3dulo Transceptor Sfp Compatible Con Cisco Glc-sx-mm-rgd - 1000base-sx - Multimodo 1gbe - Sfp Ethernet Gigabit 1gb - Lc - 550m - 850nm - Cisco Asr920, Ie2000, Ie4000 Ddm Startech + Env\u00edo a domicilio + Pago seguro + Garant\u00eda\",\"breadcrumb\":{\"@id\":\"https:\/\/compuviper.mx\/tienda\/producto\/startech-com-glcsxmmrgdst-mdulo-transceptor-sfp-compatible-con-cisco-glc-sx-mm-rgd-1000base-sx-multimodo-1gbe-sfp-ethernet-gigabit-1gb-lc-550m-850nm-cisco-asr920-ie2000-ie4000-ddm-sta\/#breadcrumb\"},\"inLanguage\":\"es-MX\",\"potentialAction\":[{\"@type\":\"ReadAction\",\"target\":[\"https:\/\/compuviper.mx\/tienda\/producto\/startech-com-glcsxmmrgdst-mdulo-transceptor-sfp-compatible-con-cisco-glc-sx-mm-rgd-1000base-sx-multimodo-1gbe-sfp-ethernet-gigabit-1gb-lc-550m-850nm-cisco-asr920-ie2000-ie4000-ddm-sta\/\"]}]},{\"@type\":\"BreadcrumbList\",\"@id\":\"https:\/\/compuviper.mx\/tienda\/producto\/startech-com-glcsxmmrgdst-mdulo-transceptor-sfp-compatible-con-cisco-glc-sx-mm-rgd-1000base-sx-multimodo-1gbe-sfp-ethernet-gigabit-1gb-lc-550m-850nm-cisco-asr920-ie2000-ie4000-ddm-sta\/#breadcrumb\",\"itemListElement\":[{\"@type\":\"ListItem\",\"position\":1,\"name\":\"Inicio\",\"item\":\"https:\/\/compuviper.mx\/tienda\/\"},{\"@type\":\"ListItem\",\"position\":2,\"name\":\"Productos\",\"item\":\"https:\/\/compuviper.mx\/tienda\/productos\/\"},{\"@type\":\"ListItem\",\"position\":3,\"name\":\"Accesorios\",\"item\":\"https:\/\/compuviper.mx\/tienda\/categoria-producto\/accesorios\/\"},{\"@type\":\"ListItem\",\"position\":4,\"name\":\"Redes\",\"item\":\"https:\/\/compuviper.mx\/tienda\/categoria-producto\/accesorios\/redes-accesorios\/\"},{\"@type\":\"ListItem\",\"position\":5,\"name\":\"Startech.com Glcsxmmrgdst M?dulo Transceptor Sfp Compatible Con Cisco Glc-sx-mm-rgd &#8211; 1000base-sx &#8211; Multimodo 1gbe &#8211; Sfp Ethernet Gigabit 1gb &#8211; Lc &#8211; 550m &#8211; 850nm &#8211; Cisco Asr920, Ie2000, Ie4000 Ddm Startech\"}]},{\"@type\":\"WebSite\",\"@id\":\"https:\/\/compuviper.mx\/tienda\/#website\",\"url\":\"https:\/\/compuviper.mx\/tienda\/\",\"name\":\"Compuviper\",\"description\":\"Proveedor de Computadoras, Laptops, Servidores, Monitores, Puntos de Venta, Teclados,   Impresoras, T\u00f3ner, C\u00e1maras de Seguridad y m\u00e1s en tu tienda en l\u00ednea\",\"publisher\":{\"@id\":\"https:\/\/compuviper.mx\/tienda\/#organization\"},\"potentialAction\":[{\"@type\":\"SearchAction\",\"target\":{\"@type\":\"EntryPoint\",\"urlTemplate\":\"https:\/\/compuviper.mx\/tienda\/?s={search_term_string}\"},\"query-input\":\"required name=search_term_string\"}],\"inLanguage\":\"es-MX\"},{\"@type\":\"Organization\",\"@id\":\"https:\/\/compuviper.mx\/tienda\/#organization\",\"name\":\"Compuviper\",\"url\":\"https:\/\/compuviper.mx\/tienda\/\",\"logo\":{\"@type\":\"ImageObject\",\"inLanguage\":\"es-MX\",\"@id\":\"https:\/\/compuviper.mx\/tienda\/#\/schema\/logo\/image\/\",\"url\":\"https:\/\/compuviper.mx\/tienda\/wp-content\/uploads\/2021\/08\/Logo-Compuviper-10.png\",\"contentUrl\":\"https:\/\/compuviper.mx\/tienda\/wp-content\/uploads\/2021\/08\/Logo-Compuviper-10.png\",\"width\":1000,\"height\":500,\"caption\":\"Compuviper\"},\"image\":{\"@id\":\"https:\/\/compuviper.mx\/tienda\/#\/schema\/logo\/image\/\"},\"sameAs\":[\"https:\/\/www.facebook.com\/compuviper\",\"https:\/\/www.youtube.com\/channel\/UCf73dERp9Y3cfOq7q8BhLjA?view_as=subscriber\"]}]}<\/script>\n<meta property=\"product:brand\" content=\"STARTECH.COM\" \/>\n<meta property=\"product:price:amount\" content=\"906\" \/>\n<meta property=\"product:price:currency\" content=\"MXN\" \/>\n<meta property=\"og:availability\" content=\"backorder\" \/>\n<meta property=\"product:availability\" content=\"available for order\" \/>\n<meta property=\"product:retailer_item_id\" content=\"GLCSXMMRGDST\" \/>\n<meta property=\"product:condition\" content=\"new\" \/>\n<!-- \/ Yoast SEO plugin. -->","yoast_head_json":{"title":"[ Startech.com ] &#129351; Glcsxmmrgdst M\u00f3dulo Transceptor Sfp Compatible Con Cisco Glc-sx-mm-rgd - 1000base-sx - Multimodo 1gbe - Sfp Ethernet Gigabit 1gb - Lc - 550m - 850nm - Cisco Asr920, Ie2000, Ie4000 Ddm Startech","description":"Compra Glcsxmmrgdst M\u00f3dulo Transceptor Sfp Compatible Con Cisco Glc-sx-mm-rgd - 1000base-sx - Multimodo 1gbe - Sfp Ethernet Gigabit 1gb - Lc - 550m - 850nm - Cisco Asr920, Ie2000, Ie4000 Ddm Startech + Env\u00edo a domicilio + Pago seguro + Garant\u00eda","robots":{"index":"index","follow":"follow","max-snippet":"max-snippet:-1","max-image-preview":"max-image-preview:large","max-video-preview":"max-video-preview:-1"},"canonical":"https:\/\/compuviper.mx\/tienda\/producto\/startech-com-glcsxmmrgdst-mdulo-transceptor-sfp-compatible-con-cisco-glc-sx-mm-rgd-1000base-sx-multimodo-1gbe-sfp-ethernet-gigabit-1gb-lc-550m-850nm-cisco-asr920-ie2000-ie4000-ddm-sta\/","og_locale":"es_MX","og_type":"article","og_title":"[ Startech.com ] &#129351; Glcsxmmrgdst M\u00f3dulo Transceptor Sfp Compatible Con Cisco Glc-sx-mm-rgd - 1000base-sx - Multimodo 1gbe - Sfp Ethernet Gigabit 1gb - Lc - 550m - 850nm - Cisco Asr920, Ie2000, Ie4000 Ddm Startech","og_description":"Compra Glcsxmmrgdst M\u00f3dulo Transceptor Sfp Compatible Con Cisco Glc-sx-mm-rgd - 1000base-sx - Multimodo 1gbe - Sfp Ethernet Gigabit 1gb - Lc - 550m - 850nm - Cisco Asr920, Ie2000, Ie4000 Ddm Startech + Env\u00edo a domicilio + Pago seguro + Garant\u00eda","og_url":"https:\/\/compuviper.mx\/tienda\/producto\/startech-com-glcsxmmrgdst-mdulo-transceptor-sfp-compatible-con-cisco-glc-sx-mm-rgd-1000base-sx-multimodo-1gbe-sfp-ethernet-gigabit-1gb-lc-550m-850nm-cisco-asr920-ie2000-ie4000-ddm-sta\/","og_site_name":"Compuviper","article_publisher":"https:\/\/www.facebook.com\/compuviper","article_modified_time":"2026-04-02T05:16:34+00:00","og_image":[{"width":200,"height":200,"url":"https:\/\/compuviper.mx\/tienda\/wp-content\/uploads\/2025\/10\/Modulo-transceptor-sfp-compatible-con-cisco-glc-sx-mm-rgd-1000base-sx-multimodo-1gbe-sfp-ethernet-gigabit-1gb-lc-550m-850nm-cisco-asr920-ie2000-ie4000-ddm-startech.jpg","type":"image\/jpeg"}],"twitter_card":"summary_large_image","twitter_misc":{"Precio":"&#36;906 con IVA","Availability":"On backorder"},"schema":{"@context":"https:\/\/schema.org","@graph":[{"@type":"WebPage","@id":"https:\/\/compuviper.mx\/tienda\/producto\/startech-com-glcsxmmrgdst-mdulo-transceptor-sfp-compatible-con-cisco-glc-sx-mm-rgd-1000base-sx-multimodo-1gbe-sfp-ethernet-gigabit-1gb-lc-550m-850nm-cisco-asr920-ie2000-ie4000-ddm-sta\/","url":"https:\/\/compuviper.mx\/tienda\/producto\/startech-com-glcsxmmrgdst-mdulo-transceptor-sfp-compatible-con-cisco-glc-sx-mm-rgd-1000base-sx-multimodo-1gbe-sfp-ethernet-gigabit-1gb-lc-550m-850nm-cisco-asr920-ie2000-ie4000-ddm-sta\/","name":"[ Startech.com ] &#129351; Glcsxmmrgdst M\u00f3dulo Transceptor Sfp Compatible Con Cisco Glc-sx-mm-rgd - 1000base-sx - Multimodo 1gbe - Sfp Ethernet Gigabit 1gb - Lc - 550m - 850nm - Cisco Asr920, Ie2000, Ie4000 Ddm Startech","isPartOf":{"@id":"https:\/\/compuviper.mx\/tienda\/#website"},"datePublished":"2026-04-02T05:16:33+00:00","dateModified":"2026-04-02T05:16:34+00:00","description":"Compra Glcsxmmrgdst M\u00f3dulo Transceptor Sfp Compatible Con Cisco Glc-sx-mm-rgd - 1000base-sx - Multimodo 1gbe - Sfp Ethernet Gigabit 1gb - Lc - 550m - 850nm - Cisco Asr920, Ie2000, Ie4000 Ddm Startech + Env\u00edo a domicilio + Pago seguro + Garant\u00eda","breadcrumb":{"@id":"https:\/\/compuviper.mx\/tienda\/producto\/startech-com-glcsxmmrgdst-mdulo-transceptor-sfp-compatible-con-cisco-glc-sx-mm-rgd-1000base-sx-multimodo-1gbe-sfp-ethernet-gigabit-1gb-lc-550m-850nm-cisco-asr920-ie2000-ie4000-ddm-sta\/#breadcrumb"},"inLanguage":"es-MX","potentialAction":[{"@type":"ReadAction","target":["https:\/\/compuviper.mx\/tienda\/producto\/startech-com-glcsxmmrgdst-mdulo-transceptor-sfp-compatible-con-cisco-glc-sx-mm-rgd-1000base-sx-multimodo-1gbe-sfp-ethernet-gigabit-1gb-lc-550m-850nm-cisco-asr920-ie2000-ie4000-ddm-sta\/"]}]},{"@type":"BreadcrumbList","@id":"https:\/\/compuviper.mx\/tienda\/producto\/startech-com-glcsxmmrgdst-mdulo-transceptor-sfp-compatible-con-cisco-glc-sx-mm-rgd-1000base-sx-multimodo-1gbe-sfp-ethernet-gigabit-1gb-lc-550m-850nm-cisco-asr920-ie2000-ie4000-ddm-sta\/#breadcrumb","itemListElement":[{"@type":"ListItem","position":1,"name":"Inicio","item":"https:\/\/compuviper.mx\/tienda\/"},{"@type":"ListItem","position":2,"name":"Productos","item":"https:\/\/compuviper.mx\/tienda\/productos\/"},{"@type":"ListItem","position":3,"name":"Accesorios","item":"https:\/\/compuviper.mx\/tienda\/categoria-producto\/accesorios\/"},{"@type":"ListItem","position":4,"name":"Redes","item":"https:\/\/compuviper.mx\/tienda\/categoria-producto\/accesorios\/redes-accesorios\/"},{"@type":"ListItem","position":5,"name":"Startech.com Glcsxmmrgdst M?dulo Transceptor Sfp Compatible Con Cisco Glc-sx-mm-rgd &#8211; 1000base-sx &#8211; Multimodo 1gbe &#8211; Sfp Ethernet Gigabit 1gb &#8211; Lc &#8211; 550m &#8211; 850nm &#8211; Cisco Asr920, Ie2000, Ie4000 Ddm Startech"}]},{"@type":"WebSite","@id":"https:\/\/compuviper.mx\/tienda\/#website","url":"https:\/\/compuviper.mx\/tienda\/","name":"Compuviper","description":"Proveedor de Computadoras, Laptops, Servidores, Monitores, Puntos de Venta, Teclados,   Impresoras, T\u00f3ner, C\u00e1maras de Seguridad y m\u00e1s en tu tienda en l\u00ednea","publisher":{"@id":"https:\/\/compuviper.mx\/tienda\/#organization"},"potentialAction":[{"@type":"SearchAction","target":{"@type":"EntryPoint","urlTemplate":"https:\/\/compuviper.mx\/tienda\/?s={search_term_string}"},"query-input":"required name=search_term_string"}],"inLanguage":"es-MX"},{"@type":"Organization","@id":"https:\/\/compuviper.mx\/tienda\/#organization","name":"Compuviper","url":"https:\/\/compuviper.mx\/tienda\/","logo":{"@type":"ImageObject","inLanguage":"es-MX","@id":"https:\/\/compuviper.mx\/tienda\/#\/schema\/logo\/image\/","url":"https:\/\/compuviper.mx\/tienda\/wp-content\/uploads\/2021\/08\/Logo-Compuviper-10.png","contentUrl":"https:\/\/compuviper.mx\/tienda\/wp-content\/uploads\/2021\/08\/Logo-Compuviper-10.png","width":1000,"height":500,"caption":"Compuviper"},"image":{"@id":"https:\/\/compuviper.mx\/tienda\/#\/schema\/logo\/image\/"},"sameAs":["https:\/\/www.facebook.com\/compuviper","https:\/\/www.youtube.com\/channel\/UCf73dERp9Y3cfOq7q8BhLjA?view_as=subscriber"]}]},"product_brand":"STARTECH.COM","product_price_amount":"906","product_price_currency":"MXN","og_availability":"backorder","product_availability":"available for order","product_retailer_item_id":"GLCSXMMRGDST","product_condition":"new"},"_links":{"self":[{"href":"https:\/\/compuviper.mx\/tienda\/wp-json\/wp\/v2\/product\/251709"}],"collection":[{"href":"https:\/\/compuviper.mx\/tienda\/wp-json\/wp\/v2\/product"}],"about":[{"href":"https:\/\/compuviper.mx\/tienda\/wp-json\/wp\/v2\/types\/product"}],"replies":[{"embeddable":true,"href":"https:\/\/compuviper.mx\/tienda\/wp-json\/wp\/v2\/comments?post=251709"}],"wp:featuredmedia":[{"embeddable":true,"href":"https:\/\/compuviper.mx\/tienda\/wp-json\/wp\/v2\/media\/258823"}],"wp:attachment":[{"href":"https:\/\/compuviper.mx\/tienda\/wp-json\/wp\/v2\/media?parent=251709"}],"wp:term":[{"taxonomy":"product_cat","embeddable":true,"href":"https:\/\/compuviper.mx\/tienda\/wp-json\/wp\/v2\/product_cat?post=251709"},{"taxonomy":"product_tag","embeddable":true,"href":"https:\/\/compuviper.mx\/tienda\/wp-json\/wp\/v2\/product_tag?post=251709"}],"curies":[{"name":"wp","href":"https:\/\/api.w.org\/{rel}","templated":true}]}}