{"id":251606,"date":"2026-04-02T00:50:51","date_gmt":"2026-04-02T06:50:51","guid":{"rendered":"https:\/\/compuviper.mx\/tienda\/producto\/lg-lapa136-pantalla-pixel-pitch-led-1-56-mm-smd-configuracion-de-136-full-hd-1-920-1-080-500-nits-cont-3-0001-hdr10-hdr10-pro-hdmi-3-dp-1-usb-lan-entrada-salida-rs-232c-ir-audio-digi\/"},"modified":"2026-04-02T00:50:52","modified_gmt":"2026-04-02T06:50:52","slug":"lg-lapa1368806096394779-pantalla-pixel-pitch-led-lapa136-1-56-mm-smd-configuracion-de-136-full-hd-1-920-1-080-500-nits-cont-3-0001-hdr10-hdr10-pro-hdmi-3-dp-1-usb-lan-entrada-salida-rs","status":"publish","type":"product","link":"https:\/\/compuviper.mx\/tienda\/producto\/lg-lapa1368806096394779-pantalla-pixel-pitch-led-lapa136-1-56-mm-smd-configuracion-de-136-full-hd-1-920-1-080-500-nits-cont-3-0001-hdr10-hdr10-pro-hdmi-3-dp-1-usb-lan-entrada-salida-rs\/","title":{"rendered":"Lg Lapa136,8806096394779 Pantalla Pixel Pitch Led  Lapa136 1.56 Mm Smd Configuracion De 136? Full Hd 1.920 ? 1.080 500 Nits Cont 3.000:1 Hdr10, Hdr10 Pro, Hdmi (3), Dp (1), Usb, Lan, Entrada\/salida Rs-232c, Ir, Audio Digit"},"content":{"rendered":"<table class=\"descripcion\">\n<tr>\n<td>Pixel pitch (mm) 1.56<\/td>\n<\/tr>\n<tr>\n<td>Resoluci\u00f3n del m\u00f3dulo (an. x al.) 192 \u00d7 108<\/td>\n<\/tr>\n<tr>\n<td>Dimensiones del m\u00f3dulo (an. x al., mm) 300 \u00d7 168,75<\/td>\n<\/tr>\n<tr>\n<td>Resoluci\u00f3n de pantalla (an x al) 1.920 \u00d7 1.080<\/td>\n<\/tr>\n<tr>\n<td>Dimensiones de la pantalla (an. x al. x pr., mm) 3005 \u00d7 1692,5 x 29,95 (m\u00e1s grueso 59,5)<\/td>\n<\/tr>\n<tr>\n<td>Peso de la pantalla (kg) 108.5<\/td>\n<\/tr>\n<tr>\n<td>N\u00famero de m\u00f3dulos por pantalla (an x al) 10\u00d710 (total 100)<\/td>\n<\/tr>\n<tr>\n<td>\u00e1rea de superficie de la pantalla ( and #13217;) 5.06<\/td>\n<\/tr>\n<tr>\n<td>Densidad f\u00edsica de p\u00edxeles (p\u00edxeles\/m\u00b2) 409.600<\/td>\n<\/tr>\n<tr>\n<td>Planitud del gabinete \u00b10,15<\/td>\n<\/tr>\n<tr>\n<td>Material del gabinete aluminio<\/td>\n<\/tr>\n<tr>\n<td>Acceso al servicio frente<\/td>\n<\/tr>\n<tr>\n<td>Especificaciones \u00f3pticas<\/td>\n<\/tr>\n<tr>\n<td>Brillo (despu\u00e9s de la calibraci\u00f3n) 500 (t\u00edpico)<\/td>\n<\/tr>\n<tr>\n<td>Temperatura de color (k) 3.200-9.300<\/td>\n<\/tr>\n<tr>\n<td>\u00e1ngulo de visi\u00f3n visual (horizontal\/vertical) 150\/150<\/td>\n<\/tr>\n<tr>\n<td>Uniformidad de brillo 98%<\/td>\n<\/tr>\n<tr>\n<td>Uniformidad del color \u00b10,015 cx, cy<\/td>\n<\/tr>\n<tr>\n<td>Relaci\u00f3n de contraste 3.000: 1<\/td>\n<\/tr>\n<tr>\n<td>Profundidad de procesamiento (bit) 16 (hdr10, hdr10 pro)<\/td>\n<\/tr>\n<tr>\n<td>Especificaciones el\u00e9ctricas<\/td>\n<\/tr>\n<tr>\n<td>Consumo de energ\u00eda (w\/pantalla, m\u00e1x.) 1.300<\/td>\n<\/tr>\n<tr>\n<td>Consumo de energ\u00eda (w\/pantalla, promedio) 650<\/td>\n<\/tr>\n<tr>\n<td>Consumo de energ\u00eda (w\/m\u00b2, m\u00e1x.) 260<\/td>\n<\/tr>\n<tr>\n<td>Disipaci\u00f3n de calor (btu\/h\/pantalla, m\u00e1x.) 4.436<\/td>\n<\/tr>\n<tr>\n<td>Disipaci\u00f3n de calor (btu\/h\/pantalla, promedio) 2.218<\/td>\n<\/tr>\n<tr>\n<td>Disipaci\u00f3n de calor (btu\/h\/ and #13217;, m\u00e1x.) 888<\/td>\n<\/tr>\n<tr>\n<td>Fuente de alimentaci\u00f3n (v) 100 a 240<\/td>\n<\/tr>\n<tr>\n<td>Velocidad de cuadros (hz) 50\/60<\/td>\n<\/tr>\n<tr>\n<td>Frecuencia de actualizaci\u00f3n (hz) 3.840<\/td>\n<\/tr>\n<tr>\n<td>Condiciones de operaci\u00f3n<\/td>\n<\/tr>\n<tr>\n<td>Vida \u00fatil (horas hasta la mitad del brillo) 100.000<\/td>\n<\/tr>\n<tr>\n<td>Temperatura de funcionamiento (\u00b0c) 0 a +40<\/td>\n<\/tr>\n<tr>\n<td>Humedad de funcionamiento 10-90% de humedad relativa<\/td>\n<\/tr>\n<tr>\n<td>Clasificaci\u00f3n ip delantera \/ trasera ip30 \/ ip30<\/td>\n<\/tr>\n<tr>\n<td>Sonido<\/td>\n<\/tr>\n<tr>\n<td>Vocero incorporado (9 w + 9 w)<\/td>\n<\/tr>\n<tr>\n<td>Proceso de dar un t\u00edtulo<\/td>\n<\/tr>\n<tr>\n<td>Proceso de dar un t\u00edtulo ce, fcc, etl, cb, ce-red emc clase a<\/td>\n<\/tr>\n<tr>\n<td>Protecci\u00f3n contra incendios bs476: parte 7 clase 1, en13501-1 (clase c-s2,d0) (por determinar)<\/td>\n<\/tr>\n<tr>\n<td>Ambiente<\/td>\n<\/tr>\n<tr>\n<td>Ambiente rohs, reach<\/td>\n<\/tr>\n<tr>\n<td>Controlador<\/td>\n<\/tr>\n<tr>\n<td>Controlador integrado (webos)<\/td>\n<\/tr>\n<tr>\n<td>Puerto de e\/s<\/td>\n<\/tr>\n<tr>\n<td>Puerto de e\/s hdmi (3), dp (1), usb, lan, entrada\/salida rs232c, ir, salida de audio digital (1, spdif \u00f3ptico)<\/td>\n<\/tr>\n<tr>\n<td>Wi-fi \/ bluetooth<\/td>\n<\/tr>\n<tr>\n<td>S\u00ed \/ no<\/td>\n<\/tr>\n<tr>\n<td>Etc<\/td>\n<\/tr>\n<tr>\n<td>Control remoto ir (incluido), control remoto m\u00e1gico: no compatible<\/td>\n<\/tr>\n<tr>\n<td>Lado a lado: s\u00ed (1xn)<\/td>\n<\/tr>\n<tr>\n<td>Hdcp 2.2<\/td>\n<\/tr>\n<tr>\n<td>Crestron conectado<\/td>\n<\/tr>\n<\/table>\n","protected":false},"excerpt":{"rendered":"<p>Experimente la comodidad de la serie lapa led todo en uno de lg, con una impresionante pantalla de 136 pulgadas. Este paquete todo en uno incluye un controlador y un altavoz integrados, lo que facilita su instalaci\u00f3n. Descartando la idea de que las pantallas led son dif\u00edciles y complejas de instalar, no requiere conexiones de controlador ni configuraci\u00f3n de m\u00f3dulos.<\/p>\n","protected":false},"featured_media":259916,"comment_status":"open","ping_status":"open","template":"","meta":[],"product_cat":[1741,1740],"product_tag":[1687],"acf":[],"yoast_head":"<!-- This site is optimized with the Yoast SEO plugin v21.7 - https:\/\/yoast.com\/wordpress\/plugins\/seo\/ -->\n<title>[ Lg ] &#129351; Lapa136,8806096394779 Pantalla Pixel Pitch Led Lapa136 1.56 Mm Smd Configuracion De 136\u0094 Full Hd 1.920 \u00d7 1.080 500 Nits Cont 3.000:1 Hdr10, Hdr10 Pro, Hdmi (3), Dp (1), Usb, Lan, Entrada\/salida Rs-232c, Ir, Audio Digit<\/title>\n<meta name=\"description\" content=\"Compra Lapa136,8806096394779 Pantalla Pixel Pitch Led Lapa136 1.56 Mm Smd Configuracion De 136\u0094 Full Hd 1.920 \u00d7 1.080 500 Nits Cont 3.000:1 Hdr10, Hdr10 Pro, Hdmi (3), Dp (1), Usb, Lan, Entrada\/salida Rs-232c, Ir, Audio Digit + Env\u00edo a domicilio + Pago seguro + Garant\u00eda\" \/>\n<meta name=\"robots\" content=\"index, follow, max-snippet:-1, max-image-preview:large, max-video-preview:-1\" \/>\n<link rel=\"canonical\" href=\"https:\/\/compuviper.mx\/tienda\/producto\/lg-lapa1368806096394779-pantalla-pixel-pitch-led-lapa136-1-56-mm-smd-configuracion-de-136-full-hd-1-920-1-080-500-nits-cont-3-0001-hdr10-hdr10-pro-hdmi-3-dp-1-usb-lan-entrada-salida-rs\/\" \/>\n<meta property=\"og:locale\" content=\"es_MX\" \/>\n<meta property=\"og:type\" content=\"article\" \/>\n<meta property=\"og:title\" content=\"[ Lg ] &#129351; Lapa136,8806096394779 Pantalla Pixel Pitch Led Lapa136 1.56 Mm Smd Configuracion De 136\u0094 Full Hd 1.920 \u00d7 1.080 500 Nits Cont 3.000:1 Hdr10, Hdr10 Pro, Hdmi (3), Dp (1), Usb, Lan, Entrada\/salida Rs-232c, Ir, Audio Digit\" \/>\n<meta property=\"og:description\" content=\"Compra Lapa136,8806096394779 Pantalla Pixel Pitch Led Lapa136 1.56 Mm Smd Configuracion De 136\u0094 Full Hd 1.920 \u00d7 1.080 500 Nits Cont 3.000:1 Hdr10, Hdr10 Pro, Hdmi (3), Dp (1), Usb, Lan, Entrada\/salida Rs-232c, Ir, Audio Digit + Env\u00edo a domicilio + Pago seguro + Garant\u00eda\" \/>\n<meta property=\"og:url\" content=\"https:\/\/compuviper.mx\/tienda\/producto\/lg-lapa1368806096394779-pantalla-pixel-pitch-led-lapa136-1-56-mm-smd-configuracion-de-136-full-hd-1-920-1-080-500-nits-cont-3-0001-hdr10-hdr10-pro-hdmi-3-dp-1-usb-lan-entrada-salida-rs\/\" \/>\n<meta property=\"og:site_name\" content=\"Compuviper\" \/>\n<meta property=\"article:publisher\" content=\"https:\/\/www.facebook.com\/compuviper\" \/>\n<meta property=\"article:modified_time\" content=\"2026-04-02T06:50:52+00:00\" \/>\n<meta property=\"og:image\" content=\"https:\/\/compuviper.mx\/tienda\/wp-content\/uploads\/2025\/10\/Pantalla-pixel-pitch-led-lg-lapa136-1.56-mm-smd-configuracion-de-136\u0094-full-hd-1.920-\u00d7-1.080-500-nits-cont-3.0001-hdr10-hdr10-pro-hdmi-3-dp-1-usb-lan-entradasalida-rs-232c-ir-audio-digit.jpg\" \/>\n\t<meta property=\"og:image:width\" content=\"200\" \/>\n\t<meta property=\"og:image:height\" content=\"200\" \/>\n\t<meta property=\"og:image:type\" content=\"image\/jpeg\" \/>\n<meta name=\"twitter:card\" content=\"summary_large_image\" \/>\n<meta name=\"twitter:label1\" content=\"Precio\" \/>\n\t<meta name=\"twitter:data1\" content=\"&#36;396,557 con IVA\" \/>\n\t<meta name=\"twitter:label2\" content=\"Availability\" \/>\n\t<meta name=\"twitter:data2\" content=\"In stock\" \/>\n<script type=\"application\/ld+json\" class=\"yoast-schema-graph\">{\"@context\":\"https:\/\/schema.org\",\"@graph\":[{\"@type\":\"WebPage\",\"@id\":\"https:\/\/compuviper.mx\/tienda\/producto\/lg-lapa1368806096394779-pantalla-pixel-pitch-led-lapa136-1-56-mm-smd-configuracion-de-136-full-hd-1-920-1-080-500-nits-cont-3-0001-hdr10-hdr10-pro-hdmi-3-dp-1-usb-lan-entrada-salida-rs\/\",\"url\":\"https:\/\/compuviper.mx\/tienda\/producto\/lg-lapa1368806096394779-pantalla-pixel-pitch-led-lapa136-1-56-mm-smd-configuracion-de-136-full-hd-1-920-1-080-500-nits-cont-3-0001-hdr10-hdr10-pro-hdmi-3-dp-1-usb-lan-entrada-salida-rs\/\",\"name\":\"[ Lg ] &#129351; Lapa136,8806096394779 Pantalla Pixel Pitch Led Lapa136 1.56 Mm Smd Configuracion De 136\u0094 Full Hd 1.920 \u00d7 1.080 500 Nits Cont 3.000:1 Hdr10, Hdr10 Pro, Hdmi (3), Dp (1), Usb, Lan, Entrada\/salida Rs-232c, Ir, Audio Digit\",\"isPartOf\":{\"@id\":\"https:\/\/compuviper.mx\/tienda\/#website\"},\"datePublished\":\"2026-04-02T06:50:51+00:00\",\"dateModified\":\"2026-04-02T06:50:52+00:00\",\"description\":\"Compra Lapa136,8806096394779 Pantalla Pixel Pitch Led Lapa136 1.56 Mm Smd Configuracion De 136\u0094 Full Hd 1.920 \u00d7 1.080 500 Nits Cont 3.000:1 Hdr10, Hdr10 Pro, Hdmi (3), Dp (1), Usb, Lan, Entrada\/salida Rs-232c, Ir, Audio Digit + Env\u00edo a domicilio + Pago seguro + Garant\u00eda\",\"breadcrumb\":{\"@id\":\"https:\/\/compuviper.mx\/tienda\/producto\/lg-lapa1368806096394779-pantalla-pixel-pitch-led-lapa136-1-56-mm-smd-configuracion-de-136-full-hd-1-920-1-080-500-nits-cont-3-0001-hdr10-hdr10-pro-hdmi-3-dp-1-usb-lan-entrada-salida-rs\/#breadcrumb\"},\"inLanguage\":\"es-MX\",\"potentialAction\":[{\"@type\":\"ReadAction\",\"target\":[\"https:\/\/compuviper.mx\/tienda\/producto\/lg-lapa1368806096394779-pantalla-pixel-pitch-led-lapa136-1-56-mm-smd-configuracion-de-136-full-hd-1-920-1-080-500-nits-cont-3-0001-hdr10-hdr10-pro-hdmi-3-dp-1-usb-lan-entrada-salida-rs\/\"]}]},{\"@type\":\"BreadcrumbList\",\"@id\":\"https:\/\/compuviper.mx\/tienda\/producto\/lg-lapa1368806096394779-pantalla-pixel-pitch-led-lapa136-1-56-mm-smd-configuracion-de-136-full-hd-1-920-1-080-500-nits-cont-3-0001-hdr10-hdr10-pro-hdmi-3-dp-1-usb-lan-entrada-salida-rs\/#breadcrumb\",\"itemListElement\":[{\"@type\":\"ListItem\",\"position\":1,\"name\":\"Inicio\",\"item\":\"https:\/\/compuviper.mx\/tienda\/\"},{\"@type\":\"ListItem\",\"position\":2,\"name\":\"Productos\",\"item\":\"https:\/\/compuviper.mx\/tienda\/productos\/\"},{\"@type\":\"ListItem\",\"position\":3,\"name\":\"Monitores\",\"item\":\"https:\/\/compuviper.mx\/tienda\/categoria-producto\/monitores\/\"},{\"@type\":\"ListItem\",\"position\":4,\"name\":\"Led\",\"item\":\"https:\/\/compuviper.mx\/tienda\/categoria-producto\/monitores\/led\/\"},{\"@type\":\"ListItem\",\"position\":5,\"name\":\"Lg Lapa136,8806096394779 Pantalla Pixel Pitch Led Lapa136 1.56 Mm Smd Configuracion De 136? Full Hd 1.920 ? 1.080 500 Nits Cont 3.000:1 Hdr10, Hdr10 Pro, Hdmi (3), Dp (1), Usb, Lan, Entrada\/salida Rs-232c, Ir, Audio Digit\"}]},{\"@type\":\"WebSite\",\"@id\":\"https:\/\/compuviper.mx\/tienda\/#website\",\"url\":\"https:\/\/compuviper.mx\/tienda\/\",\"name\":\"Compuviper\",\"description\":\"Proveedor de Computadoras, Laptops, Servidores, Monitores, Puntos de Venta, Teclados,   Impresoras, T\u00f3ner, C\u00e1maras de Seguridad y m\u00e1s en tu tienda en l\u00ednea\",\"publisher\":{\"@id\":\"https:\/\/compuviper.mx\/tienda\/#organization\"},\"potentialAction\":[{\"@type\":\"SearchAction\",\"target\":{\"@type\":\"EntryPoint\",\"urlTemplate\":\"https:\/\/compuviper.mx\/tienda\/?s={search_term_string}\"},\"query-input\":\"required name=search_term_string\"}],\"inLanguage\":\"es-MX\"},{\"@type\":\"Organization\",\"@id\":\"https:\/\/compuviper.mx\/tienda\/#organization\",\"name\":\"Compuviper\",\"url\":\"https:\/\/compuviper.mx\/tienda\/\",\"logo\":{\"@type\":\"ImageObject\",\"inLanguage\":\"es-MX\",\"@id\":\"https:\/\/compuviper.mx\/tienda\/#\/schema\/logo\/image\/\",\"url\":\"https:\/\/compuviper.mx\/tienda\/wp-content\/uploads\/2021\/08\/Logo-Compuviper-10.png\",\"contentUrl\":\"https:\/\/compuviper.mx\/tienda\/wp-content\/uploads\/2021\/08\/Logo-Compuviper-10.png\",\"width\":1000,\"height\":500,\"caption\":\"Compuviper\"},\"image\":{\"@id\":\"https:\/\/compuviper.mx\/tienda\/#\/schema\/logo\/image\/\"},\"sameAs\":[\"https:\/\/www.facebook.com\/compuviper\",\"https:\/\/www.youtube.com\/channel\/UCf73dERp9Y3cfOq7q8BhLjA?view_as=subscriber\"]}]}<\/script>\n<meta property=\"product:brand\" content=\"LG\" \/>\n<meta property=\"product:price:amount\" content=\"396557\" \/>\n<meta property=\"product:price:currency\" content=\"MXN\" \/>\n<meta property=\"og:availability\" content=\"instock\" \/>\n<meta property=\"product:availability\" content=\"instock\" \/>\n<meta property=\"product:retailer_item_id\" content=\"LAPA136,8806096394779\" \/>\n<meta property=\"product:condition\" content=\"new\" \/>\n<!-- \/ Yoast SEO plugin. -->","yoast_head_json":{"title":"[ Lg ] &#129351; Lapa136,8806096394779 Pantalla Pixel Pitch Led Lapa136 1.56 Mm Smd Configuracion De 136\u0094 Full Hd 1.920 \u00d7 1.080 500 Nits Cont 3.000:1 Hdr10, Hdr10 Pro, Hdmi (3), Dp (1), Usb, Lan, Entrada\/salida Rs-232c, Ir, Audio Digit","description":"Compra Lapa136,8806096394779 Pantalla Pixel Pitch Led Lapa136 1.56 Mm Smd Configuracion De 136\u0094 Full Hd 1.920 \u00d7 1.080 500 Nits Cont 3.000:1 Hdr10, Hdr10 Pro, Hdmi (3), Dp (1), Usb, Lan, Entrada\/salida Rs-232c, Ir, Audio Digit + Env\u00edo a domicilio + Pago seguro + Garant\u00eda","robots":{"index":"index","follow":"follow","max-snippet":"max-snippet:-1","max-image-preview":"max-image-preview:large","max-video-preview":"max-video-preview:-1"},"canonical":"https:\/\/compuviper.mx\/tienda\/producto\/lg-lapa1368806096394779-pantalla-pixel-pitch-led-lapa136-1-56-mm-smd-configuracion-de-136-full-hd-1-920-1-080-500-nits-cont-3-0001-hdr10-hdr10-pro-hdmi-3-dp-1-usb-lan-entrada-salida-rs\/","og_locale":"es_MX","og_type":"article","og_title":"[ Lg ] &#129351; Lapa136,8806096394779 Pantalla Pixel Pitch Led Lapa136 1.56 Mm Smd Configuracion De 136\u0094 Full Hd 1.920 \u00d7 1.080 500 Nits Cont 3.000:1 Hdr10, Hdr10 Pro, Hdmi (3), Dp (1), Usb, Lan, Entrada\/salida Rs-232c, Ir, Audio Digit","og_description":"Compra Lapa136,8806096394779 Pantalla Pixel Pitch Led Lapa136 1.56 Mm Smd Configuracion De 136\u0094 Full Hd 1.920 \u00d7 1.080 500 Nits Cont 3.000:1 Hdr10, Hdr10 Pro, Hdmi (3), Dp (1), Usb, Lan, Entrada\/salida Rs-232c, Ir, Audio Digit + Env\u00edo a domicilio + Pago seguro + Garant\u00eda","og_url":"https:\/\/compuviper.mx\/tienda\/producto\/lg-lapa1368806096394779-pantalla-pixel-pitch-led-lapa136-1-56-mm-smd-configuracion-de-136-full-hd-1-920-1-080-500-nits-cont-3-0001-hdr10-hdr10-pro-hdmi-3-dp-1-usb-lan-entrada-salida-rs\/","og_site_name":"Compuviper","article_publisher":"https:\/\/www.facebook.com\/compuviper","article_modified_time":"2026-04-02T06:50:52+00:00","og_image":[{"width":200,"height":200,"url":"https:\/\/compuviper.mx\/tienda\/wp-content\/uploads\/2025\/10\/Pantalla-pixel-pitch-led-lg-lapa136-1.56-mm-smd-configuracion-de-136\u0094-full-hd-1.920-\u00d7-1.080-500-nits-cont-3.0001-hdr10-hdr10-pro-hdmi-3-dp-1-usb-lan-entradasalida-rs-232c-ir-audio-digit.jpg","type":"image\/jpeg"}],"twitter_card":"summary_large_image","twitter_misc":{"Precio":"&#36;396,557 con IVA","Availability":"In stock"},"schema":{"@context":"https:\/\/schema.org","@graph":[{"@type":"WebPage","@id":"https:\/\/compuviper.mx\/tienda\/producto\/lg-lapa1368806096394779-pantalla-pixel-pitch-led-lapa136-1-56-mm-smd-configuracion-de-136-full-hd-1-920-1-080-500-nits-cont-3-0001-hdr10-hdr10-pro-hdmi-3-dp-1-usb-lan-entrada-salida-rs\/","url":"https:\/\/compuviper.mx\/tienda\/producto\/lg-lapa1368806096394779-pantalla-pixel-pitch-led-lapa136-1-56-mm-smd-configuracion-de-136-full-hd-1-920-1-080-500-nits-cont-3-0001-hdr10-hdr10-pro-hdmi-3-dp-1-usb-lan-entrada-salida-rs\/","name":"[ Lg ] &#129351; Lapa136,8806096394779 Pantalla Pixel Pitch Led Lapa136 1.56 Mm Smd Configuracion De 136\u0094 Full Hd 1.920 \u00d7 1.080 500 Nits Cont 3.000:1 Hdr10, Hdr10 Pro, Hdmi (3), Dp (1), Usb, Lan, Entrada\/salida Rs-232c, Ir, Audio Digit","isPartOf":{"@id":"https:\/\/compuviper.mx\/tienda\/#website"},"datePublished":"2026-04-02T06:50:51+00:00","dateModified":"2026-04-02T06:50:52+00:00","description":"Compra Lapa136,8806096394779 Pantalla Pixel Pitch Led Lapa136 1.56 Mm Smd Configuracion De 136\u0094 Full Hd 1.920 \u00d7 1.080 500 Nits Cont 3.000:1 Hdr10, Hdr10 Pro, Hdmi (3), Dp (1), Usb, Lan, Entrada\/salida Rs-232c, Ir, Audio Digit + Env\u00edo a domicilio + Pago seguro + Garant\u00eda","breadcrumb":{"@id":"https:\/\/compuviper.mx\/tienda\/producto\/lg-lapa1368806096394779-pantalla-pixel-pitch-led-lapa136-1-56-mm-smd-configuracion-de-136-full-hd-1-920-1-080-500-nits-cont-3-0001-hdr10-hdr10-pro-hdmi-3-dp-1-usb-lan-entrada-salida-rs\/#breadcrumb"},"inLanguage":"es-MX","potentialAction":[{"@type":"ReadAction","target":["https:\/\/compuviper.mx\/tienda\/producto\/lg-lapa1368806096394779-pantalla-pixel-pitch-led-lapa136-1-56-mm-smd-configuracion-de-136-full-hd-1-920-1-080-500-nits-cont-3-0001-hdr10-hdr10-pro-hdmi-3-dp-1-usb-lan-entrada-salida-rs\/"]}]},{"@type":"BreadcrumbList","@id":"https:\/\/compuviper.mx\/tienda\/producto\/lg-lapa1368806096394779-pantalla-pixel-pitch-led-lapa136-1-56-mm-smd-configuracion-de-136-full-hd-1-920-1-080-500-nits-cont-3-0001-hdr10-hdr10-pro-hdmi-3-dp-1-usb-lan-entrada-salida-rs\/#breadcrumb","itemListElement":[{"@type":"ListItem","position":1,"name":"Inicio","item":"https:\/\/compuviper.mx\/tienda\/"},{"@type":"ListItem","position":2,"name":"Productos","item":"https:\/\/compuviper.mx\/tienda\/productos\/"},{"@type":"ListItem","position":3,"name":"Monitores","item":"https:\/\/compuviper.mx\/tienda\/categoria-producto\/monitores\/"},{"@type":"ListItem","position":4,"name":"Led","item":"https:\/\/compuviper.mx\/tienda\/categoria-producto\/monitores\/led\/"},{"@type":"ListItem","position":5,"name":"Lg Lapa136,8806096394779 Pantalla Pixel Pitch Led Lapa136 1.56 Mm Smd Configuracion De 136? Full Hd 1.920 ? 1.080 500 Nits Cont 3.000:1 Hdr10, Hdr10 Pro, Hdmi (3), Dp (1), Usb, Lan, Entrada\/salida Rs-232c, Ir, Audio Digit"}]},{"@type":"WebSite","@id":"https:\/\/compuviper.mx\/tienda\/#website","url":"https:\/\/compuviper.mx\/tienda\/","name":"Compuviper","description":"Proveedor de Computadoras, Laptops, Servidores, Monitores, Puntos de Venta, Teclados,   Impresoras, T\u00f3ner, C\u00e1maras de Seguridad y m\u00e1s en tu tienda en l\u00ednea","publisher":{"@id":"https:\/\/compuviper.mx\/tienda\/#organization"},"potentialAction":[{"@type":"SearchAction","target":{"@type":"EntryPoint","urlTemplate":"https:\/\/compuviper.mx\/tienda\/?s={search_term_string}"},"query-input":"required name=search_term_string"}],"inLanguage":"es-MX"},{"@type":"Organization","@id":"https:\/\/compuviper.mx\/tienda\/#organization","name":"Compuviper","url":"https:\/\/compuviper.mx\/tienda\/","logo":{"@type":"ImageObject","inLanguage":"es-MX","@id":"https:\/\/compuviper.mx\/tienda\/#\/schema\/logo\/image\/","url":"https:\/\/compuviper.mx\/tienda\/wp-content\/uploads\/2021\/08\/Logo-Compuviper-10.png","contentUrl":"https:\/\/compuviper.mx\/tienda\/wp-content\/uploads\/2021\/08\/Logo-Compuviper-10.png","width":1000,"height":500,"caption":"Compuviper"},"image":{"@id":"https:\/\/compuviper.mx\/tienda\/#\/schema\/logo\/image\/"},"sameAs":["https:\/\/www.facebook.com\/compuviper","https:\/\/www.youtube.com\/channel\/UCf73dERp9Y3cfOq7q8BhLjA?view_as=subscriber"]}]},"product_brand":"LG","product_price_amount":"396557","product_price_currency":"MXN","og_availability":"instock","product_availability":"instock","product_retailer_item_id":"LAPA136,8806096394779","product_condition":"new"},"_links":{"self":[{"href":"https:\/\/compuviper.mx\/tienda\/wp-json\/wp\/v2\/product\/251606"}],"collection":[{"href":"https:\/\/compuviper.mx\/tienda\/wp-json\/wp\/v2\/product"}],"about":[{"href":"https:\/\/compuviper.mx\/tienda\/wp-json\/wp\/v2\/types\/product"}],"replies":[{"embeddable":true,"href":"https:\/\/compuviper.mx\/tienda\/wp-json\/wp\/v2\/comments?post=251606"}],"wp:featuredmedia":[{"embeddable":true,"href":"https:\/\/compuviper.mx\/tienda\/wp-json\/wp\/v2\/media\/259916"}],"wp:attachment":[{"href":"https:\/\/compuviper.mx\/tienda\/wp-json\/wp\/v2\/media?parent=251606"}],"wp:term":[{"taxonomy":"product_cat","embeddable":true,"href":"https:\/\/compuviper.mx\/tienda\/wp-json\/wp\/v2\/product_cat?post=251606"},{"taxonomy":"product_tag","embeddable":true,"href":"https:\/\/compuviper.mx\/tienda\/wp-json\/wp\/v2\/product_tag?post=251606"}],"curies":[{"name":"wp","href":"https:\/\/api.w.org\/{rel}","templated":true}]}}