{"id":251600,"date":"2026-04-02T00:46:08","date_gmt":"2026-04-02T06:46:08","guid":{"rendered":"https:\/\/compuviper.mx\/tienda\/producto\/3nstar-sc415-lector-de-codigo-de-barras-negro-laser-usb-rs232-1d-2d-60-cuadros-por-segundo\/"},"modified":"2026-04-02T00:46:08","modified_gmt":"2026-04-02T06:46:08","slug":"3nstar-sc415-lector-de-codigo-de-barras-negro-laser-usb-rs232-1d-2d-60-cuadros-por-segundo","status":"publish","type":"product","link":"https:\/\/compuviper.mx\/tienda\/producto\/3nstar-sc415-lector-de-codigo-de-barras-negro-laser-usb-rs232-1d-2d-60-cuadros-por-segundo\/","title":{"rendered":"3nstar Sc415 Lector De Codigo De Barras  , Negro, Laser, Usb, Rs232, 1d, 2d, 60  Cuadros Por Segundo"},"content":{"rendered":"<table class=\"descripcion\">\n<tr>\n<td>Fisicas:<\/td>\n<\/tr>\n<tr>\n<td>Construccion: abs + pc<\/td>\n<\/tr>\n<tr>\n<td>Color: negro<\/td>\n<\/tr>\n<tr>\n<td>Dimensiones: 171mm (h) x 65mm (d) x 87mm (w)<\/td>\n<\/tr>\n<tr>\n<td>Peso: 175g<\/td>\n<\/tr>\n<tr>\n<td>Cable: usb recto 1,5 m<\/td>\n<\/tr>\n<tr>\n<td>Caracteristicas:<\/td>\n<\/tr>\n<tr>\n<td>Velocidad de lectura: 60 cuadros por segundo<\/td>\n<\/tr>\n<tr>\n<td>Profundidad de campo: 60 &#8211; 300mm (codigo 13 mil 39 )<\/td>\n<\/tr>\n<tr>\n<td>Dise\u00f1o anti-impacto: soporta 1.5 m (5 ft.) de caida<\/td>\n<\/tr>\n<tr>\n<td>Interface: usb ,rs232 y usb virtual com<\/td>\n<\/tr>\n<tr>\n<td>Compatibilidad: windows, mac os, linux, android, ios<\/td>\n<\/tr>\n<tr>\n<td>Desempe\u00f1o:<\/td>\n<\/tr>\n<tr>\n<td>Sistema \u00f3ptico: 640 x 480 pixeles<\/td>\n<\/tr>\n<tr>\n<td>Resolucion: 1d: 3mil, 2d: 6mil<\/td>\n<\/tr>\n<tr>\n<td>Fuente de luz aim : puntero led rojo<\/td>\n<\/tr>\n<tr>\n<td>Fuente de luz: led iluminacion led blanca<\/td>\n<\/tr>\n<tr>\n<td>Campo de vision: horizontal: 30.0\u00ba vertical: 30.0\u00ba<\/td>\n<\/tr>\n<tr>\n<td>Contraste de impresion: 15% @ upc\/ean 100%<\/td>\n<\/tr>\n<tr>\n<td>Sensor \u00f3ptico: cmos array sensor<\/td>\n<\/tr>\n<tr>\n<td>Indicador visual: leds, bocina<\/td>\n<\/tr>\n<tr>\n<td>Capacidad de decodificacion 1d: codabar , ean-13, ean-8, code39, upc-a, upc-e, codabar, interleaved 2 of 5, isbn\/issn, code 93, ucc\/ean-128, gs1 databar, etc<\/td>\n<\/tr>\n<tr>\n<td>Capacidad de decodificacion 2d: pdf417, qr code (model 1\/2, micro), datamatrix (ecc200, ecc000,050, 080, 100,140) etc<\/td>\n<\/tr>\n<tr>\n<td>Electricas:<\/td>\n<\/tr>\n<tr>\n<td>Voltaje: 5v dc+\/- 10%<\/td>\n<\/tr>\n<tr>\n<td>Consumo de energia: 180ma max<\/td>\n<\/tr>\n<tr>\n<td>Corriente estatica: 75ma<\/td>\n<\/tr>\n<tr>\n<td>Seguridad electrica: iec61000<\/td>\n<\/tr>\n<tr>\n<td>Emi\/rfi: en55032\/en55035<\/td>\n<\/tr>\n<tr>\n<td>Condiciones ambientales:<\/td>\n<\/tr>\n<tr>\n<td>Temperatura de operacion: -10\u00b0c a 55\u00b0c (14\u00b0f a 131\u00b0f)<\/td>\n<\/tr>\n<tr>\n<td>Humedad de operacion: 5% a 95% humedad relativa, sin condensacion<\/td>\n<\/tr>\n<tr>\n<td>Temperatura de almacenamiento: -20\u00b0c a 60\u00b0c (-4\u00b0f a 140\u00b0f)<\/td>\n<\/tr>\n<tr>\n<td>Humedad de almacenamiento: 20% a 60% humedad relativa, sin condensaci\u00f3n<\/td>\n<\/tr>\n<tr>\n<td>Nivel de luz: luz fluorescente, 10,000 lux max<\/td>\n<\/tr>\n<tr>\n<td>Empaque:<\/td>\n<\/tr>\n<tr>\n<td>Contenido de la caja: lector, cable, soporte  y manual del usuario<\/td>\n<\/tr>\n<tr>\n<td>Dimensiones de la caja: 197mm x 113mm x 85mm<\/td>\n<\/tr>\n<tr>\n<td>Peso bruto: 0.43 kg.<\/td>\n<\/tr>\n<tr>\n<td>Garantia 1 anio ( extension de garantia disponible )<\/td>\n<\/tr>\n<\/table>\n","protected":false},"excerpt":{"rendered":"<p>Los codigos de barras 2d se estan convirtiendo en el standar preferido en muchas industrias  debido a su capacidad de almacenar mas informacion . Sectores como regulaciones gubernamentales, atencion medica  y programas de fifdelizacion exigen cada vez mas su uso. Ademas , las empresas buscan tecnologias avanzadas , como la captura de imagenes por area para leer estos codigos.<\/p>\n","protected":false},"featured_media":259797,"comment_status":"open","ping_status":"open","template":"","meta":[],"product_cat":[1721,1724],"product_tag":[1570],"acf":[],"yoast_head":"<!-- This site is optimized with the Yoast SEO plugin v21.7 - https:\/\/yoast.com\/wordpress\/plugins\/seo\/ -->\n<title>[ 3nstar ] &#129351; Sc415 Lector De Codigo De Barras , Negro, Laser, Usb, Rs232, 1d, 2d, 60 Cuadros Por Segundo<\/title>\n<meta name=\"description\" content=\"Compra Sc415 Lector De Codigo De Barras , Negro, Laser, Usb, Rs232, 1d, 2d, 60 Cuadros Por Segundo + Env\u00edo a domicilio + Pago seguro + Garant\u00eda\" \/>\n<meta name=\"robots\" content=\"index, follow, max-snippet:-1, max-image-preview:large, max-video-preview:-1\" \/>\n<link rel=\"canonical\" href=\"https:\/\/compuviper.mx\/tienda\/producto\/3nstar-sc415-lector-de-codigo-de-barras-negro-laser-usb-rs232-1d-2d-60-cuadros-por-segundo\/\" \/>\n<meta property=\"og:locale\" content=\"es_MX\" \/>\n<meta property=\"og:type\" content=\"article\" \/>\n<meta property=\"og:title\" content=\"[ 3nstar ] &#129351; Sc415 Lector De Codigo De Barras , Negro, Laser, Usb, Rs232, 1d, 2d, 60 Cuadros Por Segundo\" \/>\n<meta property=\"og:description\" content=\"Compra Sc415 Lector De Codigo De Barras , Negro, Laser, Usb, Rs232, 1d, 2d, 60 Cuadros Por Segundo + Env\u00edo a domicilio + Pago seguro + Garant\u00eda\" \/>\n<meta property=\"og:url\" content=\"https:\/\/compuviper.mx\/tienda\/producto\/3nstar-sc415-lector-de-codigo-de-barras-negro-laser-usb-rs232-1d-2d-60-cuadros-por-segundo\/\" \/>\n<meta property=\"og:site_name\" content=\"Compuviper\" \/>\n<meta property=\"article:publisher\" content=\"https:\/\/www.facebook.com\/compuviper\" \/>\n<meta property=\"og:image\" content=\"https:\/\/compuviper.mx\/tienda\/wp-content\/uploads\/2025\/10\/Lector-de-codigo-de-barras-3nstar-sc415-negro-laser-usb-rs232-1d-2d-60-cuadros-por-segundo.jpg\" \/>\n\t<meta property=\"og:image:width\" content=\"200\" \/>\n\t<meta property=\"og:image:height\" content=\"200\" \/>\n\t<meta property=\"og:image:type\" content=\"image\/jpeg\" \/>\n<meta name=\"twitter:card\" content=\"summary_large_image\" \/>\n<meta name=\"twitter:label1\" content=\"Precio\" \/>\n\t<meta name=\"twitter:data1\" content=\"&#36;710 con IVA\" \/>\n\t<meta name=\"twitter:label2\" content=\"Availability\" \/>\n\t<meta name=\"twitter:data2\" content=\"Out of stock\" \/>\n<script type=\"application\/ld+json\" class=\"yoast-schema-graph\">{\"@context\":\"https:\/\/schema.org\",\"@graph\":[{\"@type\":\"WebPage\",\"@id\":\"https:\/\/compuviper.mx\/tienda\/producto\/3nstar-sc415-lector-de-codigo-de-barras-negro-laser-usb-rs232-1d-2d-60-cuadros-por-segundo\/\",\"url\":\"https:\/\/compuviper.mx\/tienda\/producto\/3nstar-sc415-lector-de-codigo-de-barras-negro-laser-usb-rs232-1d-2d-60-cuadros-por-segundo\/\",\"name\":\"[ 3nstar ] &#129351; Sc415 Lector De Codigo De Barras , Negro, Laser, Usb, Rs232, 1d, 2d, 60 Cuadros Por Segundo\",\"isPartOf\":{\"@id\":\"https:\/\/compuviper.mx\/tienda\/#website\"},\"datePublished\":\"2026-04-02T06:46:08+00:00\",\"dateModified\":\"2026-04-02T06:46:08+00:00\",\"description\":\"Compra Sc415 Lector De Codigo De Barras , Negro, Laser, Usb, Rs232, 1d, 2d, 60 Cuadros Por Segundo + Env\u00edo a domicilio + Pago seguro + Garant\u00eda\",\"breadcrumb\":{\"@id\":\"https:\/\/compuviper.mx\/tienda\/producto\/3nstar-sc415-lector-de-codigo-de-barras-negro-laser-usb-rs232-1d-2d-60-cuadros-por-segundo\/#breadcrumb\"},\"inLanguage\":\"es-MX\",\"potentialAction\":[{\"@type\":\"ReadAction\",\"target\":[\"https:\/\/compuviper.mx\/tienda\/producto\/3nstar-sc415-lector-de-codigo-de-barras-negro-laser-usb-rs232-1d-2d-60-cuadros-por-segundo\/\"]}]},{\"@type\":\"BreadcrumbList\",\"@id\":\"https:\/\/compuviper.mx\/tienda\/producto\/3nstar-sc415-lector-de-codigo-de-barras-negro-laser-usb-rs232-1d-2d-60-cuadros-por-segundo\/#breadcrumb\",\"itemListElement\":[{\"@type\":\"ListItem\",\"position\":1,\"name\":\"Inicio\",\"item\":\"https:\/\/compuviper.mx\/tienda\/\"},{\"@type\":\"ListItem\",\"position\":2,\"name\":\"Productos\",\"item\":\"https:\/\/compuviper.mx\/tienda\/productos\/\"},{\"@type\":\"ListItem\",\"position\":3,\"name\":\"Lector De Codigos\",\"item\":\"https:\/\/compuviper.mx\/tienda\/categoria-producto\/lector-de-codigos\/\"},{\"@type\":\"ListItem\",\"position\":4,\"name\":\"Sin Categor\u00eda\",\"item\":\"https:\/\/compuviper.mx\/tienda\/categoria-producto\/lector-de-codigos\/sin-categoria-lector-de-codigos\/\"},{\"@type\":\"ListItem\",\"position\":5,\"name\":\"3nstar Sc415 Lector De Codigo De Barras , Negro, Laser, Usb, Rs232, 1d, 2d, 60 Cuadros Por Segundo\"}]},{\"@type\":\"WebSite\",\"@id\":\"https:\/\/compuviper.mx\/tienda\/#website\",\"url\":\"https:\/\/compuviper.mx\/tienda\/\",\"name\":\"Compuviper\",\"description\":\"Proveedor de Computadoras, Laptops, Servidores, Monitores, Puntos de Venta, Teclados,   Impresoras, T\u00f3ner, C\u00e1maras de Seguridad y m\u00e1s en tu tienda en l\u00ednea\",\"publisher\":{\"@id\":\"https:\/\/compuviper.mx\/tienda\/#organization\"},\"potentialAction\":[{\"@type\":\"SearchAction\",\"target\":{\"@type\":\"EntryPoint\",\"urlTemplate\":\"https:\/\/compuviper.mx\/tienda\/?s={search_term_string}\"},\"query-input\":\"required name=search_term_string\"}],\"inLanguage\":\"es-MX\"},{\"@type\":\"Organization\",\"@id\":\"https:\/\/compuviper.mx\/tienda\/#organization\",\"name\":\"Compuviper\",\"url\":\"https:\/\/compuviper.mx\/tienda\/\",\"logo\":{\"@type\":\"ImageObject\",\"inLanguage\":\"es-MX\",\"@id\":\"https:\/\/compuviper.mx\/tienda\/#\/schema\/logo\/image\/\",\"url\":\"https:\/\/compuviper.mx\/tienda\/wp-content\/uploads\/2021\/08\/Logo-Compuviper-10.png\",\"contentUrl\":\"https:\/\/compuviper.mx\/tienda\/wp-content\/uploads\/2021\/08\/Logo-Compuviper-10.png\",\"width\":1000,\"height\":500,\"caption\":\"Compuviper\"},\"image\":{\"@id\":\"https:\/\/compuviper.mx\/tienda\/#\/schema\/logo\/image\/\"},\"sameAs\":[\"https:\/\/www.facebook.com\/compuviper\",\"https:\/\/www.youtube.com\/channel\/UCf73dERp9Y3cfOq7q8BhLjA?view_as=subscriber\"]}]}<\/script>\n<meta property=\"product:brand\" content=\"3NSTAR\" \/>\n<meta property=\"product:price:amount\" content=\"710\" \/>\n<meta property=\"product:price:currency\" content=\"MXN\" \/>\n<meta property=\"og:availability\" content=\"out of stock\" \/>\n<meta property=\"product:availability\" content=\"out of stock\" \/>\n<meta property=\"product:retailer_item_id\" content=\"SC415\" \/>\n<meta property=\"product:condition\" content=\"new\" \/>\n<!-- \/ Yoast SEO plugin. -->","yoast_head_json":{"title":"[ 3nstar ] &#129351; Sc415 Lector De Codigo De Barras , Negro, Laser, Usb, Rs232, 1d, 2d, 60 Cuadros Por Segundo","description":"Compra Sc415 Lector De Codigo De Barras , Negro, Laser, Usb, Rs232, 1d, 2d, 60 Cuadros Por Segundo + Env\u00edo a domicilio + Pago seguro + Garant\u00eda","robots":{"index":"index","follow":"follow","max-snippet":"max-snippet:-1","max-image-preview":"max-image-preview:large","max-video-preview":"max-video-preview:-1"},"canonical":"https:\/\/compuviper.mx\/tienda\/producto\/3nstar-sc415-lector-de-codigo-de-barras-negro-laser-usb-rs232-1d-2d-60-cuadros-por-segundo\/","og_locale":"es_MX","og_type":"article","og_title":"[ 3nstar ] &#129351; Sc415 Lector De Codigo De Barras , Negro, Laser, Usb, Rs232, 1d, 2d, 60 Cuadros Por Segundo","og_description":"Compra Sc415 Lector De Codigo De Barras , Negro, Laser, Usb, Rs232, 1d, 2d, 60 Cuadros Por Segundo + Env\u00edo a domicilio + Pago seguro + Garant\u00eda","og_url":"https:\/\/compuviper.mx\/tienda\/producto\/3nstar-sc415-lector-de-codigo-de-barras-negro-laser-usb-rs232-1d-2d-60-cuadros-por-segundo\/","og_site_name":"Compuviper","article_publisher":"https:\/\/www.facebook.com\/compuviper","og_image":[{"width":200,"height":200,"url":"https:\/\/compuviper.mx\/tienda\/wp-content\/uploads\/2025\/10\/Lector-de-codigo-de-barras-3nstar-sc415-negro-laser-usb-rs232-1d-2d-60-cuadros-por-segundo.jpg","type":"image\/jpeg"}],"twitter_card":"summary_large_image","twitter_misc":{"Precio":"&#36;710 con IVA","Availability":"Out of stock"},"schema":{"@context":"https:\/\/schema.org","@graph":[{"@type":"WebPage","@id":"https:\/\/compuviper.mx\/tienda\/producto\/3nstar-sc415-lector-de-codigo-de-barras-negro-laser-usb-rs232-1d-2d-60-cuadros-por-segundo\/","url":"https:\/\/compuviper.mx\/tienda\/producto\/3nstar-sc415-lector-de-codigo-de-barras-negro-laser-usb-rs232-1d-2d-60-cuadros-por-segundo\/","name":"[ 3nstar ] &#129351; Sc415 Lector De Codigo De Barras , Negro, Laser, Usb, Rs232, 1d, 2d, 60 Cuadros Por Segundo","isPartOf":{"@id":"https:\/\/compuviper.mx\/tienda\/#website"},"datePublished":"2026-04-02T06:46:08+00:00","dateModified":"2026-04-02T06:46:08+00:00","description":"Compra Sc415 Lector De Codigo De Barras , Negro, Laser, Usb, Rs232, 1d, 2d, 60 Cuadros Por Segundo + Env\u00edo a domicilio + Pago seguro + Garant\u00eda","breadcrumb":{"@id":"https:\/\/compuviper.mx\/tienda\/producto\/3nstar-sc415-lector-de-codigo-de-barras-negro-laser-usb-rs232-1d-2d-60-cuadros-por-segundo\/#breadcrumb"},"inLanguage":"es-MX","potentialAction":[{"@type":"ReadAction","target":["https:\/\/compuviper.mx\/tienda\/producto\/3nstar-sc415-lector-de-codigo-de-barras-negro-laser-usb-rs232-1d-2d-60-cuadros-por-segundo\/"]}]},{"@type":"BreadcrumbList","@id":"https:\/\/compuviper.mx\/tienda\/producto\/3nstar-sc415-lector-de-codigo-de-barras-negro-laser-usb-rs232-1d-2d-60-cuadros-por-segundo\/#breadcrumb","itemListElement":[{"@type":"ListItem","position":1,"name":"Inicio","item":"https:\/\/compuviper.mx\/tienda\/"},{"@type":"ListItem","position":2,"name":"Productos","item":"https:\/\/compuviper.mx\/tienda\/productos\/"},{"@type":"ListItem","position":3,"name":"Lector De Codigos","item":"https:\/\/compuviper.mx\/tienda\/categoria-producto\/lector-de-codigos\/"},{"@type":"ListItem","position":4,"name":"Sin Categor\u00eda","item":"https:\/\/compuviper.mx\/tienda\/categoria-producto\/lector-de-codigos\/sin-categoria-lector-de-codigos\/"},{"@type":"ListItem","position":5,"name":"3nstar Sc415 Lector De Codigo De Barras , Negro, Laser, Usb, Rs232, 1d, 2d, 60 Cuadros Por Segundo"}]},{"@type":"WebSite","@id":"https:\/\/compuviper.mx\/tienda\/#website","url":"https:\/\/compuviper.mx\/tienda\/","name":"Compuviper","description":"Proveedor de Computadoras, Laptops, Servidores, Monitores, Puntos de Venta, Teclados,   Impresoras, T\u00f3ner, C\u00e1maras de Seguridad y m\u00e1s en tu tienda en l\u00ednea","publisher":{"@id":"https:\/\/compuviper.mx\/tienda\/#organization"},"potentialAction":[{"@type":"SearchAction","target":{"@type":"EntryPoint","urlTemplate":"https:\/\/compuviper.mx\/tienda\/?s={search_term_string}"},"query-input":"required name=search_term_string"}],"inLanguage":"es-MX"},{"@type":"Organization","@id":"https:\/\/compuviper.mx\/tienda\/#organization","name":"Compuviper","url":"https:\/\/compuviper.mx\/tienda\/","logo":{"@type":"ImageObject","inLanguage":"es-MX","@id":"https:\/\/compuviper.mx\/tienda\/#\/schema\/logo\/image\/","url":"https:\/\/compuviper.mx\/tienda\/wp-content\/uploads\/2021\/08\/Logo-Compuviper-10.png","contentUrl":"https:\/\/compuviper.mx\/tienda\/wp-content\/uploads\/2021\/08\/Logo-Compuviper-10.png","width":1000,"height":500,"caption":"Compuviper"},"image":{"@id":"https:\/\/compuviper.mx\/tienda\/#\/schema\/logo\/image\/"},"sameAs":["https:\/\/www.facebook.com\/compuviper","https:\/\/www.youtube.com\/channel\/UCf73dERp9Y3cfOq7q8BhLjA?view_as=subscriber"]}]},"product_brand":"3NSTAR","product_price_amount":"710","product_price_currency":"MXN","og_availability":"out of stock","product_availability":"out of stock","product_retailer_item_id":"SC415","product_condition":"new"},"_links":{"self":[{"href":"https:\/\/compuviper.mx\/tienda\/wp-json\/wp\/v2\/product\/251600"}],"collection":[{"href":"https:\/\/compuviper.mx\/tienda\/wp-json\/wp\/v2\/product"}],"about":[{"href":"https:\/\/compuviper.mx\/tienda\/wp-json\/wp\/v2\/types\/product"}],"replies":[{"embeddable":true,"href":"https:\/\/compuviper.mx\/tienda\/wp-json\/wp\/v2\/comments?post=251600"}],"wp:featuredmedia":[{"embeddable":true,"href":"https:\/\/compuviper.mx\/tienda\/wp-json\/wp\/v2\/media\/259797"}],"wp:attachment":[{"href":"https:\/\/compuviper.mx\/tienda\/wp-json\/wp\/v2\/media?parent=251600"}],"wp:term":[{"taxonomy":"product_cat","embeddable":true,"href":"https:\/\/compuviper.mx\/tienda\/wp-json\/wp\/v2\/product_cat?post=251600"},{"taxonomy":"product_tag","embeddable":true,"href":"https:\/\/compuviper.mx\/tienda\/wp-json\/wp\/v2\/product_tag?post=251600"}],"curies":[{"name":"wp","href":"https:\/\/api.w.org\/{rel}","templated":true}]}}