{"id":251539,"date":"2026-04-09T01:31:17","date_gmt":"2026-04-09T07:31:17","guid":{"rendered":"https:\/\/compuviper.mx\/tienda\/producto\/lenovo-21g3s13c00-thinkpad-p14s-g5intel-core-ultra-7-155h-e-cores-up-to-3-80ghz24mb-14-5-1920-x-1200-non-touchwindows-11-pro-6416-0gb1x512gb-ssd-m-2-2280-pcie-gen4-tlc-opalnvidia-rtx-500-ada-4gbbt5\/"},"modified":"2026-04-09T01:31:17","modified_gmt":"2026-04-09T07:31:17","slug":"lenovo-21g3s13c00-laptop-workstation-p14s-gen5-core-ultra-7-155h-16gb-ddr5-512gb-ssd-m-2-windows-11-pro-nvidia-rtx-500-ada-4gb-3y-onsite","status":"publish","type":"product","link":"https:\/\/compuviper.mx\/tienda\/producto\/lenovo-21g3s13c00-laptop-workstation-p14s-gen5-core-ultra-7-155h-16gb-ddr5-512gb-ssd-m-2-windows-11-pro-nvidia-rtx-500-ada-4gb-3y-onsite\/","title":{"rendered":"Lenovo 21g3s13c00 Laptop  Workstation P14s Gen5 \/ Core Ultra 7 155h \/16gb Ddr5 \/ 512gb Ssd M.2 \/ Windows 11 Pro \/ Nvidia Rtx 500 Ada 4gb \/ 3y Onsite"},"content":{"rendered":"<table class=\"descripcion\">\n<tr>\n<td>Energy star pack electrical lbl<\/td>\n<\/tr>\n<tr>\n<td>Modern preload cloud tag<\/td>\n<\/tr>\n<tr>\n<td>Non-factory color calibration<\/td>\n<\/tr>\n<tr>\n<td>Hw security chip2.0 enabled+l3 sec<\/td>\n<\/tr>\n<tr>\n<td>Kbl id la spa_kblang=80a<\/td>\n<\/tr>\n<tr>\n<td>Warranty card mex<\/td>\n<\/tr>\n<tr>\n<td>Mtm s\/n lbl w\/coo x2<\/td>\n<\/tr>\n<tr>\n<td>Intel logo carton pod label<\/td>\n<\/tr>\n<tr>\n<td>On board wlan<\/td>\n<\/tr>\n<tr>\n<td>Icps entitlement bit &#8211; disabled<\/td>\n<\/tr>\n<tr>\n<td>Ec key capture<\/td>\n<\/tr>\n<tr>\n<td>135w usb-c s 90%  3pin bk us<\/td>\n<\/tr>\n<tr>\n<td>Intel core ultra 7<\/td>\n<\/tr>\n<tr>\n<td>Service qr code label<\/td>\n<\/tr>\n<tr>\n<td>Pub bul\/brl\/spa<\/td>\n<\/tr>\n<tr>\n<td>Coin batt warning label for usa<\/td>\n<\/tr>\n<tr>\n<td>Us button batt warning ctn:cr2016<\/td>\n<\/tr>\n<tr>\n<td>Flyer ul4200a-non-cru rtc cr2016<\/td>\n<\/tr>\n<tr>\n<td>Mex ec ctn pod label 135w 2.7w<\/td>\n<\/tr>\n<tr>\n<td>W11 pro dpk ww<\/td>\n<\/tr>\n<tr>\n<td>Glance for mirametrix sw<\/td>\n<\/tr>\n<tr>\n<td>Lenovo view<\/td>\n<\/tr>\n<tr>\n<td>Win11 pro mfg flag<\/td>\n<\/tr>\n<tr>\n<td>Win11 pro\/core gml c\/l<\/td>\n<\/tr>\n<tr>\n<td>W11 p64-spa<\/td>\n<\/tr>\n<tr>\n<td>16gb ddr5 5600 sodimm<\/td>\n<\/tr>\n<tr>\n<td>P14sg5 ult7 155h 500+ax211<\/td>\n<\/tr>\n<tr>\n<td>D_cover_nww_al_bk<\/td>\n<\/tr>\n<tr>\n<td>P14sg5_wuxga_5mp_bk<\/td>\n<\/tr>\n<tr>\n<td>3cell 75wh internal row<\/td>\n<\/tr>\n<tr>\n<td>512gb ssd m.2 2280 g4 tlc op<\/td>\n<\/tr>\n<tr>\n<td>Bklt kb bk la spa<\/td>\n<\/tr>\n<tr>\n<td>Pub pol\/por\/bul\/brl\/spa\/eng<\/td>\n<\/tr>\n<tr>\n<td>Single standard packaging<\/td>\n<\/tr>\n<tr>\n<td>Mech misc parts<\/td>\n<\/tr>\n<tr>\n<td>Wlan misc parts-wlan kits<\/td>\n<\/tr>\n<tr>\n<td>P14s\/p16s,ult 7 155h,rtx500,ax211<\/td>\n<\/tr>\n<tr>\n<td>Geo mex\/ukr\/ser\/rus\/mor\/cis bk<\/td>\n<\/tr>\n<tr>\n<td>Fingerprint reader bk<\/td>\n<\/tr>\n<\/table>\n","protected":false},"excerpt":{"rendered":"<p>Energy star pack electrical lbl Modern preload cloud tag Non-factory color calibration Hw security chip2.0 enabled+l3 sec Kbl id la spa_kblang=80a Warranty card mex Mtm s\/n lbl w\/coo x2 Intel logo carton pod label On board wlan Icps entitlement bit &#8211; disabled Ec key capture 135w usb-c s 90% 3pin bk us Intel core ultra [&hellip;]<\/p>\n","protected":false},"featured_media":251540,"comment_status":"open","ping_status":"open","template":"","meta":[],"product_cat":[1886,1889],"product_tag":[1578],"acf":[],"yoast_head":"<!-- This site is optimized with the Yoast SEO plugin v21.7 - https:\/\/yoast.com\/wordpress\/plugins\/seo\/ -->\n<title>[ Lenovo ] &#129351; 21g3s13c00 Laptop Workstation P14s Gen5 \/ Core Ultra 7 155h \/16gb Ddr5 \/ 512gb Ssd M.2 \/ Windows 11 Pro \/ Nvidia Rtx 500 Ada 4gb \/ 3y Onsite<\/title>\n<meta name=\"description\" content=\"Compra 21g3s13c00 Laptop Workstation P14s Gen5 \/ Core Ultra 7 155h \/16gb Ddr5 \/ 512gb Ssd M.2 \/ Windows 11 Pro \/ Nvidia Rtx 500 Ada 4gb \/ 3y Onsite + Env\u00edo a domicilio + Pago seguro + Garant\u00eda\" \/>\n<meta name=\"robots\" content=\"index, follow, max-snippet:-1, max-image-preview:large, max-video-preview:-1\" \/>\n<link rel=\"canonical\" href=\"https:\/\/compuviper.mx\/tienda\/producto\/lenovo-21g3s13c00-laptop-workstation-p14s-gen5-core-ultra-7-155h-16gb-ddr5-512gb-ssd-m-2-windows-11-pro-nvidia-rtx-500-ada-4gb-3y-onsite\/\" \/>\n<meta property=\"og:locale\" content=\"es_MX\" \/>\n<meta property=\"og:type\" content=\"article\" \/>\n<meta property=\"og:title\" content=\"[ Lenovo ] &#129351; 21g3s13c00 Laptop Workstation P14s Gen5 \/ Core Ultra 7 155h \/16gb Ddr5 \/ 512gb Ssd M.2 \/ Windows 11 Pro \/ Nvidia Rtx 500 Ada 4gb \/ 3y Onsite\" \/>\n<meta property=\"og:description\" content=\"Compra 21g3s13c00 Laptop Workstation P14s Gen5 \/ Core Ultra 7 155h \/16gb Ddr5 \/ 512gb Ssd M.2 \/ Windows 11 Pro \/ Nvidia Rtx 500 Ada 4gb \/ 3y Onsite + Env\u00edo a domicilio + Pago seguro + Garant\u00eda\" \/>\n<meta property=\"og:url\" content=\"https:\/\/compuviper.mx\/tienda\/producto\/lenovo-21g3s13c00-laptop-workstation-p14s-gen5-core-ultra-7-155h-16gb-ddr5-512gb-ssd-m-2-windows-11-pro-nvidia-rtx-500-ada-4gb-3y-onsite\/\" \/>\n<meta property=\"og:site_name\" content=\"Compuviper\" \/>\n<meta property=\"article:publisher\" content=\"https:\/\/www.facebook.com\/compuviper\" \/>\n<meta property=\"og:image\" content=\"https:\/\/compuviper.mx\/tienda\/wp-content\/uploads\/2025\/04\/Thinkpad-p14s-g5intel-core-ultra-7-155h-e-cores-up-to-3.80ghz24mb-14.5-1920-x-1200-non-touchwindows-11-pro-6416.0gb1x512gb-ssd-m.2-2280-pcie-gen4-tlc-opalnvidia-rtx-500-ada-4gbbt5.jpg\" \/>\n\t<meta property=\"og:image:width\" content=\"200\" \/>\n\t<meta property=\"og:image:height\" content=\"200\" \/>\n\t<meta property=\"og:image:type\" content=\"image\/jpeg\" \/>\n<meta name=\"twitter:card\" content=\"summary_large_image\" \/>\n<meta name=\"twitter:label1\" content=\"Precio\" \/>\n\t<meta name=\"twitter:data1\" content=\"&#36;33,279 con IVA\" \/>\n\t<meta name=\"twitter:label2\" content=\"Availability\" \/>\n\t<meta name=\"twitter:data2\" content=\"In stock\" \/>\n<script type=\"application\/ld+json\" class=\"yoast-schema-graph\">{\"@context\":\"https:\/\/schema.org\",\"@graph\":[{\"@type\":\"WebPage\",\"@id\":\"https:\/\/compuviper.mx\/tienda\/producto\/lenovo-21g3s13c00-laptop-workstation-p14s-gen5-core-ultra-7-155h-16gb-ddr5-512gb-ssd-m-2-windows-11-pro-nvidia-rtx-500-ada-4gb-3y-onsite\/\",\"url\":\"https:\/\/compuviper.mx\/tienda\/producto\/lenovo-21g3s13c00-laptop-workstation-p14s-gen5-core-ultra-7-155h-16gb-ddr5-512gb-ssd-m-2-windows-11-pro-nvidia-rtx-500-ada-4gb-3y-onsite\/\",\"name\":\"[ Lenovo ] &#129351; 21g3s13c00 Laptop Workstation P14s Gen5 \/ Core Ultra 7 155h \/16gb Ddr5 \/ 512gb Ssd M.2 \/ Windows 11 Pro \/ Nvidia Rtx 500 Ada 4gb \/ 3y Onsite\",\"isPartOf\":{\"@id\":\"https:\/\/compuviper.mx\/tienda\/#website\"},\"datePublished\":\"2026-04-09T07:31:17+00:00\",\"dateModified\":\"2026-04-09T07:31:17+00:00\",\"description\":\"Compra 21g3s13c00 Laptop Workstation P14s Gen5 \/ Core Ultra 7 155h \/16gb Ddr5 \/ 512gb Ssd M.2 \/ Windows 11 Pro \/ Nvidia Rtx 500 Ada 4gb \/ 3y Onsite + Env\u00edo a domicilio + Pago seguro + Garant\u00eda\",\"breadcrumb\":{\"@id\":\"https:\/\/compuviper.mx\/tienda\/producto\/lenovo-21g3s13c00-laptop-workstation-p14s-gen5-core-ultra-7-155h-16gb-ddr5-512gb-ssd-m-2-windows-11-pro-nvidia-rtx-500-ada-4gb-3y-onsite\/#breadcrumb\"},\"inLanguage\":\"es-MX\",\"potentialAction\":[{\"@type\":\"ReadAction\",\"target\":[\"https:\/\/compuviper.mx\/tienda\/producto\/lenovo-21g3s13c00-laptop-workstation-p14s-gen5-core-ultra-7-155h-16gb-ddr5-512gb-ssd-m-2-windows-11-pro-nvidia-rtx-500-ada-4gb-3y-onsite\/\"]}]},{\"@type\":\"BreadcrumbList\",\"@id\":\"https:\/\/compuviper.mx\/tienda\/producto\/lenovo-21g3s13c00-laptop-workstation-p14s-gen5-core-ultra-7-155h-16gb-ddr5-512gb-ssd-m-2-windows-11-pro-nvidia-rtx-500-ada-4gb-3y-onsite\/#breadcrumb\",\"itemListElement\":[{\"@type\":\"ListItem\",\"position\":1,\"name\":\"Inicio\",\"item\":\"https:\/\/compuviper.mx\/tienda\/\"},{\"@type\":\"ListItem\",\"position\":2,\"name\":\"Productos\",\"item\":\"https:\/\/compuviper.mx\/tienda\/productos\/\"},{\"@type\":\"ListItem\",\"position\":3,\"name\":\"Laptops\",\"item\":\"https:\/\/compuviper.mx\/tienda\/categoria-producto\/laptops\/\"},{\"@type\":\"ListItem\",\"position\":4,\"name\":\"Workstation\",\"item\":\"https:\/\/compuviper.mx\/tienda\/categoria-producto\/laptops\/workstation-laptops\/\"},{\"@type\":\"ListItem\",\"position\":5,\"name\":\"Lenovo 21g3s13c00 Laptop Workstation P14s Gen5 \/ Core Ultra 7 155h \/16gb Ddr5 \/ 512gb Ssd M.2 \/ Windows 11 Pro \/ Nvidia Rtx 500 Ada 4gb \/ 3y Onsite\"}]},{\"@type\":\"WebSite\",\"@id\":\"https:\/\/compuviper.mx\/tienda\/#website\",\"url\":\"https:\/\/compuviper.mx\/tienda\/\",\"name\":\"Compuviper\",\"description\":\"Proveedor de Computadoras, Laptops, Servidores, Monitores, Puntos de Venta, Teclados,   Impresoras, T\u00f3ner, C\u00e1maras de Seguridad y m\u00e1s en tu tienda en l\u00ednea\",\"publisher\":{\"@id\":\"https:\/\/compuviper.mx\/tienda\/#organization\"},\"potentialAction\":[{\"@type\":\"SearchAction\",\"target\":{\"@type\":\"EntryPoint\",\"urlTemplate\":\"https:\/\/compuviper.mx\/tienda\/?s={search_term_string}\"},\"query-input\":\"required name=search_term_string\"}],\"inLanguage\":\"es-MX\"},{\"@type\":\"Organization\",\"@id\":\"https:\/\/compuviper.mx\/tienda\/#organization\",\"name\":\"Compuviper\",\"url\":\"https:\/\/compuviper.mx\/tienda\/\",\"logo\":{\"@type\":\"ImageObject\",\"inLanguage\":\"es-MX\",\"@id\":\"https:\/\/compuviper.mx\/tienda\/#\/schema\/logo\/image\/\",\"url\":\"https:\/\/compuviper.mx\/tienda\/wp-content\/uploads\/2021\/08\/Logo-Compuviper-10.png\",\"contentUrl\":\"https:\/\/compuviper.mx\/tienda\/wp-content\/uploads\/2021\/08\/Logo-Compuviper-10.png\",\"width\":1000,\"height\":500,\"caption\":\"Compuviper\"},\"image\":{\"@id\":\"https:\/\/compuviper.mx\/tienda\/#\/schema\/logo\/image\/\"},\"sameAs\":[\"https:\/\/www.facebook.com\/compuviper\",\"https:\/\/www.youtube.com\/channel\/UCf73dERp9Y3cfOq7q8BhLjA?view_as=subscriber\"]}]}<\/script>\n<meta property=\"product:brand\" content=\"LENOVO\" \/>\n<meta property=\"product:price:amount\" content=\"33279\" \/>\n<meta property=\"product:price:currency\" content=\"MXN\" \/>\n<meta property=\"og:availability\" content=\"instock\" \/>\n<meta property=\"product:availability\" content=\"instock\" \/>\n<meta property=\"product:retailer_item_id\" content=\"21G3S13C00\" \/>\n<meta property=\"product:condition\" content=\"new\" \/>\n<!-- \/ Yoast SEO plugin. -->","yoast_head_json":{"title":"[ Lenovo ] &#129351; 21g3s13c00 Laptop Workstation P14s Gen5 \/ Core Ultra 7 155h \/16gb Ddr5 \/ 512gb Ssd M.2 \/ Windows 11 Pro \/ Nvidia Rtx 500 Ada 4gb \/ 3y Onsite","description":"Compra 21g3s13c00 Laptop Workstation P14s Gen5 \/ Core Ultra 7 155h \/16gb Ddr5 \/ 512gb Ssd M.2 \/ Windows 11 Pro \/ Nvidia Rtx 500 Ada 4gb \/ 3y Onsite + Env\u00edo a domicilio + Pago seguro + Garant\u00eda","robots":{"index":"index","follow":"follow","max-snippet":"max-snippet:-1","max-image-preview":"max-image-preview:large","max-video-preview":"max-video-preview:-1"},"canonical":"https:\/\/compuviper.mx\/tienda\/producto\/lenovo-21g3s13c00-laptop-workstation-p14s-gen5-core-ultra-7-155h-16gb-ddr5-512gb-ssd-m-2-windows-11-pro-nvidia-rtx-500-ada-4gb-3y-onsite\/","og_locale":"es_MX","og_type":"article","og_title":"[ Lenovo ] &#129351; 21g3s13c00 Laptop Workstation P14s Gen5 \/ Core Ultra 7 155h \/16gb Ddr5 \/ 512gb Ssd M.2 \/ Windows 11 Pro \/ Nvidia Rtx 500 Ada 4gb \/ 3y Onsite","og_description":"Compra 21g3s13c00 Laptop Workstation P14s Gen5 \/ Core Ultra 7 155h \/16gb Ddr5 \/ 512gb Ssd M.2 \/ Windows 11 Pro \/ Nvidia Rtx 500 Ada 4gb \/ 3y Onsite + Env\u00edo a domicilio + Pago seguro + Garant\u00eda","og_url":"https:\/\/compuviper.mx\/tienda\/producto\/lenovo-21g3s13c00-laptop-workstation-p14s-gen5-core-ultra-7-155h-16gb-ddr5-512gb-ssd-m-2-windows-11-pro-nvidia-rtx-500-ada-4gb-3y-onsite\/","og_site_name":"Compuviper","article_publisher":"https:\/\/www.facebook.com\/compuviper","og_image":[{"width":200,"height":200,"url":"https:\/\/compuviper.mx\/tienda\/wp-content\/uploads\/2025\/04\/Thinkpad-p14s-g5intel-core-ultra-7-155h-e-cores-up-to-3.80ghz24mb-14.5-1920-x-1200-non-touchwindows-11-pro-6416.0gb1x512gb-ssd-m.2-2280-pcie-gen4-tlc-opalnvidia-rtx-500-ada-4gbbt5.jpg","type":"image\/jpeg"}],"twitter_card":"summary_large_image","twitter_misc":{"Precio":"&#36;33,279 con IVA","Availability":"In stock"},"schema":{"@context":"https:\/\/schema.org","@graph":[{"@type":"WebPage","@id":"https:\/\/compuviper.mx\/tienda\/producto\/lenovo-21g3s13c00-laptop-workstation-p14s-gen5-core-ultra-7-155h-16gb-ddr5-512gb-ssd-m-2-windows-11-pro-nvidia-rtx-500-ada-4gb-3y-onsite\/","url":"https:\/\/compuviper.mx\/tienda\/producto\/lenovo-21g3s13c00-laptop-workstation-p14s-gen5-core-ultra-7-155h-16gb-ddr5-512gb-ssd-m-2-windows-11-pro-nvidia-rtx-500-ada-4gb-3y-onsite\/","name":"[ Lenovo ] &#129351; 21g3s13c00 Laptop Workstation P14s Gen5 \/ Core Ultra 7 155h \/16gb Ddr5 \/ 512gb Ssd M.2 \/ Windows 11 Pro \/ Nvidia Rtx 500 Ada 4gb \/ 3y Onsite","isPartOf":{"@id":"https:\/\/compuviper.mx\/tienda\/#website"},"datePublished":"2026-04-09T07:31:17+00:00","dateModified":"2026-04-09T07:31:17+00:00","description":"Compra 21g3s13c00 Laptop Workstation P14s Gen5 \/ Core Ultra 7 155h \/16gb Ddr5 \/ 512gb Ssd M.2 \/ Windows 11 Pro \/ Nvidia Rtx 500 Ada 4gb \/ 3y Onsite + Env\u00edo a domicilio + Pago seguro + Garant\u00eda","breadcrumb":{"@id":"https:\/\/compuviper.mx\/tienda\/producto\/lenovo-21g3s13c00-laptop-workstation-p14s-gen5-core-ultra-7-155h-16gb-ddr5-512gb-ssd-m-2-windows-11-pro-nvidia-rtx-500-ada-4gb-3y-onsite\/#breadcrumb"},"inLanguage":"es-MX","potentialAction":[{"@type":"ReadAction","target":["https:\/\/compuviper.mx\/tienda\/producto\/lenovo-21g3s13c00-laptop-workstation-p14s-gen5-core-ultra-7-155h-16gb-ddr5-512gb-ssd-m-2-windows-11-pro-nvidia-rtx-500-ada-4gb-3y-onsite\/"]}]},{"@type":"BreadcrumbList","@id":"https:\/\/compuviper.mx\/tienda\/producto\/lenovo-21g3s13c00-laptop-workstation-p14s-gen5-core-ultra-7-155h-16gb-ddr5-512gb-ssd-m-2-windows-11-pro-nvidia-rtx-500-ada-4gb-3y-onsite\/#breadcrumb","itemListElement":[{"@type":"ListItem","position":1,"name":"Inicio","item":"https:\/\/compuviper.mx\/tienda\/"},{"@type":"ListItem","position":2,"name":"Productos","item":"https:\/\/compuviper.mx\/tienda\/productos\/"},{"@type":"ListItem","position":3,"name":"Laptops","item":"https:\/\/compuviper.mx\/tienda\/categoria-producto\/laptops\/"},{"@type":"ListItem","position":4,"name":"Workstation","item":"https:\/\/compuviper.mx\/tienda\/categoria-producto\/laptops\/workstation-laptops\/"},{"@type":"ListItem","position":5,"name":"Lenovo 21g3s13c00 Laptop Workstation P14s Gen5 \/ Core Ultra 7 155h \/16gb Ddr5 \/ 512gb Ssd M.2 \/ Windows 11 Pro \/ Nvidia Rtx 500 Ada 4gb \/ 3y Onsite"}]},{"@type":"WebSite","@id":"https:\/\/compuviper.mx\/tienda\/#website","url":"https:\/\/compuviper.mx\/tienda\/","name":"Compuviper","description":"Proveedor de Computadoras, Laptops, Servidores, Monitores, Puntos de Venta, Teclados,   Impresoras, T\u00f3ner, C\u00e1maras de Seguridad y m\u00e1s en tu tienda en l\u00ednea","publisher":{"@id":"https:\/\/compuviper.mx\/tienda\/#organization"},"potentialAction":[{"@type":"SearchAction","target":{"@type":"EntryPoint","urlTemplate":"https:\/\/compuviper.mx\/tienda\/?s={search_term_string}"},"query-input":"required name=search_term_string"}],"inLanguage":"es-MX"},{"@type":"Organization","@id":"https:\/\/compuviper.mx\/tienda\/#organization","name":"Compuviper","url":"https:\/\/compuviper.mx\/tienda\/","logo":{"@type":"ImageObject","inLanguage":"es-MX","@id":"https:\/\/compuviper.mx\/tienda\/#\/schema\/logo\/image\/","url":"https:\/\/compuviper.mx\/tienda\/wp-content\/uploads\/2021\/08\/Logo-Compuviper-10.png","contentUrl":"https:\/\/compuviper.mx\/tienda\/wp-content\/uploads\/2021\/08\/Logo-Compuviper-10.png","width":1000,"height":500,"caption":"Compuviper"},"image":{"@id":"https:\/\/compuviper.mx\/tienda\/#\/schema\/logo\/image\/"},"sameAs":["https:\/\/www.facebook.com\/compuviper","https:\/\/www.youtube.com\/channel\/UCf73dERp9Y3cfOq7q8BhLjA?view_as=subscriber"]}]},"product_brand":"LENOVO","product_price_amount":"33279","product_price_currency":"MXN","og_availability":"instock","product_availability":"instock","product_retailer_item_id":"21G3S13C00","product_condition":"new"},"_links":{"self":[{"href":"https:\/\/compuviper.mx\/tienda\/wp-json\/wp\/v2\/product\/251539"}],"collection":[{"href":"https:\/\/compuviper.mx\/tienda\/wp-json\/wp\/v2\/product"}],"about":[{"href":"https:\/\/compuviper.mx\/tienda\/wp-json\/wp\/v2\/types\/product"}],"replies":[{"embeddable":true,"href":"https:\/\/compuviper.mx\/tienda\/wp-json\/wp\/v2\/comments?post=251539"}],"wp:featuredmedia":[{"embeddable":true,"href":"https:\/\/compuviper.mx\/tienda\/wp-json\/wp\/v2\/media\/251540"}],"wp:attachment":[{"href":"https:\/\/compuviper.mx\/tienda\/wp-json\/wp\/v2\/media?parent=251539"}],"wp:term":[{"taxonomy":"product_cat","embeddable":true,"href":"https:\/\/compuviper.mx\/tienda\/wp-json\/wp\/v2\/product_cat?post=251539"},{"taxonomy":"product_tag","embeddable":true,"href":"https:\/\/compuviper.mx\/tienda\/wp-json\/wp\/v2\/product_tag?post=251539"}],"curies":[{"name":"wp","href":"https:\/\/api.w.org\/{rel}","templated":true}]}}