{"id":251291,"date":"2026-04-16T23:15:24","date_gmt":"2026-04-17T05:15:24","guid":{"rendered":"https:\/\/compuviper.mx\/tienda\/producto\/hikvision-ds-kis303-p-kit-de-videoportero-analgico-de-metal-ip-a-4-hilos-con-funcin-de-llamada-a-app-hik-connect-monitor-se-conecta-a-internet-por-cable-o-wifi-y-por-4-hilos-al-frente-de-calle\/"},"modified":"2026-04-16T23:15:25","modified_gmt":"2026-04-17T05:15:25","slug":"hikvision-ds-kis303-p-kit-de-videoportero-analgico-de-metal-ip-a-4-hilos-con-funcin-de-llamada-a-app-hik-connect-monitor-se-conecta-a-internet-por-cable-o-wifi-y-por-4-hilos-al-frente-de-calle","status":"publish","type":"product","link":"https:\/\/compuviper.mx\/tienda\/producto\/hikvision-ds-kis303-p-kit-de-videoportero-analgico-de-metal-ip-a-4-hilos-con-funcin-de-llamada-a-app-hik-connect-monitor-se-conecta-a-internet-por-cable-o-wifi-y-por-4-hilos-al-frente-de-calle\/","title":{"rendered":"Hikvision Ds-kis303-p Kit De Videoportero Anal?gico   De Metal \/ Ip A 4 Hilos Con Funci?n De Llamada A App Hik-connect \/ Monitor Se Conecta A Internet Por Cable O Wifi Y Por 4 Hilos Al Frente De Calle Ip65 \/ Expa"},"content":{"rendered":"<table class=\"descripcion\">\n<tr>\n<td>Videollamada a smartphone con hik-connect,pantalla t\u00e1ctil 7 pulgadas, control intuitivo,alimentaci\u00f3n 12 vcd o poe est\u00e1ndar 802.3af,protecci\u00f3n ip65, resistente al polvo y agua<\/td>\n<\/tr>\n<\/table>\n","protected":false},"excerpt":{"rendered":"<p>El monitor del kit se conecta por 4 hilos al frente de calle (interfaz an\u00e1loga) y tambi\u00e9n por tcp ip cableado o wifi al m\u00f3dem para salida a internet y llamada a la app,c\u00e1mara con resoluci\u00f3n de 720x576p,pantalla touch de 7,micr\u00f3fono y bocina,vol\u00famen ajustable,supresi\u00f3n de ruido y cancelaci\u00f3n de eco.<\/p>\n","protected":false},"featured_media":258820,"comment_status":"open","ping_status":"open","template":"","meta":[],"product_cat":[1540,1556],"product_tag":[1595],"acf":[],"yoast_head":"<!-- This site is optimized with the Yoast SEO plugin v21.7 - https:\/\/yoast.com\/wordpress\/plugins\/seo\/ -->\n<title>[ Hikvision ] &#129351; Ds-kis303-p Kit De Videoportero Anal\u00f3gico De Metal \/ Ip A 4 Hilos Con Funci\u00f3n De Llamada A App Hik-connect \/ Monitor Se Conecta A Internet Por Cable O Wifi Y Por 4 Hilos Al Frente De Calle Ip65 \/ Expa<\/title>\n<meta name=\"description\" content=\"Compra Ds-kis303-p Kit De Videoportero Anal\u00f3gico De Metal \/ Ip A 4 Hilos Con Funci\u00f3n De Llamada A App Hik-connect \/ Monitor Se Conecta A Internet Por Cable O Wifi Y Por 4 Hilos Al Frente De Calle Ip65 \/ Expa + Env\u00edo a domicilio + Pago seguro + Garant\u00eda\" \/>\n<meta name=\"robots\" content=\"index, follow, max-snippet:-1, max-image-preview:large, max-video-preview:-1\" \/>\n<link rel=\"canonical\" href=\"https:\/\/compuviper.mx\/tienda\/producto\/hikvision-ds-kis303-p-kit-de-videoportero-analgico-de-metal-ip-a-4-hilos-con-funcin-de-llamada-a-app-hik-connect-monitor-se-conecta-a-internet-por-cable-o-wifi-y-por-4-hilos-al-frente-de-calle\/\" \/>\n<meta property=\"og:locale\" content=\"es_MX\" \/>\n<meta property=\"og:type\" content=\"article\" \/>\n<meta property=\"og:title\" content=\"[ Hikvision ] &#129351; Ds-kis303-p Kit De Videoportero Anal\u00f3gico De Metal \/ Ip A 4 Hilos Con Funci\u00f3n De Llamada A App Hik-connect \/ Monitor Se Conecta A Internet Por Cable O Wifi Y Por 4 Hilos Al Frente De Calle Ip65 \/ Expa\" \/>\n<meta property=\"og:description\" content=\"Compra Ds-kis303-p Kit De Videoportero Anal\u00f3gico De Metal \/ Ip A 4 Hilos Con Funci\u00f3n De Llamada A App Hik-connect \/ Monitor Se Conecta A Internet Por Cable O Wifi Y Por 4 Hilos Al Frente De Calle Ip65 \/ Expa + Env\u00edo a domicilio + Pago seguro + Garant\u00eda\" \/>\n<meta property=\"og:url\" content=\"https:\/\/compuviper.mx\/tienda\/producto\/hikvision-ds-kis303-p-kit-de-videoportero-analgico-de-metal-ip-a-4-hilos-con-funcin-de-llamada-a-app-hik-connect-monitor-se-conecta-a-internet-por-cable-o-wifi-y-por-4-hilos-al-frente-de-calle\/\" \/>\n<meta property=\"og:site_name\" content=\"Compuviper\" \/>\n<meta property=\"article:publisher\" content=\"https:\/\/www.facebook.com\/compuviper\" \/>\n<meta property=\"article:modified_time\" content=\"2026-04-17T05:15:25+00:00\" \/>\n<meta property=\"og:image\" content=\"https:\/\/compuviper.mx\/tienda\/wp-content\/uploads\/2025\/10\/Kit-de-videoportero-analogico-hikvision-de-metal-ip-a-4-hilos-con-funcion-de-llamada-a-app-hik-connect-monitor-se-conecta-a-internet-por-cable-o-wifi-y-por-4-hilos-al-frente-de-calle-ip65-expa.jpg\" \/>\n\t<meta property=\"og:image:width\" content=\"200\" \/>\n\t<meta property=\"og:image:height\" content=\"200\" \/>\n\t<meta property=\"og:image:type\" content=\"image\/jpeg\" \/>\n<meta name=\"twitter:card\" content=\"summary_large_image\" \/>\n<meta name=\"twitter:label1\" content=\"Precio\" \/>\n\t<meta name=\"twitter:data1\" content=\"&#36;2,497 con IVA\" \/>\n\t<meta name=\"twitter:label2\" content=\"Availability\" \/>\n\t<meta name=\"twitter:data2\" content=\"On backorder\" \/>\n<script type=\"application\/ld+json\" class=\"yoast-schema-graph\">{\"@context\":\"https:\/\/schema.org\",\"@graph\":[{\"@type\":\"WebPage\",\"@id\":\"https:\/\/compuviper.mx\/tienda\/producto\/hikvision-ds-kis303-p-kit-de-videoportero-analgico-de-metal-ip-a-4-hilos-con-funcin-de-llamada-a-app-hik-connect-monitor-se-conecta-a-internet-por-cable-o-wifi-y-por-4-hilos-al-frente-de-calle\/\",\"url\":\"https:\/\/compuviper.mx\/tienda\/producto\/hikvision-ds-kis303-p-kit-de-videoportero-analgico-de-metal-ip-a-4-hilos-con-funcin-de-llamada-a-app-hik-connect-monitor-se-conecta-a-internet-por-cable-o-wifi-y-por-4-hilos-al-frente-de-calle\/\",\"name\":\"[ Hikvision ] &#129351; Ds-kis303-p Kit De Videoportero Anal\u00f3gico De Metal \/ Ip A 4 Hilos Con Funci\u00f3n De Llamada A App Hik-connect \/ Monitor Se Conecta A Internet Por Cable O Wifi Y Por 4 Hilos Al Frente De Calle Ip65 \/ Expa\",\"isPartOf\":{\"@id\":\"https:\/\/compuviper.mx\/tienda\/#website\"},\"datePublished\":\"2026-04-17T05:15:24+00:00\",\"dateModified\":\"2026-04-17T05:15:25+00:00\",\"description\":\"Compra Ds-kis303-p Kit De Videoportero Anal\u00f3gico De Metal \/ Ip A 4 Hilos Con Funci\u00f3n De Llamada A App Hik-connect \/ Monitor Se Conecta A Internet Por Cable O Wifi Y Por 4 Hilos Al Frente De Calle Ip65 \/ Expa + Env\u00edo a domicilio + Pago seguro + Garant\u00eda\",\"breadcrumb\":{\"@id\":\"https:\/\/compuviper.mx\/tienda\/producto\/hikvision-ds-kis303-p-kit-de-videoportero-analgico-de-metal-ip-a-4-hilos-con-funcin-de-llamada-a-app-hik-connect-monitor-se-conecta-a-internet-por-cable-o-wifi-y-por-4-hilos-al-frente-de-calle\/#breadcrumb\"},\"inLanguage\":\"es-MX\",\"potentialAction\":[{\"@type\":\"ReadAction\",\"target\":[\"https:\/\/compuviper.mx\/tienda\/producto\/hikvision-ds-kis303-p-kit-de-videoportero-analgico-de-metal-ip-a-4-hilos-con-funcin-de-llamada-a-app-hik-connect-monitor-se-conecta-a-internet-por-cable-o-wifi-y-por-4-hilos-al-frente-de-calle\/\"]}]},{\"@type\":\"BreadcrumbList\",\"@id\":\"https:\/\/compuviper.mx\/tienda\/producto\/hikvision-ds-kis303-p-kit-de-videoportero-analgico-de-metal-ip-a-4-hilos-con-funcin-de-llamada-a-app-hik-connect-monitor-se-conecta-a-internet-por-cable-o-wifi-y-por-4-hilos-al-frente-de-calle\/#breadcrumb\",\"itemListElement\":[{\"@type\":\"ListItem\",\"position\":1,\"name\":\"Inicio\",\"item\":\"https:\/\/compuviper.mx\/tienda\/\"},{\"@type\":\"ListItem\",\"position\":2,\"name\":\"Productos\",\"item\":\"https:\/\/compuviper.mx\/tienda\/productos\/\"},{\"@type\":\"ListItem\",\"position\":3,\"name\":\"Control De Acceso Y Asistencia\",\"item\":\"https:\/\/compuviper.mx\/tienda\/categoria-producto\/control-de-acceso-y-asistencia\/\"},{\"@type\":\"ListItem\",\"position\":4,\"name\":\"Videoporteros\",\"item\":\"https:\/\/compuviper.mx\/tienda\/categoria-producto\/control-de-acceso-y-asistencia\/videoporteros\/\"},{\"@type\":\"ListItem\",\"position\":5,\"name\":\"Hikvision Ds-kis303-p Kit De Videoportero Anal?gico De Metal \/ Ip A 4 Hilos Con Funci?n De Llamada A App Hik-connect \/ Monitor Se Conecta A Internet Por Cable O Wifi Y Por 4 Hilos Al Frente De Calle Ip65 \/ Expa\"}]},{\"@type\":\"WebSite\",\"@id\":\"https:\/\/compuviper.mx\/tienda\/#website\",\"url\":\"https:\/\/compuviper.mx\/tienda\/\",\"name\":\"Compuviper\",\"description\":\"Proveedor de Computadoras, Laptops, Servidores, Monitores, Puntos de Venta, Teclados,   Impresoras, T\u00f3ner, C\u00e1maras de Seguridad y m\u00e1s en tu tienda en l\u00ednea\",\"publisher\":{\"@id\":\"https:\/\/compuviper.mx\/tienda\/#organization\"},\"potentialAction\":[{\"@type\":\"SearchAction\",\"target\":{\"@type\":\"EntryPoint\",\"urlTemplate\":\"https:\/\/compuviper.mx\/tienda\/?s={search_term_string}\"},\"query-input\":\"required name=search_term_string\"}],\"inLanguage\":\"es-MX\"},{\"@type\":\"Organization\",\"@id\":\"https:\/\/compuviper.mx\/tienda\/#organization\",\"name\":\"Compuviper\",\"url\":\"https:\/\/compuviper.mx\/tienda\/\",\"logo\":{\"@type\":\"ImageObject\",\"inLanguage\":\"es-MX\",\"@id\":\"https:\/\/compuviper.mx\/tienda\/#\/schema\/logo\/image\/\",\"url\":\"https:\/\/compuviper.mx\/tienda\/wp-content\/uploads\/2021\/08\/Logo-Compuviper-10.png\",\"contentUrl\":\"https:\/\/compuviper.mx\/tienda\/wp-content\/uploads\/2021\/08\/Logo-Compuviper-10.png\",\"width\":1000,\"height\":500,\"caption\":\"Compuviper\"},\"image\":{\"@id\":\"https:\/\/compuviper.mx\/tienda\/#\/schema\/logo\/image\/\"},\"sameAs\":[\"https:\/\/www.facebook.com\/compuviper\",\"https:\/\/www.youtube.com\/channel\/UCf73dERp9Y3cfOq7q8BhLjA?view_as=subscriber\"]}]}<\/script>\n<meta property=\"product:brand\" content=\"HIKVISION\" \/>\n<meta property=\"product:price:amount\" content=\"2497\" \/>\n<meta property=\"product:price:currency\" content=\"MXN\" \/>\n<meta property=\"og:availability\" content=\"backorder\" \/>\n<meta property=\"product:availability\" content=\"available for order\" \/>\n<meta property=\"product:retailer_item_id\" content=\"DS-KIS303-P\" \/>\n<meta property=\"product:condition\" content=\"new\" \/>\n<!-- \/ Yoast SEO plugin. -->","yoast_head_json":{"title":"[ Hikvision ] &#129351; Ds-kis303-p Kit De Videoportero Anal\u00f3gico De Metal \/ Ip A 4 Hilos Con Funci\u00f3n De Llamada A App Hik-connect \/ Monitor Se Conecta A Internet Por Cable O Wifi Y Por 4 Hilos Al Frente De Calle Ip65 \/ Expa","description":"Compra Ds-kis303-p Kit De Videoportero Anal\u00f3gico De Metal \/ Ip A 4 Hilos Con Funci\u00f3n De Llamada A App Hik-connect \/ Monitor Se Conecta A Internet Por Cable O Wifi Y Por 4 Hilos Al Frente De Calle Ip65 \/ Expa + Env\u00edo a domicilio + Pago seguro + Garant\u00eda","robots":{"index":"index","follow":"follow","max-snippet":"max-snippet:-1","max-image-preview":"max-image-preview:large","max-video-preview":"max-video-preview:-1"},"canonical":"https:\/\/compuviper.mx\/tienda\/producto\/hikvision-ds-kis303-p-kit-de-videoportero-analgico-de-metal-ip-a-4-hilos-con-funcin-de-llamada-a-app-hik-connect-monitor-se-conecta-a-internet-por-cable-o-wifi-y-por-4-hilos-al-frente-de-calle\/","og_locale":"es_MX","og_type":"article","og_title":"[ Hikvision ] &#129351; Ds-kis303-p Kit De Videoportero Anal\u00f3gico De Metal \/ Ip A 4 Hilos Con Funci\u00f3n De Llamada A App Hik-connect \/ Monitor Se Conecta A Internet Por Cable O Wifi Y Por 4 Hilos Al Frente De Calle Ip65 \/ Expa","og_description":"Compra Ds-kis303-p Kit De Videoportero Anal\u00f3gico De Metal \/ Ip A 4 Hilos Con Funci\u00f3n De Llamada A App Hik-connect \/ Monitor Se Conecta A Internet Por Cable O Wifi Y Por 4 Hilos Al Frente De Calle Ip65 \/ Expa + Env\u00edo a domicilio + Pago seguro + Garant\u00eda","og_url":"https:\/\/compuviper.mx\/tienda\/producto\/hikvision-ds-kis303-p-kit-de-videoportero-analgico-de-metal-ip-a-4-hilos-con-funcin-de-llamada-a-app-hik-connect-monitor-se-conecta-a-internet-por-cable-o-wifi-y-por-4-hilos-al-frente-de-calle\/","og_site_name":"Compuviper","article_publisher":"https:\/\/www.facebook.com\/compuviper","article_modified_time":"2026-04-17T05:15:25+00:00","og_image":[{"width":200,"height":200,"url":"https:\/\/compuviper.mx\/tienda\/wp-content\/uploads\/2025\/10\/Kit-de-videoportero-analogico-hikvision-de-metal-ip-a-4-hilos-con-funcion-de-llamada-a-app-hik-connect-monitor-se-conecta-a-internet-por-cable-o-wifi-y-por-4-hilos-al-frente-de-calle-ip65-expa.jpg","type":"image\/jpeg"}],"twitter_card":"summary_large_image","twitter_misc":{"Precio":"&#36;2,497 con IVA","Availability":"On backorder"},"schema":{"@context":"https:\/\/schema.org","@graph":[{"@type":"WebPage","@id":"https:\/\/compuviper.mx\/tienda\/producto\/hikvision-ds-kis303-p-kit-de-videoportero-analgico-de-metal-ip-a-4-hilos-con-funcin-de-llamada-a-app-hik-connect-monitor-se-conecta-a-internet-por-cable-o-wifi-y-por-4-hilos-al-frente-de-calle\/","url":"https:\/\/compuviper.mx\/tienda\/producto\/hikvision-ds-kis303-p-kit-de-videoportero-analgico-de-metal-ip-a-4-hilos-con-funcin-de-llamada-a-app-hik-connect-monitor-se-conecta-a-internet-por-cable-o-wifi-y-por-4-hilos-al-frente-de-calle\/","name":"[ Hikvision ] &#129351; Ds-kis303-p Kit De Videoportero Anal\u00f3gico De Metal \/ Ip A 4 Hilos Con Funci\u00f3n De Llamada A App Hik-connect \/ Monitor Se Conecta A Internet Por Cable O Wifi Y Por 4 Hilos Al Frente De Calle Ip65 \/ Expa","isPartOf":{"@id":"https:\/\/compuviper.mx\/tienda\/#website"},"datePublished":"2026-04-17T05:15:24+00:00","dateModified":"2026-04-17T05:15:25+00:00","description":"Compra Ds-kis303-p Kit De Videoportero Anal\u00f3gico De Metal \/ Ip A 4 Hilos Con Funci\u00f3n De Llamada A App Hik-connect \/ Monitor Se Conecta A Internet Por Cable O Wifi Y Por 4 Hilos Al Frente De Calle Ip65 \/ Expa + Env\u00edo a domicilio + Pago seguro + Garant\u00eda","breadcrumb":{"@id":"https:\/\/compuviper.mx\/tienda\/producto\/hikvision-ds-kis303-p-kit-de-videoportero-analgico-de-metal-ip-a-4-hilos-con-funcin-de-llamada-a-app-hik-connect-monitor-se-conecta-a-internet-por-cable-o-wifi-y-por-4-hilos-al-frente-de-calle\/#breadcrumb"},"inLanguage":"es-MX","potentialAction":[{"@type":"ReadAction","target":["https:\/\/compuviper.mx\/tienda\/producto\/hikvision-ds-kis303-p-kit-de-videoportero-analgico-de-metal-ip-a-4-hilos-con-funcin-de-llamada-a-app-hik-connect-monitor-se-conecta-a-internet-por-cable-o-wifi-y-por-4-hilos-al-frente-de-calle\/"]}]},{"@type":"BreadcrumbList","@id":"https:\/\/compuviper.mx\/tienda\/producto\/hikvision-ds-kis303-p-kit-de-videoportero-analgico-de-metal-ip-a-4-hilos-con-funcin-de-llamada-a-app-hik-connect-monitor-se-conecta-a-internet-por-cable-o-wifi-y-por-4-hilos-al-frente-de-calle\/#breadcrumb","itemListElement":[{"@type":"ListItem","position":1,"name":"Inicio","item":"https:\/\/compuviper.mx\/tienda\/"},{"@type":"ListItem","position":2,"name":"Productos","item":"https:\/\/compuviper.mx\/tienda\/productos\/"},{"@type":"ListItem","position":3,"name":"Control De Acceso Y Asistencia","item":"https:\/\/compuviper.mx\/tienda\/categoria-producto\/control-de-acceso-y-asistencia\/"},{"@type":"ListItem","position":4,"name":"Videoporteros","item":"https:\/\/compuviper.mx\/tienda\/categoria-producto\/control-de-acceso-y-asistencia\/videoporteros\/"},{"@type":"ListItem","position":5,"name":"Hikvision Ds-kis303-p Kit De Videoportero Anal?gico De Metal \/ Ip A 4 Hilos Con Funci?n De Llamada A App Hik-connect \/ Monitor Se Conecta A Internet Por Cable O Wifi Y Por 4 Hilos Al Frente De Calle Ip65 \/ Expa"}]},{"@type":"WebSite","@id":"https:\/\/compuviper.mx\/tienda\/#website","url":"https:\/\/compuviper.mx\/tienda\/","name":"Compuviper","description":"Proveedor de Computadoras, Laptops, Servidores, Monitores, Puntos de Venta, Teclados,   Impresoras, T\u00f3ner, C\u00e1maras de Seguridad y m\u00e1s en tu tienda en l\u00ednea","publisher":{"@id":"https:\/\/compuviper.mx\/tienda\/#organization"},"potentialAction":[{"@type":"SearchAction","target":{"@type":"EntryPoint","urlTemplate":"https:\/\/compuviper.mx\/tienda\/?s={search_term_string}"},"query-input":"required name=search_term_string"}],"inLanguage":"es-MX"},{"@type":"Organization","@id":"https:\/\/compuviper.mx\/tienda\/#organization","name":"Compuviper","url":"https:\/\/compuviper.mx\/tienda\/","logo":{"@type":"ImageObject","inLanguage":"es-MX","@id":"https:\/\/compuviper.mx\/tienda\/#\/schema\/logo\/image\/","url":"https:\/\/compuviper.mx\/tienda\/wp-content\/uploads\/2021\/08\/Logo-Compuviper-10.png","contentUrl":"https:\/\/compuviper.mx\/tienda\/wp-content\/uploads\/2021\/08\/Logo-Compuviper-10.png","width":1000,"height":500,"caption":"Compuviper"},"image":{"@id":"https:\/\/compuviper.mx\/tienda\/#\/schema\/logo\/image\/"},"sameAs":["https:\/\/www.facebook.com\/compuviper","https:\/\/www.youtube.com\/channel\/UCf73dERp9Y3cfOq7q8BhLjA?view_as=subscriber"]}]},"product_brand":"HIKVISION","product_price_amount":"2497","product_price_currency":"MXN","og_availability":"backorder","product_availability":"available for order","product_retailer_item_id":"DS-KIS303-P","product_condition":"new"},"_links":{"self":[{"href":"https:\/\/compuviper.mx\/tienda\/wp-json\/wp\/v2\/product\/251291"}],"collection":[{"href":"https:\/\/compuviper.mx\/tienda\/wp-json\/wp\/v2\/product"}],"about":[{"href":"https:\/\/compuviper.mx\/tienda\/wp-json\/wp\/v2\/types\/product"}],"replies":[{"embeddable":true,"href":"https:\/\/compuviper.mx\/tienda\/wp-json\/wp\/v2\/comments?post=251291"}],"wp:featuredmedia":[{"embeddable":true,"href":"https:\/\/compuviper.mx\/tienda\/wp-json\/wp\/v2\/media\/258820"}],"wp:attachment":[{"href":"https:\/\/compuviper.mx\/tienda\/wp-json\/wp\/v2\/media?parent=251291"}],"wp:term":[{"taxonomy":"product_cat","embeddable":true,"href":"https:\/\/compuviper.mx\/tienda\/wp-json\/wp\/v2\/product_cat?post=251291"},{"taxonomy":"product_tag","embeddable":true,"href":"https:\/\/compuviper.mx\/tienda\/wp-json\/wp\/v2\/product_tag?post=251291"}],"curies":[{"name":"wp","href":"https:\/\/api.w.org\/{rel}","templated":true}]}}