{"id":251259,"date":"2026-04-21T01:24:47","date_gmt":"2026-04-21T07:24:47","guid":{"rendered":"https:\/\/compuviper.mx\/tienda\/producto\/ghia-gpnd133a3-tablet-panda-7-pulg-ips-a133-quadcore-2gb-ram-32gb-2cam-usb-c-wifi-bluetooth-2500mah-android-11-go-ojos-azules\/"},"modified":"2026-04-21T01:24:48","modified_gmt":"2026-04-21T07:24:48","slug":"ghia-gpnd133a3-tablet-panda-7-pulg-ips-a133-quadcore-2gb-ram-32gb-2cam-usb-c-wifi-bluetooth-2500mah-android-11-go-ojos-azules","status":"publish","type":"product","link":"https:\/\/compuviper.mx\/tienda\/producto\/ghia-gpnd133a3-tablet-panda-7-pulg-ips-a133-quadcore-2gb-ram-32gb-2cam-usb-c-wifi-bluetooth-2500mah-android-11-go-ojos-azules\/","title":{"rendered":"Ghia Gpnd133a3 Tablet  Panda 7 Pulg Ips \/a133 Quadcore\/2gb Ram\/32gb \/2cam\/usb C Wifi\/bluetooth\/2500mah\/android 11 Go \/ojos Azules"},"content":{"rendered":"<table class=\"descripcion\">\n<tr>\n<td>Procesador a133  quad core hasta 1.5 ghz<\/td>\n<\/tr>\n<tr>\n<td>Sistema operativo android 11 go<\/td>\n<\/tr>\n<tr>\n<td>Memoria ram de 2 gb<\/td>\n<\/tr>\n<tr>\n<td>Memoria rom de 32 gb<\/td>\n<\/tr>\n<tr>\n<td>Expandible hasta 128 gb<\/td>\n<\/tr>\n<tr>\n<td>Display 7 tn<\/td>\n<\/tr>\n<tr>\n<td>Multitouch de 5 puntos<\/td>\n<\/tr>\n<tr>\n<td>Pantalla 7 pulgadas ips<\/td>\n<\/tr>\n<tr>\n<td>Resolucion 1024 x 600<\/td>\n<\/tr>\n<tr>\n<td>Camara frontal 0.3 megapixeles<\/td>\n<\/tr>\n<tr>\n<td>Camara trasera 2.0 megapixeles<\/td>\n<\/tr>\n<tr>\n<td>1 usb c<\/td>\n<\/tr>\n<tr>\n<td>1 audio jack<\/td>\n<\/tr>\n<tr>\n<td>G sensor<\/td>\n<\/tr>\n<tr>\n<td>Wifi b\/g\/n 2.4ghz<\/td>\n<\/tr>\n<tr>\n<td>1 cable usb c<\/td>\n<\/tr>\n<tr>\n<td>Bateria de 3.7v 2500ma<\/td>\n<\/tr>\n<\/table>\n","protected":false},"excerpt":{"rendered":"<p>Diversion y aprendizaje en un solo dispositivo, ayuda a tu ni\u00f1o a desarrollar sus conocimientos y llevar sus clases a distancia, a su vez sera su equipo de entretenimiento con el que podra descargar sus juegos favoritos, disfrutando de una gran variedad de dise\u00f1os, ahora con pantalla ips que ofrece mejores imagenes mas nitidas y con mejor contraste y angulo de vision. El procesador a133 de 4 nucleos cuenta con el desempe\u00f1o necesario para juegos, apps de streaming y las apps de video llamadas. Con su camara trasera de 2mp podra tomar fotos a sus tareas y actividades. Este dispositivo cuenta con certificacion gms android 11 go, google mobile services otorgada por google, que segura su total compatibilidad con las aplicaciones del ecosistema google: google play, youtube, gmail, hangouts, google fotos y mas.<\/p>\n","protected":false},"featured_media":251260,"comment_status":"open","ping_status":"open","template":"","meta":[],"product_cat":[1758,1759],"product_tag":[1548],"acf":[],"yoast_head":"<!-- This site is optimized with the Yoast SEO plugin v21.7 - https:\/\/yoast.com\/wordpress\/plugins\/seo\/ -->\n<title>[ Ghia ] &#129351; Gpnd133a3 Tablet Panda 7 Pulg Ips \/a133 Quadcore\/2gb Ram\/32gb \/2cam\/usb C Wifi\/bluetooth\/2500mah\/android 11 Go \/ojos Azules<\/title>\n<meta name=\"description\" content=\"Compra Gpnd133a3 Tablet Panda 7 Pulg Ips \/a133 Quadcore\/2gb Ram\/32gb \/2cam\/usb C Wifi\/bluetooth\/2500mah\/android 11 Go \/ojos Azules + Env\u00edo a domicilio + Pago seguro + Garant\u00eda\" \/>\n<meta name=\"robots\" content=\"index, follow, max-snippet:-1, max-image-preview:large, max-video-preview:-1\" \/>\n<link rel=\"canonical\" href=\"https:\/\/compuviper.mx\/tienda\/producto\/ghia-gpnd133a3-tablet-panda-7-pulg-ips-a133-quadcore-2gb-ram-32gb-2cam-usb-c-wifi-bluetooth-2500mah-android-11-go-ojos-azules\/\" \/>\n<meta property=\"og:locale\" content=\"es_MX\" \/>\n<meta property=\"og:type\" content=\"article\" \/>\n<meta property=\"og:title\" content=\"[ Ghia ] &#129351; Gpnd133a3 Tablet Panda 7 Pulg Ips \/a133 Quadcore\/2gb Ram\/32gb \/2cam\/usb C Wifi\/bluetooth\/2500mah\/android 11 Go \/ojos Azules\" \/>\n<meta property=\"og:description\" content=\"Compra Gpnd133a3 Tablet Panda 7 Pulg Ips \/a133 Quadcore\/2gb Ram\/32gb \/2cam\/usb C Wifi\/bluetooth\/2500mah\/android 11 Go \/ojos Azules + Env\u00edo a domicilio + Pago seguro + Garant\u00eda\" \/>\n<meta property=\"og:url\" content=\"https:\/\/compuviper.mx\/tienda\/producto\/ghia-gpnd133a3-tablet-panda-7-pulg-ips-a133-quadcore-2gb-ram-32gb-2cam-usb-c-wifi-bluetooth-2500mah-android-11-go-ojos-azules\/\" \/>\n<meta property=\"og:site_name\" content=\"Compuviper\" \/>\n<meta property=\"article:publisher\" content=\"https:\/\/www.facebook.com\/compuviper\" \/>\n<meta property=\"article:modified_time\" content=\"2026-04-21T07:24:48+00:00\" \/>\n<meta property=\"og:image\" content=\"https:\/\/compuviper.mx\/tienda\/wp-content\/uploads\/2025\/04\/Tablet-ghia-panda-7-pulg-ips-a133-quadcore2gb-ram32gb-2camusb-c-wifibluetooth2500mahandroid-11-go-ojos-azules.jpg\" \/>\n\t<meta property=\"og:image:width\" content=\"200\" \/>\n\t<meta property=\"og:image:height\" content=\"200\" \/>\n\t<meta property=\"og:image:type\" content=\"image\/jpeg\" \/>\n<meta name=\"twitter:card\" content=\"summary_large_image\" \/>\n<meta name=\"twitter:label1\" content=\"Precio\" \/>\n\t<meta name=\"twitter:data1\" content=\"&#36;678 con IVA\" \/>\n\t<meta name=\"twitter:label2\" content=\"Availability\" \/>\n\t<meta name=\"twitter:data2\" content=\"In stock\" \/>\n<script type=\"application\/ld+json\" class=\"yoast-schema-graph\">{\"@context\":\"https:\/\/schema.org\",\"@graph\":[{\"@type\":\"WebPage\",\"@id\":\"https:\/\/compuviper.mx\/tienda\/producto\/ghia-gpnd133a3-tablet-panda-7-pulg-ips-a133-quadcore-2gb-ram-32gb-2cam-usb-c-wifi-bluetooth-2500mah-android-11-go-ojos-azules\/\",\"url\":\"https:\/\/compuviper.mx\/tienda\/producto\/ghia-gpnd133a3-tablet-panda-7-pulg-ips-a133-quadcore-2gb-ram-32gb-2cam-usb-c-wifi-bluetooth-2500mah-android-11-go-ojos-azules\/\",\"name\":\"[ Ghia ] &#129351; Gpnd133a3 Tablet Panda 7 Pulg Ips \/a133 Quadcore\/2gb Ram\/32gb \/2cam\/usb C Wifi\/bluetooth\/2500mah\/android 11 Go \/ojos Azules\",\"isPartOf\":{\"@id\":\"https:\/\/compuviper.mx\/tienda\/#website\"},\"datePublished\":\"2026-04-21T07:24:47+00:00\",\"dateModified\":\"2026-04-21T07:24:48+00:00\",\"description\":\"Compra Gpnd133a3 Tablet Panda 7 Pulg Ips \/a133 Quadcore\/2gb Ram\/32gb \/2cam\/usb C Wifi\/bluetooth\/2500mah\/android 11 Go \/ojos Azules + Env\u00edo a domicilio + Pago seguro + Garant\u00eda\",\"breadcrumb\":{\"@id\":\"https:\/\/compuviper.mx\/tienda\/producto\/ghia-gpnd133a3-tablet-panda-7-pulg-ips-a133-quadcore-2gb-ram-32gb-2cam-usb-c-wifi-bluetooth-2500mah-android-11-go-ojos-azules\/#breadcrumb\"},\"inLanguage\":\"es-MX\",\"potentialAction\":[{\"@type\":\"ReadAction\",\"target\":[\"https:\/\/compuviper.mx\/tienda\/producto\/ghia-gpnd133a3-tablet-panda-7-pulg-ips-a133-quadcore-2gb-ram-32gb-2cam-usb-c-wifi-bluetooth-2500mah-android-11-go-ojos-azules\/\"]}]},{\"@type\":\"BreadcrumbList\",\"@id\":\"https:\/\/compuviper.mx\/tienda\/producto\/ghia-gpnd133a3-tablet-panda-7-pulg-ips-a133-quadcore-2gb-ram-32gb-2cam-usb-c-wifi-bluetooth-2500mah-android-11-go-ojos-azules\/#breadcrumb\",\"itemListElement\":[{\"@type\":\"ListItem\",\"position\":1,\"name\":\"Inicio\",\"item\":\"https:\/\/compuviper.mx\/tienda\/\"},{\"@type\":\"ListItem\",\"position\":2,\"name\":\"Productos\",\"item\":\"https:\/\/compuviper.mx\/tienda\/productos\/\"},{\"@type\":\"ListItem\",\"position\":3,\"name\":\"Tabletas\",\"item\":\"https:\/\/compuviper.mx\/tienda\/categoria-producto\/tabletas\/\"},{\"@type\":\"ListItem\",\"position\":4,\"name\":\"Arm Quad Core\",\"item\":\"https:\/\/compuviper.mx\/tienda\/categoria-producto\/tabletas\/arm-quad-core\/\"},{\"@type\":\"ListItem\",\"position\":5,\"name\":\"Ghia Gpnd133a3 Tablet Panda 7 Pulg Ips \/a133 Quadcore\/2gb Ram\/32gb \/2cam\/usb C Wifi\/bluetooth\/2500mah\/android 11 Go \/ojos Azules\"}]},{\"@type\":\"WebSite\",\"@id\":\"https:\/\/compuviper.mx\/tienda\/#website\",\"url\":\"https:\/\/compuviper.mx\/tienda\/\",\"name\":\"Compuviper\",\"description\":\"Proveedor de Computadoras, Laptops, Servidores, Monitores, Puntos de Venta, Teclados,   Impresoras, T\u00f3ner, C\u00e1maras de Seguridad y m\u00e1s en tu tienda en l\u00ednea\",\"publisher\":{\"@id\":\"https:\/\/compuviper.mx\/tienda\/#organization\"},\"potentialAction\":[{\"@type\":\"SearchAction\",\"target\":{\"@type\":\"EntryPoint\",\"urlTemplate\":\"https:\/\/compuviper.mx\/tienda\/?s={search_term_string}\"},\"query-input\":\"required name=search_term_string\"}],\"inLanguage\":\"es-MX\"},{\"@type\":\"Organization\",\"@id\":\"https:\/\/compuviper.mx\/tienda\/#organization\",\"name\":\"Compuviper\",\"url\":\"https:\/\/compuviper.mx\/tienda\/\",\"logo\":{\"@type\":\"ImageObject\",\"inLanguage\":\"es-MX\",\"@id\":\"https:\/\/compuviper.mx\/tienda\/#\/schema\/logo\/image\/\",\"url\":\"https:\/\/compuviper.mx\/tienda\/wp-content\/uploads\/2021\/08\/Logo-Compuviper-10.png\",\"contentUrl\":\"https:\/\/compuviper.mx\/tienda\/wp-content\/uploads\/2021\/08\/Logo-Compuviper-10.png\",\"width\":1000,\"height\":500,\"caption\":\"Compuviper\"},\"image\":{\"@id\":\"https:\/\/compuviper.mx\/tienda\/#\/schema\/logo\/image\/\"},\"sameAs\":[\"https:\/\/www.facebook.com\/compuviper\",\"https:\/\/www.youtube.com\/channel\/UCf73dERp9Y3cfOq7q8BhLjA?view_as=subscriber\"]}]}<\/script>\n<meta property=\"product:brand\" content=\"GHIA\" \/>\n<meta property=\"product:price:amount\" content=\"678\" \/>\n<meta property=\"product:price:currency\" content=\"MXN\" \/>\n<meta property=\"og:availability\" content=\"instock\" \/>\n<meta property=\"product:availability\" content=\"instock\" \/>\n<meta property=\"product:retailer_item_id\" content=\"GPND133A3\" \/>\n<meta property=\"product:condition\" content=\"new\" \/>\n<!-- \/ Yoast SEO plugin. -->","yoast_head_json":{"title":"[ Ghia ] &#129351; Gpnd133a3 Tablet Panda 7 Pulg Ips \/a133 Quadcore\/2gb Ram\/32gb \/2cam\/usb C Wifi\/bluetooth\/2500mah\/android 11 Go \/ojos Azules","description":"Compra Gpnd133a3 Tablet Panda 7 Pulg Ips \/a133 Quadcore\/2gb Ram\/32gb \/2cam\/usb C Wifi\/bluetooth\/2500mah\/android 11 Go \/ojos Azules + Env\u00edo a domicilio + Pago seguro + Garant\u00eda","robots":{"index":"index","follow":"follow","max-snippet":"max-snippet:-1","max-image-preview":"max-image-preview:large","max-video-preview":"max-video-preview:-1"},"canonical":"https:\/\/compuviper.mx\/tienda\/producto\/ghia-gpnd133a3-tablet-panda-7-pulg-ips-a133-quadcore-2gb-ram-32gb-2cam-usb-c-wifi-bluetooth-2500mah-android-11-go-ojos-azules\/","og_locale":"es_MX","og_type":"article","og_title":"[ Ghia ] &#129351; Gpnd133a3 Tablet Panda 7 Pulg Ips \/a133 Quadcore\/2gb Ram\/32gb \/2cam\/usb C Wifi\/bluetooth\/2500mah\/android 11 Go \/ojos Azules","og_description":"Compra Gpnd133a3 Tablet Panda 7 Pulg Ips \/a133 Quadcore\/2gb Ram\/32gb \/2cam\/usb C Wifi\/bluetooth\/2500mah\/android 11 Go \/ojos Azules + Env\u00edo a domicilio + Pago seguro + Garant\u00eda","og_url":"https:\/\/compuviper.mx\/tienda\/producto\/ghia-gpnd133a3-tablet-panda-7-pulg-ips-a133-quadcore-2gb-ram-32gb-2cam-usb-c-wifi-bluetooth-2500mah-android-11-go-ojos-azules\/","og_site_name":"Compuviper","article_publisher":"https:\/\/www.facebook.com\/compuviper","article_modified_time":"2026-04-21T07:24:48+00:00","og_image":[{"width":200,"height":200,"url":"https:\/\/compuviper.mx\/tienda\/wp-content\/uploads\/2025\/04\/Tablet-ghia-panda-7-pulg-ips-a133-quadcore2gb-ram32gb-2camusb-c-wifibluetooth2500mahandroid-11-go-ojos-azules.jpg","type":"image\/jpeg"}],"twitter_card":"summary_large_image","twitter_misc":{"Precio":"&#36;678 con IVA","Availability":"In stock"},"schema":{"@context":"https:\/\/schema.org","@graph":[{"@type":"WebPage","@id":"https:\/\/compuviper.mx\/tienda\/producto\/ghia-gpnd133a3-tablet-panda-7-pulg-ips-a133-quadcore-2gb-ram-32gb-2cam-usb-c-wifi-bluetooth-2500mah-android-11-go-ojos-azules\/","url":"https:\/\/compuviper.mx\/tienda\/producto\/ghia-gpnd133a3-tablet-panda-7-pulg-ips-a133-quadcore-2gb-ram-32gb-2cam-usb-c-wifi-bluetooth-2500mah-android-11-go-ojos-azules\/","name":"[ Ghia ] &#129351; Gpnd133a3 Tablet Panda 7 Pulg Ips \/a133 Quadcore\/2gb Ram\/32gb \/2cam\/usb C Wifi\/bluetooth\/2500mah\/android 11 Go \/ojos Azules","isPartOf":{"@id":"https:\/\/compuviper.mx\/tienda\/#website"},"datePublished":"2026-04-21T07:24:47+00:00","dateModified":"2026-04-21T07:24:48+00:00","description":"Compra Gpnd133a3 Tablet Panda 7 Pulg Ips \/a133 Quadcore\/2gb Ram\/32gb \/2cam\/usb C Wifi\/bluetooth\/2500mah\/android 11 Go \/ojos Azules + Env\u00edo a domicilio + Pago seguro + Garant\u00eda","breadcrumb":{"@id":"https:\/\/compuviper.mx\/tienda\/producto\/ghia-gpnd133a3-tablet-panda-7-pulg-ips-a133-quadcore-2gb-ram-32gb-2cam-usb-c-wifi-bluetooth-2500mah-android-11-go-ojos-azules\/#breadcrumb"},"inLanguage":"es-MX","potentialAction":[{"@type":"ReadAction","target":["https:\/\/compuviper.mx\/tienda\/producto\/ghia-gpnd133a3-tablet-panda-7-pulg-ips-a133-quadcore-2gb-ram-32gb-2cam-usb-c-wifi-bluetooth-2500mah-android-11-go-ojos-azules\/"]}]},{"@type":"BreadcrumbList","@id":"https:\/\/compuviper.mx\/tienda\/producto\/ghia-gpnd133a3-tablet-panda-7-pulg-ips-a133-quadcore-2gb-ram-32gb-2cam-usb-c-wifi-bluetooth-2500mah-android-11-go-ojos-azules\/#breadcrumb","itemListElement":[{"@type":"ListItem","position":1,"name":"Inicio","item":"https:\/\/compuviper.mx\/tienda\/"},{"@type":"ListItem","position":2,"name":"Productos","item":"https:\/\/compuviper.mx\/tienda\/productos\/"},{"@type":"ListItem","position":3,"name":"Tabletas","item":"https:\/\/compuviper.mx\/tienda\/categoria-producto\/tabletas\/"},{"@type":"ListItem","position":4,"name":"Arm Quad Core","item":"https:\/\/compuviper.mx\/tienda\/categoria-producto\/tabletas\/arm-quad-core\/"},{"@type":"ListItem","position":5,"name":"Ghia Gpnd133a3 Tablet Panda 7 Pulg Ips \/a133 Quadcore\/2gb Ram\/32gb \/2cam\/usb C Wifi\/bluetooth\/2500mah\/android 11 Go \/ojos Azules"}]},{"@type":"WebSite","@id":"https:\/\/compuviper.mx\/tienda\/#website","url":"https:\/\/compuviper.mx\/tienda\/","name":"Compuviper","description":"Proveedor de Computadoras, Laptops, Servidores, Monitores, Puntos de Venta, Teclados,   Impresoras, T\u00f3ner, C\u00e1maras de Seguridad y m\u00e1s en tu tienda en l\u00ednea","publisher":{"@id":"https:\/\/compuviper.mx\/tienda\/#organization"},"potentialAction":[{"@type":"SearchAction","target":{"@type":"EntryPoint","urlTemplate":"https:\/\/compuviper.mx\/tienda\/?s={search_term_string}"},"query-input":"required name=search_term_string"}],"inLanguage":"es-MX"},{"@type":"Organization","@id":"https:\/\/compuviper.mx\/tienda\/#organization","name":"Compuviper","url":"https:\/\/compuviper.mx\/tienda\/","logo":{"@type":"ImageObject","inLanguage":"es-MX","@id":"https:\/\/compuviper.mx\/tienda\/#\/schema\/logo\/image\/","url":"https:\/\/compuviper.mx\/tienda\/wp-content\/uploads\/2021\/08\/Logo-Compuviper-10.png","contentUrl":"https:\/\/compuviper.mx\/tienda\/wp-content\/uploads\/2021\/08\/Logo-Compuviper-10.png","width":1000,"height":500,"caption":"Compuviper"},"image":{"@id":"https:\/\/compuviper.mx\/tienda\/#\/schema\/logo\/image\/"},"sameAs":["https:\/\/www.facebook.com\/compuviper","https:\/\/www.youtube.com\/channel\/UCf73dERp9Y3cfOq7q8BhLjA?view_as=subscriber"]}]},"product_brand":"GHIA","product_price_amount":"678","product_price_currency":"MXN","og_availability":"instock","product_availability":"instock","product_retailer_item_id":"GPND133A3","product_condition":"new"},"_links":{"self":[{"href":"https:\/\/compuviper.mx\/tienda\/wp-json\/wp\/v2\/product\/251259"}],"collection":[{"href":"https:\/\/compuviper.mx\/tienda\/wp-json\/wp\/v2\/product"}],"about":[{"href":"https:\/\/compuviper.mx\/tienda\/wp-json\/wp\/v2\/types\/product"}],"replies":[{"embeddable":true,"href":"https:\/\/compuviper.mx\/tienda\/wp-json\/wp\/v2\/comments?post=251259"}],"wp:featuredmedia":[{"embeddable":true,"href":"https:\/\/compuviper.mx\/tienda\/wp-json\/wp\/v2\/media\/251260"}],"wp:attachment":[{"href":"https:\/\/compuviper.mx\/tienda\/wp-json\/wp\/v2\/media?parent=251259"}],"wp:term":[{"taxonomy":"product_cat","embeddable":true,"href":"https:\/\/compuviper.mx\/tienda\/wp-json\/wp\/v2\/product_cat?post=251259"},{"taxonomy":"product_tag","embeddable":true,"href":"https:\/\/compuviper.mx\/tienda\/wp-json\/wp\/v2\/product_tag?post=251259"}],"curies":[{"name":"wp","href":"https:\/\/api.w.org\/{rel}","templated":true}]}}