{"id":251258,"date":"2026-04-18T01:14:25","date_gmt":"2026-04-18T07:14:25","guid":{"rendered":"https:\/\/compuviper.mx\/tienda\/producto\/tp-link-eap773-acces-point-tp-link-omada-wifi-7-be9300-montaje-en-techo-puerto-ethernet-10g-tecnologia-mesh\/"},"modified":"2026-04-18T01:14:25","modified_gmt":"2026-04-18T07:14:25","slug":"tp-link-eap773-access-point-tp-link-omada-be11000-ceiling-mount-wi-fi-7","status":"publish","type":"product","link":"https:\/\/compuviper.mx\/tienda\/producto\/tp-link-eap773-access-point-tp-link-omada-be11000-ceiling-mount-wi-fi-7\/","title":{"rendered":"Tp Link Eap773 Access Point Tp-link  Omada Be11000 Ceiling Mount Wi-fi 7"},"content":{"rendered":"<table class=\"descripcion\">\n<tr>\n<td>Caracter\u00edsticas de hardware<\/td>\n<\/tr>\n<tr>\n<td>Interfaz<\/td>\n<\/tr>\n<tr>\n<td>1\u00d7 10g ethernet port<\/td>\n<\/tr>\n<tr>\n<td>Botones<\/td>\n<\/tr>\n<tr>\n<td>Reset<\/td>\n<\/tr>\n<tr>\n<td>Fuente de alimentaci\u00f3n<\/td>\n<\/tr>\n<tr>\n<td>802.3at poe or 12v\/2.5a dc<\/td>\n<\/tr>\n<tr>\n<td>Notice: due to the software update, the power supply has been updated from 802.3bt to 802.3at.<\/td>\n<\/tr>\n<tr>\n<td>Consumo de potencia<\/td>\n<\/tr>\n<tr>\n<td>\u0095 24.05 w (for poe);<\/td>\n<\/tr>\n<tr>\n<td>\u0095 20.92 w (for dc)<\/td>\n<\/tr>\n<tr>\n<td>Dimensiones<\/td>\n<\/tr>\n<tr>\n<td>8.7 \u00d7 8.7 \u00d7 1.3 in (220 \u00d7 220 \u00d7 32.5 mm)<\/td>\n<\/tr>\n<tr>\n<td>Antenas<\/td>\n<\/tr>\n<tr>\n<td>\u0095 2.4 ghz: 2\u00d7 4.0 dbi<\/td>\n<\/tr>\n<tr>\n<td>\u0095 5 ghz: 2\u00d7 5.0 dbi<\/td>\n<\/tr>\n<tr>\n<td>\u0095 6 ghz: 2\u00d7 5.0 dbi<\/td>\n<\/tr>\n<tr>\n<td>Bluetooth<\/td>\n<\/tr>\n<tr>\n<td>1 \u00d7 4.0 dbi, bluetooth 5.2<\/td>\n<\/tr>\n<tr>\n<td>*firmware update may be required.<\/td>\n<\/tr>\n<tr>\n<td>Montaje<\/td>\n<\/tr>\n<tr>\n<td>Ceiling \/ wall mounting (kits included)<\/td>\n<\/tr>\n<tr>\n<td>Caracter\u00edsticas inal\u00e1mbricas<\/td>\n<\/tr>\n<tr>\n<td>Coverage<\/td>\n<\/tr>\n<tr>\n<td>140 and #13217;(1500 ft\u00b2)\u00a7<\/td>\n<\/tr>\n<tr>\n<td>Clientes concurrentes<\/td>\n<\/tr>\n<tr>\n<td>380+**<\/td>\n<\/tr>\n<tr>\n<td>Est\u00e1ndares inal\u00e1mbricos<\/td>\n<\/tr>\n<tr>\n<td>Ieee 802.11 a\/b\/g\/n\/ac\/ax\/be<\/td>\n<\/tr>\n<tr>\n<td>Frecuencia<\/td>\n<\/tr>\n<tr>\n<td>6 ghz, 5 ghz, and 2.4 ghz<\/td>\n<\/tr>\n<tr>\n<td>Tasa de se\u00f1al<\/td>\n<\/tr>\n<tr>\n<td>574 mbps (2.4 ghz) + 2880 mbps (5 ghz) + 5760 mbps (6 ghz)\u0086<\/td>\n<\/tr>\n<tr>\n<td>Funciones inal\u00e1mbricas<\/td>\n<\/tr>\n<tr>\n<td>\u0095 mlo\u0087<\/td>\n<\/tr>\n<tr>\n<td>\u0095 4k-qam\u0087<\/td>\n<\/tr>\n<tr>\n<td>\u0095 seamless roaming(802.11k\/v\/r)<\/td>\n<\/tr>\n<tr>\n<td>\u0095 mu-mimo (2*2 dl\/ul mu-mimo)\u0087<\/td>\n<\/tr>\n<tr>\n<td>\u0095 he320\u0087<\/td>\n<\/tr>\n<tr>\n<td>\u0095 mesh and #9651;<\/td>\n<\/tr>\n<tr>\n<td>\u0095 bss coloring\u0087<\/td>\n<\/tr>\n<tr>\n<td>\u0095 ofdma\u0087<\/td>\n<\/tr>\n<tr>\n<td>\u0095 load balance<\/td>\n<\/tr>\n<tr>\n<td>\u0095 band steering<\/td>\n<\/tr>\n<tr>\n<td>\u0095 beamforming<\/td>\n<\/tr>\n<tr>\n<td>\u0095 airtime fairness<\/td>\n<\/tr>\n<tr>\n<td>\u0095 multiple ssids:24(8 on each band)<\/td>\n<\/tr>\n<tr>\n<td>\u0095 wireless schedule<\/td>\n<\/tr>\n<tr>\n<td>\u0095 reboot schedule<\/td>\n<\/tr>\n<tr>\n<td>\u0095 qos(wmm)<\/td>\n<\/tr>\n<tr>\n<td>\u0095 rate limit<\/td>\n<\/tr>\n<tr>\n<td>\u0095 static ip\/dynamic ip<\/td>\n<\/tr>\n<tr>\n<td>\u0095 radius accounting<\/td>\n<\/tr>\n<tr>\n<td>\u0095 mac authentication<\/td>\n<\/tr>\n<tr>\n<td>Seguridad inal\u00e1mbrica<\/td>\n<\/tr>\n<tr>\n<td>\u0095 captive portal authentication and #9651;<\/td>\n<\/tr>\n<tr>\n<td>\u0095 access control<\/td>\n<\/tr>\n<tr>\n<td>\u0095 maximum number of mac filter: 4,000<\/td>\n<\/tr>\n<tr>\n<td>\u0095 wireless isolation between clients<\/td>\n<\/tr>\n<tr>\n<td>\u0095 vlan<\/td>\n<\/tr>\n<tr>\n<td>\u0095 rogue ap detection<\/td>\n<\/tr>\n<tr>\n<td>\u0095 wpa-personal\/enterprise, wpa2-personal\/enterprise, wpa3-personal\/enterprise<\/td>\n<\/tr>\n<tr>\n<td>Potencia de transmisi\u00f3n<\/td>\n<\/tr>\n<tr>\n<td>  20 dbm (2.4 ghz, eirp)<\/td>\n<\/tr>\n<tr>\n<td>  23 dbm (5 ghz, band 1 and band 2, eirp)<\/td>\n<\/tr>\n<tr>\n<td>  28 dbm (5 ghz, band 3, eirp)<\/td>\n<\/tr>\n<tr>\n<td>  23dbm (6 ghz, eirp)<\/td>\n<\/tr>\n<tr>\n<td>Gesti\u00f3n<\/td>\n<\/tr>\n<tr>\n<td>Omada app<\/td>\n<\/tr>\n<tr>\n<td>Yes<\/td>\n<\/tr>\n<tr>\n<td>Gesti\u00f3n centralizada<\/td>\n<\/tr>\n<tr>\n<td>\u0095 omada cloud-based controller<\/td>\n<\/tr>\n<tr>\n<td>\u0095 omada hardware controller (oc300)<\/td>\n<\/tr>\n<tr>\n<td>\u0095 omada hardware controller (oc200)<\/td>\n<\/tr>\n<tr>\n<td>\u0095 omada software controller<\/td>\n<\/tr>\n<tr>\n<td>Acceso a la nube<\/td>\n<\/tr>\n<tr>\n<td>Yes. require the use of an oc300, oc200, omada software controller, or an omada cloud-based controller.<\/td>\n<\/tr>\n<tr>\n<td>Alertas por correo electr\u00f3nico<\/td>\n<\/tr>\n<tr>\n<td>Yes<\/td>\n<\/tr>\n<tr>\n<td>Led de control on \/ off<\/td>\n<\/tr>\n<tr>\n<td>Yes<\/td>\n<\/tr>\n<tr>\n<td>Control de gesti\u00f3n de acceso mac<\/td>\n<\/tr>\n<tr>\n<td>Yes<\/td>\n<\/tr>\n<tr>\n<td>Snmp<\/td>\n<\/tr>\n<tr>\n<td>V1, v2c, v3<\/td>\n<\/tr>\n<tr>\n<td>Acceso al registro de sistema local\/ registro del sistema remoto<\/td>\n<\/tr>\n<tr>\n<td>Yes<\/td>\n<\/tr>\n<tr>\n<td>Gesti\u00f3n basada en web<\/td>\n<\/tr>\n<tr>\n<td>Yes<\/td>\n<\/tr>\n<tr>\n<td>Otros<\/td>\n<\/tr>\n<tr>\n<td>Certificaciones<\/td>\n<\/tr>\n<tr>\n<td>Ce, fcc, rohs, ic<\/td>\n<\/tr>\n<tr>\n<td>Contenido del paquete<\/td>\n<\/tr>\n<tr>\n<td>\u0095 eap773<\/td>\n<\/tr>\n<tr>\n<td>\u0095 installation guide<\/td>\n<\/tr>\n<tr>\n<td>\u0095 ceiling\/wall mounting kits<\/td>\n<\/tr>\n<tr>\n<td>Note: power adapter is not included.<\/td>\n<\/tr>\n<tr>\n<td>Factores ambientales<\/td>\n<\/tr>\n<tr>\n<td>\u0095 operating temperature: 0 \u00b0c\u009640 \u00b0c (32 \u00b0f\u0096104 \u00b0f);<\/td>\n<\/tr>\n<tr>\n<td>\u0095 storage temperature: -40 \u00b0c\u009670 \u00b0c (-40 \u00b0f\u0096158 \u00b0f);<\/td>\n<\/tr>\n<tr>\n<td>\u0095 operating humidity: 10%\u009690% non-condensing;<\/td>\n<\/tr>\n<tr>\n<td>\u0095 storage humidity: 5%\u009690% non-condensing;<\/td>\n<\/tr>\n<\/table>\n","protected":false},"excerpt":{"rendered":"<p>Eap773. Punto de acceso wi-fi 7 de montaje en techo be9300. Velocidad ultrarr\u00e1pida wi-fi 7. Hasta 5760mbps en 6ghz, 2880mbps en 5ghz y 574 mbps en 2,4ghz para alcanzar un total de 9.300mbps\u0086. Puerto ethernet 10g. Aumenta el rendimiento total de la red con el acceso por cable adaptativo a 5g, 2,5g y gigabit. Triple banda. A\u00f1ade la banda de 6ghz a las de 5ghz y 2,4ghz para enviar datos con mayor estabilidad y velocidad. Ancho de banda de 320mhz. Conecta m\u00e1s dispositivos a la vez con un alto rendimiento y m\u00e1xima velocidad. Menos interferencias y baja latencia. Con las tecnolog\u00edas multi-link operation y multi-ru se garantiza el uso de las 3 bandas simult\u00e1neamente con alto rendimiento.?. Gesti\u00f3n centralizada. Con la controladora omada se obtiene un control intuitivo y eficiente de la red con acceso en local o desde la nube. Wi-fi mesh inteligente. Tecnolog\u00eda wi-fi mesh con roaming inteligente por ia<\/p>\n","protected":false},"featured_media":260140,"comment_status":"open","ping_status":"open","template":"","meta":[],"product_cat":[1754,1563],"product_tag":[1562],"acf":[],"yoast_head":"<!-- This site is optimized with the Yoast SEO plugin v21.7 - https:\/\/yoast.com\/wordpress\/plugins\/seo\/ -->\n<title>[ Tp Link ] &#129351; Eap773 Access Point Tp-link Omada Be11000 Ceiling Mount Wi-fi 7<\/title>\n<meta name=\"description\" content=\"Compra Eap773 Access Point Tp-link Omada Be11000 Ceiling Mount Wi-fi 7 + Env\u00edo a domicilio + Pago seguro + Garant\u00eda\" \/>\n<meta name=\"robots\" content=\"index, follow, max-snippet:-1, max-image-preview:large, max-video-preview:-1\" \/>\n<link rel=\"canonical\" href=\"https:\/\/compuviper.mx\/tienda\/producto\/tp-link-eap773-access-point-tp-link-omada-be11000-ceiling-mount-wi-fi-7\/\" \/>\n<meta property=\"og:locale\" content=\"es_MX\" \/>\n<meta property=\"og:type\" content=\"article\" \/>\n<meta property=\"og:title\" content=\"[ Tp Link ] &#129351; Eap773 Access Point Tp-link Omada Be11000 Ceiling Mount Wi-fi 7\" \/>\n<meta property=\"og:description\" content=\"Compra Eap773 Access Point Tp-link Omada Be11000 Ceiling Mount Wi-fi 7 + Env\u00edo a domicilio + Pago seguro + Garant\u00eda\" \/>\n<meta property=\"og:url\" content=\"https:\/\/compuviper.mx\/tienda\/producto\/tp-link-eap773-access-point-tp-link-omada-be11000-ceiling-mount-wi-fi-7\/\" \/>\n<meta property=\"og:site_name\" content=\"Compuviper\" \/>\n<meta property=\"article:publisher\" content=\"https:\/\/www.facebook.com\/compuviper\" \/>\n<meta property=\"og:image\" content=\"https:\/\/compuviper.mx\/tienda\/wp-content\/uploads\/2025\/10\/Acces-point-tp-link-omada-eap773-wifi-7-be9300-montaje-en-techo-puerto-ethernet-10g-tecnologia-mesh.jpg\" \/>\n\t<meta property=\"og:image:width\" content=\"200\" \/>\n\t<meta property=\"og:image:height\" content=\"200\" \/>\n\t<meta property=\"og:image:type\" content=\"image\/jpeg\" \/>\n<meta name=\"twitter:card\" content=\"summary_large_image\" \/>\n<meta name=\"twitter:label1\" content=\"Precio\" \/>\n\t<meta name=\"twitter:data1\" content=\"&#36;3,496 con IVA\" \/>\n\t<meta name=\"twitter:label2\" content=\"Availability\" \/>\n\t<meta name=\"twitter:data2\" content=\"On backorder\" \/>\n<script type=\"application\/ld+json\" class=\"yoast-schema-graph\">{\"@context\":\"https:\/\/schema.org\",\"@graph\":[{\"@type\":\"WebPage\",\"@id\":\"https:\/\/compuviper.mx\/tienda\/producto\/tp-link-eap773-access-point-tp-link-omada-be11000-ceiling-mount-wi-fi-7\/\",\"url\":\"https:\/\/compuviper.mx\/tienda\/producto\/tp-link-eap773-access-point-tp-link-omada-be11000-ceiling-mount-wi-fi-7\/\",\"name\":\"[ Tp Link ] &#129351; Eap773 Access Point Tp-link Omada Be11000 Ceiling Mount Wi-fi 7\",\"isPartOf\":{\"@id\":\"https:\/\/compuviper.mx\/tienda\/#website\"},\"datePublished\":\"2026-04-18T07:14:25+00:00\",\"dateModified\":\"2026-04-18T07:14:25+00:00\",\"description\":\"Compra Eap773 Access Point Tp-link Omada Be11000 Ceiling Mount Wi-fi 7 + Env\u00edo a domicilio + Pago seguro + Garant\u00eda\",\"breadcrumb\":{\"@id\":\"https:\/\/compuviper.mx\/tienda\/producto\/tp-link-eap773-access-point-tp-link-omada-be11000-ceiling-mount-wi-fi-7\/#breadcrumb\"},\"inLanguage\":\"es-MX\",\"potentialAction\":[{\"@type\":\"ReadAction\",\"target\":[\"https:\/\/compuviper.mx\/tienda\/producto\/tp-link-eap773-access-point-tp-link-omada-be11000-ceiling-mount-wi-fi-7\/\"]}]},{\"@type\":\"BreadcrumbList\",\"@id\":\"https:\/\/compuviper.mx\/tienda\/producto\/tp-link-eap773-access-point-tp-link-omada-be11000-ceiling-mount-wi-fi-7\/#breadcrumb\",\"itemListElement\":[{\"@type\":\"ListItem\",\"position\":1,\"name\":\"Inicio\",\"item\":\"https:\/\/compuviper.mx\/tienda\/\"},{\"@type\":\"ListItem\",\"position\":2,\"name\":\"Productos\",\"item\":\"https:\/\/compuviper.mx\/tienda\/productos\/\"},{\"@type\":\"ListItem\",\"position\":3,\"name\":\"Redes\",\"item\":\"https:\/\/compuviper.mx\/tienda\/categoria-producto\/redes\/\"},{\"@type\":\"ListItem\",\"position\":4,\"name\":\"Access Point\",\"item\":\"https:\/\/compuviper.mx\/tienda\/categoria-producto\/redes\/access-point\/\"},{\"@type\":\"ListItem\",\"position\":5,\"name\":\"Tp Link Eap773 Access Point Tp-link Omada Be11000 Ceiling Mount Wi-fi 7\"}]},{\"@type\":\"WebSite\",\"@id\":\"https:\/\/compuviper.mx\/tienda\/#website\",\"url\":\"https:\/\/compuviper.mx\/tienda\/\",\"name\":\"Compuviper\",\"description\":\"Proveedor de Computadoras, Laptops, Servidores, Monitores, Puntos de Venta, Teclados,   Impresoras, T\u00f3ner, C\u00e1maras de Seguridad y m\u00e1s en tu tienda en l\u00ednea\",\"publisher\":{\"@id\":\"https:\/\/compuviper.mx\/tienda\/#organization\"},\"potentialAction\":[{\"@type\":\"SearchAction\",\"target\":{\"@type\":\"EntryPoint\",\"urlTemplate\":\"https:\/\/compuviper.mx\/tienda\/?s={search_term_string}\"},\"query-input\":\"required name=search_term_string\"}],\"inLanguage\":\"es-MX\"},{\"@type\":\"Organization\",\"@id\":\"https:\/\/compuviper.mx\/tienda\/#organization\",\"name\":\"Compuviper\",\"url\":\"https:\/\/compuviper.mx\/tienda\/\",\"logo\":{\"@type\":\"ImageObject\",\"inLanguage\":\"es-MX\",\"@id\":\"https:\/\/compuviper.mx\/tienda\/#\/schema\/logo\/image\/\",\"url\":\"https:\/\/compuviper.mx\/tienda\/wp-content\/uploads\/2021\/08\/Logo-Compuviper-10.png\",\"contentUrl\":\"https:\/\/compuviper.mx\/tienda\/wp-content\/uploads\/2021\/08\/Logo-Compuviper-10.png\",\"width\":1000,\"height\":500,\"caption\":\"Compuviper\"},\"image\":{\"@id\":\"https:\/\/compuviper.mx\/tienda\/#\/schema\/logo\/image\/\"},\"sameAs\":[\"https:\/\/www.facebook.com\/compuviper\",\"https:\/\/www.youtube.com\/channel\/UCf73dERp9Y3cfOq7q8BhLjA?view_as=subscriber\"]}]}<\/script>\n<meta property=\"product:brand\" content=\"TP LINK\" \/>\n<meta property=\"product:price:amount\" content=\"3496\" \/>\n<meta property=\"product:price:currency\" content=\"MXN\" \/>\n<meta property=\"og:availability\" content=\"backorder\" \/>\n<meta property=\"product:availability\" content=\"available for order\" \/>\n<meta property=\"product:retailer_item_id\" content=\"EAP773\" \/>\n<meta property=\"product:condition\" content=\"new\" \/>\n<!-- \/ Yoast SEO plugin. -->","yoast_head_json":{"title":"[ Tp Link ] &#129351; Eap773 Access Point Tp-link Omada Be11000 Ceiling Mount Wi-fi 7","description":"Compra Eap773 Access Point Tp-link Omada Be11000 Ceiling Mount Wi-fi 7 + Env\u00edo a domicilio + Pago seguro + Garant\u00eda","robots":{"index":"index","follow":"follow","max-snippet":"max-snippet:-1","max-image-preview":"max-image-preview:large","max-video-preview":"max-video-preview:-1"},"canonical":"https:\/\/compuviper.mx\/tienda\/producto\/tp-link-eap773-access-point-tp-link-omada-be11000-ceiling-mount-wi-fi-7\/","og_locale":"es_MX","og_type":"article","og_title":"[ Tp Link ] &#129351; Eap773 Access Point Tp-link Omada Be11000 Ceiling Mount Wi-fi 7","og_description":"Compra Eap773 Access Point Tp-link Omada Be11000 Ceiling Mount Wi-fi 7 + Env\u00edo a domicilio + Pago seguro + Garant\u00eda","og_url":"https:\/\/compuviper.mx\/tienda\/producto\/tp-link-eap773-access-point-tp-link-omada-be11000-ceiling-mount-wi-fi-7\/","og_site_name":"Compuviper","article_publisher":"https:\/\/www.facebook.com\/compuviper","og_image":[{"width":200,"height":200,"url":"https:\/\/compuviper.mx\/tienda\/wp-content\/uploads\/2025\/10\/Acces-point-tp-link-omada-eap773-wifi-7-be9300-montaje-en-techo-puerto-ethernet-10g-tecnologia-mesh.jpg","type":"image\/jpeg"}],"twitter_card":"summary_large_image","twitter_misc":{"Precio":"&#36;3,496 con IVA","Availability":"On backorder"},"schema":{"@context":"https:\/\/schema.org","@graph":[{"@type":"WebPage","@id":"https:\/\/compuviper.mx\/tienda\/producto\/tp-link-eap773-access-point-tp-link-omada-be11000-ceiling-mount-wi-fi-7\/","url":"https:\/\/compuviper.mx\/tienda\/producto\/tp-link-eap773-access-point-tp-link-omada-be11000-ceiling-mount-wi-fi-7\/","name":"[ Tp Link ] &#129351; Eap773 Access Point Tp-link Omada Be11000 Ceiling Mount Wi-fi 7","isPartOf":{"@id":"https:\/\/compuviper.mx\/tienda\/#website"},"datePublished":"2026-04-18T07:14:25+00:00","dateModified":"2026-04-18T07:14:25+00:00","description":"Compra Eap773 Access Point Tp-link Omada Be11000 Ceiling Mount Wi-fi 7 + Env\u00edo a domicilio + Pago seguro + Garant\u00eda","breadcrumb":{"@id":"https:\/\/compuviper.mx\/tienda\/producto\/tp-link-eap773-access-point-tp-link-omada-be11000-ceiling-mount-wi-fi-7\/#breadcrumb"},"inLanguage":"es-MX","potentialAction":[{"@type":"ReadAction","target":["https:\/\/compuviper.mx\/tienda\/producto\/tp-link-eap773-access-point-tp-link-omada-be11000-ceiling-mount-wi-fi-7\/"]}]},{"@type":"BreadcrumbList","@id":"https:\/\/compuviper.mx\/tienda\/producto\/tp-link-eap773-access-point-tp-link-omada-be11000-ceiling-mount-wi-fi-7\/#breadcrumb","itemListElement":[{"@type":"ListItem","position":1,"name":"Inicio","item":"https:\/\/compuviper.mx\/tienda\/"},{"@type":"ListItem","position":2,"name":"Productos","item":"https:\/\/compuviper.mx\/tienda\/productos\/"},{"@type":"ListItem","position":3,"name":"Redes","item":"https:\/\/compuviper.mx\/tienda\/categoria-producto\/redes\/"},{"@type":"ListItem","position":4,"name":"Access Point","item":"https:\/\/compuviper.mx\/tienda\/categoria-producto\/redes\/access-point\/"},{"@type":"ListItem","position":5,"name":"Tp Link Eap773 Access Point Tp-link Omada Be11000 Ceiling Mount Wi-fi 7"}]},{"@type":"WebSite","@id":"https:\/\/compuviper.mx\/tienda\/#website","url":"https:\/\/compuviper.mx\/tienda\/","name":"Compuviper","description":"Proveedor de Computadoras, Laptops, Servidores, Monitores, Puntos de Venta, Teclados,   Impresoras, T\u00f3ner, C\u00e1maras de Seguridad y m\u00e1s en tu tienda en l\u00ednea","publisher":{"@id":"https:\/\/compuviper.mx\/tienda\/#organization"},"potentialAction":[{"@type":"SearchAction","target":{"@type":"EntryPoint","urlTemplate":"https:\/\/compuviper.mx\/tienda\/?s={search_term_string}"},"query-input":"required name=search_term_string"}],"inLanguage":"es-MX"},{"@type":"Organization","@id":"https:\/\/compuviper.mx\/tienda\/#organization","name":"Compuviper","url":"https:\/\/compuviper.mx\/tienda\/","logo":{"@type":"ImageObject","inLanguage":"es-MX","@id":"https:\/\/compuviper.mx\/tienda\/#\/schema\/logo\/image\/","url":"https:\/\/compuviper.mx\/tienda\/wp-content\/uploads\/2021\/08\/Logo-Compuviper-10.png","contentUrl":"https:\/\/compuviper.mx\/tienda\/wp-content\/uploads\/2021\/08\/Logo-Compuviper-10.png","width":1000,"height":500,"caption":"Compuviper"},"image":{"@id":"https:\/\/compuviper.mx\/tienda\/#\/schema\/logo\/image\/"},"sameAs":["https:\/\/www.facebook.com\/compuviper","https:\/\/www.youtube.com\/channel\/UCf73dERp9Y3cfOq7q8BhLjA?view_as=subscriber"]}]},"product_brand":"TP LINK","product_price_amount":"3496","product_price_currency":"MXN","og_availability":"backorder","product_availability":"available for order","product_retailer_item_id":"EAP773","product_condition":"new"},"_links":{"self":[{"href":"https:\/\/compuviper.mx\/tienda\/wp-json\/wp\/v2\/product\/251258"}],"collection":[{"href":"https:\/\/compuviper.mx\/tienda\/wp-json\/wp\/v2\/product"}],"about":[{"href":"https:\/\/compuviper.mx\/tienda\/wp-json\/wp\/v2\/types\/product"}],"replies":[{"embeddable":true,"href":"https:\/\/compuviper.mx\/tienda\/wp-json\/wp\/v2\/comments?post=251258"}],"wp:featuredmedia":[{"embeddable":true,"href":"https:\/\/compuviper.mx\/tienda\/wp-json\/wp\/v2\/media\/260140"}],"wp:attachment":[{"href":"https:\/\/compuviper.mx\/tienda\/wp-json\/wp\/v2\/media?parent=251258"}],"wp:term":[{"taxonomy":"product_cat","embeddable":true,"href":"https:\/\/compuviper.mx\/tienda\/wp-json\/wp\/v2\/product_cat?post=251258"},{"taxonomy":"product_tag","embeddable":true,"href":"https:\/\/compuviper.mx\/tienda\/wp-json\/wp\/v2\/product_tag?post=251258"}],"curies":[{"name":"wp","href":"https:\/\/api.w.org\/{rel}","templated":true}]}}