{"id":251244,"date":"2026-04-25T02:17:19","date_gmt":"2026-04-25T08:17:19","guid":{"rendered":"https:\/\/compuviper.mx\/tienda\/producto\/ghia-gvp350-video-proyector-350-ansilm-5000-lmenes-de-luz-wifi-hdmi-usb-av-3-5-mm-tf-card-screencast-sin-dongle-hasta-200\/"},"modified":"2026-04-25T02:17:19","modified_gmt":"2026-04-25T08:17:19","slug":"ghia-gvp350-video-proyector-350-ansilm-5000-lmenes-de-luz-wifi-hdmi-usb-av-3-5-mm-tf-card-screencast-sin-dongle-hasta-200","status":"publish","type":"product","link":"https:\/\/compuviper.mx\/tienda\/producto\/ghia-gvp350-video-proyector-350-ansilm-5000-lmenes-de-luz-wifi-hdmi-usb-av-3-5-mm-tf-card-screencast-sin-dongle-hasta-200\/","title":{"rendered":"Ghia Gvp350 Video Proyector  350 Ansilm, 5000 Lmenes De Luz, Wifi, Hdmi, Usb, Av, 3.5 Mm, Tf Card, Screencast Sin Dongle Hasta 200"},"content":{"rendered":"<table class=\"descripcion\">\n<tr>\n<td>Tipo proyecci\u00f3n  4.45\u0094 lcd<\/td>\n<\/tr>\n<tr>\n<td>Iluminaci\u00f3n   led<\/td>\n<\/tr>\n<tr>\n<td>Tiempo de vida   50,000 h<\/td>\n<\/tr>\n<tr>\n<td>Resoluci\u00f3n nativa  1080p soporta 4k<\/td>\n<\/tr>\n<tr>\n<td>Aspecto   4:3, 16:9<\/td>\n<\/tr>\n<tr>\n<td>Rango de distancia  1m \u0096 6.7m<\/td>\n<\/tr>\n<tr>\n<td>Rango de imagen diagonal 30 &#8211; 200 pulgadas<\/td>\n<\/tr>\n<tr>\n<td>Brillo    350 lm<\/td>\n<\/tr>\n<tr>\n<td>L\u00famenes de fuente de luz           5 000<\/td>\n<\/tr>\n<tr>\n<td>Foco    manual<\/td>\n<\/tr>\n<tr>\n<td>Keystone    \u00b1 15\u00b0 \/ \u00b1 45\u00b0  grados<\/td>\n<\/tr>\n<tr>\n<td>Control remoto  ir<\/td>\n<\/tr>\n<tr>\n<td>Bocinas    5w x 1<\/td>\n<\/tr>\n<tr>\n<td>Red    wifi<\/td>\n<\/tr>\n<tr>\n<td>Puertos    hdmi, usb, av, 3.5mm, tf<\/td>\n<\/tr>\n<tr>\n<td>Funciones monitor  conexi\u00f3n cable e inal\u00e1mbrica<\/td>\n<\/tr>\n<tr>\n<td>Entrada                     100 v ac &#8211; 240 vsc 50 &#8211; 60 hz<\/td>\n<\/tr>\n<tr>\n<td>Consumo                   110 w<\/td>\n<\/tr>\n<\/table>\n","protected":false},"excerpt":{"rendered":"<p>Aprendizaje, comunicaci\u00f3n y entretenimiento en el mismo producto, con el proyector ghia gvp350 tendr\u00e1s una excelente imagen n\u00edtida y brillante con conectividad hdmi y av para poder proyectar desde una portatil o pc y wifi para compartir pantalla desde cualquier dispositivo android, ios, windows y en la casa el entretenimiento no para ya que podr\u00e1s hacer noches de cine en casa con su puerto usb y reproducir tus pel\u00edculas favoritas o desde la funci\u00f3n de compartir pantalla.<\/p>\n","protected":false},"featured_media":251245,"comment_status":"open","ping_status":"open","template":"","meta":[],"product_cat":[1843,1845],"product_tag":[1548],"acf":[],"yoast_head":"<!-- This site is optimized with the Yoast SEO plugin v21.7 - https:\/\/yoast.com\/wordpress\/plugins\/seo\/ -->\n<title>[ Ghia ] &#129351; Gvp350 Video Proyector 350 Ansilm, 5000 Lmenes De Luz, Wifi, Hdmi, Usb, Av, 3.5 Mm, Tf Card, Screencast Sin Dongle Hasta 200<\/title>\n<meta name=\"description\" content=\"Compra Gvp350 Video Proyector 350 Ansilm, 5000 Lmenes De Luz, Wifi, Hdmi, Usb, Av, 3.5 Mm, Tf Card, Screencast Sin Dongle Hasta 200 + Env\u00edo a domicilio + Pago seguro + Garant\u00eda\" \/>\n<meta name=\"robots\" content=\"index, follow, max-snippet:-1, max-image-preview:large, max-video-preview:-1\" \/>\n<link rel=\"canonical\" href=\"https:\/\/compuviper.mx\/tienda\/producto\/ghia-gvp350-video-proyector-350-ansilm-5000-lmenes-de-luz-wifi-hdmi-usb-av-3-5-mm-tf-card-screencast-sin-dongle-hasta-200\/\" \/>\n<meta property=\"og:locale\" content=\"es_MX\" \/>\n<meta property=\"og:type\" content=\"article\" \/>\n<meta property=\"og:title\" content=\"[ Ghia ] &#129351; Gvp350 Video Proyector 350 Ansilm, 5000 Lmenes De Luz, Wifi, Hdmi, Usb, Av, 3.5 Mm, Tf Card, Screencast Sin Dongle Hasta 200\" \/>\n<meta property=\"og:description\" content=\"Compra Gvp350 Video Proyector 350 Ansilm, 5000 Lmenes De Luz, Wifi, Hdmi, Usb, Av, 3.5 Mm, Tf Card, Screencast Sin Dongle Hasta 200 + Env\u00edo a domicilio + Pago seguro + Garant\u00eda\" \/>\n<meta property=\"og:url\" content=\"https:\/\/compuviper.mx\/tienda\/producto\/ghia-gvp350-video-proyector-350-ansilm-5000-lmenes-de-luz-wifi-hdmi-usb-av-3-5-mm-tf-card-screencast-sin-dongle-hasta-200\/\" \/>\n<meta property=\"og:site_name\" content=\"Compuviper\" \/>\n<meta property=\"article:publisher\" content=\"https:\/\/www.facebook.com\/compuviper\" \/>\n<meta property=\"og:image\" content=\"https:\/\/compuviper.mx\/tienda\/wp-content\/uploads\/2025\/04\/Video-proyector-ghia-350-ansilm-5000-lmenes-de-luz-wifi-hdmi-usb-av-3.5-mm-tf-card-screencast-sin-dongle-hasta-200.jpg\" \/>\n\t<meta property=\"og:image:width\" content=\"200\" \/>\n\t<meta property=\"og:image:height\" content=\"200\" \/>\n\t<meta property=\"og:image:type\" content=\"image\/jpeg\" \/>\n<meta name=\"twitter:card\" content=\"summary_large_image\" \/>\n<meta name=\"twitter:label1\" content=\"Precio\" \/>\n\t<meta name=\"twitter:data1\" content=\"&#36;2,333 con IVA\" \/>\n\t<meta name=\"twitter:label2\" content=\"Availability\" \/>\n\t<meta name=\"twitter:data2\" content=\"In stock\" \/>\n<script type=\"application\/ld+json\" class=\"yoast-schema-graph\">{\"@context\":\"https:\/\/schema.org\",\"@graph\":[{\"@type\":\"WebPage\",\"@id\":\"https:\/\/compuviper.mx\/tienda\/producto\/ghia-gvp350-video-proyector-350-ansilm-5000-lmenes-de-luz-wifi-hdmi-usb-av-3-5-mm-tf-card-screencast-sin-dongle-hasta-200\/\",\"url\":\"https:\/\/compuviper.mx\/tienda\/producto\/ghia-gvp350-video-proyector-350-ansilm-5000-lmenes-de-luz-wifi-hdmi-usb-av-3-5-mm-tf-card-screencast-sin-dongle-hasta-200\/\",\"name\":\"[ Ghia ] &#129351; Gvp350 Video Proyector 350 Ansilm, 5000 Lmenes De Luz, Wifi, Hdmi, Usb, Av, 3.5 Mm, Tf Card, Screencast Sin Dongle Hasta 200\",\"isPartOf\":{\"@id\":\"https:\/\/compuviper.mx\/tienda\/#website\"},\"datePublished\":\"2026-04-25T08:17:19+00:00\",\"dateModified\":\"2026-04-25T08:17:19+00:00\",\"description\":\"Compra Gvp350 Video Proyector 350 Ansilm, 5000 Lmenes De Luz, Wifi, Hdmi, Usb, Av, 3.5 Mm, Tf Card, Screencast Sin Dongle Hasta 200 + Env\u00edo a domicilio + Pago seguro + Garant\u00eda\",\"breadcrumb\":{\"@id\":\"https:\/\/compuviper.mx\/tienda\/producto\/ghia-gvp350-video-proyector-350-ansilm-5000-lmenes-de-luz-wifi-hdmi-usb-av-3-5-mm-tf-card-screencast-sin-dongle-hasta-200\/#breadcrumb\"},\"inLanguage\":\"es-MX\",\"potentialAction\":[{\"@type\":\"ReadAction\",\"target\":[\"https:\/\/compuviper.mx\/tienda\/producto\/ghia-gvp350-video-proyector-350-ansilm-5000-lmenes-de-luz-wifi-hdmi-usb-av-3-5-mm-tf-card-screencast-sin-dongle-hasta-200\/\"]}]},{\"@type\":\"BreadcrumbList\",\"@id\":\"https:\/\/compuviper.mx\/tienda\/producto\/ghia-gvp350-video-proyector-350-ansilm-5000-lmenes-de-luz-wifi-hdmi-usb-av-3-5-mm-tf-card-screencast-sin-dongle-hasta-200\/#breadcrumb\",\"itemListElement\":[{\"@type\":\"ListItem\",\"position\":1,\"name\":\"Inicio\",\"item\":\"https:\/\/compuviper.mx\/tienda\/\"},{\"@type\":\"ListItem\",\"position\":2,\"name\":\"Productos\",\"item\":\"https:\/\/compuviper.mx\/tienda\/productos\/\"},{\"@type\":\"ListItem\",\"position\":3,\"name\":\"Videoproyector\",\"item\":\"https:\/\/compuviper.mx\/tienda\/categoria-producto\/videoproyector\/\"},{\"@type\":\"ListItem\",\"position\":4,\"name\":\"Teatro En Casa\",\"item\":\"https:\/\/compuviper.mx\/tienda\/categoria-producto\/videoproyector\/teatro-en-casa\/\"},{\"@type\":\"ListItem\",\"position\":5,\"name\":\"Ghia Gvp350 Video Proyector 350 Ansilm, 5000 Lmenes De Luz, Wifi, Hdmi, Usb, Av, 3.5 Mm, Tf Card, Screencast Sin Dongle Hasta 200\"}]},{\"@type\":\"WebSite\",\"@id\":\"https:\/\/compuviper.mx\/tienda\/#website\",\"url\":\"https:\/\/compuviper.mx\/tienda\/\",\"name\":\"Compuviper\",\"description\":\"Proveedor de Computadoras, Laptops, Servidores, Monitores, Puntos de Venta, Teclados,   Impresoras, T\u00f3ner, C\u00e1maras de Seguridad y m\u00e1s en tu tienda en l\u00ednea\",\"publisher\":{\"@id\":\"https:\/\/compuviper.mx\/tienda\/#organization\"},\"potentialAction\":[{\"@type\":\"SearchAction\",\"target\":{\"@type\":\"EntryPoint\",\"urlTemplate\":\"https:\/\/compuviper.mx\/tienda\/?s={search_term_string}\"},\"query-input\":\"required name=search_term_string\"}],\"inLanguage\":\"es-MX\"},{\"@type\":\"Organization\",\"@id\":\"https:\/\/compuviper.mx\/tienda\/#organization\",\"name\":\"Compuviper\",\"url\":\"https:\/\/compuviper.mx\/tienda\/\",\"logo\":{\"@type\":\"ImageObject\",\"inLanguage\":\"es-MX\",\"@id\":\"https:\/\/compuviper.mx\/tienda\/#\/schema\/logo\/image\/\",\"url\":\"https:\/\/compuviper.mx\/tienda\/wp-content\/uploads\/2021\/08\/Logo-Compuviper-10.png\",\"contentUrl\":\"https:\/\/compuviper.mx\/tienda\/wp-content\/uploads\/2021\/08\/Logo-Compuviper-10.png\",\"width\":1000,\"height\":500,\"caption\":\"Compuviper\"},\"image\":{\"@id\":\"https:\/\/compuviper.mx\/tienda\/#\/schema\/logo\/image\/\"},\"sameAs\":[\"https:\/\/www.facebook.com\/compuviper\",\"https:\/\/www.youtube.com\/channel\/UCf73dERp9Y3cfOq7q8BhLjA?view_as=subscriber\"]}]}<\/script>\n<meta property=\"product:brand\" content=\"GHIA\" \/>\n<meta property=\"product:price:amount\" content=\"2333\" \/>\n<meta property=\"product:price:currency\" content=\"MXN\" \/>\n<meta property=\"og:availability\" content=\"instock\" \/>\n<meta property=\"product:availability\" content=\"instock\" \/>\n<meta property=\"product:retailer_item_id\" content=\"GVP350\" \/>\n<meta property=\"product:condition\" content=\"new\" \/>\n<!-- \/ Yoast SEO plugin. -->","yoast_head_json":{"title":"[ Ghia ] &#129351; Gvp350 Video Proyector 350 Ansilm, 5000 Lmenes De Luz, Wifi, Hdmi, Usb, Av, 3.5 Mm, Tf Card, Screencast Sin Dongle Hasta 200","description":"Compra Gvp350 Video Proyector 350 Ansilm, 5000 Lmenes De Luz, Wifi, Hdmi, Usb, Av, 3.5 Mm, Tf Card, Screencast Sin Dongle Hasta 200 + Env\u00edo a domicilio + Pago seguro + Garant\u00eda","robots":{"index":"index","follow":"follow","max-snippet":"max-snippet:-1","max-image-preview":"max-image-preview:large","max-video-preview":"max-video-preview:-1"},"canonical":"https:\/\/compuviper.mx\/tienda\/producto\/ghia-gvp350-video-proyector-350-ansilm-5000-lmenes-de-luz-wifi-hdmi-usb-av-3-5-mm-tf-card-screencast-sin-dongle-hasta-200\/","og_locale":"es_MX","og_type":"article","og_title":"[ Ghia ] &#129351; Gvp350 Video Proyector 350 Ansilm, 5000 Lmenes De Luz, Wifi, Hdmi, Usb, Av, 3.5 Mm, Tf Card, Screencast Sin Dongle Hasta 200","og_description":"Compra Gvp350 Video Proyector 350 Ansilm, 5000 Lmenes De Luz, Wifi, Hdmi, Usb, Av, 3.5 Mm, Tf Card, Screencast Sin Dongle Hasta 200 + Env\u00edo a domicilio + Pago seguro + Garant\u00eda","og_url":"https:\/\/compuviper.mx\/tienda\/producto\/ghia-gvp350-video-proyector-350-ansilm-5000-lmenes-de-luz-wifi-hdmi-usb-av-3-5-mm-tf-card-screencast-sin-dongle-hasta-200\/","og_site_name":"Compuviper","article_publisher":"https:\/\/www.facebook.com\/compuviper","og_image":[{"width":200,"height":200,"url":"https:\/\/compuviper.mx\/tienda\/wp-content\/uploads\/2025\/04\/Video-proyector-ghia-350-ansilm-5000-lmenes-de-luz-wifi-hdmi-usb-av-3.5-mm-tf-card-screencast-sin-dongle-hasta-200.jpg","type":"image\/jpeg"}],"twitter_card":"summary_large_image","twitter_misc":{"Precio":"&#36;2,333 con IVA","Availability":"In stock"},"schema":{"@context":"https:\/\/schema.org","@graph":[{"@type":"WebPage","@id":"https:\/\/compuviper.mx\/tienda\/producto\/ghia-gvp350-video-proyector-350-ansilm-5000-lmenes-de-luz-wifi-hdmi-usb-av-3-5-mm-tf-card-screencast-sin-dongle-hasta-200\/","url":"https:\/\/compuviper.mx\/tienda\/producto\/ghia-gvp350-video-proyector-350-ansilm-5000-lmenes-de-luz-wifi-hdmi-usb-av-3-5-mm-tf-card-screencast-sin-dongle-hasta-200\/","name":"[ Ghia ] &#129351; Gvp350 Video Proyector 350 Ansilm, 5000 Lmenes De Luz, Wifi, Hdmi, Usb, Av, 3.5 Mm, Tf Card, Screencast Sin Dongle Hasta 200","isPartOf":{"@id":"https:\/\/compuviper.mx\/tienda\/#website"},"datePublished":"2026-04-25T08:17:19+00:00","dateModified":"2026-04-25T08:17:19+00:00","description":"Compra Gvp350 Video Proyector 350 Ansilm, 5000 Lmenes De Luz, Wifi, Hdmi, Usb, Av, 3.5 Mm, Tf Card, Screencast Sin Dongle Hasta 200 + Env\u00edo a domicilio + Pago seguro + Garant\u00eda","breadcrumb":{"@id":"https:\/\/compuviper.mx\/tienda\/producto\/ghia-gvp350-video-proyector-350-ansilm-5000-lmenes-de-luz-wifi-hdmi-usb-av-3-5-mm-tf-card-screencast-sin-dongle-hasta-200\/#breadcrumb"},"inLanguage":"es-MX","potentialAction":[{"@type":"ReadAction","target":["https:\/\/compuviper.mx\/tienda\/producto\/ghia-gvp350-video-proyector-350-ansilm-5000-lmenes-de-luz-wifi-hdmi-usb-av-3-5-mm-tf-card-screencast-sin-dongle-hasta-200\/"]}]},{"@type":"BreadcrumbList","@id":"https:\/\/compuviper.mx\/tienda\/producto\/ghia-gvp350-video-proyector-350-ansilm-5000-lmenes-de-luz-wifi-hdmi-usb-av-3-5-mm-tf-card-screencast-sin-dongle-hasta-200\/#breadcrumb","itemListElement":[{"@type":"ListItem","position":1,"name":"Inicio","item":"https:\/\/compuviper.mx\/tienda\/"},{"@type":"ListItem","position":2,"name":"Productos","item":"https:\/\/compuviper.mx\/tienda\/productos\/"},{"@type":"ListItem","position":3,"name":"Videoproyector","item":"https:\/\/compuviper.mx\/tienda\/categoria-producto\/videoproyector\/"},{"@type":"ListItem","position":4,"name":"Teatro En Casa","item":"https:\/\/compuviper.mx\/tienda\/categoria-producto\/videoproyector\/teatro-en-casa\/"},{"@type":"ListItem","position":5,"name":"Ghia Gvp350 Video Proyector 350 Ansilm, 5000 Lmenes De Luz, Wifi, Hdmi, Usb, Av, 3.5 Mm, Tf Card, Screencast Sin Dongle Hasta 200"}]},{"@type":"WebSite","@id":"https:\/\/compuviper.mx\/tienda\/#website","url":"https:\/\/compuviper.mx\/tienda\/","name":"Compuviper","description":"Proveedor de Computadoras, Laptops, Servidores, Monitores, Puntos de Venta, Teclados,   Impresoras, T\u00f3ner, C\u00e1maras de Seguridad y m\u00e1s en tu tienda en l\u00ednea","publisher":{"@id":"https:\/\/compuviper.mx\/tienda\/#organization"},"potentialAction":[{"@type":"SearchAction","target":{"@type":"EntryPoint","urlTemplate":"https:\/\/compuviper.mx\/tienda\/?s={search_term_string}"},"query-input":"required name=search_term_string"}],"inLanguage":"es-MX"},{"@type":"Organization","@id":"https:\/\/compuviper.mx\/tienda\/#organization","name":"Compuviper","url":"https:\/\/compuviper.mx\/tienda\/","logo":{"@type":"ImageObject","inLanguage":"es-MX","@id":"https:\/\/compuviper.mx\/tienda\/#\/schema\/logo\/image\/","url":"https:\/\/compuviper.mx\/tienda\/wp-content\/uploads\/2021\/08\/Logo-Compuviper-10.png","contentUrl":"https:\/\/compuviper.mx\/tienda\/wp-content\/uploads\/2021\/08\/Logo-Compuviper-10.png","width":1000,"height":500,"caption":"Compuviper"},"image":{"@id":"https:\/\/compuviper.mx\/tienda\/#\/schema\/logo\/image\/"},"sameAs":["https:\/\/www.facebook.com\/compuviper","https:\/\/www.youtube.com\/channel\/UCf73dERp9Y3cfOq7q8BhLjA?view_as=subscriber"]}]},"product_brand":"GHIA","product_price_amount":"2333","product_price_currency":"MXN","og_availability":"instock","product_availability":"instock","product_retailer_item_id":"GVP350","product_condition":"new"},"_links":{"self":[{"href":"https:\/\/compuviper.mx\/tienda\/wp-json\/wp\/v2\/product\/251244"}],"collection":[{"href":"https:\/\/compuviper.mx\/tienda\/wp-json\/wp\/v2\/product"}],"about":[{"href":"https:\/\/compuviper.mx\/tienda\/wp-json\/wp\/v2\/types\/product"}],"replies":[{"embeddable":true,"href":"https:\/\/compuviper.mx\/tienda\/wp-json\/wp\/v2\/comments?post=251244"}],"wp:featuredmedia":[{"embeddable":true,"href":"https:\/\/compuviper.mx\/tienda\/wp-json\/wp\/v2\/media\/251245"}],"wp:attachment":[{"href":"https:\/\/compuviper.mx\/tienda\/wp-json\/wp\/v2\/media?parent=251244"}],"wp:term":[{"taxonomy":"product_cat","embeddable":true,"href":"https:\/\/compuviper.mx\/tienda\/wp-json\/wp\/v2\/product_cat?post=251244"},{"taxonomy":"product_tag","embeddable":true,"href":"https:\/\/compuviper.mx\/tienda\/wp-json\/wp\/v2\/product_tag?post=251244"}],"curies":[{"name":"wp","href":"https:\/\/api.w.org\/{rel}","templated":true}]}}