{"id":251243,"date":"2026-04-10T02:19:06","date_gmt":"2026-04-10T08:19:06","guid":{"rendered":"https:\/\/compuviper.mx\/tienda\/producto\/poly-a4lz8aa-equipo-de-videoconferncia-hp-x72-camara-4k-de-20-mp-con-campos-de-visin-de-70-y-120-con-microfonos-para-salas-grandes\/"},"modified":"2026-04-10T02:19:06","modified_gmt":"2026-04-10T08:19:06","slug":"poly-a4lz8aaabm-equipo-de-videoconferncia-hp-a4lz8aa-x72-camara-4k-de-20-mp-con-campos-de-visin-de-70-y-120-con-microfonos-para-salas-grandes","status":"publish","type":"product","link":"https:\/\/compuviper.mx\/tienda\/producto\/poly-a4lz8aaabm-equipo-de-videoconferncia-hp-a4lz8aa-x72-camara-4k-de-20-mp-con-campos-de-visin-de-70-y-120-con-microfonos-para-salas-grandes\/","title":{"rendered":"Poly A4lz8aa#abm Equipo De Videoconferncia Hp  A4lz8aa X72 \/ Camara 4k De 20 Mp Con Campos De Visin De 70 Y 120, Con Microfonos Para Salas Grandes."},"content":{"rendered":"<table class=\"descripcion\">\n<tr>\n<td>Color:  negro<\/td>\n<\/tr>\n<tr>\n<td>Tipo de fuente de alimentaci\u00f3n:  externo; detecci\u00f3n autom\u00e1tica<\/td>\n<\/tr>\n<tr>\n<td>Capacidad de la cubierta de la lente:  integrado<\/td>\n<\/tr>\n<tr>\n<td>Resoluci\u00f3n total de la c\u00e1mara (megap\u00edxeles):  2 x 20 mp<\/td>\n<\/tr>\n<tr>\n<td>Velocidad de fotogramas del v\u00eddeo:  5\u009630 fps (hasta una resoluci\u00f3n de 4k a 15 fps en llamada)<\/td>\n<\/tr>\n<tr>\n<td>Capacidad de zoom:  7.3x digital<\/td>\n<\/tr>\n<tr>\n<td>Campo de visi\u00f3n diagonal (dfov):  140\u00b0 (ancho); 78\u00b0 (estrecho)<\/td>\n<\/tr>\n<tr>\n<td>Puertos:  1 usb tipo-c\u00ae con velocidad de se\u00f1alizaci\u00f3n de 5 gbps; 2 usb tipo-a con velocidad de se\u00f1alizaci\u00f3n de 5 gbps; 1 entrada de l\u00ednea; 1 salida de l\u00ednea; 1 entrada de l\u00ednea (micr\u00f3fono opcional); 2 salidas hdmi 2.0 (v\u00eddeo, 4k a 30 hz); 1 entrada hdmi 1.4 (v\u00eddeo y audio, 4k a 30 hz)<\/td>\n<\/tr>\n<tr>\n<td>Capacidades de red:  ipv4; ipv6; ethernet 1x 10\/100\/1g; auto-mdix; h.323 y\/o sip hasta 6 mbps en<\/td>\n<\/tr>\n<tr>\n<td>Modo de video poly app; tecnolog\u00eda polycom lost packet recovery (lpr); asignaci\u00f3n din\u00e1mica<\/td>\n<\/tr>\n<tr>\n<td>De ancho de banda; tama\u00f1o de mtu reconfigurable;<\/td>\n<\/tr>\n<tr>\n<td>Compatibilidad con proxy web: b\u00e1sico, digest y ntlm; protocolo simple de inscripci\u00f3n de certificados (scep)<\/td>\n<\/tr>\n<tr>\n<td>Especificaciones de impacto sostenible:  contiene pl\u00e1sticos reciclados; embalajes de papel<\/td>\n<\/tr>\n<tr>\n<td>Derivados de al menos un 60 % de materiales reciclados 1 2<\/td>\n<\/tr>\n<tr>\n<td>Dimensiones (an x pr x al):  840,18 x 135,4 x 117,93 mm<\/td>\n<\/tr>\n<tr>\n<td>Dimensiones del paquete (an x pr x al):  920 x 163 x 228 mm<\/td>\n<\/tr>\n<tr>\n<td>Dimensiones del pal\u00e9 (an x pr x al):  120 x 100 x 221 cent\u00edmetros<\/td>\n<\/tr>\n<tr>\n<td>Cajas por capa:  7<\/td>\n<\/tr>\n<tr>\n<td>Peso:  3300 gramos<\/td>\n<\/tr>\n<tr>\n<td>Peso del paquete:  6480 gramos<\/td>\n<\/tr>\n<tr>\n<td>Peso del pal\u00e9:  420 kilos<\/td>\n<\/tr>\n<tr>\n<td>\u00bfqu\u00e9 hay en la caja?:  cable ethernet; kit de montaje en pared; 2 cables hdmi; adaptador de corriente ca; poly studio x72<\/td>\n<\/tr>\n<tr>\n<td>Garant\u00eda del fabricante:  garant\u00eda limitada est\u00e1ndar de un a\u00f1o de poly<\/td>\n<\/tr>\n<\/table>\n","protected":false},"excerpt":{"rendered":"<p>Equipe salas grandes con la barra de video poly studio x72, que cuenta con tecnolog\u00eda av avanzada, escalabilidad y flexibilidad para unirse a casi cualquier videollamada en la nube. Facilite una mejor colaboraci\u00f3n en salas grandes y mejore la experiencia de cada reuni\u00f3n. Con tecnolog\u00eda av ai integrada, esta barra de video todo en uno facilita la comunicaci\u00f3n, para que todos se sientan incluidos, est\u00e9n donde est\u00e9n. Prepare sus salas al instante. La experiencia de video nativa en la nube simplifica la configuraci\u00f3n, el uso y la gesti\u00f3n, o puede conectarse a cualquier plataforma de video basada en est\u00e1ndares con compatibilidad total con h.323 y sip. Sin necesidad de pc. Sin conexiones complicadas. Sin tiempo que perder.<\/p>\n","protected":false},"featured_media":258572,"comment_status":"open","ping_status":"open","template":"","meta":[],"product_cat":[2011,2012],"product_tag":[2035],"acf":[],"yoast_head":"<!-- This site is optimized with the Yoast SEO plugin v21.7 - https:\/\/yoast.com\/wordpress\/plugins\/seo\/ -->\n<title>[ Poly ] &#129351; A4lz8aa#abm Equipo De Videoconferncia Hp A4lz8aa X72 \/ Camara 4k De 20 Mp Con Campos De Visin De 70 Y 120, Con Microfonos Para Salas Grandes.<\/title>\n<meta name=\"description\" content=\"Compra A4lz8aa#abm Equipo De Videoconferncia Hp A4lz8aa X72 \/ Camara 4k De 20 Mp Con Campos De Visin De 70 Y 120, Con Microfonos Para Salas Grandes. + Env\u00edo a domicilio + Pago seguro + Garant\u00eda\" \/>\n<meta name=\"robots\" content=\"index, follow, max-snippet:-1, max-image-preview:large, max-video-preview:-1\" \/>\n<link rel=\"canonical\" href=\"https:\/\/compuviper.mx\/tienda\/producto\/poly-a4lz8aaabm-equipo-de-videoconferncia-hp-a4lz8aa-x72-camara-4k-de-20-mp-con-campos-de-visin-de-70-y-120-con-microfonos-para-salas-grandes\/\" \/>\n<meta property=\"og:locale\" content=\"es_MX\" \/>\n<meta property=\"og:type\" content=\"article\" \/>\n<meta property=\"og:title\" content=\"[ Poly ] &#129351; A4lz8aa#abm Equipo De Videoconferncia Hp A4lz8aa X72 \/ Camara 4k De 20 Mp Con Campos De Visin De 70 Y 120, Con Microfonos Para Salas Grandes.\" \/>\n<meta property=\"og:description\" content=\"Compra A4lz8aa#abm Equipo De Videoconferncia Hp A4lz8aa X72 \/ Camara 4k De 20 Mp Con Campos De Visin De 70 Y 120, Con Microfonos Para Salas Grandes. + Env\u00edo a domicilio + Pago seguro + Garant\u00eda\" \/>\n<meta property=\"og:url\" content=\"https:\/\/compuviper.mx\/tienda\/producto\/poly-a4lz8aaabm-equipo-de-videoconferncia-hp-a4lz8aa-x72-camara-4k-de-20-mp-con-campos-de-visin-de-70-y-120-con-microfonos-para-salas-grandes\/\" \/>\n<meta property=\"og:site_name\" content=\"Compuviper\" \/>\n<meta property=\"article:publisher\" content=\"https:\/\/www.facebook.com\/compuviper\" \/>\n<meta property=\"og:image\" content=\"https:\/\/compuviper.mx\/tienda\/wp-content\/uploads\/2025\/10\/Equipo-de-videoconferncia-hp-poly-a4lz8aa-x72-camara-4k-de-20-mp-con-campos-de-visin-de-70-y-120-con-microfonos-para-salas-grandes.jpg\" \/>\n\t<meta property=\"og:image:width\" content=\"200\" \/>\n\t<meta property=\"og:image:height\" content=\"200\" \/>\n\t<meta property=\"og:image:type\" content=\"image\/jpeg\" \/>\n<meta name=\"twitter:card\" content=\"summary_large_image\" \/>\n<meta name=\"twitter:label1\" content=\"Precio\" \/>\n\t<meta name=\"twitter:data1\" content=\"&#36;107,475 &#36;105,886 con IVA\" \/>\n\t<meta name=\"twitter:label2\" content=\"Availability\" \/>\n\t<meta name=\"twitter:data2\" content=\"Out of stock\" \/>\n<script type=\"application\/ld+json\" class=\"yoast-schema-graph\">{\"@context\":\"https:\/\/schema.org\",\"@graph\":[{\"@type\":\"WebPage\",\"@id\":\"https:\/\/compuviper.mx\/tienda\/producto\/poly-a4lz8aaabm-equipo-de-videoconferncia-hp-a4lz8aa-x72-camara-4k-de-20-mp-con-campos-de-visin-de-70-y-120-con-microfonos-para-salas-grandes\/\",\"url\":\"https:\/\/compuviper.mx\/tienda\/producto\/poly-a4lz8aaabm-equipo-de-videoconferncia-hp-a4lz8aa-x72-camara-4k-de-20-mp-con-campos-de-visin-de-70-y-120-con-microfonos-para-salas-grandes\/\",\"name\":\"[ Poly ] &#129351; A4lz8aa#abm Equipo De Videoconferncia Hp A4lz8aa X72 \/ Camara 4k De 20 Mp Con Campos De Visin De 70 Y 120, Con Microfonos Para Salas Grandes.\",\"isPartOf\":{\"@id\":\"https:\/\/compuviper.mx\/tienda\/#website\"},\"datePublished\":\"2026-04-10T08:19:06+00:00\",\"dateModified\":\"2026-04-10T08:19:06+00:00\",\"description\":\"Compra A4lz8aa#abm Equipo De Videoconferncia Hp A4lz8aa X72 \/ Camara 4k De 20 Mp Con Campos De Visin De 70 Y 120, Con Microfonos Para Salas Grandes. + Env\u00edo a domicilio + Pago seguro + Garant\u00eda\",\"breadcrumb\":{\"@id\":\"https:\/\/compuviper.mx\/tienda\/producto\/poly-a4lz8aaabm-equipo-de-videoconferncia-hp-a4lz8aa-x72-camara-4k-de-20-mp-con-campos-de-visin-de-70-y-120-con-microfonos-para-salas-grandes\/#breadcrumb\"},\"inLanguage\":\"es-MX\",\"potentialAction\":[{\"@type\":\"ReadAction\",\"target\":[\"https:\/\/compuviper.mx\/tienda\/producto\/poly-a4lz8aaabm-equipo-de-videoconferncia-hp-a4lz8aa-x72-camara-4k-de-20-mp-con-campos-de-visin-de-70-y-120-con-microfonos-para-salas-grandes\/\"]}]},{\"@type\":\"BreadcrumbList\",\"@id\":\"https:\/\/compuviper.mx\/tienda\/producto\/poly-a4lz8aaabm-equipo-de-videoconferncia-hp-a4lz8aa-x72-camara-4k-de-20-mp-con-campos-de-visin-de-70-y-120-con-microfonos-para-salas-grandes\/#breadcrumb\",\"itemListElement\":[{\"@type\":\"ListItem\",\"position\":1,\"name\":\"Inicio\",\"item\":\"https:\/\/compuviper.mx\/tienda\/\"},{\"@type\":\"ListItem\",\"position\":2,\"name\":\"Productos\",\"item\":\"https:\/\/compuviper.mx\/tienda\/productos\/\"},{\"@type\":\"ListItem\",\"position\":3,\"name\":\"Videoconferencia\",\"item\":\"https:\/\/compuviper.mx\/tienda\/categoria-producto\/videoconferencia\/\"},{\"@type\":\"ListItem\",\"position\":4,\"name\":\"Sin Categor\u00eda\",\"item\":\"https:\/\/compuviper.mx\/tienda\/categoria-producto\/videoconferencia\/sin-categoria-videoconferencia\/\"},{\"@type\":\"ListItem\",\"position\":5,\"name\":\"Poly A4lz8aa#abm Equipo De Videoconferncia Hp A4lz8aa X72 \/ Camara 4k De 20 Mp Con Campos De Visin De 70 Y 120, Con Microfonos Para Salas Grandes.\"}]},{\"@type\":\"WebSite\",\"@id\":\"https:\/\/compuviper.mx\/tienda\/#website\",\"url\":\"https:\/\/compuviper.mx\/tienda\/\",\"name\":\"Compuviper\",\"description\":\"Proveedor de Computadoras, Laptops, Servidores, Monitores, Puntos de Venta, Teclados,   Impresoras, T\u00f3ner, C\u00e1maras de Seguridad y m\u00e1s en tu tienda en l\u00ednea\",\"publisher\":{\"@id\":\"https:\/\/compuviper.mx\/tienda\/#organization\"},\"potentialAction\":[{\"@type\":\"SearchAction\",\"target\":{\"@type\":\"EntryPoint\",\"urlTemplate\":\"https:\/\/compuviper.mx\/tienda\/?s={search_term_string}\"},\"query-input\":\"required name=search_term_string\"}],\"inLanguage\":\"es-MX\"},{\"@type\":\"Organization\",\"@id\":\"https:\/\/compuviper.mx\/tienda\/#organization\",\"name\":\"Compuviper\",\"url\":\"https:\/\/compuviper.mx\/tienda\/\",\"logo\":{\"@type\":\"ImageObject\",\"inLanguage\":\"es-MX\",\"@id\":\"https:\/\/compuviper.mx\/tienda\/#\/schema\/logo\/image\/\",\"url\":\"https:\/\/compuviper.mx\/tienda\/wp-content\/uploads\/2021\/08\/Logo-Compuviper-10.png\",\"contentUrl\":\"https:\/\/compuviper.mx\/tienda\/wp-content\/uploads\/2021\/08\/Logo-Compuviper-10.png\",\"width\":1000,\"height\":500,\"caption\":\"Compuviper\"},\"image\":{\"@id\":\"https:\/\/compuviper.mx\/tienda\/#\/schema\/logo\/image\/\"},\"sameAs\":[\"https:\/\/www.facebook.com\/compuviper\",\"https:\/\/www.youtube.com\/channel\/UCf73dERp9Y3cfOq7q8BhLjA?view_as=subscriber\"]}]}<\/script>\n<meta property=\"product:brand\" content=\"POLY\" \/>\n<meta property=\"product:price:amount\" content=\"105886\" \/>\n<meta property=\"product:price:currency\" content=\"MXN\" \/>\n<meta property=\"og:availability\" content=\"out of stock\" \/>\n<meta property=\"product:availability\" content=\"out of stock\" \/>\n<meta property=\"product:retailer_item_id\" content=\"A4LZ8AA#ABM\" \/>\n<meta property=\"product:condition\" content=\"new\" \/>\n<!-- \/ Yoast SEO plugin. -->","yoast_head_json":{"title":"[ Poly ] &#129351; A4lz8aa#abm Equipo De Videoconferncia Hp A4lz8aa X72 \/ Camara 4k De 20 Mp Con Campos De Visin De 70 Y 120, Con Microfonos Para Salas Grandes.","description":"Compra A4lz8aa#abm Equipo De Videoconferncia Hp A4lz8aa X72 \/ Camara 4k De 20 Mp Con Campos De Visin De 70 Y 120, Con Microfonos Para Salas Grandes. + Env\u00edo a domicilio + Pago seguro + Garant\u00eda","robots":{"index":"index","follow":"follow","max-snippet":"max-snippet:-1","max-image-preview":"max-image-preview:large","max-video-preview":"max-video-preview:-1"},"canonical":"https:\/\/compuviper.mx\/tienda\/producto\/poly-a4lz8aaabm-equipo-de-videoconferncia-hp-a4lz8aa-x72-camara-4k-de-20-mp-con-campos-de-visin-de-70-y-120-con-microfonos-para-salas-grandes\/","og_locale":"es_MX","og_type":"article","og_title":"[ Poly ] &#129351; A4lz8aa#abm Equipo De Videoconferncia Hp A4lz8aa X72 \/ Camara 4k De 20 Mp Con Campos De Visin De 70 Y 120, Con Microfonos Para Salas Grandes.","og_description":"Compra A4lz8aa#abm Equipo De Videoconferncia Hp A4lz8aa X72 \/ Camara 4k De 20 Mp Con Campos De Visin De 70 Y 120, Con Microfonos Para Salas Grandes. + Env\u00edo a domicilio + Pago seguro + Garant\u00eda","og_url":"https:\/\/compuviper.mx\/tienda\/producto\/poly-a4lz8aaabm-equipo-de-videoconferncia-hp-a4lz8aa-x72-camara-4k-de-20-mp-con-campos-de-visin-de-70-y-120-con-microfonos-para-salas-grandes\/","og_site_name":"Compuviper","article_publisher":"https:\/\/www.facebook.com\/compuviper","og_image":[{"width":200,"height":200,"url":"https:\/\/compuviper.mx\/tienda\/wp-content\/uploads\/2025\/10\/Equipo-de-videoconferncia-hp-poly-a4lz8aa-x72-camara-4k-de-20-mp-con-campos-de-visin-de-70-y-120-con-microfonos-para-salas-grandes.jpg","type":"image\/jpeg"}],"twitter_card":"summary_large_image","twitter_misc":{"Precio":"&#36;107,475 &#36;105,886 con IVA","Availability":"Out of stock"},"schema":{"@context":"https:\/\/schema.org","@graph":[{"@type":"WebPage","@id":"https:\/\/compuviper.mx\/tienda\/producto\/poly-a4lz8aaabm-equipo-de-videoconferncia-hp-a4lz8aa-x72-camara-4k-de-20-mp-con-campos-de-visin-de-70-y-120-con-microfonos-para-salas-grandes\/","url":"https:\/\/compuviper.mx\/tienda\/producto\/poly-a4lz8aaabm-equipo-de-videoconferncia-hp-a4lz8aa-x72-camara-4k-de-20-mp-con-campos-de-visin-de-70-y-120-con-microfonos-para-salas-grandes\/","name":"[ Poly ] &#129351; A4lz8aa#abm Equipo De Videoconferncia Hp A4lz8aa X72 \/ Camara 4k De 20 Mp Con Campos De Visin De 70 Y 120, Con Microfonos Para Salas Grandes.","isPartOf":{"@id":"https:\/\/compuviper.mx\/tienda\/#website"},"datePublished":"2026-04-10T08:19:06+00:00","dateModified":"2026-04-10T08:19:06+00:00","description":"Compra A4lz8aa#abm Equipo De Videoconferncia Hp A4lz8aa X72 \/ Camara 4k De 20 Mp Con Campos De Visin De 70 Y 120, Con Microfonos Para Salas Grandes. + Env\u00edo a domicilio + Pago seguro + Garant\u00eda","breadcrumb":{"@id":"https:\/\/compuviper.mx\/tienda\/producto\/poly-a4lz8aaabm-equipo-de-videoconferncia-hp-a4lz8aa-x72-camara-4k-de-20-mp-con-campos-de-visin-de-70-y-120-con-microfonos-para-salas-grandes\/#breadcrumb"},"inLanguage":"es-MX","potentialAction":[{"@type":"ReadAction","target":["https:\/\/compuviper.mx\/tienda\/producto\/poly-a4lz8aaabm-equipo-de-videoconferncia-hp-a4lz8aa-x72-camara-4k-de-20-mp-con-campos-de-visin-de-70-y-120-con-microfonos-para-salas-grandes\/"]}]},{"@type":"BreadcrumbList","@id":"https:\/\/compuviper.mx\/tienda\/producto\/poly-a4lz8aaabm-equipo-de-videoconferncia-hp-a4lz8aa-x72-camara-4k-de-20-mp-con-campos-de-visin-de-70-y-120-con-microfonos-para-salas-grandes\/#breadcrumb","itemListElement":[{"@type":"ListItem","position":1,"name":"Inicio","item":"https:\/\/compuviper.mx\/tienda\/"},{"@type":"ListItem","position":2,"name":"Productos","item":"https:\/\/compuviper.mx\/tienda\/productos\/"},{"@type":"ListItem","position":3,"name":"Videoconferencia","item":"https:\/\/compuviper.mx\/tienda\/categoria-producto\/videoconferencia\/"},{"@type":"ListItem","position":4,"name":"Sin Categor\u00eda","item":"https:\/\/compuviper.mx\/tienda\/categoria-producto\/videoconferencia\/sin-categoria-videoconferencia\/"},{"@type":"ListItem","position":5,"name":"Poly A4lz8aa#abm Equipo De Videoconferncia Hp A4lz8aa X72 \/ Camara 4k De 20 Mp Con Campos De Visin De 70 Y 120, Con Microfonos Para Salas Grandes."}]},{"@type":"WebSite","@id":"https:\/\/compuviper.mx\/tienda\/#website","url":"https:\/\/compuviper.mx\/tienda\/","name":"Compuviper","description":"Proveedor de Computadoras, Laptops, Servidores, Monitores, Puntos de Venta, Teclados,   Impresoras, T\u00f3ner, C\u00e1maras de Seguridad y m\u00e1s en tu tienda en l\u00ednea","publisher":{"@id":"https:\/\/compuviper.mx\/tienda\/#organization"},"potentialAction":[{"@type":"SearchAction","target":{"@type":"EntryPoint","urlTemplate":"https:\/\/compuviper.mx\/tienda\/?s={search_term_string}"},"query-input":"required name=search_term_string"}],"inLanguage":"es-MX"},{"@type":"Organization","@id":"https:\/\/compuviper.mx\/tienda\/#organization","name":"Compuviper","url":"https:\/\/compuviper.mx\/tienda\/","logo":{"@type":"ImageObject","inLanguage":"es-MX","@id":"https:\/\/compuviper.mx\/tienda\/#\/schema\/logo\/image\/","url":"https:\/\/compuviper.mx\/tienda\/wp-content\/uploads\/2021\/08\/Logo-Compuviper-10.png","contentUrl":"https:\/\/compuviper.mx\/tienda\/wp-content\/uploads\/2021\/08\/Logo-Compuviper-10.png","width":1000,"height":500,"caption":"Compuviper"},"image":{"@id":"https:\/\/compuviper.mx\/tienda\/#\/schema\/logo\/image\/"},"sameAs":["https:\/\/www.facebook.com\/compuviper","https:\/\/www.youtube.com\/channel\/UCf73dERp9Y3cfOq7q8BhLjA?view_as=subscriber"]}]},"product_brand":"POLY","product_price_amount":"105886","product_price_currency":"MXN","og_availability":"out of stock","product_availability":"out of stock","product_retailer_item_id":"A4LZ8AA#ABM","product_condition":"new"},"_links":{"self":[{"href":"https:\/\/compuviper.mx\/tienda\/wp-json\/wp\/v2\/product\/251243"}],"collection":[{"href":"https:\/\/compuviper.mx\/tienda\/wp-json\/wp\/v2\/product"}],"about":[{"href":"https:\/\/compuviper.mx\/tienda\/wp-json\/wp\/v2\/types\/product"}],"replies":[{"embeddable":true,"href":"https:\/\/compuviper.mx\/tienda\/wp-json\/wp\/v2\/comments?post=251243"}],"wp:featuredmedia":[{"embeddable":true,"href":"https:\/\/compuviper.mx\/tienda\/wp-json\/wp\/v2\/media\/258572"}],"wp:attachment":[{"href":"https:\/\/compuviper.mx\/tienda\/wp-json\/wp\/v2\/media?parent=251243"}],"wp:term":[{"taxonomy":"product_cat","embeddable":true,"href":"https:\/\/compuviper.mx\/tienda\/wp-json\/wp\/v2\/product_cat?post=251243"},{"taxonomy":"product_tag","embeddable":true,"href":"https:\/\/compuviper.mx\/tienda\/wp-json\/wp\/v2\/product_tag?post=251243"}],"curies":[{"name":"wp","href":"https:\/\/api.w.org\/{rel}","templated":true}]}}