{"id":251199,"date":"2026-04-07T00:32:26","date_gmt":"2026-04-07T06:32:26","guid":{"rendered":"https:\/\/compuviper.mx\/tienda\/producto\/eaton-kb2014200000m10-no-break-ups-modelo-9355-20-20kva-20000-va-18000-w-220v-torre-runtime-7m-con-7pf-doble-conversion-on-line-obligatorio-cotizar-con-pm-servicio-de-arranque-y-viaticos\/"},"modified":"2026-04-07T00:32:27","modified_gmt":"2026-04-07T06:32:27","slug":"eaton-kb2014200000m10-no-break-ups-modelo-9355-20-20kva-20000-va-18000-w-220v-torre-runtime-7m-con-7pf-doble-conversion-on-line-obligatorio-cotizar-con-pm-servicio-de-arranque-y-viaticos","status":"publish","type":"product","link":"https:\/\/compuviper.mx\/tienda\/producto\/eaton-kb2014200000m10-no-break-ups-modelo-9355-20-20kva-20000-va-18000-w-220v-torre-runtime-7m-con-7pf-doble-conversion-on-line-obligatorio-cotizar-con-pm-servicio-de-arranque-y-viaticos\/","title":{"rendered":"Eaton Kb2014200000m10 No Break \/ Ups \/  \/ Modelo  9355-20\/20kva  20000 Va\/ 18000 W \/220v Torre  Runtime 7m Con.7pf\/doble Conversion On Line \/obligatorio Cotizar Con Pm Servicio De Arranque Y Viaticos"},"content":{"rendered":"<table class=\"descripcion\">\n<tr>\n<td>Rangos va\/watts 20,000 va\/ 18,000 w<\/td>\n<\/tr>\n<tr>\n<td>Topologa de doble conversin en lnea de ups<\/td>\n<\/tr>\n<tr>\n<td>Voltaje de entrada: 208\/120<\/td>\n<\/tr>\n<tr>\n<td>Voltaje de salida: 208\/120<\/td>\n<\/tr>\n<tr>\n<td>Conexion de entrada: 4wg<\/td>\n<\/tr>\n<tr>\n<td>Conexion de salida: 4wg<\/td>\n<\/tr>\n<tr>\n<td>Dimensiones del equipo<\/td>\n<\/tr>\n<tr>\n<td>Alto x ancho x profundo:  66 x 20 x 34<\/td>\n<\/tr>\n<tr>\n<td>Peso  pulgadas : 1160 lb<\/td>\n<\/tr>\n<tr>\n<td>F.p. 0.9<\/td>\n<\/tr>\n<tr>\n<td>Trifasico<\/td>\n<\/tr>\n<tr>\n<td>Formato: torre<\/td>\n<\/tr>\n<tr>\n<td>Frecuencia de operacion 50\/60 hz 45 a 65 hz<\/td>\n<\/tr>\n<tr>\n<td>Bateria<\/td>\n<\/tr>\n<tr>\n<td>Tipo 9 ah, sellada, plomo-acido, libre de mantenimiento<\/td>\n<\/tr>\n<tr>\n<td>El valor predeterminado del cargador es 8a<\/td>\n<\/tr>\n<tr>\n<td>Consultar con gerente de marca: servicio de arranque y viticos del mismo. indispensable para respetar garantia del ups<\/td>\n<\/tr>\n<tr>\n<td>Ficha tecnica:<\/td>\n<\/tr>\n<tr>\n<td>Http:\/\/powerquality.eaton.com\/products-services\/backup-power-ups\/9355-ups\/9355-30kva-specs.asp?cx=3<\/td>\n<\/tr>\n<\/table>\n","protected":false},"excerpt":{"rendered":"<p>Eaton 9355 sistema de alimentacion ininterrumpida ups de tamao mediano de doble conversion ups que puede resolver todos los problemas de energia de la red y ademas suministrar energia limpia, continua,e ininterrumpida para las cargas en continua expansion en espacios limitados para servidores de hoy el 9355 tambien ofrece una combinacion lider en la industria ademas de flexibilidad, escalabilidad y poder.Todo en uno con alta eficiencia en un solo paquete. La familia de productos se compone de una sola ,trifasica en ups los modelos existen en un rango de potencia de 10 a 30 kva. Sus principales beneficios: prima de rendimiento de energia doble conversion topologia ofrece el mas alto nivel de proteccion con un diseo sin transformador y la deteccion sofisticada y control de los dispositivos, el 9355 ofrece una eficiencia de hasta el 93 por ciento la correccion activa del factor de potencia pfc proporciona un inmejorable 0,99en factor de potencia y menos del 4,5 por ciento ithd entrada, por lo tanto mejorar la compatibilidad con los generadores y la eliminacion de la interferencia con otros equipos de tipo critico dentro de la misma red.<\/p>\n","protected":false},"featured_media":251751,"comment_status":"open","ping_status":"open","template":"","meta":[],"product_cat":[1508,1691],"product_tag":[1698],"acf":[],"yoast_head":"<!-- This site is optimized with the Yoast SEO plugin v21.7 - https:\/\/yoast.com\/wordpress\/plugins\/seo\/ -->\n<title>[ Eaton ] &#129351; Kb2014200000m10 No Break \/ Ups \/ \/ Modelo 9355-20\/20kva 20000 Va\/ 18000 W \/220v Torre Runtime 7m Con.7pf\/doble Conversion On Line \/obligatorio Cotizar Con Pm Servicio De Arranque Y Viaticos<\/title>\n<meta name=\"description\" content=\"Compra Kb2014200000m10 No Break \/ Ups \/ \/ Modelo 9355-20\/20kva 20000 Va\/ 18000 W \/220v Torre Runtime 7m Con.7pf\/doble Conversion On Line \/obligatorio Cotizar Con Pm Servicio De Arranque Y Viaticos + Env\u00edo a domicilio + Pago seguro + Garant\u00eda\" \/>\n<meta name=\"robots\" content=\"index, follow, max-snippet:-1, max-image-preview:large, max-video-preview:-1\" \/>\n<link rel=\"canonical\" href=\"https:\/\/compuviper.mx\/tienda\/producto\/eaton-kb2014200000m10-no-break-ups-modelo-9355-20-20kva-20000-va-18000-w-220v-torre-runtime-7m-con-7pf-doble-conversion-on-line-obligatorio-cotizar-con-pm-servicio-de-arranque-y-viaticos\/\" \/>\n<meta property=\"og:locale\" content=\"es_MX\" \/>\n<meta property=\"og:type\" content=\"article\" \/>\n<meta property=\"og:title\" content=\"[ Eaton ] &#129351; Kb2014200000m10 No Break \/ Ups \/ \/ Modelo 9355-20\/20kva 20000 Va\/ 18000 W \/220v Torre Runtime 7m Con.7pf\/doble Conversion On Line \/obligatorio Cotizar Con Pm Servicio De Arranque Y Viaticos\" \/>\n<meta property=\"og:description\" content=\"Compra Kb2014200000m10 No Break \/ Ups \/ \/ Modelo 9355-20\/20kva 20000 Va\/ 18000 W \/220v Torre Runtime 7m Con.7pf\/doble Conversion On Line \/obligatorio Cotizar Con Pm Servicio De Arranque Y Viaticos + Env\u00edo a domicilio + Pago seguro + Garant\u00eda\" \/>\n<meta property=\"og:url\" content=\"https:\/\/compuviper.mx\/tienda\/producto\/eaton-kb2014200000m10-no-break-ups-modelo-9355-20-20kva-20000-va-18000-w-220v-torre-runtime-7m-con-7pf-doble-conversion-on-line-obligatorio-cotizar-con-pm-servicio-de-arranque-y-viaticos\/\" \/>\n<meta property=\"og:site_name\" content=\"Compuviper\" \/>\n<meta property=\"article:publisher\" content=\"https:\/\/www.facebook.com\/compuviper\" \/>\n<meta property=\"article:modified_time\" content=\"2026-04-07T06:32:27+00:00\" \/>\n<meta property=\"og:image\" content=\"https:\/\/compuviper.mx\/tienda\/wp-content\/uploads\/2025\/04\/No-break-ups-eaton-modelo-kb2014200000m10-9355-2020kva-20000-va-18000-w-220v-torre-runtime-7m-con.7pfdoble-conversion-on-line-obligatorio-cotizar-con-pm-servicio-de-arranque-y-viaticos.jpg\" \/>\n\t<meta property=\"og:image:width\" content=\"200\" \/>\n\t<meta property=\"og:image:height\" content=\"200\" \/>\n\t<meta property=\"og:image:type\" content=\"image\/jpeg\" \/>\n<meta name=\"twitter:card\" content=\"summary_large_image\" \/>\n<meta name=\"twitter:label1\" content=\"Precio\" \/>\n\t<meta name=\"twitter:data1\" content=\"&#36;410,334 con IVA\" \/>\n\t<meta name=\"twitter:label2\" content=\"Availability\" \/>\n\t<meta name=\"twitter:data2\" content=\"On backorder\" \/>\n<script type=\"application\/ld+json\" class=\"yoast-schema-graph\">{\"@context\":\"https:\/\/schema.org\",\"@graph\":[{\"@type\":\"WebPage\",\"@id\":\"https:\/\/compuviper.mx\/tienda\/producto\/eaton-kb2014200000m10-no-break-ups-modelo-9355-20-20kva-20000-va-18000-w-220v-torre-runtime-7m-con-7pf-doble-conversion-on-line-obligatorio-cotizar-con-pm-servicio-de-arranque-y-viaticos\/\",\"url\":\"https:\/\/compuviper.mx\/tienda\/producto\/eaton-kb2014200000m10-no-break-ups-modelo-9355-20-20kva-20000-va-18000-w-220v-torre-runtime-7m-con-7pf-doble-conversion-on-line-obligatorio-cotizar-con-pm-servicio-de-arranque-y-viaticos\/\",\"name\":\"[ Eaton ] &#129351; Kb2014200000m10 No Break \/ Ups \/ \/ Modelo 9355-20\/20kva 20000 Va\/ 18000 W \/220v Torre Runtime 7m Con.7pf\/doble Conversion On Line \/obligatorio Cotizar Con Pm Servicio De Arranque Y Viaticos\",\"isPartOf\":{\"@id\":\"https:\/\/compuviper.mx\/tienda\/#website\"},\"datePublished\":\"2026-04-07T06:32:26+00:00\",\"dateModified\":\"2026-04-07T06:32:27+00:00\",\"description\":\"Compra Kb2014200000m10 No Break \/ Ups \/ \/ Modelo 9355-20\/20kva 20000 Va\/ 18000 W \/220v Torre Runtime 7m Con.7pf\/doble Conversion On Line \/obligatorio Cotizar Con Pm Servicio De Arranque Y Viaticos + Env\u00edo a domicilio + Pago seguro + Garant\u00eda\",\"breadcrumb\":{\"@id\":\"https:\/\/compuviper.mx\/tienda\/producto\/eaton-kb2014200000m10-no-break-ups-modelo-9355-20-20kva-20000-va-18000-w-220v-torre-runtime-7m-con-7pf-doble-conversion-on-line-obligatorio-cotizar-con-pm-servicio-de-arranque-y-viaticos\/#breadcrumb\"},\"inLanguage\":\"es-MX\",\"potentialAction\":[{\"@type\":\"ReadAction\",\"target\":[\"https:\/\/compuviper.mx\/tienda\/producto\/eaton-kb2014200000m10-no-break-ups-modelo-9355-20-20kva-20000-va-18000-w-220v-torre-runtime-7m-con-7pf-doble-conversion-on-line-obligatorio-cotizar-con-pm-servicio-de-arranque-y-viaticos\/\"]}]},{\"@type\":\"BreadcrumbList\",\"@id\":\"https:\/\/compuviper.mx\/tienda\/producto\/eaton-kb2014200000m10-no-break-ups-modelo-9355-20-20kva-20000-va-18000-w-220v-torre-runtime-7m-con-7pf-doble-conversion-on-line-obligatorio-cotizar-con-pm-servicio-de-arranque-y-viaticos\/#breadcrumb\",\"itemListElement\":[{\"@type\":\"ListItem\",\"position\":1,\"name\":\"Inicio\",\"item\":\"https:\/\/compuviper.mx\/tienda\/\"},{\"@type\":\"ListItem\",\"position\":2,\"name\":\"Productos\",\"item\":\"https:\/\/compuviper.mx\/tienda\/productos\/\"},{\"@type\":\"ListItem\",\"position\":3,\"name\":\"Energia\",\"item\":\"https:\/\/compuviper.mx\/tienda\/categoria-producto\/energia\/\"},{\"@type\":\"ListItem\",\"position\":4,\"name\":\"No Break\",\"item\":\"https:\/\/compuviper.mx\/tienda\/categoria-producto\/energia\/no-break\/\"},{\"@type\":\"ListItem\",\"position\":5,\"name\":\"Eaton Kb2014200000m10 No Break \/ Ups \/ \/ Modelo 9355-20\/20kva 20000 Va\/ 18000 W \/220v Torre Runtime 7m Con.7pf\/doble Conversion On Line \/obligatorio Cotizar Con Pm Servicio De Arranque Y Viaticos\"}]},{\"@type\":\"WebSite\",\"@id\":\"https:\/\/compuviper.mx\/tienda\/#website\",\"url\":\"https:\/\/compuviper.mx\/tienda\/\",\"name\":\"Compuviper\",\"description\":\"Proveedor de Computadoras, Laptops, Servidores, Monitores, Puntos de Venta, Teclados,   Impresoras, T\u00f3ner, C\u00e1maras de Seguridad y m\u00e1s en tu tienda en l\u00ednea\",\"publisher\":{\"@id\":\"https:\/\/compuviper.mx\/tienda\/#organization\"},\"potentialAction\":[{\"@type\":\"SearchAction\",\"target\":{\"@type\":\"EntryPoint\",\"urlTemplate\":\"https:\/\/compuviper.mx\/tienda\/?s={search_term_string}\"},\"query-input\":\"required name=search_term_string\"}],\"inLanguage\":\"es-MX\"},{\"@type\":\"Organization\",\"@id\":\"https:\/\/compuviper.mx\/tienda\/#organization\",\"name\":\"Compuviper\",\"url\":\"https:\/\/compuviper.mx\/tienda\/\",\"logo\":{\"@type\":\"ImageObject\",\"inLanguage\":\"es-MX\",\"@id\":\"https:\/\/compuviper.mx\/tienda\/#\/schema\/logo\/image\/\",\"url\":\"https:\/\/compuviper.mx\/tienda\/wp-content\/uploads\/2021\/08\/Logo-Compuviper-10.png\",\"contentUrl\":\"https:\/\/compuviper.mx\/tienda\/wp-content\/uploads\/2021\/08\/Logo-Compuviper-10.png\",\"width\":1000,\"height\":500,\"caption\":\"Compuviper\"},\"image\":{\"@id\":\"https:\/\/compuviper.mx\/tienda\/#\/schema\/logo\/image\/\"},\"sameAs\":[\"https:\/\/www.facebook.com\/compuviper\",\"https:\/\/www.youtube.com\/channel\/UCf73dERp9Y3cfOq7q8BhLjA?view_as=subscriber\"]}]}<\/script>\n<meta property=\"product:brand\" content=\"EATON\" \/>\n<meta property=\"product:price:amount\" content=\"410334\" \/>\n<meta property=\"product:price:currency\" content=\"MXN\" \/>\n<meta property=\"og:availability\" content=\"backorder\" \/>\n<meta property=\"product:availability\" content=\"available for order\" \/>\n<meta property=\"product:retailer_item_id\" content=\"KB2014200000M10\" \/>\n<meta property=\"product:condition\" content=\"new\" \/>\n<!-- \/ Yoast SEO plugin. -->","yoast_head_json":{"title":"[ Eaton ] &#129351; Kb2014200000m10 No Break \/ Ups \/ \/ Modelo 9355-20\/20kva 20000 Va\/ 18000 W \/220v Torre Runtime 7m Con.7pf\/doble Conversion On Line \/obligatorio Cotizar Con Pm Servicio De Arranque Y Viaticos","description":"Compra Kb2014200000m10 No Break \/ Ups \/ \/ Modelo 9355-20\/20kva 20000 Va\/ 18000 W \/220v Torre Runtime 7m Con.7pf\/doble Conversion On Line \/obligatorio Cotizar Con Pm Servicio De Arranque Y Viaticos + Env\u00edo a domicilio + Pago seguro + Garant\u00eda","robots":{"index":"index","follow":"follow","max-snippet":"max-snippet:-1","max-image-preview":"max-image-preview:large","max-video-preview":"max-video-preview:-1"},"canonical":"https:\/\/compuviper.mx\/tienda\/producto\/eaton-kb2014200000m10-no-break-ups-modelo-9355-20-20kva-20000-va-18000-w-220v-torre-runtime-7m-con-7pf-doble-conversion-on-line-obligatorio-cotizar-con-pm-servicio-de-arranque-y-viaticos\/","og_locale":"es_MX","og_type":"article","og_title":"[ Eaton ] &#129351; Kb2014200000m10 No Break \/ Ups \/ \/ Modelo 9355-20\/20kva 20000 Va\/ 18000 W \/220v Torre Runtime 7m Con.7pf\/doble Conversion On Line \/obligatorio Cotizar Con Pm Servicio De Arranque Y Viaticos","og_description":"Compra Kb2014200000m10 No Break \/ Ups \/ \/ Modelo 9355-20\/20kva 20000 Va\/ 18000 W \/220v Torre Runtime 7m Con.7pf\/doble Conversion On Line \/obligatorio Cotizar Con Pm Servicio De Arranque Y Viaticos + Env\u00edo a domicilio + Pago seguro + Garant\u00eda","og_url":"https:\/\/compuviper.mx\/tienda\/producto\/eaton-kb2014200000m10-no-break-ups-modelo-9355-20-20kva-20000-va-18000-w-220v-torre-runtime-7m-con-7pf-doble-conversion-on-line-obligatorio-cotizar-con-pm-servicio-de-arranque-y-viaticos\/","og_site_name":"Compuviper","article_publisher":"https:\/\/www.facebook.com\/compuviper","article_modified_time":"2026-04-07T06:32:27+00:00","og_image":[{"width":200,"height":200,"url":"https:\/\/compuviper.mx\/tienda\/wp-content\/uploads\/2025\/04\/No-break-ups-eaton-modelo-kb2014200000m10-9355-2020kva-20000-va-18000-w-220v-torre-runtime-7m-con.7pfdoble-conversion-on-line-obligatorio-cotizar-con-pm-servicio-de-arranque-y-viaticos.jpg","type":"image\/jpeg"}],"twitter_card":"summary_large_image","twitter_misc":{"Precio":"&#36;410,334 con IVA","Availability":"On backorder"},"schema":{"@context":"https:\/\/schema.org","@graph":[{"@type":"WebPage","@id":"https:\/\/compuviper.mx\/tienda\/producto\/eaton-kb2014200000m10-no-break-ups-modelo-9355-20-20kva-20000-va-18000-w-220v-torre-runtime-7m-con-7pf-doble-conversion-on-line-obligatorio-cotizar-con-pm-servicio-de-arranque-y-viaticos\/","url":"https:\/\/compuviper.mx\/tienda\/producto\/eaton-kb2014200000m10-no-break-ups-modelo-9355-20-20kva-20000-va-18000-w-220v-torre-runtime-7m-con-7pf-doble-conversion-on-line-obligatorio-cotizar-con-pm-servicio-de-arranque-y-viaticos\/","name":"[ Eaton ] &#129351; Kb2014200000m10 No Break \/ Ups \/ \/ Modelo 9355-20\/20kva 20000 Va\/ 18000 W \/220v Torre Runtime 7m Con.7pf\/doble Conversion On Line \/obligatorio Cotizar Con Pm Servicio De Arranque Y Viaticos","isPartOf":{"@id":"https:\/\/compuviper.mx\/tienda\/#website"},"datePublished":"2026-04-07T06:32:26+00:00","dateModified":"2026-04-07T06:32:27+00:00","description":"Compra Kb2014200000m10 No Break \/ Ups \/ \/ Modelo 9355-20\/20kva 20000 Va\/ 18000 W \/220v Torre Runtime 7m Con.7pf\/doble Conversion On Line \/obligatorio Cotizar Con Pm Servicio De Arranque Y Viaticos + Env\u00edo a domicilio + Pago seguro + Garant\u00eda","breadcrumb":{"@id":"https:\/\/compuviper.mx\/tienda\/producto\/eaton-kb2014200000m10-no-break-ups-modelo-9355-20-20kva-20000-va-18000-w-220v-torre-runtime-7m-con-7pf-doble-conversion-on-line-obligatorio-cotizar-con-pm-servicio-de-arranque-y-viaticos\/#breadcrumb"},"inLanguage":"es-MX","potentialAction":[{"@type":"ReadAction","target":["https:\/\/compuviper.mx\/tienda\/producto\/eaton-kb2014200000m10-no-break-ups-modelo-9355-20-20kva-20000-va-18000-w-220v-torre-runtime-7m-con-7pf-doble-conversion-on-line-obligatorio-cotizar-con-pm-servicio-de-arranque-y-viaticos\/"]}]},{"@type":"BreadcrumbList","@id":"https:\/\/compuviper.mx\/tienda\/producto\/eaton-kb2014200000m10-no-break-ups-modelo-9355-20-20kva-20000-va-18000-w-220v-torre-runtime-7m-con-7pf-doble-conversion-on-line-obligatorio-cotizar-con-pm-servicio-de-arranque-y-viaticos\/#breadcrumb","itemListElement":[{"@type":"ListItem","position":1,"name":"Inicio","item":"https:\/\/compuviper.mx\/tienda\/"},{"@type":"ListItem","position":2,"name":"Productos","item":"https:\/\/compuviper.mx\/tienda\/productos\/"},{"@type":"ListItem","position":3,"name":"Energia","item":"https:\/\/compuviper.mx\/tienda\/categoria-producto\/energia\/"},{"@type":"ListItem","position":4,"name":"No Break","item":"https:\/\/compuviper.mx\/tienda\/categoria-producto\/energia\/no-break\/"},{"@type":"ListItem","position":5,"name":"Eaton Kb2014200000m10 No Break \/ Ups \/ \/ Modelo 9355-20\/20kva 20000 Va\/ 18000 W \/220v Torre Runtime 7m Con.7pf\/doble Conversion On Line \/obligatorio Cotizar Con Pm Servicio De Arranque Y Viaticos"}]},{"@type":"WebSite","@id":"https:\/\/compuviper.mx\/tienda\/#website","url":"https:\/\/compuviper.mx\/tienda\/","name":"Compuviper","description":"Proveedor de Computadoras, Laptops, Servidores, Monitores, Puntos de Venta, Teclados,   Impresoras, T\u00f3ner, C\u00e1maras de Seguridad y m\u00e1s en tu tienda en l\u00ednea","publisher":{"@id":"https:\/\/compuviper.mx\/tienda\/#organization"},"potentialAction":[{"@type":"SearchAction","target":{"@type":"EntryPoint","urlTemplate":"https:\/\/compuviper.mx\/tienda\/?s={search_term_string}"},"query-input":"required name=search_term_string"}],"inLanguage":"es-MX"},{"@type":"Organization","@id":"https:\/\/compuviper.mx\/tienda\/#organization","name":"Compuviper","url":"https:\/\/compuviper.mx\/tienda\/","logo":{"@type":"ImageObject","inLanguage":"es-MX","@id":"https:\/\/compuviper.mx\/tienda\/#\/schema\/logo\/image\/","url":"https:\/\/compuviper.mx\/tienda\/wp-content\/uploads\/2021\/08\/Logo-Compuviper-10.png","contentUrl":"https:\/\/compuviper.mx\/tienda\/wp-content\/uploads\/2021\/08\/Logo-Compuviper-10.png","width":1000,"height":500,"caption":"Compuviper"},"image":{"@id":"https:\/\/compuviper.mx\/tienda\/#\/schema\/logo\/image\/"},"sameAs":["https:\/\/www.facebook.com\/compuviper","https:\/\/www.youtube.com\/channel\/UCf73dERp9Y3cfOq7q8BhLjA?view_as=subscriber"]}]},"product_brand":"EATON","product_price_amount":"410334","product_price_currency":"MXN","og_availability":"backorder","product_availability":"available for order","product_retailer_item_id":"KB2014200000M10","product_condition":"new"},"_links":{"self":[{"href":"https:\/\/compuviper.mx\/tienda\/wp-json\/wp\/v2\/product\/251199"}],"collection":[{"href":"https:\/\/compuviper.mx\/tienda\/wp-json\/wp\/v2\/product"}],"about":[{"href":"https:\/\/compuviper.mx\/tienda\/wp-json\/wp\/v2\/types\/product"}],"replies":[{"embeddable":true,"href":"https:\/\/compuviper.mx\/tienda\/wp-json\/wp\/v2\/comments?post=251199"}],"wp:featuredmedia":[{"embeddable":true,"href":"https:\/\/compuviper.mx\/tienda\/wp-json\/wp\/v2\/media\/251751"}],"wp:attachment":[{"href":"https:\/\/compuviper.mx\/tienda\/wp-json\/wp\/v2\/media?parent=251199"}],"wp:term":[{"taxonomy":"product_cat","embeddable":true,"href":"https:\/\/compuviper.mx\/tienda\/wp-json\/wp\/v2\/product_cat?post=251199"},{"taxonomy":"product_tag","embeddable":true,"href":"https:\/\/compuviper.mx\/tienda\/wp-json\/wp\/v2\/product_tag?post=251199"}],"curies":[{"name":"wp","href":"https:\/\/api.w.org\/{rel}","templated":true}]}}