{"id":251189,"date":"2026-04-02T00:22:32","date_gmt":"2026-04-02T06:22:32","guid":{"rendered":"https:\/\/compuviper.mx\/tienda\/producto\/dahua-dh-xvr5232an-4kl-i3-dvr-xvr5232an-4kl-i3-32-canales-4k-8-mp-wizsense-con-ia-6-canales-de-reconocimiento-facial-h-265-codificacion-ia-smd-plus-2-bahias-de-discos-funciones-iot-and-pos\/"},"modified":"2026-04-02T00:22:32","modified_gmt":"2026-04-02T06:22:32","slug":"dahua-dh-xvr5232an-4kl-i3-dvr-xvr5232an-4kl-i3-32-canales-4k-8-mp-wizsense-con-ia-6-canales-de-reconocimiento-facial-h-265-codificacion-ia-smd-plus-2-bahias-de-discos-funciones-iot-and-pos","status":"publish","type":"product","link":"https:\/\/compuviper.mx\/tienda\/producto\/dahua-dh-xvr5232an-4kl-i3-dvr-xvr5232an-4kl-i3-32-canales-4k-8-mp-wizsense-con-ia-6-canales-de-reconocimiento-facial-h-265-codificacion-ia-smd-plus-2-bahias-de-discos-funciones-iot-and-pos\/","title":{"rendered":"Dahua Dh-xvr5232an-4kl-i3 Dvr\/ Xvr5232an-4kl-i3\/ \/32 Canales 4k\/ 8 Mp\/ Wizsense\/ Con Ia\/ 6 Canales De Reconocimiento Facial\/ H.265+\/codificacion Ia\/smd Plus\/2 Bahias De Discos\/funciones Iot And Pos"},"content":{"rendered":"<table class=\"descripcion\">\n<tr>\n<td>Especificaciones tecnicas<\/td>\n<\/tr>\n<tr>\n<td>\u0095 procesador principal integrado<\/td>\n<\/tr>\n<tr>\n<td>\u0095 sistema operativo: linux integrado<\/td>\n<\/tr>\n<tr>\n<td>\u0095 interfaz de operacion: web; interfaz grafica de usuario local<\/td>\n<\/tr>\n<tr>\n<td>\u0095 desempeno perimetral ai por registrador (numero de canales): modelo avanzado: 2 canales, 10 ivs para cada canal modelo general: 8 canales, 10 ivs para cada canal<\/td>\n<\/tr>\n<tr>\n<td>\u0095 hasta 10 bases de datos de rostros con 20 000 imagenes de rostros en total<\/td>\n<\/tr>\n<tr>\n<td>Caracteristicas principales<\/td>\n<\/tr>\n<tr>\n<td>\u00b7 compresion de video de flujo dual h.265+\/h.265<\/td>\n<\/tr>\n<tr>\n<td>\u00b7 admite codificacion de ia de canal completo<\/td>\n<\/tr>\n<tr>\n<td>\u00b7 admite entradas de video hdcvi\/ahd\/tvi\/cvbs\/ip<\/td>\n<\/tr>\n<tr>\n<td>\u00b7 entradas de camara ip de 16 canales como maximo, cada canal hasta 8mp; ancho de banda entrante maximo de 128 mbps<\/td>\n<\/tr>\n<tr>\n<td>\u00b7 transmision de video de hasta 8 canales (canal analogico) proteccion perimetral<\/td>\n<\/tr>\n<tr>\n<td>\u00b7 transmision de video de hasta 8 canales (canal analogico) smd plus<\/td>\n<\/tr>\n<tr>\n<td>\u00b7 transmision de video de hasta 2 canales (canal analogico) reconocimiento de rostro humano<\/td>\n<\/tr>\n<tr>\n<td>\u00b7 funcionalidades iot y pos<\/td>\n<\/tr>\n<tr>\n<td>\u00b7 la salida de fuentes de video simultaneas\/heterogeneas para vga y hdmi es configurable<\/td>\n<\/tr>\n<\/table>\n","protected":false},"excerpt":{"rendered":"<p>Informacion general. Dahua technology, un proveedor de servicios y soluciones de iot inteligente centrado en video lider en el mundo, presento su nueva serie xvr, la serie xvr5000-4kl-i3 con smd plus de canal completo max. Para beneficiar a los clientes de la actualizacion de ia (la cantidad de canales difiere segun en el modelo. Consulte las especificaciones a continuacion para obtener informacion sobre el numero de canales). Esta serie ha sido desarrollada para reducir las tasas de falsas alarmas y el costo de la vigilancia humana, brindando asi un gran valor a los clientes que buscan productos con alarmas precisas para humanos\/vehiculos para elevar el nivel de seguridad de varias instalaciones interiores y exteriores. Iluminadores duales inteligentes. Con la tecnologia smart dual illuminators, puede seleccionar el modo de iluminacion inteligente para que el sistema cambie automaticamente entre el modo ir y el modo de luz blanca. Permite que se encienda la luz blanca cuando la funcion smd plus\/proteccion perimetral del xvr habilitado para ia detecta un objetivo. Esto reduce significativamente la contaminacion luminica por la noche. Junto con otros modos, incluido el modo ir y el modo de luz blanca, la tecnologia inteligente de iluminacion dual puede cumplir con los requisitos de una amplia variedad de escenas. Reconocimiento facial. La tecnologia dahua face recognition extrae las caracteristicas de las caras capturadas y las compara con las de la base de datos de caras para reconocer la identidad de la persona. Proteccion perimetral. Filtra automaticamente las falsas alarmas causadas por animales, hojas susurrantes, luces brillantes, etc. Permite que el sistema actue como reconocimiento secundario de los objetivos. Mejora la precision de la alarma. Smd mas. Con un algoritmo inteligente, la tecnologia de deteccion de movimiento inteligente de dahua puede categorizar los objetivos que activan la deteccion de movimiento y filtrar la alarma de deteccion de movimiento activada por objetivos no afectados para generar una alarma efectiva y precisa.<\/p>\n","protected":false},"featured_media":259510,"comment_status":"open","ping_status":"open","template":"","meta":[],"product_cat":[1689,1690],"product_tag":[1555],"acf":[],"yoast_head":"<!-- This site is optimized with the Yoast SEO plugin v21.7 - https:\/\/yoast.com\/wordpress\/plugins\/seo\/ -->\n<title>[ Dahua ] &#129351; Dh-xvr5232an-4kl-i3 Dvr\/ Xvr5232an-4kl-i3\/ \/32 Canales 4k\/ 8 Mp\/ Wizsense\/ Con Ia\/ 6 Canales De Reconocimiento Facial\/ H.265+\/codificacion Ia\/smd Plus\/2 Bahias De Discos\/funciones Iot And Pos<\/title>\n<meta name=\"description\" content=\"Compra Dh-xvr5232an-4kl-i3 Dvr\/ Xvr5232an-4kl-i3\/ \/32 Canales 4k\/ 8 Mp\/ Wizsense\/ Con Ia\/ 6 Canales De Reconocimiento Facial\/ H.265+\/codificacion Ia\/smd Plus\/2 Bahias De Discos\/funciones Iot And Pos + Env\u00edo a domicilio + Pago seguro + Garant\u00eda\" \/>\n<meta name=\"robots\" content=\"index, follow, max-snippet:-1, max-image-preview:large, max-video-preview:-1\" \/>\n<link rel=\"canonical\" href=\"https:\/\/compuviper.mx\/tienda\/producto\/dahua-dh-xvr5232an-4kl-i3-dvr-xvr5232an-4kl-i3-32-canales-4k-8-mp-wizsense-con-ia-6-canales-de-reconocimiento-facial-h-265-codificacion-ia-smd-plus-2-bahias-de-discos-funciones-iot-and-pos\/\" \/>\n<meta property=\"og:locale\" content=\"es_MX\" \/>\n<meta property=\"og:type\" content=\"article\" \/>\n<meta property=\"og:title\" content=\"[ Dahua ] &#129351; Dh-xvr5232an-4kl-i3 Dvr\/ Xvr5232an-4kl-i3\/ \/32 Canales 4k\/ 8 Mp\/ Wizsense\/ Con Ia\/ 6 Canales De Reconocimiento Facial\/ H.265+\/codificacion Ia\/smd Plus\/2 Bahias De Discos\/funciones Iot And Pos\" \/>\n<meta property=\"og:description\" content=\"Compra Dh-xvr5232an-4kl-i3 Dvr\/ Xvr5232an-4kl-i3\/ \/32 Canales 4k\/ 8 Mp\/ Wizsense\/ Con Ia\/ 6 Canales De Reconocimiento Facial\/ H.265+\/codificacion Ia\/smd Plus\/2 Bahias De Discos\/funciones Iot And Pos + Env\u00edo a domicilio + Pago seguro + Garant\u00eda\" \/>\n<meta property=\"og:url\" content=\"https:\/\/compuviper.mx\/tienda\/producto\/dahua-dh-xvr5232an-4kl-i3-dvr-xvr5232an-4kl-i3-32-canales-4k-8-mp-wizsense-con-ia-6-canales-de-reconocimiento-facial-h-265-codificacion-ia-smd-plus-2-bahias-de-discos-funciones-iot-and-pos\/\" \/>\n<meta property=\"og:site_name\" content=\"Compuviper\" \/>\n<meta property=\"article:publisher\" content=\"https:\/\/www.facebook.com\/compuviper\" \/>\n<meta property=\"og:image\" content=\"https:\/\/compuviper.mx\/tienda\/wp-content\/uploads\/2025\/10\/Dvr-xvr5232an-4kl-i3-dahua32-canales-4k-8-mp-wizsense-con-ia-6-canales-de-reconocimiento-facial-h.265codificacion-iasmd-plus2-bahias-de-discosfunciones-iot-and-pos.jpg\" \/>\n\t<meta property=\"og:image:width\" content=\"200\" \/>\n\t<meta property=\"og:image:height\" content=\"200\" \/>\n\t<meta property=\"og:image:type\" content=\"image\/jpeg\" \/>\n<meta name=\"twitter:card\" content=\"summary_large_image\" \/>\n<meta name=\"twitter:label1\" content=\"Precio\" \/>\n\t<meta name=\"twitter:data1\" content=\"&#36;10,830 con IVA\" \/>\n\t<meta name=\"twitter:label2\" content=\"Availability\" \/>\n\t<meta name=\"twitter:data2\" content=\"Out of stock\" \/>\n<script type=\"application\/ld+json\" class=\"yoast-schema-graph\">{\"@context\":\"https:\/\/schema.org\",\"@graph\":[{\"@type\":\"WebPage\",\"@id\":\"https:\/\/compuviper.mx\/tienda\/producto\/dahua-dh-xvr5232an-4kl-i3-dvr-xvr5232an-4kl-i3-32-canales-4k-8-mp-wizsense-con-ia-6-canales-de-reconocimiento-facial-h-265-codificacion-ia-smd-plus-2-bahias-de-discos-funciones-iot-and-pos\/\",\"url\":\"https:\/\/compuviper.mx\/tienda\/producto\/dahua-dh-xvr5232an-4kl-i3-dvr-xvr5232an-4kl-i3-32-canales-4k-8-mp-wizsense-con-ia-6-canales-de-reconocimiento-facial-h-265-codificacion-ia-smd-plus-2-bahias-de-discos-funciones-iot-and-pos\/\",\"name\":\"[ Dahua ] &#129351; Dh-xvr5232an-4kl-i3 Dvr\/ Xvr5232an-4kl-i3\/ \/32 Canales 4k\/ 8 Mp\/ Wizsense\/ Con Ia\/ 6 Canales De Reconocimiento Facial\/ H.265+\/codificacion Ia\/smd Plus\/2 Bahias De Discos\/funciones Iot And Pos\",\"isPartOf\":{\"@id\":\"https:\/\/compuviper.mx\/tienda\/#website\"},\"datePublished\":\"2026-04-02T06:22:32+00:00\",\"dateModified\":\"2026-04-02T06:22:32+00:00\",\"description\":\"Compra Dh-xvr5232an-4kl-i3 Dvr\/ Xvr5232an-4kl-i3\/ \/32 Canales 4k\/ 8 Mp\/ Wizsense\/ Con Ia\/ 6 Canales De Reconocimiento Facial\/ H.265+\/codificacion Ia\/smd Plus\/2 Bahias De Discos\/funciones Iot And Pos + Env\u00edo a domicilio + Pago seguro + Garant\u00eda\",\"breadcrumb\":{\"@id\":\"https:\/\/compuviper.mx\/tienda\/producto\/dahua-dh-xvr5232an-4kl-i3-dvr-xvr5232an-4kl-i3-32-canales-4k-8-mp-wizsense-con-ia-6-canales-de-reconocimiento-facial-h-265-codificacion-ia-smd-plus-2-bahias-de-discos-funciones-iot-and-pos\/#breadcrumb\"},\"inLanguage\":\"es-MX\",\"potentialAction\":[{\"@type\":\"ReadAction\",\"target\":[\"https:\/\/compuviper.mx\/tienda\/producto\/dahua-dh-xvr5232an-4kl-i3-dvr-xvr5232an-4kl-i3-32-canales-4k-8-mp-wizsense-con-ia-6-canales-de-reconocimiento-facial-h-265-codificacion-ia-smd-plus-2-bahias-de-discos-funciones-iot-and-pos\/\"]}]},{\"@type\":\"BreadcrumbList\",\"@id\":\"https:\/\/compuviper.mx\/tienda\/producto\/dahua-dh-xvr5232an-4kl-i3-dvr-xvr5232an-4kl-i3-32-canales-4k-8-mp-wizsense-con-ia-6-canales-de-reconocimiento-facial-h-265-codificacion-ia-smd-plus-2-bahias-de-discos-funciones-iot-and-pos\/#breadcrumb\",\"itemListElement\":[{\"@type\":\"ListItem\",\"position\":1,\"name\":\"Inicio\",\"item\":\"https:\/\/compuviper.mx\/tienda\/\"},{\"@type\":\"ListItem\",\"position\":2,\"name\":\"Productos\",\"item\":\"https:\/\/compuviper.mx\/tienda\/productos\/\"},{\"@type\":\"ListItem\",\"position\":3,\"name\":\"Videograbadores\",\"item\":\"https:\/\/compuviper.mx\/tienda\/categoria-producto\/videograbadores\/\"},{\"@type\":\"ListItem\",\"position\":4,\"name\":\"Dvr\",\"item\":\"https:\/\/compuviper.mx\/tienda\/categoria-producto\/videograbadores\/dvr\/\"},{\"@type\":\"ListItem\",\"position\":5,\"name\":\"Dahua Dh-xvr5232an-4kl-i3 Dvr\/ Xvr5232an-4kl-i3\/ \/32 Canales 4k\/ 8 Mp\/ Wizsense\/ Con Ia\/ 6 Canales De Reconocimiento Facial\/ H.265+\/codificacion Ia\/smd Plus\/2 Bahias De Discos\/funciones Iot And Pos\"}]},{\"@type\":\"WebSite\",\"@id\":\"https:\/\/compuviper.mx\/tienda\/#website\",\"url\":\"https:\/\/compuviper.mx\/tienda\/\",\"name\":\"Compuviper\",\"description\":\"Proveedor de Computadoras, Laptops, Servidores, Monitores, Puntos de Venta, Teclados,   Impresoras, T\u00f3ner, C\u00e1maras de Seguridad y m\u00e1s en tu tienda en l\u00ednea\",\"publisher\":{\"@id\":\"https:\/\/compuviper.mx\/tienda\/#organization\"},\"potentialAction\":[{\"@type\":\"SearchAction\",\"target\":{\"@type\":\"EntryPoint\",\"urlTemplate\":\"https:\/\/compuviper.mx\/tienda\/?s={search_term_string}\"},\"query-input\":\"required name=search_term_string\"}],\"inLanguage\":\"es-MX\"},{\"@type\":\"Organization\",\"@id\":\"https:\/\/compuviper.mx\/tienda\/#organization\",\"name\":\"Compuviper\",\"url\":\"https:\/\/compuviper.mx\/tienda\/\",\"logo\":{\"@type\":\"ImageObject\",\"inLanguage\":\"es-MX\",\"@id\":\"https:\/\/compuviper.mx\/tienda\/#\/schema\/logo\/image\/\",\"url\":\"https:\/\/compuviper.mx\/tienda\/wp-content\/uploads\/2021\/08\/Logo-Compuviper-10.png\",\"contentUrl\":\"https:\/\/compuviper.mx\/tienda\/wp-content\/uploads\/2021\/08\/Logo-Compuviper-10.png\",\"width\":1000,\"height\":500,\"caption\":\"Compuviper\"},\"image\":{\"@id\":\"https:\/\/compuviper.mx\/tienda\/#\/schema\/logo\/image\/\"},\"sameAs\":[\"https:\/\/www.facebook.com\/compuviper\",\"https:\/\/www.youtube.com\/channel\/UCf73dERp9Y3cfOq7q8BhLjA?view_as=subscriber\"]}]}<\/script>\n<meta property=\"product:brand\" content=\"DAHUA\" \/>\n<meta property=\"product:price:amount\" content=\"10830\" \/>\n<meta property=\"product:price:currency\" content=\"MXN\" \/>\n<meta property=\"og:availability\" content=\"out of stock\" \/>\n<meta property=\"product:availability\" content=\"out of stock\" \/>\n<meta property=\"product:retailer_item_id\" content=\"DH-XVR5232AN-4KL-I3\" \/>\n<meta property=\"product:condition\" content=\"new\" \/>\n<!-- \/ Yoast SEO plugin. -->","yoast_head_json":{"title":"[ Dahua ] &#129351; Dh-xvr5232an-4kl-i3 Dvr\/ Xvr5232an-4kl-i3\/ \/32 Canales 4k\/ 8 Mp\/ Wizsense\/ Con Ia\/ 6 Canales De Reconocimiento Facial\/ H.265+\/codificacion Ia\/smd Plus\/2 Bahias De Discos\/funciones Iot And Pos","description":"Compra Dh-xvr5232an-4kl-i3 Dvr\/ Xvr5232an-4kl-i3\/ \/32 Canales 4k\/ 8 Mp\/ Wizsense\/ Con Ia\/ 6 Canales De Reconocimiento Facial\/ H.265+\/codificacion Ia\/smd Plus\/2 Bahias De Discos\/funciones Iot And Pos + Env\u00edo a domicilio + Pago seguro + Garant\u00eda","robots":{"index":"index","follow":"follow","max-snippet":"max-snippet:-1","max-image-preview":"max-image-preview:large","max-video-preview":"max-video-preview:-1"},"canonical":"https:\/\/compuviper.mx\/tienda\/producto\/dahua-dh-xvr5232an-4kl-i3-dvr-xvr5232an-4kl-i3-32-canales-4k-8-mp-wizsense-con-ia-6-canales-de-reconocimiento-facial-h-265-codificacion-ia-smd-plus-2-bahias-de-discos-funciones-iot-and-pos\/","og_locale":"es_MX","og_type":"article","og_title":"[ Dahua ] &#129351; Dh-xvr5232an-4kl-i3 Dvr\/ Xvr5232an-4kl-i3\/ \/32 Canales 4k\/ 8 Mp\/ Wizsense\/ Con Ia\/ 6 Canales De Reconocimiento Facial\/ H.265+\/codificacion Ia\/smd Plus\/2 Bahias De Discos\/funciones Iot And Pos","og_description":"Compra Dh-xvr5232an-4kl-i3 Dvr\/ Xvr5232an-4kl-i3\/ \/32 Canales 4k\/ 8 Mp\/ Wizsense\/ Con Ia\/ 6 Canales De Reconocimiento Facial\/ H.265+\/codificacion Ia\/smd Plus\/2 Bahias De Discos\/funciones Iot And Pos + Env\u00edo a domicilio + Pago seguro + Garant\u00eda","og_url":"https:\/\/compuviper.mx\/tienda\/producto\/dahua-dh-xvr5232an-4kl-i3-dvr-xvr5232an-4kl-i3-32-canales-4k-8-mp-wizsense-con-ia-6-canales-de-reconocimiento-facial-h-265-codificacion-ia-smd-plus-2-bahias-de-discos-funciones-iot-and-pos\/","og_site_name":"Compuviper","article_publisher":"https:\/\/www.facebook.com\/compuviper","og_image":[{"width":200,"height":200,"url":"https:\/\/compuviper.mx\/tienda\/wp-content\/uploads\/2025\/10\/Dvr-xvr5232an-4kl-i3-dahua32-canales-4k-8-mp-wizsense-con-ia-6-canales-de-reconocimiento-facial-h.265codificacion-iasmd-plus2-bahias-de-discosfunciones-iot-and-pos.jpg","type":"image\/jpeg"}],"twitter_card":"summary_large_image","twitter_misc":{"Precio":"&#36;10,830 con IVA","Availability":"Out of stock"},"schema":{"@context":"https:\/\/schema.org","@graph":[{"@type":"WebPage","@id":"https:\/\/compuviper.mx\/tienda\/producto\/dahua-dh-xvr5232an-4kl-i3-dvr-xvr5232an-4kl-i3-32-canales-4k-8-mp-wizsense-con-ia-6-canales-de-reconocimiento-facial-h-265-codificacion-ia-smd-plus-2-bahias-de-discos-funciones-iot-and-pos\/","url":"https:\/\/compuviper.mx\/tienda\/producto\/dahua-dh-xvr5232an-4kl-i3-dvr-xvr5232an-4kl-i3-32-canales-4k-8-mp-wizsense-con-ia-6-canales-de-reconocimiento-facial-h-265-codificacion-ia-smd-plus-2-bahias-de-discos-funciones-iot-and-pos\/","name":"[ Dahua ] &#129351; Dh-xvr5232an-4kl-i3 Dvr\/ Xvr5232an-4kl-i3\/ \/32 Canales 4k\/ 8 Mp\/ Wizsense\/ Con Ia\/ 6 Canales De Reconocimiento Facial\/ H.265+\/codificacion Ia\/smd Plus\/2 Bahias De Discos\/funciones Iot And Pos","isPartOf":{"@id":"https:\/\/compuviper.mx\/tienda\/#website"},"datePublished":"2026-04-02T06:22:32+00:00","dateModified":"2026-04-02T06:22:32+00:00","description":"Compra Dh-xvr5232an-4kl-i3 Dvr\/ Xvr5232an-4kl-i3\/ \/32 Canales 4k\/ 8 Mp\/ Wizsense\/ Con Ia\/ 6 Canales De Reconocimiento Facial\/ H.265+\/codificacion Ia\/smd Plus\/2 Bahias De Discos\/funciones Iot And Pos + Env\u00edo a domicilio + Pago seguro + Garant\u00eda","breadcrumb":{"@id":"https:\/\/compuviper.mx\/tienda\/producto\/dahua-dh-xvr5232an-4kl-i3-dvr-xvr5232an-4kl-i3-32-canales-4k-8-mp-wizsense-con-ia-6-canales-de-reconocimiento-facial-h-265-codificacion-ia-smd-plus-2-bahias-de-discos-funciones-iot-and-pos\/#breadcrumb"},"inLanguage":"es-MX","potentialAction":[{"@type":"ReadAction","target":["https:\/\/compuviper.mx\/tienda\/producto\/dahua-dh-xvr5232an-4kl-i3-dvr-xvr5232an-4kl-i3-32-canales-4k-8-mp-wizsense-con-ia-6-canales-de-reconocimiento-facial-h-265-codificacion-ia-smd-plus-2-bahias-de-discos-funciones-iot-and-pos\/"]}]},{"@type":"BreadcrumbList","@id":"https:\/\/compuviper.mx\/tienda\/producto\/dahua-dh-xvr5232an-4kl-i3-dvr-xvr5232an-4kl-i3-32-canales-4k-8-mp-wizsense-con-ia-6-canales-de-reconocimiento-facial-h-265-codificacion-ia-smd-plus-2-bahias-de-discos-funciones-iot-and-pos\/#breadcrumb","itemListElement":[{"@type":"ListItem","position":1,"name":"Inicio","item":"https:\/\/compuviper.mx\/tienda\/"},{"@type":"ListItem","position":2,"name":"Productos","item":"https:\/\/compuviper.mx\/tienda\/productos\/"},{"@type":"ListItem","position":3,"name":"Videograbadores","item":"https:\/\/compuviper.mx\/tienda\/categoria-producto\/videograbadores\/"},{"@type":"ListItem","position":4,"name":"Dvr","item":"https:\/\/compuviper.mx\/tienda\/categoria-producto\/videograbadores\/dvr\/"},{"@type":"ListItem","position":5,"name":"Dahua Dh-xvr5232an-4kl-i3 Dvr\/ Xvr5232an-4kl-i3\/ \/32 Canales 4k\/ 8 Mp\/ Wizsense\/ Con Ia\/ 6 Canales De Reconocimiento Facial\/ H.265+\/codificacion Ia\/smd Plus\/2 Bahias De Discos\/funciones Iot And Pos"}]},{"@type":"WebSite","@id":"https:\/\/compuviper.mx\/tienda\/#website","url":"https:\/\/compuviper.mx\/tienda\/","name":"Compuviper","description":"Proveedor de Computadoras, Laptops, Servidores, Monitores, Puntos de Venta, Teclados,   Impresoras, T\u00f3ner, C\u00e1maras de Seguridad y m\u00e1s en tu tienda en l\u00ednea","publisher":{"@id":"https:\/\/compuviper.mx\/tienda\/#organization"},"potentialAction":[{"@type":"SearchAction","target":{"@type":"EntryPoint","urlTemplate":"https:\/\/compuviper.mx\/tienda\/?s={search_term_string}"},"query-input":"required name=search_term_string"}],"inLanguage":"es-MX"},{"@type":"Organization","@id":"https:\/\/compuviper.mx\/tienda\/#organization","name":"Compuviper","url":"https:\/\/compuviper.mx\/tienda\/","logo":{"@type":"ImageObject","inLanguage":"es-MX","@id":"https:\/\/compuviper.mx\/tienda\/#\/schema\/logo\/image\/","url":"https:\/\/compuviper.mx\/tienda\/wp-content\/uploads\/2021\/08\/Logo-Compuviper-10.png","contentUrl":"https:\/\/compuviper.mx\/tienda\/wp-content\/uploads\/2021\/08\/Logo-Compuviper-10.png","width":1000,"height":500,"caption":"Compuviper"},"image":{"@id":"https:\/\/compuviper.mx\/tienda\/#\/schema\/logo\/image\/"},"sameAs":["https:\/\/www.facebook.com\/compuviper","https:\/\/www.youtube.com\/channel\/UCf73dERp9Y3cfOq7q8BhLjA?view_as=subscriber"]}]},"product_brand":"DAHUA","product_price_amount":"10830","product_price_currency":"MXN","og_availability":"out of stock","product_availability":"out of stock","product_retailer_item_id":"DH-XVR5232AN-4KL-I3","product_condition":"new"},"_links":{"self":[{"href":"https:\/\/compuviper.mx\/tienda\/wp-json\/wp\/v2\/product\/251189"}],"collection":[{"href":"https:\/\/compuviper.mx\/tienda\/wp-json\/wp\/v2\/product"}],"about":[{"href":"https:\/\/compuviper.mx\/tienda\/wp-json\/wp\/v2\/types\/product"}],"replies":[{"embeddable":true,"href":"https:\/\/compuviper.mx\/tienda\/wp-json\/wp\/v2\/comments?post=251189"}],"wp:featuredmedia":[{"embeddable":true,"href":"https:\/\/compuviper.mx\/tienda\/wp-json\/wp\/v2\/media\/259510"}],"wp:attachment":[{"href":"https:\/\/compuviper.mx\/tienda\/wp-json\/wp\/v2\/media?parent=251189"}],"wp:term":[{"taxonomy":"product_cat","embeddable":true,"href":"https:\/\/compuviper.mx\/tienda\/wp-json\/wp\/v2\/product_cat?post=251189"},{"taxonomy":"product_tag","embeddable":true,"href":"https:\/\/compuviper.mx\/tienda\/wp-json\/wp\/v2\/product_tag?post=251189"}],"curies":[{"name":"wp","href":"https:\/\/api.w.org\/{rel}","templated":true}]}}