{"id":251177,"date":"2026-04-01T23:08:30","date_gmt":"2026-04-02T05:08:30","guid":{"rendered":"https:\/\/compuviper.mx\/tienda\/producto\/startech-com-st121hdbtpw-juego-extensor-hdmi-por-cable-cat5-hdbaset-4k-100m-mod\/"},"modified":"2026-04-01T23:08:30","modified_gmt":"2026-04-02T05:08:30","slug":"startech-com-st121hdbtpw-juego-extensor-hdmi-por-cable-cat5-hdbaset-4k-100m-mod","status":"publish","type":"product","link":"https:\/\/compuviper.mx\/tienda\/producto\/startech-com-st121hdbtpw-juego-extensor-hdmi-por-cable-cat5-hdbaset-4k-100m-mod\/","title":{"rendered":"Startech.com St121hdbtpw Juego Extensor Hdmi Por Cable Cat5 Hdbaset &#8211; 4k &#8211; 100m &#8211;  Mod."},"content":{"rendered":"<table class=\"descripcion\">\n<tr>\n<td>Hardware<\/td>\n<\/tr>\n<tr>\n<td>Cableado: utp cat 5e o superior<\/td>\n<\/tr>\n<tr>\n<td>Cantidad de puertos: 1<\/td>\n<\/tr>\n<tr>\n<td>Entrada a\/v: hdmi<\/td>\n<\/tr>\n<tr>\n<td>Salida a\/v: hdmi<\/td>\n<\/tr>\n<tr>\n<td>Sistema en cascada: no<\/td>\n<\/tr>\n<tr>\n<td>Soporte de audio: s\u00ed<\/td>\n<\/tr>\n<tr>\n<td>Indicadores<\/td>\n<\/tr>\n<tr>\n<td>Indicadores led: estado (receptor)<\/td>\n<\/tr>\n<tr>\n<td>Indicadores led: estado (transmisor)<\/td>\n<\/tr>\n<tr>\n<td>Rendimiento<\/td>\n<\/tr>\n<tr>\n<td>Distancia m\u00e1xima: 100 m<\/td>\n<\/tr>\n<tr>\n<td>Especificaciones de audio: sonido envolvente 7.1<\/td>\n<\/tr>\n<tr>\n<td>Longitud m\u00e1xima del cable: 100 m<\/td>\n<\/tr>\n<tr>\n<td>Pantalla plana soportada: s\u00ed<\/td>\n<\/tr>\n<tr>\n<td>Resoluci\u00f3n digital m\u00e1xima: 4096 x 2160 (4k) @ 30 hz (35 meters)<\/td>\n<\/tr>\n<tr>\n<td>1920 x 1080 (1080p) @ 60 hz (100 meters)<\/td>\n<\/tr>\n<tr>\n<td>Resoluciones  admitidas: 3840&#215;2160 (4k)<\/td>\n<\/tr>\n<tr>\n<td>2560&#215;1600<\/td>\n<\/tr>\n<tr>\n<td>1920&#215;1200<\/td>\n<\/tr>\n<tr>\n<td>1920&#215;1080 (1080p)<\/td>\n<\/tr>\n<tr>\n<td>1280&#215;720 (720p)<\/td>\n<\/tr>\n<tr>\n<td>Conector(es)<\/td>\n<\/tr>\n<tr>\n<td>Conector b: rj-45<\/td>\n<\/tr>\n<tr>\n<td>Conector b: hdmi (19 pines)<\/td>\n<\/tr>\n<tr>\n<td>Conector a: rj-45<\/td>\n<\/tr>\n<tr>\n<td>Conector a: hdmi (19 pines)<\/td>\n<\/tr>\n<tr>\n<td>Caracter\u00edsticas f\u00edsicas<\/td>\n<\/tr>\n<tr>\n<td>Tipo de gabinete: aluminio<\/td>\n<\/tr>\n<tr>\n<td>Peso del producto: 423 g<\/td>\n<\/tr>\n<tr>\n<td>Longitud del producto: 80 mm<\/td>\n<\/tr>\n<tr>\n<td>Ancho del producto: 67 mm<\/td>\n<\/tr>\n<tr>\n<td>Altura del producto: 2.5 cm<\/td>\n<\/tr>\n<\/table>\n","protected":false},"excerpt":{"rendered":"<p>Este kit extensor hdbaset permite extender, hasta 100 metros, una se\u00f1al hdmi a trav\u00e9s de un solo cable cat5e o cat6. El extensor es compatible con resoluciones ultra hd y full hd, 4k \/ 1080p, as\u00ed como con 3d y el audio digital 7.1 correspondiente. Para m\u00e1s versatilidad, tanto el transmisor, como el receptor pueden tener una sola fuente de alimentaci\u00f3n, gracias al sistema poc. La versatilidad de este extensor de video lo convierte en una soluci\u00f3n ideal para aplicaciones de se\u00f1alizaci\u00f3n digital en edificios grandes, como centros comerciales, estadios, colegios y hospitales. Gracias a la compatibilidad con 4k, le causar\u00e1 asombro c\u00f3mo hdbaset mantiene la calidad de sus im\u00e1genes ultra hd, cuatro veces la resoluci\u00f3n de alta definici\u00f3n a 1080p, a 39.6 metros de distancia de su fuente de video. La tecnolog\u00eda hdbaset permite la instalaci\u00f3n mediante un solo cable, lo cual ofrece una integraci\u00f3n fluida con el uso de la infraestructura cat5e o cat6 existente.<\/p>\n","protected":false},"featured_media":251514,"comment_status":"open","ping_status":"open","template":"","meta":[],"product_cat":[1485,1506],"product_tag":[1590],"acf":[],"yoast_head":"<!-- This site is optimized with the Yoast SEO plugin v21.7 - https:\/\/yoast.com\/wordpress\/plugins\/seo\/ -->\n<title>[ Startech.com ] &#129351; St121hdbtpw Juego Extensor Hdmi Por Cable Cat5 Hdbaset - 4k - 100m - Mod.<\/title>\n<meta name=\"description\" content=\"Compra St121hdbtpw Juego Extensor Hdmi Por Cable Cat5 Hdbaset - 4k - 100m - Mod. + Env\u00edo a domicilio + Pago seguro + Garant\u00eda\" \/>\n<meta name=\"robots\" content=\"index, follow, max-snippet:-1, max-image-preview:large, max-video-preview:-1\" \/>\n<link rel=\"canonical\" href=\"https:\/\/compuviper.mx\/tienda\/producto\/startech-com-st121hdbtpw-juego-extensor-hdmi-por-cable-cat5-hdbaset-4k-100m-mod\/\" \/>\n<meta property=\"og:locale\" content=\"es_MX\" \/>\n<meta property=\"og:type\" content=\"article\" \/>\n<meta property=\"og:title\" content=\"[ Startech.com ] &#129351; St121hdbtpw Juego Extensor Hdmi Por Cable Cat5 Hdbaset - 4k - 100m - Mod.\" \/>\n<meta property=\"og:description\" content=\"Compra St121hdbtpw Juego Extensor Hdmi Por Cable Cat5 Hdbaset - 4k - 100m - Mod. + Env\u00edo a domicilio + Pago seguro + Garant\u00eda\" \/>\n<meta property=\"og:url\" content=\"https:\/\/compuviper.mx\/tienda\/producto\/startech-com-st121hdbtpw-juego-extensor-hdmi-por-cable-cat5-hdbaset-4k-100m-mod\/\" \/>\n<meta property=\"og:site_name\" content=\"Compuviper\" \/>\n<meta property=\"article:publisher\" content=\"https:\/\/www.facebook.com\/compuviper\" \/>\n<meta property=\"og:image\" content=\"https:\/\/compuviper.mx\/tienda\/wp-content\/uploads\/2025\/04\/Juego-extensor-hdmi-por-cable-cat5-hdbaset-4k-100m-startech.com-mod.-st121hdbtpw.jpg\" \/>\n\t<meta property=\"og:image:width\" content=\"200\" \/>\n\t<meta property=\"og:image:height\" content=\"200\" \/>\n\t<meta property=\"og:image:type\" content=\"image\/jpeg\" \/>\n<meta name=\"twitter:card\" content=\"summary_large_image\" \/>\n<meta name=\"twitter:label1\" content=\"Precio\" \/>\n\t<meta name=\"twitter:data1\" content=\"&#36;7,996 con IVA\" \/>\n\t<meta name=\"twitter:label2\" content=\"Availability\" \/>\n\t<meta name=\"twitter:data2\" content=\"On backorder\" \/>\n<script type=\"application\/ld+json\" class=\"yoast-schema-graph\">{\"@context\":\"https:\/\/schema.org\",\"@graph\":[{\"@type\":\"WebPage\",\"@id\":\"https:\/\/compuviper.mx\/tienda\/producto\/startech-com-st121hdbtpw-juego-extensor-hdmi-por-cable-cat5-hdbaset-4k-100m-mod\/\",\"url\":\"https:\/\/compuviper.mx\/tienda\/producto\/startech-com-st121hdbtpw-juego-extensor-hdmi-por-cable-cat5-hdbaset-4k-100m-mod\/\",\"name\":\"[ Startech.com ] &#129351; St121hdbtpw Juego Extensor Hdmi Por Cable Cat5 Hdbaset - 4k - 100m - Mod.\",\"isPartOf\":{\"@id\":\"https:\/\/compuviper.mx\/tienda\/#website\"},\"datePublished\":\"2026-04-02T05:08:30+00:00\",\"dateModified\":\"2026-04-02T05:08:30+00:00\",\"description\":\"Compra St121hdbtpw Juego Extensor Hdmi Por Cable Cat5 Hdbaset - 4k - 100m - Mod. + Env\u00edo a domicilio + Pago seguro + Garant\u00eda\",\"breadcrumb\":{\"@id\":\"https:\/\/compuviper.mx\/tienda\/producto\/startech-com-st121hdbtpw-juego-extensor-hdmi-por-cable-cat5-hdbaset-4k-100m-mod\/#breadcrumb\"},\"inLanguage\":\"es-MX\",\"potentialAction\":[{\"@type\":\"ReadAction\",\"target\":[\"https:\/\/compuviper.mx\/tienda\/producto\/startech-com-st121hdbtpw-juego-extensor-hdmi-por-cable-cat5-hdbaset-4k-100m-mod\/\"]}]},{\"@type\":\"BreadcrumbList\",\"@id\":\"https:\/\/compuviper.mx\/tienda\/producto\/startech-com-st121hdbtpw-juego-extensor-hdmi-por-cable-cat5-hdbaset-4k-100m-mod\/#breadcrumb\",\"itemListElement\":[{\"@type\":\"ListItem\",\"position\":1,\"name\":\"Inicio\",\"item\":\"https:\/\/compuviper.mx\/tienda\/\"},{\"@type\":\"ListItem\",\"position\":2,\"name\":\"Productos\",\"item\":\"https:\/\/compuviper.mx\/tienda\/productos\/\"},{\"@type\":\"ListItem\",\"position\":3,\"name\":\"Accesorios\",\"item\":\"https:\/\/compuviper.mx\/tienda\/categoria-producto\/accesorios\/\"},{\"@type\":\"ListItem\",\"position\":4,\"name\":\"Conectividad\",\"item\":\"https:\/\/compuviper.mx\/tienda\/categoria-producto\/accesorios\/conectividad\/\"},{\"@type\":\"ListItem\",\"position\":5,\"name\":\"Startech.com St121hdbtpw Juego Extensor Hdmi Por Cable Cat5 Hdbaset &#8211; 4k &#8211; 100m &#8211; Mod.\"}]},{\"@type\":\"WebSite\",\"@id\":\"https:\/\/compuviper.mx\/tienda\/#website\",\"url\":\"https:\/\/compuviper.mx\/tienda\/\",\"name\":\"Compuviper\",\"description\":\"Proveedor de Computadoras, Laptops, Servidores, Monitores, Puntos de Venta, Teclados,   Impresoras, T\u00f3ner, C\u00e1maras de Seguridad y m\u00e1s en tu tienda en l\u00ednea\",\"publisher\":{\"@id\":\"https:\/\/compuviper.mx\/tienda\/#organization\"},\"potentialAction\":[{\"@type\":\"SearchAction\",\"target\":{\"@type\":\"EntryPoint\",\"urlTemplate\":\"https:\/\/compuviper.mx\/tienda\/?s={search_term_string}\"},\"query-input\":\"required name=search_term_string\"}],\"inLanguage\":\"es-MX\"},{\"@type\":\"Organization\",\"@id\":\"https:\/\/compuviper.mx\/tienda\/#organization\",\"name\":\"Compuviper\",\"url\":\"https:\/\/compuviper.mx\/tienda\/\",\"logo\":{\"@type\":\"ImageObject\",\"inLanguage\":\"es-MX\",\"@id\":\"https:\/\/compuviper.mx\/tienda\/#\/schema\/logo\/image\/\",\"url\":\"https:\/\/compuviper.mx\/tienda\/wp-content\/uploads\/2021\/08\/Logo-Compuviper-10.png\",\"contentUrl\":\"https:\/\/compuviper.mx\/tienda\/wp-content\/uploads\/2021\/08\/Logo-Compuviper-10.png\",\"width\":1000,\"height\":500,\"caption\":\"Compuviper\"},\"image\":{\"@id\":\"https:\/\/compuviper.mx\/tienda\/#\/schema\/logo\/image\/\"},\"sameAs\":[\"https:\/\/www.facebook.com\/compuviper\",\"https:\/\/www.youtube.com\/channel\/UCf73dERp9Y3cfOq7q8BhLjA?view_as=subscriber\"]}]}<\/script>\n<meta property=\"product:brand\" content=\"STARTECH.COM\" \/>\n<meta property=\"product:price:amount\" content=\"7996\" \/>\n<meta property=\"product:price:currency\" content=\"MXN\" \/>\n<meta property=\"og:availability\" content=\"backorder\" \/>\n<meta property=\"product:availability\" content=\"available for order\" \/>\n<meta property=\"product:retailer_item_id\" content=\"ST121HDBTPW\" \/>\n<meta property=\"product:condition\" content=\"new\" \/>\n<!-- \/ Yoast SEO plugin. -->","yoast_head_json":{"title":"[ Startech.com ] &#129351; St121hdbtpw Juego Extensor Hdmi Por Cable Cat5 Hdbaset - 4k - 100m - Mod.","description":"Compra St121hdbtpw Juego Extensor Hdmi Por Cable Cat5 Hdbaset - 4k - 100m - Mod. + Env\u00edo a domicilio + Pago seguro + Garant\u00eda","robots":{"index":"index","follow":"follow","max-snippet":"max-snippet:-1","max-image-preview":"max-image-preview:large","max-video-preview":"max-video-preview:-1"},"canonical":"https:\/\/compuviper.mx\/tienda\/producto\/startech-com-st121hdbtpw-juego-extensor-hdmi-por-cable-cat5-hdbaset-4k-100m-mod\/","og_locale":"es_MX","og_type":"article","og_title":"[ Startech.com ] &#129351; St121hdbtpw Juego Extensor Hdmi Por Cable Cat5 Hdbaset - 4k - 100m - Mod.","og_description":"Compra St121hdbtpw Juego Extensor Hdmi Por Cable Cat5 Hdbaset - 4k - 100m - Mod. + Env\u00edo a domicilio + Pago seguro + Garant\u00eda","og_url":"https:\/\/compuviper.mx\/tienda\/producto\/startech-com-st121hdbtpw-juego-extensor-hdmi-por-cable-cat5-hdbaset-4k-100m-mod\/","og_site_name":"Compuviper","article_publisher":"https:\/\/www.facebook.com\/compuviper","og_image":[{"width":200,"height":200,"url":"https:\/\/compuviper.mx\/tienda\/wp-content\/uploads\/2025\/04\/Juego-extensor-hdmi-por-cable-cat5-hdbaset-4k-100m-startech.com-mod.-st121hdbtpw.jpg","type":"image\/jpeg"}],"twitter_card":"summary_large_image","twitter_misc":{"Precio":"&#36;7,996 con IVA","Availability":"On backorder"},"schema":{"@context":"https:\/\/schema.org","@graph":[{"@type":"WebPage","@id":"https:\/\/compuviper.mx\/tienda\/producto\/startech-com-st121hdbtpw-juego-extensor-hdmi-por-cable-cat5-hdbaset-4k-100m-mod\/","url":"https:\/\/compuviper.mx\/tienda\/producto\/startech-com-st121hdbtpw-juego-extensor-hdmi-por-cable-cat5-hdbaset-4k-100m-mod\/","name":"[ Startech.com ] &#129351; St121hdbtpw Juego Extensor Hdmi Por Cable Cat5 Hdbaset - 4k - 100m - Mod.","isPartOf":{"@id":"https:\/\/compuviper.mx\/tienda\/#website"},"datePublished":"2026-04-02T05:08:30+00:00","dateModified":"2026-04-02T05:08:30+00:00","description":"Compra St121hdbtpw Juego Extensor Hdmi Por Cable Cat5 Hdbaset - 4k - 100m - Mod. + Env\u00edo a domicilio + Pago seguro + Garant\u00eda","breadcrumb":{"@id":"https:\/\/compuviper.mx\/tienda\/producto\/startech-com-st121hdbtpw-juego-extensor-hdmi-por-cable-cat5-hdbaset-4k-100m-mod\/#breadcrumb"},"inLanguage":"es-MX","potentialAction":[{"@type":"ReadAction","target":["https:\/\/compuviper.mx\/tienda\/producto\/startech-com-st121hdbtpw-juego-extensor-hdmi-por-cable-cat5-hdbaset-4k-100m-mod\/"]}]},{"@type":"BreadcrumbList","@id":"https:\/\/compuviper.mx\/tienda\/producto\/startech-com-st121hdbtpw-juego-extensor-hdmi-por-cable-cat5-hdbaset-4k-100m-mod\/#breadcrumb","itemListElement":[{"@type":"ListItem","position":1,"name":"Inicio","item":"https:\/\/compuviper.mx\/tienda\/"},{"@type":"ListItem","position":2,"name":"Productos","item":"https:\/\/compuviper.mx\/tienda\/productos\/"},{"@type":"ListItem","position":3,"name":"Accesorios","item":"https:\/\/compuviper.mx\/tienda\/categoria-producto\/accesorios\/"},{"@type":"ListItem","position":4,"name":"Conectividad","item":"https:\/\/compuviper.mx\/tienda\/categoria-producto\/accesorios\/conectividad\/"},{"@type":"ListItem","position":5,"name":"Startech.com St121hdbtpw Juego Extensor Hdmi Por Cable Cat5 Hdbaset &#8211; 4k &#8211; 100m &#8211; Mod."}]},{"@type":"WebSite","@id":"https:\/\/compuviper.mx\/tienda\/#website","url":"https:\/\/compuviper.mx\/tienda\/","name":"Compuviper","description":"Proveedor de Computadoras, Laptops, Servidores, Monitores, Puntos de Venta, Teclados,   Impresoras, T\u00f3ner, C\u00e1maras de Seguridad y m\u00e1s en tu tienda en l\u00ednea","publisher":{"@id":"https:\/\/compuviper.mx\/tienda\/#organization"},"potentialAction":[{"@type":"SearchAction","target":{"@type":"EntryPoint","urlTemplate":"https:\/\/compuviper.mx\/tienda\/?s={search_term_string}"},"query-input":"required name=search_term_string"}],"inLanguage":"es-MX"},{"@type":"Organization","@id":"https:\/\/compuviper.mx\/tienda\/#organization","name":"Compuviper","url":"https:\/\/compuviper.mx\/tienda\/","logo":{"@type":"ImageObject","inLanguage":"es-MX","@id":"https:\/\/compuviper.mx\/tienda\/#\/schema\/logo\/image\/","url":"https:\/\/compuviper.mx\/tienda\/wp-content\/uploads\/2021\/08\/Logo-Compuviper-10.png","contentUrl":"https:\/\/compuviper.mx\/tienda\/wp-content\/uploads\/2021\/08\/Logo-Compuviper-10.png","width":1000,"height":500,"caption":"Compuviper"},"image":{"@id":"https:\/\/compuviper.mx\/tienda\/#\/schema\/logo\/image\/"},"sameAs":["https:\/\/www.facebook.com\/compuviper","https:\/\/www.youtube.com\/channel\/UCf73dERp9Y3cfOq7q8BhLjA?view_as=subscriber"]}]},"product_brand":"STARTECH.COM","product_price_amount":"7996","product_price_currency":"MXN","og_availability":"backorder","product_availability":"available for order","product_retailer_item_id":"ST121HDBTPW","product_condition":"new"},"_links":{"self":[{"href":"https:\/\/compuviper.mx\/tienda\/wp-json\/wp\/v2\/product\/251177"}],"collection":[{"href":"https:\/\/compuviper.mx\/tienda\/wp-json\/wp\/v2\/product"}],"about":[{"href":"https:\/\/compuviper.mx\/tienda\/wp-json\/wp\/v2\/types\/product"}],"replies":[{"embeddable":true,"href":"https:\/\/compuviper.mx\/tienda\/wp-json\/wp\/v2\/comments?post=251177"}],"wp:featuredmedia":[{"embeddable":true,"href":"https:\/\/compuviper.mx\/tienda\/wp-json\/wp\/v2\/media\/251514"}],"wp:attachment":[{"href":"https:\/\/compuviper.mx\/tienda\/wp-json\/wp\/v2\/media?parent=251177"}],"wp:term":[{"taxonomy":"product_cat","embeddable":true,"href":"https:\/\/compuviper.mx\/tienda\/wp-json\/wp\/v2\/product_cat?post=251177"},{"taxonomy":"product_tag","embeddable":true,"href":"https:\/\/compuviper.mx\/tienda\/wp-json\/wp\/v2\/product_tag?post=251177"}],"curies":[{"name":"wp","href":"https:\/\/api.w.org\/{rel}","templated":true}]}}