{"id":251129,"date":"2026-04-10T23:49:32","date_gmt":"2026-04-11T05:49:32","guid":{"rendered":"https:\/\/compuviper.mx\/tienda\/producto\/balam-rush-br-942126-kit-3-ventiladores-eolox-bora-exb85-potencia-de-enfriamiento-velocidad-1600-rpm-silencio-imbatible-conexin-pwm-aura-argb-negro\/"},"modified":"2026-04-10T23:49:32","modified_gmt":"2026-04-11T05:49:32","slug":"balam-rush-br-9421267506215942126-kit-3-ventiladores-eolox-bora-exb85-potencia-de-enfriamiento-velocidad-1600-rpm-silencio-imbatible-conexin-pwm-aura-argb-negro-br-942126","status":"publish","type":"product","link":"https:\/\/compuviper.mx\/tienda\/producto\/balam-rush-br-9421267506215942126-kit-3-ventiladores-eolox-bora-exb85-potencia-de-enfriamiento-velocidad-1600-rpm-silencio-imbatible-conexin-pwm-aura-argb-negro-br-942126\/","title":{"rendered":"Balam Rush Br-942126,7506215942126 Kit 3 Ventiladores  Eolox Bora Exb85 \/ Potencia De Enfriamiento \/ Velocidad 1600 Rpm \/ Silencio Imbatible \/ Conexin Pwm Aura \/ Argb \/ Negro \/ Br-942126"},"content":{"rendered":"<table class=\"descripcion\">\n<tr>\n<td>Producto: ventiladores<\/td>\n<\/tr>\n<tr>\n<td>Modelo:br-942126<\/td>\n<\/tr>\n<tr>\n<td>Dimensiones: 120 mm x 120 mm x 25 mm<\/td>\n<\/tr>\n<tr>\n<td>Materiales: pbt<\/td>\n<\/tr>\n<tr>\n<td>Grosor de aspas: 27mm<\/td>\n<\/tr>\n<tr>\n<td>Tipo de rodamiento: rodamiento hidrodin\u00e1mico<\/td>\n<\/tr>\n<tr>\n<td>Revolucin por minuto: 600-1600 rpm \/-10<\/td>\n<\/tr>\n<tr>\n<td>Flujo de aire: 48 cfm \/ft\/mn<\/td>\n<\/tr>\n<tr>\n<td>Presion del aire del ventiladormnh20: 2.5 mm-h2o<\/td>\n<\/tr>\n<tr>\n<td>Nivel de ruido: 28 db<\/td>\n<\/tr>\n<tr>\n<td>Numero de aspas:  7<\/td>\n<\/tr>\n<tr>\n<td>Voltaje: motor: 12 v &#8211; iluminacin 5 v<\/td>\n<\/tr>\n<tr>\n<td>Potencia nominal: motor:  3 w \/- 10 max<\/td>\n<\/tr>\n<tr>\n<td>Conector: motor: pwm 4 pin  macho-hembra<\/td>\n<\/tr>\n<tr>\n<td>Iluminacion: argb 3 pin   macho-hembra<\/td>\n<\/tr>\n<tr>\n<td>Color: negro<\/td>\n<\/tr>\n<tr>\n<td>Pesokg: 0.57 kg<\/td>\n<\/tr>\n<tr>\n<td>Cantildad de led: 16<\/td>\n<\/tr>\n<tr>\n<td>Iluminacion: longitud de cable 500100mm<\/td>\n<\/tr>\n<tr>\n<td>Informacin de empaque<\/td>\n<\/tr>\n<tr>\n<td>Ean-13:  7506215942126<\/td>\n<\/tr>\n<tr>\n<td>Medida empaque:  12.5 cm  8.5 cm  13.9 cm<\/td>\n<\/tr>\n<\/table>\n","protected":false},"excerpt":{"rendered":"<p>Kit 3 ventiladores balam rush eolox bora exb85 \/ potencia de enfriamiento \/ velocidad 1600 rpm \/ silencio imbatible \/ conexin pwm  aura  \/ argb \/ negro \/ br-942126<\/p>\n","protected":false},"featured_media":259091,"comment_status":"open","ping_status":"open","template":"","meta":[],"product_cat":[1612,1616],"product_tag":[2097],"acf":[],"yoast_head":"<!-- This site is optimized with the Yoast SEO plugin v21.7 - https:\/\/yoast.com\/wordpress\/plugins\/seo\/ -->\n<title>[ Balam Rush ] &#129351; Br-942126,7506215942126 Kit 3 Ventiladores Eolox Bora Exb85 \/ Potencia De Enfriamiento \/ Velocidad 1600 Rpm \/ Silencio Imbatible \/ Conexin Pwm Aura \/ Argb \/ Negro \/ Br-942126<\/title>\n<meta name=\"description\" content=\"Compra Br-942126,7506215942126 Kit 3 Ventiladores Eolox Bora Exb85 \/ Potencia De Enfriamiento \/ Velocidad 1600 Rpm \/ Silencio Imbatible \/ Conexin Pwm Aura \/ Argb \/ Negro \/ Br-942126 + Env\u00edo a domicilio + Pago seguro + Garant\u00eda\" \/>\n<meta name=\"robots\" content=\"index, follow, max-snippet:-1, max-image-preview:large, max-video-preview:-1\" \/>\n<link rel=\"canonical\" href=\"https:\/\/compuviper.mx\/tienda\/producto\/balam-rush-br-9421267506215942126-kit-3-ventiladores-eolox-bora-exb85-potencia-de-enfriamiento-velocidad-1600-rpm-silencio-imbatible-conexin-pwm-aura-argb-negro-br-942126\/\" \/>\n<meta property=\"og:locale\" content=\"es_MX\" \/>\n<meta property=\"og:type\" content=\"article\" \/>\n<meta property=\"og:title\" content=\"[ Balam Rush ] &#129351; Br-942126,7506215942126 Kit 3 Ventiladores Eolox Bora Exb85 \/ Potencia De Enfriamiento \/ Velocidad 1600 Rpm \/ Silencio Imbatible \/ Conexin Pwm Aura \/ Argb \/ Negro \/ Br-942126\" \/>\n<meta property=\"og:description\" content=\"Compra Br-942126,7506215942126 Kit 3 Ventiladores Eolox Bora Exb85 \/ Potencia De Enfriamiento \/ Velocidad 1600 Rpm \/ Silencio Imbatible \/ Conexin Pwm Aura \/ Argb \/ Negro \/ Br-942126 + Env\u00edo a domicilio + Pago seguro + Garant\u00eda\" \/>\n<meta property=\"og:url\" content=\"https:\/\/compuviper.mx\/tienda\/producto\/balam-rush-br-9421267506215942126-kit-3-ventiladores-eolox-bora-exb85-potencia-de-enfriamiento-velocidad-1600-rpm-silencio-imbatible-conexin-pwm-aura-argb-negro-br-942126\/\" \/>\n<meta property=\"og:site_name\" content=\"Compuviper\" \/>\n<meta property=\"article:publisher\" content=\"https:\/\/www.facebook.com\/compuviper\" \/>\n<meta property=\"og:image\" content=\"https:\/\/compuviper.mx\/tienda\/wp-content\/uploads\/2025\/10\/Kit-3-ventiladores-balam-rush-eolox-bora-exb85-potencia-de-enfriamiento-velocidad-1600-rpm-silencio-imbatible-conexin-pwm-aura-argb-negro-br-942126.jpg\" \/>\n\t<meta property=\"og:image:width\" content=\"200\" \/>\n\t<meta property=\"og:image:height\" content=\"200\" \/>\n\t<meta property=\"og:image:type\" content=\"image\/jpeg\" \/>\n<meta name=\"twitter:card\" content=\"summary_large_image\" \/>\n<meta name=\"twitter:label1\" content=\"Precio\" \/>\n\t<meta name=\"twitter:data1\" content=\"&#36;332 con IVA\" \/>\n\t<meta name=\"twitter:label2\" content=\"Availability\" \/>\n\t<meta name=\"twitter:data2\" content=\"In stock\" \/>\n<script type=\"application\/ld+json\" class=\"yoast-schema-graph\">{\"@context\":\"https:\/\/schema.org\",\"@graph\":[{\"@type\":\"WebPage\",\"@id\":\"https:\/\/compuviper.mx\/tienda\/producto\/balam-rush-br-9421267506215942126-kit-3-ventiladores-eolox-bora-exb85-potencia-de-enfriamiento-velocidad-1600-rpm-silencio-imbatible-conexin-pwm-aura-argb-negro-br-942126\/\",\"url\":\"https:\/\/compuviper.mx\/tienda\/producto\/balam-rush-br-9421267506215942126-kit-3-ventiladores-eolox-bora-exb85-potencia-de-enfriamiento-velocidad-1600-rpm-silencio-imbatible-conexin-pwm-aura-argb-negro-br-942126\/\",\"name\":\"[ Balam Rush ] &#129351; Br-942126,7506215942126 Kit 3 Ventiladores Eolox Bora Exb85 \/ Potencia De Enfriamiento \/ Velocidad 1600 Rpm \/ Silencio Imbatible \/ Conexin Pwm Aura \/ Argb \/ Negro \/ Br-942126\",\"isPartOf\":{\"@id\":\"https:\/\/compuviper.mx\/tienda\/#website\"},\"datePublished\":\"2026-04-11T05:49:32+00:00\",\"dateModified\":\"2026-04-11T05:49:32+00:00\",\"description\":\"Compra Br-942126,7506215942126 Kit 3 Ventiladores Eolox Bora Exb85 \/ Potencia De Enfriamiento \/ Velocidad 1600 Rpm \/ Silencio Imbatible \/ Conexin Pwm Aura \/ Argb \/ Negro \/ Br-942126 + Env\u00edo a domicilio + Pago seguro + Garant\u00eda\",\"breadcrumb\":{\"@id\":\"https:\/\/compuviper.mx\/tienda\/producto\/balam-rush-br-9421267506215942126-kit-3-ventiladores-eolox-bora-exb85-potencia-de-enfriamiento-velocidad-1600-rpm-silencio-imbatible-conexin-pwm-aura-argb-negro-br-942126\/#breadcrumb\"},\"inLanguage\":\"es-MX\",\"potentialAction\":[{\"@type\":\"ReadAction\",\"target\":[\"https:\/\/compuviper.mx\/tienda\/producto\/balam-rush-br-9421267506215942126-kit-3-ventiladores-eolox-bora-exb85-potencia-de-enfriamiento-velocidad-1600-rpm-silencio-imbatible-conexin-pwm-aura-argb-negro-br-942126\/\"]}]},{\"@type\":\"BreadcrumbList\",\"@id\":\"https:\/\/compuviper.mx\/tienda\/producto\/balam-rush-br-9421267506215942126-kit-3-ventiladores-eolox-bora-exb85-potencia-de-enfriamiento-velocidad-1600-rpm-silencio-imbatible-conexin-pwm-aura-argb-negro-br-942126\/#breadcrumb\",\"itemListElement\":[{\"@type\":\"ListItem\",\"position\":1,\"name\":\"Inicio\",\"item\":\"https:\/\/compuviper.mx\/tienda\/\"},{\"@type\":\"ListItem\",\"position\":2,\"name\":\"Productos\",\"item\":\"https:\/\/compuviper.mx\/tienda\/productos\/\"},{\"@type\":\"ListItem\",\"position\":3,\"name\":\"Ventiladores\",\"item\":\"https:\/\/compuviper.mx\/tienda\/categoria-producto\/ventiladores\/\"},{\"@type\":\"ListItem\",\"position\":4,\"name\":\"Para Gabinete\",\"item\":\"https:\/\/compuviper.mx\/tienda\/categoria-producto\/ventiladores\/para-gabinete\/\"},{\"@type\":\"ListItem\",\"position\":5,\"name\":\"Balam Rush Br-942126,7506215942126 Kit 3 Ventiladores Eolox Bora Exb85 \/ Potencia De Enfriamiento \/ Velocidad 1600 Rpm \/ Silencio Imbatible \/ Conexin Pwm Aura \/ Argb \/ Negro \/ Br-942126\"}]},{\"@type\":\"WebSite\",\"@id\":\"https:\/\/compuviper.mx\/tienda\/#website\",\"url\":\"https:\/\/compuviper.mx\/tienda\/\",\"name\":\"Compuviper\",\"description\":\"Proveedor de Computadoras, Laptops, Servidores, Monitores, Puntos de Venta, Teclados,   Impresoras, T\u00f3ner, C\u00e1maras de Seguridad y m\u00e1s en tu tienda en l\u00ednea\",\"publisher\":{\"@id\":\"https:\/\/compuviper.mx\/tienda\/#organization\"},\"potentialAction\":[{\"@type\":\"SearchAction\",\"target\":{\"@type\":\"EntryPoint\",\"urlTemplate\":\"https:\/\/compuviper.mx\/tienda\/?s={search_term_string}\"},\"query-input\":\"required name=search_term_string\"}],\"inLanguage\":\"es-MX\"},{\"@type\":\"Organization\",\"@id\":\"https:\/\/compuviper.mx\/tienda\/#organization\",\"name\":\"Compuviper\",\"url\":\"https:\/\/compuviper.mx\/tienda\/\",\"logo\":{\"@type\":\"ImageObject\",\"inLanguage\":\"es-MX\",\"@id\":\"https:\/\/compuviper.mx\/tienda\/#\/schema\/logo\/image\/\",\"url\":\"https:\/\/compuviper.mx\/tienda\/wp-content\/uploads\/2021\/08\/Logo-Compuviper-10.png\",\"contentUrl\":\"https:\/\/compuviper.mx\/tienda\/wp-content\/uploads\/2021\/08\/Logo-Compuviper-10.png\",\"width\":1000,\"height\":500,\"caption\":\"Compuviper\"},\"image\":{\"@id\":\"https:\/\/compuviper.mx\/tienda\/#\/schema\/logo\/image\/\"},\"sameAs\":[\"https:\/\/www.facebook.com\/compuviper\",\"https:\/\/www.youtube.com\/channel\/UCf73dERp9Y3cfOq7q8BhLjA?view_as=subscriber\"]}]}<\/script>\n<meta property=\"product:brand\" content=\"Balam Rush\" \/>\n<meta property=\"product:price:amount\" content=\"332\" \/>\n<meta property=\"product:price:currency\" content=\"MXN\" \/>\n<meta property=\"og:availability\" content=\"instock\" \/>\n<meta property=\"product:availability\" content=\"instock\" \/>\n<meta property=\"product:retailer_item_id\" content=\"BR-942126,7506215942126\" \/>\n<meta property=\"product:condition\" content=\"new\" \/>\n<!-- \/ Yoast SEO plugin. -->","yoast_head_json":{"title":"[ Balam Rush ] &#129351; Br-942126,7506215942126 Kit 3 Ventiladores Eolox Bora Exb85 \/ Potencia De Enfriamiento \/ Velocidad 1600 Rpm \/ Silencio Imbatible \/ Conexin Pwm Aura \/ Argb \/ Negro \/ Br-942126","description":"Compra Br-942126,7506215942126 Kit 3 Ventiladores Eolox Bora Exb85 \/ Potencia De Enfriamiento \/ Velocidad 1600 Rpm \/ Silencio Imbatible \/ Conexin Pwm Aura \/ Argb \/ Negro \/ Br-942126 + Env\u00edo a domicilio + Pago seguro + Garant\u00eda","robots":{"index":"index","follow":"follow","max-snippet":"max-snippet:-1","max-image-preview":"max-image-preview:large","max-video-preview":"max-video-preview:-1"},"canonical":"https:\/\/compuviper.mx\/tienda\/producto\/balam-rush-br-9421267506215942126-kit-3-ventiladores-eolox-bora-exb85-potencia-de-enfriamiento-velocidad-1600-rpm-silencio-imbatible-conexin-pwm-aura-argb-negro-br-942126\/","og_locale":"es_MX","og_type":"article","og_title":"[ Balam Rush ] &#129351; Br-942126,7506215942126 Kit 3 Ventiladores Eolox Bora Exb85 \/ Potencia De Enfriamiento \/ Velocidad 1600 Rpm \/ Silencio Imbatible \/ Conexin Pwm Aura \/ Argb \/ Negro \/ Br-942126","og_description":"Compra Br-942126,7506215942126 Kit 3 Ventiladores Eolox Bora Exb85 \/ Potencia De Enfriamiento \/ Velocidad 1600 Rpm \/ Silencio Imbatible \/ Conexin Pwm Aura \/ Argb \/ Negro \/ Br-942126 + Env\u00edo a domicilio + Pago seguro + Garant\u00eda","og_url":"https:\/\/compuviper.mx\/tienda\/producto\/balam-rush-br-9421267506215942126-kit-3-ventiladores-eolox-bora-exb85-potencia-de-enfriamiento-velocidad-1600-rpm-silencio-imbatible-conexin-pwm-aura-argb-negro-br-942126\/","og_site_name":"Compuviper","article_publisher":"https:\/\/www.facebook.com\/compuviper","og_image":[{"width":200,"height":200,"url":"https:\/\/compuviper.mx\/tienda\/wp-content\/uploads\/2025\/10\/Kit-3-ventiladores-balam-rush-eolox-bora-exb85-potencia-de-enfriamiento-velocidad-1600-rpm-silencio-imbatible-conexin-pwm-aura-argb-negro-br-942126.jpg","type":"image\/jpeg"}],"twitter_card":"summary_large_image","twitter_misc":{"Precio":"&#36;332 con IVA","Availability":"In stock"},"schema":{"@context":"https:\/\/schema.org","@graph":[{"@type":"WebPage","@id":"https:\/\/compuviper.mx\/tienda\/producto\/balam-rush-br-9421267506215942126-kit-3-ventiladores-eolox-bora-exb85-potencia-de-enfriamiento-velocidad-1600-rpm-silencio-imbatible-conexin-pwm-aura-argb-negro-br-942126\/","url":"https:\/\/compuviper.mx\/tienda\/producto\/balam-rush-br-9421267506215942126-kit-3-ventiladores-eolox-bora-exb85-potencia-de-enfriamiento-velocidad-1600-rpm-silencio-imbatible-conexin-pwm-aura-argb-negro-br-942126\/","name":"[ Balam Rush ] &#129351; Br-942126,7506215942126 Kit 3 Ventiladores Eolox Bora Exb85 \/ Potencia De Enfriamiento \/ Velocidad 1600 Rpm \/ Silencio Imbatible \/ Conexin Pwm Aura \/ Argb \/ Negro \/ Br-942126","isPartOf":{"@id":"https:\/\/compuviper.mx\/tienda\/#website"},"datePublished":"2026-04-11T05:49:32+00:00","dateModified":"2026-04-11T05:49:32+00:00","description":"Compra Br-942126,7506215942126 Kit 3 Ventiladores Eolox Bora Exb85 \/ Potencia De Enfriamiento \/ Velocidad 1600 Rpm \/ Silencio Imbatible \/ Conexin Pwm Aura \/ Argb \/ Negro \/ Br-942126 + Env\u00edo a domicilio + Pago seguro + Garant\u00eda","breadcrumb":{"@id":"https:\/\/compuviper.mx\/tienda\/producto\/balam-rush-br-9421267506215942126-kit-3-ventiladores-eolox-bora-exb85-potencia-de-enfriamiento-velocidad-1600-rpm-silencio-imbatible-conexin-pwm-aura-argb-negro-br-942126\/#breadcrumb"},"inLanguage":"es-MX","potentialAction":[{"@type":"ReadAction","target":["https:\/\/compuviper.mx\/tienda\/producto\/balam-rush-br-9421267506215942126-kit-3-ventiladores-eolox-bora-exb85-potencia-de-enfriamiento-velocidad-1600-rpm-silencio-imbatible-conexin-pwm-aura-argb-negro-br-942126\/"]}]},{"@type":"BreadcrumbList","@id":"https:\/\/compuviper.mx\/tienda\/producto\/balam-rush-br-9421267506215942126-kit-3-ventiladores-eolox-bora-exb85-potencia-de-enfriamiento-velocidad-1600-rpm-silencio-imbatible-conexin-pwm-aura-argb-negro-br-942126\/#breadcrumb","itemListElement":[{"@type":"ListItem","position":1,"name":"Inicio","item":"https:\/\/compuviper.mx\/tienda\/"},{"@type":"ListItem","position":2,"name":"Productos","item":"https:\/\/compuviper.mx\/tienda\/productos\/"},{"@type":"ListItem","position":3,"name":"Ventiladores","item":"https:\/\/compuviper.mx\/tienda\/categoria-producto\/ventiladores\/"},{"@type":"ListItem","position":4,"name":"Para Gabinete","item":"https:\/\/compuviper.mx\/tienda\/categoria-producto\/ventiladores\/para-gabinete\/"},{"@type":"ListItem","position":5,"name":"Balam Rush Br-942126,7506215942126 Kit 3 Ventiladores Eolox Bora Exb85 \/ Potencia De Enfriamiento \/ Velocidad 1600 Rpm \/ Silencio Imbatible \/ Conexin Pwm Aura \/ Argb \/ Negro \/ Br-942126"}]},{"@type":"WebSite","@id":"https:\/\/compuviper.mx\/tienda\/#website","url":"https:\/\/compuviper.mx\/tienda\/","name":"Compuviper","description":"Proveedor de Computadoras, Laptops, Servidores, Monitores, Puntos de Venta, Teclados,   Impresoras, T\u00f3ner, C\u00e1maras de Seguridad y m\u00e1s en tu tienda en l\u00ednea","publisher":{"@id":"https:\/\/compuviper.mx\/tienda\/#organization"},"potentialAction":[{"@type":"SearchAction","target":{"@type":"EntryPoint","urlTemplate":"https:\/\/compuviper.mx\/tienda\/?s={search_term_string}"},"query-input":"required name=search_term_string"}],"inLanguage":"es-MX"},{"@type":"Organization","@id":"https:\/\/compuviper.mx\/tienda\/#organization","name":"Compuviper","url":"https:\/\/compuviper.mx\/tienda\/","logo":{"@type":"ImageObject","inLanguage":"es-MX","@id":"https:\/\/compuviper.mx\/tienda\/#\/schema\/logo\/image\/","url":"https:\/\/compuviper.mx\/tienda\/wp-content\/uploads\/2021\/08\/Logo-Compuviper-10.png","contentUrl":"https:\/\/compuviper.mx\/tienda\/wp-content\/uploads\/2021\/08\/Logo-Compuviper-10.png","width":1000,"height":500,"caption":"Compuviper"},"image":{"@id":"https:\/\/compuviper.mx\/tienda\/#\/schema\/logo\/image\/"},"sameAs":["https:\/\/www.facebook.com\/compuviper","https:\/\/www.youtube.com\/channel\/UCf73dERp9Y3cfOq7q8BhLjA?view_as=subscriber"]}]},"product_brand":"Balam Rush","product_price_amount":"332","product_price_currency":"MXN","og_availability":"instock","product_availability":"instock","product_retailer_item_id":"BR-942126,7506215942126","product_condition":"new"},"_links":{"self":[{"href":"https:\/\/compuviper.mx\/tienda\/wp-json\/wp\/v2\/product\/251129"}],"collection":[{"href":"https:\/\/compuviper.mx\/tienda\/wp-json\/wp\/v2\/product"}],"about":[{"href":"https:\/\/compuviper.mx\/tienda\/wp-json\/wp\/v2\/types\/product"}],"replies":[{"embeddable":true,"href":"https:\/\/compuviper.mx\/tienda\/wp-json\/wp\/v2\/comments?post=251129"}],"wp:featuredmedia":[{"embeddable":true,"href":"https:\/\/compuviper.mx\/tienda\/wp-json\/wp\/v2\/media\/259091"}],"wp:attachment":[{"href":"https:\/\/compuviper.mx\/tienda\/wp-json\/wp\/v2\/media?parent=251129"}],"wp:term":[{"taxonomy":"product_cat","embeddable":true,"href":"https:\/\/compuviper.mx\/tienda\/wp-json\/wp\/v2\/product_cat?post=251129"},{"taxonomy":"product_tag","embeddable":true,"href":"https:\/\/compuviper.mx\/tienda\/wp-json\/wp\/v2\/product_tag?post=251129"}],"curies":[{"name":"wp","href":"https:\/\/api.w.org\/{rel}","templated":true}]}}