{"id":251126,"date":"2026-04-10T23:15:10","date_gmt":"2026-04-11T05:15:10","guid":{"rendered":"https:\/\/compuviper.mx\/tienda\/producto\/acteck-ac-940788-base-enfriadora-froost-epic-be640-15-6-pulg-6-ventiladores-2x-usb-2-0-ajustable-7-niveles-iluminacion-7-modos-silencio-absoluto-aluminio\/"},"modified":"2026-04-10T23:15:10","modified_gmt":"2026-04-11T05:15:10","slug":"acteck-ac-940788-base-enfriadora-froost-epic-be640-15-6-pulg-6-ventiladores-2x-usb-2-0-ajustable-7-niveles-iluminacion-7-modos-silencio-absoluto-aluminio","status":"publish","type":"product","link":"https:\/\/compuviper.mx\/tienda\/producto\/acteck-ac-940788-base-enfriadora-froost-epic-be640-15-6-pulg-6-ventiladores-2x-usb-2-0-ajustable-7-niveles-iluminacion-7-modos-silencio-absoluto-aluminio\/","title":{"rendered":"Acteck Ac-940788 Base Enfriadora  Froost Epic Be640 \/ 15.6 Pulg \/ 6 Ventiladores \/ 2x Usb 2.0 \/ Ajustable 7 Niveles \/ Iluminacion 7 Modos \/ Silencio Absoluto \/ Aluminio \/"},"content":{"rendered":"<table class=\"descripcion\">\n<tr>\n<td>Producto: base enfriadora<\/td>\n<\/tr>\n<tr>\n<td>Modelo: ac-940788<\/td>\n<\/tr>\n<tr>\n<td>Color: aluminio<\/td>\n<\/tr>\n<tr>\n<td>Material: aluminio  abs<\/td>\n<\/tr>\n<tr>\n<td>Dimensiones: 39.6 x 28.6 x 2.8 cm<\/td>\n<\/tr>\n<tr>\n<td>Peso: 1 kg<\/td>\n<\/tr>\n<tr>\n<td>Compatibilidad: laptops 15.6<\/td>\n<\/tr>\n<tr>\n<td>Ventiladore s: 6 x 70 mm<\/td>\n<\/tr>\n<tr>\n<td>Velocidad de los ventiladores: 2800 rpm, 2600 rpm, 2400 rpm, 2200 rpm, 2000 rpm, 1800 rpm<\/td>\n<\/tr>\n<tr>\n<td>Ruido: 23-25 db<\/td>\n<\/tr>\n<tr>\n<td>Flujo de aire: 90 cfm<\/td>\n<\/tr>\n<tr>\n<td>Puertos: 2x usb 2.0<\/td>\n<\/tr>\n<tr>\n<td>Cable alimentador: usb a<\/td>\n<\/tr>\n<tr>\n<td>Ajustes de altura: 7 niveles<\/td>\n<\/tr>\n<tr>\n<td>Iluminacin: 7 modos<\/td>\n<\/tr>\n<tr>\n<td>Alimentacin: 5v- 1a<\/td>\n<\/tr>\n<tr>\n<td>Informacin de empaque<\/td>\n<\/tr>\n<tr>\n<td>Ean-13:  7506215940788<\/td>\n<\/tr>\n<tr>\n<td>Medida empaque:  42.2 cm  30.4 cm  5 cm<\/td>\n<\/tr>\n<\/table>\n","protected":false},"excerpt":{"rendered":"<p>Base enfriadora balam rush froost epic be640 \/ 15.6 pulg \/ 6 ventiladores \/ 2x usb  2.0 \/ ajustable 7 niveles \/ iluminacion 7 modos  \/ silencio absoluto \/ panel intuitivo \/ flujo de aire optimo \/ ajuste perfecto \/ aluminio \/ ac-940788<\/p>\n","protected":false},"featured_media":258818,"comment_status":"open","ping_status":"open","template":"","meta":[],"product_cat":[2145,1485],"product_tag":[1582],"acf":[],"yoast_head":"<!-- This site is optimized with the Yoast SEO plugin v21.7 - https:\/\/yoast.com\/wordpress\/plugins\/seo\/ -->\n<title>[ Acteck ] &#129351; Ac-940788 Base Enfriadora Froost Epic Be640 \/ 15.6 Pulg \/ 6 Ventiladores \/ 2x Usb 2.0 \/ Ajustable 7 Niveles \/ Iluminacion 7 Modos \/ Silencio Absoluto \/ Aluminio \/<\/title>\n<meta name=\"description\" content=\"Compra Ac-940788 Base Enfriadora Froost Epic Be640 \/ 15.6 Pulg \/ 6 Ventiladores \/ 2x Usb 2.0 \/ Ajustable 7 Niveles \/ Iluminacion 7 Modos \/ Silencio Absoluto \/ Aluminio \/ + Env\u00edo a domicilio + Pago seguro + Garant\u00eda\" \/>\n<meta name=\"robots\" content=\"index, follow, max-snippet:-1, max-image-preview:large, max-video-preview:-1\" \/>\n<link rel=\"canonical\" href=\"https:\/\/compuviper.mx\/tienda\/producto\/acteck-ac-940788-base-enfriadora-froost-epic-be640-15-6-pulg-6-ventiladores-2x-usb-2-0-ajustable-7-niveles-iluminacion-7-modos-silencio-absoluto-aluminio\/\" \/>\n<meta property=\"og:locale\" content=\"es_MX\" \/>\n<meta property=\"og:type\" content=\"article\" \/>\n<meta property=\"og:title\" content=\"[ Acteck ] &#129351; Ac-940788 Base Enfriadora Froost Epic Be640 \/ 15.6 Pulg \/ 6 Ventiladores \/ 2x Usb 2.0 \/ Ajustable 7 Niveles \/ Iluminacion 7 Modos \/ Silencio Absoluto \/ Aluminio \/\" \/>\n<meta property=\"og:description\" content=\"Compra Ac-940788 Base Enfriadora Froost Epic Be640 \/ 15.6 Pulg \/ 6 Ventiladores \/ 2x Usb 2.0 \/ Ajustable 7 Niveles \/ Iluminacion 7 Modos \/ Silencio Absoluto \/ Aluminio \/ + Env\u00edo a domicilio + Pago seguro + Garant\u00eda\" \/>\n<meta property=\"og:url\" content=\"https:\/\/compuviper.mx\/tienda\/producto\/acteck-ac-940788-base-enfriadora-froost-epic-be640-15-6-pulg-6-ventiladores-2x-usb-2-0-ajustable-7-niveles-iluminacion-7-modos-silencio-absoluto-aluminio\/\" \/>\n<meta property=\"og:site_name\" content=\"Compuviper\" \/>\n<meta property=\"article:publisher\" content=\"https:\/\/www.facebook.com\/compuviper\" \/>\n<meta property=\"og:image\" content=\"https:\/\/compuviper.mx\/tienda\/wp-content\/uploads\/2025\/10\/Base-enfriadora-acteck-froost-epic-be640-15.6-pulg-6-ventiladores-2x-usb-2.0-ajustable-7-niveles-iluminacion-7-modos-silencio-absoluto-aluminio-ac-940788.jpg\" \/>\n\t<meta property=\"og:image:width\" content=\"200\" \/>\n\t<meta property=\"og:image:height\" content=\"200\" \/>\n\t<meta property=\"og:image:type\" content=\"image\/jpeg\" \/>\n<meta name=\"twitter:card\" content=\"summary_large_image\" \/>\n<meta name=\"twitter:label1\" content=\"Precio\" \/>\n\t<meta name=\"twitter:data1\" content=\"&#36;459 con IVA\" \/>\n\t<meta name=\"twitter:label2\" content=\"Availability\" \/>\n\t<meta name=\"twitter:data2\" content=\"Out of stock\" \/>\n<script type=\"application\/ld+json\" class=\"yoast-schema-graph\">{\"@context\":\"https:\/\/schema.org\",\"@graph\":[{\"@type\":\"WebPage\",\"@id\":\"https:\/\/compuviper.mx\/tienda\/producto\/acteck-ac-940788-base-enfriadora-froost-epic-be640-15-6-pulg-6-ventiladores-2x-usb-2-0-ajustable-7-niveles-iluminacion-7-modos-silencio-absoluto-aluminio\/\",\"url\":\"https:\/\/compuviper.mx\/tienda\/producto\/acteck-ac-940788-base-enfriadora-froost-epic-be640-15-6-pulg-6-ventiladores-2x-usb-2-0-ajustable-7-niveles-iluminacion-7-modos-silencio-absoluto-aluminio\/\",\"name\":\"[ Acteck ] &#129351; Ac-940788 Base Enfriadora Froost Epic Be640 \/ 15.6 Pulg \/ 6 Ventiladores \/ 2x Usb 2.0 \/ Ajustable 7 Niveles \/ Iluminacion 7 Modos \/ Silencio Absoluto \/ Aluminio \/\",\"isPartOf\":{\"@id\":\"https:\/\/compuviper.mx\/tienda\/#website\"},\"datePublished\":\"2026-04-11T05:15:10+00:00\",\"dateModified\":\"2026-04-11T05:15:10+00:00\",\"description\":\"Compra Ac-940788 Base Enfriadora Froost Epic Be640 \/ 15.6 Pulg \/ 6 Ventiladores \/ 2x Usb 2.0 \/ Ajustable 7 Niveles \/ Iluminacion 7 Modos \/ Silencio Absoluto \/ Aluminio \/ + Env\u00edo a domicilio + Pago seguro + Garant\u00eda\",\"breadcrumb\":{\"@id\":\"https:\/\/compuviper.mx\/tienda\/producto\/acteck-ac-940788-base-enfriadora-froost-epic-be640-15-6-pulg-6-ventiladores-2x-usb-2-0-ajustable-7-niveles-iluminacion-7-modos-silencio-absoluto-aluminio\/#breadcrumb\"},\"inLanguage\":\"es-MX\",\"potentialAction\":[{\"@type\":\"ReadAction\",\"target\":[\"https:\/\/compuviper.mx\/tienda\/producto\/acteck-ac-940788-base-enfriadora-froost-epic-be640-15-6-pulg-6-ventiladores-2x-usb-2-0-ajustable-7-niveles-iluminacion-7-modos-silencio-absoluto-aluminio\/\"]}]},{\"@type\":\"BreadcrumbList\",\"@id\":\"https:\/\/compuviper.mx\/tienda\/producto\/acteck-ac-940788-base-enfriadora-froost-epic-be640-15-6-pulg-6-ventiladores-2x-usb-2-0-ajustable-7-niveles-iluminacion-7-modos-silencio-absoluto-aluminio\/#breadcrumb\",\"itemListElement\":[{\"@type\":\"ListItem\",\"position\":1,\"name\":\"Inicio\",\"item\":\"https:\/\/compuviper.mx\/tienda\/\"},{\"@type\":\"ListItem\",\"position\":2,\"name\":\"Productos\",\"item\":\"https:\/\/compuviper.mx\/tienda\/productos\/\"},{\"@type\":\"ListItem\",\"position\":3,\"name\":\"Accesorios\",\"item\":\"https:\/\/compuviper.mx\/tienda\/categoria-producto\/accesorios\/\"},{\"@type\":\"ListItem\",\"position\":4,\"name\":\"Base\",\"item\":\"https:\/\/compuviper.mx\/tienda\/categoria-producto\/accesorios\/base\/\"},{\"@type\":\"ListItem\",\"position\":5,\"name\":\"Acteck Ac-940788 Base Enfriadora Froost Epic Be640 \/ 15.6 Pulg \/ 6 Ventiladores \/ 2x Usb 2.0 \/ Ajustable 7 Niveles \/ Iluminacion 7 Modos \/ Silencio Absoluto \/ Aluminio \/\"}]},{\"@type\":\"WebSite\",\"@id\":\"https:\/\/compuviper.mx\/tienda\/#website\",\"url\":\"https:\/\/compuviper.mx\/tienda\/\",\"name\":\"Compuviper\",\"description\":\"Proveedor de Computadoras, Laptops, Servidores, Monitores, Puntos de Venta, Teclados,   Impresoras, T\u00f3ner, C\u00e1maras de Seguridad y m\u00e1s en tu tienda en l\u00ednea\",\"publisher\":{\"@id\":\"https:\/\/compuviper.mx\/tienda\/#organization\"},\"potentialAction\":[{\"@type\":\"SearchAction\",\"target\":{\"@type\":\"EntryPoint\",\"urlTemplate\":\"https:\/\/compuviper.mx\/tienda\/?s={search_term_string}\"},\"query-input\":\"required name=search_term_string\"}],\"inLanguage\":\"es-MX\"},{\"@type\":\"Organization\",\"@id\":\"https:\/\/compuviper.mx\/tienda\/#organization\",\"name\":\"Compuviper\",\"url\":\"https:\/\/compuviper.mx\/tienda\/\",\"logo\":{\"@type\":\"ImageObject\",\"inLanguage\":\"es-MX\",\"@id\":\"https:\/\/compuviper.mx\/tienda\/#\/schema\/logo\/image\/\",\"url\":\"https:\/\/compuviper.mx\/tienda\/wp-content\/uploads\/2021\/08\/Logo-Compuviper-10.png\",\"contentUrl\":\"https:\/\/compuviper.mx\/tienda\/wp-content\/uploads\/2021\/08\/Logo-Compuviper-10.png\",\"width\":1000,\"height\":500,\"caption\":\"Compuviper\"},\"image\":{\"@id\":\"https:\/\/compuviper.mx\/tienda\/#\/schema\/logo\/image\/\"},\"sameAs\":[\"https:\/\/www.facebook.com\/compuviper\",\"https:\/\/www.youtube.com\/channel\/UCf73dERp9Y3cfOq7q8BhLjA?view_as=subscriber\"]}]}<\/script>\n<meta property=\"product:brand\" content=\"ACTECK\" \/>\n<meta property=\"product:price:amount\" content=\"459\" \/>\n<meta property=\"product:price:currency\" content=\"MXN\" \/>\n<meta property=\"og:availability\" content=\"out of stock\" \/>\n<meta property=\"product:availability\" content=\"out of stock\" \/>\n<meta property=\"product:retailer_item_id\" content=\"AC-940788\" \/>\n<meta property=\"product:condition\" content=\"new\" \/>\n<!-- \/ Yoast SEO plugin. -->","yoast_head_json":{"title":"[ Acteck ] &#129351; Ac-940788 Base Enfriadora Froost Epic Be640 \/ 15.6 Pulg \/ 6 Ventiladores \/ 2x Usb 2.0 \/ Ajustable 7 Niveles \/ Iluminacion 7 Modos \/ Silencio Absoluto \/ Aluminio \/","description":"Compra Ac-940788 Base Enfriadora Froost Epic Be640 \/ 15.6 Pulg \/ 6 Ventiladores \/ 2x Usb 2.0 \/ Ajustable 7 Niveles \/ Iluminacion 7 Modos \/ Silencio Absoluto \/ Aluminio \/ + Env\u00edo a domicilio + Pago seguro + Garant\u00eda","robots":{"index":"index","follow":"follow","max-snippet":"max-snippet:-1","max-image-preview":"max-image-preview:large","max-video-preview":"max-video-preview:-1"},"canonical":"https:\/\/compuviper.mx\/tienda\/producto\/acteck-ac-940788-base-enfriadora-froost-epic-be640-15-6-pulg-6-ventiladores-2x-usb-2-0-ajustable-7-niveles-iluminacion-7-modos-silencio-absoluto-aluminio\/","og_locale":"es_MX","og_type":"article","og_title":"[ Acteck ] &#129351; Ac-940788 Base Enfriadora Froost Epic Be640 \/ 15.6 Pulg \/ 6 Ventiladores \/ 2x Usb 2.0 \/ Ajustable 7 Niveles \/ Iluminacion 7 Modos \/ Silencio Absoluto \/ Aluminio \/","og_description":"Compra Ac-940788 Base Enfriadora Froost Epic Be640 \/ 15.6 Pulg \/ 6 Ventiladores \/ 2x Usb 2.0 \/ Ajustable 7 Niveles \/ Iluminacion 7 Modos \/ Silencio Absoluto \/ Aluminio \/ + Env\u00edo a domicilio + Pago seguro + Garant\u00eda","og_url":"https:\/\/compuviper.mx\/tienda\/producto\/acteck-ac-940788-base-enfriadora-froost-epic-be640-15-6-pulg-6-ventiladores-2x-usb-2-0-ajustable-7-niveles-iluminacion-7-modos-silencio-absoluto-aluminio\/","og_site_name":"Compuviper","article_publisher":"https:\/\/www.facebook.com\/compuviper","og_image":[{"width":200,"height":200,"url":"https:\/\/compuviper.mx\/tienda\/wp-content\/uploads\/2025\/10\/Base-enfriadora-acteck-froost-epic-be640-15.6-pulg-6-ventiladores-2x-usb-2.0-ajustable-7-niveles-iluminacion-7-modos-silencio-absoluto-aluminio-ac-940788.jpg","type":"image\/jpeg"}],"twitter_card":"summary_large_image","twitter_misc":{"Precio":"&#36;459 con IVA","Availability":"Out of stock"},"schema":{"@context":"https:\/\/schema.org","@graph":[{"@type":"WebPage","@id":"https:\/\/compuviper.mx\/tienda\/producto\/acteck-ac-940788-base-enfriadora-froost-epic-be640-15-6-pulg-6-ventiladores-2x-usb-2-0-ajustable-7-niveles-iluminacion-7-modos-silencio-absoluto-aluminio\/","url":"https:\/\/compuviper.mx\/tienda\/producto\/acteck-ac-940788-base-enfriadora-froost-epic-be640-15-6-pulg-6-ventiladores-2x-usb-2-0-ajustable-7-niveles-iluminacion-7-modos-silencio-absoluto-aluminio\/","name":"[ Acteck ] &#129351; Ac-940788 Base Enfriadora Froost Epic Be640 \/ 15.6 Pulg \/ 6 Ventiladores \/ 2x Usb 2.0 \/ Ajustable 7 Niveles \/ Iluminacion 7 Modos \/ Silencio Absoluto \/ Aluminio \/","isPartOf":{"@id":"https:\/\/compuviper.mx\/tienda\/#website"},"datePublished":"2026-04-11T05:15:10+00:00","dateModified":"2026-04-11T05:15:10+00:00","description":"Compra Ac-940788 Base Enfriadora Froost Epic Be640 \/ 15.6 Pulg \/ 6 Ventiladores \/ 2x Usb 2.0 \/ Ajustable 7 Niveles \/ Iluminacion 7 Modos \/ Silencio Absoluto \/ Aluminio \/ + Env\u00edo a domicilio + Pago seguro + Garant\u00eda","breadcrumb":{"@id":"https:\/\/compuviper.mx\/tienda\/producto\/acteck-ac-940788-base-enfriadora-froost-epic-be640-15-6-pulg-6-ventiladores-2x-usb-2-0-ajustable-7-niveles-iluminacion-7-modos-silencio-absoluto-aluminio\/#breadcrumb"},"inLanguage":"es-MX","potentialAction":[{"@type":"ReadAction","target":["https:\/\/compuviper.mx\/tienda\/producto\/acteck-ac-940788-base-enfriadora-froost-epic-be640-15-6-pulg-6-ventiladores-2x-usb-2-0-ajustable-7-niveles-iluminacion-7-modos-silencio-absoluto-aluminio\/"]}]},{"@type":"BreadcrumbList","@id":"https:\/\/compuviper.mx\/tienda\/producto\/acteck-ac-940788-base-enfriadora-froost-epic-be640-15-6-pulg-6-ventiladores-2x-usb-2-0-ajustable-7-niveles-iluminacion-7-modos-silencio-absoluto-aluminio\/#breadcrumb","itemListElement":[{"@type":"ListItem","position":1,"name":"Inicio","item":"https:\/\/compuviper.mx\/tienda\/"},{"@type":"ListItem","position":2,"name":"Productos","item":"https:\/\/compuviper.mx\/tienda\/productos\/"},{"@type":"ListItem","position":3,"name":"Accesorios","item":"https:\/\/compuviper.mx\/tienda\/categoria-producto\/accesorios\/"},{"@type":"ListItem","position":4,"name":"Base","item":"https:\/\/compuviper.mx\/tienda\/categoria-producto\/accesorios\/base\/"},{"@type":"ListItem","position":5,"name":"Acteck Ac-940788 Base Enfriadora Froost Epic Be640 \/ 15.6 Pulg \/ 6 Ventiladores \/ 2x Usb 2.0 \/ Ajustable 7 Niveles \/ Iluminacion 7 Modos \/ Silencio Absoluto \/ Aluminio \/"}]},{"@type":"WebSite","@id":"https:\/\/compuviper.mx\/tienda\/#website","url":"https:\/\/compuviper.mx\/tienda\/","name":"Compuviper","description":"Proveedor de Computadoras, Laptops, Servidores, Monitores, Puntos de Venta, Teclados,   Impresoras, T\u00f3ner, C\u00e1maras de Seguridad y m\u00e1s en tu tienda en l\u00ednea","publisher":{"@id":"https:\/\/compuviper.mx\/tienda\/#organization"},"potentialAction":[{"@type":"SearchAction","target":{"@type":"EntryPoint","urlTemplate":"https:\/\/compuviper.mx\/tienda\/?s={search_term_string}"},"query-input":"required name=search_term_string"}],"inLanguage":"es-MX"},{"@type":"Organization","@id":"https:\/\/compuviper.mx\/tienda\/#organization","name":"Compuviper","url":"https:\/\/compuviper.mx\/tienda\/","logo":{"@type":"ImageObject","inLanguage":"es-MX","@id":"https:\/\/compuviper.mx\/tienda\/#\/schema\/logo\/image\/","url":"https:\/\/compuviper.mx\/tienda\/wp-content\/uploads\/2021\/08\/Logo-Compuviper-10.png","contentUrl":"https:\/\/compuviper.mx\/tienda\/wp-content\/uploads\/2021\/08\/Logo-Compuviper-10.png","width":1000,"height":500,"caption":"Compuviper"},"image":{"@id":"https:\/\/compuviper.mx\/tienda\/#\/schema\/logo\/image\/"},"sameAs":["https:\/\/www.facebook.com\/compuviper","https:\/\/www.youtube.com\/channel\/UCf73dERp9Y3cfOq7q8BhLjA?view_as=subscriber"]}]},"product_brand":"ACTECK","product_price_amount":"459","product_price_currency":"MXN","og_availability":"out of stock","product_availability":"out of stock","product_retailer_item_id":"AC-940788","product_condition":"new"},"_links":{"self":[{"href":"https:\/\/compuviper.mx\/tienda\/wp-json\/wp\/v2\/product\/251126"}],"collection":[{"href":"https:\/\/compuviper.mx\/tienda\/wp-json\/wp\/v2\/product"}],"about":[{"href":"https:\/\/compuviper.mx\/tienda\/wp-json\/wp\/v2\/types\/product"}],"replies":[{"embeddable":true,"href":"https:\/\/compuviper.mx\/tienda\/wp-json\/wp\/v2\/comments?post=251126"}],"wp:featuredmedia":[{"embeddable":true,"href":"https:\/\/compuviper.mx\/tienda\/wp-json\/wp\/v2\/media\/258818"}],"wp:attachment":[{"href":"https:\/\/compuviper.mx\/tienda\/wp-json\/wp\/v2\/media?parent=251126"}],"wp:term":[{"taxonomy":"product_cat","embeddable":true,"href":"https:\/\/compuviper.mx\/tienda\/wp-json\/wp\/v2\/product_cat?post=251126"},{"taxonomy":"product_tag","embeddable":true,"href":"https:\/\/compuviper.mx\/tienda\/wp-json\/wp\/v2\/product_tag?post=251126"}],"curies":[{"name":"wp","href":"https:\/\/api.w.org\/{rel}","templated":true}]}}