{"id":251055,"date":"2026-04-06T23:50:53","date_gmt":"2026-04-07T05:50:53","guid":{"rendered":"https:\/\/compuviper.mx\/tienda\/producto\/balam-rush-br-941822-enfriamiento-liquido-hydrox-expert-hyx36-pantalla-lcd-2-1-serie-7-pines-argb-software-2400-rpm-3-ventiladores-intel-amd-hidrodinamico-negro\/"},"modified":"2026-04-06T23:50:53","modified_gmt":"2026-04-07T05:50:53","slug":"balam-rush-br-9418227506215941822-enfriamiento-liquido-hydrox-expert-hyx36-pantalla-lcd-2-1-serie-7-pines-argb-software-2400-rpm-3-ventiladores-intel-amd-hidrodinamico-negro-br","status":"publish","type":"product","link":"https:\/\/compuviper.mx\/tienda\/producto\/balam-rush-br-9418227506215941822-enfriamiento-liquido-hydrox-expert-hyx36-pantalla-lcd-2-1-serie-7-pines-argb-software-2400-rpm-3-ventiladores-intel-amd-hidrodinamico-negro-br\/","title":{"rendered":"Balam Rush Br-941822,7506215941822 Enfriamiento Liquido  Hydrox Expert Hyx36 \/ Pantalla Lcd 2.1 \/ Serie 7 Pines \/ Argb \/ Software \/ 2400 Rpm \/ 3 Ventiladores \/ Intel &#8211; Amd \/ Hidrodinamico \/ Negro \/ Br-941822"},"content":{"rendered":"<table class=\"descripcion\">\n<tr>\n<td>Especificaciones<\/td>\n<\/tr>\n<tr>\n<td>\u0095 modelo: br-941822<\/td>\n<\/tr>\n<tr>\n<td>\u0095 medida: 452 x 394 x 120 mm<\/td>\n<\/tr>\n<tr>\n<td>\u0095 peso: 1.6 kg<\/td>\n<\/tr>\n<tr>\n<td>\u0095 material: aluminio + pl\u00e1stico + epdm + iir<\/td>\n<\/tr>\n<tr>\n<td>\u0095 compatibilidad<\/td>\n<\/tr>\n<tr>\n<td>      and #61607; intel: lga 1700 \/ 1851 \/ 1200 \/ 115x \/ 2066<\/td>\n<\/tr>\n<tr>\n<td>      and #61607; amd: am5 \/ am4 \/ am3<\/td>\n<\/tr>\n<tr>\n<td>\u0095 tdp recomendado: 300 w<\/td>\n<\/tr>\n<tr>\n<td>\u0095 bomba<\/td>\n<\/tr>\n<tr>\n<td>      and #61607; dimensiones: 72 x 72 x 59 mm<\/td>\n<\/tr>\n<tr>\n<td>      and #61607; voltaje: 12 v and #9107; + iluminaci\u00f3n 5 v and #9107;<\/td>\n<\/tr>\n<tr>\n<td>      and #61607; potencia: 3.3 w<\/td>\n<\/tr>\n<tr>\n<td>      and #61607; velocidad: 2400 rpm<\/td>\n<\/tr>\n<tr>\n<td>      and #61607; ruido: 30 db<\/td>\n<\/tr>\n<tr>\n<td>      and #61607; conectores: 3 pin + usb<\/td>\n<\/tr>\n<tr>\n<td>      and #61607; material tubos: epdm + iir<\/td>\n<\/tr>\n<tr>\n<td>      and #61607; tipo de rodamiento: hidrodin\u00e1mico<\/td>\n<\/tr>\n<tr>\n<td>\u0095 ventiladores<\/td>\n<\/tr>\n<tr>\n<td>      and #61607; no. de ventiladores: 3<\/td>\n<\/tr>\n<tr>\n<td>      and #61607; dimensiones: 120 x 120 x 27 mm<\/td>\n<\/tr>\n<tr>\n<td>      and #61607; voltaje: 12 v and #9107; + iluminaci\u00f3n 5 v and #9107;<\/td>\n<\/tr>\n<tr>\n<td>      and #61607; potencia: 3 w<\/td>\n<\/tr>\n<tr>\n<td>      and #61607; velocidad: 600 &#8211; 2200 rpm<\/td>\n<\/tr>\n<tr>\n<td>      and #61607; flujo de aire: 74.3 cfm<\/td>\n<\/tr>\n<tr>\n<td>      and #61607; presi\u00f3n del aire: 2.87 mm-h2o<\/td>\n<\/tr>\n<tr>\n<td>      and #61607; conectores: 4 pin pwm + argb 5v (macho y hembra ambos)<\/td>\n<\/tr>\n<tr>\n<td>      and #61607; material: pbt<\/td>\n<\/tr>\n<tr>\n<td>      and #61607; tipo de rodamiento: hidrodin\u00e1mico<\/td>\n<\/tr>\n<tr>\n<td>\u0095 iluminaci\u00f3n<\/td>\n<\/tr>\n<tr>\n<td>      and #61607; tipo: argb<\/td>\n<\/tr>\n<tr>\n<td>      and #61607; conector: argb 5v (macho y hembra)<\/td>\n<\/tr>\n<tr>\n<td>      and #61607; tama\u00f1o de cable: 70 cm<\/td>\n<\/tr>\n<\/table>\n","protected":false},"excerpt":{"rendered":"<p>Monitoreo del sistema. La pantalla de 2,1 pulgadas integrada en el bloque de la bomba permite. Monitorear al instante las frecuencias de reloj, los voltajes, las temperaturas y. Las velocidades de los ventiladores. ( software versatil . Monitorea que indicadores muestra la pantalla. ( flujo de aire de 74.3 cfm y una. Presi\u00f3n de 2.87 mm-h2o . El poderoso flujo de aire y la presi\u00f3n est\u00e1tica adecuada. Mejora la capacidad de empujar aire a trav\u00e9s de radiadores. O espacios ajustados, maximizando el rendimiento de. Enfriamiento. Enfriamiento extremo. La bomba con sus 2400 rpm y ventiladores que van. De 600 hasta 2200 rpm enfria todo el sistema r\u00e1pido. Y eficiente. ( 12 canales para l\u00edquido. Y aletas densas . Las aletas onduladas densas mejoran el \u00e1rea de disipaci\u00f3n. De calor del radiador. ( dise\u00f1o silencioso a 30 db . Experiencia de juego y productividad sin. Interrupciones. El bajo nivel sonoro permite. Sumergirte completamente en tus sesiones. Sin distracciones. ( conector en cadena de 7 pines + conector pwm, full argb y usb . Integra varios ventiladores con un solo cable, aprovechando la conectividad a 4 pin pwm + aura para una sincronizaci\u00f3n. Argb fluida y un mejor manejo de cables. As\u00ed como la conecci\u00f3n usb para transmisi\u00f3n de datos en la pantalla lcd. ( amplia compatibilidad . Soporte para intel socket 1851, 1700, 1200, 115x y para amd socket am5, am4, am3.<\/p>\n","protected":false},"featured_media":259088,"comment_status":"open","ping_status":"open","template":"","meta":[],"product_cat":[1612,1613],"product_tag":[2097],"acf":[],"yoast_head":"<!-- This site is optimized with the Yoast SEO plugin v21.7 - https:\/\/yoast.com\/wordpress\/plugins\/seo\/ -->\n<title>[ Balam Rush ] &#129351; Br-941822,7506215941822 Enfriamiento Liquido Hydrox Expert Hyx36 \/ Pantalla Lcd 2.1 \/ Serie 7 Pines \/ Argb \/ Software \/ 2400 Rpm \/ 3 Ventiladores \/ Intel - Amd \/ Hidrodinamico \/ Negro \/ Br-941822<\/title>\n<meta name=\"description\" content=\"Compra Br-941822,7506215941822 Enfriamiento Liquido Hydrox Expert Hyx36 \/ Pantalla Lcd 2.1 \/ Serie 7 Pines \/ Argb \/ Software \/ 2400 Rpm \/ 3 Ventiladores \/ Intel - Amd \/ Hidrodinamico \/ Negro \/ Br-941822 + Env\u00edo a domicilio + Pago seguro + Garant\u00eda\" \/>\n<meta name=\"robots\" content=\"index, follow, max-snippet:-1, max-image-preview:large, max-video-preview:-1\" \/>\n<link rel=\"canonical\" href=\"https:\/\/compuviper.mx\/tienda\/producto\/balam-rush-br-9418227506215941822-enfriamiento-liquido-hydrox-expert-hyx36-pantalla-lcd-2-1-serie-7-pines-argb-software-2400-rpm-3-ventiladores-intel-amd-hidrodinamico-negro-br\/\" \/>\n<meta property=\"og:locale\" content=\"es_MX\" \/>\n<meta property=\"og:type\" content=\"article\" \/>\n<meta property=\"og:title\" content=\"[ Balam Rush ] &#129351; Br-941822,7506215941822 Enfriamiento Liquido Hydrox Expert Hyx36 \/ Pantalla Lcd 2.1 \/ Serie 7 Pines \/ Argb \/ Software \/ 2400 Rpm \/ 3 Ventiladores \/ Intel - Amd \/ Hidrodinamico \/ Negro \/ Br-941822\" \/>\n<meta property=\"og:description\" content=\"Compra Br-941822,7506215941822 Enfriamiento Liquido Hydrox Expert Hyx36 \/ Pantalla Lcd 2.1 \/ Serie 7 Pines \/ Argb \/ Software \/ 2400 Rpm \/ 3 Ventiladores \/ Intel - Amd \/ Hidrodinamico \/ Negro \/ Br-941822 + Env\u00edo a domicilio + Pago seguro + Garant\u00eda\" \/>\n<meta property=\"og:url\" content=\"https:\/\/compuviper.mx\/tienda\/producto\/balam-rush-br-9418227506215941822-enfriamiento-liquido-hydrox-expert-hyx36-pantalla-lcd-2-1-serie-7-pines-argb-software-2400-rpm-3-ventiladores-intel-amd-hidrodinamico-negro-br\/\" \/>\n<meta property=\"og:site_name\" content=\"Compuviper\" \/>\n<meta property=\"article:publisher\" content=\"https:\/\/www.facebook.com\/compuviper\" \/>\n<meta property=\"og:image\" content=\"https:\/\/compuviper.mx\/tienda\/wp-content\/uploads\/2025\/10\/Enfriamiento-liquido-balam-rush-hydrox-expert-hyx36-pantalla-lcd-2.1-serie-7-pines-argb-software-2400-rpm-3-ventiladores-intel-amd-hidrodinamico-negro-br-941822.jpg\" \/>\n\t<meta property=\"og:image:width\" content=\"200\" \/>\n\t<meta property=\"og:image:height\" content=\"200\" \/>\n\t<meta property=\"og:image:type\" content=\"image\/jpeg\" \/>\n<meta name=\"twitter:card\" content=\"summary_large_image\" \/>\n<meta name=\"twitter:label1\" content=\"Precio\" \/>\n\t<meta name=\"twitter:data1\" content=\"&#36;1,831 con IVA\" \/>\n\t<meta name=\"twitter:label2\" content=\"Availability\" \/>\n\t<meta name=\"twitter:data2\" content=\"Out of stock\" \/>\n<script type=\"application\/ld+json\" class=\"yoast-schema-graph\">{\"@context\":\"https:\/\/schema.org\",\"@graph\":[{\"@type\":\"WebPage\",\"@id\":\"https:\/\/compuviper.mx\/tienda\/producto\/balam-rush-br-9418227506215941822-enfriamiento-liquido-hydrox-expert-hyx36-pantalla-lcd-2-1-serie-7-pines-argb-software-2400-rpm-3-ventiladores-intel-amd-hidrodinamico-negro-br\/\",\"url\":\"https:\/\/compuviper.mx\/tienda\/producto\/balam-rush-br-9418227506215941822-enfriamiento-liquido-hydrox-expert-hyx36-pantalla-lcd-2-1-serie-7-pines-argb-software-2400-rpm-3-ventiladores-intel-amd-hidrodinamico-negro-br\/\",\"name\":\"[ Balam Rush ] &#129351; Br-941822,7506215941822 Enfriamiento Liquido Hydrox Expert Hyx36 \/ Pantalla Lcd 2.1 \/ Serie 7 Pines \/ Argb \/ Software \/ 2400 Rpm \/ 3 Ventiladores \/ Intel - Amd \/ Hidrodinamico \/ Negro \/ Br-941822\",\"isPartOf\":{\"@id\":\"https:\/\/compuviper.mx\/tienda\/#website\"},\"datePublished\":\"2026-04-07T05:50:53+00:00\",\"dateModified\":\"2026-04-07T05:50:53+00:00\",\"description\":\"Compra Br-941822,7506215941822 Enfriamiento Liquido Hydrox Expert Hyx36 \/ Pantalla Lcd 2.1 \/ Serie 7 Pines \/ Argb \/ Software \/ 2400 Rpm \/ 3 Ventiladores \/ Intel - Amd \/ Hidrodinamico \/ Negro \/ Br-941822 + Env\u00edo a domicilio + Pago seguro + Garant\u00eda\",\"breadcrumb\":{\"@id\":\"https:\/\/compuviper.mx\/tienda\/producto\/balam-rush-br-9418227506215941822-enfriamiento-liquido-hydrox-expert-hyx36-pantalla-lcd-2-1-serie-7-pines-argb-software-2400-rpm-3-ventiladores-intel-amd-hidrodinamico-negro-br\/#breadcrumb\"},\"inLanguage\":\"es-MX\",\"potentialAction\":[{\"@type\":\"ReadAction\",\"target\":[\"https:\/\/compuviper.mx\/tienda\/producto\/balam-rush-br-9418227506215941822-enfriamiento-liquido-hydrox-expert-hyx36-pantalla-lcd-2-1-serie-7-pines-argb-software-2400-rpm-3-ventiladores-intel-amd-hidrodinamico-negro-br\/\"]}]},{\"@type\":\"BreadcrumbList\",\"@id\":\"https:\/\/compuviper.mx\/tienda\/producto\/balam-rush-br-9418227506215941822-enfriamiento-liquido-hydrox-expert-hyx36-pantalla-lcd-2-1-serie-7-pines-argb-software-2400-rpm-3-ventiladores-intel-amd-hidrodinamico-negro-br\/#breadcrumb\",\"itemListElement\":[{\"@type\":\"ListItem\",\"position\":1,\"name\":\"Inicio\",\"item\":\"https:\/\/compuviper.mx\/tienda\/\"},{\"@type\":\"ListItem\",\"position\":2,\"name\":\"Productos\",\"item\":\"https:\/\/compuviper.mx\/tienda\/productos\/\"},{\"@type\":\"ListItem\",\"position\":3,\"name\":\"Ventiladores\",\"item\":\"https:\/\/compuviper.mx\/tienda\/categoria-producto\/ventiladores\/\"},{\"@type\":\"ListItem\",\"position\":4,\"name\":\"Para Procesador\",\"item\":\"https:\/\/compuviper.mx\/tienda\/categoria-producto\/ventiladores\/para-procesador\/\"},{\"@type\":\"ListItem\",\"position\":5,\"name\":\"Balam Rush Br-941822,7506215941822 Enfriamiento Liquido Hydrox Expert Hyx36 \/ Pantalla Lcd 2.1 \/ Serie 7 Pines \/ Argb \/ Software \/ 2400 Rpm \/ 3 Ventiladores \/ Intel &#8211; Amd \/ Hidrodinamico \/ Negro \/ Br-941822\"}]},{\"@type\":\"WebSite\",\"@id\":\"https:\/\/compuviper.mx\/tienda\/#website\",\"url\":\"https:\/\/compuviper.mx\/tienda\/\",\"name\":\"Compuviper\",\"description\":\"Proveedor de Computadoras, Laptops, Servidores, Monitores, Puntos de Venta, Teclados,   Impresoras, T\u00f3ner, C\u00e1maras de Seguridad y m\u00e1s en tu tienda en l\u00ednea\",\"publisher\":{\"@id\":\"https:\/\/compuviper.mx\/tienda\/#organization\"},\"potentialAction\":[{\"@type\":\"SearchAction\",\"target\":{\"@type\":\"EntryPoint\",\"urlTemplate\":\"https:\/\/compuviper.mx\/tienda\/?s={search_term_string}\"},\"query-input\":\"required name=search_term_string\"}],\"inLanguage\":\"es-MX\"},{\"@type\":\"Organization\",\"@id\":\"https:\/\/compuviper.mx\/tienda\/#organization\",\"name\":\"Compuviper\",\"url\":\"https:\/\/compuviper.mx\/tienda\/\",\"logo\":{\"@type\":\"ImageObject\",\"inLanguage\":\"es-MX\",\"@id\":\"https:\/\/compuviper.mx\/tienda\/#\/schema\/logo\/image\/\",\"url\":\"https:\/\/compuviper.mx\/tienda\/wp-content\/uploads\/2021\/08\/Logo-Compuviper-10.png\",\"contentUrl\":\"https:\/\/compuviper.mx\/tienda\/wp-content\/uploads\/2021\/08\/Logo-Compuviper-10.png\",\"width\":1000,\"height\":500,\"caption\":\"Compuviper\"},\"image\":{\"@id\":\"https:\/\/compuviper.mx\/tienda\/#\/schema\/logo\/image\/\"},\"sameAs\":[\"https:\/\/www.facebook.com\/compuviper\",\"https:\/\/www.youtube.com\/channel\/UCf73dERp9Y3cfOq7q8BhLjA?view_as=subscriber\"]}]}<\/script>\n<meta property=\"product:brand\" content=\"Balam Rush\" \/>\n<meta property=\"product:price:amount\" content=\"1831\" \/>\n<meta property=\"product:price:currency\" content=\"MXN\" \/>\n<meta property=\"og:availability\" content=\"out of stock\" \/>\n<meta property=\"product:availability\" content=\"out of stock\" \/>\n<meta property=\"product:retailer_item_id\" content=\"BR-941822,7506215941822\" \/>\n<meta property=\"product:condition\" content=\"new\" \/>\n<!-- \/ Yoast SEO plugin. -->","yoast_head_json":{"title":"[ Balam Rush ] &#129351; Br-941822,7506215941822 Enfriamiento Liquido Hydrox Expert Hyx36 \/ Pantalla Lcd 2.1 \/ Serie 7 Pines \/ Argb \/ Software \/ 2400 Rpm \/ 3 Ventiladores \/ Intel - Amd \/ Hidrodinamico \/ Negro \/ Br-941822","description":"Compra Br-941822,7506215941822 Enfriamiento Liquido Hydrox Expert Hyx36 \/ Pantalla Lcd 2.1 \/ Serie 7 Pines \/ Argb \/ Software \/ 2400 Rpm \/ 3 Ventiladores \/ Intel - Amd \/ Hidrodinamico \/ Negro \/ Br-941822 + Env\u00edo a domicilio + Pago seguro + Garant\u00eda","robots":{"index":"index","follow":"follow","max-snippet":"max-snippet:-1","max-image-preview":"max-image-preview:large","max-video-preview":"max-video-preview:-1"},"canonical":"https:\/\/compuviper.mx\/tienda\/producto\/balam-rush-br-9418227506215941822-enfriamiento-liquido-hydrox-expert-hyx36-pantalla-lcd-2-1-serie-7-pines-argb-software-2400-rpm-3-ventiladores-intel-amd-hidrodinamico-negro-br\/","og_locale":"es_MX","og_type":"article","og_title":"[ Balam Rush ] &#129351; Br-941822,7506215941822 Enfriamiento Liquido Hydrox Expert Hyx36 \/ Pantalla Lcd 2.1 \/ Serie 7 Pines \/ Argb \/ Software \/ 2400 Rpm \/ 3 Ventiladores \/ Intel - Amd \/ Hidrodinamico \/ Negro \/ Br-941822","og_description":"Compra Br-941822,7506215941822 Enfriamiento Liquido Hydrox Expert Hyx36 \/ Pantalla Lcd 2.1 \/ Serie 7 Pines \/ Argb \/ Software \/ 2400 Rpm \/ 3 Ventiladores \/ Intel - Amd \/ Hidrodinamico \/ Negro \/ Br-941822 + Env\u00edo a domicilio + Pago seguro + Garant\u00eda","og_url":"https:\/\/compuviper.mx\/tienda\/producto\/balam-rush-br-9418227506215941822-enfriamiento-liquido-hydrox-expert-hyx36-pantalla-lcd-2-1-serie-7-pines-argb-software-2400-rpm-3-ventiladores-intel-amd-hidrodinamico-negro-br\/","og_site_name":"Compuviper","article_publisher":"https:\/\/www.facebook.com\/compuviper","og_image":[{"width":200,"height":200,"url":"https:\/\/compuviper.mx\/tienda\/wp-content\/uploads\/2025\/10\/Enfriamiento-liquido-balam-rush-hydrox-expert-hyx36-pantalla-lcd-2.1-serie-7-pines-argb-software-2400-rpm-3-ventiladores-intel-amd-hidrodinamico-negro-br-941822.jpg","type":"image\/jpeg"}],"twitter_card":"summary_large_image","twitter_misc":{"Precio":"&#36;1,831 con IVA","Availability":"Out of stock"},"schema":{"@context":"https:\/\/schema.org","@graph":[{"@type":"WebPage","@id":"https:\/\/compuviper.mx\/tienda\/producto\/balam-rush-br-9418227506215941822-enfriamiento-liquido-hydrox-expert-hyx36-pantalla-lcd-2-1-serie-7-pines-argb-software-2400-rpm-3-ventiladores-intel-amd-hidrodinamico-negro-br\/","url":"https:\/\/compuviper.mx\/tienda\/producto\/balam-rush-br-9418227506215941822-enfriamiento-liquido-hydrox-expert-hyx36-pantalla-lcd-2-1-serie-7-pines-argb-software-2400-rpm-3-ventiladores-intel-amd-hidrodinamico-negro-br\/","name":"[ Balam Rush ] &#129351; Br-941822,7506215941822 Enfriamiento Liquido Hydrox Expert Hyx36 \/ Pantalla Lcd 2.1 \/ Serie 7 Pines \/ Argb \/ Software \/ 2400 Rpm \/ 3 Ventiladores \/ Intel - Amd \/ Hidrodinamico \/ Negro \/ Br-941822","isPartOf":{"@id":"https:\/\/compuviper.mx\/tienda\/#website"},"datePublished":"2026-04-07T05:50:53+00:00","dateModified":"2026-04-07T05:50:53+00:00","description":"Compra Br-941822,7506215941822 Enfriamiento Liquido Hydrox Expert Hyx36 \/ Pantalla Lcd 2.1 \/ Serie 7 Pines \/ Argb \/ Software \/ 2400 Rpm \/ 3 Ventiladores \/ Intel - Amd \/ Hidrodinamico \/ Negro \/ Br-941822 + Env\u00edo a domicilio + Pago seguro + Garant\u00eda","breadcrumb":{"@id":"https:\/\/compuviper.mx\/tienda\/producto\/balam-rush-br-9418227506215941822-enfriamiento-liquido-hydrox-expert-hyx36-pantalla-lcd-2-1-serie-7-pines-argb-software-2400-rpm-3-ventiladores-intel-amd-hidrodinamico-negro-br\/#breadcrumb"},"inLanguage":"es-MX","potentialAction":[{"@type":"ReadAction","target":["https:\/\/compuviper.mx\/tienda\/producto\/balam-rush-br-9418227506215941822-enfriamiento-liquido-hydrox-expert-hyx36-pantalla-lcd-2-1-serie-7-pines-argb-software-2400-rpm-3-ventiladores-intel-amd-hidrodinamico-negro-br\/"]}]},{"@type":"BreadcrumbList","@id":"https:\/\/compuviper.mx\/tienda\/producto\/balam-rush-br-9418227506215941822-enfriamiento-liquido-hydrox-expert-hyx36-pantalla-lcd-2-1-serie-7-pines-argb-software-2400-rpm-3-ventiladores-intel-amd-hidrodinamico-negro-br\/#breadcrumb","itemListElement":[{"@type":"ListItem","position":1,"name":"Inicio","item":"https:\/\/compuviper.mx\/tienda\/"},{"@type":"ListItem","position":2,"name":"Productos","item":"https:\/\/compuviper.mx\/tienda\/productos\/"},{"@type":"ListItem","position":3,"name":"Ventiladores","item":"https:\/\/compuviper.mx\/tienda\/categoria-producto\/ventiladores\/"},{"@type":"ListItem","position":4,"name":"Para Procesador","item":"https:\/\/compuviper.mx\/tienda\/categoria-producto\/ventiladores\/para-procesador\/"},{"@type":"ListItem","position":5,"name":"Balam Rush Br-941822,7506215941822 Enfriamiento Liquido Hydrox Expert Hyx36 \/ Pantalla Lcd 2.1 \/ Serie 7 Pines \/ Argb \/ Software \/ 2400 Rpm \/ 3 Ventiladores \/ Intel &#8211; Amd \/ Hidrodinamico \/ Negro \/ Br-941822"}]},{"@type":"WebSite","@id":"https:\/\/compuviper.mx\/tienda\/#website","url":"https:\/\/compuviper.mx\/tienda\/","name":"Compuviper","description":"Proveedor de Computadoras, Laptops, Servidores, Monitores, Puntos de Venta, Teclados,   Impresoras, T\u00f3ner, C\u00e1maras de Seguridad y m\u00e1s en tu tienda en l\u00ednea","publisher":{"@id":"https:\/\/compuviper.mx\/tienda\/#organization"},"potentialAction":[{"@type":"SearchAction","target":{"@type":"EntryPoint","urlTemplate":"https:\/\/compuviper.mx\/tienda\/?s={search_term_string}"},"query-input":"required name=search_term_string"}],"inLanguage":"es-MX"},{"@type":"Organization","@id":"https:\/\/compuviper.mx\/tienda\/#organization","name":"Compuviper","url":"https:\/\/compuviper.mx\/tienda\/","logo":{"@type":"ImageObject","inLanguage":"es-MX","@id":"https:\/\/compuviper.mx\/tienda\/#\/schema\/logo\/image\/","url":"https:\/\/compuviper.mx\/tienda\/wp-content\/uploads\/2021\/08\/Logo-Compuviper-10.png","contentUrl":"https:\/\/compuviper.mx\/tienda\/wp-content\/uploads\/2021\/08\/Logo-Compuviper-10.png","width":1000,"height":500,"caption":"Compuviper"},"image":{"@id":"https:\/\/compuviper.mx\/tienda\/#\/schema\/logo\/image\/"},"sameAs":["https:\/\/www.facebook.com\/compuviper","https:\/\/www.youtube.com\/channel\/UCf73dERp9Y3cfOq7q8BhLjA?view_as=subscriber"]}]},"product_brand":"Balam Rush","product_price_amount":"1831","product_price_currency":"MXN","og_availability":"out of stock","product_availability":"out of stock","product_retailer_item_id":"BR-941822,7506215941822","product_condition":"new"},"_links":{"self":[{"href":"https:\/\/compuviper.mx\/tienda\/wp-json\/wp\/v2\/product\/251055"}],"collection":[{"href":"https:\/\/compuviper.mx\/tienda\/wp-json\/wp\/v2\/product"}],"about":[{"href":"https:\/\/compuviper.mx\/tienda\/wp-json\/wp\/v2\/types\/product"}],"replies":[{"embeddable":true,"href":"https:\/\/compuviper.mx\/tienda\/wp-json\/wp\/v2\/comments?post=251055"}],"wp:featuredmedia":[{"embeddable":true,"href":"https:\/\/compuviper.mx\/tienda\/wp-json\/wp\/v2\/media\/259088"}],"wp:attachment":[{"href":"https:\/\/compuviper.mx\/tienda\/wp-json\/wp\/v2\/media?parent=251055"}],"wp:term":[{"taxonomy":"product_cat","embeddable":true,"href":"https:\/\/compuviper.mx\/tienda\/wp-json\/wp\/v2\/product_cat?post=251055"},{"taxonomy":"product_tag","embeddable":true,"href":"https:\/\/compuviper.mx\/tienda\/wp-json\/wp\/v2\/product_tag?post=251055"}],"curies":[{"name":"wp","href":"https:\/\/api.w.org\/{rel}","templated":true}]}}