{"id":251031,"date":"2026-04-11T00:45:24","date_gmt":"2026-04-11T06:45:24","guid":{"rendered":"https:\/\/compuviper.mx\/tienda\/producto\/3nstar-k21-6412w-8-240w11-kiosco-k21-21-5-pulgadas-windows-11-8gb-ram-240-gb-ssd-usb-wifi-ethernet-red-bluetooth-intel-celeron-j6412-2-0-ghz\/"},"modified":"2026-04-11T00:45:24","modified_gmt":"2026-04-11T06:45:24","slug":"3nstar-k21-j6412w-8-240w11-kiosco-k21-21-5-pulgadas-windows-11-8gb-ram-240-gb-ssd-usb-wifi-ethernet-red-bluetooth-intel-celeron-j6412-2-0-ghz","status":"publish","type":"product","link":"https:\/\/compuviper.mx\/tienda\/producto\/3nstar-k21-j6412w-8-240w11-kiosco-k21-21-5-pulgadas-windows-11-8gb-ram-240-gb-ssd-usb-wifi-ethernet-red-bluetooth-intel-celeron-j6412-2-0-ghz\/","title":{"rendered":"3nstar K21-j6412w-8-240w11 Kiosco  K21, 21.5 Pulgadas, Windows 11 , 8gb Ram , 240 Gb Ssd, Usb, Wifi, Ethernet Red, Bluetooth, Intel Celeron J6412 2.0 Ghz."},"content":{"rendered":"<table class=\"descripcion\">\n<tr>\n<td>El kiosco 3nstar k21 es una solucion interactiva  de vanguardia con pantalla tactil de 21.5 y opciones de impresora de 80mm,  lector de codigos de barras 2d  y de banda magnetica . con un diseo elegante y resistente , este kiosco  ofrece una experiencia intuitiva y versatil para aplicaciones de autoservicio , comercio minorista  y centros de informacion .  la pantalla amplia y nitida brinda  una interfaz facil de usar , mientras que la impresora  de alta calidad permite la impresion rapida de recibos<\/td>\n<\/tr>\n<\/table>\n","protected":false},"excerpt":{"rendered":"<p>Caracteristicas fisicas. Dimensiones: 794mm h x 349mm l x 400mm w. Peso:  23.2 kg. Construccion: marcos de acero y piezas de aluminio. Color: negro. Performance. Sistema operativo. Opcional:  windows o linux. Cpu:  intel celeron j6412 cuatro nucleos  2.0ghz. Memoria: 8gb ram max 16 gb ddr4. Almacenamiento: 240 gb ssd m.2 pcle nvm 4gen  max 1tb. Conectividad.  Wii-fi: 802.11b\/g\/n 150\/300mbps.  Bluetooth: 4.0.  Ethernet: 10\/100\/1000m rj45.  Usb: 4 puertos internos , 2 puertos externos. Serial:  rs232 1 rs232 db9. Salida de video: 1 vga. Salida de audio:  2 altavoces. Panel tactil. Tipo de pantalla tactil: capacitiva 10 puntos. Transmitancia:   85. Tiempos de contacto: mas de 50.000.000. Monitor. Tipo:  21 tft lcd panel. Resolucion:  1920  1080. Pixel: 0.24825vx0.08275hmm. Brillo:  tipico 250 cd\/m?. Contraste: ratio 2000: 1min  3000:1tipo. Ancho de banda: 60hz. Soporte de color: 16.7m. Vida util:  mas de 30.000 horas. Impresora. Tipo:  rpt015 opcional. Velocidad de imprsion: 300 mm\/s. Vida util del cabezal: 150 km. Vida util del cortador:  2 millones de cortes. Opciones. Soporte de suelo: proporciona una solucion de instalacion perfecta para colocar el quiosco  de forma segura en el suelo. Escaner de codigo de barras. Opcional:  sck 2d scanner. Lector de banda magnetica. Opcional:  msr003 3 pistas. Soporte de terminal de pago:  soporta diferentes tamaos de terminales de pago. Electrico. Consumo de energia:  57w. Salida del adaptador:  dc 12v 7a. Entrada del adaptador: ac 100-240v, 50-60hz. Medioambiental. Temperatura de funcionamiento: de 0\u00b0c a 40\u00b0c. Temperatura de almacenamiento: -20\u00b0c a 60\u00b0c. Humedad: 10 a 80. Embalaje. Contenido de la caja: herrajes de soporte periferico , torniollos , anternas y cables de alimentacion. Tamao de la caja. Kiosco:  910mm x 510mm x 515mm. Doporte de pios : 940mm  x 340mm  x 340mm. Peso.  Kiosco: 25kg. Soporte de pso: 9.5kg . Garantia. Garantia: 1 ao  garantia extendida disponible<\/p>\n","protected":false},"featured_media":259792,"comment_status":"open","ping_status":"open","template":"","meta":[],"product_cat":[2261,2262],"product_tag":[1570],"acf":[],"yoast_head":"<!-- This site is optimized with the Yoast SEO plugin v21.7 - https:\/\/yoast.com\/wordpress\/plugins\/seo\/ -->\n<title>[ 3nstar ] &#129351; K21-j6412w-8-240w11 Kiosco K21, 21.5 Pulgadas, Windows 11 , 8gb Ram , 240 Gb Ssd, Usb, Wifi, Ethernet Red, Bluetooth, Intel Celeron J6412 2.0 Ghz.<\/title>\n<meta name=\"description\" content=\"Compra K21-j6412w-8-240w11 Kiosco K21, 21.5 Pulgadas, Windows 11 , 8gb Ram , 240 Gb Ssd, Usb, Wifi, Ethernet Red, Bluetooth, Intel Celeron J6412 2.0 Ghz. + Env\u00edo a domicilio + Pago seguro + Garant\u00eda\" \/>\n<meta name=\"robots\" content=\"index, follow, max-snippet:-1, max-image-preview:large, max-video-preview:-1\" \/>\n<link rel=\"canonical\" href=\"https:\/\/compuviper.mx\/tienda\/producto\/3nstar-k21-j6412w-8-240w11-kiosco-k21-21-5-pulgadas-windows-11-8gb-ram-240-gb-ssd-usb-wifi-ethernet-red-bluetooth-intel-celeron-j6412-2-0-ghz\/\" \/>\n<meta property=\"og:locale\" content=\"es_MX\" \/>\n<meta property=\"og:type\" content=\"article\" \/>\n<meta property=\"og:title\" content=\"[ 3nstar ] &#129351; K21-j6412w-8-240w11 Kiosco K21, 21.5 Pulgadas, Windows 11 , 8gb Ram , 240 Gb Ssd, Usb, Wifi, Ethernet Red, Bluetooth, Intel Celeron J6412 2.0 Ghz.\" \/>\n<meta property=\"og:description\" content=\"Compra K21-j6412w-8-240w11 Kiosco K21, 21.5 Pulgadas, Windows 11 , 8gb Ram , 240 Gb Ssd, Usb, Wifi, Ethernet Red, Bluetooth, Intel Celeron J6412 2.0 Ghz. + Env\u00edo a domicilio + Pago seguro + Garant\u00eda\" \/>\n<meta property=\"og:url\" content=\"https:\/\/compuviper.mx\/tienda\/producto\/3nstar-k21-j6412w-8-240w11-kiosco-k21-21-5-pulgadas-windows-11-8gb-ram-240-gb-ssd-usb-wifi-ethernet-red-bluetooth-intel-celeron-j6412-2-0-ghz\/\" \/>\n<meta property=\"og:site_name\" content=\"Compuviper\" \/>\n<meta property=\"article:publisher\" content=\"https:\/\/www.facebook.com\/compuviper\" \/>\n<meta property=\"og:image\" content=\"https:\/\/compuviper.mx\/tienda\/wp-content\/uploads\/2025\/10\/Kiosco-3nstar-k21-21.5-pulgadas-windows-11-8gb-ram-240-gb-ssd-usb-wifi-ethernet-red-bluetooth-intel-celeron-j6412-2.0-ghz.jpg\" \/>\n\t<meta property=\"og:image:width\" content=\"200\" \/>\n\t<meta property=\"og:image:height\" content=\"200\" \/>\n\t<meta property=\"og:image:type\" content=\"image\/jpeg\" \/>\n<meta name=\"twitter:card\" content=\"summary_large_image\" \/>\n<meta name=\"twitter:label1\" content=\"Precio\" \/>\n\t<meta name=\"twitter:data1\" content=\"&#36;19,820 con IVA\" \/>\n\t<meta name=\"twitter:label2\" content=\"Availability\" \/>\n\t<meta name=\"twitter:data2\" content=\"On backorder\" \/>\n<script type=\"application\/ld+json\" class=\"yoast-schema-graph\">{\"@context\":\"https:\/\/schema.org\",\"@graph\":[{\"@type\":\"WebPage\",\"@id\":\"https:\/\/compuviper.mx\/tienda\/producto\/3nstar-k21-j6412w-8-240w11-kiosco-k21-21-5-pulgadas-windows-11-8gb-ram-240-gb-ssd-usb-wifi-ethernet-red-bluetooth-intel-celeron-j6412-2-0-ghz\/\",\"url\":\"https:\/\/compuviper.mx\/tienda\/producto\/3nstar-k21-j6412w-8-240w11-kiosco-k21-21-5-pulgadas-windows-11-8gb-ram-240-gb-ssd-usb-wifi-ethernet-red-bluetooth-intel-celeron-j6412-2-0-ghz\/\",\"name\":\"[ 3nstar ] &#129351; K21-j6412w-8-240w11 Kiosco K21, 21.5 Pulgadas, Windows 11 , 8gb Ram , 240 Gb Ssd, Usb, Wifi, Ethernet Red, Bluetooth, Intel Celeron J6412 2.0 Ghz.\",\"isPartOf\":{\"@id\":\"https:\/\/compuviper.mx\/tienda\/#website\"},\"datePublished\":\"2026-04-11T06:45:24+00:00\",\"dateModified\":\"2026-04-11T06:45:24+00:00\",\"description\":\"Compra K21-j6412w-8-240w11 Kiosco K21, 21.5 Pulgadas, Windows 11 , 8gb Ram , 240 Gb Ssd, Usb, Wifi, Ethernet Red, Bluetooth, Intel Celeron J6412 2.0 Ghz. + Env\u00edo a domicilio + Pago seguro + Garant\u00eda\",\"breadcrumb\":{\"@id\":\"https:\/\/compuviper.mx\/tienda\/producto\/3nstar-k21-j6412w-8-240w11-kiosco-k21-21-5-pulgadas-windows-11-8gb-ram-240-gb-ssd-usb-wifi-ethernet-red-bluetooth-intel-celeron-j6412-2-0-ghz\/#breadcrumb\"},\"inLanguage\":\"es-MX\",\"potentialAction\":[{\"@type\":\"ReadAction\",\"target\":[\"https:\/\/compuviper.mx\/tienda\/producto\/3nstar-k21-j6412w-8-240w11-kiosco-k21-21-5-pulgadas-windows-11-8gb-ram-240-gb-ssd-usb-wifi-ethernet-red-bluetooth-intel-celeron-j6412-2-0-ghz\/\"]}]},{\"@type\":\"BreadcrumbList\",\"@id\":\"https:\/\/compuviper.mx\/tienda\/producto\/3nstar-k21-j6412w-8-240w11-kiosco-k21-21-5-pulgadas-windows-11-8gb-ram-240-gb-ssd-usb-wifi-ethernet-red-bluetooth-intel-celeron-j6412-2-0-ghz\/#breadcrumb\",\"itemListElement\":[{\"@type\":\"ListItem\",\"position\":1,\"name\":\"Inicio\",\"item\":\"https:\/\/compuviper.mx\/tienda\/\"},{\"@type\":\"ListItem\",\"position\":2,\"name\":\"Productos\",\"item\":\"https:\/\/compuviper.mx\/tienda\/productos\/\"},{\"@type\":\"ListItem\",\"position\":3,\"name\":\"Kiosko\",\"item\":\"https:\/\/compuviper.mx\/tienda\/categoria-producto\/kiosko\/\"},{\"@type\":\"ListItem\",\"position\":4,\"name\":\"Sin Categor\u00eda\",\"item\":\"https:\/\/compuviper.mx\/tienda\/categoria-producto\/kiosko\/sin-categoria-kiosko\/\"},{\"@type\":\"ListItem\",\"position\":5,\"name\":\"3nstar K21-j6412w-8-240w11 Kiosco K21, 21.5 Pulgadas, Windows 11 , 8gb Ram , 240 Gb Ssd, Usb, Wifi, Ethernet Red, Bluetooth, Intel Celeron J6412 2.0 Ghz.\"}]},{\"@type\":\"WebSite\",\"@id\":\"https:\/\/compuviper.mx\/tienda\/#website\",\"url\":\"https:\/\/compuviper.mx\/tienda\/\",\"name\":\"Compuviper\",\"description\":\"Proveedor de Computadoras, Laptops, Servidores, Monitores, Puntos de Venta, Teclados,   Impresoras, T\u00f3ner, C\u00e1maras de Seguridad y m\u00e1s en tu tienda en l\u00ednea\",\"publisher\":{\"@id\":\"https:\/\/compuviper.mx\/tienda\/#organization\"},\"potentialAction\":[{\"@type\":\"SearchAction\",\"target\":{\"@type\":\"EntryPoint\",\"urlTemplate\":\"https:\/\/compuviper.mx\/tienda\/?s={search_term_string}\"},\"query-input\":\"required name=search_term_string\"}],\"inLanguage\":\"es-MX\"},{\"@type\":\"Organization\",\"@id\":\"https:\/\/compuviper.mx\/tienda\/#organization\",\"name\":\"Compuviper\",\"url\":\"https:\/\/compuviper.mx\/tienda\/\",\"logo\":{\"@type\":\"ImageObject\",\"inLanguage\":\"es-MX\",\"@id\":\"https:\/\/compuviper.mx\/tienda\/#\/schema\/logo\/image\/\",\"url\":\"https:\/\/compuviper.mx\/tienda\/wp-content\/uploads\/2021\/08\/Logo-Compuviper-10.png\",\"contentUrl\":\"https:\/\/compuviper.mx\/tienda\/wp-content\/uploads\/2021\/08\/Logo-Compuviper-10.png\",\"width\":1000,\"height\":500,\"caption\":\"Compuviper\"},\"image\":{\"@id\":\"https:\/\/compuviper.mx\/tienda\/#\/schema\/logo\/image\/\"},\"sameAs\":[\"https:\/\/www.facebook.com\/compuviper\",\"https:\/\/www.youtube.com\/channel\/UCf73dERp9Y3cfOq7q8BhLjA?view_as=subscriber\"]}]}<\/script>\n<meta property=\"product:brand\" content=\"3NSTAR\" \/>\n<meta property=\"product:price:amount\" content=\"19820\" \/>\n<meta property=\"product:price:currency\" content=\"MXN\" \/>\n<meta property=\"og:availability\" content=\"backorder\" \/>\n<meta property=\"product:availability\" content=\"available for order\" \/>\n<meta property=\"product:retailer_item_id\" content=\"K21-J6412W-8-240W11\" \/>\n<meta property=\"product:condition\" content=\"new\" \/>\n<!-- \/ Yoast SEO plugin. -->","yoast_head_json":{"title":"[ 3nstar ] &#129351; K21-j6412w-8-240w11 Kiosco K21, 21.5 Pulgadas, Windows 11 , 8gb Ram , 240 Gb Ssd, Usb, Wifi, Ethernet Red, Bluetooth, Intel Celeron J6412 2.0 Ghz.","description":"Compra K21-j6412w-8-240w11 Kiosco K21, 21.5 Pulgadas, Windows 11 , 8gb Ram , 240 Gb Ssd, Usb, Wifi, Ethernet Red, Bluetooth, Intel Celeron J6412 2.0 Ghz. + Env\u00edo a domicilio + Pago seguro + Garant\u00eda","robots":{"index":"index","follow":"follow","max-snippet":"max-snippet:-1","max-image-preview":"max-image-preview:large","max-video-preview":"max-video-preview:-1"},"canonical":"https:\/\/compuviper.mx\/tienda\/producto\/3nstar-k21-j6412w-8-240w11-kiosco-k21-21-5-pulgadas-windows-11-8gb-ram-240-gb-ssd-usb-wifi-ethernet-red-bluetooth-intel-celeron-j6412-2-0-ghz\/","og_locale":"es_MX","og_type":"article","og_title":"[ 3nstar ] &#129351; K21-j6412w-8-240w11 Kiosco K21, 21.5 Pulgadas, Windows 11 , 8gb Ram , 240 Gb Ssd, Usb, Wifi, Ethernet Red, Bluetooth, Intel Celeron J6412 2.0 Ghz.","og_description":"Compra K21-j6412w-8-240w11 Kiosco K21, 21.5 Pulgadas, Windows 11 , 8gb Ram , 240 Gb Ssd, Usb, Wifi, Ethernet Red, Bluetooth, Intel Celeron J6412 2.0 Ghz. + Env\u00edo a domicilio + Pago seguro + Garant\u00eda","og_url":"https:\/\/compuviper.mx\/tienda\/producto\/3nstar-k21-j6412w-8-240w11-kiosco-k21-21-5-pulgadas-windows-11-8gb-ram-240-gb-ssd-usb-wifi-ethernet-red-bluetooth-intel-celeron-j6412-2-0-ghz\/","og_site_name":"Compuviper","article_publisher":"https:\/\/www.facebook.com\/compuviper","og_image":[{"width":200,"height":200,"url":"https:\/\/compuviper.mx\/tienda\/wp-content\/uploads\/2025\/10\/Kiosco-3nstar-k21-21.5-pulgadas-windows-11-8gb-ram-240-gb-ssd-usb-wifi-ethernet-red-bluetooth-intel-celeron-j6412-2.0-ghz.jpg","type":"image\/jpeg"}],"twitter_card":"summary_large_image","twitter_misc":{"Precio":"&#36;19,820 con IVA","Availability":"On backorder"},"schema":{"@context":"https:\/\/schema.org","@graph":[{"@type":"WebPage","@id":"https:\/\/compuviper.mx\/tienda\/producto\/3nstar-k21-j6412w-8-240w11-kiosco-k21-21-5-pulgadas-windows-11-8gb-ram-240-gb-ssd-usb-wifi-ethernet-red-bluetooth-intel-celeron-j6412-2-0-ghz\/","url":"https:\/\/compuviper.mx\/tienda\/producto\/3nstar-k21-j6412w-8-240w11-kiosco-k21-21-5-pulgadas-windows-11-8gb-ram-240-gb-ssd-usb-wifi-ethernet-red-bluetooth-intel-celeron-j6412-2-0-ghz\/","name":"[ 3nstar ] &#129351; K21-j6412w-8-240w11 Kiosco K21, 21.5 Pulgadas, Windows 11 , 8gb Ram , 240 Gb Ssd, Usb, Wifi, Ethernet Red, Bluetooth, Intel Celeron J6412 2.0 Ghz.","isPartOf":{"@id":"https:\/\/compuviper.mx\/tienda\/#website"},"datePublished":"2026-04-11T06:45:24+00:00","dateModified":"2026-04-11T06:45:24+00:00","description":"Compra K21-j6412w-8-240w11 Kiosco K21, 21.5 Pulgadas, Windows 11 , 8gb Ram , 240 Gb Ssd, Usb, Wifi, Ethernet Red, Bluetooth, Intel Celeron J6412 2.0 Ghz. + Env\u00edo a domicilio + Pago seguro + Garant\u00eda","breadcrumb":{"@id":"https:\/\/compuviper.mx\/tienda\/producto\/3nstar-k21-j6412w-8-240w11-kiosco-k21-21-5-pulgadas-windows-11-8gb-ram-240-gb-ssd-usb-wifi-ethernet-red-bluetooth-intel-celeron-j6412-2-0-ghz\/#breadcrumb"},"inLanguage":"es-MX","potentialAction":[{"@type":"ReadAction","target":["https:\/\/compuviper.mx\/tienda\/producto\/3nstar-k21-j6412w-8-240w11-kiosco-k21-21-5-pulgadas-windows-11-8gb-ram-240-gb-ssd-usb-wifi-ethernet-red-bluetooth-intel-celeron-j6412-2-0-ghz\/"]}]},{"@type":"BreadcrumbList","@id":"https:\/\/compuviper.mx\/tienda\/producto\/3nstar-k21-j6412w-8-240w11-kiosco-k21-21-5-pulgadas-windows-11-8gb-ram-240-gb-ssd-usb-wifi-ethernet-red-bluetooth-intel-celeron-j6412-2-0-ghz\/#breadcrumb","itemListElement":[{"@type":"ListItem","position":1,"name":"Inicio","item":"https:\/\/compuviper.mx\/tienda\/"},{"@type":"ListItem","position":2,"name":"Productos","item":"https:\/\/compuviper.mx\/tienda\/productos\/"},{"@type":"ListItem","position":3,"name":"Kiosko","item":"https:\/\/compuviper.mx\/tienda\/categoria-producto\/kiosko\/"},{"@type":"ListItem","position":4,"name":"Sin Categor\u00eda","item":"https:\/\/compuviper.mx\/tienda\/categoria-producto\/kiosko\/sin-categoria-kiosko\/"},{"@type":"ListItem","position":5,"name":"3nstar K21-j6412w-8-240w11 Kiosco K21, 21.5 Pulgadas, Windows 11 , 8gb Ram , 240 Gb Ssd, Usb, Wifi, Ethernet Red, Bluetooth, Intel Celeron J6412 2.0 Ghz."}]},{"@type":"WebSite","@id":"https:\/\/compuviper.mx\/tienda\/#website","url":"https:\/\/compuviper.mx\/tienda\/","name":"Compuviper","description":"Proveedor de Computadoras, Laptops, Servidores, Monitores, Puntos de Venta, Teclados,   Impresoras, T\u00f3ner, C\u00e1maras de Seguridad y m\u00e1s en tu tienda en l\u00ednea","publisher":{"@id":"https:\/\/compuviper.mx\/tienda\/#organization"},"potentialAction":[{"@type":"SearchAction","target":{"@type":"EntryPoint","urlTemplate":"https:\/\/compuviper.mx\/tienda\/?s={search_term_string}"},"query-input":"required name=search_term_string"}],"inLanguage":"es-MX"},{"@type":"Organization","@id":"https:\/\/compuviper.mx\/tienda\/#organization","name":"Compuviper","url":"https:\/\/compuviper.mx\/tienda\/","logo":{"@type":"ImageObject","inLanguage":"es-MX","@id":"https:\/\/compuviper.mx\/tienda\/#\/schema\/logo\/image\/","url":"https:\/\/compuviper.mx\/tienda\/wp-content\/uploads\/2021\/08\/Logo-Compuviper-10.png","contentUrl":"https:\/\/compuviper.mx\/tienda\/wp-content\/uploads\/2021\/08\/Logo-Compuviper-10.png","width":1000,"height":500,"caption":"Compuviper"},"image":{"@id":"https:\/\/compuviper.mx\/tienda\/#\/schema\/logo\/image\/"},"sameAs":["https:\/\/www.facebook.com\/compuviper","https:\/\/www.youtube.com\/channel\/UCf73dERp9Y3cfOq7q8BhLjA?view_as=subscriber"]}]},"product_brand":"3NSTAR","product_price_amount":"19820","product_price_currency":"MXN","og_availability":"backorder","product_availability":"available for order","product_retailer_item_id":"K21-J6412W-8-240W11","product_condition":"new"},"_links":{"self":[{"href":"https:\/\/compuviper.mx\/tienda\/wp-json\/wp\/v2\/product\/251031"}],"collection":[{"href":"https:\/\/compuviper.mx\/tienda\/wp-json\/wp\/v2\/product"}],"about":[{"href":"https:\/\/compuviper.mx\/tienda\/wp-json\/wp\/v2\/types\/product"}],"replies":[{"embeddable":true,"href":"https:\/\/compuviper.mx\/tienda\/wp-json\/wp\/v2\/comments?post=251031"}],"wp:featuredmedia":[{"embeddable":true,"href":"https:\/\/compuviper.mx\/tienda\/wp-json\/wp\/v2\/media\/259792"}],"wp:attachment":[{"href":"https:\/\/compuviper.mx\/tienda\/wp-json\/wp\/v2\/media?parent=251031"}],"wp:term":[{"taxonomy":"product_cat","embeddable":true,"href":"https:\/\/compuviper.mx\/tienda\/wp-json\/wp\/v2\/product_cat?post=251031"},{"taxonomy":"product_tag","embeddable":true,"href":"https:\/\/compuviper.mx\/tienda\/wp-json\/wp\/v2\/product_tag?post=251031"}],"curies":[{"name":"wp","href":"https:\/\/api.w.org\/{rel}","templated":true}]}}