{"id":250991,"date":"2026-04-01T23:16:29","date_gmt":"2026-04-02T05:16:29","guid":{"rendered":"https:\/\/compuviper.mx\/tienda\/producto\/balam-rush-br-940580-silla-gamer-thunder-euphoria-max-150-kg-inclinacion-160-piston-clase-4-reposabrazos-2d-cojin-cervical-mecanismo-de-mariposa-negro\/"},"modified":"2026-04-01T23:16:30","modified_gmt":"2026-04-02T05:16:30","slug":"balam-rush-br-9405807506215940580-silla-gamer-thunder-euphoria-max-150-kg-inclinacion-160-piston-clase-4-reposabrazos-2d-cojin-cervical-mecanismo-de-mariposa-negro-br-940580","status":"publish","type":"product","link":"https:\/\/compuviper.mx\/tienda\/producto\/balam-rush-br-9405807506215940580-silla-gamer-thunder-euphoria-max-150-kg-inclinacion-160-piston-clase-4-reposabrazos-2d-cojin-cervical-mecanismo-de-mariposa-negro-br-940580\/","title":{"rendered":"Balam Rush Br-940580,7506215940580 Silla Gamer  Thunder Euphoria \/ Max 150 Kg \/ Inclinacion 160? \/ Piston Clase 4 \/ Reposabrazos 2d \/ Cojin Cervical \/ Mecanismo De Mariposa \/ Negro \/ Br-940580"},"content":{"rendered":"<table class=\"descripcion\">\n<tr>\n<td>Especificaciones<\/td>\n<\/tr>\n<tr>\n<td>\u0095 modelo: br-940580<\/td>\n<\/tr>\n<tr>\n<td>\u0095 producto: silla gamer giratoria ajustable<\/td>\n<\/tr>\n<tr>\n<td>\u0095 color: negro<\/td>\n<\/tr>\n<tr>\n<td>\u0095 materiales: pu + tela + espuma moldeada + nylon<\/td>\n<\/tr>\n<tr>\n<td>\u0095 dimensiones (l*w*h*): 66 x 57 x 134 cm<\/td>\n<\/tr>\n<tr>\n<td>\u0095 peso: 22 kg<\/td>\n<\/tr>\n<tr>\n<td>\u0095 mecanismo: mariposa<\/td>\n<\/tr>\n<tr>\n<td>\u0095 tipo de pist\u00f3n: clase 4<\/td>\n<\/tr>\n<tr>\n<td>\u0095 peso m\u00e1ximo: 150 kg<\/td>\n<\/tr>\n<tr>\n<td>\u0095 \u00e1ngulo de inclinaci\u00f3n: 160\u00b0<\/td>\n<\/tr>\n<tr>\n<td>\u0095 tipo de reposabrazos: 2d<\/td>\n<\/tr>\n<tr>\n<td>\u0095 coj\u00edn cervical: algod\u00f3n<\/td>\n<\/tr>\n<tr>\n<td>\u0095 estrella: nylon<\/td>\n<\/tr>\n<tr>\n<td>\u0095 ruedas: 5<\/td>\n<\/tr>\n<tr>\n<td>\u0095 estructura: respaldo con el marco de hierro + asiento de madera contrachapada<\/td>\n<\/tr>\n<\/table>\n","protected":false},"excerpt":{"rendered":"<p>Impone. El acabado del bordado en esta. Silla combina un estilo moderno. Con detalles \u00fanicos. No solo. Juega bien, tambi\u00e9n luce. Incre\u00edble en cualquier setup. D\u00e1ndole un toque premium y. Exclusivo a tu espacio gamer. Headshot. De comodidad. Con el coj\u00edn cervical de algod\u00f3n. Mant\u00e9n tu postura al nivel. Profesional. Es tu escudo invisible. Contra el desgaste f\u00edsico, para que te. Concentres en conseguir la victoria. Control total. De movimiento. Ajusta los reposabrazos a tu. Estilo de juego, optimizando tu. Postura como si estuvieras. Configurando tus controles. Con el soporte 2d, tienes el. Mismo nivel de precisi\u00f3n que en. Tu juego favorito. Modo descanso. Activado. Cuando no est\u00e9s en plena. Acci\u00f3n, ajusta la silla a un. \u00e1ngulo de 160\u00b0 y entra en. \u0093modo descanso\u0094. Perfecto. Para esas pausas estrat\u00e9gicas. Entre partidas o mientras. Cargas tu pr\u00f3xima misi\u00f3n. Skin \u00e9pica. Para tu setup. Con pu, tela y espuma. Moldeada, esta silla es la skin. \u00e9pica que todo gamer busca. Para su setup. Combina estilo. Y comodidad para que te. Sientas en tu m\u00e1ximo nivel en. Cada partida. Construida solo. Para los mejores. Como las mejores armaduras en. Los videojuegos, esta silla est?. Hecha de una estructura de. Metal ultraresistente. Garantizando estabilidad durante. Las batallas m\u00e1s \u00e9picas.<\/p>\n","protected":false},"featured_media":258812,"comment_status":"open","ping_status":"open","template":"","meta":[],"product_cat":[1485,1924],"product_tag":[2097],"acf":[],"yoast_head":"<!-- This site is optimized with the Yoast SEO plugin v21.7 - https:\/\/yoast.com\/wordpress\/plugins\/seo\/ -->\n<title>[ Balam Rush ] &#129351; Br-940580,7506215940580 Silla Gamer Thunder Euphoria \/ Max 150 Kg \/ Inclinacion 160\u00b0 \/ Piston Clase 4 \/ Reposabrazos 2d \/ Cojin Cervical \/ Mecanismo De Mariposa \/ Negro \/ Br-940580<\/title>\n<meta name=\"description\" content=\"Compra Br-940580,7506215940580 Silla Gamer Thunder Euphoria \/ Max 150 Kg \/ Inclinacion 160\u00b0 \/ Piston Clase 4 \/ Reposabrazos 2d \/ Cojin Cervical \/ Mecanismo De Mariposa \/ Negro \/ Br-940580 + Env\u00edo a domicilio + Pago seguro + Garant\u00eda\" \/>\n<meta name=\"robots\" content=\"index, follow, max-snippet:-1, max-image-preview:large, max-video-preview:-1\" \/>\n<link rel=\"canonical\" href=\"https:\/\/compuviper.mx\/tienda\/producto\/balam-rush-br-9405807506215940580-silla-gamer-thunder-euphoria-max-150-kg-inclinacion-160-piston-clase-4-reposabrazos-2d-cojin-cervical-mecanismo-de-mariposa-negro-br-940580\/\" \/>\n<meta property=\"og:locale\" content=\"es_MX\" \/>\n<meta property=\"og:type\" content=\"article\" \/>\n<meta property=\"og:title\" content=\"[ Balam Rush ] &#129351; Br-940580,7506215940580 Silla Gamer Thunder Euphoria \/ Max 150 Kg \/ Inclinacion 160\u00b0 \/ Piston Clase 4 \/ Reposabrazos 2d \/ Cojin Cervical \/ Mecanismo De Mariposa \/ Negro \/ Br-940580\" \/>\n<meta property=\"og:description\" content=\"Compra Br-940580,7506215940580 Silla Gamer Thunder Euphoria \/ Max 150 Kg \/ Inclinacion 160\u00b0 \/ Piston Clase 4 \/ Reposabrazos 2d \/ Cojin Cervical \/ Mecanismo De Mariposa \/ Negro \/ Br-940580 + Env\u00edo a domicilio + Pago seguro + Garant\u00eda\" \/>\n<meta property=\"og:url\" content=\"https:\/\/compuviper.mx\/tienda\/producto\/balam-rush-br-9405807506215940580-silla-gamer-thunder-euphoria-max-150-kg-inclinacion-160-piston-clase-4-reposabrazos-2d-cojin-cervical-mecanismo-de-mariposa-negro-br-940580\/\" \/>\n<meta property=\"og:site_name\" content=\"Compuviper\" \/>\n<meta property=\"article:publisher\" content=\"https:\/\/www.facebook.com\/compuviper\" \/>\n<meta property=\"article:modified_time\" content=\"2026-04-02T05:16:30+00:00\" \/>\n<meta property=\"og:image\" content=\"https:\/\/compuviper.mx\/tienda\/wp-content\/uploads\/2025\/10\/Silla-gamer-balam-rush-thunder-euphoria-max-150-kg-inclinacion-160\u00b0-piston-clase-4-reposabrazos-2d-cojin-cervical-mecanismo-de-mariposa-negro-br-940580.jpg\" \/>\n\t<meta property=\"og:image:width\" content=\"200\" \/>\n\t<meta property=\"og:image:height\" content=\"200\" \/>\n\t<meta property=\"og:image:type\" content=\"image\/jpeg\" \/>\n<meta name=\"twitter:card\" content=\"summary_large_image\" \/>\n<meta name=\"twitter:label1\" content=\"Precio\" \/>\n\t<meta name=\"twitter:data1\" content=\"&#36;3,395 con IVA\" \/>\n\t<meta name=\"twitter:label2\" content=\"Availability\" \/>\n\t<meta name=\"twitter:data2\" content=\"In stock\" \/>\n<script type=\"application\/ld+json\" class=\"yoast-schema-graph\">{\"@context\":\"https:\/\/schema.org\",\"@graph\":[{\"@type\":\"WebPage\",\"@id\":\"https:\/\/compuviper.mx\/tienda\/producto\/balam-rush-br-9405807506215940580-silla-gamer-thunder-euphoria-max-150-kg-inclinacion-160-piston-clase-4-reposabrazos-2d-cojin-cervical-mecanismo-de-mariposa-negro-br-940580\/\",\"url\":\"https:\/\/compuviper.mx\/tienda\/producto\/balam-rush-br-9405807506215940580-silla-gamer-thunder-euphoria-max-150-kg-inclinacion-160-piston-clase-4-reposabrazos-2d-cojin-cervical-mecanismo-de-mariposa-negro-br-940580\/\",\"name\":\"[ Balam Rush ] &#129351; Br-940580,7506215940580 Silla Gamer Thunder Euphoria \/ Max 150 Kg \/ Inclinacion 160\u00b0 \/ Piston Clase 4 \/ Reposabrazos 2d \/ Cojin Cervical \/ Mecanismo De Mariposa \/ Negro \/ Br-940580\",\"isPartOf\":{\"@id\":\"https:\/\/compuviper.mx\/tienda\/#website\"},\"datePublished\":\"2026-04-02T05:16:29+00:00\",\"dateModified\":\"2026-04-02T05:16:30+00:00\",\"description\":\"Compra Br-940580,7506215940580 Silla Gamer Thunder Euphoria \/ Max 150 Kg \/ Inclinacion 160\u00b0 \/ Piston Clase 4 \/ Reposabrazos 2d \/ Cojin Cervical \/ Mecanismo De Mariposa \/ Negro \/ Br-940580 + Env\u00edo a domicilio + Pago seguro + Garant\u00eda\",\"breadcrumb\":{\"@id\":\"https:\/\/compuviper.mx\/tienda\/producto\/balam-rush-br-9405807506215940580-silla-gamer-thunder-euphoria-max-150-kg-inclinacion-160-piston-clase-4-reposabrazos-2d-cojin-cervical-mecanismo-de-mariposa-negro-br-940580\/#breadcrumb\"},\"inLanguage\":\"es-MX\",\"potentialAction\":[{\"@type\":\"ReadAction\",\"target\":[\"https:\/\/compuviper.mx\/tienda\/producto\/balam-rush-br-9405807506215940580-silla-gamer-thunder-euphoria-max-150-kg-inclinacion-160-piston-clase-4-reposabrazos-2d-cojin-cervical-mecanismo-de-mariposa-negro-br-940580\/\"]}]},{\"@type\":\"BreadcrumbList\",\"@id\":\"https:\/\/compuviper.mx\/tienda\/producto\/balam-rush-br-9405807506215940580-silla-gamer-thunder-euphoria-max-150-kg-inclinacion-160-piston-clase-4-reposabrazos-2d-cojin-cervical-mecanismo-de-mariposa-negro-br-940580\/#breadcrumb\",\"itemListElement\":[{\"@type\":\"ListItem\",\"position\":1,\"name\":\"Inicio\",\"item\":\"https:\/\/compuviper.mx\/tienda\/\"},{\"@type\":\"ListItem\",\"position\":2,\"name\":\"Productos\",\"item\":\"https:\/\/compuviper.mx\/tienda\/productos\/\"},{\"@type\":\"ListItem\",\"position\":3,\"name\":\"Accesorios\",\"item\":\"https:\/\/compuviper.mx\/tienda\/categoria-producto\/accesorios\/\"},{\"@type\":\"ListItem\",\"position\":4,\"name\":\"Gamers\",\"item\":\"https:\/\/compuviper.mx\/tienda\/categoria-producto\/accesorios\/gamers-accesorios\/\"},{\"@type\":\"ListItem\",\"position\":5,\"name\":\"Balam Rush Br-940580,7506215940580 Silla Gamer Thunder Euphoria \/ Max 150 Kg \/ Inclinacion 160? \/ Piston Clase 4 \/ Reposabrazos 2d \/ Cojin Cervical \/ Mecanismo De Mariposa \/ Negro \/ Br-940580\"}]},{\"@type\":\"WebSite\",\"@id\":\"https:\/\/compuviper.mx\/tienda\/#website\",\"url\":\"https:\/\/compuviper.mx\/tienda\/\",\"name\":\"Compuviper\",\"description\":\"Proveedor de Computadoras, Laptops, Servidores, Monitores, Puntos de Venta, Teclados,   Impresoras, T\u00f3ner, C\u00e1maras de Seguridad y m\u00e1s en tu tienda en l\u00ednea\",\"publisher\":{\"@id\":\"https:\/\/compuviper.mx\/tienda\/#organization\"},\"potentialAction\":[{\"@type\":\"SearchAction\",\"target\":{\"@type\":\"EntryPoint\",\"urlTemplate\":\"https:\/\/compuviper.mx\/tienda\/?s={search_term_string}\"},\"query-input\":\"required name=search_term_string\"}],\"inLanguage\":\"es-MX\"},{\"@type\":\"Organization\",\"@id\":\"https:\/\/compuviper.mx\/tienda\/#organization\",\"name\":\"Compuviper\",\"url\":\"https:\/\/compuviper.mx\/tienda\/\",\"logo\":{\"@type\":\"ImageObject\",\"inLanguage\":\"es-MX\",\"@id\":\"https:\/\/compuviper.mx\/tienda\/#\/schema\/logo\/image\/\",\"url\":\"https:\/\/compuviper.mx\/tienda\/wp-content\/uploads\/2021\/08\/Logo-Compuviper-10.png\",\"contentUrl\":\"https:\/\/compuviper.mx\/tienda\/wp-content\/uploads\/2021\/08\/Logo-Compuviper-10.png\",\"width\":1000,\"height\":500,\"caption\":\"Compuviper\"},\"image\":{\"@id\":\"https:\/\/compuviper.mx\/tienda\/#\/schema\/logo\/image\/\"},\"sameAs\":[\"https:\/\/www.facebook.com\/compuviper\",\"https:\/\/www.youtube.com\/channel\/UCf73dERp9Y3cfOq7q8BhLjA?view_as=subscriber\"]}]}<\/script>\n<meta property=\"product:brand\" content=\"Balam Rush\" \/>\n<meta property=\"product:price:amount\" content=\"3395\" \/>\n<meta property=\"product:price:currency\" content=\"MXN\" \/>\n<meta property=\"og:availability\" content=\"instock\" \/>\n<meta property=\"product:availability\" content=\"instock\" \/>\n<meta property=\"product:retailer_item_id\" content=\"BR-940580,7506215940580\" \/>\n<meta property=\"product:condition\" content=\"new\" \/>\n<!-- \/ Yoast SEO plugin. -->","yoast_head_json":{"title":"[ Balam Rush ] &#129351; Br-940580,7506215940580 Silla Gamer Thunder Euphoria \/ Max 150 Kg \/ Inclinacion 160\u00b0 \/ Piston Clase 4 \/ Reposabrazos 2d \/ Cojin Cervical \/ Mecanismo De Mariposa \/ Negro \/ Br-940580","description":"Compra Br-940580,7506215940580 Silla Gamer Thunder Euphoria \/ Max 150 Kg \/ Inclinacion 160\u00b0 \/ Piston Clase 4 \/ Reposabrazos 2d \/ Cojin Cervical \/ Mecanismo De Mariposa \/ Negro \/ Br-940580 + Env\u00edo a domicilio + Pago seguro + Garant\u00eda","robots":{"index":"index","follow":"follow","max-snippet":"max-snippet:-1","max-image-preview":"max-image-preview:large","max-video-preview":"max-video-preview:-1"},"canonical":"https:\/\/compuviper.mx\/tienda\/producto\/balam-rush-br-9405807506215940580-silla-gamer-thunder-euphoria-max-150-kg-inclinacion-160-piston-clase-4-reposabrazos-2d-cojin-cervical-mecanismo-de-mariposa-negro-br-940580\/","og_locale":"es_MX","og_type":"article","og_title":"[ Balam Rush ] &#129351; Br-940580,7506215940580 Silla Gamer Thunder Euphoria \/ Max 150 Kg \/ Inclinacion 160\u00b0 \/ Piston Clase 4 \/ Reposabrazos 2d \/ Cojin Cervical \/ Mecanismo De Mariposa \/ Negro \/ Br-940580","og_description":"Compra Br-940580,7506215940580 Silla Gamer Thunder Euphoria \/ Max 150 Kg \/ Inclinacion 160\u00b0 \/ Piston Clase 4 \/ Reposabrazos 2d \/ Cojin Cervical \/ Mecanismo De Mariposa \/ Negro \/ Br-940580 + Env\u00edo a domicilio + Pago seguro + Garant\u00eda","og_url":"https:\/\/compuviper.mx\/tienda\/producto\/balam-rush-br-9405807506215940580-silla-gamer-thunder-euphoria-max-150-kg-inclinacion-160-piston-clase-4-reposabrazos-2d-cojin-cervical-mecanismo-de-mariposa-negro-br-940580\/","og_site_name":"Compuviper","article_publisher":"https:\/\/www.facebook.com\/compuviper","article_modified_time":"2026-04-02T05:16:30+00:00","og_image":[{"width":200,"height":200,"url":"https:\/\/compuviper.mx\/tienda\/wp-content\/uploads\/2025\/10\/Silla-gamer-balam-rush-thunder-euphoria-max-150-kg-inclinacion-160\u00b0-piston-clase-4-reposabrazos-2d-cojin-cervical-mecanismo-de-mariposa-negro-br-940580.jpg","type":"image\/jpeg"}],"twitter_card":"summary_large_image","twitter_misc":{"Precio":"&#36;3,395 con IVA","Availability":"In stock"},"schema":{"@context":"https:\/\/schema.org","@graph":[{"@type":"WebPage","@id":"https:\/\/compuviper.mx\/tienda\/producto\/balam-rush-br-9405807506215940580-silla-gamer-thunder-euphoria-max-150-kg-inclinacion-160-piston-clase-4-reposabrazos-2d-cojin-cervical-mecanismo-de-mariposa-negro-br-940580\/","url":"https:\/\/compuviper.mx\/tienda\/producto\/balam-rush-br-9405807506215940580-silla-gamer-thunder-euphoria-max-150-kg-inclinacion-160-piston-clase-4-reposabrazos-2d-cojin-cervical-mecanismo-de-mariposa-negro-br-940580\/","name":"[ Balam Rush ] &#129351; Br-940580,7506215940580 Silla Gamer Thunder Euphoria \/ Max 150 Kg \/ Inclinacion 160\u00b0 \/ Piston Clase 4 \/ Reposabrazos 2d \/ Cojin Cervical \/ Mecanismo De Mariposa \/ Negro \/ Br-940580","isPartOf":{"@id":"https:\/\/compuviper.mx\/tienda\/#website"},"datePublished":"2026-04-02T05:16:29+00:00","dateModified":"2026-04-02T05:16:30+00:00","description":"Compra Br-940580,7506215940580 Silla Gamer Thunder Euphoria \/ Max 150 Kg \/ Inclinacion 160\u00b0 \/ Piston Clase 4 \/ Reposabrazos 2d \/ Cojin Cervical \/ Mecanismo De Mariposa \/ Negro \/ Br-940580 + Env\u00edo a domicilio + Pago seguro + Garant\u00eda","breadcrumb":{"@id":"https:\/\/compuviper.mx\/tienda\/producto\/balam-rush-br-9405807506215940580-silla-gamer-thunder-euphoria-max-150-kg-inclinacion-160-piston-clase-4-reposabrazos-2d-cojin-cervical-mecanismo-de-mariposa-negro-br-940580\/#breadcrumb"},"inLanguage":"es-MX","potentialAction":[{"@type":"ReadAction","target":["https:\/\/compuviper.mx\/tienda\/producto\/balam-rush-br-9405807506215940580-silla-gamer-thunder-euphoria-max-150-kg-inclinacion-160-piston-clase-4-reposabrazos-2d-cojin-cervical-mecanismo-de-mariposa-negro-br-940580\/"]}]},{"@type":"BreadcrumbList","@id":"https:\/\/compuviper.mx\/tienda\/producto\/balam-rush-br-9405807506215940580-silla-gamer-thunder-euphoria-max-150-kg-inclinacion-160-piston-clase-4-reposabrazos-2d-cojin-cervical-mecanismo-de-mariposa-negro-br-940580\/#breadcrumb","itemListElement":[{"@type":"ListItem","position":1,"name":"Inicio","item":"https:\/\/compuviper.mx\/tienda\/"},{"@type":"ListItem","position":2,"name":"Productos","item":"https:\/\/compuviper.mx\/tienda\/productos\/"},{"@type":"ListItem","position":3,"name":"Accesorios","item":"https:\/\/compuviper.mx\/tienda\/categoria-producto\/accesorios\/"},{"@type":"ListItem","position":4,"name":"Gamers","item":"https:\/\/compuviper.mx\/tienda\/categoria-producto\/accesorios\/gamers-accesorios\/"},{"@type":"ListItem","position":5,"name":"Balam Rush Br-940580,7506215940580 Silla Gamer Thunder Euphoria \/ Max 150 Kg \/ Inclinacion 160? \/ Piston Clase 4 \/ Reposabrazos 2d \/ Cojin Cervical \/ Mecanismo De Mariposa \/ Negro \/ Br-940580"}]},{"@type":"WebSite","@id":"https:\/\/compuviper.mx\/tienda\/#website","url":"https:\/\/compuviper.mx\/tienda\/","name":"Compuviper","description":"Proveedor de Computadoras, Laptops, Servidores, Monitores, Puntos de Venta, Teclados,   Impresoras, T\u00f3ner, C\u00e1maras de Seguridad y m\u00e1s en tu tienda en l\u00ednea","publisher":{"@id":"https:\/\/compuviper.mx\/tienda\/#organization"},"potentialAction":[{"@type":"SearchAction","target":{"@type":"EntryPoint","urlTemplate":"https:\/\/compuviper.mx\/tienda\/?s={search_term_string}"},"query-input":"required name=search_term_string"}],"inLanguage":"es-MX"},{"@type":"Organization","@id":"https:\/\/compuviper.mx\/tienda\/#organization","name":"Compuviper","url":"https:\/\/compuviper.mx\/tienda\/","logo":{"@type":"ImageObject","inLanguage":"es-MX","@id":"https:\/\/compuviper.mx\/tienda\/#\/schema\/logo\/image\/","url":"https:\/\/compuviper.mx\/tienda\/wp-content\/uploads\/2021\/08\/Logo-Compuviper-10.png","contentUrl":"https:\/\/compuviper.mx\/tienda\/wp-content\/uploads\/2021\/08\/Logo-Compuviper-10.png","width":1000,"height":500,"caption":"Compuviper"},"image":{"@id":"https:\/\/compuviper.mx\/tienda\/#\/schema\/logo\/image\/"},"sameAs":["https:\/\/www.facebook.com\/compuviper","https:\/\/www.youtube.com\/channel\/UCf73dERp9Y3cfOq7q8BhLjA?view_as=subscriber"]}]},"product_brand":"Balam Rush","product_price_amount":"3395","product_price_currency":"MXN","og_availability":"instock","product_availability":"instock","product_retailer_item_id":"BR-940580,7506215940580","product_condition":"new"},"_links":{"self":[{"href":"https:\/\/compuviper.mx\/tienda\/wp-json\/wp\/v2\/product\/250991"}],"collection":[{"href":"https:\/\/compuviper.mx\/tienda\/wp-json\/wp\/v2\/product"}],"about":[{"href":"https:\/\/compuviper.mx\/tienda\/wp-json\/wp\/v2\/types\/product"}],"replies":[{"embeddable":true,"href":"https:\/\/compuviper.mx\/tienda\/wp-json\/wp\/v2\/comments?post=250991"}],"wp:featuredmedia":[{"embeddable":true,"href":"https:\/\/compuviper.mx\/tienda\/wp-json\/wp\/v2\/media\/258812"}],"wp:attachment":[{"href":"https:\/\/compuviper.mx\/tienda\/wp-json\/wp\/v2\/media?parent=250991"}],"wp:term":[{"taxonomy":"product_cat","embeddable":true,"href":"https:\/\/compuviper.mx\/tienda\/wp-json\/wp\/v2\/product_cat?post=250991"},{"taxonomy":"product_tag","embeddable":true,"href":"https:\/\/compuviper.mx\/tienda\/wp-json\/wp\/v2\/product_tag?post=250991"}],"curies":[{"name":"wp","href":"https:\/\/api.w.org\/{rel}","templated":true}]}}