{"id":250990,"date":"2026-04-06T23:14:52","date_gmt":"2026-04-07T05:14:52","guid":{"rendered":"https:\/\/compuviper.mx\/tienda\/producto\/balam-rush-br-940573-silla-gamer-lightning-rush-v2-max-150-kg-soporte-lumbar-y-cervical-piston-clase-4-inlcinacion-135-reposabrazos-3d-iluminacion-led-tactopiel-blanco\/"},"modified":"2026-04-06T23:14:52","modified_gmt":"2026-04-07T05:14:52","slug":"balam-rush-br-940573-silla-gamer-lightning-rush-v2-max-150-kg-soporte-lumbar-y-cervical-piston-clase-4-inlcinacion-135-reposabrazos-3d-iluminacion-led-tactopiel-blanco","status":"publish","type":"product","link":"https:\/\/compuviper.mx\/tienda\/producto\/balam-rush-br-940573-silla-gamer-lightning-rush-v2-max-150-kg-soporte-lumbar-y-cervical-piston-clase-4-inlcinacion-135-reposabrazos-3d-iluminacion-led-tactopiel-blanco\/","title":{"rendered":"Balam Rush Br-940573 Silla Gamer  Lightning Rush V2 \/ Max 150 Kg \/ Soporte Lumbar Y Cervical \/ Piston Clase 4 \/ Inlcinacion 135? \/ Reposabrazos 3d \/ Iluminacion Led \/ Tactopiel \/ Blanco \/"},"content":{"rendered":"<table class=\"descripcion\">\n<tr>\n<td>Especificaciones<\/td>\n<\/tr>\n<tr>\n<td>\u0095 modelo: br-940573<\/td>\n<\/tr>\n<tr>\n<td>\u0095 producto: silla gamer giratoria ajustable<\/td>\n<\/tr>\n<tr>\n<td>\u0095 color: perla<\/td>\n<\/tr>\n<tr>\n<td>\u0095 materiales: pvc + pu + espuma moldeada + nylon<\/td>\n<\/tr>\n<tr>\n<td>\u0095 dimensiones (l*w*h*): 52.0 x 69.0 x 125.0 &#8211; 133.0 cm<\/td>\n<\/tr>\n<tr>\n<td>\u0095 peso: 17.5 kg<\/td>\n<\/tr>\n<tr>\n<td>\u0095 mecanismo: mec\u00e1nico<\/td>\n<\/tr>\n<tr>\n<td>\u0095 tipo de pist\u00f3n: clase 4<\/td>\n<\/tr>\n<tr>\n<td>\u0095 peso m\u00e1ximo: 150 kg<\/td>\n<\/tr>\n<tr>\n<td>\u0095 \u00e1ngulo de inclinaci\u00f3n: 135\u00b0<\/td>\n<\/tr>\n<tr>\n<td>\u0095 tipo de reposabrazos: 3d<\/td>\n<\/tr>\n<tr>\n<td>\u0095 coj\u00edn lumbar: espuma moldeada<\/td>\n<\/tr>\n<tr>\n<td>\u0095 coj\u00edn cervical: algod\u00f3n<\/td>\n<\/tr>\n<tr>\n<td>\u0095 estrella: nylon<\/td>\n<\/tr>\n<tr>\n<td>\u0095 ruedas: 5<\/td>\n<\/tr>\n<tr>\n<td>\u0095 estructura: respaldo con el marco de hierro + asiento de espuma moldeada<\/td>\n<\/tr>\n<\/table>\n","protected":false},"excerpt":{"rendered":"<p>Game over al. Cansancio. La lightning rush v2 cuenta. Con un reposacabezas de. Relleno de algod\u00f3n, el cual te. Ofrece el soporte perfecto. Para largas sesiones de. Juego. Ilumina tu estilo. Game over al. Cansancio. La lightning rush v2 cuenta. Con un reposacabezas de. Relleno de algod\u00f3n, el cual te. Ofrece el soporte perfecto. Para largas sesiones de. Juego. La lightning rush v2 est?. Equipada con luces led que. Realzan tu entorno. Con\u00e9ctala. F\u00e1cilmente a la corriente o. Usa una power bank (no. Incluida) para una experiencia. De juego personalizable. Adem\u00e1s, cuenta con una tira. Que incluye 60 leds \/ metro. Para una experiencia \u00fanica. Level up. En control total. Los reposabrazos de la. Lightning rush v2 te. Permiten ajustar altura y. Profundidad para una. Comodidad a tu medida. Ya. Sea que est\u00e9s enfrentando a. Tu jefe final o trabajando. Largas horas, mant\u00e9n tus. Brazos en la posici\u00f3n. Perfecta para mayor. Precisi\u00f3n y menos fatiga. Reclina y. Recarga energ\u00eda. Disfruta de la inclinaci\u00f3n de. 135\u00b0 que la lightning rush. V2 ofrece. Pensada para el. Descanso perfecto entre. Partidas intensas. Rel\u00e1jate. Recarga energ\u00eda y ajusta tu. Postura para esas maratones. De gaming. Soporte lumbar. Juega sin l\u00edmites. Olv\u00eddate de las molestias. En la espalda y mant\u00e9n la. Concentraci\u00f3n en lo que. Realmente importa. Ganar. \u00a1la comodidad se. Siente en cada partida. Tu asiento. Tu fortaleza. Con el pist\u00f3n de clase 4, disfruta. De una estabilidad robusta y. Duradera que soporta incluso. Las partidas m\u00e1s intensas. Eleva. Tu experiencia de juego con una. Base firme que te mantiene. Siempre en control, sin importar. Lo que pase en pantalla. \u00a1porque. Cada gamer merece un trono a. Su altura!<\/p>\n","protected":false},"featured_media":258811,"comment_status":"open","ping_status":"open","template":"","meta":[],"product_cat":[1485,1924],"product_tag":[2097],"acf":[],"yoast_head":"<!-- This site is optimized with the Yoast SEO plugin v21.7 - https:\/\/yoast.com\/wordpress\/plugins\/seo\/ -->\n<title>[ Balam Rush ] &#129351; Br-940573 Silla Gamer Lightning Rush V2 \/ Max 150 Kg \/ Soporte Lumbar Y Cervical \/ Piston Clase 4 \/ Inlcinacion 135\u00b0 \/ Reposabrazos 3d \/ Iluminacion Led \/ Tactopiel \/ Blanco \/<\/title>\n<meta name=\"description\" content=\"Compra Br-940573 Silla Gamer Lightning Rush V2 \/ Max 150 Kg \/ Soporte Lumbar Y Cervical \/ Piston Clase 4 \/ Inlcinacion 135\u00b0 \/ Reposabrazos 3d \/ Iluminacion Led \/ Tactopiel \/ Blanco \/ + Env\u00edo a domicilio + Pago seguro + Garant\u00eda\" \/>\n<meta name=\"robots\" content=\"index, follow, max-snippet:-1, max-image-preview:large, max-video-preview:-1\" \/>\n<link rel=\"canonical\" href=\"https:\/\/compuviper.mx\/tienda\/producto\/balam-rush-br-940573-silla-gamer-lightning-rush-v2-max-150-kg-soporte-lumbar-y-cervical-piston-clase-4-inlcinacion-135-reposabrazos-3d-iluminacion-led-tactopiel-blanco\/\" \/>\n<meta property=\"og:locale\" content=\"es_MX\" \/>\n<meta property=\"og:type\" content=\"article\" \/>\n<meta property=\"og:title\" content=\"[ Balam Rush ] &#129351; Br-940573 Silla Gamer Lightning Rush V2 \/ Max 150 Kg \/ Soporte Lumbar Y Cervical \/ Piston Clase 4 \/ Inlcinacion 135\u00b0 \/ Reposabrazos 3d \/ Iluminacion Led \/ Tactopiel \/ Blanco \/\" \/>\n<meta property=\"og:description\" content=\"Compra Br-940573 Silla Gamer Lightning Rush V2 \/ Max 150 Kg \/ Soporte Lumbar Y Cervical \/ Piston Clase 4 \/ Inlcinacion 135\u00b0 \/ Reposabrazos 3d \/ Iluminacion Led \/ Tactopiel \/ Blanco \/ + Env\u00edo a domicilio + Pago seguro + Garant\u00eda\" \/>\n<meta property=\"og:url\" content=\"https:\/\/compuviper.mx\/tienda\/producto\/balam-rush-br-940573-silla-gamer-lightning-rush-v2-max-150-kg-soporte-lumbar-y-cervical-piston-clase-4-inlcinacion-135-reposabrazos-3d-iluminacion-led-tactopiel-blanco\/\" \/>\n<meta property=\"og:site_name\" content=\"Compuviper\" \/>\n<meta property=\"article:publisher\" content=\"https:\/\/www.facebook.com\/compuviper\" \/>\n<meta property=\"og:image\" content=\"https:\/\/compuviper.mx\/tienda\/wp-content\/uploads\/2025\/10\/Silla-gamer-balam-rush-lightning-rush-v2-max-150-kg-soporte-lumbar-y-cervical-piston-clase-4-inlcinacion-135\u00b0-reposabrazos-3d-iluminacion-led-tactopiel-blanco-br-940573.jpg\" \/>\n\t<meta property=\"og:image:width\" content=\"200\" \/>\n\t<meta property=\"og:image:height\" content=\"200\" \/>\n\t<meta property=\"og:image:type\" content=\"image\/jpeg\" \/>\n<meta name=\"twitter:card\" content=\"summary_large_image\" \/>\n<meta name=\"twitter:label1\" content=\"Precio\" \/>\n\t<meta name=\"twitter:data1\" content=\"&#36;3,455 con IVA\" \/>\n\t<meta name=\"twitter:label2\" content=\"Availability\" \/>\n\t<meta name=\"twitter:data2\" content=\"Out of stock\" \/>\n<script type=\"application\/ld+json\" class=\"yoast-schema-graph\">{\"@context\":\"https:\/\/schema.org\",\"@graph\":[{\"@type\":\"WebPage\",\"@id\":\"https:\/\/compuviper.mx\/tienda\/producto\/balam-rush-br-940573-silla-gamer-lightning-rush-v2-max-150-kg-soporte-lumbar-y-cervical-piston-clase-4-inlcinacion-135-reposabrazos-3d-iluminacion-led-tactopiel-blanco\/\",\"url\":\"https:\/\/compuviper.mx\/tienda\/producto\/balam-rush-br-940573-silla-gamer-lightning-rush-v2-max-150-kg-soporte-lumbar-y-cervical-piston-clase-4-inlcinacion-135-reposabrazos-3d-iluminacion-led-tactopiel-blanco\/\",\"name\":\"[ Balam Rush ] &#129351; Br-940573 Silla Gamer Lightning Rush V2 \/ Max 150 Kg \/ Soporte Lumbar Y Cervical \/ Piston Clase 4 \/ Inlcinacion 135\u00b0 \/ Reposabrazos 3d \/ Iluminacion Led \/ Tactopiel \/ Blanco \/\",\"isPartOf\":{\"@id\":\"https:\/\/compuviper.mx\/tienda\/#website\"},\"datePublished\":\"2026-04-07T05:14:52+00:00\",\"dateModified\":\"2026-04-07T05:14:52+00:00\",\"description\":\"Compra Br-940573 Silla Gamer Lightning Rush V2 \/ Max 150 Kg \/ Soporte Lumbar Y Cervical \/ Piston Clase 4 \/ Inlcinacion 135\u00b0 \/ Reposabrazos 3d \/ Iluminacion Led \/ Tactopiel \/ Blanco \/ + Env\u00edo a domicilio + Pago seguro + Garant\u00eda\",\"breadcrumb\":{\"@id\":\"https:\/\/compuviper.mx\/tienda\/producto\/balam-rush-br-940573-silla-gamer-lightning-rush-v2-max-150-kg-soporte-lumbar-y-cervical-piston-clase-4-inlcinacion-135-reposabrazos-3d-iluminacion-led-tactopiel-blanco\/#breadcrumb\"},\"inLanguage\":\"es-MX\",\"potentialAction\":[{\"@type\":\"ReadAction\",\"target\":[\"https:\/\/compuviper.mx\/tienda\/producto\/balam-rush-br-940573-silla-gamer-lightning-rush-v2-max-150-kg-soporte-lumbar-y-cervical-piston-clase-4-inlcinacion-135-reposabrazos-3d-iluminacion-led-tactopiel-blanco\/\"]}]},{\"@type\":\"BreadcrumbList\",\"@id\":\"https:\/\/compuviper.mx\/tienda\/producto\/balam-rush-br-940573-silla-gamer-lightning-rush-v2-max-150-kg-soporte-lumbar-y-cervical-piston-clase-4-inlcinacion-135-reposabrazos-3d-iluminacion-led-tactopiel-blanco\/#breadcrumb\",\"itemListElement\":[{\"@type\":\"ListItem\",\"position\":1,\"name\":\"Inicio\",\"item\":\"https:\/\/compuviper.mx\/tienda\/\"},{\"@type\":\"ListItem\",\"position\":2,\"name\":\"Productos\",\"item\":\"https:\/\/compuviper.mx\/tienda\/productos\/\"},{\"@type\":\"ListItem\",\"position\":3,\"name\":\"Accesorios\",\"item\":\"https:\/\/compuviper.mx\/tienda\/categoria-producto\/accesorios\/\"},{\"@type\":\"ListItem\",\"position\":4,\"name\":\"Gamers\",\"item\":\"https:\/\/compuviper.mx\/tienda\/categoria-producto\/accesorios\/gamers-accesorios\/\"},{\"@type\":\"ListItem\",\"position\":5,\"name\":\"Balam Rush Br-940573 Silla Gamer Lightning Rush V2 \/ Max 150 Kg \/ Soporte Lumbar Y Cervical \/ Piston Clase 4 \/ Inlcinacion 135? \/ Reposabrazos 3d \/ Iluminacion Led \/ Tactopiel \/ Blanco \/\"}]},{\"@type\":\"WebSite\",\"@id\":\"https:\/\/compuviper.mx\/tienda\/#website\",\"url\":\"https:\/\/compuviper.mx\/tienda\/\",\"name\":\"Compuviper\",\"description\":\"Proveedor de Computadoras, Laptops, Servidores, Monitores, Puntos de Venta, Teclados,   Impresoras, T\u00f3ner, C\u00e1maras de Seguridad y m\u00e1s en tu tienda en l\u00ednea\",\"publisher\":{\"@id\":\"https:\/\/compuviper.mx\/tienda\/#organization\"},\"potentialAction\":[{\"@type\":\"SearchAction\",\"target\":{\"@type\":\"EntryPoint\",\"urlTemplate\":\"https:\/\/compuviper.mx\/tienda\/?s={search_term_string}\"},\"query-input\":\"required name=search_term_string\"}],\"inLanguage\":\"es-MX\"},{\"@type\":\"Organization\",\"@id\":\"https:\/\/compuviper.mx\/tienda\/#organization\",\"name\":\"Compuviper\",\"url\":\"https:\/\/compuviper.mx\/tienda\/\",\"logo\":{\"@type\":\"ImageObject\",\"inLanguage\":\"es-MX\",\"@id\":\"https:\/\/compuviper.mx\/tienda\/#\/schema\/logo\/image\/\",\"url\":\"https:\/\/compuviper.mx\/tienda\/wp-content\/uploads\/2021\/08\/Logo-Compuviper-10.png\",\"contentUrl\":\"https:\/\/compuviper.mx\/tienda\/wp-content\/uploads\/2021\/08\/Logo-Compuviper-10.png\",\"width\":1000,\"height\":500,\"caption\":\"Compuviper\"},\"image\":{\"@id\":\"https:\/\/compuviper.mx\/tienda\/#\/schema\/logo\/image\/\"},\"sameAs\":[\"https:\/\/www.facebook.com\/compuviper\",\"https:\/\/www.youtube.com\/channel\/UCf73dERp9Y3cfOq7q8BhLjA?view_as=subscriber\"]}]}<\/script>\n<meta property=\"product:brand\" content=\"Balam Rush\" \/>\n<meta property=\"product:price:amount\" content=\"3455\" \/>\n<meta property=\"product:price:currency\" content=\"MXN\" \/>\n<meta property=\"og:availability\" content=\"out of stock\" \/>\n<meta property=\"product:availability\" content=\"out of stock\" \/>\n<meta property=\"product:retailer_item_id\" content=\"BR-940573\" \/>\n<meta property=\"product:condition\" content=\"new\" \/>\n<!-- \/ Yoast SEO plugin. -->","yoast_head_json":{"title":"[ Balam Rush ] &#129351; Br-940573 Silla Gamer Lightning Rush V2 \/ Max 150 Kg \/ Soporte Lumbar Y Cervical \/ Piston Clase 4 \/ Inlcinacion 135\u00b0 \/ Reposabrazos 3d \/ Iluminacion Led \/ Tactopiel \/ Blanco \/","description":"Compra Br-940573 Silla Gamer Lightning Rush V2 \/ Max 150 Kg \/ Soporte Lumbar Y Cervical \/ Piston Clase 4 \/ Inlcinacion 135\u00b0 \/ Reposabrazos 3d \/ Iluminacion Led \/ Tactopiel \/ Blanco \/ + Env\u00edo a domicilio + Pago seguro + Garant\u00eda","robots":{"index":"index","follow":"follow","max-snippet":"max-snippet:-1","max-image-preview":"max-image-preview:large","max-video-preview":"max-video-preview:-1"},"canonical":"https:\/\/compuviper.mx\/tienda\/producto\/balam-rush-br-940573-silla-gamer-lightning-rush-v2-max-150-kg-soporte-lumbar-y-cervical-piston-clase-4-inlcinacion-135-reposabrazos-3d-iluminacion-led-tactopiel-blanco\/","og_locale":"es_MX","og_type":"article","og_title":"[ Balam Rush ] &#129351; Br-940573 Silla Gamer Lightning Rush V2 \/ Max 150 Kg \/ Soporte Lumbar Y Cervical \/ Piston Clase 4 \/ Inlcinacion 135\u00b0 \/ Reposabrazos 3d \/ Iluminacion Led \/ Tactopiel \/ Blanco \/","og_description":"Compra Br-940573 Silla Gamer Lightning Rush V2 \/ Max 150 Kg \/ Soporte Lumbar Y Cervical \/ Piston Clase 4 \/ Inlcinacion 135\u00b0 \/ Reposabrazos 3d \/ Iluminacion Led \/ Tactopiel \/ Blanco \/ + Env\u00edo a domicilio + Pago seguro + Garant\u00eda","og_url":"https:\/\/compuviper.mx\/tienda\/producto\/balam-rush-br-940573-silla-gamer-lightning-rush-v2-max-150-kg-soporte-lumbar-y-cervical-piston-clase-4-inlcinacion-135-reposabrazos-3d-iluminacion-led-tactopiel-blanco\/","og_site_name":"Compuviper","article_publisher":"https:\/\/www.facebook.com\/compuviper","og_image":[{"width":200,"height":200,"url":"https:\/\/compuviper.mx\/tienda\/wp-content\/uploads\/2025\/10\/Silla-gamer-balam-rush-lightning-rush-v2-max-150-kg-soporte-lumbar-y-cervical-piston-clase-4-inlcinacion-135\u00b0-reposabrazos-3d-iluminacion-led-tactopiel-blanco-br-940573.jpg","type":"image\/jpeg"}],"twitter_card":"summary_large_image","twitter_misc":{"Precio":"&#36;3,455 con IVA","Availability":"Out of stock"},"schema":{"@context":"https:\/\/schema.org","@graph":[{"@type":"WebPage","@id":"https:\/\/compuviper.mx\/tienda\/producto\/balam-rush-br-940573-silla-gamer-lightning-rush-v2-max-150-kg-soporte-lumbar-y-cervical-piston-clase-4-inlcinacion-135-reposabrazos-3d-iluminacion-led-tactopiel-blanco\/","url":"https:\/\/compuviper.mx\/tienda\/producto\/balam-rush-br-940573-silla-gamer-lightning-rush-v2-max-150-kg-soporte-lumbar-y-cervical-piston-clase-4-inlcinacion-135-reposabrazos-3d-iluminacion-led-tactopiel-blanco\/","name":"[ Balam Rush ] &#129351; Br-940573 Silla Gamer Lightning Rush V2 \/ Max 150 Kg \/ Soporte Lumbar Y Cervical \/ Piston Clase 4 \/ Inlcinacion 135\u00b0 \/ Reposabrazos 3d \/ Iluminacion Led \/ Tactopiel \/ Blanco \/","isPartOf":{"@id":"https:\/\/compuviper.mx\/tienda\/#website"},"datePublished":"2026-04-07T05:14:52+00:00","dateModified":"2026-04-07T05:14:52+00:00","description":"Compra Br-940573 Silla Gamer Lightning Rush V2 \/ Max 150 Kg \/ Soporte Lumbar Y Cervical \/ Piston Clase 4 \/ Inlcinacion 135\u00b0 \/ Reposabrazos 3d \/ Iluminacion Led \/ Tactopiel \/ Blanco \/ + Env\u00edo a domicilio + Pago seguro + Garant\u00eda","breadcrumb":{"@id":"https:\/\/compuviper.mx\/tienda\/producto\/balam-rush-br-940573-silla-gamer-lightning-rush-v2-max-150-kg-soporte-lumbar-y-cervical-piston-clase-4-inlcinacion-135-reposabrazos-3d-iluminacion-led-tactopiel-blanco\/#breadcrumb"},"inLanguage":"es-MX","potentialAction":[{"@type":"ReadAction","target":["https:\/\/compuviper.mx\/tienda\/producto\/balam-rush-br-940573-silla-gamer-lightning-rush-v2-max-150-kg-soporte-lumbar-y-cervical-piston-clase-4-inlcinacion-135-reposabrazos-3d-iluminacion-led-tactopiel-blanco\/"]}]},{"@type":"BreadcrumbList","@id":"https:\/\/compuviper.mx\/tienda\/producto\/balam-rush-br-940573-silla-gamer-lightning-rush-v2-max-150-kg-soporte-lumbar-y-cervical-piston-clase-4-inlcinacion-135-reposabrazos-3d-iluminacion-led-tactopiel-blanco\/#breadcrumb","itemListElement":[{"@type":"ListItem","position":1,"name":"Inicio","item":"https:\/\/compuviper.mx\/tienda\/"},{"@type":"ListItem","position":2,"name":"Productos","item":"https:\/\/compuviper.mx\/tienda\/productos\/"},{"@type":"ListItem","position":3,"name":"Accesorios","item":"https:\/\/compuviper.mx\/tienda\/categoria-producto\/accesorios\/"},{"@type":"ListItem","position":4,"name":"Gamers","item":"https:\/\/compuviper.mx\/tienda\/categoria-producto\/accesorios\/gamers-accesorios\/"},{"@type":"ListItem","position":5,"name":"Balam Rush Br-940573 Silla Gamer Lightning Rush V2 \/ Max 150 Kg \/ Soporte Lumbar Y Cervical \/ Piston Clase 4 \/ Inlcinacion 135? \/ Reposabrazos 3d \/ Iluminacion Led \/ Tactopiel \/ Blanco \/"}]},{"@type":"WebSite","@id":"https:\/\/compuviper.mx\/tienda\/#website","url":"https:\/\/compuviper.mx\/tienda\/","name":"Compuviper","description":"Proveedor de Computadoras, Laptops, Servidores, Monitores, Puntos de Venta, Teclados,   Impresoras, T\u00f3ner, C\u00e1maras de Seguridad y m\u00e1s en tu tienda en l\u00ednea","publisher":{"@id":"https:\/\/compuviper.mx\/tienda\/#organization"},"potentialAction":[{"@type":"SearchAction","target":{"@type":"EntryPoint","urlTemplate":"https:\/\/compuviper.mx\/tienda\/?s={search_term_string}"},"query-input":"required name=search_term_string"}],"inLanguage":"es-MX"},{"@type":"Organization","@id":"https:\/\/compuviper.mx\/tienda\/#organization","name":"Compuviper","url":"https:\/\/compuviper.mx\/tienda\/","logo":{"@type":"ImageObject","inLanguage":"es-MX","@id":"https:\/\/compuviper.mx\/tienda\/#\/schema\/logo\/image\/","url":"https:\/\/compuviper.mx\/tienda\/wp-content\/uploads\/2021\/08\/Logo-Compuviper-10.png","contentUrl":"https:\/\/compuviper.mx\/tienda\/wp-content\/uploads\/2021\/08\/Logo-Compuviper-10.png","width":1000,"height":500,"caption":"Compuviper"},"image":{"@id":"https:\/\/compuviper.mx\/tienda\/#\/schema\/logo\/image\/"},"sameAs":["https:\/\/www.facebook.com\/compuviper","https:\/\/www.youtube.com\/channel\/UCf73dERp9Y3cfOq7q8BhLjA?view_as=subscriber"]}]},"product_brand":"Balam Rush","product_price_amount":"3455","product_price_currency":"MXN","og_availability":"out of stock","product_availability":"out of stock","product_retailer_item_id":"BR-940573","product_condition":"new"},"_links":{"self":[{"href":"https:\/\/compuviper.mx\/tienda\/wp-json\/wp\/v2\/product\/250990"}],"collection":[{"href":"https:\/\/compuviper.mx\/tienda\/wp-json\/wp\/v2\/product"}],"about":[{"href":"https:\/\/compuviper.mx\/tienda\/wp-json\/wp\/v2\/types\/product"}],"replies":[{"embeddable":true,"href":"https:\/\/compuviper.mx\/tienda\/wp-json\/wp\/v2\/comments?post=250990"}],"wp:featuredmedia":[{"embeddable":true,"href":"https:\/\/compuviper.mx\/tienda\/wp-json\/wp\/v2\/media\/258811"}],"wp:attachment":[{"href":"https:\/\/compuviper.mx\/tienda\/wp-json\/wp\/v2\/media?parent=250990"}],"wp:term":[{"taxonomy":"product_cat","embeddable":true,"href":"https:\/\/compuviper.mx\/tienda\/wp-json\/wp\/v2\/product_cat?post=250990"},{"taxonomy":"product_tag","embeddable":true,"href":"https:\/\/compuviper.mx\/tienda\/wp-json\/wp\/v2\/product_tag?post=250990"}],"curies":[{"name":"wp","href":"https:\/\/api.w.org\/{rel}","templated":true}]}}