{"id":250988,"date":"2026-04-27T23:15:14","date_gmt":"2026-04-28T05:15:14","guid":{"rendered":"https:\/\/compuviper.mx\/tienda\/producto\/balam-rush-br-942331-torre-de-iluminacion-gamer-splendor-glow-it3000-iluminacion-personalizable-270-app-control-remoto-botones-36-leds-por-barra-rgb-inmersivo-negro\/"},"modified":"2026-04-27T23:15:14","modified_gmt":"2026-04-28T05:15:14","slug":"balam-rush-br-942331-torre-de-iluminacion-gamer-splendor-glow-it3000-iluminacion-personalizable-270-app-control-remoto-botones-36-leds-por-barra-rgb-inmersivo-negro","status":"publish","type":"product","link":"https:\/\/compuviper.mx\/tienda\/producto\/balam-rush-br-942331-torre-de-iluminacion-gamer-splendor-glow-it3000-iluminacion-personalizable-270-app-control-remoto-botones-36-leds-por-barra-rgb-inmersivo-negro\/","title":{"rendered":"Balam Rush Br-942331 Torre De Iluminacion Gamer  Splendor Glow It3000 \/ Iluminacion Personalizable 270 \/ App &#8211; Control Remoto &#8211; Botones \/ 36 Leds Por Barra \/ Rgb Inmersivo \/ Negro \/"},"content":{"rendered":"<table class=\"descripcion\">\n<tr>\n<td>Especificaciones<\/td>\n<\/tr>\n<tr>\n<td>\u0095 modelo: br-942331<\/td>\n<\/tr>\n<tr>\n<td>\u0095 producto: torres de iluminacion<\/td>\n<\/tr>\n<tr>\n<td>\u0095 color: negro<\/td>\n<\/tr>\n<tr>\n<td>\u0095 materiales: pmma + abs + pc<\/td>\n<\/tr>\n<tr>\n<td>\u0095 dimensiones<\/td>\n<\/tr>\n<tr>\n<td> and #61607; base: 9.2 cm x 9.2 cm x 4.5 cm<\/td>\n<\/tr>\n<tr>\n<td> and #61607; lampara: 30.0 x 3.0 cm x 3.0 cm<\/td>\n<\/tr>\n<tr>\n<td>\u0095 peso: 0.470 kg<\/td>\n<\/tr>\n<tr>\n<td>\u0095 tipo de led: rgb<\/td>\n<\/tr>\n<tr>\n<td>\u0095 no. de leds: 36 leds por barra<\/td>\n<\/tr>\n<tr>\n<td>\u0095 tipo de conector: cable usb-a 1m + 0.90 m de largo<\/td>\n<\/tr>\n<tr>\n<td>\u0095 alimentacion: 5 v and #9107; 1 a<\/td>\n<\/tr>\n<tr>\n<td>\u0095 angulo de luz: 270<\/td>\n<\/tr>\n<tr>\n<td>\u0095 iluminacion<\/td>\n<\/tr>\n<tr>\n<td> and #61607; tipo: led<\/td>\n<\/tr>\n<tr>\n<td> and #61607; modos: boton\/ir 20 modos, app 6 escenas<\/td>\n<\/tr>\n<tr>\n<td>\u0095 control: boton + infrarrojo + bluetooth app<\/td>\n<\/tr>\n<\/table>\n","protected":false},"excerpt":{"rendered":"<p>Iluminaci\u00f3n rgb de 270\u00b0 de. Alto impacto. Con 72 leds por barra, crea un espect\u00e1culo de luces. Vibrantes que transforman cualquier espacio en una. Atm\u00f3sfera \u00e9pica. Perfecto para setups gaming o. Ambientes creativos. Controla tu ambiente f\u00e1cilmente. Gracias a la aplicaci\u00f3n bluetooth surplife y el control. Remoto, ajusta colores y modos de iluminaci\u00f3n sin. Moverte. \u00a1la personalizaci\u00f3n est\u00e1 en tus manos. Ideal para cualquier espacio. Desde setups gaming hasta estudios de trabajo, estas torres se adaptan a cualquier ambiente, brindando un toque. Profesional o moderno. Tecnolog\u00eda avanzada al servicio. Del dise\u00f1o. Fabricado con materiales premium que facilita su. Instalaci\u00f3n con dise\u00f1o minimalista asegura durabilidad. Estilo y funcionalidad en cualquier entorno. F\u00e1cil integraci\u00f3n en tu setup. Con un tama\u00f1o compacto e iluminaci\u00f3n 360\u00b0 con. Opciones de control vers\u00e1tiles, este accesorio. Complementa a la perfecci\u00f3n monitores, teclados y. Muebles gamer.<\/p>\n","protected":false},"featured_media":258809,"comment_status":"open","ping_status":"open","template":"","meta":[],"product_cat":[1485,1924],"product_tag":[2097],"acf":[],"yoast_head":"<!-- This site is optimized with the Yoast SEO plugin v21.7 - https:\/\/yoast.com\/wordpress\/plugins\/seo\/ -->\n<title>[ Balam Rush ] &#129351; Br-942331 Torre De Iluminacion Gamer Splendor Glow It3000 \/ Iluminacion Personalizable 270 \/ App - Control Remoto - Botones \/ 36 Leds Por Barra \/ Rgb Inmersivo \/ Negro \/<\/title>\n<meta name=\"description\" content=\"Compra Br-942331 Torre De Iluminacion Gamer Splendor Glow It3000 \/ Iluminacion Personalizable 270 \/ App - Control Remoto - Botones \/ 36 Leds Por Barra \/ Rgb Inmersivo \/ Negro \/ + Env\u00edo a domicilio + Pago seguro + Garant\u00eda\" \/>\n<meta name=\"robots\" content=\"index, follow, max-snippet:-1, max-image-preview:large, max-video-preview:-1\" \/>\n<link rel=\"canonical\" href=\"https:\/\/compuviper.mx\/tienda\/producto\/balam-rush-br-942331-torre-de-iluminacion-gamer-splendor-glow-it3000-iluminacion-personalizable-270-app-control-remoto-botones-36-leds-por-barra-rgb-inmersivo-negro\/\" \/>\n<meta property=\"og:locale\" content=\"es_MX\" \/>\n<meta property=\"og:type\" content=\"article\" \/>\n<meta property=\"og:title\" content=\"[ Balam Rush ] &#129351; Br-942331 Torre De Iluminacion Gamer Splendor Glow It3000 \/ Iluminacion Personalizable 270 \/ App - Control Remoto - Botones \/ 36 Leds Por Barra \/ Rgb Inmersivo \/ Negro \/\" \/>\n<meta property=\"og:description\" content=\"Compra Br-942331 Torre De Iluminacion Gamer Splendor Glow It3000 \/ Iluminacion Personalizable 270 \/ App - Control Remoto - Botones \/ 36 Leds Por Barra \/ Rgb Inmersivo \/ Negro \/ + Env\u00edo a domicilio + Pago seguro + Garant\u00eda\" \/>\n<meta property=\"og:url\" content=\"https:\/\/compuviper.mx\/tienda\/producto\/balam-rush-br-942331-torre-de-iluminacion-gamer-splendor-glow-it3000-iluminacion-personalizable-270-app-control-remoto-botones-36-leds-por-barra-rgb-inmersivo-negro\/\" \/>\n<meta property=\"og:site_name\" content=\"Compuviper\" \/>\n<meta property=\"article:publisher\" content=\"https:\/\/www.facebook.com\/compuviper\" \/>\n<meta property=\"og:image\" content=\"https:\/\/compuviper.mx\/tienda\/wp-content\/uploads\/2025\/10\/Torre-de-iluminacion-gamer-balam-rush-splendor-glow-it3000-iluminacion-personalizable-270\u00b0-app-control-remoto-botones-36-leds-por-barra-rgb-inmersivo-negro-br-942331.jpg\" \/>\n\t<meta property=\"og:image:width\" content=\"200\" \/>\n\t<meta property=\"og:image:height\" content=\"200\" \/>\n\t<meta property=\"og:image:type\" content=\"image\/jpeg\" \/>\n<meta name=\"twitter:card\" content=\"summary_large_image\" \/>\n<meta name=\"twitter:label1\" content=\"Precio\" \/>\n\t<meta name=\"twitter:data1\" content=\"&#36;208 con IVA\" \/>\n\t<meta name=\"twitter:label2\" content=\"Availability\" \/>\n\t<meta name=\"twitter:data2\" content=\"Out of stock\" \/>\n<script type=\"application\/ld+json\" class=\"yoast-schema-graph\">{\"@context\":\"https:\/\/schema.org\",\"@graph\":[{\"@type\":\"WebPage\",\"@id\":\"https:\/\/compuviper.mx\/tienda\/producto\/balam-rush-br-942331-torre-de-iluminacion-gamer-splendor-glow-it3000-iluminacion-personalizable-270-app-control-remoto-botones-36-leds-por-barra-rgb-inmersivo-negro\/\",\"url\":\"https:\/\/compuviper.mx\/tienda\/producto\/balam-rush-br-942331-torre-de-iluminacion-gamer-splendor-glow-it3000-iluminacion-personalizable-270-app-control-remoto-botones-36-leds-por-barra-rgb-inmersivo-negro\/\",\"name\":\"[ Balam Rush ] &#129351; Br-942331 Torre De Iluminacion Gamer Splendor Glow It3000 \/ Iluminacion Personalizable 270 \/ App - Control Remoto - Botones \/ 36 Leds Por Barra \/ Rgb Inmersivo \/ Negro \/\",\"isPartOf\":{\"@id\":\"https:\/\/compuviper.mx\/tienda\/#website\"},\"datePublished\":\"2026-04-28T05:15:14+00:00\",\"dateModified\":\"2026-04-28T05:15:14+00:00\",\"description\":\"Compra Br-942331 Torre De Iluminacion Gamer Splendor Glow It3000 \/ Iluminacion Personalizable 270 \/ App - Control Remoto - Botones \/ 36 Leds Por Barra \/ Rgb Inmersivo \/ Negro \/ + Env\u00edo a domicilio + Pago seguro + Garant\u00eda\",\"breadcrumb\":{\"@id\":\"https:\/\/compuviper.mx\/tienda\/producto\/balam-rush-br-942331-torre-de-iluminacion-gamer-splendor-glow-it3000-iluminacion-personalizable-270-app-control-remoto-botones-36-leds-por-barra-rgb-inmersivo-negro\/#breadcrumb\"},\"inLanguage\":\"es-MX\",\"potentialAction\":[{\"@type\":\"ReadAction\",\"target\":[\"https:\/\/compuviper.mx\/tienda\/producto\/balam-rush-br-942331-torre-de-iluminacion-gamer-splendor-glow-it3000-iluminacion-personalizable-270-app-control-remoto-botones-36-leds-por-barra-rgb-inmersivo-negro\/\"]}]},{\"@type\":\"BreadcrumbList\",\"@id\":\"https:\/\/compuviper.mx\/tienda\/producto\/balam-rush-br-942331-torre-de-iluminacion-gamer-splendor-glow-it3000-iluminacion-personalizable-270-app-control-remoto-botones-36-leds-por-barra-rgb-inmersivo-negro\/#breadcrumb\",\"itemListElement\":[{\"@type\":\"ListItem\",\"position\":1,\"name\":\"Inicio\",\"item\":\"https:\/\/compuviper.mx\/tienda\/\"},{\"@type\":\"ListItem\",\"position\":2,\"name\":\"Productos\",\"item\":\"https:\/\/compuviper.mx\/tienda\/productos\/\"},{\"@type\":\"ListItem\",\"position\":3,\"name\":\"Accesorios\",\"item\":\"https:\/\/compuviper.mx\/tienda\/categoria-producto\/accesorios\/\"},{\"@type\":\"ListItem\",\"position\":4,\"name\":\"Gamers\",\"item\":\"https:\/\/compuviper.mx\/tienda\/categoria-producto\/accesorios\/gamers-accesorios\/\"},{\"@type\":\"ListItem\",\"position\":5,\"name\":\"Balam Rush Br-942331 Torre De Iluminacion Gamer Splendor Glow It3000 \/ Iluminacion Personalizable 270 \/ App &#8211; Control Remoto &#8211; Botones \/ 36 Leds Por Barra \/ Rgb Inmersivo \/ Negro \/\"}]},{\"@type\":\"WebSite\",\"@id\":\"https:\/\/compuviper.mx\/tienda\/#website\",\"url\":\"https:\/\/compuviper.mx\/tienda\/\",\"name\":\"Compuviper\",\"description\":\"Proveedor de Computadoras, Laptops, Servidores, Monitores, Puntos de Venta, Teclados,   Impresoras, T\u00f3ner, C\u00e1maras de Seguridad y m\u00e1s en tu tienda en l\u00ednea\",\"publisher\":{\"@id\":\"https:\/\/compuviper.mx\/tienda\/#organization\"},\"potentialAction\":[{\"@type\":\"SearchAction\",\"target\":{\"@type\":\"EntryPoint\",\"urlTemplate\":\"https:\/\/compuviper.mx\/tienda\/?s={search_term_string}\"},\"query-input\":\"required name=search_term_string\"}],\"inLanguage\":\"es-MX\"},{\"@type\":\"Organization\",\"@id\":\"https:\/\/compuviper.mx\/tienda\/#organization\",\"name\":\"Compuviper\",\"url\":\"https:\/\/compuviper.mx\/tienda\/\",\"logo\":{\"@type\":\"ImageObject\",\"inLanguage\":\"es-MX\",\"@id\":\"https:\/\/compuviper.mx\/tienda\/#\/schema\/logo\/image\/\",\"url\":\"https:\/\/compuviper.mx\/tienda\/wp-content\/uploads\/2021\/08\/Logo-Compuviper-10.png\",\"contentUrl\":\"https:\/\/compuviper.mx\/tienda\/wp-content\/uploads\/2021\/08\/Logo-Compuviper-10.png\",\"width\":1000,\"height\":500,\"caption\":\"Compuviper\"},\"image\":{\"@id\":\"https:\/\/compuviper.mx\/tienda\/#\/schema\/logo\/image\/\"},\"sameAs\":[\"https:\/\/www.facebook.com\/compuviper\",\"https:\/\/www.youtube.com\/channel\/UCf73dERp9Y3cfOq7q8BhLjA?view_as=subscriber\"]}]}<\/script>\n<meta property=\"product:brand\" content=\"Balam Rush\" \/>\n<meta property=\"product:price:amount\" content=\"208\" \/>\n<meta property=\"product:price:currency\" content=\"MXN\" \/>\n<meta property=\"og:availability\" content=\"out of stock\" \/>\n<meta property=\"product:availability\" content=\"out of stock\" \/>\n<meta property=\"product:retailer_item_id\" content=\"BR-942331\" \/>\n<meta property=\"product:condition\" content=\"new\" \/>\n<!-- \/ Yoast SEO plugin. -->","yoast_head_json":{"title":"[ Balam Rush ] &#129351; Br-942331 Torre De Iluminacion Gamer Splendor Glow It3000 \/ Iluminacion Personalizable 270 \/ App - Control Remoto - Botones \/ 36 Leds Por Barra \/ Rgb Inmersivo \/ Negro \/","description":"Compra Br-942331 Torre De Iluminacion Gamer Splendor Glow It3000 \/ Iluminacion Personalizable 270 \/ App - Control Remoto - Botones \/ 36 Leds Por Barra \/ Rgb Inmersivo \/ Negro \/ + Env\u00edo a domicilio + Pago seguro + Garant\u00eda","robots":{"index":"index","follow":"follow","max-snippet":"max-snippet:-1","max-image-preview":"max-image-preview:large","max-video-preview":"max-video-preview:-1"},"canonical":"https:\/\/compuviper.mx\/tienda\/producto\/balam-rush-br-942331-torre-de-iluminacion-gamer-splendor-glow-it3000-iluminacion-personalizable-270-app-control-remoto-botones-36-leds-por-barra-rgb-inmersivo-negro\/","og_locale":"es_MX","og_type":"article","og_title":"[ Balam Rush ] &#129351; Br-942331 Torre De Iluminacion Gamer Splendor Glow It3000 \/ Iluminacion Personalizable 270 \/ App - Control Remoto - Botones \/ 36 Leds Por Barra \/ Rgb Inmersivo \/ Negro \/","og_description":"Compra Br-942331 Torre De Iluminacion Gamer Splendor Glow It3000 \/ Iluminacion Personalizable 270 \/ App - Control Remoto - Botones \/ 36 Leds Por Barra \/ Rgb Inmersivo \/ Negro \/ + Env\u00edo a domicilio + Pago seguro + Garant\u00eda","og_url":"https:\/\/compuviper.mx\/tienda\/producto\/balam-rush-br-942331-torre-de-iluminacion-gamer-splendor-glow-it3000-iluminacion-personalizable-270-app-control-remoto-botones-36-leds-por-barra-rgb-inmersivo-negro\/","og_site_name":"Compuviper","article_publisher":"https:\/\/www.facebook.com\/compuviper","og_image":[{"width":200,"height":200,"url":"https:\/\/compuviper.mx\/tienda\/wp-content\/uploads\/2025\/10\/Torre-de-iluminacion-gamer-balam-rush-splendor-glow-it3000-iluminacion-personalizable-270\u00b0-app-control-remoto-botones-36-leds-por-barra-rgb-inmersivo-negro-br-942331.jpg","type":"image\/jpeg"}],"twitter_card":"summary_large_image","twitter_misc":{"Precio":"&#36;208 con IVA","Availability":"Out of stock"},"schema":{"@context":"https:\/\/schema.org","@graph":[{"@type":"WebPage","@id":"https:\/\/compuviper.mx\/tienda\/producto\/balam-rush-br-942331-torre-de-iluminacion-gamer-splendor-glow-it3000-iluminacion-personalizable-270-app-control-remoto-botones-36-leds-por-barra-rgb-inmersivo-negro\/","url":"https:\/\/compuviper.mx\/tienda\/producto\/balam-rush-br-942331-torre-de-iluminacion-gamer-splendor-glow-it3000-iluminacion-personalizable-270-app-control-remoto-botones-36-leds-por-barra-rgb-inmersivo-negro\/","name":"[ Balam Rush ] &#129351; Br-942331 Torre De Iluminacion Gamer Splendor Glow It3000 \/ Iluminacion Personalizable 270 \/ App - Control Remoto - Botones \/ 36 Leds Por Barra \/ Rgb Inmersivo \/ Negro \/","isPartOf":{"@id":"https:\/\/compuviper.mx\/tienda\/#website"},"datePublished":"2026-04-28T05:15:14+00:00","dateModified":"2026-04-28T05:15:14+00:00","description":"Compra Br-942331 Torre De Iluminacion Gamer Splendor Glow It3000 \/ Iluminacion Personalizable 270 \/ App - Control Remoto - Botones \/ 36 Leds Por Barra \/ Rgb Inmersivo \/ Negro \/ + Env\u00edo a domicilio + Pago seguro + Garant\u00eda","breadcrumb":{"@id":"https:\/\/compuviper.mx\/tienda\/producto\/balam-rush-br-942331-torre-de-iluminacion-gamer-splendor-glow-it3000-iluminacion-personalizable-270-app-control-remoto-botones-36-leds-por-barra-rgb-inmersivo-negro\/#breadcrumb"},"inLanguage":"es-MX","potentialAction":[{"@type":"ReadAction","target":["https:\/\/compuviper.mx\/tienda\/producto\/balam-rush-br-942331-torre-de-iluminacion-gamer-splendor-glow-it3000-iluminacion-personalizable-270-app-control-remoto-botones-36-leds-por-barra-rgb-inmersivo-negro\/"]}]},{"@type":"BreadcrumbList","@id":"https:\/\/compuviper.mx\/tienda\/producto\/balam-rush-br-942331-torre-de-iluminacion-gamer-splendor-glow-it3000-iluminacion-personalizable-270-app-control-remoto-botones-36-leds-por-barra-rgb-inmersivo-negro\/#breadcrumb","itemListElement":[{"@type":"ListItem","position":1,"name":"Inicio","item":"https:\/\/compuviper.mx\/tienda\/"},{"@type":"ListItem","position":2,"name":"Productos","item":"https:\/\/compuviper.mx\/tienda\/productos\/"},{"@type":"ListItem","position":3,"name":"Accesorios","item":"https:\/\/compuviper.mx\/tienda\/categoria-producto\/accesorios\/"},{"@type":"ListItem","position":4,"name":"Gamers","item":"https:\/\/compuviper.mx\/tienda\/categoria-producto\/accesorios\/gamers-accesorios\/"},{"@type":"ListItem","position":5,"name":"Balam Rush Br-942331 Torre De Iluminacion Gamer Splendor Glow It3000 \/ Iluminacion Personalizable 270 \/ App &#8211; Control Remoto &#8211; Botones \/ 36 Leds Por Barra \/ Rgb Inmersivo \/ Negro \/"}]},{"@type":"WebSite","@id":"https:\/\/compuviper.mx\/tienda\/#website","url":"https:\/\/compuviper.mx\/tienda\/","name":"Compuviper","description":"Proveedor de Computadoras, Laptops, Servidores, Monitores, Puntos de Venta, Teclados,   Impresoras, T\u00f3ner, C\u00e1maras de Seguridad y m\u00e1s en tu tienda en l\u00ednea","publisher":{"@id":"https:\/\/compuviper.mx\/tienda\/#organization"},"potentialAction":[{"@type":"SearchAction","target":{"@type":"EntryPoint","urlTemplate":"https:\/\/compuviper.mx\/tienda\/?s={search_term_string}"},"query-input":"required name=search_term_string"}],"inLanguage":"es-MX"},{"@type":"Organization","@id":"https:\/\/compuviper.mx\/tienda\/#organization","name":"Compuviper","url":"https:\/\/compuviper.mx\/tienda\/","logo":{"@type":"ImageObject","inLanguage":"es-MX","@id":"https:\/\/compuviper.mx\/tienda\/#\/schema\/logo\/image\/","url":"https:\/\/compuviper.mx\/tienda\/wp-content\/uploads\/2021\/08\/Logo-Compuviper-10.png","contentUrl":"https:\/\/compuviper.mx\/tienda\/wp-content\/uploads\/2021\/08\/Logo-Compuviper-10.png","width":1000,"height":500,"caption":"Compuviper"},"image":{"@id":"https:\/\/compuviper.mx\/tienda\/#\/schema\/logo\/image\/"},"sameAs":["https:\/\/www.facebook.com\/compuviper","https:\/\/www.youtube.com\/channel\/UCf73dERp9Y3cfOq7q8BhLjA?view_as=subscriber"]}]},"product_brand":"Balam Rush","product_price_amount":"208","product_price_currency":"MXN","og_availability":"out of stock","product_availability":"out of stock","product_retailer_item_id":"BR-942331","product_condition":"new"},"_links":{"self":[{"href":"https:\/\/compuviper.mx\/tienda\/wp-json\/wp\/v2\/product\/250988"}],"collection":[{"href":"https:\/\/compuviper.mx\/tienda\/wp-json\/wp\/v2\/product"}],"about":[{"href":"https:\/\/compuviper.mx\/tienda\/wp-json\/wp\/v2\/types\/product"}],"replies":[{"embeddable":true,"href":"https:\/\/compuviper.mx\/tienda\/wp-json\/wp\/v2\/comments?post=250988"}],"wp:featuredmedia":[{"embeddable":true,"href":"https:\/\/compuviper.mx\/tienda\/wp-json\/wp\/v2\/media\/258809"}],"wp:attachment":[{"href":"https:\/\/compuviper.mx\/tienda\/wp-json\/wp\/v2\/media?parent=250988"}],"wp:term":[{"taxonomy":"product_cat","embeddable":true,"href":"https:\/\/compuviper.mx\/tienda\/wp-json\/wp\/v2\/product_cat?post=250988"},{"taxonomy":"product_tag","embeddable":true,"href":"https:\/\/compuviper.mx\/tienda\/wp-json\/wp\/v2\/product_tag?post=250988"}],"curies":[{"name":"wp","href":"https:\/\/api.w.org\/{rel}","templated":true}]}}