{"id":250683,"date":"2026-04-25T23:18:49","date_gmt":"2026-04-26T05:18:49","guid":{"rendered":"https:\/\/compuviper.mx\/tienda\/producto\/gigabyte-a520m-k-v2-mb-a520-amd-s-am4-3a-gen-2xddr4-3200-hdmi-dvi-vga-4xusb-3-2-m-2-micro-atx-gama-basica\/"},"modified":"2026-04-26T00:00:44","modified_gmt":"2026-04-26T06:00:44","slug":"gigabyte-a520m-k-v2-mb-a520-amd-s-am4-3a-gen-2xddr4-3200-hdmi-dvi-vga-4xusb-3-2-m-2-micro-atx-gama-basica","status":"publish","type":"product","link":"https:\/\/compuviper.mx\/tienda\/producto\/gigabyte-a520m-k-v2-mb-a520-amd-s-am4-3a-gen-2xddr4-3200-hdmi-dvi-vga-4xusb-3-2-m-2-micro-atx-gama-basica\/","title":{"rendered":"Gigabyte A520m K V2 Mb  A520 Amd S-am4 3a Gen\/2xddr4 3200\/hdmi\/dvi\/vga\/4xusb 3.2\/m.2\/micro Atx\/gama Basica"},"content":{"rendered":"<table class=\"descripcion\">\n<tr>\n<td>Placa base amd a520 ultra durable con gbe lan con gesti\u00f3n de ancho de banda, pcie 3.0 x4 m.2, smart fan 5, dise\u00f1o de resistencias anti-azufre<\/td>\n<\/tr>\n<tr>\n<td>Admite procesadores amd ryzen\u0099 5000 series\/ ryzen\u0099 5000 g-series\/ ryzen\u0099 4000 g-series y ryzen\u0099 3000 series<\/td>\n<\/tr>\n<tr>\n<td>Ddr4 sin b\u00fafer ecc\/no ecc de dos canales, 2 dimm<\/td>\n<\/tr>\n<tr>\n<td>Pcie gen3 x4 m.2 con compatibilidad con modo pcie nvme y sata<\/td>\n<\/tr>\n<tr>\n<td>Lan gbe con gesti\u00f3n de ancho de banda<\/td>\n<\/tr>\n<tr>\n<td>Audio hd de 8 canales con condensadores de audio de alta calidad<\/td>\n<\/tr>\n<tr>\n<td>Hdmi trasero y d-sub para compatibilidad con m\u00faltiples pantallas<\/td>\n<\/tr>\n<tr>\n<td>Smart fan 5 cuenta con m\u00faltiples sensores de temperatura, cabezales de ventilador h\u00edbridos con fan stop<\/td>\n<\/tr>\n<tr>\n<td>Centro de aplicaciones gigabyte, uso simple y f\u00e1cil<\/td>\n<\/tr>\n<tr>\n<td>Conector nvme pcie gen 3 x4 2280 m.2<\/td>\n<\/tr>\n<tr>\n<td>Las placas base gigabyte se enfocan en brindar tecnolog\u00eda m.2 a los entusiastas que desean maximizar el potencial de su sistema.<\/td>\n<\/tr>\n<tr>\n<td>*el soporte real puede variar seg\u00fan la cpu.<\/td>\n<\/tr>\n<tr>\n<td>Conector nvme pcie gen 3 x4 2280 m.2<\/td>\n<\/tr>\n<tr>\n<td>Las placas base gigabyte se enfocan en brindar tecnolog\u00eda m.2 a los entusiastas que desean maximizar el potencial de su sistema.<\/td>\n<\/tr>\n<tr>\n<td>*el soporte real puede variar seg\u00fan la cpu.<\/td>\n<\/tr>\n<tr>\n<td>Lan gbe con gesti\u00f3n de ancho de banda<\/td>\n<\/tr>\n<tr>\n<td>Gbe lan cuenta con una aplicaci\u00f3n de administraci\u00f3n de ancho de banda de red que ayuda a mejorar la latencia de la red y mantener tiempos de ping bajos para brindar una mejor capacidad de respuesta en entornos de lan abarrotados.<\/td>\n<\/tr>\n<tr>\n<td>Ventilador inteligente 5<\/td>\n<\/tr>\n<tr>\n<td>Con smart fan 5, los usuarios pueden asegurarse de que su pc para juegos pueda mantener su rendimiento mientras se mantiene fresca. smart fan 5 permite a los usuarios intercambiar los cabezales de sus ventiladores para reflejar diferentes sensores t\u00e9rmicos en diferentes ubicaciones de la placa base. no solo eso, con smart fan 5 se han introducido m\u00e1s encabezados de ventiladores h\u00edbridos que admiten ventiladores de modo pwm y voltaje para hacer que la placa base sea m\u00e1s amigable con la refrigeraci\u00f3n l\u00edquida.<\/td>\n<\/tr>\n<tr>\n<td>Condensadores de audio de gama alta<\/td>\n<\/tr>\n<tr>\n<td>Las placas base gigabyte utilizan condensadores de audio de alta gama. estos capacitores de alta calidad ayudan a brindar audio de alta resoluci\u00f3n y alta fidelidad para proporcionar los efectos de sonido m\u00e1s realistas para los jugadores.<\/td>\n<\/tr>\n<tr>\n<td>Protector de ruido de audio<\/td>\n<\/tr>\n<tr>\n<td>Las placas base gigabyte cuentan con una protecci\u00f3n contra el ruido de audio que esencialmente separa los componentes sensibles de audio anal\u00f3gico de la placa de la posible contaminaci\u00f3n ac\u00fastica a nivel de pcb.<\/td>\n<\/tr>\n<tr>\n<td>Bios actualizado<\/td>\n<\/tr>\n<tr>\n<td>El bios es esencial para los usuarios durante la configuraci\u00f3n inicial para permitir la configuraci\u00f3n m\u00e1s \u00f3ptima. con una nueva gui y funcionalidades m\u00e1s f\u00e1ciles de usar, gigabyte ha podido reinventar el bios para brindar a los usuarios una mejor experiencia mientras configuran su nuevo sistema.<\/td>\n<\/tr>\n<tr>\n<td>* las fotos son solo para referencia. las caracter\u00edsticas del producto pueden variar seg\u00fan el modelo.<\/td>\n<\/tr>\n<tr>\n<td>La resoluci\u00f3n 4k es el pr\u00f3ximo hito tecnol\u00f3gico en la entrega de contenido de alta definici\u00f3n, utilizando aproximadamente 4000 p\u00edxeles en el eje horizontal, m\u00e1s de cuatro veces la densidad de p\u00edxeles hd est\u00e1ndar actual. las placas base gigabyte brindan soporte 4k nativo con gr\u00e1ficos amd radeon \u00ae integrados a trav\u00e9s de hdmi.<\/td>\n<\/tr>\n<tr>\n<td>Hdmi\u0099 es una interfaz multimedia de alta definici\u00f3n que proporciona un ancho de banda de transmisi\u00f3n de video de hasta 5 gb\/s y audio de alta calidad de 8 canales, todo a trav\u00e9s de un solo cable. capaz de transmitir video y audio digital superior sin comprimir, hdmi\u0099 garantiza la reproducci\u00f3n m\u00e1s n\u00edtida de contenido digital de hasta 1080p sin las p\u00e9rdidas de calidad asociadas con las interfaces anal\u00f3gicas y su conversi\u00f3n de digital a anal\u00f3gico. adem\u00e1s, hdmi\u0099 es compatible con hdcp (protecci\u00f3n de contenido digital de ancho de banda alto), lo que permite la reproducci\u00f3n de blu-ray\/hd dvd y otros contenidos multimedia protegidos.<\/td>\n<\/tr>\n<\/table>\n","protected":false},"excerpt":{"rendered":"<p>Procesador. Amd socket am4, compatible con: procesadores amd ryzen\u0099 5000 serie g\/ procesadores amd ryzen\u0099 serie 5000\/ procesadores amd ryzen\u0099 4000 serie g\/ procesadores amd ryzen\u0099 serie 3000. (consulte la lista de soporte de cpu para obtener m\u00e1s informaci\u00f3n). Conjunto de chips. Amd a520. Memoria. 2 z\u00f3calos ddr4 dimm que admiten hasta 64 gb (32 gb de capacidad dimm individual) de memoria del sistema. Compatible con ddr4 5100(oc) \/ 4800(oc) \/ 4600(oc) \/ 4400(oc) \/ 4266(oc) \/ 4133(oc) \/ 4000(oc) \/ 3866(oc) \/ 3733(oc) \/ 3600( oc) \/ 3466(oc) \/ 3400(oc) \/ 3200 \/ 2933 \/ 2667 \/ 2400 \/ 2133 mhz m\u00f3dulos de memoria. Arquitectura de memoria de doble canal. Compatibilidad con m\u00f3dulos de memoria dimm 1rx8\/2rx8 sin b\u00fafer ecc (funcionan en modo no ecc. Compatibilidad con m\u00f3dulos de memoria dimm 1rx8\/2rx8\/1rx16 sin b\u00fafer sin ecc. Compatibilidad con m\u00f3dulos de memoria extreme memory profile (xmp. (consulte la lista de soporte de memoria para obtener m\u00e1s informaci\u00f3n). Gr\u00e1fica integrada. Procesador de gr\u00e1ficos integrado. 1 puerto d-sub, compatible con una resoluci\u00f3n m\u00e1xima de 1920&#215;1200 a 60 hz. 1 puerto hdmi, que admite una resoluci\u00f3n m\u00e1xima de 4096&#215;2160 a 60 hz. * compatibilidad con la versi\u00f3n hdmi 2.1, hdcp 2.3 y hdr. Memoria compartida m\u00e1xima de 16 gb. Audio. C\u00f3dec de audio realtek?. Audio de alta definici\u00f3n. 2\/4\/5.1\/7.1 canales. * puede cambiar la funcionalidad de un conector de audio utilizando el software de audio. Para configurar el audio de 7.1 canales, acceda al software de audio para la configuraci\u00f3n de audio. Lan. Chip lan realtek\u00ae gbe (1 gbps\/100 mbps . Z\u00f3calos de expansi\u00f3n. Upc. 1 x ranura pci express x16, compatible con pcie 3.0 y funcionando a x16. Conjunto de chips. 1 x ranura pci express x1, compatible con pcie 3.0 y funcionando a x1. Interfaz de almacenamiento. Upc. 1 x conector m.2 (socket 3, clave m, tipo 2280 sata y soporte para ssd pcie 3.0 x4\/x2. Conjunto de chips. 4 conectores sata 6gb\/s. Compatibilidad con raid 0, raid 1 y raid 10. Usb. Upc. 4 puertos usb 3.2 gen 1 en el panel posterior. Conjunto de chips. 2 x puertos usb 3.2 gen 1 disponibles a trav\u00e9s del cabezal usb interno. 6 puertos usb 2.0\/1.1 (2 puertos en el panel posterior, 4 puertos disponibles a trav\u00e9s de los encabezados usb internos. Conectores internos e\/s. 1 conector de alimentaci\u00f3n principal atx de 24 pines. 1 conector de alimentaci\u00f3n atx 12v de 8 pines. 1 cabezal de ventilador de cpu. 1 cabezal de ventilador del sistema. 1 conector m.2 socket 3. 4 conectores sata 6gb\/s. 1 encabezado del panel frontal. 1 encabezado de audio del panel frontal. 1 cabezal usb 3.2 gen 1. 2 cabezales usb 2.0\/1.1. 1 cabezal de m\u00f3dulo de plataforma segura (tpm) (2&#215;6 pines, solo para el m\u00f3dulo gc-tpm2.0_s. 1 cabezal de altavoz. 1 puente cmos transparente. 1 cabezal de intrusi\u00f3n de chasis. Panel e\/s trasero. 1 puerto para teclado\/rat\u00f3n ps\/2. 1 puerto d-sub. 1 puerto hdmi. 4 puertos usb 3.2 gen 1. 2 puertos usb 2.0\/1.1. 1 puerto rj-45. 3 conectores de audio. Controlador e\/s. Chip controlador de e\/ s ite?. Hardware de monitorizacion. Detecci\u00f3n de voltaje. Detecci\u00f3n de temperatura. Detecci\u00f3n de velocidad del ventilador. Advertencia de falla del ventilador. Control de velocidad del ventilador. * la compatibilidad con la funci\u00f3n de control de velocidad del ventilador depender\u00e1 del enfriador que instale. Bios. 1 flash de 128 mbits. Uso de bios ami uefi con licencia. Pnp 1.0a, dmi 2.7, wfm 2.0, sm bios 2.7, acpi 5.0. Otras caracteristicas. Compatibilidad con app center. * las aplicaciones disponibles en app center pueden variar seg\u00fan el modelo de placa base. Las funciones admitidas de cada aplicaci\u00f3n tambi\u00e9n pueden variar seg\u00fan las especificaciones de la placa base. Visor de informaci\u00f3n del sistema de copia de seguridad inteligente. @bios. Easytune. Soporte para q-flash. Soporte para instalaci\u00f3n xpress. Software incluido. Norton\u00ae internet security ( versi\u00f3n oem. Software de gesti\u00f3n de ancho de banda lan. Sistema operativo. Compatibilidad con windows 11 de 64 bits. Compatibilidad con windows 10 de 64 bits. Formato. Factor de forma micro atx; 23,3 cm x 19,8 cm. Observaciones. Debido a las diferentes condiciones de soporte de linux proporcionadas por los proveedores de conjuntos de chips, descargue el controlador de linux del sitio web de los proveedores de conjuntos de chips o del sitio web de terceros. Es posible que la mayor\u00eda de los proveedores de hardware\/software ya no ofrezcan controladores compatibles con win9x\/me\/2000\/xp. Si hay controladores disponibles de los proveedores, los actualizaremos en el sitio web de gigabyte. * los t\u00e9rminos hdmi, hdmi high-definition multimedia interface (interfaz multimedia de alta definici\u00f3n), hdmi trade dress (dise\u00f1o e imagen comercial hdmi) y los logotipos hdmi son marcas comerciales o marcas registradas de hdmi licensing administrator, inc. * todos los. Materiales aqu\u00ed provistos son solo para referencia. Gigabyte se reserva el derecho de modificar o revisar el contenido a cualquier hora sin previo aviso. * todas las marcas y logos son propiedad de sus propios due\u00f1os. * debido a la arquitectura est\u00e1ndar de la pc, cierta cantidad de memoria es reservada para uso del sistema y actualmente la memoria es menor a la mencionada.<\/p>\n","protected":false},"featured_media":250684,"comment_status":"open","ping_status":"open","template":"","meta":[],"product_cat":[1727,2025],"product_tag":[1732],"acf":[],"yoast_head":"<!-- This site is optimized with the Yoast SEO plugin v21.7 - https:\/\/yoast.com\/wordpress\/plugins\/seo\/ -->\n<title>[ Gigabyte ] &#129351; A520m K V2 Mb A520 Amd S-am4 3a Gen\/2xddr4 3200\/hdmi\/dvi\/vga\/4xusb 3.2\/m.2\/micro Atx\/gama Basica<\/title>\n<meta name=\"description\" content=\"Compra A520m K V2 Mb A520 Amd S-am4 3a Gen\/2xddr4 3200\/hdmi\/dvi\/vga\/4xusb 3.2\/m.2\/micro Atx\/gama Basica + Env\u00edo a domicilio + Pago seguro + Garant\u00eda\" \/>\n<meta name=\"robots\" content=\"index, follow, max-snippet:-1, max-image-preview:large, max-video-preview:-1\" \/>\n<link rel=\"canonical\" href=\"https:\/\/compuviper.mx\/tienda\/producto\/gigabyte-a520m-k-v2-mb-a520-amd-s-am4-3a-gen-2xddr4-3200-hdmi-dvi-vga-4xusb-3-2-m-2-micro-atx-gama-basica\/\" \/>\n<meta property=\"og:locale\" content=\"es_MX\" \/>\n<meta property=\"og:type\" content=\"article\" \/>\n<meta property=\"og:title\" content=\"[ Gigabyte ] &#129351; A520m K V2 Mb A520 Amd S-am4 3a Gen\/2xddr4 3200\/hdmi\/dvi\/vga\/4xusb 3.2\/m.2\/micro Atx\/gama Basica\" \/>\n<meta property=\"og:description\" content=\"Compra A520m K V2 Mb A520 Amd S-am4 3a Gen\/2xddr4 3200\/hdmi\/dvi\/vga\/4xusb 3.2\/m.2\/micro Atx\/gama Basica + Env\u00edo a domicilio + Pago seguro + Garant\u00eda\" \/>\n<meta property=\"og:url\" content=\"https:\/\/compuviper.mx\/tienda\/producto\/gigabyte-a520m-k-v2-mb-a520-amd-s-am4-3a-gen-2xddr4-3200-hdmi-dvi-vga-4xusb-3-2-m-2-micro-atx-gama-basica\/\" \/>\n<meta property=\"og:site_name\" content=\"Compuviper\" \/>\n<meta property=\"article:publisher\" content=\"https:\/\/www.facebook.com\/compuviper\" \/>\n<meta property=\"article:modified_time\" content=\"2026-04-26T06:00:44+00:00\" \/>\n<meta property=\"og:image\" content=\"https:\/\/compuviper.mx\/tienda\/wp-content\/uploads\/2025\/04\/Mb-gigabyte-a520-amd-s-am4-3a-gen2xddr4-3200hdmidvivga4xusb-3.2m.2micro-atxgama-basica.jpg\" \/>\n\t<meta property=\"og:image:width\" content=\"200\" \/>\n\t<meta property=\"og:image:height\" content=\"200\" \/>\n\t<meta property=\"og:image:type\" content=\"image\/jpeg\" \/>\n<meta name=\"twitter:card\" content=\"summary_large_image\" \/>\n<meta name=\"twitter:label1\" content=\"Precio\" \/>\n\t<meta name=\"twitter:data1\" content=\"&#36;871 con IVA\" \/>\n\t<meta name=\"twitter:label2\" content=\"Availability\" \/>\n\t<meta name=\"twitter:data2\" content=\"In stock\" \/>\n<script type=\"application\/ld+json\" class=\"yoast-schema-graph\">{\"@context\":\"https:\/\/schema.org\",\"@graph\":[{\"@type\":\"WebPage\",\"@id\":\"https:\/\/compuviper.mx\/tienda\/producto\/gigabyte-a520m-k-v2-mb-a520-amd-s-am4-3a-gen-2xddr4-3200-hdmi-dvi-vga-4xusb-3-2-m-2-micro-atx-gama-basica\/\",\"url\":\"https:\/\/compuviper.mx\/tienda\/producto\/gigabyte-a520m-k-v2-mb-a520-amd-s-am4-3a-gen-2xddr4-3200-hdmi-dvi-vga-4xusb-3-2-m-2-micro-atx-gama-basica\/\",\"name\":\"[ Gigabyte ] &#129351; A520m K V2 Mb A520 Amd S-am4 3a Gen\/2xddr4 3200\/hdmi\/dvi\/vga\/4xusb 3.2\/m.2\/micro Atx\/gama Basica\",\"isPartOf\":{\"@id\":\"https:\/\/compuviper.mx\/tienda\/#website\"},\"datePublished\":\"2026-04-26T05:18:49+00:00\",\"dateModified\":\"2026-04-26T06:00:44+00:00\",\"description\":\"Compra A520m K V2 Mb A520 Amd S-am4 3a Gen\/2xddr4 3200\/hdmi\/dvi\/vga\/4xusb 3.2\/m.2\/micro Atx\/gama Basica + Env\u00edo a domicilio + Pago seguro + Garant\u00eda\",\"breadcrumb\":{\"@id\":\"https:\/\/compuviper.mx\/tienda\/producto\/gigabyte-a520m-k-v2-mb-a520-amd-s-am4-3a-gen-2xddr4-3200-hdmi-dvi-vga-4xusb-3-2-m-2-micro-atx-gama-basica\/#breadcrumb\"},\"inLanguage\":\"es-MX\",\"potentialAction\":[{\"@type\":\"ReadAction\",\"target\":[\"https:\/\/compuviper.mx\/tienda\/producto\/gigabyte-a520m-k-v2-mb-a520-amd-s-am4-3a-gen-2xddr4-3200-hdmi-dvi-vga-4xusb-3-2-m-2-micro-atx-gama-basica\/\"]}]},{\"@type\":\"BreadcrumbList\",\"@id\":\"https:\/\/compuviper.mx\/tienda\/producto\/gigabyte-a520m-k-v2-mb-a520-amd-s-am4-3a-gen-2xddr4-3200-hdmi-dvi-vga-4xusb-3-2-m-2-micro-atx-gama-basica\/#breadcrumb\",\"itemListElement\":[{\"@type\":\"ListItem\",\"position\":1,\"name\":\"Inicio\",\"item\":\"https:\/\/compuviper.mx\/tienda\/\"},{\"@type\":\"ListItem\",\"position\":2,\"name\":\"Productos\",\"item\":\"https:\/\/compuviper.mx\/tienda\/productos\/\"},{\"@type\":\"ListItem\",\"position\":3,\"name\":\"Tarjeta Madre\",\"item\":\"https:\/\/compuviper.mx\/tienda\/categoria-producto\/tarjeta-madre\/\"},{\"@type\":\"ListItem\",\"position\":4,\"name\":\"Sin Categor\u00eda\",\"item\":\"https:\/\/compuviper.mx\/tienda\/categoria-producto\/tarjeta-madre\/sin-categoria-tarjeta-madre\/\"},{\"@type\":\"ListItem\",\"position\":5,\"name\":\"Gigabyte A520m K V2 Mb A520 Amd S-am4 3a Gen\/2xddr4 3200\/hdmi\/dvi\/vga\/4xusb 3.2\/m.2\/micro Atx\/gama Basica\"}]},{\"@type\":\"WebSite\",\"@id\":\"https:\/\/compuviper.mx\/tienda\/#website\",\"url\":\"https:\/\/compuviper.mx\/tienda\/\",\"name\":\"Compuviper\",\"description\":\"Proveedor de Computadoras, Laptops, Servidores, Monitores, Puntos de Venta, Teclados,   Impresoras, T\u00f3ner, C\u00e1maras de Seguridad y m\u00e1s en tu tienda en l\u00ednea\",\"publisher\":{\"@id\":\"https:\/\/compuviper.mx\/tienda\/#organization\"},\"potentialAction\":[{\"@type\":\"SearchAction\",\"target\":{\"@type\":\"EntryPoint\",\"urlTemplate\":\"https:\/\/compuviper.mx\/tienda\/?s={search_term_string}\"},\"query-input\":\"required name=search_term_string\"}],\"inLanguage\":\"es-MX\"},{\"@type\":\"Organization\",\"@id\":\"https:\/\/compuviper.mx\/tienda\/#organization\",\"name\":\"Compuviper\",\"url\":\"https:\/\/compuviper.mx\/tienda\/\",\"logo\":{\"@type\":\"ImageObject\",\"inLanguage\":\"es-MX\",\"@id\":\"https:\/\/compuviper.mx\/tienda\/#\/schema\/logo\/image\/\",\"url\":\"https:\/\/compuviper.mx\/tienda\/wp-content\/uploads\/2021\/08\/Logo-Compuviper-10.png\",\"contentUrl\":\"https:\/\/compuviper.mx\/tienda\/wp-content\/uploads\/2021\/08\/Logo-Compuviper-10.png\",\"width\":1000,\"height\":500,\"caption\":\"Compuviper\"},\"image\":{\"@id\":\"https:\/\/compuviper.mx\/tienda\/#\/schema\/logo\/image\/\"},\"sameAs\":[\"https:\/\/www.facebook.com\/compuviper\",\"https:\/\/www.youtube.com\/channel\/UCf73dERp9Y3cfOq7q8BhLjA?view_as=subscriber\"]}]}<\/script>\n<meta property=\"product:brand\" content=\"GIGABYTE\" \/>\n<meta property=\"product:price:amount\" content=\"871\" \/>\n<meta property=\"product:price:currency\" content=\"MXN\" \/>\n<meta property=\"og:availability\" content=\"instock\" \/>\n<meta property=\"product:availability\" content=\"instock\" \/>\n<meta property=\"product:retailer_item_id\" content=\"A520M K V2\" \/>\n<meta property=\"product:condition\" content=\"new\" \/>\n<!-- \/ Yoast SEO plugin. -->","yoast_head_json":{"title":"[ Gigabyte ] &#129351; A520m K V2 Mb A520 Amd S-am4 3a Gen\/2xddr4 3200\/hdmi\/dvi\/vga\/4xusb 3.2\/m.2\/micro Atx\/gama Basica","description":"Compra A520m K V2 Mb A520 Amd S-am4 3a Gen\/2xddr4 3200\/hdmi\/dvi\/vga\/4xusb 3.2\/m.2\/micro Atx\/gama Basica + Env\u00edo a domicilio + Pago seguro + Garant\u00eda","robots":{"index":"index","follow":"follow","max-snippet":"max-snippet:-1","max-image-preview":"max-image-preview:large","max-video-preview":"max-video-preview:-1"},"canonical":"https:\/\/compuviper.mx\/tienda\/producto\/gigabyte-a520m-k-v2-mb-a520-amd-s-am4-3a-gen-2xddr4-3200-hdmi-dvi-vga-4xusb-3-2-m-2-micro-atx-gama-basica\/","og_locale":"es_MX","og_type":"article","og_title":"[ Gigabyte ] &#129351; A520m K V2 Mb A520 Amd S-am4 3a Gen\/2xddr4 3200\/hdmi\/dvi\/vga\/4xusb 3.2\/m.2\/micro Atx\/gama Basica","og_description":"Compra A520m K V2 Mb A520 Amd S-am4 3a Gen\/2xddr4 3200\/hdmi\/dvi\/vga\/4xusb 3.2\/m.2\/micro Atx\/gama Basica + Env\u00edo a domicilio + Pago seguro + Garant\u00eda","og_url":"https:\/\/compuviper.mx\/tienda\/producto\/gigabyte-a520m-k-v2-mb-a520-amd-s-am4-3a-gen-2xddr4-3200-hdmi-dvi-vga-4xusb-3-2-m-2-micro-atx-gama-basica\/","og_site_name":"Compuviper","article_publisher":"https:\/\/www.facebook.com\/compuviper","article_modified_time":"2026-04-26T06:00:44+00:00","og_image":[{"width":200,"height":200,"url":"https:\/\/compuviper.mx\/tienda\/wp-content\/uploads\/2025\/04\/Mb-gigabyte-a520-amd-s-am4-3a-gen2xddr4-3200hdmidvivga4xusb-3.2m.2micro-atxgama-basica.jpg","type":"image\/jpeg"}],"twitter_card":"summary_large_image","twitter_misc":{"Precio":"&#36;871 con IVA","Availability":"In stock"},"schema":{"@context":"https:\/\/schema.org","@graph":[{"@type":"WebPage","@id":"https:\/\/compuviper.mx\/tienda\/producto\/gigabyte-a520m-k-v2-mb-a520-amd-s-am4-3a-gen-2xddr4-3200-hdmi-dvi-vga-4xusb-3-2-m-2-micro-atx-gama-basica\/","url":"https:\/\/compuviper.mx\/tienda\/producto\/gigabyte-a520m-k-v2-mb-a520-amd-s-am4-3a-gen-2xddr4-3200-hdmi-dvi-vga-4xusb-3-2-m-2-micro-atx-gama-basica\/","name":"[ Gigabyte ] &#129351; A520m K V2 Mb A520 Amd S-am4 3a Gen\/2xddr4 3200\/hdmi\/dvi\/vga\/4xusb 3.2\/m.2\/micro Atx\/gama Basica","isPartOf":{"@id":"https:\/\/compuviper.mx\/tienda\/#website"},"datePublished":"2026-04-26T05:18:49+00:00","dateModified":"2026-04-26T06:00:44+00:00","description":"Compra A520m K V2 Mb A520 Amd S-am4 3a Gen\/2xddr4 3200\/hdmi\/dvi\/vga\/4xusb 3.2\/m.2\/micro Atx\/gama Basica + Env\u00edo a domicilio + Pago seguro + Garant\u00eda","breadcrumb":{"@id":"https:\/\/compuviper.mx\/tienda\/producto\/gigabyte-a520m-k-v2-mb-a520-amd-s-am4-3a-gen-2xddr4-3200-hdmi-dvi-vga-4xusb-3-2-m-2-micro-atx-gama-basica\/#breadcrumb"},"inLanguage":"es-MX","potentialAction":[{"@type":"ReadAction","target":["https:\/\/compuviper.mx\/tienda\/producto\/gigabyte-a520m-k-v2-mb-a520-amd-s-am4-3a-gen-2xddr4-3200-hdmi-dvi-vga-4xusb-3-2-m-2-micro-atx-gama-basica\/"]}]},{"@type":"BreadcrumbList","@id":"https:\/\/compuviper.mx\/tienda\/producto\/gigabyte-a520m-k-v2-mb-a520-amd-s-am4-3a-gen-2xddr4-3200-hdmi-dvi-vga-4xusb-3-2-m-2-micro-atx-gama-basica\/#breadcrumb","itemListElement":[{"@type":"ListItem","position":1,"name":"Inicio","item":"https:\/\/compuviper.mx\/tienda\/"},{"@type":"ListItem","position":2,"name":"Productos","item":"https:\/\/compuviper.mx\/tienda\/productos\/"},{"@type":"ListItem","position":3,"name":"Tarjeta Madre","item":"https:\/\/compuviper.mx\/tienda\/categoria-producto\/tarjeta-madre\/"},{"@type":"ListItem","position":4,"name":"Sin Categor\u00eda","item":"https:\/\/compuviper.mx\/tienda\/categoria-producto\/tarjeta-madre\/sin-categoria-tarjeta-madre\/"},{"@type":"ListItem","position":5,"name":"Gigabyte A520m K V2 Mb A520 Amd S-am4 3a Gen\/2xddr4 3200\/hdmi\/dvi\/vga\/4xusb 3.2\/m.2\/micro Atx\/gama Basica"}]},{"@type":"WebSite","@id":"https:\/\/compuviper.mx\/tienda\/#website","url":"https:\/\/compuviper.mx\/tienda\/","name":"Compuviper","description":"Proveedor de Computadoras, Laptops, Servidores, Monitores, Puntos de Venta, Teclados,   Impresoras, T\u00f3ner, C\u00e1maras de Seguridad y m\u00e1s en tu tienda en l\u00ednea","publisher":{"@id":"https:\/\/compuviper.mx\/tienda\/#organization"},"potentialAction":[{"@type":"SearchAction","target":{"@type":"EntryPoint","urlTemplate":"https:\/\/compuviper.mx\/tienda\/?s={search_term_string}"},"query-input":"required name=search_term_string"}],"inLanguage":"es-MX"},{"@type":"Organization","@id":"https:\/\/compuviper.mx\/tienda\/#organization","name":"Compuviper","url":"https:\/\/compuviper.mx\/tienda\/","logo":{"@type":"ImageObject","inLanguage":"es-MX","@id":"https:\/\/compuviper.mx\/tienda\/#\/schema\/logo\/image\/","url":"https:\/\/compuviper.mx\/tienda\/wp-content\/uploads\/2021\/08\/Logo-Compuviper-10.png","contentUrl":"https:\/\/compuviper.mx\/tienda\/wp-content\/uploads\/2021\/08\/Logo-Compuviper-10.png","width":1000,"height":500,"caption":"Compuviper"},"image":{"@id":"https:\/\/compuviper.mx\/tienda\/#\/schema\/logo\/image\/"},"sameAs":["https:\/\/www.facebook.com\/compuviper","https:\/\/www.youtube.com\/channel\/UCf73dERp9Y3cfOq7q8BhLjA?view_as=subscriber"]}]},"product_brand":"GIGABYTE","product_price_amount":"871","product_price_currency":"MXN","og_availability":"instock","product_availability":"instock","product_retailer_item_id":"A520M K V2","product_condition":"new"},"_links":{"self":[{"href":"https:\/\/compuviper.mx\/tienda\/wp-json\/wp\/v2\/product\/250683"}],"collection":[{"href":"https:\/\/compuviper.mx\/tienda\/wp-json\/wp\/v2\/product"}],"about":[{"href":"https:\/\/compuviper.mx\/tienda\/wp-json\/wp\/v2\/types\/product"}],"replies":[{"embeddable":true,"href":"https:\/\/compuviper.mx\/tienda\/wp-json\/wp\/v2\/comments?post=250683"}],"wp:featuredmedia":[{"embeddable":true,"href":"https:\/\/compuviper.mx\/tienda\/wp-json\/wp\/v2\/media\/250684"}],"wp:attachment":[{"href":"https:\/\/compuviper.mx\/tienda\/wp-json\/wp\/v2\/media?parent=250683"}],"wp:term":[{"taxonomy":"product_cat","embeddable":true,"href":"https:\/\/compuviper.mx\/tienda\/wp-json\/wp\/v2\/product_cat?post=250683"},{"taxonomy":"product_tag","embeddable":true,"href":"https:\/\/compuviper.mx\/tienda\/wp-json\/wp\/v2\/product_tag?post=250683"}],"curies":[{"name":"wp","href":"https:\/\/api.w.org\/{rel}","templated":true}]}}