{"id":250633,"date":"2026-04-02T02:07:11","date_gmt":"2026-04-02T08:07:11","guid":{"rendered":"https:\/\/compuviper.mx\/tienda\/producto\/balam-rush-br-941143-audifonos-gamer-aviator-expert-ha777-alambricos-usb-3-5-mm-diadema-pc-disp-moviles-consola-microfono-omnidireccional-iluminacion-rgb-sonido-estereo-negro\/"},"modified":"2026-04-02T02:07:12","modified_gmt":"2026-04-02T08:07:12","slug":"balam-rush-br-9411437506215941143-audifonos-gamer-aviator-expert-ha777-alambricos-usb-3-5-mm-diadema-pc-disp-moviles-consola-microfono-omnidireccional-iluminacion-rgb-sonido-ester","status":"publish","type":"product","link":"https:\/\/compuviper.mx\/tienda\/producto\/balam-rush-br-9411437506215941143-audifonos-gamer-aviator-expert-ha777-alambricos-usb-3-5-mm-diadema-pc-disp-moviles-consola-microfono-omnidireccional-iluminacion-rgb-sonido-ester\/","title":{"rendered":"Balam Rush Br-941143,7506215941143 Audifonos Gamer  Aviator Expert Ha777 \/ Alambricos Usb- 3. 5 Mm \/ Diadema \/ Pc &#8211; Disp. Moviles &#8211; Consola \/ Microfono Omnidireccional \/ Iluminacion Rgb \/ Sonido Estereo \/ Negro \/ Br-941143"},"content":{"rendered":"<table class=\"descripcion\">\n<tr>\n<td>Especificaciones de los audifonos<\/td>\n<\/tr>\n<tr>\n<td>\u0095 modelo: br-941143<\/td>\n<\/tr>\n<tr>\n<td>\u0095 producto: audifonos<\/td>\n<\/tr>\n<tr>\n<td>\u0095 color: negro<\/td>\n<\/tr>\n<tr>\n<td>\u0095 material: abs + pc<\/td>\n<\/tr>\n<tr>\n<td>\u0095 material de almohadillas: cuero proteico + esponja moldeable<\/td>\n<\/tr>\n<tr>\n<td>\u0095 dimensiones: 16.5 x 9.5 x 19.5 cm<\/td>\n<\/tr>\n<tr>\n<td>\u0095 peso: 357 g<\/td>\n<\/tr>\n<tr>\n<td>\u0095 conectividad: alambrica<\/td>\n<\/tr>\n<tr>\n<td>\u0095 compatibilidad: pc \/ dispositivos moviles \/ consolas<\/td>\n<\/tr>\n<tr>\n<td>\u0095 sonido<\/td>\n<\/tr>\n<tr>\n<td>        and #61607; tipo: sonido estereo<\/td>\n<\/tr>\n<tr>\n<td>        and #61607; tama\u00f1o de bocina: 53 mm<\/td>\n<\/tr>\n<tr>\n<td>        and #61607; frecuencia de respuesta: 20 hz a 20 khz<\/td>\n<\/tr>\n<tr>\n<td>        and #61607; impedancia: 20  and #937;<\/td>\n<\/tr>\n<tr>\n<td>        and #61607; sensibilidad: 121 db<\/td>\n<\/tr>\n<tr>\n<td>\u0095 microfono<\/td>\n<\/tr>\n<tr>\n<td>       and #61607; tipo: fijo<\/td>\n<\/tr>\n<tr>\n<td>       and #61607; sensibilidad: -38\u00b13db<\/td>\n<\/tr>\n<tr>\n<td>       and #61607; direccion: omnidireccional<\/td>\n<\/tr>\n<tr>\n<td>\u0095 alambrica<\/td>\n<\/tr>\n<tr>\n<td>       and #61607; conector: 3.5 mm + usb + control + cable divisor<\/td>\n<\/tr>\n<tr>\n<td>       and #61607; cable: 2.4 m<\/td>\n<\/tr>\n<tr>\n<td>\u0095 iluminacion: rgb<\/td>\n<\/tr>\n<tr>\n<td>\u0095 alimentacion: 5 v and #9107; 1 a<\/td>\n<\/tr>\n<\/table>\n","protected":false},"excerpt":{"rendered":"<p>Calidad de. Sonido est\u00e9reo. Inigualable. Disfruta de un. Sonido est\u00e9reo. Detallado, ideal. Para juegos y. Entretenimiento. Con bocinas de 53. Mm que ofrecen. Claridad y precisi\u00f3n. En cada frecuencia. Para maximizar tu. Experiencia. Potente y claro. A 121 db. Gracias a su alta sensibilidad. Estos aud\u00edfonos alcanzan una. Potencia sonora clara y. Envolvente, perfecta para. Percibir cada detalle en tus. Juegos y m\u00fasica. Micr\u00f3fono. Omnidireccional. De alta definici\u00f3n. Este aud\u00edfono cuenta con un. Micr\u00f3fono omnidireccional. Sensible que capta tu voz. Claramente sin importar el. \u00e1ngulo, manteniendo una. Comunicaci\u00f3n uida y efectiva. En cada partida. Comodidad en. Almohadillas de. Cuero prot\u00e9ico. Las almohadillas de cuero. Prot\u00e9ico y esponja moldeable. Brindan una comodidad. Excepcional, adapt\u00e1ndose a. La forma de tu o\u00eddo para. Largas sesiones sin. Incomodidad. Conexi\u00f3n flexible. En 3.5 mm + usb. Con conectores 3.5 mm y usb. Estos aud\u00edfonos se adaptan. F\u00e1cilmente a pc, consolas y. Dispositivos m\u00f3viles, ofreciendo. Versatilidad para un uso sin. L\u00edmites.<\/p>\n","protected":false},"featured_media":260890,"comment_status":"open","ping_status":"open","template":"","meta":[],"product_cat":[1552,1822],"product_tag":[2097],"acf":[],"yoast_head":"<!-- This site is optimized with the Yoast SEO plugin v21.7 - https:\/\/yoast.com\/wordpress\/plugins\/seo\/ -->\n<title>[ Balam Rush ] &#129351; Br-941143,7506215941143 Audifonos Gamer Aviator Expert Ha777 \/ Alambricos Usb- 3. 5 Mm \/ Diadema \/ Pc - Disp. Moviles - Consola \/ Microfono Omnidireccional \/ Iluminacion Rgb \/ Sonido Estereo \/ Negro \/ Br-941143<\/title>\n<meta name=\"description\" content=\"Compra Br-941143,7506215941143 Audifonos Gamer Aviator Expert Ha777 \/ Alambricos Usb- 3. 5 Mm \/ Diadema \/ Pc - Disp. Moviles - Consola \/ Microfono Omnidireccional \/ Iluminacion Rgb \/ Sonido Estereo \/ Negro \/ Br-941143 + Env\u00edo a domicilio + Pago seguro + Garant\u00eda\" \/>\n<meta name=\"robots\" content=\"index, follow, max-snippet:-1, max-image-preview:large, max-video-preview:-1\" \/>\n<link rel=\"canonical\" href=\"https:\/\/compuviper.mx\/tienda\/producto\/balam-rush-br-9411437506215941143-audifonos-gamer-aviator-expert-ha777-alambricos-usb-3-5-mm-diadema-pc-disp-moviles-consola-microfono-omnidireccional-iluminacion-rgb-sonido-ester\/\" \/>\n<meta property=\"og:locale\" content=\"es_MX\" \/>\n<meta property=\"og:type\" content=\"article\" \/>\n<meta property=\"og:title\" content=\"[ Balam Rush ] &#129351; Br-941143,7506215941143 Audifonos Gamer Aviator Expert Ha777 \/ Alambricos Usb- 3. 5 Mm \/ Diadema \/ Pc - Disp. Moviles - Consola \/ Microfono Omnidireccional \/ Iluminacion Rgb \/ Sonido Estereo \/ Negro \/ Br-941143\" \/>\n<meta property=\"og:description\" content=\"Compra Br-941143,7506215941143 Audifonos Gamer Aviator Expert Ha777 \/ Alambricos Usb- 3. 5 Mm \/ Diadema \/ Pc - Disp. Moviles - Consola \/ Microfono Omnidireccional \/ Iluminacion Rgb \/ Sonido Estereo \/ Negro \/ Br-941143 + Env\u00edo a domicilio + Pago seguro + Garant\u00eda\" \/>\n<meta property=\"og:url\" content=\"https:\/\/compuviper.mx\/tienda\/producto\/balam-rush-br-9411437506215941143-audifonos-gamer-aviator-expert-ha777-alambricos-usb-3-5-mm-diadema-pc-disp-moviles-consola-microfono-omnidireccional-iluminacion-rgb-sonido-ester\/\" \/>\n<meta property=\"og:site_name\" content=\"Compuviper\" \/>\n<meta property=\"article:publisher\" content=\"https:\/\/www.facebook.com\/compuviper\" \/>\n<meta property=\"article:modified_time\" content=\"2026-04-02T08:07:12+00:00\" \/>\n<meta property=\"og:image\" content=\"https:\/\/compuviper.mx\/tienda\/wp-content\/uploads\/2025\/10\/Audifonos-gamer-balam-rush-aviator-expert-ha777-alambricos-usb-3.-5-mm-diadema-pc-disp.-moviles-consola-microfono-omnidireccional-iluminacion-rgb-sonido-estereo-negro-br-941143.jpg\" \/>\n\t<meta property=\"og:image:width\" content=\"200\" \/>\n\t<meta property=\"og:image:height\" content=\"200\" \/>\n\t<meta property=\"og:image:type\" content=\"image\/jpeg\" \/>\n<meta name=\"twitter:card\" content=\"summary_large_image\" \/>\n<meta name=\"twitter:label1\" content=\"Precio\" \/>\n\t<meta name=\"twitter:data1\" content=\"&#36;645 &#36;516 con IVA\" \/>\n\t<meta name=\"twitter:label2\" content=\"Availability\" \/>\n\t<meta name=\"twitter:data2\" content=\"In stock\" \/>\n<script type=\"application\/ld+json\" class=\"yoast-schema-graph\">{\"@context\":\"https:\/\/schema.org\",\"@graph\":[{\"@type\":\"WebPage\",\"@id\":\"https:\/\/compuviper.mx\/tienda\/producto\/balam-rush-br-9411437506215941143-audifonos-gamer-aviator-expert-ha777-alambricos-usb-3-5-mm-diadema-pc-disp-moviles-consola-microfono-omnidireccional-iluminacion-rgb-sonido-ester\/\",\"url\":\"https:\/\/compuviper.mx\/tienda\/producto\/balam-rush-br-9411437506215941143-audifonos-gamer-aviator-expert-ha777-alambricos-usb-3-5-mm-diadema-pc-disp-moviles-consola-microfono-omnidireccional-iluminacion-rgb-sonido-ester\/\",\"name\":\"[ Balam Rush ] &#129351; Br-941143,7506215941143 Audifonos Gamer Aviator Expert Ha777 \/ Alambricos Usb- 3. 5 Mm \/ Diadema \/ Pc - Disp. Moviles - Consola \/ Microfono Omnidireccional \/ Iluminacion Rgb \/ Sonido Estereo \/ Negro \/ Br-941143\",\"isPartOf\":{\"@id\":\"https:\/\/compuviper.mx\/tienda\/#website\"},\"datePublished\":\"2026-04-02T08:07:11+00:00\",\"dateModified\":\"2026-04-02T08:07:12+00:00\",\"description\":\"Compra Br-941143,7506215941143 Audifonos Gamer Aviator Expert Ha777 \/ Alambricos Usb- 3. 5 Mm \/ Diadema \/ Pc - Disp. Moviles - Consola \/ Microfono Omnidireccional \/ Iluminacion Rgb \/ Sonido Estereo \/ Negro \/ Br-941143 + Env\u00edo a domicilio + Pago seguro + Garant\u00eda\",\"breadcrumb\":{\"@id\":\"https:\/\/compuviper.mx\/tienda\/producto\/balam-rush-br-9411437506215941143-audifonos-gamer-aviator-expert-ha777-alambricos-usb-3-5-mm-diadema-pc-disp-moviles-consola-microfono-omnidireccional-iluminacion-rgb-sonido-ester\/#breadcrumb\"},\"inLanguage\":\"es-MX\",\"potentialAction\":[{\"@type\":\"ReadAction\",\"target\":[\"https:\/\/compuviper.mx\/tienda\/producto\/balam-rush-br-9411437506215941143-audifonos-gamer-aviator-expert-ha777-alambricos-usb-3-5-mm-diadema-pc-disp-moviles-consola-microfono-omnidireccional-iluminacion-rgb-sonido-ester\/\"]}]},{\"@type\":\"BreadcrumbList\",\"@id\":\"https:\/\/compuviper.mx\/tienda\/producto\/balam-rush-br-9411437506215941143-audifonos-gamer-aviator-expert-ha777-alambricos-usb-3-5-mm-diadema-pc-disp-moviles-consola-microfono-omnidireccional-iluminacion-rgb-sonido-ester\/#breadcrumb\",\"itemListElement\":[{\"@type\":\"ListItem\",\"position\":1,\"name\":\"Inicio\",\"item\":\"https:\/\/compuviper.mx\/tienda\/\"},{\"@type\":\"ListItem\",\"position\":2,\"name\":\"Productos\",\"item\":\"https:\/\/compuviper.mx\/tienda\/productos\/\"},{\"@type\":\"ListItem\",\"position\":3,\"name\":\"Audifonos Y Micro\",\"item\":\"https:\/\/compuviper.mx\/tienda\/categoria-producto\/audifonos-y-micro\/\"},{\"@type\":\"ListItem\",\"position\":4,\"name\":\"Gamers\",\"item\":\"https:\/\/compuviper.mx\/tienda\/categoria-producto\/audifonos-y-micro\/gamers-audifonos-y-micro\/\"},{\"@type\":\"ListItem\",\"position\":5,\"name\":\"Balam Rush Br-941143,7506215941143 Audifonos Gamer Aviator Expert Ha777 \/ Alambricos Usb- 3. 5 Mm \/ Diadema \/ Pc &#8211; Disp. Moviles &#8211; Consola \/ Microfono Omnidireccional \/ Iluminacion Rgb \/ Sonido Estereo \/ Negro \/ Br-941143\"}]},{\"@type\":\"WebSite\",\"@id\":\"https:\/\/compuviper.mx\/tienda\/#website\",\"url\":\"https:\/\/compuviper.mx\/tienda\/\",\"name\":\"Compuviper\",\"description\":\"Proveedor de Computadoras, Laptops, Servidores, Monitores, Puntos de Venta, Teclados,   Impresoras, T\u00f3ner, C\u00e1maras de Seguridad y m\u00e1s en tu tienda en l\u00ednea\",\"publisher\":{\"@id\":\"https:\/\/compuviper.mx\/tienda\/#organization\"},\"potentialAction\":[{\"@type\":\"SearchAction\",\"target\":{\"@type\":\"EntryPoint\",\"urlTemplate\":\"https:\/\/compuviper.mx\/tienda\/?s={search_term_string}\"},\"query-input\":\"required name=search_term_string\"}],\"inLanguage\":\"es-MX\"},{\"@type\":\"Organization\",\"@id\":\"https:\/\/compuviper.mx\/tienda\/#organization\",\"name\":\"Compuviper\",\"url\":\"https:\/\/compuviper.mx\/tienda\/\",\"logo\":{\"@type\":\"ImageObject\",\"inLanguage\":\"es-MX\",\"@id\":\"https:\/\/compuviper.mx\/tienda\/#\/schema\/logo\/image\/\",\"url\":\"https:\/\/compuviper.mx\/tienda\/wp-content\/uploads\/2021\/08\/Logo-Compuviper-10.png\",\"contentUrl\":\"https:\/\/compuviper.mx\/tienda\/wp-content\/uploads\/2021\/08\/Logo-Compuviper-10.png\",\"width\":1000,\"height\":500,\"caption\":\"Compuviper\"},\"image\":{\"@id\":\"https:\/\/compuviper.mx\/tienda\/#\/schema\/logo\/image\/\"},\"sameAs\":[\"https:\/\/www.facebook.com\/compuviper\",\"https:\/\/www.youtube.com\/channel\/UCf73dERp9Y3cfOq7q8BhLjA?view_as=subscriber\"]}]}<\/script>\n<meta property=\"product:brand\" content=\"Balam Rush\" \/>\n<meta property=\"product:price:amount\" content=\"516\" \/>\n<meta property=\"product:price:currency\" content=\"MXN\" \/>\n<meta property=\"og:availability\" content=\"instock\" \/>\n<meta property=\"product:availability\" content=\"instock\" \/>\n<meta property=\"product:retailer_item_id\" content=\"BR-941143,7506215941143\" \/>\n<meta property=\"product:condition\" content=\"new\" \/>\n<!-- \/ Yoast SEO plugin. -->","yoast_head_json":{"title":"[ Balam Rush ] &#129351; Br-941143,7506215941143 Audifonos Gamer Aviator Expert Ha777 \/ Alambricos Usb- 3. 5 Mm \/ Diadema \/ Pc - Disp. Moviles - Consola \/ Microfono Omnidireccional \/ Iluminacion Rgb \/ Sonido Estereo \/ Negro \/ Br-941143","description":"Compra Br-941143,7506215941143 Audifonos Gamer Aviator Expert Ha777 \/ Alambricos Usb- 3. 5 Mm \/ Diadema \/ Pc - Disp. Moviles - Consola \/ Microfono Omnidireccional \/ Iluminacion Rgb \/ Sonido Estereo \/ Negro \/ Br-941143 + Env\u00edo a domicilio + Pago seguro + Garant\u00eda","robots":{"index":"index","follow":"follow","max-snippet":"max-snippet:-1","max-image-preview":"max-image-preview:large","max-video-preview":"max-video-preview:-1"},"canonical":"https:\/\/compuviper.mx\/tienda\/producto\/balam-rush-br-9411437506215941143-audifonos-gamer-aviator-expert-ha777-alambricos-usb-3-5-mm-diadema-pc-disp-moviles-consola-microfono-omnidireccional-iluminacion-rgb-sonido-ester\/","og_locale":"es_MX","og_type":"article","og_title":"[ Balam Rush ] &#129351; Br-941143,7506215941143 Audifonos Gamer Aviator Expert Ha777 \/ Alambricos Usb- 3. 5 Mm \/ Diadema \/ Pc - Disp. Moviles - Consola \/ Microfono Omnidireccional \/ Iluminacion Rgb \/ Sonido Estereo \/ Negro \/ Br-941143","og_description":"Compra Br-941143,7506215941143 Audifonos Gamer Aviator Expert Ha777 \/ Alambricos Usb- 3. 5 Mm \/ Diadema \/ Pc - Disp. Moviles - Consola \/ Microfono Omnidireccional \/ Iluminacion Rgb \/ Sonido Estereo \/ Negro \/ Br-941143 + Env\u00edo a domicilio + Pago seguro + Garant\u00eda","og_url":"https:\/\/compuviper.mx\/tienda\/producto\/balam-rush-br-9411437506215941143-audifonos-gamer-aviator-expert-ha777-alambricos-usb-3-5-mm-diadema-pc-disp-moviles-consola-microfono-omnidireccional-iluminacion-rgb-sonido-ester\/","og_site_name":"Compuviper","article_publisher":"https:\/\/www.facebook.com\/compuviper","article_modified_time":"2026-04-02T08:07:12+00:00","og_image":[{"width":200,"height":200,"url":"https:\/\/compuviper.mx\/tienda\/wp-content\/uploads\/2025\/10\/Audifonos-gamer-balam-rush-aviator-expert-ha777-alambricos-usb-3.-5-mm-diadema-pc-disp.-moviles-consola-microfono-omnidireccional-iluminacion-rgb-sonido-estereo-negro-br-941143.jpg","type":"image\/jpeg"}],"twitter_card":"summary_large_image","twitter_misc":{"Precio":"&#36;645 &#36;516 con IVA","Availability":"In stock"},"schema":{"@context":"https:\/\/schema.org","@graph":[{"@type":"WebPage","@id":"https:\/\/compuviper.mx\/tienda\/producto\/balam-rush-br-9411437506215941143-audifonos-gamer-aviator-expert-ha777-alambricos-usb-3-5-mm-diadema-pc-disp-moviles-consola-microfono-omnidireccional-iluminacion-rgb-sonido-ester\/","url":"https:\/\/compuviper.mx\/tienda\/producto\/balam-rush-br-9411437506215941143-audifonos-gamer-aviator-expert-ha777-alambricos-usb-3-5-mm-diadema-pc-disp-moviles-consola-microfono-omnidireccional-iluminacion-rgb-sonido-ester\/","name":"[ Balam Rush ] &#129351; Br-941143,7506215941143 Audifonos Gamer Aviator Expert Ha777 \/ Alambricos Usb- 3. 5 Mm \/ Diadema \/ Pc - Disp. Moviles - Consola \/ Microfono Omnidireccional \/ Iluminacion Rgb \/ Sonido Estereo \/ Negro \/ Br-941143","isPartOf":{"@id":"https:\/\/compuviper.mx\/tienda\/#website"},"datePublished":"2026-04-02T08:07:11+00:00","dateModified":"2026-04-02T08:07:12+00:00","description":"Compra Br-941143,7506215941143 Audifonos Gamer Aviator Expert Ha777 \/ Alambricos Usb- 3. 5 Mm \/ Diadema \/ Pc - Disp. Moviles - Consola \/ Microfono Omnidireccional \/ Iluminacion Rgb \/ Sonido Estereo \/ Negro \/ Br-941143 + Env\u00edo a domicilio + Pago seguro + Garant\u00eda","breadcrumb":{"@id":"https:\/\/compuviper.mx\/tienda\/producto\/balam-rush-br-9411437506215941143-audifonos-gamer-aviator-expert-ha777-alambricos-usb-3-5-mm-diadema-pc-disp-moviles-consola-microfono-omnidireccional-iluminacion-rgb-sonido-ester\/#breadcrumb"},"inLanguage":"es-MX","potentialAction":[{"@type":"ReadAction","target":["https:\/\/compuviper.mx\/tienda\/producto\/balam-rush-br-9411437506215941143-audifonos-gamer-aviator-expert-ha777-alambricos-usb-3-5-mm-diadema-pc-disp-moviles-consola-microfono-omnidireccional-iluminacion-rgb-sonido-ester\/"]}]},{"@type":"BreadcrumbList","@id":"https:\/\/compuviper.mx\/tienda\/producto\/balam-rush-br-9411437506215941143-audifonos-gamer-aviator-expert-ha777-alambricos-usb-3-5-mm-diadema-pc-disp-moviles-consola-microfono-omnidireccional-iluminacion-rgb-sonido-ester\/#breadcrumb","itemListElement":[{"@type":"ListItem","position":1,"name":"Inicio","item":"https:\/\/compuviper.mx\/tienda\/"},{"@type":"ListItem","position":2,"name":"Productos","item":"https:\/\/compuviper.mx\/tienda\/productos\/"},{"@type":"ListItem","position":3,"name":"Audifonos Y Micro","item":"https:\/\/compuviper.mx\/tienda\/categoria-producto\/audifonos-y-micro\/"},{"@type":"ListItem","position":4,"name":"Gamers","item":"https:\/\/compuviper.mx\/tienda\/categoria-producto\/audifonos-y-micro\/gamers-audifonos-y-micro\/"},{"@type":"ListItem","position":5,"name":"Balam Rush Br-941143,7506215941143 Audifonos Gamer Aviator Expert Ha777 \/ Alambricos Usb- 3. 5 Mm \/ Diadema \/ Pc &#8211; Disp. Moviles &#8211; Consola \/ Microfono Omnidireccional \/ Iluminacion Rgb \/ Sonido Estereo \/ Negro \/ Br-941143"}]},{"@type":"WebSite","@id":"https:\/\/compuviper.mx\/tienda\/#website","url":"https:\/\/compuviper.mx\/tienda\/","name":"Compuviper","description":"Proveedor de Computadoras, Laptops, Servidores, Monitores, Puntos de Venta, Teclados,   Impresoras, T\u00f3ner, C\u00e1maras de Seguridad y m\u00e1s en tu tienda en l\u00ednea","publisher":{"@id":"https:\/\/compuviper.mx\/tienda\/#organization"},"potentialAction":[{"@type":"SearchAction","target":{"@type":"EntryPoint","urlTemplate":"https:\/\/compuviper.mx\/tienda\/?s={search_term_string}"},"query-input":"required name=search_term_string"}],"inLanguage":"es-MX"},{"@type":"Organization","@id":"https:\/\/compuviper.mx\/tienda\/#organization","name":"Compuviper","url":"https:\/\/compuviper.mx\/tienda\/","logo":{"@type":"ImageObject","inLanguage":"es-MX","@id":"https:\/\/compuviper.mx\/tienda\/#\/schema\/logo\/image\/","url":"https:\/\/compuviper.mx\/tienda\/wp-content\/uploads\/2021\/08\/Logo-Compuviper-10.png","contentUrl":"https:\/\/compuviper.mx\/tienda\/wp-content\/uploads\/2021\/08\/Logo-Compuviper-10.png","width":1000,"height":500,"caption":"Compuviper"},"image":{"@id":"https:\/\/compuviper.mx\/tienda\/#\/schema\/logo\/image\/"},"sameAs":["https:\/\/www.facebook.com\/compuviper","https:\/\/www.youtube.com\/channel\/UCf73dERp9Y3cfOq7q8BhLjA?view_as=subscriber"]}]},"product_brand":"Balam Rush","product_price_amount":"516","product_price_currency":"MXN","og_availability":"instock","product_availability":"instock","product_retailer_item_id":"BR-941143,7506215941143","product_condition":"new"},"_links":{"self":[{"href":"https:\/\/compuviper.mx\/tienda\/wp-json\/wp\/v2\/product\/250633"}],"collection":[{"href":"https:\/\/compuviper.mx\/tienda\/wp-json\/wp\/v2\/product"}],"about":[{"href":"https:\/\/compuviper.mx\/tienda\/wp-json\/wp\/v2\/types\/product"}],"replies":[{"embeddable":true,"href":"https:\/\/compuviper.mx\/tienda\/wp-json\/wp\/v2\/comments?post=250633"}],"wp:featuredmedia":[{"embeddable":true,"href":"https:\/\/compuviper.mx\/tienda\/wp-json\/wp\/v2\/media\/260890"}],"wp:attachment":[{"href":"https:\/\/compuviper.mx\/tienda\/wp-json\/wp\/v2\/media?parent=250633"}],"wp:term":[{"taxonomy":"product_cat","embeddable":true,"href":"https:\/\/compuviper.mx\/tienda\/wp-json\/wp\/v2\/product_cat?post=250633"},{"taxonomy":"product_tag","embeddable":true,"href":"https:\/\/compuviper.mx\/tienda\/wp-json\/wp\/v2\/product_tag?post=250633"}],"curies":[{"name":"wp","href":"https:\/\/api.w.org\/{rel}","templated":true}]}}