{"id":250632,"date":"2026-04-02T02:07:11","date_gmt":"2026-04-02T08:07:11","guid":{"rendered":"https:\/\/compuviper.mx\/tienda\/producto\/balam-rush-br-938518-audifonos-gamer-aeon-expert-hs1100-diadema-inalambricos-bt-5-3-dongle-usb-aux-3-5-mm-pc-disp-moviles-consolas-microfono-omnidireccional-rgb-20-20-khz-blanc\/"},"modified":"2026-04-02T02:07:11","modified_gmt":"2026-04-02T08:07:11","slug":"balam-rush-br-938518-audifonos-gamer-aeon-expert-hs1100-diadema-inalambricos-bt-5-3-dongle-usb-aux-3-5-mm-pc-disp-moviles-consolas-microfono-omnidireccional-rgb-20-20-khz-blanc","status":"publish","type":"product","link":"https:\/\/compuviper.mx\/tienda\/producto\/balam-rush-br-938518-audifonos-gamer-aeon-expert-hs1100-diadema-inalambricos-bt-5-3-dongle-usb-aux-3-5-mm-pc-disp-moviles-consolas-microfono-omnidireccional-rgb-20-20-khz-blanc\/","title":{"rendered":"Balam Rush Br-938518 Audifonos Gamer Aeon Expert Hs1100 \/ Diadema Inalambricos \/ Bt 5.3 &#8211; Dongle Usb &#8211; Aux 3.5 Mm \/ Pc &#8211; Disp Moviles &#8211; Consolas \/ Microfono Omnidireccional \/ Rgb \/ 20 &#8211; 20 Khz \/ Blanco \/"},"content":{"rendered":"<table class=\"descripcion\">\n<tr>\n<td>Especificaciones<\/td>\n<\/tr>\n<tr>\n<td>\u0095 producto: audifonos gamer inalambricos<\/td>\n<\/tr>\n<tr>\n<td>\u0095 modelo: br-938518<\/td>\n<\/tr>\n<tr>\n<td>\u0095 color: blanco<\/td>\n<\/tr>\n<tr>\n<td>\u0095 materiales: abs + aluminio<\/td>\n<\/tr>\n<tr>\n<td>\u0095 material de almohadillas: cuero proteico + esponja moldeable<\/td>\n<\/tr>\n<tr>\n<td>\u0095 dimensiones: 20 x 9 x 19.5 cm<\/td>\n<\/tr>\n<tr>\n<td>\u0095 peso: 348 g<\/td>\n<\/tr>\n<tr>\n<td>\u0095 conectividad: bluetooth 5.3 , dongle 2.4 mhz y aux<\/td>\n<\/tr>\n<tr>\n<td>\u0095 compatibilidad: pc \/ dispositivos moviles \/ consolas<\/td>\n<\/tr>\n<tr>\n<td>\u0095 sonido<\/td>\n<\/tr>\n<tr>\n<td>       and #61607; tipo: 7.1<\/td>\n<\/tr>\n<tr>\n<td>       and #61607; tama\u00f1o de bocina: 50 mm<\/td>\n<\/tr>\n<tr>\n<td>       and #61607; frecuencia de resp: 20 &#8211; 20 khz<\/td>\n<\/tr>\n<tr>\n<td>       and #61607; impedancia: 32  and #937;<\/td>\n<\/tr>\n<tr>\n<td>       and #61607; sensibilidad: 111\u00b13 db<\/td>\n<\/tr>\n<tr>\n<td>\u0095 microfono<\/td>\n<\/tr>\n<tr>\n<td>       and #61607; tipo: desmontable<\/td>\n<\/tr>\n<tr>\n<td>       and #61607; sensibilidad: -38 db<\/td>\n<\/tr>\n<tr>\n<td>       and #61607; direccion: omnidireccional<\/td>\n<\/tr>\n<tr>\n<td>\u0095 alambrica<\/td>\n<\/tr>\n<tr>\n<td>       and #61607; conector: 3.5 mm<\/td>\n<\/tr>\n<tr>\n<td>       and #61607; cable: 1.2 mts<\/td>\n<\/tr>\n<tr>\n<td>\u0095 iluminacion: rgb<\/td>\n<\/tr>\n<tr>\n<td>\u0095 alimentacion<\/td>\n<\/tr>\n<tr>\n<td>       and #61607; puerto de carga: usb c<\/td>\n<\/tr>\n<tr>\n<td>       and #61607; bateria: 1050 mah<\/td>\n<\/tr>\n<tr>\n<td>       and #61607; tiempo de carga: 2 horas<\/td>\n<\/tr>\n<tr>\n<td>       and #61607; duracion de bateria: 30 horas<\/td>\n<\/tr>\n<tr>\n<td>       and #61607; voltaje: 5 v and #9107; 1 a<\/td>\n<\/tr>\n<\/table>\n","protected":false},"excerpt":{"rendered":"<p>Sonido envolvente. 7.1 para gamers. Sum\u00e9rgete en cada partida con la potencia del sonido. Envolvente 7.1. Estos aud\u00edfonos capturan cada detalle. Del juego, brindando una experiencia inmersiva para. Que no te pierdas ni un paso en el campo de batalla. Comodidad total. Para largas batallas. Las almohadillas de cuero proteico con. Esponja moldeable se adaptan. Perfectamente, reduciendo la presi\u00f3n y. Maximizando la comodidad en cada sesi\u00f3n. De juego prolongada, para que te. Concentres en ganar. Carga r\u00e1pida y eficiente. Gracias a su puerto usb-c, estos aud\u00edfonos se cargan. Completamente en solo 2 horas. Preparados para. Adaptarse a tu rutina gamer, te acompa\u00f1an en largas. Sesiones con una carga r\u00e1pida y efectiva. Iluminaci\u00f3n rgb con estilo. Destaca en cada partida con la iluminaci\u00f3n rgb personalizable, dise\u00f1ada para. Reflejar tu estilo. Dale un toque de color a tu setup y convierte cada partida en. Una experiencia visual \u00fanica. Bater\u00eda extrema de 30 horas. Juega sin preocupaciones con su bater\u00eda de hasta 30 horas. De duraci\u00f3n. Perfecta para largas jornadas, solo una carga. De 2 horas te mantiene conectado y en el juego por. Mucho m\u00e1s tiempo. Conexi\u00f3n inal\u00e1mbrica. Estable y r\u00e1pida. Con tecnolog\u00eda bluetooth 5.3 y conexi\u00f3n de 2.4 mhz disfruta. De libertad total en tus partidas con la versatilidad del dongle. Usb y puerto usb-c, disfruta de un audio sin interrupciones. Compatible con pc, dispositivos m\u00f3viles y consolas, este. Equipo ofrece una conectividad superior para que vivas el. Juego sin cables. Micr\u00f3fono desmontable y preciso. Comun\u00edcate sin interferencias gracias al micr\u00f3fono. Omnidireccional desmontable. Su dise\u00f1o captura cada. Palabra con claridad, ideal para organizar estrategias con. Tu equipo o disfrutar de audio en solitario. Tapas intercambiables. Con sus tapas intercambiables, crea el estilo que vaya con. Tu personalidad.<\/p>\n","protected":false},"featured_media":260889,"comment_status":"open","ping_status":"open","template":"","meta":[],"product_cat":[1552,1822],"product_tag":[2097],"acf":[],"yoast_head":"<!-- This site is optimized with the Yoast SEO plugin v21.7 - https:\/\/yoast.com\/wordpress\/plugins\/seo\/ -->\n<title>[ Balam Rush ] &#129351; Br-938518 Audifonos Gamer Aeon Expert Hs1100 \/ Diadema Inalambricos \/ Bt 5.3 - Dongle Usb - Aux 3.5 Mm \/ Pc - Disp Moviles - Consolas \/ Microfono Omnidireccional \/ Rgb \/ 20 - 20 Khz \/ Blanco \/<\/title>\n<meta name=\"description\" content=\"Compra Br-938518 Audifonos Gamer Aeon Expert Hs1100 \/ Diadema Inalambricos \/ Bt 5.3 - Dongle Usb - Aux 3.5 Mm \/ Pc - Disp Moviles - Consolas \/ Microfono Omnidireccional \/ Rgb \/ 20 - 20 Khz \/ Blanco \/ + Env\u00edo a domicilio + Pago seguro + Garant\u00eda\" \/>\n<meta name=\"robots\" content=\"index, follow, max-snippet:-1, max-image-preview:large, max-video-preview:-1\" \/>\n<link rel=\"canonical\" href=\"https:\/\/compuviper.mx\/tienda\/producto\/balam-rush-br-938518-audifonos-gamer-aeon-expert-hs1100-diadema-inalambricos-bt-5-3-dongle-usb-aux-3-5-mm-pc-disp-moviles-consolas-microfono-omnidireccional-rgb-20-20-khz-blanc\/\" \/>\n<meta property=\"og:locale\" content=\"es_MX\" \/>\n<meta property=\"og:type\" content=\"article\" \/>\n<meta property=\"og:title\" content=\"[ Balam Rush ] &#129351; Br-938518 Audifonos Gamer Aeon Expert Hs1100 \/ Diadema Inalambricos \/ Bt 5.3 - Dongle Usb - Aux 3.5 Mm \/ Pc - Disp Moviles - Consolas \/ Microfono Omnidireccional \/ Rgb \/ 20 - 20 Khz \/ Blanco \/\" \/>\n<meta property=\"og:description\" content=\"Compra Br-938518 Audifonos Gamer Aeon Expert Hs1100 \/ Diadema Inalambricos \/ Bt 5.3 - Dongle Usb - Aux 3.5 Mm \/ Pc - Disp Moviles - Consolas \/ Microfono Omnidireccional \/ Rgb \/ 20 - 20 Khz \/ Blanco \/ + Env\u00edo a domicilio + Pago seguro + Garant\u00eda\" \/>\n<meta property=\"og:url\" content=\"https:\/\/compuviper.mx\/tienda\/producto\/balam-rush-br-938518-audifonos-gamer-aeon-expert-hs1100-diadema-inalambricos-bt-5-3-dongle-usb-aux-3-5-mm-pc-disp-moviles-consolas-microfono-omnidireccional-rgb-20-20-khz-blanc\/\" \/>\n<meta property=\"og:site_name\" content=\"Compuviper\" \/>\n<meta property=\"article:publisher\" content=\"https:\/\/www.facebook.com\/compuviper\" \/>\n<meta property=\"og:image\" content=\"https:\/\/compuviper.mx\/tienda\/wp-content\/uploads\/2025\/10\/Audifonos-gamer-aeon-expert-hs1100-diadema-inalambricos-bt-5.3-dongle-usb-aux-3.5-mm-pc-disp-moviles-consolas-microfono-omnidireccional-rgb-20-20-khz-blanco-br-938518.jpg\" \/>\n\t<meta property=\"og:image:width\" content=\"200\" \/>\n\t<meta property=\"og:image:height\" content=\"200\" \/>\n\t<meta property=\"og:image:type\" content=\"image\/jpeg\" \/>\n<meta name=\"twitter:card\" content=\"summary_large_image\" \/>\n<meta name=\"twitter:label1\" content=\"Precio\" \/>\n\t<meta name=\"twitter:data1\" content=\"&#36;1,233 &#36;986 con IVA\" \/>\n\t<meta name=\"twitter:label2\" content=\"Availability\" \/>\n\t<meta name=\"twitter:data2\" content=\"In stock\" \/>\n<script type=\"application\/ld+json\" class=\"yoast-schema-graph\">{\"@context\":\"https:\/\/schema.org\",\"@graph\":[{\"@type\":\"WebPage\",\"@id\":\"https:\/\/compuviper.mx\/tienda\/producto\/balam-rush-br-938518-audifonos-gamer-aeon-expert-hs1100-diadema-inalambricos-bt-5-3-dongle-usb-aux-3-5-mm-pc-disp-moviles-consolas-microfono-omnidireccional-rgb-20-20-khz-blanc\/\",\"url\":\"https:\/\/compuviper.mx\/tienda\/producto\/balam-rush-br-938518-audifonos-gamer-aeon-expert-hs1100-diadema-inalambricos-bt-5-3-dongle-usb-aux-3-5-mm-pc-disp-moviles-consolas-microfono-omnidireccional-rgb-20-20-khz-blanc\/\",\"name\":\"[ Balam Rush ] &#129351; Br-938518 Audifonos Gamer Aeon Expert Hs1100 \/ Diadema Inalambricos \/ Bt 5.3 - Dongle Usb - Aux 3.5 Mm \/ Pc - Disp Moviles - Consolas \/ Microfono Omnidireccional \/ Rgb \/ 20 - 20 Khz \/ Blanco \/\",\"isPartOf\":{\"@id\":\"https:\/\/compuviper.mx\/tienda\/#website\"},\"datePublished\":\"2026-04-02T08:07:11+00:00\",\"dateModified\":\"2026-04-02T08:07:11+00:00\",\"description\":\"Compra Br-938518 Audifonos Gamer Aeon Expert Hs1100 \/ Diadema Inalambricos \/ Bt 5.3 - Dongle Usb - Aux 3.5 Mm \/ Pc - Disp Moviles - Consolas \/ Microfono Omnidireccional \/ Rgb \/ 20 - 20 Khz \/ Blanco \/ + Env\u00edo a domicilio + Pago seguro + Garant\u00eda\",\"breadcrumb\":{\"@id\":\"https:\/\/compuviper.mx\/tienda\/producto\/balam-rush-br-938518-audifonos-gamer-aeon-expert-hs1100-diadema-inalambricos-bt-5-3-dongle-usb-aux-3-5-mm-pc-disp-moviles-consolas-microfono-omnidireccional-rgb-20-20-khz-blanc\/#breadcrumb\"},\"inLanguage\":\"es-MX\",\"potentialAction\":[{\"@type\":\"ReadAction\",\"target\":[\"https:\/\/compuviper.mx\/tienda\/producto\/balam-rush-br-938518-audifonos-gamer-aeon-expert-hs1100-diadema-inalambricos-bt-5-3-dongle-usb-aux-3-5-mm-pc-disp-moviles-consolas-microfono-omnidireccional-rgb-20-20-khz-blanc\/\"]}]},{\"@type\":\"BreadcrumbList\",\"@id\":\"https:\/\/compuviper.mx\/tienda\/producto\/balam-rush-br-938518-audifonos-gamer-aeon-expert-hs1100-diadema-inalambricos-bt-5-3-dongle-usb-aux-3-5-mm-pc-disp-moviles-consolas-microfono-omnidireccional-rgb-20-20-khz-blanc\/#breadcrumb\",\"itemListElement\":[{\"@type\":\"ListItem\",\"position\":1,\"name\":\"Inicio\",\"item\":\"https:\/\/compuviper.mx\/tienda\/\"},{\"@type\":\"ListItem\",\"position\":2,\"name\":\"Productos\",\"item\":\"https:\/\/compuviper.mx\/tienda\/productos\/\"},{\"@type\":\"ListItem\",\"position\":3,\"name\":\"Audifonos Y Micro\",\"item\":\"https:\/\/compuviper.mx\/tienda\/categoria-producto\/audifonos-y-micro\/\"},{\"@type\":\"ListItem\",\"position\":4,\"name\":\"Gamers\",\"item\":\"https:\/\/compuviper.mx\/tienda\/categoria-producto\/audifonos-y-micro\/gamers-audifonos-y-micro\/\"},{\"@type\":\"ListItem\",\"position\":5,\"name\":\"Balam Rush Br-938518 Audifonos Gamer Aeon Expert Hs1100 \/ Diadema Inalambricos \/ Bt 5.3 &#8211; Dongle Usb &#8211; Aux 3.5 Mm \/ Pc &#8211; Disp Moviles &#8211; Consolas \/ Microfono Omnidireccional \/ Rgb \/ 20 &#8211; 20 Khz \/ Blanco \/\"}]},{\"@type\":\"WebSite\",\"@id\":\"https:\/\/compuviper.mx\/tienda\/#website\",\"url\":\"https:\/\/compuviper.mx\/tienda\/\",\"name\":\"Compuviper\",\"description\":\"Proveedor de Computadoras, Laptops, Servidores, Monitores, Puntos de Venta, Teclados,   Impresoras, T\u00f3ner, C\u00e1maras de Seguridad y m\u00e1s en tu tienda en l\u00ednea\",\"publisher\":{\"@id\":\"https:\/\/compuviper.mx\/tienda\/#organization\"},\"potentialAction\":[{\"@type\":\"SearchAction\",\"target\":{\"@type\":\"EntryPoint\",\"urlTemplate\":\"https:\/\/compuviper.mx\/tienda\/?s={search_term_string}\"},\"query-input\":\"required name=search_term_string\"}],\"inLanguage\":\"es-MX\"},{\"@type\":\"Organization\",\"@id\":\"https:\/\/compuviper.mx\/tienda\/#organization\",\"name\":\"Compuviper\",\"url\":\"https:\/\/compuviper.mx\/tienda\/\",\"logo\":{\"@type\":\"ImageObject\",\"inLanguage\":\"es-MX\",\"@id\":\"https:\/\/compuviper.mx\/tienda\/#\/schema\/logo\/image\/\",\"url\":\"https:\/\/compuviper.mx\/tienda\/wp-content\/uploads\/2021\/08\/Logo-Compuviper-10.png\",\"contentUrl\":\"https:\/\/compuviper.mx\/tienda\/wp-content\/uploads\/2021\/08\/Logo-Compuviper-10.png\",\"width\":1000,\"height\":500,\"caption\":\"Compuviper\"},\"image\":{\"@id\":\"https:\/\/compuviper.mx\/tienda\/#\/schema\/logo\/image\/\"},\"sameAs\":[\"https:\/\/www.facebook.com\/compuviper\",\"https:\/\/www.youtube.com\/channel\/UCf73dERp9Y3cfOq7q8BhLjA?view_as=subscriber\"]}]}<\/script>\n<meta property=\"product:brand\" content=\"Balam Rush\" \/>\n<meta property=\"product:price:amount\" content=\"986\" \/>\n<meta property=\"product:price:currency\" content=\"MXN\" \/>\n<meta property=\"og:availability\" content=\"instock\" \/>\n<meta property=\"product:availability\" content=\"instock\" \/>\n<meta property=\"product:retailer_item_id\" content=\"BR-938518\" \/>\n<meta property=\"product:condition\" content=\"new\" \/>\n<!-- \/ Yoast SEO plugin. -->","yoast_head_json":{"title":"[ Balam Rush ] &#129351; Br-938518 Audifonos Gamer Aeon Expert Hs1100 \/ Diadema Inalambricos \/ Bt 5.3 - Dongle Usb - Aux 3.5 Mm \/ Pc - Disp Moviles - Consolas \/ Microfono Omnidireccional \/ Rgb \/ 20 - 20 Khz \/ Blanco \/","description":"Compra Br-938518 Audifonos Gamer Aeon Expert Hs1100 \/ Diadema Inalambricos \/ Bt 5.3 - Dongle Usb - Aux 3.5 Mm \/ Pc - Disp Moviles - Consolas \/ Microfono Omnidireccional \/ Rgb \/ 20 - 20 Khz \/ Blanco \/ + Env\u00edo a domicilio + Pago seguro + Garant\u00eda","robots":{"index":"index","follow":"follow","max-snippet":"max-snippet:-1","max-image-preview":"max-image-preview:large","max-video-preview":"max-video-preview:-1"},"canonical":"https:\/\/compuviper.mx\/tienda\/producto\/balam-rush-br-938518-audifonos-gamer-aeon-expert-hs1100-diadema-inalambricos-bt-5-3-dongle-usb-aux-3-5-mm-pc-disp-moviles-consolas-microfono-omnidireccional-rgb-20-20-khz-blanc\/","og_locale":"es_MX","og_type":"article","og_title":"[ Balam Rush ] &#129351; Br-938518 Audifonos Gamer Aeon Expert Hs1100 \/ Diadema Inalambricos \/ Bt 5.3 - Dongle Usb - Aux 3.5 Mm \/ Pc - Disp Moviles - Consolas \/ Microfono Omnidireccional \/ Rgb \/ 20 - 20 Khz \/ Blanco \/","og_description":"Compra Br-938518 Audifonos Gamer Aeon Expert Hs1100 \/ Diadema Inalambricos \/ Bt 5.3 - Dongle Usb - Aux 3.5 Mm \/ Pc - Disp Moviles - Consolas \/ Microfono Omnidireccional \/ Rgb \/ 20 - 20 Khz \/ Blanco \/ + Env\u00edo a domicilio + Pago seguro + Garant\u00eda","og_url":"https:\/\/compuviper.mx\/tienda\/producto\/balam-rush-br-938518-audifonos-gamer-aeon-expert-hs1100-diadema-inalambricos-bt-5-3-dongle-usb-aux-3-5-mm-pc-disp-moviles-consolas-microfono-omnidireccional-rgb-20-20-khz-blanc\/","og_site_name":"Compuviper","article_publisher":"https:\/\/www.facebook.com\/compuviper","og_image":[{"width":200,"height":200,"url":"https:\/\/compuviper.mx\/tienda\/wp-content\/uploads\/2025\/10\/Audifonos-gamer-aeon-expert-hs1100-diadema-inalambricos-bt-5.3-dongle-usb-aux-3.5-mm-pc-disp-moviles-consolas-microfono-omnidireccional-rgb-20-20-khz-blanco-br-938518.jpg","type":"image\/jpeg"}],"twitter_card":"summary_large_image","twitter_misc":{"Precio":"&#36;1,233 &#36;986 con IVA","Availability":"In stock"},"schema":{"@context":"https:\/\/schema.org","@graph":[{"@type":"WebPage","@id":"https:\/\/compuviper.mx\/tienda\/producto\/balam-rush-br-938518-audifonos-gamer-aeon-expert-hs1100-diadema-inalambricos-bt-5-3-dongle-usb-aux-3-5-mm-pc-disp-moviles-consolas-microfono-omnidireccional-rgb-20-20-khz-blanc\/","url":"https:\/\/compuviper.mx\/tienda\/producto\/balam-rush-br-938518-audifonos-gamer-aeon-expert-hs1100-diadema-inalambricos-bt-5-3-dongle-usb-aux-3-5-mm-pc-disp-moviles-consolas-microfono-omnidireccional-rgb-20-20-khz-blanc\/","name":"[ Balam Rush ] &#129351; Br-938518 Audifonos Gamer Aeon Expert Hs1100 \/ Diadema Inalambricos \/ Bt 5.3 - Dongle Usb - Aux 3.5 Mm \/ Pc - Disp Moviles - Consolas \/ Microfono Omnidireccional \/ Rgb \/ 20 - 20 Khz \/ Blanco \/","isPartOf":{"@id":"https:\/\/compuviper.mx\/tienda\/#website"},"datePublished":"2026-04-02T08:07:11+00:00","dateModified":"2026-04-02T08:07:11+00:00","description":"Compra Br-938518 Audifonos Gamer Aeon Expert Hs1100 \/ Diadema Inalambricos \/ Bt 5.3 - Dongle Usb - Aux 3.5 Mm \/ Pc - Disp Moviles - Consolas \/ Microfono Omnidireccional \/ Rgb \/ 20 - 20 Khz \/ Blanco \/ + Env\u00edo a domicilio + Pago seguro + Garant\u00eda","breadcrumb":{"@id":"https:\/\/compuviper.mx\/tienda\/producto\/balam-rush-br-938518-audifonos-gamer-aeon-expert-hs1100-diadema-inalambricos-bt-5-3-dongle-usb-aux-3-5-mm-pc-disp-moviles-consolas-microfono-omnidireccional-rgb-20-20-khz-blanc\/#breadcrumb"},"inLanguage":"es-MX","potentialAction":[{"@type":"ReadAction","target":["https:\/\/compuviper.mx\/tienda\/producto\/balam-rush-br-938518-audifonos-gamer-aeon-expert-hs1100-diadema-inalambricos-bt-5-3-dongle-usb-aux-3-5-mm-pc-disp-moviles-consolas-microfono-omnidireccional-rgb-20-20-khz-blanc\/"]}]},{"@type":"BreadcrumbList","@id":"https:\/\/compuviper.mx\/tienda\/producto\/balam-rush-br-938518-audifonos-gamer-aeon-expert-hs1100-diadema-inalambricos-bt-5-3-dongle-usb-aux-3-5-mm-pc-disp-moviles-consolas-microfono-omnidireccional-rgb-20-20-khz-blanc\/#breadcrumb","itemListElement":[{"@type":"ListItem","position":1,"name":"Inicio","item":"https:\/\/compuviper.mx\/tienda\/"},{"@type":"ListItem","position":2,"name":"Productos","item":"https:\/\/compuviper.mx\/tienda\/productos\/"},{"@type":"ListItem","position":3,"name":"Audifonos Y Micro","item":"https:\/\/compuviper.mx\/tienda\/categoria-producto\/audifonos-y-micro\/"},{"@type":"ListItem","position":4,"name":"Gamers","item":"https:\/\/compuviper.mx\/tienda\/categoria-producto\/audifonos-y-micro\/gamers-audifonos-y-micro\/"},{"@type":"ListItem","position":5,"name":"Balam Rush Br-938518 Audifonos Gamer Aeon Expert Hs1100 \/ Diadema Inalambricos \/ Bt 5.3 &#8211; Dongle Usb &#8211; Aux 3.5 Mm \/ Pc &#8211; Disp Moviles &#8211; Consolas \/ Microfono Omnidireccional \/ Rgb \/ 20 &#8211; 20 Khz \/ Blanco \/"}]},{"@type":"WebSite","@id":"https:\/\/compuviper.mx\/tienda\/#website","url":"https:\/\/compuviper.mx\/tienda\/","name":"Compuviper","description":"Proveedor de Computadoras, Laptops, Servidores, Monitores, Puntos de Venta, Teclados,   Impresoras, T\u00f3ner, C\u00e1maras de Seguridad y m\u00e1s en tu tienda en l\u00ednea","publisher":{"@id":"https:\/\/compuviper.mx\/tienda\/#organization"},"potentialAction":[{"@type":"SearchAction","target":{"@type":"EntryPoint","urlTemplate":"https:\/\/compuviper.mx\/tienda\/?s={search_term_string}"},"query-input":"required name=search_term_string"}],"inLanguage":"es-MX"},{"@type":"Organization","@id":"https:\/\/compuviper.mx\/tienda\/#organization","name":"Compuviper","url":"https:\/\/compuviper.mx\/tienda\/","logo":{"@type":"ImageObject","inLanguage":"es-MX","@id":"https:\/\/compuviper.mx\/tienda\/#\/schema\/logo\/image\/","url":"https:\/\/compuviper.mx\/tienda\/wp-content\/uploads\/2021\/08\/Logo-Compuviper-10.png","contentUrl":"https:\/\/compuviper.mx\/tienda\/wp-content\/uploads\/2021\/08\/Logo-Compuviper-10.png","width":1000,"height":500,"caption":"Compuviper"},"image":{"@id":"https:\/\/compuviper.mx\/tienda\/#\/schema\/logo\/image\/"},"sameAs":["https:\/\/www.facebook.com\/compuviper","https:\/\/www.youtube.com\/channel\/UCf73dERp9Y3cfOq7q8BhLjA?view_as=subscriber"]}]},"product_brand":"Balam Rush","product_price_amount":"986","product_price_currency":"MXN","og_availability":"instock","product_availability":"instock","product_retailer_item_id":"BR-938518","product_condition":"new"},"_links":{"self":[{"href":"https:\/\/compuviper.mx\/tienda\/wp-json\/wp\/v2\/product\/250632"}],"collection":[{"href":"https:\/\/compuviper.mx\/tienda\/wp-json\/wp\/v2\/product"}],"about":[{"href":"https:\/\/compuviper.mx\/tienda\/wp-json\/wp\/v2\/types\/product"}],"replies":[{"embeddable":true,"href":"https:\/\/compuviper.mx\/tienda\/wp-json\/wp\/v2\/comments?post=250632"}],"wp:featuredmedia":[{"embeddable":true,"href":"https:\/\/compuviper.mx\/tienda\/wp-json\/wp\/v2\/media\/260889"}],"wp:attachment":[{"href":"https:\/\/compuviper.mx\/tienda\/wp-json\/wp\/v2\/media?parent=250632"}],"wp:term":[{"taxonomy":"product_cat","embeddable":true,"href":"https:\/\/compuviper.mx\/tienda\/wp-json\/wp\/v2\/product_cat?post=250632"},{"taxonomy":"product_tag","embeddable":true,"href":"https:\/\/compuviper.mx\/tienda\/wp-json\/wp\/v2\/product_tag?post=250632"}],"curies":[{"name":"wp","href":"https:\/\/api.w.org\/{rel}","templated":true}]}}