{"id":250618,"date":"2026-04-21T00:52:44","date_gmt":"2026-04-21T06:52:44","guid":{"rendered":"https:\/\/compuviper.mx\/tienda\/producto\/balam-rush-br-940375-teclado-gamer-level-pro-gk990-inalambrico-dongle-usb-bt-usb-c-espaol-win-mac-android-88-teclas-mecanico-iluminacion-rgb-5-dispositivos-recargable-blanco\/"},"modified":"2026-04-21T00:52:44","modified_gmt":"2026-04-21T06:52:44","slug":"balam-rush-br-940375-teclado-gamer-level-pro-gk990-inalambrico-dongle-usb-bt-usb-c-espaol-win-mac-android-88-teclas-mecanico-iluminacion-rgb-5-dispositivos-recargable-blanco","status":"publish","type":"product","link":"https:\/\/compuviper.mx\/tienda\/producto\/balam-rush-br-940375-teclado-gamer-level-pro-gk990-inalambrico-dongle-usb-bt-usb-c-espaol-win-mac-android-88-teclas-mecanico-iluminacion-rgb-5-dispositivos-recargable-blanco\/","title":{"rendered":"Balam Rush Br-940375 Teclado Gamer  Level Pro Gk990 \/ Inalambrico \/ Dongle Usb- Bt -usb C \/ Espa?ol \/ Win -mac -android \/ 88 Teclas \/ Mecanico \/ Iluminacion Rgb \/ 5 Dispositivos \/ Recargable \/blanco \/"},"content":{"rendered":"<table class=\"descripcion\">\n<tr>\n<td>Especificaciones<\/td>\n<\/tr>\n<tr>\n<td>\u0095 producto: teclado inalambrico<\/td>\n<\/tr>\n<tr>\n<td>\u0095 modelo: br-940375<\/td>\n<\/tr>\n<tr>\n<td>\u0095 materiales: estructura metalica + abs<\/td>\n<\/tr>\n<tr>\n<td>\u0095 dimensiones: 36.2 x 13.5 x 4 cm<\/td>\n<\/tr>\n<tr>\n<td>\u0095 peso: 930 g<\/td>\n<\/tr>\n<tr>\n<td>\u0095 compatibilidad: windows \/ mac \/ android<\/td>\n<\/tr>\n<tr>\n<td>\u0095 idioma: espa\u00f1ol<\/td>\n<\/tr>\n<tr>\n<td>\u0095 numero de teclas: 88<\/td>\n<\/tr>\n<tr>\n<td>\u0095 tipo de impresion: doble inyeccion<\/td>\n<\/tr>\n<tr>\n<td>\u0095 teclas multimedia: n\/a<\/td>\n<\/tr>\n<tr>\n<td>\u0095 teclas con funcion multimedia (fn): 12<\/td>\n<\/tr>\n<tr>\n<td>\u0095 tecnologia del teclado: mecanico<\/td>\n<\/tr>\n<tr>\n<td>\u0095 tipo de switch: red switch outemu<\/td>\n<\/tr>\n<tr>\n<td>\u0095 frecuencia de respuesta<\/td>\n<\/tr>\n<tr>\n<td>       and #61607; alambrica: 1000 hz<\/td>\n<\/tr>\n<tr>\n<td>       and #61607; inalambrica: dongle 1000 hz  and  bluetooth 125 hz<\/td>\n<\/tr>\n<tr>\n<td>\u0095       anti-ghosting: si<\/td>\n<\/tr>\n<tr>\n<td>\u0095 alambrico<\/td>\n<\/tr>\n<tr>\n<td>       and #61607; conector: usb c- usb a<\/td>\n<\/tr>\n<tr>\n<td>       and #61607; cable: 1.8 m de fibra trenzada<\/td>\n<\/tr>\n<tr>\n<td>\u0095 inalambrico<\/td>\n<\/tr>\n<tr>\n<td>       and #61607; conexion: 2.4 ghz + bluetooth 5.0<\/td>\n<\/tr>\n<tr>\n<td>       and #61607; distancia max: 10 m<\/td>\n<\/tr>\n<tr>\n<td>       and #61607; no. de dispositivos: 5 dispositivos<\/td>\n<\/tr>\n<tr>\n<td>\u0095 iluminacion<\/td>\n<\/tr>\n<tr>\n<td>       and #61607; tipo: rgb<\/td>\n<\/tr>\n<tr>\n<td>       and #61607; modos: 18 modos y 5 niveles de velocidad<\/td>\n<\/tr>\n<tr>\n<td>\u0095 alimentacion<\/td>\n<\/tr>\n<tr>\n<td>       and #61607; bateria: recargable litio 5 v and #9107; 2000 mah<\/td>\n<\/tr>\n<tr>\n<td>       and #61607; carga: 3 horas<\/td>\n<\/tr>\n<tr>\n<td>       and #61607; duracion: 20 horas con iluminacion \/ 200 sin iluminacion<\/td>\n<\/tr>\n<\/table>\n","protected":false},"excerpt":{"rendered":"<p>Dise\u00f1o duradero y premium. Fabricado en abs con estructura met\u00e1lica y pintura electroest\u00e1tica premium, este. Teclado es resistente y dise\u00f1ado para sesiones de juego intensas. Interruptores mec\u00e1nicos outemu red. Equipado con switches outemu red, este teclado asegura respuesta r\u00e1pida y. Durabilidad con 50 millones de clics. Perfecto para jugadores que buscan precisi\u00f3n. En cada movimiento. Larga duraci\u00f3n de bater\u00eda. Con 2000 mah de capacidad, disfruta de hasta 20 horas. De uso con iluminaci\u00f3n y hasta 200 horas sin luces. Asegurando rendimiento de alto nivel en cada partida. Iluminaci\u00f3n rgb personalizable. Con 18 modos de luz y 5 niveles de velocidad, ilumina. Tu espacio y elige la combinaci\u00f3n que m\u00e1s te inspire. Ajustando el teclado a tu estilo. Conectividad inal\u00e1mbrica avanzada. Con\u00e9ctate a trav\u00e9s de 2.4 mhz o bluetooth 5.0 para. Disfrutar de libertad sin cables y m\u00e1xima respuesta en. Cada jugada. Compatible con windows, mac y android. Frecuencia de respuesta superior. Con una frecuencia de respuesta de 1000 hz, ofrece una. Experiencia de juego fluida, captando cada comando con. Rapidez y precisi\u00f3n en conexi\u00f3n inal\u00e1mbrica y al\u00e1mbrica. Emparejamiento multi-dispositivo. Alterna sin esfuerzo entre hasta 5 dispositivos. Este. Teclado facilita la transici\u00f3n entre tareas, ideal para. Multitarea o configuraciones gaming.<\/p>\n","protected":false},"featured_media":259766,"comment_status":"open","ping_status":"open","template":"","meta":[],"product_cat":[1718,1713],"product_tag":[2097],"acf":[],"yoast_head":"<!-- This site is optimized with the Yoast SEO plugin v21.7 - https:\/\/yoast.com\/wordpress\/plugins\/seo\/ -->\n<title>[ Balam Rush ] &#129351; Br-940375 Teclado Gamer Level Pro Gk990 \/ Inalambrico \/ Dongle Usb- Bt -usb C \/ Espa\u00f1ol \/ Win -mac -android \/ 88 Teclas \/ Mecanico \/ Iluminacion Rgb \/ 5 Dispositivos \/ Recargable \/blanco \/<\/title>\n<meta name=\"description\" content=\"Compra Br-940375 Teclado Gamer Level Pro Gk990 \/ Inalambrico \/ Dongle Usb- Bt -usb C \/ Espa\u00f1ol \/ Win -mac -android \/ 88 Teclas \/ Mecanico \/ Iluminacion Rgb \/ 5 Dispositivos \/ Recargable \/blanco \/ + Env\u00edo a domicilio + Pago seguro + Garant\u00eda\" \/>\n<meta name=\"robots\" content=\"index, follow, max-snippet:-1, max-image-preview:large, max-video-preview:-1\" \/>\n<link rel=\"canonical\" href=\"https:\/\/compuviper.mx\/tienda\/producto\/balam-rush-br-940375-teclado-gamer-level-pro-gk990-inalambrico-dongle-usb-bt-usb-c-espaol-win-mac-android-88-teclas-mecanico-iluminacion-rgb-5-dispositivos-recargable-blanco\/\" \/>\n<meta property=\"og:locale\" content=\"es_MX\" \/>\n<meta property=\"og:type\" content=\"article\" \/>\n<meta property=\"og:title\" content=\"[ Balam Rush ] &#129351; Br-940375 Teclado Gamer Level Pro Gk990 \/ Inalambrico \/ Dongle Usb- Bt -usb C \/ Espa\u00f1ol \/ Win -mac -android \/ 88 Teclas \/ Mecanico \/ Iluminacion Rgb \/ 5 Dispositivos \/ Recargable \/blanco \/\" \/>\n<meta property=\"og:description\" content=\"Compra Br-940375 Teclado Gamer Level Pro Gk990 \/ Inalambrico \/ Dongle Usb- Bt -usb C \/ Espa\u00f1ol \/ Win -mac -android \/ 88 Teclas \/ Mecanico \/ Iluminacion Rgb \/ 5 Dispositivos \/ Recargable \/blanco \/ + Env\u00edo a domicilio + Pago seguro + Garant\u00eda\" \/>\n<meta property=\"og:url\" content=\"https:\/\/compuviper.mx\/tienda\/producto\/balam-rush-br-940375-teclado-gamer-level-pro-gk990-inalambrico-dongle-usb-bt-usb-c-espaol-win-mac-android-88-teclas-mecanico-iluminacion-rgb-5-dispositivos-recargable-blanco\/\" \/>\n<meta property=\"og:site_name\" content=\"Compuviper\" \/>\n<meta property=\"article:publisher\" content=\"https:\/\/www.facebook.com\/compuviper\" \/>\n<meta property=\"og:image\" content=\"https:\/\/compuviper.mx\/tienda\/wp-content\/uploads\/2025\/10\/Teclado-gamer-balam-rush-level-pro-gk990-inalambrico-dongle-usb-bt-usb-c-espanol-win-mac-android-88-teclas-mecanico-iluminacion-rgb-5-dispositivos-recargable-blanco-br-940375.jpg\" \/>\n\t<meta property=\"og:image:width\" content=\"200\" \/>\n\t<meta property=\"og:image:height\" content=\"200\" \/>\n\t<meta property=\"og:image:type\" content=\"image\/jpeg\" \/>\n<meta name=\"twitter:card\" content=\"summary_large_image\" \/>\n<meta name=\"twitter:label1\" content=\"Precio\" \/>\n\t<meta name=\"twitter:data1\" content=\"&#36;967 &#36;754 con IVA\" \/>\n\t<meta name=\"twitter:label2\" content=\"Availability\" \/>\n\t<meta name=\"twitter:data2\" content=\"Out of stock\" \/>\n<script type=\"application\/ld+json\" class=\"yoast-schema-graph\">{\"@context\":\"https:\/\/schema.org\",\"@graph\":[{\"@type\":\"WebPage\",\"@id\":\"https:\/\/compuviper.mx\/tienda\/producto\/balam-rush-br-940375-teclado-gamer-level-pro-gk990-inalambrico-dongle-usb-bt-usb-c-espaol-win-mac-android-88-teclas-mecanico-iluminacion-rgb-5-dispositivos-recargable-blanco\/\",\"url\":\"https:\/\/compuviper.mx\/tienda\/producto\/balam-rush-br-940375-teclado-gamer-level-pro-gk990-inalambrico-dongle-usb-bt-usb-c-espaol-win-mac-android-88-teclas-mecanico-iluminacion-rgb-5-dispositivos-recargable-blanco\/\",\"name\":\"[ Balam Rush ] &#129351; Br-940375 Teclado Gamer Level Pro Gk990 \/ Inalambrico \/ Dongle Usb- Bt -usb C \/ Espa\u00f1ol \/ Win -mac -android \/ 88 Teclas \/ Mecanico \/ Iluminacion Rgb \/ 5 Dispositivos \/ Recargable \/blanco \/\",\"isPartOf\":{\"@id\":\"https:\/\/compuviper.mx\/tienda\/#website\"},\"datePublished\":\"2026-04-21T06:52:44+00:00\",\"dateModified\":\"2026-04-21T06:52:44+00:00\",\"description\":\"Compra Br-940375 Teclado Gamer Level Pro Gk990 \/ Inalambrico \/ Dongle Usb- Bt -usb C \/ Espa\u00f1ol \/ Win -mac -android \/ 88 Teclas \/ Mecanico \/ Iluminacion Rgb \/ 5 Dispositivos \/ Recargable \/blanco \/ + Env\u00edo a domicilio + Pago seguro + Garant\u00eda\",\"breadcrumb\":{\"@id\":\"https:\/\/compuviper.mx\/tienda\/producto\/balam-rush-br-940375-teclado-gamer-level-pro-gk990-inalambrico-dongle-usb-bt-usb-c-espaol-win-mac-android-88-teclas-mecanico-iluminacion-rgb-5-dispositivos-recargable-blanco\/#breadcrumb\"},\"inLanguage\":\"es-MX\",\"potentialAction\":[{\"@type\":\"ReadAction\",\"target\":[\"https:\/\/compuviper.mx\/tienda\/producto\/balam-rush-br-940375-teclado-gamer-level-pro-gk990-inalambrico-dongle-usb-bt-usb-c-espaol-win-mac-android-88-teclas-mecanico-iluminacion-rgb-5-dispositivos-recargable-blanco\/\"]}]},{\"@type\":\"BreadcrumbList\",\"@id\":\"https:\/\/compuviper.mx\/tienda\/producto\/balam-rush-br-940375-teclado-gamer-level-pro-gk990-inalambrico-dongle-usb-bt-usb-c-espaol-win-mac-android-88-teclas-mecanico-iluminacion-rgb-5-dispositivos-recargable-blanco\/#breadcrumb\",\"itemListElement\":[{\"@type\":\"ListItem\",\"position\":1,\"name\":\"Inicio\",\"item\":\"https:\/\/compuviper.mx\/tienda\/\"},{\"@type\":\"ListItem\",\"position\":2,\"name\":\"Productos\",\"item\":\"https:\/\/compuviper.mx\/tienda\/productos\/\"},{\"@type\":\"ListItem\",\"position\":3,\"name\":\"Teclados\",\"item\":\"https:\/\/compuviper.mx\/tienda\/categoria-producto\/teclados\/\"},{\"@type\":\"ListItem\",\"position\":4,\"name\":\"Gamers\",\"item\":\"https:\/\/compuviper.mx\/tienda\/categoria-producto\/teclados\/gamers\/\"},{\"@type\":\"ListItem\",\"position\":5,\"name\":\"Balam Rush Br-940375 Teclado Gamer Level Pro Gk990 \/ Inalambrico \/ Dongle Usb- Bt -usb C \/ Espa?ol \/ Win -mac -android \/ 88 Teclas \/ Mecanico \/ Iluminacion Rgb \/ 5 Dispositivos \/ Recargable \/blanco \/\"}]},{\"@type\":\"WebSite\",\"@id\":\"https:\/\/compuviper.mx\/tienda\/#website\",\"url\":\"https:\/\/compuviper.mx\/tienda\/\",\"name\":\"Compuviper\",\"description\":\"Proveedor de Computadoras, Laptops, Servidores, Monitores, Puntos de Venta, Teclados,   Impresoras, T\u00f3ner, C\u00e1maras de Seguridad y m\u00e1s en tu tienda en l\u00ednea\",\"publisher\":{\"@id\":\"https:\/\/compuviper.mx\/tienda\/#organization\"},\"potentialAction\":[{\"@type\":\"SearchAction\",\"target\":{\"@type\":\"EntryPoint\",\"urlTemplate\":\"https:\/\/compuviper.mx\/tienda\/?s={search_term_string}\"},\"query-input\":\"required name=search_term_string\"}],\"inLanguage\":\"es-MX\"},{\"@type\":\"Organization\",\"@id\":\"https:\/\/compuviper.mx\/tienda\/#organization\",\"name\":\"Compuviper\",\"url\":\"https:\/\/compuviper.mx\/tienda\/\",\"logo\":{\"@type\":\"ImageObject\",\"inLanguage\":\"es-MX\",\"@id\":\"https:\/\/compuviper.mx\/tienda\/#\/schema\/logo\/image\/\",\"url\":\"https:\/\/compuviper.mx\/tienda\/wp-content\/uploads\/2021\/08\/Logo-Compuviper-10.png\",\"contentUrl\":\"https:\/\/compuviper.mx\/tienda\/wp-content\/uploads\/2021\/08\/Logo-Compuviper-10.png\",\"width\":1000,\"height\":500,\"caption\":\"Compuviper\"},\"image\":{\"@id\":\"https:\/\/compuviper.mx\/tienda\/#\/schema\/logo\/image\/\"},\"sameAs\":[\"https:\/\/www.facebook.com\/compuviper\",\"https:\/\/www.youtube.com\/channel\/UCf73dERp9Y3cfOq7q8BhLjA?view_as=subscriber\"]}]}<\/script>\n<meta property=\"product:brand\" content=\"Balam Rush\" \/>\n<meta property=\"product:price:amount\" content=\"754\" \/>\n<meta property=\"product:price:currency\" content=\"MXN\" \/>\n<meta property=\"og:availability\" content=\"out of stock\" \/>\n<meta property=\"product:availability\" content=\"out of stock\" \/>\n<meta property=\"product:retailer_item_id\" content=\"BR-940375\" \/>\n<meta property=\"product:condition\" content=\"new\" \/>\n<!-- \/ Yoast SEO plugin. -->","yoast_head_json":{"title":"[ Balam Rush ] &#129351; Br-940375 Teclado Gamer Level Pro Gk990 \/ Inalambrico \/ Dongle Usb- Bt -usb C \/ Espa\u00f1ol \/ Win -mac -android \/ 88 Teclas \/ Mecanico \/ Iluminacion Rgb \/ 5 Dispositivos \/ Recargable \/blanco \/","description":"Compra Br-940375 Teclado Gamer Level Pro Gk990 \/ Inalambrico \/ Dongle Usb- Bt -usb C \/ Espa\u00f1ol \/ Win -mac -android \/ 88 Teclas \/ Mecanico \/ Iluminacion Rgb \/ 5 Dispositivos \/ Recargable \/blanco \/ + Env\u00edo a domicilio + Pago seguro + Garant\u00eda","robots":{"index":"index","follow":"follow","max-snippet":"max-snippet:-1","max-image-preview":"max-image-preview:large","max-video-preview":"max-video-preview:-1"},"canonical":"https:\/\/compuviper.mx\/tienda\/producto\/balam-rush-br-940375-teclado-gamer-level-pro-gk990-inalambrico-dongle-usb-bt-usb-c-espaol-win-mac-android-88-teclas-mecanico-iluminacion-rgb-5-dispositivos-recargable-blanco\/","og_locale":"es_MX","og_type":"article","og_title":"[ Balam Rush ] &#129351; Br-940375 Teclado Gamer Level Pro Gk990 \/ Inalambrico \/ Dongle Usb- Bt -usb C \/ Espa\u00f1ol \/ Win -mac -android \/ 88 Teclas \/ Mecanico \/ Iluminacion Rgb \/ 5 Dispositivos \/ Recargable \/blanco \/","og_description":"Compra Br-940375 Teclado Gamer Level Pro Gk990 \/ Inalambrico \/ Dongle Usb- Bt -usb C \/ Espa\u00f1ol \/ Win -mac -android \/ 88 Teclas \/ Mecanico \/ Iluminacion Rgb \/ 5 Dispositivos \/ Recargable \/blanco \/ + Env\u00edo a domicilio + Pago seguro + Garant\u00eda","og_url":"https:\/\/compuviper.mx\/tienda\/producto\/balam-rush-br-940375-teclado-gamer-level-pro-gk990-inalambrico-dongle-usb-bt-usb-c-espaol-win-mac-android-88-teclas-mecanico-iluminacion-rgb-5-dispositivos-recargable-blanco\/","og_site_name":"Compuviper","article_publisher":"https:\/\/www.facebook.com\/compuviper","og_image":[{"width":200,"height":200,"url":"https:\/\/compuviper.mx\/tienda\/wp-content\/uploads\/2025\/10\/Teclado-gamer-balam-rush-level-pro-gk990-inalambrico-dongle-usb-bt-usb-c-espanol-win-mac-android-88-teclas-mecanico-iluminacion-rgb-5-dispositivos-recargable-blanco-br-940375.jpg","type":"image\/jpeg"}],"twitter_card":"summary_large_image","twitter_misc":{"Precio":"&#36;967 &#36;754 con IVA","Availability":"Out of stock"},"schema":{"@context":"https:\/\/schema.org","@graph":[{"@type":"WebPage","@id":"https:\/\/compuviper.mx\/tienda\/producto\/balam-rush-br-940375-teclado-gamer-level-pro-gk990-inalambrico-dongle-usb-bt-usb-c-espaol-win-mac-android-88-teclas-mecanico-iluminacion-rgb-5-dispositivos-recargable-blanco\/","url":"https:\/\/compuviper.mx\/tienda\/producto\/balam-rush-br-940375-teclado-gamer-level-pro-gk990-inalambrico-dongle-usb-bt-usb-c-espaol-win-mac-android-88-teclas-mecanico-iluminacion-rgb-5-dispositivos-recargable-blanco\/","name":"[ Balam Rush ] &#129351; Br-940375 Teclado Gamer Level Pro Gk990 \/ Inalambrico \/ Dongle Usb- Bt -usb C \/ Espa\u00f1ol \/ Win -mac -android \/ 88 Teclas \/ Mecanico \/ Iluminacion Rgb \/ 5 Dispositivos \/ Recargable \/blanco \/","isPartOf":{"@id":"https:\/\/compuviper.mx\/tienda\/#website"},"datePublished":"2026-04-21T06:52:44+00:00","dateModified":"2026-04-21T06:52:44+00:00","description":"Compra Br-940375 Teclado Gamer Level Pro Gk990 \/ Inalambrico \/ Dongle Usb- Bt -usb C \/ Espa\u00f1ol \/ Win -mac -android \/ 88 Teclas \/ Mecanico \/ Iluminacion Rgb \/ 5 Dispositivos \/ Recargable \/blanco \/ + Env\u00edo a domicilio + Pago seguro + Garant\u00eda","breadcrumb":{"@id":"https:\/\/compuviper.mx\/tienda\/producto\/balam-rush-br-940375-teclado-gamer-level-pro-gk990-inalambrico-dongle-usb-bt-usb-c-espaol-win-mac-android-88-teclas-mecanico-iluminacion-rgb-5-dispositivos-recargable-blanco\/#breadcrumb"},"inLanguage":"es-MX","potentialAction":[{"@type":"ReadAction","target":["https:\/\/compuviper.mx\/tienda\/producto\/balam-rush-br-940375-teclado-gamer-level-pro-gk990-inalambrico-dongle-usb-bt-usb-c-espaol-win-mac-android-88-teclas-mecanico-iluminacion-rgb-5-dispositivos-recargable-blanco\/"]}]},{"@type":"BreadcrumbList","@id":"https:\/\/compuviper.mx\/tienda\/producto\/balam-rush-br-940375-teclado-gamer-level-pro-gk990-inalambrico-dongle-usb-bt-usb-c-espaol-win-mac-android-88-teclas-mecanico-iluminacion-rgb-5-dispositivos-recargable-blanco\/#breadcrumb","itemListElement":[{"@type":"ListItem","position":1,"name":"Inicio","item":"https:\/\/compuviper.mx\/tienda\/"},{"@type":"ListItem","position":2,"name":"Productos","item":"https:\/\/compuviper.mx\/tienda\/productos\/"},{"@type":"ListItem","position":3,"name":"Teclados","item":"https:\/\/compuviper.mx\/tienda\/categoria-producto\/teclados\/"},{"@type":"ListItem","position":4,"name":"Gamers","item":"https:\/\/compuviper.mx\/tienda\/categoria-producto\/teclados\/gamers\/"},{"@type":"ListItem","position":5,"name":"Balam Rush Br-940375 Teclado Gamer Level Pro Gk990 \/ Inalambrico \/ Dongle Usb- Bt -usb C \/ Espa?ol \/ Win -mac -android \/ 88 Teclas \/ Mecanico \/ Iluminacion Rgb \/ 5 Dispositivos \/ Recargable \/blanco \/"}]},{"@type":"WebSite","@id":"https:\/\/compuviper.mx\/tienda\/#website","url":"https:\/\/compuviper.mx\/tienda\/","name":"Compuviper","description":"Proveedor de Computadoras, Laptops, Servidores, Monitores, Puntos de Venta, Teclados,   Impresoras, T\u00f3ner, C\u00e1maras de Seguridad y m\u00e1s en tu tienda en l\u00ednea","publisher":{"@id":"https:\/\/compuviper.mx\/tienda\/#organization"},"potentialAction":[{"@type":"SearchAction","target":{"@type":"EntryPoint","urlTemplate":"https:\/\/compuviper.mx\/tienda\/?s={search_term_string}"},"query-input":"required name=search_term_string"}],"inLanguage":"es-MX"},{"@type":"Organization","@id":"https:\/\/compuviper.mx\/tienda\/#organization","name":"Compuviper","url":"https:\/\/compuviper.mx\/tienda\/","logo":{"@type":"ImageObject","inLanguage":"es-MX","@id":"https:\/\/compuviper.mx\/tienda\/#\/schema\/logo\/image\/","url":"https:\/\/compuviper.mx\/tienda\/wp-content\/uploads\/2021\/08\/Logo-Compuviper-10.png","contentUrl":"https:\/\/compuviper.mx\/tienda\/wp-content\/uploads\/2021\/08\/Logo-Compuviper-10.png","width":1000,"height":500,"caption":"Compuviper"},"image":{"@id":"https:\/\/compuviper.mx\/tienda\/#\/schema\/logo\/image\/"},"sameAs":["https:\/\/www.facebook.com\/compuviper","https:\/\/www.youtube.com\/channel\/UCf73dERp9Y3cfOq7q8BhLjA?view_as=subscriber"]}]},"product_brand":"Balam Rush","product_price_amount":"754","product_price_currency":"MXN","og_availability":"out of stock","product_availability":"out of stock","product_retailer_item_id":"BR-940375","product_condition":"new"},"_links":{"self":[{"href":"https:\/\/compuviper.mx\/tienda\/wp-json\/wp\/v2\/product\/250618"}],"collection":[{"href":"https:\/\/compuviper.mx\/tienda\/wp-json\/wp\/v2\/product"}],"about":[{"href":"https:\/\/compuviper.mx\/tienda\/wp-json\/wp\/v2\/types\/product"}],"replies":[{"embeddable":true,"href":"https:\/\/compuviper.mx\/tienda\/wp-json\/wp\/v2\/comments?post=250618"}],"wp:featuredmedia":[{"embeddable":true,"href":"https:\/\/compuviper.mx\/tienda\/wp-json\/wp\/v2\/media\/259766"}],"wp:attachment":[{"href":"https:\/\/compuviper.mx\/tienda\/wp-json\/wp\/v2\/media?parent=250618"}],"wp:term":[{"taxonomy":"product_cat","embeddable":true,"href":"https:\/\/compuviper.mx\/tienda\/wp-json\/wp\/v2\/product_cat?post=250618"},{"taxonomy":"product_tag","embeddable":true,"href":"https:\/\/compuviper.mx\/tienda\/wp-json\/wp\/v2\/product_tag?post=250618"}],"curies":[{"name":"wp","href":"https:\/\/api.w.org\/{rel}","templated":true}]}}