{"id":250598,"date":"2026-04-07T23:15:36","date_gmt":"2026-04-08T05:15:36","guid":{"rendered":"https:\/\/compuviper.mx\/tienda\/producto\/balam-rush-br-940481-gamepad-gamer-kontrol-move-g626-game-pad-control-inalambrico-bt-5-0-p-celular-android-ios-rgb-recargable-turbo-vibracion-dual-joystick-anti-drift-blanco\/"},"modified":"2026-04-07T23:15:37","modified_gmt":"2026-04-08T05:15:37","slug":"balam-rush-br-9404817506215940481-gamepad-gamer-kontrol-move-g626-game-pad-control-inalambrico-bt-5-0-p-celular-android-ios-rgb-recargable-turbo-vibracion-dual-joystick-anti-dr","status":"publish","type":"product","link":"https:\/\/compuviper.mx\/tienda\/producto\/balam-rush-br-9404817506215940481-gamepad-gamer-kontrol-move-g626-game-pad-control-inalambrico-bt-5-0-p-celular-android-ios-rgb-recargable-turbo-vibracion-dual-joystick-anti-dr\/","title":{"rendered":"Balam Rush Br-940481,7506215940481 Gamepad Gamer  Kontrol Move G626 \/ Game Pad Control \/ Inalambrico -bt 5.0 \/ P- Celular \/ Android &#8211; Ios \/ Rgb \/ Recargable \/ Turbo &#8211; Vibracion Dual \/ Joystick Anti Drift \/ Blanco \/ Br-940481"},"content":{"rendered":"<table class=\"descripcion\">\n<tr>\n<td>Especificaciones del gamepad<\/td>\n<\/tr>\n<tr>\n<td>\u0095 modelo: br-940481<\/td>\n<\/tr>\n<tr>\n<td>\u0095 producto: gamepad para moviles<\/td>\n<\/tr>\n<tr>\n<td>\u0095 materiales: pc<\/td>\n<\/tr>\n<tr>\n<td>\u0095 dimensiones: 19 x 11 x 5 cm<\/td>\n<\/tr>\n<tr>\n<td>\u0095 peso: 250 g<\/td>\n<\/tr>\n<tr>\n<td>\u0095 compatibilidad: android \/ ios<\/td>\n<\/tr>\n<tr>\n<td>\u0095 conexion: inalambrica, bluetooth 5.0<\/td>\n<\/tr>\n<tr>\n<td>\u0095 rango de trabajo: 8 m<\/td>\n<\/tr>\n<tr>\n<td>\u0095 tiempo de carga: 2.5 horas<\/td>\n<\/tr>\n<tr>\n<td>\u0095 tiempo de trabajo: 8-11 horas aprox.<\/td>\n<\/tr>\n<tr>\n<td>\u0095 iluminacion: rgb<\/td>\n<\/tr>\n<tr>\n<td>\u0095 caracteristica electrica<\/td>\n<\/tr>\n<tr>\n<td>       and #61607; alimentacion: 5 v and #9107; 350 mah<\/td>\n<\/tr>\n<tr>\n<td>       and #61607; bateria: recargable litio<\/td>\n<\/tr>\n<tr>\n<td>\u0095 puerto de carga: tipo c<\/td>\n<\/tr>\n<tr>\n<td>\u0095 tama\u00f1o de cable: 98 cm<\/td>\n<\/tr>\n<tr>\n<td>\u0095 funciones adicionales<\/td>\n<\/tr>\n<tr>\n<td>       and #61607; funciones turbo<\/td>\n<\/tr>\n<tr>\n<td>       and #61607; botones mecanicos<\/td>\n<\/tr>\n<tr>\n<td>       and #61607; vibracion dual<\/td>\n<\/tr>\n<\/table>\n","protected":false},"excerpt":{"rendered":"<p>Control total vayas. Donde vayas. Este gamepad ajustable es. Compatible tanto con android. Como ios, lo que lo convierte en el. Aliado perfecto para jugadores. M\u00f3viles. Cambia de un dispositivo a. Otro f\u00e1cilmente y mant\u00e9n la misma. Precisi\u00f3n y control. Conexi\u00f3n. Inal\u00e1mbrica. Bluetooth 5.0. Deshazte de los cables con la. Conexi\u00f3n inal\u00e1mbrica bluetooth. 5.0. Disfruta de una experiencia. De juego estable y r\u00e1pida. Con un rango de hasta 8. Metros. Juega donde quieras. Cuando quieras. Botones mec\u00e1nicos. Para respuesta. Instant\u00e1nea. Disfruta de una respuesta r\u00e1pida. Y sin retrasos. Con la tecnolog\u00eda. Bluetooth, experimenta una. Conexi\u00f3n estable hasta 8. Metros de distancia, para una. Experiencia de juego sin. Interrupciones. Bater\u00eda de. Larga duraci\u00f3n. Con hasta 11 horas de uso. Continuo, este gamepad est?. Dise\u00f1ado para largas sesiones. De juego. Carga en solo 2.5. Horas y vuelve al campo de. Batalla r\u00e1pidamente. Asegurando que el juego. Nunca se detenga. Iluminaci\u00f3n rgb. Personalizable. A\u00f1ade un toque de estilo a tu. Experiencia de juego con la. Iluminaci\u00f3n rgb. Personaliza. Los colores a tu gusto y. Disfruta de una experiencia. Inmersiva tanto en estilo como. En jugabilidad. Joysticks. Anti-drift. Para m\u00e1xima. Precisi\u00f3n. A\u00f1ade un toque de estilo a tu. Experiencia de juego con la. Iluminaci\u00f3n rgb. Personaliza. Los colores a tu gusto y. Disfruta de una experiencia. Inmersiva tanto en estilo como. En jugabilidad.<\/p>\n","protected":false},"featured_media":258800,"comment_status":"open","ping_status":"open","template":"","meta":[],"product_cat":[1966,1738],"product_tag":[2097],"acf":[],"yoast_head":"<!-- This site is optimized with the Yoast SEO plugin v21.7 - https:\/\/yoast.com\/wordpress\/plugins\/seo\/ -->\n<title>[ Balam Rush ] &#129351; Br-940481,7506215940481 Gamepad Gamer Kontrol Move G626 \/ Game Pad Control \/ Inalambrico -bt 5.0 \/ P- Celular \/ Android - Ios \/ Rgb \/ Recargable \/ Turbo - Vibracion Dual \/ Joystick Anti Drift \/ Blanco \/ Br-940481<\/title>\n<meta name=\"description\" content=\"Compra Br-940481,7506215940481 Gamepad Gamer Kontrol Move G626 \/ Game Pad Control \/ Inalambrico -bt 5.0 \/ P- Celular \/ Android - Ios \/ Rgb \/ Recargable \/ Turbo - Vibracion Dual \/ Joystick Anti Drift \/ Blanco \/ Br-940481 + Env\u00edo a domicilio + Pago seguro + Garant\u00eda\" \/>\n<meta name=\"robots\" content=\"index, follow, max-snippet:-1, max-image-preview:large, max-video-preview:-1\" \/>\n<link rel=\"canonical\" href=\"https:\/\/compuviper.mx\/tienda\/producto\/balam-rush-br-9404817506215940481-gamepad-gamer-kontrol-move-g626-game-pad-control-inalambrico-bt-5-0-p-celular-android-ios-rgb-recargable-turbo-vibracion-dual-joystick-anti-dr\/\" \/>\n<meta property=\"og:locale\" content=\"es_MX\" \/>\n<meta property=\"og:type\" content=\"article\" \/>\n<meta property=\"og:title\" content=\"[ Balam Rush ] &#129351; Br-940481,7506215940481 Gamepad Gamer Kontrol Move G626 \/ Game Pad Control \/ Inalambrico -bt 5.0 \/ P- Celular \/ Android - Ios \/ Rgb \/ Recargable \/ Turbo - Vibracion Dual \/ Joystick Anti Drift \/ Blanco \/ Br-940481\" \/>\n<meta property=\"og:description\" content=\"Compra Br-940481,7506215940481 Gamepad Gamer Kontrol Move G626 \/ Game Pad Control \/ Inalambrico -bt 5.0 \/ P- Celular \/ Android - Ios \/ Rgb \/ Recargable \/ Turbo - Vibracion Dual \/ Joystick Anti Drift \/ Blanco \/ Br-940481 + Env\u00edo a domicilio + Pago seguro + Garant\u00eda\" \/>\n<meta property=\"og:url\" content=\"https:\/\/compuviper.mx\/tienda\/producto\/balam-rush-br-9404817506215940481-gamepad-gamer-kontrol-move-g626-game-pad-control-inalambrico-bt-5-0-p-celular-android-ios-rgb-recargable-turbo-vibracion-dual-joystick-anti-dr\/\" \/>\n<meta property=\"og:site_name\" content=\"Compuviper\" \/>\n<meta property=\"article:publisher\" content=\"https:\/\/www.facebook.com\/compuviper\" \/>\n<meta property=\"article:modified_time\" content=\"2026-04-08T05:15:37+00:00\" \/>\n<meta property=\"og:image\" content=\"https:\/\/compuviper.mx\/tienda\/wp-content\/uploads\/2025\/10\/Gamepad-gamer-balam-rush-kontrol-move-g626-game-pad-control-inalambrico-bt-5.0-p-celular-android-ios-rgb-recargable-turbo-vibracion-dual-joystick-anti-drift-blanco-br-940481.jpg\" \/>\n\t<meta property=\"og:image:width\" content=\"200\" \/>\n\t<meta property=\"og:image:height\" content=\"200\" \/>\n\t<meta property=\"og:image:type\" content=\"image\/jpeg\" \/>\n<meta name=\"twitter:card\" content=\"summary_large_image\" \/>\n<meta name=\"twitter:label1\" content=\"Precio\" \/>\n\t<meta name=\"twitter:data1\" content=\"&#36;521 &#36;365 con IVA\" \/>\n\t<meta name=\"twitter:label2\" content=\"Availability\" \/>\n\t<meta name=\"twitter:data2\" content=\"In stock\" \/>\n<script type=\"application\/ld+json\" class=\"yoast-schema-graph\">{\"@context\":\"https:\/\/schema.org\",\"@graph\":[{\"@type\":\"WebPage\",\"@id\":\"https:\/\/compuviper.mx\/tienda\/producto\/balam-rush-br-9404817506215940481-gamepad-gamer-kontrol-move-g626-game-pad-control-inalambrico-bt-5-0-p-celular-android-ios-rgb-recargable-turbo-vibracion-dual-joystick-anti-dr\/\",\"url\":\"https:\/\/compuviper.mx\/tienda\/producto\/balam-rush-br-9404817506215940481-gamepad-gamer-kontrol-move-g626-game-pad-control-inalambrico-bt-5-0-p-celular-android-ios-rgb-recargable-turbo-vibracion-dual-joystick-anti-dr\/\",\"name\":\"[ Balam Rush ] &#129351; Br-940481,7506215940481 Gamepad Gamer Kontrol Move G626 \/ Game Pad Control \/ Inalambrico -bt 5.0 \/ P- Celular \/ Android - Ios \/ Rgb \/ Recargable \/ Turbo - Vibracion Dual \/ Joystick Anti Drift \/ Blanco \/ Br-940481\",\"isPartOf\":{\"@id\":\"https:\/\/compuviper.mx\/tienda\/#website\"},\"datePublished\":\"2026-04-08T05:15:36+00:00\",\"dateModified\":\"2026-04-08T05:15:37+00:00\",\"description\":\"Compra Br-940481,7506215940481 Gamepad Gamer Kontrol Move G626 \/ Game Pad Control \/ Inalambrico -bt 5.0 \/ P- Celular \/ Android - Ios \/ Rgb \/ Recargable \/ Turbo - Vibracion Dual \/ Joystick Anti Drift \/ Blanco \/ Br-940481 + Env\u00edo a domicilio + Pago seguro + Garant\u00eda\",\"breadcrumb\":{\"@id\":\"https:\/\/compuviper.mx\/tienda\/producto\/balam-rush-br-9404817506215940481-gamepad-gamer-kontrol-move-g626-game-pad-control-inalambrico-bt-5-0-p-celular-android-ios-rgb-recargable-turbo-vibracion-dual-joystick-anti-dr\/#breadcrumb\"},\"inLanguage\":\"es-MX\",\"potentialAction\":[{\"@type\":\"ReadAction\",\"target\":[\"https:\/\/compuviper.mx\/tienda\/producto\/balam-rush-br-9404817506215940481-gamepad-gamer-kontrol-move-g626-game-pad-control-inalambrico-bt-5-0-p-celular-android-ios-rgb-recargable-turbo-vibracion-dual-joystick-anti-dr\/\"]}]},{\"@type\":\"BreadcrumbList\",\"@id\":\"https:\/\/compuviper.mx\/tienda\/producto\/balam-rush-br-9404817506215940481-gamepad-gamer-kontrol-move-g626-game-pad-control-inalambrico-bt-5-0-p-celular-android-ios-rgb-recargable-turbo-vibracion-dual-joystick-anti-dr\/#breadcrumb\",\"itemListElement\":[{\"@type\":\"ListItem\",\"position\":1,\"name\":\"Inicio\",\"item\":\"https:\/\/compuviper.mx\/tienda\/\"},{\"@type\":\"ListItem\",\"position\":2,\"name\":\"Productos\",\"item\":\"https:\/\/compuviper.mx\/tienda\/productos\/\"},{\"@type\":\"ListItem\",\"position\":3,\"name\":\"Games\",\"item\":\"https:\/\/compuviper.mx\/tienda\/categoria-producto\/games\/\"},{\"@type\":\"ListItem\",\"position\":4,\"name\":\"Game Pad\",\"item\":\"https:\/\/compuviper.mx\/tienda\/categoria-producto\/games\/game-pad\/\"},{\"@type\":\"ListItem\",\"position\":5,\"name\":\"Balam Rush Br-940481,7506215940481 Gamepad Gamer Kontrol Move G626 \/ Game Pad Control \/ Inalambrico -bt 5.0 \/ P- Celular \/ Android &#8211; Ios \/ Rgb \/ Recargable \/ Turbo &#8211; Vibracion Dual \/ Joystick Anti Drift \/ Blanco \/ Br-940481\"}]},{\"@type\":\"WebSite\",\"@id\":\"https:\/\/compuviper.mx\/tienda\/#website\",\"url\":\"https:\/\/compuviper.mx\/tienda\/\",\"name\":\"Compuviper\",\"description\":\"Proveedor de Computadoras, Laptops, Servidores, Monitores, Puntos de Venta, Teclados,   Impresoras, T\u00f3ner, C\u00e1maras de Seguridad y m\u00e1s en tu tienda en l\u00ednea\",\"publisher\":{\"@id\":\"https:\/\/compuviper.mx\/tienda\/#organization\"},\"potentialAction\":[{\"@type\":\"SearchAction\",\"target\":{\"@type\":\"EntryPoint\",\"urlTemplate\":\"https:\/\/compuviper.mx\/tienda\/?s={search_term_string}\"},\"query-input\":\"required name=search_term_string\"}],\"inLanguage\":\"es-MX\"},{\"@type\":\"Organization\",\"@id\":\"https:\/\/compuviper.mx\/tienda\/#organization\",\"name\":\"Compuviper\",\"url\":\"https:\/\/compuviper.mx\/tienda\/\",\"logo\":{\"@type\":\"ImageObject\",\"inLanguage\":\"es-MX\",\"@id\":\"https:\/\/compuviper.mx\/tienda\/#\/schema\/logo\/image\/\",\"url\":\"https:\/\/compuviper.mx\/tienda\/wp-content\/uploads\/2021\/08\/Logo-Compuviper-10.png\",\"contentUrl\":\"https:\/\/compuviper.mx\/tienda\/wp-content\/uploads\/2021\/08\/Logo-Compuviper-10.png\",\"width\":1000,\"height\":500,\"caption\":\"Compuviper\"},\"image\":{\"@id\":\"https:\/\/compuviper.mx\/tienda\/#\/schema\/logo\/image\/\"},\"sameAs\":[\"https:\/\/www.facebook.com\/compuviper\",\"https:\/\/www.youtube.com\/channel\/UCf73dERp9Y3cfOq7q8BhLjA?view_as=subscriber\"]}]}<\/script>\n<meta property=\"product:brand\" content=\"Balam Rush\" \/>\n<meta property=\"product:price:amount\" content=\"365\" \/>\n<meta property=\"product:price:currency\" content=\"MXN\" \/>\n<meta property=\"og:availability\" content=\"instock\" \/>\n<meta property=\"product:availability\" content=\"instock\" \/>\n<meta property=\"product:retailer_item_id\" content=\"BR-940481,7506215940481\" \/>\n<meta property=\"product:condition\" content=\"new\" \/>\n<!-- \/ Yoast SEO plugin. -->","yoast_head_json":{"title":"[ Balam Rush ] &#129351; Br-940481,7506215940481 Gamepad Gamer Kontrol Move G626 \/ Game Pad Control \/ Inalambrico -bt 5.0 \/ P- Celular \/ Android - Ios \/ Rgb \/ Recargable \/ Turbo - Vibracion Dual \/ Joystick Anti Drift \/ Blanco \/ Br-940481","description":"Compra Br-940481,7506215940481 Gamepad Gamer Kontrol Move G626 \/ Game Pad Control \/ Inalambrico -bt 5.0 \/ P- Celular \/ Android - Ios \/ Rgb \/ Recargable \/ Turbo - Vibracion Dual \/ Joystick Anti Drift \/ Blanco \/ Br-940481 + Env\u00edo a domicilio + Pago seguro + Garant\u00eda","robots":{"index":"index","follow":"follow","max-snippet":"max-snippet:-1","max-image-preview":"max-image-preview:large","max-video-preview":"max-video-preview:-1"},"canonical":"https:\/\/compuviper.mx\/tienda\/producto\/balam-rush-br-9404817506215940481-gamepad-gamer-kontrol-move-g626-game-pad-control-inalambrico-bt-5-0-p-celular-android-ios-rgb-recargable-turbo-vibracion-dual-joystick-anti-dr\/","og_locale":"es_MX","og_type":"article","og_title":"[ Balam Rush ] &#129351; Br-940481,7506215940481 Gamepad Gamer Kontrol Move G626 \/ Game Pad Control \/ Inalambrico -bt 5.0 \/ P- Celular \/ Android - Ios \/ Rgb \/ Recargable \/ Turbo - Vibracion Dual \/ Joystick Anti Drift \/ Blanco \/ Br-940481","og_description":"Compra Br-940481,7506215940481 Gamepad Gamer Kontrol Move G626 \/ Game Pad Control \/ Inalambrico -bt 5.0 \/ P- Celular \/ Android - Ios \/ Rgb \/ Recargable \/ Turbo - Vibracion Dual \/ Joystick Anti Drift \/ Blanco \/ Br-940481 + Env\u00edo a domicilio + Pago seguro + Garant\u00eda","og_url":"https:\/\/compuviper.mx\/tienda\/producto\/balam-rush-br-9404817506215940481-gamepad-gamer-kontrol-move-g626-game-pad-control-inalambrico-bt-5-0-p-celular-android-ios-rgb-recargable-turbo-vibracion-dual-joystick-anti-dr\/","og_site_name":"Compuviper","article_publisher":"https:\/\/www.facebook.com\/compuviper","article_modified_time":"2026-04-08T05:15:37+00:00","og_image":[{"width":200,"height":200,"url":"https:\/\/compuviper.mx\/tienda\/wp-content\/uploads\/2025\/10\/Gamepad-gamer-balam-rush-kontrol-move-g626-game-pad-control-inalambrico-bt-5.0-p-celular-android-ios-rgb-recargable-turbo-vibracion-dual-joystick-anti-drift-blanco-br-940481.jpg","type":"image\/jpeg"}],"twitter_card":"summary_large_image","twitter_misc":{"Precio":"&#36;521 &#36;365 con IVA","Availability":"In stock"},"schema":{"@context":"https:\/\/schema.org","@graph":[{"@type":"WebPage","@id":"https:\/\/compuviper.mx\/tienda\/producto\/balam-rush-br-9404817506215940481-gamepad-gamer-kontrol-move-g626-game-pad-control-inalambrico-bt-5-0-p-celular-android-ios-rgb-recargable-turbo-vibracion-dual-joystick-anti-dr\/","url":"https:\/\/compuviper.mx\/tienda\/producto\/balam-rush-br-9404817506215940481-gamepad-gamer-kontrol-move-g626-game-pad-control-inalambrico-bt-5-0-p-celular-android-ios-rgb-recargable-turbo-vibracion-dual-joystick-anti-dr\/","name":"[ Balam Rush ] &#129351; Br-940481,7506215940481 Gamepad Gamer Kontrol Move G626 \/ Game Pad Control \/ Inalambrico -bt 5.0 \/ P- Celular \/ Android - Ios \/ Rgb \/ Recargable \/ Turbo - Vibracion Dual \/ Joystick Anti Drift \/ Blanco \/ Br-940481","isPartOf":{"@id":"https:\/\/compuviper.mx\/tienda\/#website"},"datePublished":"2026-04-08T05:15:36+00:00","dateModified":"2026-04-08T05:15:37+00:00","description":"Compra Br-940481,7506215940481 Gamepad Gamer Kontrol Move G626 \/ Game Pad Control \/ Inalambrico -bt 5.0 \/ P- Celular \/ Android - Ios \/ Rgb \/ Recargable \/ Turbo - Vibracion Dual \/ Joystick Anti Drift \/ Blanco \/ Br-940481 + Env\u00edo a domicilio + Pago seguro + Garant\u00eda","breadcrumb":{"@id":"https:\/\/compuviper.mx\/tienda\/producto\/balam-rush-br-9404817506215940481-gamepad-gamer-kontrol-move-g626-game-pad-control-inalambrico-bt-5-0-p-celular-android-ios-rgb-recargable-turbo-vibracion-dual-joystick-anti-dr\/#breadcrumb"},"inLanguage":"es-MX","potentialAction":[{"@type":"ReadAction","target":["https:\/\/compuviper.mx\/tienda\/producto\/balam-rush-br-9404817506215940481-gamepad-gamer-kontrol-move-g626-game-pad-control-inalambrico-bt-5-0-p-celular-android-ios-rgb-recargable-turbo-vibracion-dual-joystick-anti-dr\/"]}]},{"@type":"BreadcrumbList","@id":"https:\/\/compuviper.mx\/tienda\/producto\/balam-rush-br-9404817506215940481-gamepad-gamer-kontrol-move-g626-game-pad-control-inalambrico-bt-5-0-p-celular-android-ios-rgb-recargable-turbo-vibracion-dual-joystick-anti-dr\/#breadcrumb","itemListElement":[{"@type":"ListItem","position":1,"name":"Inicio","item":"https:\/\/compuviper.mx\/tienda\/"},{"@type":"ListItem","position":2,"name":"Productos","item":"https:\/\/compuviper.mx\/tienda\/productos\/"},{"@type":"ListItem","position":3,"name":"Games","item":"https:\/\/compuviper.mx\/tienda\/categoria-producto\/games\/"},{"@type":"ListItem","position":4,"name":"Game Pad","item":"https:\/\/compuviper.mx\/tienda\/categoria-producto\/games\/game-pad\/"},{"@type":"ListItem","position":5,"name":"Balam Rush Br-940481,7506215940481 Gamepad Gamer Kontrol Move G626 \/ Game Pad Control \/ Inalambrico -bt 5.0 \/ P- Celular \/ Android &#8211; Ios \/ Rgb \/ Recargable \/ Turbo &#8211; Vibracion Dual \/ Joystick Anti Drift \/ Blanco \/ Br-940481"}]},{"@type":"WebSite","@id":"https:\/\/compuviper.mx\/tienda\/#website","url":"https:\/\/compuviper.mx\/tienda\/","name":"Compuviper","description":"Proveedor de Computadoras, Laptops, Servidores, Monitores, Puntos de Venta, Teclados,   Impresoras, T\u00f3ner, C\u00e1maras de Seguridad y m\u00e1s en tu tienda en l\u00ednea","publisher":{"@id":"https:\/\/compuviper.mx\/tienda\/#organization"},"potentialAction":[{"@type":"SearchAction","target":{"@type":"EntryPoint","urlTemplate":"https:\/\/compuviper.mx\/tienda\/?s={search_term_string}"},"query-input":"required name=search_term_string"}],"inLanguage":"es-MX"},{"@type":"Organization","@id":"https:\/\/compuviper.mx\/tienda\/#organization","name":"Compuviper","url":"https:\/\/compuviper.mx\/tienda\/","logo":{"@type":"ImageObject","inLanguage":"es-MX","@id":"https:\/\/compuviper.mx\/tienda\/#\/schema\/logo\/image\/","url":"https:\/\/compuviper.mx\/tienda\/wp-content\/uploads\/2021\/08\/Logo-Compuviper-10.png","contentUrl":"https:\/\/compuviper.mx\/tienda\/wp-content\/uploads\/2021\/08\/Logo-Compuviper-10.png","width":1000,"height":500,"caption":"Compuviper"},"image":{"@id":"https:\/\/compuviper.mx\/tienda\/#\/schema\/logo\/image\/"},"sameAs":["https:\/\/www.facebook.com\/compuviper","https:\/\/www.youtube.com\/channel\/UCf73dERp9Y3cfOq7q8BhLjA?view_as=subscriber"]}]},"product_brand":"Balam Rush","product_price_amount":"365","product_price_currency":"MXN","og_availability":"instock","product_availability":"instock","product_retailer_item_id":"BR-940481,7506215940481","product_condition":"new"},"_links":{"self":[{"href":"https:\/\/compuviper.mx\/tienda\/wp-json\/wp\/v2\/product\/250598"}],"collection":[{"href":"https:\/\/compuviper.mx\/tienda\/wp-json\/wp\/v2\/product"}],"about":[{"href":"https:\/\/compuviper.mx\/tienda\/wp-json\/wp\/v2\/types\/product"}],"replies":[{"embeddable":true,"href":"https:\/\/compuviper.mx\/tienda\/wp-json\/wp\/v2\/comments?post=250598"}],"wp:featuredmedia":[{"embeddable":true,"href":"https:\/\/compuviper.mx\/tienda\/wp-json\/wp\/v2\/media\/258800"}],"wp:attachment":[{"href":"https:\/\/compuviper.mx\/tienda\/wp-json\/wp\/v2\/media?parent=250598"}],"wp:term":[{"taxonomy":"product_cat","embeddable":true,"href":"https:\/\/compuviper.mx\/tienda\/wp-json\/wp\/v2\/product_cat?post=250598"},{"taxonomy":"product_tag","embeddable":true,"href":"https:\/\/compuviper.mx\/tienda\/wp-json\/wp\/v2\/product_tag?post=250598"}],"curies":[{"name":"wp","href":"https:\/\/api.w.org\/{rel}","templated":true}]}}