{"id":250596,"date":"2026-04-01T23:16:23","date_gmt":"2026-04-02T05:16:23","guid":{"rendered":"https:\/\/compuviper.mx\/tienda\/producto\/balam-rush-br-941136-base-enfriadora-gamer-eolox-frost-ef740-laptop-17-pulg-15-ventiladores-ajuste-de-altura-y-velocidad-iluminacion-rgb-soporte-p-celular-puerto-usb-a-usb-c-negro\/"},"modified":"2026-04-01T23:16:24","modified_gmt":"2026-04-02T05:16:24","slug":"balam-rush-br-941136-base-enfriadora-gamer-eolox-frost-ef740-laptop-17-pulg-15-ventiladores-ajuste-de-altura-y-velocidad-iluminacion-rgb-soporte-p-celular-puerto-usb-a-usb-c-negro","status":"publish","type":"product","link":"https:\/\/compuviper.mx\/tienda\/producto\/balam-rush-br-941136-base-enfriadora-gamer-eolox-frost-ef740-laptop-17-pulg-15-ventiladores-ajuste-de-altura-y-velocidad-iluminacion-rgb-soporte-p-celular-puerto-usb-a-usb-c-negro\/","title":{"rendered":"Balam Rush Br-941136 Base Enfriadora Gamer  Eolox Frost Ef740 \/ Laptop 17 Pulg \/ 15 Ventiladores \/ Ajuste De Altura Y Velocidad \/ Iluminacion Rgb \/ Soporte P Celular \/ Puerto Usb A &#8211; Usb C \/ Negro \/"},"content":{"rendered":"<table class=\"descripcion\">\n<tr>\n<td>Especificaciones de base enfriadora<\/td>\n<\/tr>\n<tr>\n<td>\u0095 modelo: br-941136<\/td>\n<\/tr>\n<tr>\n<td>\u0095 producto: base enfriadora<\/td>\n<\/tr>\n<tr>\n<td>\u0095 materiales: abs + malla metalica<\/td>\n<\/tr>\n<tr>\n<td>\u0095 dimensiones: 40 x 30.5 x 3.9 cm<\/td>\n<\/tr>\n<tr>\n<td>\u0095 peso: 1.18 kg<\/td>\n<\/tr>\n<tr>\n<td>\u0095 compatibilidad: laptops 17<\/td>\n<\/tr>\n<tr>\n<td>\u0095 ventiladore (s): 15 x 60 mm<\/td>\n<\/tr>\n<tr>\n<td>\u0095 velocidad de los ventiladores: 2400 rpm, 2200 rpm, 2000 rpm, 1800 rpm, 1600 rpm, 1400 rpm<\/td>\n<\/tr>\n<tr>\n<td>\u0095 ruido: 25 &#8211; 28 db<\/td>\n<\/tr>\n<tr>\n<td>\u0095 flujo de aire: 180 cfm<\/td>\n<\/tr>\n<tr>\n<td>\u0095 puertos: 1x usb + 1x usb c<\/td>\n<\/tr>\n<tr>\n<td>\u0095 cable alimentador: usb c<\/td>\n<\/tr>\n<tr>\n<td>\u0095 ajustes de altura: 8 niveles<\/td>\n<\/tr>\n<tr>\n<td>\u0095 iluminacion: 10 mods<\/td>\n<\/tr>\n<tr>\n<td>\u0095 alimentacion: 5 v and #9107; 1 a<\/td>\n<\/tr>\n<\/table>\n","protected":false},"excerpt":{"rendered":"<p>Flujo de. Aire imparable. Sus ventiladores ofrecen un. Flujo de aire potente de 180. Cfm, manteniendo tu. Equipo fresco incluso en los. Momentos m\u00e1s intensos de. Cada partida. Energ\u00eda. Inteligente con. Conexi\u00f3n usb c. Al incluir puertos usb a y usb c. La base se adapta a la tecnolog\u00eda. Moderna, facilitando la carga. Y conectividad de tus. Dispositivos. Elevaci\u00f3n. Estrat\u00e9gica. Con 8 niveles de ajuste de altura. Acomoda tu pantalla a la altura. Perfecta. Mejora tu postura y la. Visibilidad durante largas. Sesiones sin fatiga visual. Controla cada. Movimiento. El panel de control te da. Acceso a 6 velocidades de. Ventilador y 10 modos de. Iluminaci\u00f3n. Adapta tu. Experiencia seg\u00fan el juego. Desde la velocidad hasta el. Ambiente. Resistencia. Y durabilidad. En cada batalla. Hecha de materiales abs y malla. Met\u00e1lica, esta base enfr\u00eda y. Protege tu equipo en cualquier. Campo de batalla virtual. Espacio para. Tu aliado m\u00f3vil. Mant\u00e9n tu celular siempre. A la vista con el soporte. Integrado en la base. Ya sea. Para seguir estrategias o. Mantenerte conectado, tu. Dispositivo estar\u00e1 siempre. Al alcance mientras juegas<\/p>\n","protected":false},"featured_media":258798,"comment_status":"open","ping_status":"open","template":"","meta":[],"product_cat":[1485,1486],"product_tag":[2097],"acf":[],"yoast_head":"<!-- This site is optimized with the Yoast SEO plugin v21.7 - https:\/\/yoast.com\/wordpress\/plugins\/seo\/ -->\n<title>[ Balam Rush ] &#129351; Br-941136 Base Enfriadora Gamer Eolox Frost Ef740 \/ Laptop 17 Pulg \/ 15 Ventiladores \/ Ajuste De Altura Y Velocidad \/ Iluminacion Rgb \/ Soporte P Celular \/ Puerto Usb A - Usb C \/ Negro \/<\/title>\n<meta name=\"description\" content=\"Compra Br-941136 Base Enfriadora Gamer Eolox Frost Ef740 \/ Laptop 17 Pulg \/ 15 Ventiladores \/ Ajuste De Altura Y Velocidad \/ Iluminacion Rgb \/ Soporte P Celular \/ Puerto Usb A - Usb C \/ Negro \/ + Env\u00edo a domicilio + Pago seguro + Garant\u00eda\" \/>\n<meta name=\"robots\" content=\"index, follow, max-snippet:-1, max-image-preview:large, max-video-preview:-1\" \/>\n<link rel=\"canonical\" href=\"https:\/\/compuviper.mx\/tienda\/producto\/balam-rush-br-941136-base-enfriadora-gamer-eolox-frost-ef740-laptop-17-pulg-15-ventiladores-ajuste-de-altura-y-velocidad-iluminacion-rgb-soporte-p-celular-puerto-usb-a-usb-c-negro\/\" \/>\n<meta property=\"og:locale\" content=\"es_MX\" \/>\n<meta property=\"og:type\" content=\"article\" \/>\n<meta property=\"og:title\" content=\"[ Balam Rush ] &#129351; Br-941136 Base Enfriadora Gamer Eolox Frost Ef740 \/ Laptop 17 Pulg \/ 15 Ventiladores \/ Ajuste De Altura Y Velocidad \/ Iluminacion Rgb \/ Soporte P Celular \/ Puerto Usb A - Usb C \/ Negro \/\" \/>\n<meta property=\"og:description\" content=\"Compra Br-941136 Base Enfriadora Gamer Eolox Frost Ef740 \/ Laptop 17 Pulg \/ 15 Ventiladores \/ Ajuste De Altura Y Velocidad \/ Iluminacion Rgb \/ Soporte P Celular \/ Puerto Usb A - Usb C \/ Negro \/ + Env\u00edo a domicilio + Pago seguro + Garant\u00eda\" \/>\n<meta property=\"og:url\" content=\"https:\/\/compuviper.mx\/tienda\/producto\/balam-rush-br-941136-base-enfriadora-gamer-eolox-frost-ef740-laptop-17-pulg-15-ventiladores-ajuste-de-altura-y-velocidad-iluminacion-rgb-soporte-p-celular-puerto-usb-a-usb-c-negro\/\" \/>\n<meta property=\"og:site_name\" content=\"Compuviper\" \/>\n<meta property=\"article:publisher\" content=\"https:\/\/www.facebook.com\/compuviper\" \/>\n<meta property=\"article:modified_time\" content=\"2026-04-02T05:16:24+00:00\" \/>\n<meta property=\"og:image\" content=\"https:\/\/compuviper.mx\/tienda\/wp-content\/uploads\/2025\/10\/Base-enfriadora-gamer-balam-rush-eolox-frost-ef740-laptop-17-pulg-15-ventiladores-ajuste-de-altura-y-velocidad-iluminacion-rgb-soporte-p-celular-puerto-usb-a-usb-c-negro-br-941136.jpg\" \/>\n\t<meta property=\"og:image:width\" content=\"200\" \/>\n\t<meta property=\"og:image:height\" content=\"200\" \/>\n\t<meta property=\"og:image:type\" content=\"image\/jpeg\" \/>\n<meta name=\"twitter:card\" content=\"summary_large_image\" \/>\n<meta name=\"twitter:label1\" content=\"Precio\" \/>\n\t<meta name=\"twitter:data1\" content=\"&#36;459 con IVA\" \/>\n\t<meta name=\"twitter:label2\" content=\"Availability\" \/>\n\t<meta name=\"twitter:data2\" content=\"Out of stock\" \/>\n<script type=\"application\/ld+json\" class=\"yoast-schema-graph\">{\"@context\":\"https:\/\/schema.org\",\"@graph\":[{\"@type\":\"WebPage\",\"@id\":\"https:\/\/compuviper.mx\/tienda\/producto\/balam-rush-br-941136-base-enfriadora-gamer-eolox-frost-ef740-laptop-17-pulg-15-ventiladores-ajuste-de-altura-y-velocidad-iluminacion-rgb-soporte-p-celular-puerto-usb-a-usb-c-negro\/\",\"url\":\"https:\/\/compuviper.mx\/tienda\/producto\/balam-rush-br-941136-base-enfriadora-gamer-eolox-frost-ef740-laptop-17-pulg-15-ventiladores-ajuste-de-altura-y-velocidad-iluminacion-rgb-soporte-p-celular-puerto-usb-a-usb-c-negro\/\",\"name\":\"[ Balam Rush ] &#129351; Br-941136 Base Enfriadora Gamer Eolox Frost Ef740 \/ Laptop 17 Pulg \/ 15 Ventiladores \/ Ajuste De Altura Y Velocidad \/ Iluminacion Rgb \/ Soporte P Celular \/ Puerto Usb A - Usb C \/ Negro \/\",\"isPartOf\":{\"@id\":\"https:\/\/compuviper.mx\/tienda\/#website\"},\"datePublished\":\"2026-04-02T05:16:23+00:00\",\"dateModified\":\"2026-04-02T05:16:24+00:00\",\"description\":\"Compra Br-941136 Base Enfriadora Gamer Eolox Frost Ef740 \/ Laptop 17 Pulg \/ 15 Ventiladores \/ Ajuste De Altura Y Velocidad \/ Iluminacion Rgb \/ Soporte P Celular \/ Puerto Usb A - Usb C \/ Negro \/ + Env\u00edo a domicilio + Pago seguro + Garant\u00eda\",\"breadcrumb\":{\"@id\":\"https:\/\/compuviper.mx\/tienda\/producto\/balam-rush-br-941136-base-enfriadora-gamer-eolox-frost-ef740-laptop-17-pulg-15-ventiladores-ajuste-de-altura-y-velocidad-iluminacion-rgb-soporte-p-celular-puerto-usb-a-usb-c-negro\/#breadcrumb\"},\"inLanguage\":\"es-MX\",\"potentialAction\":[{\"@type\":\"ReadAction\",\"target\":[\"https:\/\/compuviper.mx\/tienda\/producto\/balam-rush-br-941136-base-enfriadora-gamer-eolox-frost-ef740-laptop-17-pulg-15-ventiladores-ajuste-de-altura-y-velocidad-iluminacion-rgb-soporte-p-celular-puerto-usb-a-usb-c-negro\/\"]}]},{\"@type\":\"BreadcrumbList\",\"@id\":\"https:\/\/compuviper.mx\/tienda\/producto\/balam-rush-br-941136-base-enfriadora-gamer-eolox-frost-ef740-laptop-17-pulg-15-ventiladores-ajuste-de-altura-y-velocidad-iluminacion-rgb-soporte-p-celular-puerto-usb-a-usb-c-negro\/#breadcrumb\",\"itemListElement\":[{\"@type\":\"ListItem\",\"position\":1,\"name\":\"Inicio\",\"item\":\"https:\/\/compuviper.mx\/tienda\/\"},{\"@type\":\"ListItem\",\"position\":2,\"name\":\"Productos\",\"item\":\"https:\/\/compuviper.mx\/tienda\/productos\/\"},{\"@type\":\"ListItem\",\"position\":3,\"name\":\"Accesorios\",\"item\":\"https:\/\/compuviper.mx\/tienda\/categoria-producto\/accesorios\/\"},{\"@type\":\"ListItem\",\"position\":4,\"name\":\"Portatil\",\"item\":\"https:\/\/compuviper.mx\/tienda\/categoria-producto\/accesorios\/portatil\/\"},{\"@type\":\"ListItem\",\"position\":5,\"name\":\"Balam Rush Br-941136 Base Enfriadora Gamer Eolox Frost Ef740 \/ Laptop 17 Pulg \/ 15 Ventiladores \/ Ajuste De Altura Y Velocidad \/ Iluminacion Rgb \/ Soporte P Celular \/ Puerto Usb A &#8211; Usb C \/ Negro \/\"}]},{\"@type\":\"WebSite\",\"@id\":\"https:\/\/compuviper.mx\/tienda\/#website\",\"url\":\"https:\/\/compuviper.mx\/tienda\/\",\"name\":\"Compuviper\",\"description\":\"Proveedor de Computadoras, Laptops, Servidores, Monitores, Puntos de Venta, Teclados,   Impresoras, T\u00f3ner, C\u00e1maras de Seguridad y m\u00e1s en tu tienda en l\u00ednea\",\"publisher\":{\"@id\":\"https:\/\/compuviper.mx\/tienda\/#organization\"},\"potentialAction\":[{\"@type\":\"SearchAction\",\"target\":{\"@type\":\"EntryPoint\",\"urlTemplate\":\"https:\/\/compuviper.mx\/tienda\/?s={search_term_string}\"},\"query-input\":\"required name=search_term_string\"}],\"inLanguage\":\"es-MX\"},{\"@type\":\"Organization\",\"@id\":\"https:\/\/compuviper.mx\/tienda\/#organization\",\"name\":\"Compuviper\",\"url\":\"https:\/\/compuviper.mx\/tienda\/\",\"logo\":{\"@type\":\"ImageObject\",\"inLanguage\":\"es-MX\",\"@id\":\"https:\/\/compuviper.mx\/tienda\/#\/schema\/logo\/image\/\",\"url\":\"https:\/\/compuviper.mx\/tienda\/wp-content\/uploads\/2021\/08\/Logo-Compuviper-10.png\",\"contentUrl\":\"https:\/\/compuviper.mx\/tienda\/wp-content\/uploads\/2021\/08\/Logo-Compuviper-10.png\",\"width\":1000,\"height\":500,\"caption\":\"Compuviper\"},\"image\":{\"@id\":\"https:\/\/compuviper.mx\/tienda\/#\/schema\/logo\/image\/\"},\"sameAs\":[\"https:\/\/www.facebook.com\/compuviper\",\"https:\/\/www.youtube.com\/channel\/UCf73dERp9Y3cfOq7q8BhLjA?view_as=subscriber\"]}]}<\/script>\n<meta property=\"product:brand\" content=\"Balam Rush\" \/>\n<meta property=\"product:price:amount\" content=\"459\" \/>\n<meta property=\"product:price:currency\" content=\"MXN\" \/>\n<meta property=\"og:availability\" content=\"out of stock\" \/>\n<meta property=\"product:availability\" content=\"out of stock\" \/>\n<meta property=\"product:retailer_item_id\" content=\"BR-941136\" \/>\n<meta property=\"product:condition\" content=\"new\" \/>\n<!-- \/ Yoast SEO plugin. -->","yoast_head_json":{"title":"[ Balam Rush ] &#129351; Br-941136 Base Enfriadora Gamer Eolox Frost Ef740 \/ Laptop 17 Pulg \/ 15 Ventiladores \/ Ajuste De Altura Y Velocidad \/ Iluminacion Rgb \/ Soporte P Celular \/ Puerto Usb A - Usb C \/ Negro \/","description":"Compra Br-941136 Base Enfriadora Gamer Eolox Frost Ef740 \/ Laptop 17 Pulg \/ 15 Ventiladores \/ Ajuste De Altura Y Velocidad \/ Iluminacion Rgb \/ Soporte P Celular \/ Puerto Usb A - Usb C \/ Negro \/ + Env\u00edo a domicilio + Pago seguro + Garant\u00eda","robots":{"index":"index","follow":"follow","max-snippet":"max-snippet:-1","max-image-preview":"max-image-preview:large","max-video-preview":"max-video-preview:-1"},"canonical":"https:\/\/compuviper.mx\/tienda\/producto\/balam-rush-br-941136-base-enfriadora-gamer-eolox-frost-ef740-laptop-17-pulg-15-ventiladores-ajuste-de-altura-y-velocidad-iluminacion-rgb-soporte-p-celular-puerto-usb-a-usb-c-negro\/","og_locale":"es_MX","og_type":"article","og_title":"[ Balam Rush ] &#129351; Br-941136 Base Enfriadora Gamer Eolox Frost Ef740 \/ Laptop 17 Pulg \/ 15 Ventiladores \/ Ajuste De Altura Y Velocidad \/ Iluminacion Rgb \/ Soporte P Celular \/ Puerto Usb A - Usb C \/ Negro \/","og_description":"Compra Br-941136 Base Enfriadora Gamer Eolox Frost Ef740 \/ Laptop 17 Pulg \/ 15 Ventiladores \/ Ajuste De Altura Y Velocidad \/ Iluminacion Rgb \/ Soporte P Celular \/ Puerto Usb A - Usb C \/ Negro \/ + Env\u00edo a domicilio + Pago seguro + Garant\u00eda","og_url":"https:\/\/compuviper.mx\/tienda\/producto\/balam-rush-br-941136-base-enfriadora-gamer-eolox-frost-ef740-laptop-17-pulg-15-ventiladores-ajuste-de-altura-y-velocidad-iluminacion-rgb-soporte-p-celular-puerto-usb-a-usb-c-negro\/","og_site_name":"Compuviper","article_publisher":"https:\/\/www.facebook.com\/compuviper","article_modified_time":"2026-04-02T05:16:24+00:00","og_image":[{"width":200,"height":200,"url":"https:\/\/compuviper.mx\/tienda\/wp-content\/uploads\/2025\/10\/Base-enfriadora-gamer-balam-rush-eolox-frost-ef740-laptop-17-pulg-15-ventiladores-ajuste-de-altura-y-velocidad-iluminacion-rgb-soporte-p-celular-puerto-usb-a-usb-c-negro-br-941136.jpg","type":"image\/jpeg"}],"twitter_card":"summary_large_image","twitter_misc":{"Precio":"&#36;459 con IVA","Availability":"Out of stock"},"schema":{"@context":"https:\/\/schema.org","@graph":[{"@type":"WebPage","@id":"https:\/\/compuviper.mx\/tienda\/producto\/balam-rush-br-941136-base-enfriadora-gamer-eolox-frost-ef740-laptop-17-pulg-15-ventiladores-ajuste-de-altura-y-velocidad-iluminacion-rgb-soporte-p-celular-puerto-usb-a-usb-c-negro\/","url":"https:\/\/compuviper.mx\/tienda\/producto\/balam-rush-br-941136-base-enfriadora-gamer-eolox-frost-ef740-laptop-17-pulg-15-ventiladores-ajuste-de-altura-y-velocidad-iluminacion-rgb-soporte-p-celular-puerto-usb-a-usb-c-negro\/","name":"[ Balam Rush ] &#129351; Br-941136 Base Enfriadora Gamer Eolox Frost Ef740 \/ Laptop 17 Pulg \/ 15 Ventiladores \/ Ajuste De Altura Y Velocidad \/ Iluminacion Rgb \/ Soporte P Celular \/ Puerto Usb A - Usb C \/ Negro \/","isPartOf":{"@id":"https:\/\/compuviper.mx\/tienda\/#website"},"datePublished":"2026-04-02T05:16:23+00:00","dateModified":"2026-04-02T05:16:24+00:00","description":"Compra Br-941136 Base Enfriadora Gamer Eolox Frost Ef740 \/ Laptop 17 Pulg \/ 15 Ventiladores \/ Ajuste De Altura Y Velocidad \/ Iluminacion Rgb \/ Soporte P Celular \/ Puerto Usb A - Usb C \/ Negro \/ + Env\u00edo a domicilio + Pago seguro + Garant\u00eda","breadcrumb":{"@id":"https:\/\/compuviper.mx\/tienda\/producto\/balam-rush-br-941136-base-enfriadora-gamer-eolox-frost-ef740-laptop-17-pulg-15-ventiladores-ajuste-de-altura-y-velocidad-iluminacion-rgb-soporte-p-celular-puerto-usb-a-usb-c-negro\/#breadcrumb"},"inLanguage":"es-MX","potentialAction":[{"@type":"ReadAction","target":["https:\/\/compuviper.mx\/tienda\/producto\/balam-rush-br-941136-base-enfriadora-gamer-eolox-frost-ef740-laptop-17-pulg-15-ventiladores-ajuste-de-altura-y-velocidad-iluminacion-rgb-soporte-p-celular-puerto-usb-a-usb-c-negro\/"]}]},{"@type":"BreadcrumbList","@id":"https:\/\/compuviper.mx\/tienda\/producto\/balam-rush-br-941136-base-enfriadora-gamer-eolox-frost-ef740-laptop-17-pulg-15-ventiladores-ajuste-de-altura-y-velocidad-iluminacion-rgb-soporte-p-celular-puerto-usb-a-usb-c-negro\/#breadcrumb","itemListElement":[{"@type":"ListItem","position":1,"name":"Inicio","item":"https:\/\/compuviper.mx\/tienda\/"},{"@type":"ListItem","position":2,"name":"Productos","item":"https:\/\/compuviper.mx\/tienda\/productos\/"},{"@type":"ListItem","position":3,"name":"Accesorios","item":"https:\/\/compuviper.mx\/tienda\/categoria-producto\/accesorios\/"},{"@type":"ListItem","position":4,"name":"Portatil","item":"https:\/\/compuviper.mx\/tienda\/categoria-producto\/accesorios\/portatil\/"},{"@type":"ListItem","position":5,"name":"Balam Rush Br-941136 Base Enfriadora Gamer Eolox Frost Ef740 \/ Laptop 17 Pulg \/ 15 Ventiladores \/ Ajuste De Altura Y Velocidad \/ Iluminacion Rgb \/ Soporte P Celular \/ Puerto Usb A &#8211; Usb C \/ Negro \/"}]},{"@type":"WebSite","@id":"https:\/\/compuviper.mx\/tienda\/#website","url":"https:\/\/compuviper.mx\/tienda\/","name":"Compuviper","description":"Proveedor de Computadoras, Laptops, Servidores, Monitores, Puntos de Venta, Teclados,   Impresoras, T\u00f3ner, C\u00e1maras de Seguridad y m\u00e1s en tu tienda en l\u00ednea","publisher":{"@id":"https:\/\/compuviper.mx\/tienda\/#organization"},"potentialAction":[{"@type":"SearchAction","target":{"@type":"EntryPoint","urlTemplate":"https:\/\/compuviper.mx\/tienda\/?s={search_term_string}"},"query-input":"required name=search_term_string"}],"inLanguage":"es-MX"},{"@type":"Organization","@id":"https:\/\/compuviper.mx\/tienda\/#organization","name":"Compuviper","url":"https:\/\/compuviper.mx\/tienda\/","logo":{"@type":"ImageObject","inLanguage":"es-MX","@id":"https:\/\/compuviper.mx\/tienda\/#\/schema\/logo\/image\/","url":"https:\/\/compuviper.mx\/tienda\/wp-content\/uploads\/2021\/08\/Logo-Compuviper-10.png","contentUrl":"https:\/\/compuviper.mx\/tienda\/wp-content\/uploads\/2021\/08\/Logo-Compuviper-10.png","width":1000,"height":500,"caption":"Compuviper"},"image":{"@id":"https:\/\/compuviper.mx\/tienda\/#\/schema\/logo\/image\/"},"sameAs":["https:\/\/www.facebook.com\/compuviper","https:\/\/www.youtube.com\/channel\/UCf73dERp9Y3cfOq7q8BhLjA?view_as=subscriber"]}]},"product_brand":"Balam Rush","product_price_amount":"459","product_price_currency":"MXN","og_availability":"out of stock","product_availability":"out of stock","product_retailer_item_id":"BR-941136","product_condition":"new"},"_links":{"self":[{"href":"https:\/\/compuviper.mx\/tienda\/wp-json\/wp\/v2\/product\/250596"}],"collection":[{"href":"https:\/\/compuviper.mx\/tienda\/wp-json\/wp\/v2\/product"}],"about":[{"href":"https:\/\/compuviper.mx\/tienda\/wp-json\/wp\/v2\/types\/product"}],"replies":[{"embeddable":true,"href":"https:\/\/compuviper.mx\/tienda\/wp-json\/wp\/v2\/comments?post=250596"}],"wp:featuredmedia":[{"embeddable":true,"href":"https:\/\/compuviper.mx\/tienda\/wp-json\/wp\/v2\/media\/258798"}],"wp:attachment":[{"href":"https:\/\/compuviper.mx\/tienda\/wp-json\/wp\/v2\/media?parent=250596"}],"wp:term":[{"taxonomy":"product_cat","embeddable":true,"href":"https:\/\/compuviper.mx\/tienda\/wp-json\/wp\/v2\/product_cat?post=250596"},{"taxonomy":"product_tag","embeddable":true,"href":"https:\/\/compuviper.mx\/tienda\/wp-json\/wp\/v2\/product_tag?post=250596"}],"curies":[{"name":"wp","href":"https:\/\/api.w.org\/{rel}","templated":true}]}}