{"id":250595,"date":"2026-04-01T23:16:23","date_gmt":"2026-04-02T05:16:23","guid":{"rendered":"https:\/\/compuviper.mx\/tienda\/producto\/balam-rush-br-941129-base-enfriadora-gamer-eolox-frost-pro-ef760-laptop-17-pulg-8-ventiladores-6-niveles-iluminacion-rgb-velocidad-ajustable-soporte-p-celular-puerto-usb-negro\/"},"modified":"2026-04-01T23:16:23","modified_gmt":"2026-04-02T05:16:23","slug":"balam-rush-br-941129-base-enfriadora-gamer-eolox-frost-pro-ef760-laptop-17-pulg-8-ventiladores-6-niveles-iluminacion-rgb-velocidad-ajustable-soporte-p-celular-puerto-usb-negro","status":"publish","type":"product","link":"https:\/\/compuviper.mx\/tienda\/producto\/balam-rush-br-941129-base-enfriadora-gamer-eolox-frost-pro-ef760-laptop-17-pulg-8-ventiladores-6-niveles-iluminacion-rgb-velocidad-ajustable-soporte-p-celular-puerto-usb-negro\/","title":{"rendered":"Balam Rush Br-941129 Base Enfriadora Gamer  Eolox Frost Pro Ef760 \/ Laptop 17 Pulg \/ 8 Ventiladores \/ 6 Niveles \/ Iluminacion Rgb \/ Velocidad Ajustable \/ Soporte P Celular \/ Puerto Usb \/  Negro \/"},"content":{"rendered":"<table class=\"descripcion\">\n<tr>\n<td>Especificaciones de base enfriadora<\/td>\n<\/tr>\n<tr>\n<td>\u0095 modelo: br-941129<\/td>\n<\/tr>\n<tr>\n<td>\u0095 producto: base enfriadora<\/td>\n<\/tr>\n<tr>\n<td>\u0095 materiales: abs + malla metalica<\/td>\n<\/tr>\n<tr>\n<td>\u0095 dimensiones: 41.2 x 29.5 x 4 cm<\/td>\n<\/tr>\n<tr>\n<td>\u0095 peso: 1.2 kg<\/td>\n<\/tr>\n<tr>\n<td>\u0095 compatibilidad: laptops 17<\/td>\n<\/tr>\n<tr>\n<td>\u0095 ventiladore (s): 8&#215;70 mm<\/td>\n<\/tr>\n<tr>\n<td>\u0095 velocidad de los ventiladores: 2400 rpm, 2200 rpm, 2000 rpm, 1800 rpm, 1600 rpm, 1400 rpm<\/td>\n<\/tr>\n<tr>\n<td>\u0095 ruido: 22 &#8211; 25 db<\/td>\n<\/tr>\n<tr>\n<td>\u0095 flujo de aire: 106 cfm<\/td>\n<\/tr>\n<tr>\n<td>\u0095 puertos: 2x usb 2.0<\/td>\n<\/tr>\n<tr>\n<td>\u0095 cable alimentador: usb a<\/td>\n<\/tr>\n<tr>\n<td>\u0095 ajustes de altura: 6 niveles<\/td>\n<\/tr>\n<tr>\n<td>\u0095 iluminacion: 10 mods<\/td>\n<\/tr>\n<tr>\n<td>\u0095 alimentacion: 5 v and #9107; 1 a<\/td>\n<\/tr>\n<\/table>\n","protected":false},"excerpt":{"rendered":"<p>Enfr\u00eda tu juego. Sin pausa. Ocho ventiladores potentes. A 2400 rpm mantienen tu. Laptop fresca incluso. Durante las misiones. M\u00e1s desafiantes. No. Importa cu\u00e1nto tiempo dure. La aventura, tu equipo estar?. Protegido del. Sobrecalentamiento. Silencio para las. Largas noches. Disfruta de partidas nocturnas sin. Interrupciones. Con un nivel de. Ruido entre 22 y 25 db, esta. Base es tan silenciosa que solo. Escuchar\u00e1s tu enfoque en la. Partida, sin distracciones. Ilumina. Tu experiencia. Con 10 modos de iluminaci\u00f3n. Ajusta el ambiente visual a. Cada momento de juego. Desde un resplandor suave. Hasta luces vibrantes, tu setup. Reejar\u00e1 la intensidad de cada. Partida, d\u00e1ndole estilo a tus. Sesiones de juego. Elevaci\u00f3n. Estrat\u00e9gica. Ajusta la base en seis niveles. Distintos para encontrar la. Posici\u00f3n perfecta que se. Ajuste a tu estilo de juego. M\u00e1ximo confort en cada sesi\u00f3n. Sin importar el desaf\u00edo. Compatibilidad. Universal. Esta base es ideal para laptops de. Hasta 17. Si te mueves entre. Distintos mundos virtuales. Puedes confiar en que tu equipo. Estar\u00e1 seguro y c\u00f3modo mientras. T\u00fa dominas cualquier aventura. Bajo control. Siempre. Regula la velocidad de los. Ventiladores y elige entre. 10 modos de iluminaci\u00f3n. Personaliza tu experiencia, ya. Sea en la batalla m\u00e1s intensa. O durante la relajada. Exploraci\u00f3n de mundos. Virtuales<\/p>\n","protected":false},"featured_media":258797,"comment_status":"open","ping_status":"open","template":"","meta":[],"product_cat":[1485,1486],"product_tag":[2097],"acf":[],"yoast_head":"<!-- This site is optimized with the Yoast SEO plugin v21.7 - https:\/\/yoast.com\/wordpress\/plugins\/seo\/ -->\n<title>[ Balam Rush ] &#129351; Br-941129 Base Enfriadora Gamer Eolox Frost Pro Ef760 \/ Laptop 17 Pulg \/ 8 Ventiladores \/ 6 Niveles \/ Iluminacion Rgb \/ Velocidad Ajustable \/ Soporte P Celular \/ Puerto Usb \/ Negro \/<\/title>\n<meta name=\"description\" content=\"Compra Br-941129 Base Enfriadora Gamer Eolox Frost Pro Ef760 \/ Laptop 17 Pulg \/ 8 Ventiladores \/ 6 Niveles \/ Iluminacion Rgb \/ Velocidad Ajustable \/ Soporte P Celular \/ Puerto Usb \/ Negro \/ + Env\u00edo a domicilio + Pago seguro + Garant\u00eda\" \/>\n<meta name=\"robots\" content=\"index, follow, max-snippet:-1, max-image-preview:large, max-video-preview:-1\" \/>\n<link rel=\"canonical\" href=\"https:\/\/compuviper.mx\/tienda\/producto\/balam-rush-br-941129-base-enfriadora-gamer-eolox-frost-pro-ef760-laptop-17-pulg-8-ventiladores-6-niveles-iluminacion-rgb-velocidad-ajustable-soporte-p-celular-puerto-usb-negro\/\" \/>\n<meta property=\"og:locale\" content=\"es_MX\" \/>\n<meta property=\"og:type\" content=\"article\" \/>\n<meta property=\"og:title\" content=\"[ Balam Rush ] &#129351; Br-941129 Base Enfriadora Gamer Eolox Frost Pro Ef760 \/ Laptop 17 Pulg \/ 8 Ventiladores \/ 6 Niveles \/ Iluminacion Rgb \/ Velocidad Ajustable \/ Soporte P Celular \/ Puerto Usb \/ Negro \/\" \/>\n<meta property=\"og:description\" content=\"Compra Br-941129 Base Enfriadora Gamer Eolox Frost Pro Ef760 \/ Laptop 17 Pulg \/ 8 Ventiladores \/ 6 Niveles \/ Iluminacion Rgb \/ Velocidad Ajustable \/ Soporte P Celular \/ Puerto Usb \/ Negro \/ + Env\u00edo a domicilio + Pago seguro + Garant\u00eda\" \/>\n<meta property=\"og:url\" content=\"https:\/\/compuviper.mx\/tienda\/producto\/balam-rush-br-941129-base-enfriadora-gamer-eolox-frost-pro-ef760-laptop-17-pulg-8-ventiladores-6-niveles-iluminacion-rgb-velocidad-ajustable-soporte-p-celular-puerto-usb-negro\/\" \/>\n<meta property=\"og:site_name\" content=\"Compuviper\" \/>\n<meta property=\"article:publisher\" content=\"https:\/\/www.facebook.com\/compuviper\" \/>\n<meta property=\"og:image\" content=\"https:\/\/compuviper.mx\/tienda\/wp-content\/uploads\/2025\/10\/Base-enfriadora-gamer-balam-rush-eolox-frost-pro-ef760-laptop-17-pulg-8-ventiladores-6-niveles-iluminacion-rgb-velocidad-ajustable-soporte-p-celular-puerto-usb-negro-br-941129.jpg\" \/>\n\t<meta property=\"og:image:width\" content=\"200\" \/>\n\t<meta property=\"og:image:height\" content=\"200\" \/>\n\t<meta property=\"og:image:type\" content=\"image\/jpeg\" \/>\n<meta name=\"twitter:card\" content=\"summary_large_image\" \/>\n<meta name=\"twitter:label1\" content=\"Precio\" \/>\n\t<meta name=\"twitter:data1\" content=\"&#36;536 con IVA\" \/>\n\t<meta name=\"twitter:label2\" content=\"Availability\" \/>\n\t<meta name=\"twitter:data2\" content=\"Out of stock\" \/>\n<script type=\"application\/ld+json\" class=\"yoast-schema-graph\">{\"@context\":\"https:\/\/schema.org\",\"@graph\":[{\"@type\":\"WebPage\",\"@id\":\"https:\/\/compuviper.mx\/tienda\/producto\/balam-rush-br-941129-base-enfriadora-gamer-eolox-frost-pro-ef760-laptop-17-pulg-8-ventiladores-6-niveles-iluminacion-rgb-velocidad-ajustable-soporte-p-celular-puerto-usb-negro\/\",\"url\":\"https:\/\/compuviper.mx\/tienda\/producto\/balam-rush-br-941129-base-enfriadora-gamer-eolox-frost-pro-ef760-laptop-17-pulg-8-ventiladores-6-niveles-iluminacion-rgb-velocidad-ajustable-soporte-p-celular-puerto-usb-negro\/\",\"name\":\"[ Balam Rush ] &#129351; Br-941129 Base Enfriadora Gamer Eolox Frost Pro Ef760 \/ Laptop 17 Pulg \/ 8 Ventiladores \/ 6 Niveles \/ Iluminacion Rgb \/ Velocidad Ajustable \/ Soporte P Celular \/ Puerto Usb \/ Negro \/\",\"isPartOf\":{\"@id\":\"https:\/\/compuviper.mx\/tienda\/#website\"},\"datePublished\":\"2026-04-02T05:16:23+00:00\",\"dateModified\":\"2026-04-02T05:16:23+00:00\",\"description\":\"Compra Br-941129 Base Enfriadora Gamer Eolox Frost Pro Ef760 \/ Laptop 17 Pulg \/ 8 Ventiladores \/ 6 Niveles \/ Iluminacion Rgb \/ Velocidad Ajustable \/ Soporte P Celular \/ Puerto Usb \/ Negro \/ + Env\u00edo a domicilio + Pago seguro + Garant\u00eda\",\"breadcrumb\":{\"@id\":\"https:\/\/compuviper.mx\/tienda\/producto\/balam-rush-br-941129-base-enfriadora-gamer-eolox-frost-pro-ef760-laptop-17-pulg-8-ventiladores-6-niveles-iluminacion-rgb-velocidad-ajustable-soporte-p-celular-puerto-usb-negro\/#breadcrumb\"},\"inLanguage\":\"es-MX\",\"potentialAction\":[{\"@type\":\"ReadAction\",\"target\":[\"https:\/\/compuviper.mx\/tienda\/producto\/balam-rush-br-941129-base-enfriadora-gamer-eolox-frost-pro-ef760-laptop-17-pulg-8-ventiladores-6-niveles-iluminacion-rgb-velocidad-ajustable-soporte-p-celular-puerto-usb-negro\/\"]}]},{\"@type\":\"BreadcrumbList\",\"@id\":\"https:\/\/compuviper.mx\/tienda\/producto\/balam-rush-br-941129-base-enfriadora-gamer-eolox-frost-pro-ef760-laptop-17-pulg-8-ventiladores-6-niveles-iluminacion-rgb-velocidad-ajustable-soporte-p-celular-puerto-usb-negro\/#breadcrumb\",\"itemListElement\":[{\"@type\":\"ListItem\",\"position\":1,\"name\":\"Inicio\",\"item\":\"https:\/\/compuviper.mx\/tienda\/\"},{\"@type\":\"ListItem\",\"position\":2,\"name\":\"Productos\",\"item\":\"https:\/\/compuviper.mx\/tienda\/productos\/\"},{\"@type\":\"ListItem\",\"position\":3,\"name\":\"Accesorios\",\"item\":\"https:\/\/compuviper.mx\/tienda\/categoria-producto\/accesorios\/\"},{\"@type\":\"ListItem\",\"position\":4,\"name\":\"Portatil\",\"item\":\"https:\/\/compuviper.mx\/tienda\/categoria-producto\/accesorios\/portatil\/\"},{\"@type\":\"ListItem\",\"position\":5,\"name\":\"Balam Rush Br-941129 Base Enfriadora Gamer Eolox Frost Pro Ef760 \/ Laptop 17 Pulg \/ 8 Ventiladores \/ 6 Niveles \/ Iluminacion Rgb \/ Velocidad Ajustable \/ Soporte P Celular \/ Puerto Usb \/ Negro \/\"}]},{\"@type\":\"WebSite\",\"@id\":\"https:\/\/compuviper.mx\/tienda\/#website\",\"url\":\"https:\/\/compuviper.mx\/tienda\/\",\"name\":\"Compuviper\",\"description\":\"Proveedor de Computadoras, Laptops, Servidores, Monitores, Puntos de Venta, Teclados,   Impresoras, T\u00f3ner, C\u00e1maras de Seguridad y m\u00e1s en tu tienda en l\u00ednea\",\"publisher\":{\"@id\":\"https:\/\/compuviper.mx\/tienda\/#organization\"},\"potentialAction\":[{\"@type\":\"SearchAction\",\"target\":{\"@type\":\"EntryPoint\",\"urlTemplate\":\"https:\/\/compuviper.mx\/tienda\/?s={search_term_string}\"},\"query-input\":\"required name=search_term_string\"}],\"inLanguage\":\"es-MX\"},{\"@type\":\"Organization\",\"@id\":\"https:\/\/compuviper.mx\/tienda\/#organization\",\"name\":\"Compuviper\",\"url\":\"https:\/\/compuviper.mx\/tienda\/\",\"logo\":{\"@type\":\"ImageObject\",\"inLanguage\":\"es-MX\",\"@id\":\"https:\/\/compuviper.mx\/tienda\/#\/schema\/logo\/image\/\",\"url\":\"https:\/\/compuviper.mx\/tienda\/wp-content\/uploads\/2021\/08\/Logo-Compuviper-10.png\",\"contentUrl\":\"https:\/\/compuviper.mx\/tienda\/wp-content\/uploads\/2021\/08\/Logo-Compuviper-10.png\",\"width\":1000,\"height\":500,\"caption\":\"Compuviper\"},\"image\":{\"@id\":\"https:\/\/compuviper.mx\/tienda\/#\/schema\/logo\/image\/\"},\"sameAs\":[\"https:\/\/www.facebook.com\/compuviper\",\"https:\/\/www.youtube.com\/channel\/UCf73dERp9Y3cfOq7q8BhLjA?view_as=subscriber\"]}]}<\/script>\n<meta property=\"product:brand\" content=\"Balam Rush\" \/>\n<meta property=\"product:price:amount\" content=\"536\" \/>\n<meta property=\"product:price:currency\" content=\"MXN\" \/>\n<meta property=\"og:availability\" content=\"out of stock\" \/>\n<meta property=\"product:availability\" content=\"out of stock\" \/>\n<meta property=\"product:retailer_item_id\" content=\"BR-941129\" \/>\n<meta property=\"product:condition\" content=\"new\" \/>\n<!-- \/ Yoast SEO plugin. -->","yoast_head_json":{"title":"[ Balam Rush ] &#129351; Br-941129 Base Enfriadora Gamer Eolox Frost Pro Ef760 \/ Laptop 17 Pulg \/ 8 Ventiladores \/ 6 Niveles \/ Iluminacion Rgb \/ Velocidad Ajustable \/ Soporte P Celular \/ Puerto Usb \/ Negro \/","description":"Compra Br-941129 Base Enfriadora Gamer Eolox Frost Pro Ef760 \/ Laptop 17 Pulg \/ 8 Ventiladores \/ 6 Niveles \/ Iluminacion Rgb \/ Velocidad Ajustable \/ Soporte P Celular \/ Puerto Usb \/ Negro \/ + Env\u00edo a domicilio + Pago seguro + Garant\u00eda","robots":{"index":"index","follow":"follow","max-snippet":"max-snippet:-1","max-image-preview":"max-image-preview:large","max-video-preview":"max-video-preview:-1"},"canonical":"https:\/\/compuviper.mx\/tienda\/producto\/balam-rush-br-941129-base-enfriadora-gamer-eolox-frost-pro-ef760-laptop-17-pulg-8-ventiladores-6-niveles-iluminacion-rgb-velocidad-ajustable-soporte-p-celular-puerto-usb-negro\/","og_locale":"es_MX","og_type":"article","og_title":"[ Balam Rush ] &#129351; Br-941129 Base Enfriadora Gamer Eolox Frost Pro Ef760 \/ Laptop 17 Pulg \/ 8 Ventiladores \/ 6 Niveles \/ Iluminacion Rgb \/ Velocidad Ajustable \/ Soporte P Celular \/ Puerto Usb \/ Negro \/","og_description":"Compra Br-941129 Base Enfriadora Gamer Eolox Frost Pro Ef760 \/ Laptop 17 Pulg \/ 8 Ventiladores \/ 6 Niveles \/ Iluminacion Rgb \/ Velocidad Ajustable \/ Soporte P Celular \/ Puerto Usb \/ Negro \/ + Env\u00edo a domicilio + Pago seguro + Garant\u00eda","og_url":"https:\/\/compuviper.mx\/tienda\/producto\/balam-rush-br-941129-base-enfriadora-gamer-eolox-frost-pro-ef760-laptop-17-pulg-8-ventiladores-6-niveles-iluminacion-rgb-velocidad-ajustable-soporte-p-celular-puerto-usb-negro\/","og_site_name":"Compuviper","article_publisher":"https:\/\/www.facebook.com\/compuviper","og_image":[{"width":200,"height":200,"url":"https:\/\/compuviper.mx\/tienda\/wp-content\/uploads\/2025\/10\/Base-enfriadora-gamer-balam-rush-eolox-frost-pro-ef760-laptop-17-pulg-8-ventiladores-6-niveles-iluminacion-rgb-velocidad-ajustable-soporte-p-celular-puerto-usb-negro-br-941129.jpg","type":"image\/jpeg"}],"twitter_card":"summary_large_image","twitter_misc":{"Precio":"&#36;536 con IVA","Availability":"Out of stock"},"schema":{"@context":"https:\/\/schema.org","@graph":[{"@type":"WebPage","@id":"https:\/\/compuviper.mx\/tienda\/producto\/balam-rush-br-941129-base-enfriadora-gamer-eolox-frost-pro-ef760-laptop-17-pulg-8-ventiladores-6-niveles-iluminacion-rgb-velocidad-ajustable-soporte-p-celular-puerto-usb-negro\/","url":"https:\/\/compuviper.mx\/tienda\/producto\/balam-rush-br-941129-base-enfriadora-gamer-eolox-frost-pro-ef760-laptop-17-pulg-8-ventiladores-6-niveles-iluminacion-rgb-velocidad-ajustable-soporte-p-celular-puerto-usb-negro\/","name":"[ Balam Rush ] &#129351; Br-941129 Base Enfriadora Gamer Eolox Frost Pro Ef760 \/ Laptop 17 Pulg \/ 8 Ventiladores \/ 6 Niveles \/ Iluminacion Rgb \/ Velocidad Ajustable \/ Soporte P Celular \/ Puerto Usb \/ Negro \/","isPartOf":{"@id":"https:\/\/compuviper.mx\/tienda\/#website"},"datePublished":"2026-04-02T05:16:23+00:00","dateModified":"2026-04-02T05:16:23+00:00","description":"Compra Br-941129 Base Enfriadora Gamer Eolox Frost Pro Ef760 \/ Laptop 17 Pulg \/ 8 Ventiladores \/ 6 Niveles \/ Iluminacion Rgb \/ Velocidad Ajustable \/ Soporte P Celular \/ Puerto Usb \/ Negro \/ + Env\u00edo a domicilio + Pago seguro + Garant\u00eda","breadcrumb":{"@id":"https:\/\/compuviper.mx\/tienda\/producto\/balam-rush-br-941129-base-enfriadora-gamer-eolox-frost-pro-ef760-laptop-17-pulg-8-ventiladores-6-niveles-iluminacion-rgb-velocidad-ajustable-soporte-p-celular-puerto-usb-negro\/#breadcrumb"},"inLanguage":"es-MX","potentialAction":[{"@type":"ReadAction","target":["https:\/\/compuviper.mx\/tienda\/producto\/balam-rush-br-941129-base-enfriadora-gamer-eolox-frost-pro-ef760-laptop-17-pulg-8-ventiladores-6-niveles-iluminacion-rgb-velocidad-ajustable-soporte-p-celular-puerto-usb-negro\/"]}]},{"@type":"BreadcrumbList","@id":"https:\/\/compuviper.mx\/tienda\/producto\/balam-rush-br-941129-base-enfriadora-gamer-eolox-frost-pro-ef760-laptop-17-pulg-8-ventiladores-6-niveles-iluminacion-rgb-velocidad-ajustable-soporte-p-celular-puerto-usb-negro\/#breadcrumb","itemListElement":[{"@type":"ListItem","position":1,"name":"Inicio","item":"https:\/\/compuviper.mx\/tienda\/"},{"@type":"ListItem","position":2,"name":"Productos","item":"https:\/\/compuviper.mx\/tienda\/productos\/"},{"@type":"ListItem","position":3,"name":"Accesorios","item":"https:\/\/compuviper.mx\/tienda\/categoria-producto\/accesorios\/"},{"@type":"ListItem","position":4,"name":"Portatil","item":"https:\/\/compuviper.mx\/tienda\/categoria-producto\/accesorios\/portatil\/"},{"@type":"ListItem","position":5,"name":"Balam Rush Br-941129 Base Enfriadora Gamer Eolox Frost Pro Ef760 \/ Laptop 17 Pulg \/ 8 Ventiladores \/ 6 Niveles \/ Iluminacion Rgb \/ Velocidad Ajustable \/ Soporte P Celular \/ Puerto Usb \/ Negro \/"}]},{"@type":"WebSite","@id":"https:\/\/compuviper.mx\/tienda\/#website","url":"https:\/\/compuviper.mx\/tienda\/","name":"Compuviper","description":"Proveedor de Computadoras, Laptops, Servidores, Monitores, Puntos de Venta, Teclados,   Impresoras, T\u00f3ner, C\u00e1maras de Seguridad y m\u00e1s en tu tienda en l\u00ednea","publisher":{"@id":"https:\/\/compuviper.mx\/tienda\/#organization"},"potentialAction":[{"@type":"SearchAction","target":{"@type":"EntryPoint","urlTemplate":"https:\/\/compuviper.mx\/tienda\/?s={search_term_string}"},"query-input":"required name=search_term_string"}],"inLanguage":"es-MX"},{"@type":"Organization","@id":"https:\/\/compuviper.mx\/tienda\/#organization","name":"Compuviper","url":"https:\/\/compuviper.mx\/tienda\/","logo":{"@type":"ImageObject","inLanguage":"es-MX","@id":"https:\/\/compuviper.mx\/tienda\/#\/schema\/logo\/image\/","url":"https:\/\/compuviper.mx\/tienda\/wp-content\/uploads\/2021\/08\/Logo-Compuviper-10.png","contentUrl":"https:\/\/compuviper.mx\/tienda\/wp-content\/uploads\/2021\/08\/Logo-Compuviper-10.png","width":1000,"height":500,"caption":"Compuviper"},"image":{"@id":"https:\/\/compuviper.mx\/tienda\/#\/schema\/logo\/image\/"},"sameAs":["https:\/\/www.facebook.com\/compuviper","https:\/\/www.youtube.com\/channel\/UCf73dERp9Y3cfOq7q8BhLjA?view_as=subscriber"]}]},"product_brand":"Balam Rush","product_price_amount":"536","product_price_currency":"MXN","og_availability":"out of stock","product_availability":"out of stock","product_retailer_item_id":"BR-941129","product_condition":"new"},"_links":{"self":[{"href":"https:\/\/compuviper.mx\/tienda\/wp-json\/wp\/v2\/product\/250595"}],"collection":[{"href":"https:\/\/compuviper.mx\/tienda\/wp-json\/wp\/v2\/product"}],"about":[{"href":"https:\/\/compuviper.mx\/tienda\/wp-json\/wp\/v2\/types\/product"}],"replies":[{"embeddable":true,"href":"https:\/\/compuviper.mx\/tienda\/wp-json\/wp\/v2\/comments?post=250595"}],"wp:featuredmedia":[{"embeddable":true,"href":"https:\/\/compuviper.mx\/tienda\/wp-json\/wp\/v2\/media\/258797"}],"wp:attachment":[{"href":"https:\/\/compuviper.mx\/tienda\/wp-json\/wp\/v2\/media?parent=250595"}],"wp:term":[{"taxonomy":"product_cat","embeddable":true,"href":"https:\/\/compuviper.mx\/tienda\/wp-json\/wp\/v2\/product_cat?post=250595"},{"taxonomy":"product_tag","embeddable":true,"href":"https:\/\/compuviper.mx\/tienda\/wp-json\/wp\/v2\/product_tag?post=250595"}],"curies":[{"name":"wp","href":"https:\/\/api.w.org\/{rel}","templated":true}]}}