{"id":250589,"date":"2026-04-02T02:07:09","date_gmt":"2026-04-02T08:07:09","guid":{"rendered":"https:\/\/compuviper.mx\/tienda\/producto\/acteck-ac-940948-audifonos-honour-2-plus-hp626-diadema-inalambricos-bt-5-4-aux-3-5-mm-bateria-25-hrs-microfono-omnidireccional-20-hz-20-khz-cancelacion-de-ruido-negro\/"},"modified":"2026-04-02T02:07:09","modified_gmt":"2026-04-02T08:07:09","slug":"acteck-ac-9409487506215940948-audifonos-honour-2-plus-hp626-diadema-inalambricos-bt-5-4-aux-3-5-mm-bateria-25-hrs-microfono-omnidireccional-20-hz-20-khz-cancelacion-de-ruido-negro","status":"publish","type":"product","link":"https:\/\/compuviper.mx\/tienda\/producto\/acteck-ac-9409487506215940948-audifonos-honour-2-plus-hp626-diadema-inalambricos-bt-5-4-aux-3-5-mm-bateria-25-hrs-microfono-omnidireccional-20-hz-20-khz-cancelacion-de-ruido-negro\/","title":{"rendered":"Acteck Ac-940948,7506215940948 Audifonos  Honour 2 Plus Hp626 \/ Diadema \/ Inalambricos \/ Bt 5.4 &#8211; Aux 3.5 Mm \/ Bateria 25 Hrs \/ Microfono Omnidireccional \/ 20 Hz-20 Khz \/ Cancelacion De Ruido \/ Negro \/ Ac-940948"},"content":{"rendered":"<table class=\"descripcion\">\n<tr>\n<td>Especificaciones<\/td>\n<\/tr>\n<tr>\n<td>\u0095 producto: audifonos<\/td>\n<\/tr>\n<tr>\n<td>\u0095 modelo: ac-940948<\/td>\n<\/tr>\n<tr>\n<td>\u0095 color: negro<\/td>\n<\/tr>\n<tr>\n<td>\u0095 materiales: abs+ pp + metal<\/td>\n<\/tr>\n<tr>\n<td>\u0095 material de almohadillas: pu<\/td>\n<\/tr>\n<tr>\n<td>\u0095 dimensiones: 180 x 83 x 192 mm<\/td>\n<\/tr>\n<tr>\n<td>\u0095 peso: 233 g<\/td>\n<\/tr>\n<tr>\n<td>\u0095 conectividad: bluetooth 5.4 y conexi\u00f3n aux<\/td>\n<\/tr>\n<tr>\n<td>\u0095  sonido<\/td>\n<\/tr>\n<tr>\n<td>        and #61607; tama\u00f1o de bocina: 40 mm<\/td>\n<\/tr>\n<tr>\n<td>        and #61607; frecuencia de respuesta: 20 &#8211; 20 khz<\/td>\n<\/tr>\n<tr>\n<td>        and #61607; impedancia: 32  and #937;<\/td>\n<\/tr>\n<tr>\n<td>        and #61607; sensibilidad: 92 db<\/td>\n<\/tr>\n<tr>\n<td>        and #61607; cancelacion de ruido: -20 db<\/td>\n<\/tr>\n<tr>\n<td>\u0095 microfono<\/td>\n<\/tr>\n<tr>\n<td>       and #61607; tipo: ecm<\/td>\n<\/tr>\n<tr>\n<td>       and #61607; sensibilidad: -38 db<\/td>\n<\/tr>\n<tr>\n<td>       and #61607; direccion: omnidireccional<\/td>\n<\/tr>\n<tr>\n<td>\u0095 alimentacion<\/td>\n<\/tr>\n<tr>\n<td>        and #61607; puerto de carga: usb tipo c<\/td>\n<\/tr>\n<tr>\n<td>        and #61607; bateria: 200 mah<\/td>\n<\/tr>\n<tr>\n<td>        and #61607; tiempo de carga: 2 horas<\/td>\n<\/tr>\n<tr>\n<td>        and #61607; duracion de bateria: 25 horas<\/td>\n<\/tr>\n<tr>\n<td>        and #61607; voltaje: 5 v and #9107; 1 a<\/td>\n<\/tr>\n<tr>\n<td>\u0095 codigo ean-13: 7506215940948<\/td>\n<\/tr>\n<tr>\n<td>\u0095 medida de empaque (l*w*h*): 19.5 cm * 8.2 cm * 19.6 cm<\/td>\n<\/tr>\n<\/table>\n","protected":false},"excerpt":{"rendered":"<p>Innovaci\u00f3n y ligereza para. El profesional en movimiento. Fabricados con materiales de alta calidad como. Abs+pp+metal, ofrecen la resistencia que necesitas sin. Sacrificar ligereza. Con solo 233 gramos, son perfectos para. Llevarlos contigo todo el d\u00eda, mientras disfrutas de un. Sonido envolvente gracias a sus bocinas de 40 mm y. Una frecuencia de respuesta sin igual. Conexi\u00f3n. Estable y r\u00e1pida. Gracias a la tecnolog\u00eda bluetooth 5.4 o. Mediante conexi\u00f3n auxiliar, experimenta. Una conexi\u00f3n r\u00e1pida sin interrupciones y. Adaptable con tus dispositivos. Suprime el. Ruido exterior. Sum\u00e9rgete completamente en tu. M\u00fasica o llamadas sin distracciones. Con la cancelaci\u00f3n de ruido de -20. Db y disfruta de llamadas n\u00edtidas con. Su micr\u00f3fono omnidireccional. Creando un oasis de tranquilidad en. Cualquier lugar. Bater\u00eda de. Larga duraci\u00f3n. Disfruta de hasta 25 horas de. Reproducci\u00f3n continua con solo 2 horas. De carga mediante su puerto usb tipo c. Control. Sin complicaci\u00f3n. Cambia de pista, ajusta el volumen o responde. Llamadas con un simple toque. Mant\u00e9n todo bajo. Control sin necesidad de sacar tu dispositivo.<\/p>\n","protected":false},"featured_media":260884,"comment_status":"open","ping_status":"open","template":"","meta":[],"product_cat":[1552,1816],"product_tag":[1582],"acf":[],"yoast_head":"<!-- This site is optimized with the Yoast SEO plugin v21.7 - https:\/\/yoast.com\/wordpress\/plugins\/seo\/ -->\n<title>[ Acteck ] &#129351; Ac-940948,7506215940948 Audifonos Honour 2 Plus Hp626 \/ Diadema \/ Inalambricos \/ Bt 5.4 - Aux 3.5 Mm \/ Bateria 25 Hrs \/ Microfono Omnidireccional \/ 20 Hz-20 Khz \/ Cancelacion De Ruido \/ Negro \/ Ac-940948<\/title>\n<meta name=\"description\" content=\"Compra Ac-940948,7506215940948 Audifonos Honour 2 Plus Hp626 \/ Diadema \/ Inalambricos \/ Bt 5.4 - Aux 3.5 Mm \/ Bateria 25 Hrs \/ Microfono Omnidireccional \/ 20 Hz-20 Khz \/ Cancelacion De Ruido \/ Negro \/ Ac-940948 + Env\u00edo a domicilio + Pago seguro + Garant\u00eda\" \/>\n<meta name=\"robots\" content=\"index, follow, max-snippet:-1, max-image-preview:large, max-video-preview:-1\" \/>\n<link rel=\"canonical\" href=\"https:\/\/compuviper.mx\/tienda\/producto\/acteck-ac-9409487506215940948-audifonos-honour-2-plus-hp626-diadema-inalambricos-bt-5-4-aux-3-5-mm-bateria-25-hrs-microfono-omnidireccional-20-hz-20-khz-cancelacion-de-ruido-negro\/\" \/>\n<meta property=\"og:locale\" content=\"es_MX\" \/>\n<meta property=\"og:type\" content=\"article\" \/>\n<meta property=\"og:title\" content=\"[ Acteck ] &#129351; Ac-940948,7506215940948 Audifonos Honour 2 Plus Hp626 \/ Diadema \/ Inalambricos \/ Bt 5.4 - Aux 3.5 Mm \/ Bateria 25 Hrs \/ Microfono Omnidireccional \/ 20 Hz-20 Khz \/ Cancelacion De Ruido \/ Negro \/ Ac-940948\" \/>\n<meta property=\"og:description\" content=\"Compra Ac-940948,7506215940948 Audifonos Honour 2 Plus Hp626 \/ Diadema \/ Inalambricos \/ Bt 5.4 - Aux 3.5 Mm \/ Bateria 25 Hrs \/ Microfono Omnidireccional \/ 20 Hz-20 Khz \/ Cancelacion De Ruido \/ Negro \/ Ac-940948 + Env\u00edo a domicilio + Pago seguro + Garant\u00eda\" \/>\n<meta property=\"og:url\" content=\"https:\/\/compuviper.mx\/tienda\/producto\/acteck-ac-9409487506215940948-audifonos-honour-2-plus-hp626-diadema-inalambricos-bt-5-4-aux-3-5-mm-bateria-25-hrs-microfono-omnidireccional-20-hz-20-khz-cancelacion-de-ruido-negro\/\" \/>\n<meta property=\"og:site_name\" content=\"Compuviper\" \/>\n<meta property=\"article:publisher\" content=\"https:\/\/www.facebook.com\/compuviper\" \/>\n<meta property=\"og:image\" content=\"https:\/\/compuviper.mx\/tienda\/wp-content\/uploads\/2025\/10\/Audifonos-acteck-honour-2-plus-hp626-diadema-inalambricos-bt-5.4-aux-3.5-mm-bateria-25-hrs-microfono-omnidireccional-20-hz-20-khz-cancelacion-de-ruido-negro-ac-940948.jpg\" \/>\n\t<meta property=\"og:image:width\" content=\"200\" \/>\n\t<meta property=\"og:image:height\" content=\"200\" \/>\n\t<meta property=\"og:image:type\" content=\"image\/jpeg\" \/>\n<meta name=\"twitter:card\" content=\"summary_large_image\" \/>\n<meta name=\"twitter:label1\" content=\"Precio\" \/>\n\t<meta name=\"twitter:data1\" content=\"&#36;347 con IVA\" \/>\n\t<meta name=\"twitter:label2\" content=\"Availability\" \/>\n\t<meta name=\"twitter:data2\" content=\"In stock\" \/>\n<script type=\"application\/ld+json\" class=\"yoast-schema-graph\">{\"@context\":\"https:\/\/schema.org\",\"@graph\":[{\"@type\":\"WebPage\",\"@id\":\"https:\/\/compuviper.mx\/tienda\/producto\/acteck-ac-9409487506215940948-audifonos-honour-2-plus-hp626-diadema-inalambricos-bt-5-4-aux-3-5-mm-bateria-25-hrs-microfono-omnidireccional-20-hz-20-khz-cancelacion-de-ruido-negro\/\",\"url\":\"https:\/\/compuviper.mx\/tienda\/producto\/acteck-ac-9409487506215940948-audifonos-honour-2-plus-hp626-diadema-inalambricos-bt-5-4-aux-3-5-mm-bateria-25-hrs-microfono-omnidireccional-20-hz-20-khz-cancelacion-de-ruido-negro\/\",\"name\":\"[ Acteck ] &#129351; Ac-940948,7506215940948 Audifonos Honour 2 Plus Hp626 \/ Diadema \/ Inalambricos \/ Bt 5.4 - Aux 3.5 Mm \/ Bateria 25 Hrs \/ Microfono Omnidireccional \/ 20 Hz-20 Khz \/ Cancelacion De Ruido \/ Negro \/ Ac-940948\",\"isPartOf\":{\"@id\":\"https:\/\/compuviper.mx\/tienda\/#website\"},\"datePublished\":\"2026-04-02T08:07:09+00:00\",\"dateModified\":\"2026-04-02T08:07:09+00:00\",\"description\":\"Compra Ac-940948,7506215940948 Audifonos Honour 2 Plus Hp626 \/ Diadema \/ Inalambricos \/ Bt 5.4 - Aux 3.5 Mm \/ Bateria 25 Hrs \/ Microfono Omnidireccional \/ 20 Hz-20 Khz \/ Cancelacion De Ruido \/ Negro \/ Ac-940948 + Env\u00edo a domicilio + Pago seguro + Garant\u00eda\",\"breadcrumb\":{\"@id\":\"https:\/\/compuviper.mx\/tienda\/producto\/acteck-ac-9409487506215940948-audifonos-honour-2-plus-hp626-diadema-inalambricos-bt-5-4-aux-3-5-mm-bateria-25-hrs-microfono-omnidireccional-20-hz-20-khz-cancelacion-de-ruido-negro\/#breadcrumb\"},\"inLanguage\":\"es-MX\",\"potentialAction\":[{\"@type\":\"ReadAction\",\"target\":[\"https:\/\/compuviper.mx\/tienda\/producto\/acteck-ac-9409487506215940948-audifonos-honour-2-plus-hp626-diadema-inalambricos-bt-5-4-aux-3-5-mm-bateria-25-hrs-microfono-omnidireccional-20-hz-20-khz-cancelacion-de-ruido-negro\/\"]}]},{\"@type\":\"BreadcrumbList\",\"@id\":\"https:\/\/compuviper.mx\/tienda\/producto\/acteck-ac-9409487506215940948-audifonos-honour-2-plus-hp626-diadema-inalambricos-bt-5-4-aux-3-5-mm-bateria-25-hrs-microfono-omnidireccional-20-hz-20-khz-cancelacion-de-ruido-negro\/#breadcrumb\",\"itemListElement\":[{\"@type\":\"ListItem\",\"position\":1,\"name\":\"Inicio\",\"item\":\"https:\/\/compuviper.mx\/tienda\/\"},{\"@type\":\"ListItem\",\"position\":2,\"name\":\"Productos\",\"item\":\"https:\/\/compuviper.mx\/tienda\/productos\/\"},{\"@type\":\"ListItem\",\"position\":3,\"name\":\"Audifonos Y Micro\",\"item\":\"https:\/\/compuviper.mx\/tienda\/categoria-producto\/audifonos-y-micro\/\"},{\"@type\":\"ListItem\",\"position\":4,\"name\":\"Audifono Con Microfono\",\"item\":\"https:\/\/compuviper.mx\/tienda\/categoria-producto\/audifonos-y-micro\/audifono-con-microfono\/\"},{\"@type\":\"ListItem\",\"position\":5,\"name\":\"Acteck Ac-940948,7506215940948 Audifonos Honour 2 Plus Hp626 \/ Diadema \/ Inalambricos \/ Bt 5.4 &#8211; Aux 3.5 Mm \/ Bateria 25 Hrs \/ Microfono Omnidireccional \/ 20 Hz-20 Khz \/ Cancelacion De Ruido \/ Negro \/ Ac-940948\"}]},{\"@type\":\"WebSite\",\"@id\":\"https:\/\/compuviper.mx\/tienda\/#website\",\"url\":\"https:\/\/compuviper.mx\/tienda\/\",\"name\":\"Compuviper\",\"description\":\"Proveedor de Computadoras, Laptops, Servidores, Monitores, Puntos de Venta, Teclados,   Impresoras, T\u00f3ner, C\u00e1maras de Seguridad y m\u00e1s en tu tienda en l\u00ednea\",\"publisher\":{\"@id\":\"https:\/\/compuviper.mx\/tienda\/#organization\"},\"potentialAction\":[{\"@type\":\"SearchAction\",\"target\":{\"@type\":\"EntryPoint\",\"urlTemplate\":\"https:\/\/compuviper.mx\/tienda\/?s={search_term_string}\"},\"query-input\":\"required name=search_term_string\"}],\"inLanguage\":\"es-MX\"},{\"@type\":\"Organization\",\"@id\":\"https:\/\/compuviper.mx\/tienda\/#organization\",\"name\":\"Compuviper\",\"url\":\"https:\/\/compuviper.mx\/tienda\/\",\"logo\":{\"@type\":\"ImageObject\",\"inLanguage\":\"es-MX\",\"@id\":\"https:\/\/compuviper.mx\/tienda\/#\/schema\/logo\/image\/\",\"url\":\"https:\/\/compuviper.mx\/tienda\/wp-content\/uploads\/2021\/08\/Logo-Compuviper-10.png\",\"contentUrl\":\"https:\/\/compuviper.mx\/tienda\/wp-content\/uploads\/2021\/08\/Logo-Compuviper-10.png\",\"width\":1000,\"height\":500,\"caption\":\"Compuviper\"},\"image\":{\"@id\":\"https:\/\/compuviper.mx\/tienda\/#\/schema\/logo\/image\/\"},\"sameAs\":[\"https:\/\/www.facebook.com\/compuviper\",\"https:\/\/www.youtube.com\/channel\/UCf73dERp9Y3cfOq7q8BhLjA?view_as=subscriber\"]}]}<\/script>\n<meta property=\"product:brand\" content=\"ACTECK\" \/>\n<meta property=\"product:price:amount\" content=\"347\" \/>\n<meta property=\"product:price:currency\" content=\"MXN\" \/>\n<meta property=\"og:availability\" content=\"instock\" \/>\n<meta property=\"product:availability\" content=\"instock\" \/>\n<meta property=\"product:retailer_item_id\" content=\"AC-940948,7506215940948\" \/>\n<meta property=\"product:condition\" content=\"new\" \/>\n<!-- \/ Yoast SEO plugin. -->","yoast_head_json":{"title":"[ Acteck ] &#129351; Ac-940948,7506215940948 Audifonos Honour 2 Plus Hp626 \/ Diadema \/ Inalambricos \/ Bt 5.4 - Aux 3.5 Mm \/ Bateria 25 Hrs \/ Microfono Omnidireccional \/ 20 Hz-20 Khz \/ Cancelacion De Ruido \/ Negro \/ Ac-940948","description":"Compra Ac-940948,7506215940948 Audifonos Honour 2 Plus Hp626 \/ Diadema \/ Inalambricos \/ Bt 5.4 - Aux 3.5 Mm \/ Bateria 25 Hrs \/ Microfono Omnidireccional \/ 20 Hz-20 Khz \/ Cancelacion De Ruido \/ Negro \/ Ac-940948 + Env\u00edo a domicilio + Pago seguro + Garant\u00eda","robots":{"index":"index","follow":"follow","max-snippet":"max-snippet:-1","max-image-preview":"max-image-preview:large","max-video-preview":"max-video-preview:-1"},"canonical":"https:\/\/compuviper.mx\/tienda\/producto\/acteck-ac-9409487506215940948-audifonos-honour-2-plus-hp626-diadema-inalambricos-bt-5-4-aux-3-5-mm-bateria-25-hrs-microfono-omnidireccional-20-hz-20-khz-cancelacion-de-ruido-negro\/","og_locale":"es_MX","og_type":"article","og_title":"[ Acteck ] &#129351; Ac-940948,7506215940948 Audifonos Honour 2 Plus Hp626 \/ Diadema \/ Inalambricos \/ Bt 5.4 - Aux 3.5 Mm \/ Bateria 25 Hrs \/ Microfono Omnidireccional \/ 20 Hz-20 Khz \/ Cancelacion De Ruido \/ Negro \/ Ac-940948","og_description":"Compra Ac-940948,7506215940948 Audifonos Honour 2 Plus Hp626 \/ Diadema \/ Inalambricos \/ Bt 5.4 - Aux 3.5 Mm \/ Bateria 25 Hrs \/ Microfono Omnidireccional \/ 20 Hz-20 Khz \/ Cancelacion De Ruido \/ Negro \/ Ac-940948 + Env\u00edo a domicilio + Pago seguro + Garant\u00eda","og_url":"https:\/\/compuviper.mx\/tienda\/producto\/acteck-ac-9409487506215940948-audifonos-honour-2-plus-hp626-diadema-inalambricos-bt-5-4-aux-3-5-mm-bateria-25-hrs-microfono-omnidireccional-20-hz-20-khz-cancelacion-de-ruido-negro\/","og_site_name":"Compuviper","article_publisher":"https:\/\/www.facebook.com\/compuviper","og_image":[{"width":200,"height":200,"url":"https:\/\/compuviper.mx\/tienda\/wp-content\/uploads\/2025\/10\/Audifonos-acteck-honour-2-plus-hp626-diadema-inalambricos-bt-5.4-aux-3.5-mm-bateria-25-hrs-microfono-omnidireccional-20-hz-20-khz-cancelacion-de-ruido-negro-ac-940948.jpg","type":"image\/jpeg"}],"twitter_card":"summary_large_image","twitter_misc":{"Precio":"&#36;347 con IVA","Availability":"In stock"},"schema":{"@context":"https:\/\/schema.org","@graph":[{"@type":"WebPage","@id":"https:\/\/compuviper.mx\/tienda\/producto\/acteck-ac-9409487506215940948-audifonos-honour-2-plus-hp626-diadema-inalambricos-bt-5-4-aux-3-5-mm-bateria-25-hrs-microfono-omnidireccional-20-hz-20-khz-cancelacion-de-ruido-negro\/","url":"https:\/\/compuviper.mx\/tienda\/producto\/acteck-ac-9409487506215940948-audifonos-honour-2-plus-hp626-diadema-inalambricos-bt-5-4-aux-3-5-mm-bateria-25-hrs-microfono-omnidireccional-20-hz-20-khz-cancelacion-de-ruido-negro\/","name":"[ Acteck ] &#129351; Ac-940948,7506215940948 Audifonos Honour 2 Plus Hp626 \/ Diadema \/ Inalambricos \/ Bt 5.4 - Aux 3.5 Mm \/ Bateria 25 Hrs \/ Microfono Omnidireccional \/ 20 Hz-20 Khz \/ Cancelacion De Ruido \/ Negro \/ Ac-940948","isPartOf":{"@id":"https:\/\/compuviper.mx\/tienda\/#website"},"datePublished":"2026-04-02T08:07:09+00:00","dateModified":"2026-04-02T08:07:09+00:00","description":"Compra Ac-940948,7506215940948 Audifonos Honour 2 Plus Hp626 \/ Diadema \/ Inalambricos \/ Bt 5.4 - Aux 3.5 Mm \/ Bateria 25 Hrs \/ Microfono Omnidireccional \/ 20 Hz-20 Khz \/ Cancelacion De Ruido \/ Negro \/ Ac-940948 + Env\u00edo a domicilio + Pago seguro + Garant\u00eda","breadcrumb":{"@id":"https:\/\/compuviper.mx\/tienda\/producto\/acteck-ac-9409487506215940948-audifonos-honour-2-plus-hp626-diadema-inalambricos-bt-5-4-aux-3-5-mm-bateria-25-hrs-microfono-omnidireccional-20-hz-20-khz-cancelacion-de-ruido-negro\/#breadcrumb"},"inLanguage":"es-MX","potentialAction":[{"@type":"ReadAction","target":["https:\/\/compuviper.mx\/tienda\/producto\/acteck-ac-9409487506215940948-audifonos-honour-2-plus-hp626-diadema-inalambricos-bt-5-4-aux-3-5-mm-bateria-25-hrs-microfono-omnidireccional-20-hz-20-khz-cancelacion-de-ruido-negro\/"]}]},{"@type":"BreadcrumbList","@id":"https:\/\/compuviper.mx\/tienda\/producto\/acteck-ac-9409487506215940948-audifonos-honour-2-plus-hp626-diadema-inalambricos-bt-5-4-aux-3-5-mm-bateria-25-hrs-microfono-omnidireccional-20-hz-20-khz-cancelacion-de-ruido-negro\/#breadcrumb","itemListElement":[{"@type":"ListItem","position":1,"name":"Inicio","item":"https:\/\/compuviper.mx\/tienda\/"},{"@type":"ListItem","position":2,"name":"Productos","item":"https:\/\/compuviper.mx\/tienda\/productos\/"},{"@type":"ListItem","position":3,"name":"Audifonos Y Micro","item":"https:\/\/compuviper.mx\/tienda\/categoria-producto\/audifonos-y-micro\/"},{"@type":"ListItem","position":4,"name":"Audifono Con Microfono","item":"https:\/\/compuviper.mx\/tienda\/categoria-producto\/audifonos-y-micro\/audifono-con-microfono\/"},{"@type":"ListItem","position":5,"name":"Acteck Ac-940948,7506215940948 Audifonos Honour 2 Plus Hp626 \/ Diadema \/ Inalambricos \/ Bt 5.4 &#8211; Aux 3.5 Mm \/ Bateria 25 Hrs \/ Microfono Omnidireccional \/ 20 Hz-20 Khz \/ Cancelacion De Ruido \/ Negro \/ Ac-940948"}]},{"@type":"WebSite","@id":"https:\/\/compuviper.mx\/tienda\/#website","url":"https:\/\/compuviper.mx\/tienda\/","name":"Compuviper","description":"Proveedor de Computadoras, Laptops, Servidores, Monitores, Puntos de Venta, Teclados,   Impresoras, T\u00f3ner, C\u00e1maras de Seguridad y m\u00e1s en tu tienda en l\u00ednea","publisher":{"@id":"https:\/\/compuviper.mx\/tienda\/#organization"},"potentialAction":[{"@type":"SearchAction","target":{"@type":"EntryPoint","urlTemplate":"https:\/\/compuviper.mx\/tienda\/?s={search_term_string}"},"query-input":"required name=search_term_string"}],"inLanguage":"es-MX"},{"@type":"Organization","@id":"https:\/\/compuviper.mx\/tienda\/#organization","name":"Compuviper","url":"https:\/\/compuviper.mx\/tienda\/","logo":{"@type":"ImageObject","inLanguage":"es-MX","@id":"https:\/\/compuviper.mx\/tienda\/#\/schema\/logo\/image\/","url":"https:\/\/compuviper.mx\/tienda\/wp-content\/uploads\/2021\/08\/Logo-Compuviper-10.png","contentUrl":"https:\/\/compuviper.mx\/tienda\/wp-content\/uploads\/2021\/08\/Logo-Compuviper-10.png","width":1000,"height":500,"caption":"Compuviper"},"image":{"@id":"https:\/\/compuviper.mx\/tienda\/#\/schema\/logo\/image\/"},"sameAs":["https:\/\/www.facebook.com\/compuviper","https:\/\/www.youtube.com\/channel\/UCf73dERp9Y3cfOq7q8BhLjA?view_as=subscriber"]}]},"product_brand":"ACTECK","product_price_amount":"347","product_price_currency":"MXN","og_availability":"instock","product_availability":"instock","product_retailer_item_id":"AC-940948,7506215940948","product_condition":"new"},"_links":{"self":[{"href":"https:\/\/compuviper.mx\/tienda\/wp-json\/wp\/v2\/product\/250589"}],"collection":[{"href":"https:\/\/compuviper.mx\/tienda\/wp-json\/wp\/v2\/product"}],"about":[{"href":"https:\/\/compuviper.mx\/tienda\/wp-json\/wp\/v2\/types\/product"}],"replies":[{"embeddable":true,"href":"https:\/\/compuviper.mx\/tienda\/wp-json\/wp\/v2\/comments?post=250589"}],"wp:featuredmedia":[{"embeddable":true,"href":"https:\/\/compuviper.mx\/tienda\/wp-json\/wp\/v2\/media\/260884"}],"wp:attachment":[{"href":"https:\/\/compuviper.mx\/tienda\/wp-json\/wp\/v2\/media?parent=250589"}],"wp:term":[{"taxonomy":"product_cat","embeddable":true,"href":"https:\/\/compuviper.mx\/tienda\/wp-json\/wp\/v2\/product_cat?post=250589"},{"taxonomy":"product_tag","embeddable":true,"href":"https:\/\/compuviper.mx\/tienda\/wp-json\/wp\/v2\/product_tag?post=250589"}],"curies":[{"name":"wp","href":"https:\/\/api.w.org\/{rel}","templated":true}]}}