{"id":250587,"date":"2026-04-02T02:07:08","date_gmt":"2026-04-02T08:07:08","guid":{"rendered":"https:\/\/compuviper.mx\/tienda\/producto\/acteck-ac-940924-audifonos-triton-pro-hp636-diadema-inalambricos-bt-5-4-aux-3-5-mm-microfono-omnidireccional-bateria-30-hrs-cancelacion-de-ruido-ultraligeros-20-hz-20-khz-negro\/"},"modified":"2026-04-02T02:07:09","modified_gmt":"2026-04-02T08:07:09","slug":"acteck-ac-940924-audifonos-triton-pro-hp636-diadema-inalambricos-bt-5-4-aux-3-5-mm-microfono-omnidireccional-bateria-30-hrs-cancelacion-de-ruido-ultraligeros-20-hz-20-khz-negro","status":"publish","type":"product","link":"https:\/\/compuviper.mx\/tienda\/producto\/acteck-ac-940924-audifonos-triton-pro-hp636-diadema-inalambricos-bt-5-4-aux-3-5-mm-microfono-omnidireccional-bateria-30-hrs-cancelacion-de-ruido-ultraligeros-20-hz-20-khz-negro\/","title":{"rendered":"Acteck Ac-940924 Audifonos  Triton Pro Hp636 \/ Diadema \/ Inalambricos \/ Bt 5.4 &#8211; Aux 3.5 Mm \/ Microfono Omnidireccional \/ Bateria 30 Hrs \/ Cancelacion De Ruido \/ Ultraligeros \/ 20 Hz -20 Khz \/ Negro \/"},"content":{"rendered":"<table class=\"descripcion\">\n<tr>\n<td>Especificaciones<\/td>\n<\/tr>\n<tr>\n<td>\u0095 producto: audifonos<\/td>\n<\/tr>\n<tr>\n<td>\u0095 modelo: ac-940924<\/td>\n<\/tr>\n<tr>\n<td>\u0095 color: negro<\/td>\n<\/tr>\n<tr>\n<td>\u0095 materiales: abs+ pp + metal<\/td>\n<\/tr>\n<tr>\n<td>\u0095 material de almohadillas: pu<\/td>\n<\/tr>\n<tr>\n<td>\u0095 dimensiones: 180 x 80 x 188 mm<\/td>\n<\/tr>\n<tr>\n<td>\u0095 peso: 237.5 g<\/td>\n<\/tr>\n<tr>\n<td>\u0095 conectividad: bluetooth 5.4 y conexi\u00f3n aux<\/td>\n<\/tr>\n<tr>\n<td>\u0095  sonido<\/td>\n<\/tr>\n<tr>\n<td>       and #61607; tama\u00f1o de bocina: 40 mm<\/td>\n<\/tr>\n<tr>\n<td>       and #61607; frecuencia de respuesta: 20 &#8211; 20 khz<\/td>\n<\/tr>\n<tr>\n<td>       and #61607; impedancia: 32  and #937;<\/td>\n<\/tr>\n<tr>\n<td>       and #61607; sensibilidad: 105 db<\/td>\n<\/tr>\n<tr>\n<td>       and #61607; cancelacion de ruido: -32 db<\/td>\n<\/tr>\n<tr>\n<td>\u0095 microfono<\/td>\n<\/tr>\n<tr>\n<td>       and #61607; tipo: ecm<\/td>\n<\/tr>\n<tr>\n<td>       and #61607; sensibilidad: -37 db<\/td>\n<\/tr>\n<tr>\n<td>       and #61607; direccion: omnidireccional<\/td>\n<\/tr>\n<tr>\n<td>\u0095 alimentacion<\/td>\n<\/tr>\n<tr>\n<td>       and #61607; puerto de carga: usb tipo c<\/td>\n<\/tr>\n<tr>\n<td>       and #61607; bateria: 400 mah<\/td>\n<\/tr>\n<tr>\n<td>       and #61607; tiempo de carga: 3 horas<\/td>\n<\/tr>\n<tr>\n<td>       and #61607; duracion de bateria: 30 horas<\/td>\n<\/tr>\n<tr>\n<td>       and #61607; voltaje: 5 v and #9107; 1 a<\/td>\n<\/tr>\n<tr>\n<td>\u0095 codigo ean-13: 7506215940924<\/td>\n<\/tr>\n<tr>\n<td>\u0095 medida de empaque (l*w*h*): 18.5 cm * 8.2 cm * 19.6 cm<\/td>\n<\/tr>\n<\/table>\n","protected":false},"excerpt":{"rendered":"<p>Experiencia de sonido sin igual. Perfectos para quienes buscan estilo y rendimiento, estos aud\u00edfonos est\u00e1n. Fabricados con materiales de alta calidad: abs, pp y metal, con. Almohadillas suaves de pu que aseguran comodidad en largas. Sesiones de uso. Su peso ligero de 237.5 gramos los hace ideales. Para llevar a cualquier parte. Conexi\u00f3n sin limites. Con\u00e9ctate f\u00e1cilmente con su bluetooth 5.4 o mediante. Conexi\u00f3n auxiliar para disfrutar de una calidad de sonido. Impresionante gracias a sus bocinas de 40 mm. Con una. Impedancia de 32  and #937; y una sensibilidad de. 105 db, estos aud\u00edfonos te ofrecen un audio claro y. Potente en todo momento. Bater\u00eda de. Larga duraci\u00f3n. Equipados con una bater\u00eda de 400 mah. Obt\u00e9n hasta 30 horas de reproducci\u00f3n. Continua con solo 3 horas de carga mediante. Su puerto usb tipo c. Olv\u00eddate del. Ruido exterior. Con la cancelaci\u00f3n de ruido de -32 db y. Disfruta de llamadas n\u00edtidas con su. Micr\u00f3fono omnidireccional ecm de alta. Sensibilidad. Ultraligeros y. Comodos. Son tan livianos que apenas notar\u00e1s que los. Tienes puestos. Perfectos para tu d\u00eda a d\u00eda con la. Mejor comodidad,rendimiento y tecnolog\u00eda. La combinaci\u00f3n perfecta entre. Elegancia y funcionalidad<\/p>\n","protected":false},"featured_media":260882,"comment_status":"open","ping_status":"open","template":"","meta":[],"product_cat":[1552,1816],"product_tag":[1582],"acf":[],"yoast_head":"<!-- This site is optimized with the Yoast SEO plugin v21.7 - https:\/\/yoast.com\/wordpress\/plugins\/seo\/ -->\n<title>[ Acteck ] &#129351; Ac-940924 Audifonos Triton Pro Hp636 \/ Diadema \/ Inalambricos \/ Bt 5.4 - Aux 3.5 Mm \/ Microfono Omnidireccional \/ Bateria 30 Hrs \/ Cancelacion De Ruido \/ Ultraligeros \/ 20 Hz -20 Khz \/ Negro \/<\/title>\n<meta name=\"description\" content=\"Compra Ac-940924 Audifonos Triton Pro Hp636 \/ Diadema \/ Inalambricos \/ Bt 5.4 - Aux 3.5 Mm \/ Microfono Omnidireccional \/ Bateria 30 Hrs \/ Cancelacion De Ruido \/ Ultraligeros \/ 20 Hz -20 Khz \/ Negro \/ + Env\u00edo a domicilio + Pago seguro + Garant\u00eda\" \/>\n<meta name=\"robots\" content=\"index, follow, max-snippet:-1, max-image-preview:large, max-video-preview:-1\" \/>\n<link rel=\"canonical\" href=\"https:\/\/compuviper.mx\/tienda\/producto\/acteck-ac-940924-audifonos-triton-pro-hp636-diadema-inalambricos-bt-5-4-aux-3-5-mm-microfono-omnidireccional-bateria-30-hrs-cancelacion-de-ruido-ultraligeros-20-hz-20-khz-negro\/\" \/>\n<meta property=\"og:locale\" content=\"es_MX\" \/>\n<meta property=\"og:type\" content=\"article\" \/>\n<meta property=\"og:title\" content=\"[ Acteck ] &#129351; Ac-940924 Audifonos Triton Pro Hp636 \/ Diadema \/ Inalambricos \/ Bt 5.4 - Aux 3.5 Mm \/ Microfono Omnidireccional \/ Bateria 30 Hrs \/ Cancelacion De Ruido \/ Ultraligeros \/ 20 Hz -20 Khz \/ Negro \/\" \/>\n<meta property=\"og:description\" content=\"Compra Ac-940924 Audifonos Triton Pro Hp636 \/ Diadema \/ Inalambricos \/ Bt 5.4 - Aux 3.5 Mm \/ Microfono Omnidireccional \/ Bateria 30 Hrs \/ Cancelacion De Ruido \/ Ultraligeros \/ 20 Hz -20 Khz \/ Negro \/ + Env\u00edo a domicilio + Pago seguro + Garant\u00eda\" \/>\n<meta property=\"og:url\" content=\"https:\/\/compuviper.mx\/tienda\/producto\/acteck-ac-940924-audifonos-triton-pro-hp636-diadema-inalambricos-bt-5-4-aux-3-5-mm-microfono-omnidireccional-bateria-30-hrs-cancelacion-de-ruido-ultraligeros-20-hz-20-khz-negro\/\" \/>\n<meta property=\"og:site_name\" content=\"Compuviper\" \/>\n<meta property=\"article:publisher\" content=\"https:\/\/www.facebook.com\/compuviper\" \/>\n<meta property=\"article:modified_time\" content=\"2026-04-02T08:07:09+00:00\" \/>\n<meta property=\"og:image\" content=\"https:\/\/compuviper.mx\/tienda\/wp-content\/uploads\/2025\/10\/Audifonos-acteck-triton-pro-hp636-diadema-inalambricos-bt-5.4-aux-3.5-mm-microfono-omnidireccional-bateria-30-hrs-cancelacion-de-ruido-ultraligeros-20-hz-20-khz-negro-ac-940924.jpg\" \/>\n\t<meta property=\"og:image:width\" content=\"200\" \/>\n\t<meta property=\"og:image:height\" content=\"200\" \/>\n\t<meta property=\"og:image:type\" content=\"image\/jpeg\" \/>\n<meta name=\"twitter:card\" content=\"summary_large_image\" \/>\n<meta name=\"twitter:label1\" content=\"Precio\" \/>\n\t<meta name=\"twitter:data1\" content=\"&#36;498 con IVA\" \/>\n\t<meta name=\"twitter:label2\" content=\"Availability\" \/>\n\t<meta name=\"twitter:data2\" content=\"In stock\" \/>\n<script type=\"application\/ld+json\" class=\"yoast-schema-graph\">{\"@context\":\"https:\/\/schema.org\",\"@graph\":[{\"@type\":\"WebPage\",\"@id\":\"https:\/\/compuviper.mx\/tienda\/producto\/acteck-ac-940924-audifonos-triton-pro-hp636-diadema-inalambricos-bt-5-4-aux-3-5-mm-microfono-omnidireccional-bateria-30-hrs-cancelacion-de-ruido-ultraligeros-20-hz-20-khz-negro\/\",\"url\":\"https:\/\/compuviper.mx\/tienda\/producto\/acteck-ac-940924-audifonos-triton-pro-hp636-diadema-inalambricos-bt-5-4-aux-3-5-mm-microfono-omnidireccional-bateria-30-hrs-cancelacion-de-ruido-ultraligeros-20-hz-20-khz-negro\/\",\"name\":\"[ Acteck ] &#129351; Ac-940924 Audifonos Triton Pro Hp636 \/ Diadema \/ Inalambricos \/ Bt 5.4 - Aux 3.5 Mm \/ Microfono Omnidireccional \/ Bateria 30 Hrs \/ Cancelacion De Ruido \/ Ultraligeros \/ 20 Hz -20 Khz \/ Negro \/\",\"isPartOf\":{\"@id\":\"https:\/\/compuviper.mx\/tienda\/#website\"},\"datePublished\":\"2026-04-02T08:07:08+00:00\",\"dateModified\":\"2026-04-02T08:07:09+00:00\",\"description\":\"Compra Ac-940924 Audifonos Triton Pro Hp636 \/ Diadema \/ Inalambricos \/ Bt 5.4 - Aux 3.5 Mm \/ Microfono Omnidireccional \/ Bateria 30 Hrs \/ Cancelacion De Ruido \/ Ultraligeros \/ 20 Hz -20 Khz \/ Negro \/ + Env\u00edo a domicilio + Pago seguro + Garant\u00eda\",\"breadcrumb\":{\"@id\":\"https:\/\/compuviper.mx\/tienda\/producto\/acteck-ac-940924-audifonos-triton-pro-hp636-diadema-inalambricos-bt-5-4-aux-3-5-mm-microfono-omnidireccional-bateria-30-hrs-cancelacion-de-ruido-ultraligeros-20-hz-20-khz-negro\/#breadcrumb\"},\"inLanguage\":\"es-MX\",\"potentialAction\":[{\"@type\":\"ReadAction\",\"target\":[\"https:\/\/compuviper.mx\/tienda\/producto\/acteck-ac-940924-audifonos-triton-pro-hp636-diadema-inalambricos-bt-5-4-aux-3-5-mm-microfono-omnidireccional-bateria-30-hrs-cancelacion-de-ruido-ultraligeros-20-hz-20-khz-negro\/\"]}]},{\"@type\":\"BreadcrumbList\",\"@id\":\"https:\/\/compuviper.mx\/tienda\/producto\/acteck-ac-940924-audifonos-triton-pro-hp636-diadema-inalambricos-bt-5-4-aux-3-5-mm-microfono-omnidireccional-bateria-30-hrs-cancelacion-de-ruido-ultraligeros-20-hz-20-khz-negro\/#breadcrumb\",\"itemListElement\":[{\"@type\":\"ListItem\",\"position\":1,\"name\":\"Inicio\",\"item\":\"https:\/\/compuviper.mx\/tienda\/\"},{\"@type\":\"ListItem\",\"position\":2,\"name\":\"Productos\",\"item\":\"https:\/\/compuviper.mx\/tienda\/productos\/\"},{\"@type\":\"ListItem\",\"position\":3,\"name\":\"Audifonos Y Micro\",\"item\":\"https:\/\/compuviper.mx\/tienda\/categoria-producto\/audifonos-y-micro\/\"},{\"@type\":\"ListItem\",\"position\":4,\"name\":\"Audifono Con Microfono\",\"item\":\"https:\/\/compuviper.mx\/tienda\/categoria-producto\/audifonos-y-micro\/audifono-con-microfono\/\"},{\"@type\":\"ListItem\",\"position\":5,\"name\":\"Acteck Ac-940924 Audifonos Triton Pro Hp636 \/ Diadema \/ Inalambricos \/ Bt 5.4 &#8211; Aux 3.5 Mm \/ Microfono Omnidireccional \/ Bateria 30 Hrs \/ Cancelacion De Ruido \/ Ultraligeros \/ 20 Hz -20 Khz \/ Negro \/\"}]},{\"@type\":\"WebSite\",\"@id\":\"https:\/\/compuviper.mx\/tienda\/#website\",\"url\":\"https:\/\/compuviper.mx\/tienda\/\",\"name\":\"Compuviper\",\"description\":\"Proveedor de Computadoras, Laptops, Servidores, Monitores, Puntos de Venta, Teclados,   Impresoras, T\u00f3ner, C\u00e1maras de Seguridad y m\u00e1s en tu tienda en l\u00ednea\",\"publisher\":{\"@id\":\"https:\/\/compuviper.mx\/tienda\/#organization\"},\"potentialAction\":[{\"@type\":\"SearchAction\",\"target\":{\"@type\":\"EntryPoint\",\"urlTemplate\":\"https:\/\/compuviper.mx\/tienda\/?s={search_term_string}\"},\"query-input\":\"required name=search_term_string\"}],\"inLanguage\":\"es-MX\"},{\"@type\":\"Organization\",\"@id\":\"https:\/\/compuviper.mx\/tienda\/#organization\",\"name\":\"Compuviper\",\"url\":\"https:\/\/compuviper.mx\/tienda\/\",\"logo\":{\"@type\":\"ImageObject\",\"inLanguage\":\"es-MX\",\"@id\":\"https:\/\/compuviper.mx\/tienda\/#\/schema\/logo\/image\/\",\"url\":\"https:\/\/compuviper.mx\/tienda\/wp-content\/uploads\/2021\/08\/Logo-Compuviper-10.png\",\"contentUrl\":\"https:\/\/compuviper.mx\/tienda\/wp-content\/uploads\/2021\/08\/Logo-Compuviper-10.png\",\"width\":1000,\"height\":500,\"caption\":\"Compuviper\"},\"image\":{\"@id\":\"https:\/\/compuviper.mx\/tienda\/#\/schema\/logo\/image\/\"},\"sameAs\":[\"https:\/\/www.facebook.com\/compuviper\",\"https:\/\/www.youtube.com\/channel\/UCf73dERp9Y3cfOq7q8BhLjA?view_as=subscriber\"]}]}<\/script>\n<meta property=\"product:brand\" content=\"ACTECK\" \/>\n<meta property=\"product:price:amount\" content=\"498\" \/>\n<meta property=\"product:price:currency\" content=\"MXN\" \/>\n<meta property=\"og:availability\" content=\"instock\" \/>\n<meta property=\"product:availability\" content=\"instock\" \/>\n<meta property=\"product:retailer_item_id\" content=\"AC-940924\" \/>\n<meta property=\"product:condition\" content=\"new\" \/>\n<!-- \/ Yoast SEO plugin. -->","yoast_head_json":{"title":"[ Acteck ] &#129351; Ac-940924 Audifonos Triton Pro Hp636 \/ Diadema \/ Inalambricos \/ Bt 5.4 - Aux 3.5 Mm \/ Microfono Omnidireccional \/ Bateria 30 Hrs \/ Cancelacion De Ruido \/ Ultraligeros \/ 20 Hz -20 Khz \/ Negro \/","description":"Compra Ac-940924 Audifonos Triton Pro Hp636 \/ Diadema \/ Inalambricos \/ Bt 5.4 - Aux 3.5 Mm \/ Microfono Omnidireccional \/ Bateria 30 Hrs \/ Cancelacion De Ruido \/ Ultraligeros \/ 20 Hz -20 Khz \/ Negro \/ + Env\u00edo a domicilio + Pago seguro + Garant\u00eda","robots":{"index":"index","follow":"follow","max-snippet":"max-snippet:-1","max-image-preview":"max-image-preview:large","max-video-preview":"max-video-preview:-1"},"canonical":"https:\/\/compuviper.mx\/tienda\/producto\/acteck-ac-940924-audifonos-triton-pro-hp636-diadema-inalambricos-bt-5-4-aux-3-5-mm-microfono-omnidireccional-bateria-30-hrs-cancelacion-de-ruido-ultraligeros-20-hz-20-khz-negro\/","og_locale":"es_MX","og_type":"article","og_title":"[ Acteck ] &#129351; Ac-940924 Audifonos Triton Pro Hp636 \/ Diadema \/ Inalambricos \/ Bt 5.4 - Aux 3.5 Mm \/ Microfono Omnidireccional \/ Bateria 30 Hrs \/ Cancelacion De Ruido \/ Ultraligeros \/ 20 Hz -20 Khz \/ Negro \/","og_description":"Compra Ac-940924 Audifonos Triton Pro Hp636 \/ Diadema \/ Inalambricos \/ Bt 5.4 - Aux 3.5 Mm \/ Microfono Omnidireccional \/ Bateria 30 Hrs \/ Cancelacion De Ruido \/ Ultraligeros \/ 20 Hz -20 Khz \/ Negro \/ + Env\u00edo a domicilio + Pago seguro + Garant\u00eda","og_url":"https:\/\/compuviper.mx\/tienda\/producto\/acteck-ac-940924-audifonos-triton-pro-hp636-diadema-inalambricos-bt-5-4-aux-3-5-mm-microfono-omnidireccional-bateria-30-hrs-cancelacion-de-ruido-ultraligeros-20-hz-20-khz-negro\/","og_site_name":"Compuviper","article_publisher":"https:\/\/www.facebook.com\/compuviper","article_modified_time":"2026-04-02T08:07:09+00:00","og_image":[{"width":200,"height":200,"url":"https:\/\/compuviper.mx\/tienda\/wp-content\/uploads\/2025\/10\/Audifonos-acteck-triton-pro-hp636-diadema-inalambricos-bt-5.4-aux-3.5-mm-microfono-omnidireccional-bateria-30-hrs-cancelacion-de-ruido-ultraligeros-20-hz-20-khz-negro-ac-940924.jpg","type":"image\/jpeg"}],"twitter_card":"summary_large_image","twitter_misc":{"Precio":"&#36;498 con IVA","Availability":"In stock"},"schema":{"@context":"https:\/\/schema.org","@graph":[{"@type":"WebPage","@id":"https:\/\/compuviper.mx\/tienda\/producto\/acteck-ac-940924-audifonos-triton-pro-hp636-diadema-inalambricos-bt-5-4-aux-3-5-mm-microfono-omnidireccional-bateria-30-hrs-cancelacion-de-ruido-ultraligeros-20-hz-20-khz-negro\/","url":"https:\/\/compuviper.mx\/tienda\/producto\/acteck-ac-940924-audifonos-triton-pro-hp636-diadema-inalambricos-bt-5-4-aux-3-5-mm-microfono-omnidireccional-bateria-30-hrs-cancelacion-de-ruido-ultraligeros-20-hz-20-khz-negro\/","name":"[ Acteck ] &#129351; Ac-940924 Audifonos Triton Pro Hp636 \/ Diadema \/ Inalambricos \/ Bt 5.4 - Aux 3.5 Mm \/ Microfono Omnidireccional \/ Bateria 30 Hrs \/ Cancelacion De Ruido \/ Ultraligeros \/ 20 Hz -20 Khz \/ Negro \/","isPartOf":{"@id":"https:\/\/compuviper.mx\/tienda\/#website"},"datePublished":"2026-04-02T08:07:08+00:00","dateModified":"2026-04-02T08:07:09+00:00","description":"Compra Ac-940924 Audifonos Triton Pro Hp636 \/ Diadema \/ Inalambricos \/ Bt 5.4 - Aux 3.5 Mm \/ Microfono Omnidireccional \/ Bateria 30 Hrs \/ Cancelacion De Ruido \/ Ultraligeros \/ 20 Hz -20 Khz \/ Negro \/ + Env\u00edo a domicilio + Pago seguro + Garant\u00eda","breadcrumb":{"@id":"https:\/\/compuviper.mx\/tienda\/producto\/acteck-ac-940924-audifonos-triton-pro-hp636-diadema-inalambricos-bt-5-4-aux-3-5-mm-microfono-omnidireccional-bateria-30-hrs-cancelacion-de-ruido-ultraligeros-20-hz-20-khz-negro\/#breadcrumb"},"inLanguage":"es-MX","potentialAction":[{"@type":"ReadAction","target":["https:\/\/compuviper.mx\/tienda\/producto\/acteck-ac-940924-audifonos-triton-pro-hp636-diadema-inalambricos-bt-5-4-aux-3-5-mm-microfono-omnidireccional-bateria-30-hrs-cancelacion-de-ruido-ultraligeros-20-hz-20-khz-negro\/"]}]},{"@type":"BreadcrumbList","@id":"https:\/\/compuviper.mx\/tienda\/producto\/acteck-ac-940924-audifonos-triton-pro-hp636-diadema-inalambricos-bt-5-4-aux-3-5-mm-microfono-omnidireccional-bateria-30-hrs-cancelacion-de-ruido-ultraligeros-20-hz-20-khz-negro\/#breadcrumb","itemListElement":[{"@type":"ListItem","position":1,"name":"Inicio","item":"https:\/\/compuviper.mx\/tienda\/"},{"@type":"ListItem","position":2,"name":"Productos","item":"https:\/\/compuviper.mx\/tienda\/productos\/"},{"@type":"ListItem","position":3,"name":"Audifonos Y Micro","item":"https:\/\/compuviper.mx\/tienda\/categoria-producto\/audifonos-y-micro\/"},{"@type":"ListItem","position":4,"name":"Audifono Con Microfono","item":"https:\/\/compuviper.mx\/tienda\/categoria-producto\/audifonos-y-micro\/audifono-con-microfono\/"},{"@type":"ListItem","position":5,"name":"Acteck Ac-940924 Audifonos Triton Pro Hp636 \/ Diadema \/ Inalambricos \/ Bt 5.4 &#8211; Aux 3.5 Mm \/ Microfono Omnidireccional \/ Bateria 30 Hrs \/ Cancelacion De Ruido \/ Ultraligeros \/ 20 Hz -20 Khz \/ Negro \/"}]},{"@type":"WebSite","@id":"https:\/\/compuviper.mx\/tienda\/#website","url":"https:\/\/compuviper.mx\/tienda\/","name":"Compuviper","description":"Proveedor de Computadoras, Laptops, Servidores, Monitores, Puntos de Venta, Teclados,   Impresoras, T\u00f3ner, C\u00e1maras de Seguridad y m\u00e1s en tu tienda en l\u00ednea","publisher":{"@id":"https:\/\/compuviper.mx\/tienda\/#organization"},"potentialAction":[{"@type":"SearchAction","target":{"@type":"EntryPoint","urlTemplate":"https:\/\/compuviper.mx\/tienda\/?s={search_term_string}"},"query-input":"required name=search_term_string"}],"inLanguage":"es-MX"},{"@type":"Organization","@id":"https:\/\/compuviper.mx\/tienda\/#organization","name":"Compuviper","url":"https:\/\/compuviper.mx\/tienda\/","logo":{"@type":"ImageObject","inLanguage":"es-MX","@id":"https:\/\/compuviper.mx\/tienda\/#\/schema\/logo\/image\/","url":"https:\/\/compuviper.mx\/tienda\/wp-content\/uploads\/2021\/08\/Logo-Compuviper-10.png","contentUrl":"https:\/\/compuviper.mx\/tienda\/wp-content\/uploads\/2021\/08\/Logo-Compuviper-10.png","width":1000,"height":500,"caption":"Compuviper"},"image":{"@id":"https:\/\/compuviper.mx\/tienda\/#\/schema\/logo\/image\/"},"sameAs":["https:\/\/www.facebook.com\/compuviper","https:\/\/www.youtube.com\/channel\/UCf73dERp9Y3cfOq7q8BhLjA?view_as=subscriber"]}]},"product_brand":"ACTECK","product_price_amount":"498","product_price_currency":"MXN","og_availability":"instock","product_availability":"instock","product_retailer_item_id":"AC-940924","product_condition":"new"},"_links":{"self":[{"href":"https:\/\/compuviper.mx\/tienda\/wp-json\/wp\/v2\/product\/250587"}],"collection":[{"href":"https:\/\/compuviper.mx\/tienda\/wp-json\/wp\/v2\/product"}],"about":[{"href":"https:\/\/compuviper.mx\/tienda\/wp-json\/wp\/v2\/types\/product"}],"replies":[{"embeddable":true,"href":"https:\/\/compuviper.mx\/tienda\/wp-json\/wp\/v2\/comments?post=250587"}],"wp:featuredmedia":[{"embeddable":true,"href":"https:\/\/compuviper.mx\/tienda\/wp-json\/wp\/v2\/media\/260882"}],"wp:attachment":[{"href":"https:\/\/compuviper.mx\/tienda\/wp-json\/wp\/v2\/media?parent=250587"}],"wp:term":[{"taxonomy":"product_cat","embeddable":true,"href":"https:\/\/compuviper.mx\/tienda\/wp-json\/wp\/v2\/product_cat?post=250587"},{"taxonomy":"product_tag","embeddable":true,"href":"https:\/\/compuviper.mx\/tienda\/wp-json\/wp\/v2\/product_tag?post=250587"}],"curies":[{"name":"wp","href":"https:\/\/api.w.org\/{rel}","templated":true}]}}