{"id":250586,"date":"2026-05-08T02:07:59","date_gmt":"2026-05-08T08:07:59","guid":{"rendered":"https:\/\/compuviper.mx\/tienda\/producto\/acteck-ac-940917-audifonos-luxe-chic-hp710-diadema-inalambricos-bt-5-4-microfono-omnidireccional-20-hz-a-20-khz-bateria-30-hrs-cancelacion-de-ruido-hibrido-azul\/"},"modified":"2026-05-08T02:07:59","modified_gmt":"2026-05-08T08:07:59","slug":"acteck-ac-9409177506215940917-audifonos-luxe-chic-hp710-diadema-inalambricos-bt-5-4-microfono-omnidireccional-20-hz-a-20-khz-bateria-30-hrs-cancelacion-de-ruido-hibrido-azul-ac-940","status":"publish","type":"product","link":"https:\/\/compuviper.mx\/tienda\/producto\/acteck-ac-9409177506215940917-audifonos-luxe-chic-hp710-diadema-inalambricos-bt-5-4-microfono-omnidireccional-20-hz-a-20-khz-bateria-30-hrs-cancelacion-de-ruido-hibrido-azul-ac-940\/","title":{"rendered":"Acteck Ac-940917,7506215940917 Audifonos  Luxe Chic Hp710 \/ Diadema \/ Inalambricos \/ Bt 5.4 \/ Microfono Omnidireccional \/ 20 Hz A 20 Khz \/ Bateria 30 Hrs \/ Cancelacion De Ruido Hibrido \/ Azul \/ Ac-940917"},"content":{"rendered":"<table class=\"descripcion\">\n<tr>\n<td>Especificaciones<\/td>\n<\/tr>\n<tr>\n<td>\u0095 producto: audifonos<\/td>\n<\/tr>\n<tr>\n<td>\u0095 modelo: ac-940917<\/td>\n<\/tr>\n<tr>\n<td>\u0095 color: azul<\/td>\n<\/tr>\n<tr>\n<td>\u0095 materiales: plastico<\/td>\n<\/tr>\n<tr>\n<td>\u0095 material de almohadillas: cuero proteico + memory foam<\/td>\n<\/tr>\n<tr>\n<td>\u0095 dimensiones: 16.4 x 18.5 x 6.8 cm<\/td>\n<\/tr>\n<tr>\n<td>\u0095 peso: 166 g<\/td>\n<\/tr>\n<tr>\n<td>\u0095 conectividad: bluetooth 5.4<\/td>\n<\/tr>\n<tr>\n<td>\u0095  sonido<\/td>\n<\/tr>\n<tr>\n<td>       and #61607; tama\u00f1o de bocina: 30 mm<\/td>\n<\/tr>\n<tr>\n<td>       and #61607; frecuencia de respuesta: 20 &#8211; 20 khz<\/td>\n<\/tr>\n<tr>\n<td>       and #61607; impedancia: 22  and #937;<\/td>\n<\/tr>\n<tr>\n<td>       and #61607; sensibilidad: 102 db+\/-3 db<\/td>\n<\/tr>\n<tr>\n<td>       and #61607; cancelacion de ruido: 32 db+\/-3db<\/td>\n<\/tr>\n<tr>\n<td>\u0095 microfono<\/td>\n<\/tr>\n<tr>\n<td>        and #61607; tipo: electro<\/td>\n<\/tr>\n<tr>\n<td>        and #61607; sensibilidad: 32 db+ \/ -2 db<\/td>\n<\/tr>\n<tr>\n<td>        and #61607; direccion: omnidireccional<\/td>\n<\/tr>\n<tr>\n<td>\u0095 alimentacion<\/td>\n<\/tr>\n<tr>\n<td>       and #61607; puerto de carga: puerto usb c<\/td>\n<\/tr>\n<tr>\n<td>       and #61607; bateria: 500 mah<\/td>\n<\/tr>\n<tr>\n<td>       and #61607; tiempo de carga: 2 horas<\/td>\n<\/tr>\n<tr>\n<td>       and #61607; duracion de bateria: 30 horas<\/td>\n<\/tr>\n<tr>\n<td>       and #61607; voltaje: 5 v and #9107; 1 a<\/td>\n<\/tr>\n<tr>\n<td>\u0095 codigo ean-13: 7506215940917<\/td>\n<\/tr>\n<tr>\n<td>\u0095 medida de empaque (l*w*h*): 12 cm * 7 cm * 21.3 cm<\/td>\n<\/tr>\n<\/table>\n","protected":false},"excerpt":{"rendered":"<p>Conexi\u00f3n. Bluetooth 5.4. Con su moderna conexi\u00f3n. Bluetooth 5.4 permite conectarlos a. Cualquier dispositivo bluetooth sin. Perder calidad de sonido. Sonido. Premium. Equipados con bocinas de 30 mm y una. Respuesta de frecuencia de 20 hz a 20 khz. Estos aud\u00edfonos brindan un sonido balanceado y. N\u00edtido, ideal para cada matiz musical o para. Llamadas de alta calidad. Bater\u00eda para. Todo el d\u00eda. Su bater\u00eda de 500 mah garantiza hasta 30. Horas de reproducci\u00f3n continua. Escucha. Sin preocupaciones en tu d\u00eda, ya sea en la. Oficina o en casa, y recarga r\u00e1pidamente con. Su puerto usb-c en solo 2 horas. Cancelaci\u00f3n de. Ruido h\u00edbrido. Para disfrutar tu musica sin interrupcion con la. Cancelaci\u00f3n de ruido activo h\u00edbrido, puede. Detectar y cancelar hasta en un 90% los ruidos. Del ambiente de baja y media frecuencia. Como autos, motos entre otros. Dise\u00f1o. Innovador. Con un dise\u00f1o moderno y pr\u00e1ctico. Estos aud\u00edfonos combinan estilo y. Funcionalidad. Perfectos para. Quienes buscan tecnolog\u00eda. Avanzada con una est\u00e9tica elegante. Y ligera para uso diario<\/p>\n","protected":false},"featured_media":260881,"comment_status":"open","ping_status":"open","template":"","meta":[],"product_cat":[1816,1552],"product_tag":[1582],"acf":[],"yoast_head":"<!-- This site is optimized with the Yoast SEO plugin v21.7 - https:\/\/yoast.com\/wordpress\/plugins\/seo\/ -->\n<title>[ Acteck ] &#129351; Ac-940917,7506215940917 Audifonos Luxe Chic Hp710 \/ Diadema \/ Inalambricos \/ Bt 5.4 \/ Microfono Omnidireccional \/ 20 Hz A 20 Khz \/ Bateria 30 Hrs \/ Cancelacion De Ruido Hibrido \/ Azul \/ Ac-940917<\/title>\n<meta name=\"description\" content=\"Compra Ac-940917,7506215940917 Audifonos Luxe Chic Hp710 \/ Diadema \/ Inalambricos \/ Bt 5.4 \/ Microfono Omnidireccional \/ 20 Hz A 20 Khz \/ Bateria 30 Hrs \/ Cancelacion De Ruido Hibrido \/ Azul \/ Ac-940917 + Env\u00edo a domicilio + Pago seguro + Garant\u00eda\" \/>\n<meta name=\"robots\" content=\"index, follow, max-snippet:-1, max-image-preview:large, max-video-preview:-1\" \/>\n<link rel=\"canonical\" href=\"https:\/\/compuviper.mx\/tienda\/producto\/acteck-ac-9409177506215940917-audifonos-luxe-chic-hp710-diadema-inalambricos-bt-5-4-microfono-omnidireccional-20-hz-a-20-khz-bateria-30-hrs-cancelacion-de-ruido-hibrido-azul-ac-940\/\" \/>\n<meta property=\"og:locale\" content=\"es_MX\" \/>\n<meta property=\"og:type\" content=\"article\" \/>\n<meta property=\"og:title\" content=\"[ Acteck ] &#129351; Ac-940917,7506215940917 Audifonos Luxe Chic Hp710 \/ Diadema \/ Inalambricos \/ Bt 5.4 \/ Microfono Omnidireccional \/ 20 Hz A 20 Khz \/ Bateria 30 Hrs \/ Cancelacion De Ruido Hibrido \/ Azul \/ Ac-940917\" \/>\n<meta property=\"og:description\" content=\"Compra Ac-940917,7506215940917 Audifonos Luxe Chic Hp710 \/ Diadema \/ Inalambricos \/ Bt 5.4 \/ Microfono Omnidireccional \/ 20 Hz A 20 Khz \/ Bateria 30 Hrs \/ Cancelacion De Ruido Hibrido \/ Azul \/ Ac-940917 + Env\u00edo a domicilio + Pago seguro + Garant\u00eda\" \/>\n<meta property=\"og:url\" content=\"https:\/\/compuviper.mx\/tienda\/producto\/acteck-ac-9409177506215940917-audifonos-luxe-chic-hp710-diadema-inalambricos-bt-5-4-microfono-omnidireccional-20-hz-a-20-khz-bateria-30-hrs-cancelacion-de-ruido-hibrido-azul-ac-940\/\" \/>\n<meta property=\"og:site_name\" content=\"Compuviper\" \/>\n<meta property=\"article:publisher\" content=\"https:\/\/www.facebook.com\/compuviper\" \/>\n<meta property=\"og:image\" content=\"https:\/\/compuviper.mx\/tienda\/wp-content\/uploads\/2025\/10\/Audifonos-acteck-luxe-chic-hp710-diadema-inalambricos-bt-5.4-microfono-omnidireccional-20-hz-a-20-khz-bateria-30-hrs-cancelacion-de-ruido-hibrido-azul-ac-940917.jpg\" \/>\n\t<meta property=\"og:image:width\" content=\"200\" \/>\n\t<meta property=\"og:image:height\" content=\"200\" \/>\n\t<meta property=\"og:image:type\" content=\"image\/jpeg\" \/>\n<meta name=\"twitter:card\" content=\"summary_large_image\" \/>\n<meta name=\"twitter:label1\" content=\"Precio\" \/>\n\t<meta name=\"twitter:data1\" content=\"&#36;599 &#36;449 con IVA\" \/>\n\t<meta name=\"twitter:label2\" content=\"Availability\" \/>\n\t<meta name=\"twitter:data2\" content=\"In stock\" \/>\n<script type=\"application\/ld+json\" class=\"yoast-schema-graph\">{\"@context\":\"https:\/\/schema.org\",\"@graph\":[{\"@type\":\"WebPage\",\"@id\":\"https:\/\/compuviper.mx\/tienda\/producto\/acteck-ac-9409177506215940917-audifonos-luxe-chic-hp710-diadema-inalambricos-bt-5-4-microfono-omnidireccional-20-hz-a-20-khz-bateria-30-hrs-cancelacion-de-ruido-hibrido-azul-ac-940\/\",\"url\":\"https:\/\/compuviper.mx\/tienda\/producto\/acteck-ac-9409177506215940917-audifonos-luxe-chic-hp710-diadema-inalambricos-bt-5-4-microfono-omnidireccional-20-hz-a-20-khz-bateria-30-hrs-cancelacion-de-ruido-hibrido-azul-ac-940\/\",\"name\":\"[ Acteck ] &#129351; Ac-940917,7506215940917 Audifonos Luxe Chic Hp710 \/ Diadema \/ Inalambricos \/ Bt 5.4 \/ Microfono Omnidireccional \/ 20 Hz A 20 Khz \/ Bateria 30 Hrs \/ Cancelacion De Ruido Hibrido \/ Azul \/ Ac-940917\",\"isPartOf\":{\"@id\":\"https:\/\/compuviper.mx\/tienda\/#website\"},\"datePublished\":\"2026-05-08T08:07:59+00:00\",\"dateModified\":\"2026-05-08T08:07:59+00:00\",\"description\":\"Compra Ac-940917,7506215940917 Audifonos Luxe Chic Hp710 \/ Diadema \/ Inalambricos \/ Bt 5.4 \/ Microfono Omnidireccional \/ 20 Hz A 20 Khz \/ Bateria 30 Hrs \/ Cancelacion De Ruido Hibrido \/ Azul \/ Ac-940917 + Env\u00edo a domicilio + Pago seguro + Garant\u00eda\",\"breadcrumb\":{\"@id\":\"https:\/\/compuviper.mx\/tienda\/producto\/acteck-ac-9409177506215940917-audifonos-luxe-chic-hp710-diadema-inalambricos-bt-5-4-microfono-omnidireccional-20-hz-a-20-khz-bateria-30-hrs-cancelacion-de-ruido-hibrido-azul-ac-940\/#breadcrumb\"},\"inLanguage\":\"es-MX\",\"potentialAction\":[{\"@type\":\"ReadAction\",\"target\":[\"https:\/\/compuviper.mx\/tienda\/producto\/acteck-ac-9409177506215940917-audifonos-luxe-chic-hp710-diadema-inalambricos-bt-5-4-microfono-omnidireccional-20-hz-a-20-khz-bateria-30-hrs-cancelacion-de-ruido-hibrido-azul-ac-940\/\"]}]},{\"@type\":\"BreadcrumbList\",\"@id\":\"https:\/\/compuviper.mx\/tienda\/producto\/acteck-ac-9409177506215940917-audifonos-luxe-chic-hp710-diadema-inalambricos-bt-5-4-microfono-omnidireccional-20-hz-a-20-khz-bateria-30-hrs-cancelacion-de-ruido-hibrido-azul-ac-940\/#breadcrumb\",\"itemListElement\":[{\"@type\":\"ListItem\",\"position\":1,\"name\":\"Inicio\",\"item\":\"https:\/\/compuviper.mx\/tienda\/\"},{\"@type\":\"ListItem\",\"position\":2,\"name\":\"Productos\",\"item\":\"https:\/\/compuviper.mx\/tienda\/productos\/\"},{\"@type\":\"ListItem\",\"position\":3,\"name\":\"Audifonos Y Micro\",\"item\":\"https:\/\/compuviper.mx\/tienda\/categoria-producto\/audifonos-y-micro\/\"},{\"@type\":\"ListItem\",\"position\":4,\"name\":\"Audifono Con Microfono\",\"item\":\"https:\/\/compuviper.mx\/tienda\/categoria-producto\/audifonos-y-micro\/audifono-con-microfono\/\"},{\"@type\":\"ListItem\",\"position\":5,\"name\":\"Acteck Ac-940917,7506215940917 Audifonos Luxe Chic Hp710 \/ Diadema \/ Inalambricos \/ Bt 5.4 \/ Microfono Omnidireccional \/ 20 Hz A 20 Khz \/ Bateria 30 Hrs \/ Cancelacion De Ruido Hibrido \/ Azul \/ Ac-940917\"}]},{\"@type\":\"WebSite\",\"@id\":\"https:\/\/compuviper.mx\/tienda\/#website\",\"url\":\"https:\/\/compuviper.mx\/tienda\/\",\"name\":\"Compuviper\",\"description\":\"Proveedor de Computadoras, Laptops, Servidores, Monitores, Puntos de Venta, Teclados,   Impresoras, T\u00f3ner, C\u00e1maras de Seguridad y m\u00e1s en tu tienda en l\u00ednea\",\"publisher\":{\"@id\":\"https:\/\/compuviper.mx\/tienda\/#organization\"},\"potentialAction\":[{\"@type\":\"SearchAction\",\"target\":{\"@type\":\"EntryPoint\",\"urlTemplate\":\"https:\/\/compuviper.mx\/tienda\/?s={search_term_string}\"},\"query-input\":\"required name=search_term_string\"}],\"inLanguage\":\"es-MX\"},{\"@type\":\"Organization\",\"@id\":\"https:\/\/compuviper.mx\/tienda\/#organization\",\"name\":\"Compuviper\",\"url\":\"https:\/\/compuviper.mx\/tienda\/\",\"logo\":{\"@type\":\"ImageObject\",\"inLanguage\":\"es-MX\",\"@id\":\"https:\/\/compuviper.mx\/tienda\/#\/schema\/logo\/image\/\",\"url\":\"https:\/\/compuviper.mx\/tienda\/wp-content\/uploads\/2021\/08\/Logo-Compuviper-10.png\",\"contentUrl\":\"https:\/\/compuviper.mx\/tienda\/wp-content\/uploads\/2021\/08\/Logo-Compuviper-10.png\",\"width\":1000,\"height\":500,\"caption\":\"Compuviper\"},\"image\":{\"@id\":\"https:\/\/compuviper.mx\/tienda\/#\/schema\/logo\/image\/\"},\"sameAs\":[\"https:\/\/www.facebook.com\/compuviper\",\"https:\/\/www.youtube.com\/channel\/UCf73dERp9Y3cfOq7q8BhLjA?view_as=subscriber\"]}]}<\/script>\n<meta property=\"product:brand\" content=\"ACTECK\" \/>\n<meta property=\"product:price:amount\" content=\"449\" \/>\n<meta property=\"product:price:currency\" content=\"MXN\" \/>\n<meta property=\"og:availability\" content=\"instock\" \/>\n<meta property=\"product:availability\" content=\"instock\" \/>\n<meta property=\"product:retailer_item_id\" content=\"AC-940917,7506215940917\" \/>\n<meta property=\"product:condition\" content=\"new\" \/>\n<!-- \/ Yoast SEO plugin. -->","yoast_head_json":{"title":"[ Acteck ] &#129351; Ac-940917,7506215940917 Audifonos Luxe Chic Hp710 \/ Diadema \/ Inalambricos \/ Bt 5.4 \/ Microfono Omnidireccional \/ 20 Hz A 20 Khz \/ Bateria 30 Hrs \/ Cancelacion De Ruido Hibrido \/ Azul \/ Ac-940917","description":"Compra Ac-940917,7506215940917 Audifonos Luxe Chic Hp710 \/ Diadema \/ Inalambricos \/ Bt 5.4 \/ Microfono Omnidireccional \/ 20 Hz A 20 Khz \/ Bateria 30 Hrs \/ Cancelacion De Ruido Hibrido \/ Azul \/ Ac-940917 + Env\u00edo a domicilio + Pago seguro + Garant\u00eda","robots":{"index":"index","follow":"follow","max-snippet":"max-snippet:-1","max-image-preview":"max-image-preview:large","max-video-preview":"max-video-preview:-1"},"canonical":"https:\/\/compuviper.mx\/tienda\/producto\/acteck-ac-9409177506215940917-audifonos-luxe-chic-hp710-diadema-inalambricos-bt-5-4-microfono-omnidireccional-20-hz-a-20-khz-bateria-30-hrs-cancelacion-de-ruido-hibrido-azul-ac-940\/","og_locale":"es_MX","og_type":"article","og_title":"[ Acteck ] &#129351; Ac-940917,7506215940917 Audifonos Luxe Chic Hp710 \/ Diadema \/ Inalambricos \/ Bt 5.4 \/ Microfono Omnidireccional \/ 20 Hz A 20 Khz \/ Bateria 30 Hrs \/ Cancelacion De Ruido Hibrido \/ Azul \/ Ac-940917","og_description":"Compra Ac-940917,7506215940917 Audifonos Luxe Chic Hp710 \/ Diadema \/ Inalambricos \/ Bt 5.4 \/ Microfono Omnidireccional \/ 20 Hz A 20 Khz \/ Bateria 30 Hrs \/ Cancelacion De Ruido Hibrido \/ Azul \/ Ac-940917 + Env\u00edo a domicilio + Pago seguro + Garant\u00eda","og_url":"https:\/\/compuviper.mx\/tienda\/producto\/acteck-ac-9409177506215940917-audifonos-luxe-chic-hp710-diadema-inalambricos-bt-5-4-microfono-omnidireccional-20-hz-a-20-khz-bateria-30-hrs-cancelacion-de-ruido-hibrido-azul-ac-940\/","og_site_name":"Compuviper","article_publisher":"https:\/\/www.facebook.com\/compuviper","og_image":[{"width":200,"height":200,"url":"https:\/\/compuviper.mx\/tienda\/wp-content\/uploads\/2025\/10\/Audifonos-acteck-luxe-chic-hp710-diadema-inalambricos-bt-5.4-microfono-omnidireccional-20-hz-a-20-khz-bateria-30-hrs-cancelacion-de-ruido-hibrido-azul-ac-940917.jpg","type":"image\/jpeg"}],"twitter_card":"summary_large_image","twitter_misc":{"Precio":"&#36;599 &#36;449 con IVA","Availability":"In stock"},"schema":{"@context":"https:\/\/schema.org","@graph":[{"@type":"WebPage","@id":"https:\/\/compuviper.mx\/tienda\/producto\/acteck-ac-9409177506215940917-audifonos-luxe-chic-hp710-diadema-inalambricos-bt-5-4-microfono-omnidireccional-20-hz-a-20-khz-bateria-30-hrs-cancelacion-de-ruido-hibrido-azul-ac-940\/","url":"https:\/\/compuviper.mx\/tienda\/producto\/acteck-ac-9409177506215940917-audifonos-luxe-chic-hp710-diadema-inalambricos-bt-5-4-microfono-omnidireccional-20-hz-a-20-khz-bateria-30-hrs-cancelacion-de-ruido-hibrido-azul-ac-940\/","name":"[ Acteck ] &#129351; Ac-940917,7506215940917 Audifonos Luxe Chic Hp710 \/ Diadema \/ Inalambricos \/ Bt 5.4 \/ Microfono Omnidireccional \/ 20 Hz A 20 Khz \/ Bateria 30 Hrs \/ Cancelacion De Ruido Hibrido \/ Azul \/ Ac-940917","isPartOf":{"@id":"https:\/\/compuviper.mx\/tienda\/#website"},"datePublished":"2026-05-08T08:07:59+00:00","dateModified":"2026-05-08T08:07:59+00:00","description":"Compra Ac-940917,7506215940917 Audifonos Luxe Chic Hp710 \/ Diadema \/ Inalambricos \/ Bt 5.4 \/ Microfono Omnidireccional \/ 20 Hz A 20 Khz \/ Bateria 30 Hrs \/ Cancelacion De Ruido Hibrido \/ Azul \/ Ac-940917 + Env\u00edo a domicilio + Pago seguro + Garant\u00eda","breadcrumb":{"@id":"https:\/\/compuviper.mx\/tienda\/producto\/acteck-ac-9409177506215940917-audifonos-luxe-chic-hp710-diadema-inalambricos-bt-5-4-microfono-omnidireccional-20-hz-a-20-khz-bateria-30-hrs-cancelacion-de-ruido-hibrido-azul-ac-940\/#breadcrumb"},"inLanguage":"es-MX","potentialAction":[{"@type":"ReadAction","target":["https:\/\/compuviper.mx\/tienda\/producto\/acteck-ac-9409177506215940917-audifonos-luxe-chic-hp710-diadema-inalambricos-bt-5-4-microfono-omnidireccional-20-hz-a-20-khz-bateria-30-hrs-cancelacion-de-ruido-hibrido-azul-ac-940\/"]}]},{"@type":"BreadcrumbList","@id":"https:\/\/compuviper.mx\/tienda\/producto\/acteck-ac-9409177506215940917-audifonos-luxe-chic-hp710-diadema-inalambricos-bt-5-4-microfono-omnidireccional-20-hz-a-20-khz-bateria-30-hrs-cancelacion-de-ruido-hibrido-azul-ac-940\/#breadcrumb","itemListElement":[{"@type":"ListItem","position":1,"name":"Inicio","item":"https:\/\/compuviper.mx\/tienda\/"},{"@type":"ListItem","position":2,"name":"Productos","item":"https:\/\/compuviper.mx\/tienda\/productos\/"},{"@type":"ListItem","position":3,"name":"Audifonos Y Micro","item":"https:\/\/compuviper.mx\/tienda\/categoria-producto\/audifonos-y-micro\/"},{"@type":"ListItem","position":4,"name":"Audifono Con Microfono","item":"https:\/\/compuviper.mx\/tienda\/categoria-producto\/audifonos-y-micro\/audifono-con-microfono\/"},{"@type":"ListItem","position":5,"name":"Acteck Ac-940917,7506215940917 Audifonos Luxe Chic Hp710 \/ Diadema \/ Inalambricos \/ Bt 5.4 \/ Microfono Omnidireccional \/ 20 Hz A 20 Khz \/ Bateria 30 Hrs \/ Cancelacion De Ruido Hibrido \/ Azul \/ Ac-940917"}]},{"@type":"WebSite","@id":"https:\/\/compuviper.mx\/tienda\/#website","url":"https:\/\/compuviper.mx\/tienda\/","name":"Compuviper","description":"Proveedor de Computadoras, Laptops, Servidores, Monitores, Puntos de Venta, Teclados,   Impresoras, T\u00f3ner, C\u00e1maras de Seguridad y m\u00e1s en tu tienda en l\u00ednea","publisher":{"@id":"https:\/\/compuviper.mx\/tienda\/#organization"},"potentialAction":[{"@type":"SearchAction","target":{"@type":"EntryPoint","urlTemplate":"https:\/\/compuviper.mx\/tienda\/?s={search_term_string}"},"query-input":"required name=search_term_string"}],"inLanguage":"es-MX"},{"@type":"Organization","@id":"https:\/\/compuviper.mx\/tienda\/#organization","name":"Compuviper","url":"https:\/\/compuviper.mx\/tienda\/","logo":{"@type":"ImageObject","inLanguage":"es-MX","@id":"https:\/\/compuviper.mx\/tienda\/#\/schema\/logo\/image\/","url":"https:\/\/compuviper.mx\/tienda\/wp-content\/uploads\/2021\/08\/Logo-Compuviper-10.png","contentUrl":"https:\/\/compuviper.mx\/tienda\/wp-content\/uploads\/2021\/08\/Logo-Compuviper-10.png","width":1000,"height":500,"caption":"Compuviper"},"image":{"@id":"https:\/\/compuviper.mx\/tienda\/#\/schema\/logo\/image\/"},"sameAs":["https:\/\/www.facebook.com\/compuviper","https:\/\/www.youtube.com\/channel\/UCf73dERp9Y3cfOq7q8BhLjA?view_as=subscriber"]}]},"product_brand":"ACTECK","product_price_amount":"449","product_price_currency":"MXN","og_availability":"instock","product_availability":"instock","product_retailer_item_id":"AC-940917,7506215940917","product_condition":"new"},"_links":{"self":[{"href":"https:\/\/compuviper.mx\/tienda\/wp-json\/wp\/v2\/product\/250586"}],"collection":[{"href":"https:\/\/compuviper.mx\/tienda\/wp-json\/wp\/v2\/product"}],"about":[{"href":"https:\/\/compuviper.mx\/tienda\/wp-json\/wp\/v2\/types\/product"}],"replies":[{"embeddable":true,"href":"https:\/\/compuviper.mx\/tienda\/wp-json\/wp\/v2\/comments?post=250586"}],"wp:featuredmedia":[{"embeddable":true,"href":"https:\/\/compuviper.mx\/tienda\/wp-json\/wp\/v2\/media\/260881"}],"wp:attachment":[{"href":"https:\/\/compuviper.mx\/tienda\/wp-json\/wp\/v2\/media?parent=250586"}],"wp:term":[{"taxonomy":"product_cat","embeddable":true,"href":"https:\/\/compuviper.mx\/tienda\/wp-json\/wp\/v2\/product_cat?post=250586"},{"taxonomy":"product_tag","embeddable":true,"href":"https:\/\/compuviper.mx\/tienda\/wp-json\/wp\/v2\/product_tag?post=250586"}],"curies":[{"name":"wp","href":"https:\/\/api.w.org\/{rel}","templated":true}]}}