{"id":250577,"date":"2026-04-18T01:49:13","date_gmt":"2026-04-18T07:49:13","guid":{"rendered":"https:\/\/compuviper.mx\/tienda\/producto\/xerox-b7130_t-multifuncional-versalink-30ppm-laser-monocromatica-duplex-usb-ethernet-red-bluetooth-wifi-tandem-a3-requiere-instalacion-por-agencia-de-servicio\/"},"modified":"2026-04-18T01:49:13","modified_gmt":"2026-04-18T07:49:13","slug":"xerox-b7130_t-multifuncional-versalink-b7130t-30ppm-laser-monocromatico-duplex-usb-ethernet-red-bluetooth-wifi-con-bandeja-tandem-tabloide-a3-requiere-instalacion-por-agencia-de-servicio","status":"publish","type":"product","link":"https:\/\/compuviper.mx\/tienda\/producto\/xerox-b7130_t-multifuncional-versalink-b7130t-30ppm-laser-monocromatico-duplex-usb-ethernet-red-bluetooth-wifi-con-bandeja-tandem-tabloide-a3-requiere-instalacion-por-agencia-de-servicio\/","title":{"rendered":"Xerox B7130_t Multifuncional  Versalink B7130t, 30ppm, Laser Monocromatico, Duplex, Usb, Ethernet Red, Bluetooth, Wifi, Con Bandeja Tandem, Tabloide\/a3 -requiere Instalacion Por Agencia De Servicio-"},"content":{"rendered":"<table class=\"descripcion\">\n<tr>\n<td>Velocidad: hasta 30 ppm<\/td>\n<\/tr>\n<tr>\n<td>Ciclo mensual de trabajo: hasta 129,000 paginas<\/td>\n<\/tr>\n<tr>\n<td>Copia, imprime y escanea.<\/td>\n<\/tr>\n<tr>\n<td>Duplex<\/td>\n<\/tr>\n<tr>\n<td>Wifi<\/td>\n<\/tr>\n<tr>\n<td>Configuracon con bandeja tandem<\/td>\n<\/tr>\n<\/table>\n","protected":false},"excerpt":{"rendered":"<p>Multifuncional xerox b7130_t incluye el modulo de bandeja tandem que permite una capacidad total de hasta 3140 hojas (incluye bandeja especial)<\/p>\n","protected":false},"featured_media":260628,"comment_status":"open","ping_status":"open","template":"","meta":[],"product_cat":[1780,1782],"product_tag":[2109],"acf":[],"yoast_head":"<!-- This site is optimized with the Yoast SEO plugin v21.7 - https:\/\/yoast.com\/wordpress\/plugins\/seo\/ -->\n<title>[ Xerox ] &#129351; B7130_t Multifuncional Versalink B7130t, 30ppm, Laser Monocromatico, Duplex, Usb, Ethernet Red, Bluetooth, Wifi, Con Bandeja Tandem, Tabloide\/a3 -requiere Instalacion Por Agencia De Servicio-<\/title>\n<meta name=\"description\" content=\"Compra B7130_t Multifuncional Versalink B7130t, 30ppm, Laser Monocromatico, Duplex, Usb, Ethernet Red, Bluetooth, Wifi, Con Bandeja Tandem, Tabloide\/a3 -requiere Instalacion Por Agencia De Servicio- + Env\u00edo a domicilio + Pago seguro + Garant\u00eda\" \/>\n<meta name=\"robots\" content=\"index, follow, max-snippet:-1, max-image-preview:large, max-video-preview:-1\" \/>\n<link rel=\"canonical\" href=\"https:\/\/compuviper.mx\/tienda\/producto\/xerox-b7130_t-multifuncional-versalink-b7130t-30ppm-laser-monocromatico-duplex-usb-ethernet-red-bluetooth-wifi-con-bandeja-tandem-tabloide-a3-requiere-instalacion-por-agencia-de-servicio\/\" \/>\n<meta property=\"og:locale\" content=\"es_MX\" \/>\n<meta property=\"og:type\" content=\"article\" \/>\n<meta property=\"og:title\" content=\"[ Xerox ] &#129351; B7130_t Multifuncional Versalink B7130t, 30ppm, Laser Monocromatico, Duplex, Usb, Ethernet Red, Bluetooth, Wifi, Con Bandeja Tandem, Tabloide\/a3 -requiere Instalacion Por Agencia De Servicio-\" \/>\n<meta property=\"og:description\" content=\"Compra B7130_t Multifuncional Versalink B7130t, 30ppm, Laser Monocromatico, Duplex, Usb, Ethernet Red, Bluetooth, Wifi, Con Bandeja Tandem, Tabloide\/a3 -requiere Instalacion Por Agencia De Servicio- + Env\u00edo a domicilio + Pago seguro + Garant\u00eda\" \/>\n<meta property=\"og:url\" content=\"https:\/\/compuviper.mx\/tienda\/producto\/xerox-b7130_t-multifuncional-versalink-b7130t-30ppm-laser-monocromatico-duplex-usb-ethernet-red-bluetooth-wifi-con-bandeja-tandem-tabloide-a3-requiere-instalacion-por-agencia-de-servicio\/\" \/>\n<meta property=\"og:site_name\" content=\"Compuviper\" \/>\n<meta property=\"article:publisher\" content=\"https:\/\/www.facebook.com\/compuviper\" \/>\n<meta property=\"og:image\" content=\"https:\/\/compuviper.mx\/tienda\/wp-content\/uploads\/2025\/10\/Multifuncional-xerox-versalink-b7130t-30ppm-laser-monocromatico-duplex-usb-ethernet-red-bluetooth-wifi-con-bandeja-tandem-tabloidea3-requiere-instalacion-por-agencia-de-servicio.jpg\" \/>\n\t<meta property=\"og:image:width\" content=\"200\" \/>\n\t<meta property=\"og:image:height\" content=\"200\" \/>\n\t<meta property=\"og:image:type\" content=\"image\/jpeg\" \/>\n<meta name=\"twitter:card\" content=\"summary_large_image\" \/>\n<meta name=\"twitter:label1\" content=\"Precio\" \/>\n\t<meta name=\"twitter:data1\" content=\"&#36;64,587 &#36;64,586 con IVA\" \/>\n\t<meta name=\"twitter:label2\" content=\"Availability\" \/>\n\t<meta name=\"twitter:data2\" content=\"Out of stock\" \/>\n<script type=\"application\/ld+json\" class=\"yoast-schema-graph\">{\"@context\":\"https:\/\/schema.org\",\"@graph\":[{\"@type\":\"WebPage\",\"@id\":\"https:\/\/compuviper.mx\/tienda\/producto\/xerox-b7130_t-multifuncional-versalink-b7130t-30ppm-laser-monocromatico-duplex-usb-ethernet-red-bluetooth-wifi-con-bandeja-tandem-tabloide-a3-requiere-instalacion-por-agencia-de-servicio\/\",\"url\":\"https:\/\/compuviper.mx\/tienda\/producto\/xerox-b7130_t-multifuncional-versalink-b7130t-30ppm-laser-monocromatico-duplex-usb-ethernet-red-bluetooth-wifi-con-bandeja-tandem-tabloide-a3-requiere-instalacion-por-agencia-de-servicio\/\",\"name\":\"[ Xerox ] &#129351; B7130_t Multifuncional Versalink B7130t, 30ppm, Laser Monocromatico, Duplex, Usb, Ethernet Red, Bluetooth, Wifi, Con Bandeja Tandem, Tabloide\/a3 -requiere Instalacion Por Agencia De Servicio-\",\"isPartOf\":{\"@id\":\"https:\/\/compuviper.mx\/tienda\/#website\"},\"datePublished\":\"2026-04-18T07:49:13+00:00\",\"dateModified\":\"2026-04-18T07:49:13+00:00\",\"description\":\"Compra B7130_t Multifuncional Versalink B7130t, 30ppm, Laser Monocromatico, Duplex, Usb, Ethernet Red, Bluetooth, Wifi, Con Bandeja Tandem, Tabloide\/a3 -requiere Instalacion Por Agencia De Servicio- + Env\u00edo a domicilio + Pago seguro + Garant\u00eda\",\"breadcrumb\":{\"@id\":\"https:\/\/compuviper.mx\/tienda\/producto\/xerox-b7130_t-multifuncional-versalink-b7130t-30ppm-laser-monocromatico-duplex-usb-ethernet-red-bluetooth-wifi-con-bandeja-tandem-tabloide-a3-requiere-instalacion-por-agencia-de-servicio\/#breadcrumb\"},\"inLanguage\":\"es-MX\",\"potentialAction\":[{\"@type\":\"ReadAction\",\"target\":[\"https:\/\/compuviper.mx\/tienda\/producto\/xerox-b7130_t-multifuncional-versalink-b7130t-30ppm-laser-monocromatico-duplex-usb-ethernet-red-bluetooth-wifi-con-bandeja-tandem-tabloide-a3-requiere-instalacion-por-agencia-de-servicio\/\"]}]},{\"@type\":\"BreadcrumbList\",\"@id\":\"https:\/\/compuviper.mx\/tienda\/producto\/xerox-b7130_t-multifuncional-versalink-b7130t-30ppm-laser-monocromatico-duplex-usb-ethernet-red-bluetooth-wifi-con-bandeja-tandem-tabloide-a3-requiere-instalacion-por-agencia-de-servicio\/#breadcrumb\",\"itemListElement\":[{\"@type\":\"ListItem\",\"position\":1,\"name\":\"Inicio\",\"item\":\"https:\/\/compuviper.mx\/tienda\/\"},{\"@type\":\"ListItem\",\"position\":2,\"name\":\"Productos\",\"item\":\"https:\/\/compuviper.mx\/tienda\/productos\/\"},{\"@type\":\"ListItem\",\"position\":3,\"name\":\"Multifuncionales\",\"item\":\"https:\/\/compuviper.mx\/tienda\/categoria-producto\/multifuncionales\/\"},{\"@type\":\"ListItem\",\"position\":4,\"name\":\"Laser Monocromatica\",\"item\":\"https:\/\/compuviper.mx\/tienda\/categoria-producto\/multifuncionales\/laser-monocromatica\/\"},{\"@type\":\"ListItem\",\"position\":5,\"name\":\"Xerox B7130_t Multifuncional Versalink B7130t, 30ppm, Laser Monocromatico, Duplex, Usb, Ethernet Red, Bluetooth, Wifi, Con Bandeja Tandem, Tabloide\/a3 -requiere Instalacion Por Agencia De Servicio-\"}]},{\"@type\":\"WebSite\",\"@id\":\"https:\/\/compuviper.mx\/tienda\/#website\",\"url\":\"https:\/\/compuviper.mx\/tienda\/\",\"name\":\"Compuviper\",\"description\":\"Proveedor de Computadoras, Laptops, Servidores, Monitores, Puntos de Venta, Teclados,   Impresoras, T\u00f3ner, C\u00e1maras de Seguridad y m\u00e1s en tu tienda en l\u00ednea\",\"publisher\":{\"@id\":\"https:\/\/compuviper.mx\/tienda\/#organization\"},\"potentialAction\":[{\"@type\":\"SearchAction\",\"target\":{\"@type\":\"EntryPoint\",\"urlTemplate\":\"https:\/\/compuviper.mx\/tienda\/?s={search_term_string}\"},\"query-input\":\"required name=search_term_string\"}],\"inLanguage\":\"es-MX\"},{\"@type\":\"Organization\",\"@id\":\"https:\/\/compuviper.mx\/tienda\/#organization\",\"name\":\"Compuviper\",\"url\":\"https:\/\/compuviper.mx\/tienda\/\",\"logo\":{\"@type\":\"ImageObject\",\"inLanguage\":\"es-MX\",\"@id\":\"https:\/\/compuviper.mx\/tienda\/#\/schema\/logo\/image\/\",\"url\":\"https:\/\/compuviper.mx\/tienda\/wp-content\/uploads\/2021\/08\/Logo-Compuviper-10.png\",\"contentUrl\":\"https:\/\/compuviper.mx\/tienda\/wp-content\/uploads\/2021\/08\/Logo-Compuviper-10.png\",\"width\":1000,\"height\":500,\"caption\":\"Compuviper\"},\"image\":{\"@id\":\"https:\/\/compuviper.mx\/tienda\/#\/schema\/logo\/image\/\"},\"sameAs\":[\"https:\/\/www.facebook.com\/compuviper\",\"https:\/\/www.youtube.com\/channel\/UCf73dERp9Y3cfOq7q8BhLjA?view_as=subscriber\"]}]}<\/script>\n<meta property=\"product:brand\" content=\"Xerox\" \/>\n<meta property=\"product:price:amount\" content=\"64586\" \/>\n<meta property=\"product:price:currency\" content=\"MXN\" \/>\n<meta property=\"og:availability\" content=\"out of stock\" \/>\n<meta property=\"product:availability\" content=\"out of stock\" \/>\n<meta property=\"product:retailer_item_id\" content=\"B7130_T\" \/>\n<meta property=\"product:condition\" content=\"new\" \/>\n<!-- \/ Yoast SEO plugin. -->","yoast_head_json":{"title":"[ Xerox ] &#129351; B7130_t Multifuncional Versalink B7130t, 30ppm, Laser Monocromatico, Duplex, Usb, Ethernet Red, Bluetooth, Wifi, Con Bandeja Tandem, Tabloide\/a3 -requiere Instalacion Por Agencia De Servicio-","description":"Compra B7130_t Multifuncional Versalink B7130t, 30ppm, Laser Monocromatico, Duplex, Usb, Ethernet Red, Bluetooth, Wifi, Con Bandeja Tandem, Tabloide\/a3 -requiere Instalacion Por Agencia De Servicio- + Env\u00edo a domicilio + Pago seguro + Garant\u00eda","robots":{"index":"index","follow":"follow","max-snippet":"max-snippet:-1","max-image-preview":"max-image-preview:large","max-video-preview":"max-video-preview:-1"},"canonical":"https:\/\/compuviper.mx\/tienda\/producto\/xerox-b7130_t-multifuncional-versalink-b7130t-30ppm-laser-monocromatico-duplex-usb-ethernet-red-bluetooth-wifi-con-bandeja-tandem-tabloide-a3-requiere-instalacion-por-agencia-de-servicio\/","og_locale":"es_MX","og_type":"article","og_title":"[ Xerox ] &#129351; B7130_t Multifuncional Versalink B7130t, 30ppm, Laser Monocromatico, Duplex, Usb, Ethernet Red, Bluetooth, Wifi, Con Bandeja Tandem, Tabloide\/a3 -requiere Instalacion Por Agencia De Servicio-","og_description":"Compra B7130_t Multifuncional Versalink B7130t, 30ppm, Laser Monocromatico, Duplex, Usb, Ethernet Red, Bluetooth, Wifi, Con Bandeja Tandem, Tabloide\/a3 -requiere Instalacion Por Agencia De Servicio- + Env\u00edo a domicilio + Pago seguro + Garant\u00eda","og_url":"https:\/\/compuviper.mx\/tienda\/producto\/xerox-b7130_t-multifuncional-versalink-b7130t-30ppm-laser-monocromatico-duplex-usb-ethernet-red-bluetooth-wifi-con-bandeja-tandem-tabloide-a3-requiere-instalacion-por-agencia-de-servicio\/","og_site_name":"Compuviper","article_publisher":"https:\/\/www.facebook.com\/compuviper","og_image":[{"width":200,"height":200,"url":"https:\/\/compuviper.mx\/tienda\/wp-content\/uploads\/2025\/10\/Multifuncional-xerox-versalink-b7130t-30ppm-laser-monocromatico-duplex-usb-ethernet-red-bluetooth-wifi-con-bandeja-tandem-tabloidea3-requiere-instalacion-por-agencia-de-servicio.jpg","type":"image\/jpeg"}],"twitter_card":"summary_large_image","twitter_misc":{"Precio":"&#36;64,587 &#36;64,586 con IVA","Availability":"Out of stock"},"schema":{"@context":"https:\/\/schema.org","@graph":[{"@type":"WebPage","@id":"https:\/\/compuviper.mx\/tienda\/producto\/xerox-b7130_t-multifuncional-versalink-b7130t-30ppm-laser-monocromatico-duplex-usb-ethernet-red-bluetooth-wifi-con-bandeja-tandem-tabloide-a3-requiere-instalacion-por-agencia-de-servicio\/","url":"https:\/\/compuviper.mx\/tienda\/producto\/xerox-b7130_t-multifuncional-versalink-b7130t-30ppm-laser-monocromatico-duplex-usb-ethernet-red-bluetooth-wifi-con-bandeja-tandem-tabloide-a3-requiere-instalacion-por-agencia-de-servicio\/","name":"[ Xerox ] &#129351; B7130_t Multifuncional Versalink B7130t, 30ppm, Laser Monocromatico, Duplex, Usb, Ethernet Red, Bluetooth, Wifi, Con Bandeja Tandem, Tabloide\/a3 -requiere Instalacion Por Agencia De Servicio-","isPartOf":{"@id":"https:\/\/compuviper.mx\/tienda\/#website"},"datePublished":"2026-04-18T07:49:13+00:00","dateModified":"2026-04-18T07:49:13+00:00","description":"Compra B7130_t Multifuncional Versalink B7130t, 30ppm, Laser Monocromatico, Duplex, Usb, Ethernet Red, Bluetooth, Wifi, Con Bandeja Tandem, Tabloide\/a3 -requiere Instalacion Por Agencia De Servicio- + Env\u00edo a domicilio + Pago seguro + Garant\u00eda","breadcrumb":{"@id":"https:\/\/compuviper.mx\/tienda\/producto\/xerox-b7130_t-multifuncional-versalink-b7130t-30ppm-laser-monocromatico-duplex-usb-ethernet-red-bluetooth-wifi-con-bandeja-tandem-tabloide-a3-requiere-instalacion-por-agencia-de-servicio\/#breadcrumb"},"inLanguage":"es-MX","potentialAction":[{"@type":"ReadAction","target":["https:\/\/compuviper.mx\/tienda\/producto\/xerox-b7130_t-multifuncional-versalink-b7130t-30ppm-laser-monocromatico-duplex-usb-ethernet-red-bluetooth-wifi-con-bandeja-tandem-tabloide-a3-requiere-instalacion-por-agencia-de-servicio\/"]}]},{"@type":"BreadcrumbList","@id":"https:\/\/compuviper.mx\/tienda\/producto\/xerox-b7130_t-multifuncional-versalink-b7130t-30ppm-laser-monocromatico-duplex-usb-ethernet-red-bluetooth-wifi-con-bandeja-tandem-tabloide-a3-requiere-instalacion-por-agencia-de-servicio\/#breadcrumb","itemListElement":[{"@type":"ListItem","position":1,"name":"Inicio","item":"https:\/\/compuviper.mx\/tienda\/"},{"@type":"ListItem","position":2,"name":"Productos","item":"https:\/\/compuviper.mx\/tienda\/productos\/"},{"@type":"ListItem","position":3,"name":"Multifuncionales","item":"https:\/\/compuviper.mx\/tienda\/categoria-producto\/multifuncionales\/"},{"@type":"ListItem","position":4,"name":"Laser Monocromatica","item":"https:\/\/compuviper.mx\/tienda\/categoria-producto\/multifuncionales\/laser-monocromatica\/"},{"@type":"ListItem","position":5,"name":"Xerox B7130_t Multifuncional Versalink B7130t, 30ppm, Laser Monocromatico, Duplex, Usb, Ethernet Red, Bluetooth, Wifi, Con Bandeja Tandem, Tabloide\/a3 -requiere Instalacion Por Agencia De Servicio-"}]},{"@type":"WebSite","@id":"https:\/\/compuviper.mx\/tienda\/#website","url":"https:\/\/compuviper.mx\/tienda\/","name":"Compuviper","description":"Proveedor de Computadoras, Laptops, Servidores, Monitores, Puntos de Venta, Teclados,   Impresoras, T\u00f3ner, C\u00e1maras de Seguridad y m\u00e1s en tu tienda en l\u00ednea","publisher":{"@id":"https:\/\/compuviper.mx\/tienda\/#organization"},"potentialAction":[{"@type":"SearchAction","target":{"@type":"EntryPoint","urlTemplate":"https:\/\/compuviper.mx\/tienda\/?s={search_term_string}"},"query-input":"required name=search_term_string"}],"inLanguage":"es-MX"},{"@type":"Organization","@id":"https:\/\/compuviper.mx\/tienda\/#organization","name":"Compuviper","url":"https:\/\/compuviper.mx\/tienda\/","logo":{"@type":"ImageObject","inLanguage":"es-MX","@id":"https:\/\/compuviper.mx\/tienda\/#\/schema\/logo\/image\/","url":"https:\/\/compuviper.mx\/tienda\/wp-content\/uploads\/2021\/08\/Logo-Compuviper-10.png","contentUrl":"https:\/\/compuviper.mx\/tienda\/wp-content\/uploads\/2021\/08\/Logo-Compuviper-10.png","width":1000,"height":500,"caption":"Compuviper"},"image":{"@id":"https:\/\/compuviper.mx\/tienda\/#\/schema\/logo\/image\/"},"sameAs":["https:\/\/www.facebook.com\/compuviper","https:\/\/www.youtube.com\/channel\/UCf73dERp9Y3cfOq7q8BhLjA?view_as=subscriber"]}]},"product_brand":"Xerox","product_price_amount":"64586","product_price_currency":"MXN","og_availability":"out of stock","product_availability":"out of stock","product_retailer_item_id":"B7130_T","product_condition":"new"},"_links":{"self":[{"href":"https:\/\/compuviper.mx\/tienda\/wp-json\/wp\/v2\/product\/250577"}],"collection":[{"href":"https:\/\/compuviper.mx\/tienda\/wp-json\/wp\/v2\/product"}],"about":[{"href":"https:\/\/compuviper.mx\/tienda\/wp-json\/wp\/v2\/types\/product"}],"replies":[{"embeddable":true,"href":"https:\/\/compuviper.mx\/tienda\/wp-json\/wp\/v2\/comments?post=250577"}],"wp:featuredmedia":[{"embeddable":true,"href":"https:\/\/compuviper.mx\/tienda\/wp-json\/wp\/v2\/media\/260628"}],"wp:attachment":[{"href":"https:\/\/compuviper.mx\/tienda\/wp-json\/wp\/v2\/media?parent=250577"}],"wp:term":[{"taxonomy":"product_cat","embeddable":true,"href":"https:\/\/compuviper.mx\/tienda\/wp-json\/wp\/v2\/product_cat?post=250577"},{"taxonomy":"product_tag","embeddable":true,"href":"https:\/\/compuviper.mx\/tienda\/wp-json\/wp\/v2\/product_tag?post=250577"}],"curies":[{"name":"wp","href":"https:\/\/api.w.org\/{rel}","templated":true}]}}