{"id":250561,"date":"2026-04-02T00:15:41","date_gmt":"2026-04-02T06:15:41","guid":{"rendered":"https:\/\/compuviper.mx\/tienda\/producto\/provision-isr-di-33k0ab-28-camara-domo-torreta-5mp-a-3k-lente-fija-3k-de-20m-ip67-3k-2944-1656-ahd-tvi-4mp-2560\/"},"modified":"2026-04-02T00:15:42","modified_gmt":"2026-04-02T06:15:42","slug":"provision-isr-di-33k0ab-28-camara-domo-torreta-5mp-a-3k-lente-fija-3k-de-20m-ip67-3k-2944-1656-ahd-tvi-4mp-2560","status":"publish","type":"product","link":"https:\/\/compuviper.mx\/tienda\/producto\/provision-isr-di-33k0ab-28-camara-domo-torreta-5mp-a-3k-lente-fija-3k-de-20m-ip67-3k-2944-1656-ahd-tvi-4mp-2560\/","title":{"rendered":"Provision Isr Di-33k0ab-28 Camara Domo\/torreta \/\/ \/ 5mp A 3k\/ Lente Fija 3k De 20m\/ Ip67\/ 3k: 2944 ? 1656 Ahd\/tvi 4mp: 2560"},"content":{"rendered":"<table class=\"descripcion\">\n<tr>\n<td>\u0095 di-33k0ab-28 camara domo\/torreta pequena con lente fija ir 3k de 20 m<\/td>\n<\/tr>\n<tr>\n<td>\u0095 sensor: sensor cmos 3k de 1\/2,5 and #8243;<\/td>\n<\/tr>\n<tr>\n<td>\u0095 salida seleccionable: 3k: 2944 \u00d7 1656 ahd\/tvi 4mp: 2560 \u00d7 1440 ahd\/tvi\/cvi cvbs: 700tvl<\/td>\n<\/tr>\n<tr>\n<td>\u0095 lente: 2,8 mm megapixel fijo (98\u00b0 and #65289;<\/td>\n<\/tr>\n<tr>\n<td>\u0095 d\u00eda y noche verdaderos &#8211; icr<\/td>\n<\/tr>\n<tr>\n<td>\u0095 2d-dnr<\/td>\n<\/tr>\n<tr>\n<td>\u0095 wdr\/hlc\/blc digital<\/td>\n<\/tr>\n<tr>\n<td>\u0095 iluminacion: 20 m (2 led ir de alta potencia)<\/td>\n<\/tr>\n<tr>\n<td>\u0095 ip67<\/td>\n<\/tr>\n<tr>\n<td>\u0095 peso: 280g<\/td>\n<\/tr>\n<tr>\n<td>\u0095 alimentacion: cc 12 v\/200 ma<\/td>\n<\/tr>\n<\/table>\n","protected":false},"excerpt":{"rendered":"<p>Camara domo\/torreta pequena con lente fija ir 3k de 20 m. Equipada con un objetivo fijo de 2,8 mm, esta camara domo 3k est\u00e1 disenada para sistemas de vigilancia de corta distancia (hasta 20 m) en interiores y exteriores. Con tecnologia 4 en 1 seleccionable desde el menu coc de la camara, la di-33k0ab-28 es la mejor opcion para instalaciones basicas.<\/p>\n","protected":false},"featured_media":259401,"comment_status":"open","ping_status":"open","template":"","meta":[],"product_cat":[1681,1608],"product_tag":[1526],"acf":[],"yoast_head":"<!-- This site is optimized with the Yoast SEO plugin v21.7 - https:\/\/yoast.com\/wordpress\/plugins\/seo\/ -->\n<title>[ Provision Isr ] &#129351; Di-33k0ab-28 Camara Domo\/torreta \/\/ \/ 5mp A 3k\/ Lente Fija 3k De 20m\/ Ip67\/ 3k: 2944 \u00d7 1656 Ahd\/tvi 4mp: 2560<\/title>\n<meta name=\"description\" content=\"Compra Di-33k0ab-28 Camara Domo\/torreta \/\/ \/ 5mp A 3k\/ Lente Fija 3k De 20m\/ Ip67\/ 3k: 2944 \u00d7 1656 Ahd\/tvi 4mp: 2560 + Env\u00edo a domicilio + Pago seguro + Garant\u00eda\" \/>\n<meta name=\"robots\" content=\"index, follow, max-snippet:-1, max-image-preview:large, max-video-preview:-1\" \/>\n<link rel=\"canonical\" href=\"https:\/\/compuviper.mx\/tienda\/producto\/provision-isr-di-33k0ab-28-camara-domo-torreta-5mp-a-3k-lente-fija-3k-de-20m-ip67-3k-2944-1656-ahd-tvi-4mp-2560\/\" \/>\n<meta property=\"og:locale\" content=\"es_MX\" \/>\n<meta property=\"og:type\" content=\"article\" \/>\n<meta property=\"og:title\" content=\"[ Provision Isr ] &#129351; Di-33k0ab-28 Camara Domo\/torreta \/\/ \/ 5mp A 3k\/ Lente Fija 3k De 20m\/ Ip67\/ 3k: 2944 \u00d7 1656 Ahd\/tvi 4mp: 2560\" \/>\n<meta property=\"og:description\" content=\"Compra Di-33k0ab-28 Camara Domo\/torreta \/\/ \/ 5mp A 3k\/ Lente Fija 3k De 20m\/ Ip67\/ 3k: 2944 \u00d7 1656 Ahd\/tvi 4mp: 2560 + Env\u00edo a domicilio + Pago seguro + Garant\u00eda\" \/>\n<meta property=\"og:url\" content=\"https:\/\/compuviper.mx\/tienda\/producto\/provision-isr-di-33k0ab-28-camara-domo-torreta-5mp-a-3k-lente-fija-3k-de-20m-ip67-3k-2944-1656-ahd-tvi-4mp-2560\/\" \/>\n<meta property=\"og:site_name\" content=\"Compuviper\" \/>\n<meta property=\"article:publisher\" content=\"https:\/\/www.facebook.com\/compuviper\" \/>\n<meta property=\"article:modified_time\" content=\"2026-04-02T06:15:42+00:00\" \/>\n<meta property=\"og:image\" content=\"https:\/\/compuviper.mx\/tienda\/wp-content\/uploads\/2025\/10\/Camara-domotorreta-provision-isr-di-33k0ab-28-5mp-a-3k-lente-fija-3k-de-20m-ip67-3k-2944-\u00d7-1656-ahdtvi-4mp-2560.jpg\" \/>\n\t<meta property=\"og:image:width\" content=\"200\" \/>\n\t<meta property=\"og:image:height\" content=\"200\" \/>\n\t<meta property=\"og:image:type\" content=\"image\/jpeg\" \/>\n<meta name=\"twitter:card\" content=\"summary_large_image\" \/>\n<meta name=\"twitter:label1\" content=\"Precio\" \/>\n\t<meta name=\"twitter:data1\" content=\"&#36;648 &#36;590 con IVA\" \/>\n\t<meta name=\"twitter:label2\" content=\"Availability\" \/>\n\t<meta name=\"twitter:data2\" content=\"Out of stock\" \/>\n<script type=\"application\/ld+json\" class=\"yoast-schema-graph\">{\"@context\":\"https:\/\/schema.org\",\"@graph\":[{\"@type\":\"WebPage\",\"@id\":\"https:\/\/compuviper.mx\/tienda\/producto\/provision-isr-di-33k0ab-28-camara-domo-torreta-5mp-a-3k-lente-fija-3k-de-20m-ip67-3k-2944-1656-ahd-tvi-4mp-2560\/\",\"url\":\"https:\/\/compuviper.mx\/tienda\/producto\/provision-isr-di-33k0ab-28-camara-domo-torreta-5mp-a-3k-lente-fija-3k-de-20m-ip67-3k-2944-1656-ahd-tvi-4mp-2560\/\",\"name\":\"[ Provision Isr ] &#129351; Di-33k0ab-28 Camara Domo\/torreta \/\/ \/ 5mp A 3k\/ Lente Fija 3k De 20m\/ Ip67\/ 3k: 2944 \u00d7 1656 Ahd\/tvi 4mp: 2560\",\"isPartOf\":{\"@id\":\"https:\/\/compuviper.mx\/tienda\/#website\"},\"datePublished\":\"2026-04-02T06:15:41+00:00\",\"dateModified\":\"2026-04-02T06:15:42+00:00\",\"description\":\"Compra Di-33k0ab-28 Camara Domo\/torreta \/\/ \/ 5mp A 3k\/ Lente Fija 3k De 20m\/ Ip67\/ 3k: 2944 \u00d7 1656 Ahd\/tvi 4mp: 2560 + Env\u00edo a domicilio + Pago seguro + Garant\u00eda\",\"breadcrumb\":{\"@id\":\"https:\/\/compuviper.mx\/tienda\/producto\/provision-isr-di-33k0ab-28-camara-domo-torreta-5mp-a-3k-lente-fija-3k-de-20m-ip67-3k-2944-1656-ahd-tvi-4mp-2560\/#breadcrumb\"},\"inLanguage\":\"es-MX\",\"potentialAction\":[{\"@type\":\"ReadAction\",\"target\":[\"https:\/\/compuviper.mx\/tienda\/producto\/provision-isr-di-33k0ab-28-camara-domo-torreta-5mp-a-3k-lente-fija-3k-de-20m-ip67-3k-2944-1656-ahd-tvi-4mp-2560\/\"]}]},{\"@type\":\"BreadcrumbList\",\"@id\":\"https:\/\/compuviper.mx\/tienda\/producto\/provision-isr-di-33k0ab-28-camara-domo-torreta-5mp-a-3k-lente-fija-3k-de-20m-ip67-3k-2944-1656-ahd-tvi-4mp-2560\/#breadcrumb\",\"itemListElement\":[{\"@type\":\"ListItem\",\"position\":1,\"name\":\"Inicio\",\"item\":\"https:\/\/compuviper.mx\/tienda\/\"},{\"@type\":\"ListItem\",\"position\":2,\"name\":\"Productos\",\"item\":\"https:\/\/compuviper.mx\/tienda\/productos\/\"},{\"@type\":\"ListItem\",\"position\":3,\"name\":\"Camaras\",\"item\":\"https:\/\/compuviper.mx\/tienda\/categoria-producto\/camaras-2\/\"},{\"@type\":\"ListItem\",\"position\":4,\"name\":\"Camara De Videovigilancia\",\"item\":\"https:\/\/compuviper.mx\/tienda\/categoria-producto\/camaras-2\/camara-de-videovigilancia\/\"},{\"@type\":\"ListItem\",\"position\":5,\"name\":\"Provision Isr Di-33k0ab-28 Camara Domo\/torreta \/\/ \/ 5mp A 3k\/ Lente Fija 3k De 20m\/ Ip67\/ 3k: 2944 ? 1656 Ahd\/tvi 4mp: 2560\"}]},{\"@type\":\"WebSite\",\"@id\":\"https:\/\/compuviper.mx\/tienda\/#website\",\"url\":\"https:\/\/compuviper.mx\/tienda\/\",\"name\":\"Compuviper\",\"description\":\"Proveedor de Computadoras, Laptops, Servidores, Monitores, Puntos de Venta, Teclados,   Impresoras, T\u00f3ner, C\u00e1maras de Seguridad y m\u00e1s en tu tienda en l\u00ednea\",\"publisher\":{\"@id\":\"https:\/\/compuviper.mx\/tienda\/#organization\"},\"potentialAction\":[{\"@type\":\"SearchAction\",\"target\":{\"@type\":\"EntryPoint\",\"urlTemplate\":\"https:\/\/compuviper.mx\/tienda\/?s={search_term_string}\"},\"query-input\":\"required name=search_term_string\"}],\"inLanguage\":\"es-MX\"},{\"@type\":\"Organization\",\"@id\":\"https:\/\/compuviper.mx\/tienda\/#organization\",\"name\":\"Compuviper\",\"url\":\"https:\/\/compuviper.mx\/tienda\/\",\"logo\":{\"@type\":\"ImageObject\",\"inLanguage\":\"es-MX\",\"@id\":\"https:\/\/compuviper.mx\/tienda\/#\/schema\/logo\/image\/\",\"url\":\"https:\/\/compuviper.mx\/tienda\/wp-content\/uploads\/2021\/08\/Logo-Compuviper-10.png\",\"contentUrl\":\"https:\/\/compuviper.mx\/tienda\/wp-content\/uploads\/2021\/08\/Logo-Compuviper-10.png\",\"width\":1000,\"height\":500,\"caption\":\"Compuviper\"},\"image\":{\"@id\":\"https:\/\/compuviper.mx\/tienda\/#\/schema\/logo\/image\/\"},\"sameAs\":[\"https:\/\/www.facebook.com\/compuviper\",\"https:\/\/www.youtube.com\/channel\/UCf73dERp9Y3cfOq7q8BhLjA?view_as=subscriber\"]}]}<\/script>\n<meta property=\"product:brand\" content=\"PROVISION ISR\" \/>\n<meta property=\"product:price:amount\" content=\"590\" \/>\n<meta property=\"product:price:currency\" content=\"MXN\" \/>\n<meta property=\"og:availability\" content=\"out of stock\" \/>\n<meta property=\"product:availability\" content=\"out of stock\" \/>\n<meta property=\"product:retailer_item_id\" content=\"DI-33K0AB-28\" \/>\n<meta property=\"product:condition\" content=\"new\" \/>\n<!-- \/ Yoast SEO plugin. -->","yoast_head_json":{"title":"[ Provision Isr ] &#129351; Di-33k0ab-28 Camara Domo\/torreta \/\/ \/ 5mp A 3k\/ Lente Fija 3k De 20m\/ Ip67\/ 3k: 2944 \u00d7 1656 Ahd\/tvi 4mp: 2560","description":"Compra Di-33k0ab-28 Camara Domo\/torreta \/\/ \/ 5mp A 3k\/ Lente Fija 3k De 20m\/ Ip67\/ 3k: 2944 \u00d7 1656 Ahd\/tvi 4mp: 2560 + Env\u00edo a domicilio + Pago seguro + Garant\u00eda","robots":{"index":"index","follow":"follow","max-snippet":"max-snippet:-1","max-image-preview":"max-image-preview:large","max-video-preview":"max-video-preview:-1"},"canonical":"https:\/\/compuviper.mx\/tienda\/producto\/provision-isr-di-33k0ab-28-camara-domo-torreta-5mp-a-3k-lente-fija-3k-de-20m-ip67-3k-2944-1656-ahd-tvi-4mp-2560\/","og_locale":"es_MX","og_type":"article","og_title":"[ Provision Isr ] &#129351; Di-33k0ab-28 Camara Domo\/torreta \/\/ \/ 5mp A 3k\/ Lente Fija 3k De 20m\/ Ip67\/ 3k: 2944 \u00d7 1656 Ahd\/tvi 4mp: 2560","og_description":"Compra Di-33k0ab-28 Camara Domo\/torreta \/\/ \/ 5mp A 3k\/ Lente Fija 3k De 20m\/ Ip67\/ 3k: 2944 \u00d7 1656 Ahd\/tvi 4mp: 2560 + Env\u00edo a domicilio + Pago seguro + Garant\u00eda","og_url":"https:\/\/compuviper.mx\/tienda\/producto\/provision-isr-di-33k0ab-28-camara-domo-torreta-5mp-a-3k-lente-fija-3k-de-20m-ip67-3k-2944-1656-ahd-tvi-4mp-2560\/","og_site_name":"Compuviper","article_publisher":"https:\/\/www.facebook.com\/compuviper","article_modified_time":"2026-04-02T06:15:42+00:00","og_image":[{"width":200,"height":200,"url":"https:\/\/compuviper.mx\/tienda\/wp-content\/uploads\/2025\/10\/Camara-domotorreta-provision-isr-di-33k0ab-28-5mp-a-3k-lente-fija-3k-de-20m-ip67-3k-2944-\u00d7-1656-ahdtvi-4mp-2560.jpg","type":"image\/jpeg"}],"twitter_card":"summary_large_image","twitter_misc":{"Precio":"&#36;648 &#36;590 con IVA","Availability":"Out of stock"},"schema":{"@context":"https:\/\/schema.org","@graph":[{"@type":"WebPage","@id":"https:\/\/compuviper.mx\/tienda\/producto\/provision-isr-di-33k0ab-28-camara-domo-torreta-5mp-a-3k-lente-fija-3k-de-20m-ip67-3k-2944-1656-ahd-tvi-4mp-2560\/","url":"https:\/\/compuviper.mx\/tienda\/producto\/provision-isr-di-33k0ab-28-camara-domo-torreta-5mp-a-3k-lente-fija-3k-de-20m-ip67-3k-2944-1656-ahd-tvi-4mp-2560\/","name":"[ Provision Isr ] &#129351; Di-33k0ab-28 Camara Domo\/torreta \/\/ \/ 5mp A 3k\/ Lente Fija 3k De 20m\/ Ip67\/ 3k: 2944 \u00d7 1656 Ahd\/tvi 4mp: 2560","isPartOf":{"@id":"https:\/\/compuviper.mx\/tienda\/#website"},"datePublished":"2026-04-02T06:15:41+00:00","dateModified":"2026-04-02T06:15:42+00:00","description":"Compra Di-33k0ab-28 Camara Domo\/torreta \/\/ \/ 5mp A 3k\/ Lente Fija 3k De 20m\/ Ip67\/ 3k: 2944 \u00d7 1656 Ahd\/tvi 4mp: 2560 + Env\u00edo a domicilio + Pago seguro + Garant\u00eda","breadcrumb":{"@id":"https:\/\/compuviper.mx\/tienda\/producto\/provision-isr-di-33k0ab-28-camara-domo-torreta-5mp-a-3k-lente-fija-3k-de-20m-ip67-3k-2944-1656-ahd-tvi-4mp-2560\/#breadcrumb"},"inLanguage":"es-MX","potentialAction":[{"@type":"ReadAction","target":["https:\/\/compuviper.mx\/tienda\/producto\/provision-isr-di-33k0ab-28-camara-domo-torreta-5mp-a-3k-lente-fija-3k-de-20m-ip67-3k-2944-1656-ahd-tvi-4mp-2560\/"]}]},{"@type":"BreadcrumbList","@id":"https:\/\/compuviper.mx\/tienda\/producto\/provision-isr-di-33k0ab-28-camara-domo-torreta-5mp-a-3k-lente-fija-3k-de-20m-ip67-3k-2944-1656-ahd-tvi-4mp-2560\/#breadcrumb","itemListElement":[{"@type":"ListItem","position":1,"name":"Inicio","item":"https:\/\/compuviper.mx\/tienda\/"},{"@type":"ListItem","position":2,"name":"Productos","item":"https:\/\/compuviper.mx\/tienda\/productos\/"},{"@type":"ListItem","position":3,"name":"Camaras","item":"https:\/\/compuviper.mx\/tienda\/categoria-producto\/camaras-2\/"},{"@type":"ListItem","position":4,"name":"Camara De Videovigilancia","item":"https:\/\/compuviper.mx\/tienda\/categoria-producto\/camaras-2\/camara-de-videovigilancia\/"},{"@type":"ListItem","position":5,"name":"Provision Isr Di-33k0ab-28 Camara Domo\/torreta \/\/ \/ 5mp A 3k\/ Lente Fija 3k De 20m\/ Ip67\/ 3k: 2944 ? 1656 Ahd\/tvi 4mp: 2560"}]},{"@type":"WebSite","@id":"https:\/\/compuviper.mx\/tienda\/#website","url":"https:\/\/compuviper.mx\/tienda\/","name":"Compuviper","description":"Proveedor de Computadoras, Laptops, Servidores, Monitores, Puntos de Venta, Teclados,   Impresoras, T\u00f3ner, C\u00e1maras de Seguridad y m\u00e1s en tu tienda en l\u00ednea","publisher":{"@id":"https:\/\/compuviper.mx\/tienda\/#organization"},"potentialAction":[{"@type":"SearchAction","target":{"@type":"EntryPoint","urlTemplate":"https:\/\/compuviper.mx\/tienda\/?s={search_term_string}"},"query-input":"required name=search_term_string"}],"inLanguage":"es-MX"},{"@type":"Organization","@id":"https:\/\/compuviper.mx\/tienda\/#organization","name":"Compuviper","url":"https:\/\/compuviper.mx\/tienda\/","logo":{"@type":"ImageObject","inLanguage":"es-MX","@id":"https:\/\/compuviper.mx\/tienda\/#\/schema\/logo\/image\/","url":"https:\/\/compuviper.mx\/tienda\/wp-content\/uploads\/2021\/08\/Logo-Compuviper-10.png","contentUrl":"https:\/\/compuviper.mx\/tienda\/wp-content\/uploads\/2021\/08\/Logo-Compuviper-10.png","width":1000,"height":500,"caption":"Compuviper"},"image":{"@id":"https:\/\/compuviper.mx\/tienda\/#\/schema\/logo\/image\/"},"sameAs":["https:\/\/www.facebook.com\/compuviper","https:\/\/www.youtube.com\/channel\/UCf73dERp9Y3cfOq7q8BhLjA?view_as=subscriber"]}]},"product_brand":"PROVISION ISR","product_price_amount":"590","product_price_currency":"MXN","og_availability":"out of stock","product_availability":"out of stock","product_retailer_item_id":"DI-33K0AB-28","product_condition":"new"},"_links":{"self":[{"href":"https:\/\/compuviper.mx\/tienda\/wp-json\/wp\/v2\/product\/250561"}],"collection":[{"href":"https:\/\/compuviper.mx\/tienda\/wp-json\/wp\/v2\/product"}],"about":[{"href":"https:\/\/compuviper.mx\/tienda\/wp-json\/wp\/v2\/types\/product"}],"replies":[{"embeddable":true,"href":"https:\/\/compuviper.mx\/tienda\/wp-json\/wp\/v2\/comments?post=250561"}],"wp:featuredmedia":[{"embeddable":true,"href":"https:\/\/compuviper.mx\/tienda\/wp-json\/wp\/v2\/media\/259401"}],"wp:attachment":[{"href":"https:\/\/compuviper.mx\/tienda\/wp-json\/wp\/v2\/media?parent=250561"}],"wp:term":[{"taxonomy":"product_cat","embeddable":true,"href":"https:\/\/compuviper.mx\/tienda\/wp-json\/wp\/v2\/product_cat?post=250561"},{"taxonomy":"product_tag","embeddable":true,"href":"https:\/\/compuviper.mx\/tienda\/wp-json\/wp\/v2\/product_tag?post=250561"}],"curies":[{"name":"wp","href":"https:\/\/api.w.org\/{rel}","templated":true}]}}