{"id":250557,"date":"2026-04-01T23:16:22","date_gmt":"2026-04-02T05:16:22","guid":{"rendered":"https:\/\/compuviper.mx\/tienda\/producto\/balam-rush-br-941112-base-enfriadora-gamer-eolox-cryotech-ef780-laptop-17-pulg-velocidad-ajustable-7-niveles-de-altura-10-modos-de-iluminacion-soporte-p-celular-placa-metalica-negro\/"},"modified":"2026-04-01T23:16:22","modified_gmt":"2026-04-02T05:16:22","slug":"balam-rush-br-941112-base-enfriadora-gamer-eolox-cryotech-ef780-laptop-17-pulg-velocidad-ajustable-7-niveles-de-altura-10-modos-de-iluminacion-soporte-p-celular-placa-metalica-negro","status":"publish","type":"product","link":"https:\/\/compuviper.mx\/tienda\/producto\/balam-rush-br-941112-base-enfriadora-gamer-eolox-cryotech-ef780-laptop-17-pulg-velocidad-ajustable-7-niveles-de-altura-10-modos-de-iluminacion-soporte-p-celular-placa-metalica-negro\/","title":{"rendered":"Balam Rush Br-941112 Base Enfriadora Gamer  Eolox Cryotech Ef780 \/ Laptop 17 Pulg \/ Velocidad Ajustable \/ 7 Niveles De Altura \/ 10 Modos De Iluminacion \/ Soporte P- Celular \/ Placa Metalica \/ Negro \/"},"content":{"rendered":"<table class=\"descripcion\">\n<tr>\n<td>Especificaciones de base enfriadora<\/td>\n<\/tr>\n<tr>\n<td>\u0095 modelo: br-941112<\/td>\n<\/tr>\n<tr>\n<td>\u0095 producto: base enfriadora<\/td>\n<\/tr>\n<tr>\n<td>\u0095 materiales: abs + aluminio<\/td>\n<\/tr>\n<tr>\n<td>\u0095 dimensiones: 42 x 31 x 3 cm<\/td>\n<\/tr>\n<tr>\n<td>\u0095 peso: 1.24 kg<\/td>\n<\/tr>\n<tr>\n<td>\u0095 compatibilidad: laptops 17<\/td>\n<\/tr>\n<tr>\n<td>\u0095 ventiladore (s):<\/td>\n<\/tr>\n<tr>\n<td>       and #61607;  2 x 50 mm<\/td>\n<\/tr>\n<tr>\n<td>       and #61607; 2 x 60 mm<\/td>\n<\/tr>\n<tr>\n<td>       and #61607; 4 x 70 mm<\/td>\n<\/tr>\n<tr>\n<td>       and #61607; 1 x 80 mm<\/td>\n<\/tr>\n<tr>\n<td>\u0095 velocidad de los ventiladores<\/td>\n<\/tr>\n<tr>\n<td>       and #61607; 3000 rpm<\/td>\n<\/tr>\n<tr>\n<td>       and #61607; 2200 rpm<\/td>\n<\/tr>\n<tr>\n<td>       and #61607; 2000 rpm<\/td>\n<\/tr>\n<tr>\n<td>       and #61607; 1800 rpm<\/td>\n<\/tr>\n<tr>\n<td>\u0095 ruido: 24 &#8211; 26 db<\/td>\n<\/tr>\n<tr>\n<td>\u0095 flujo de aire: 98 cfm<\/td>\n<\/tr>\n<tr>\n<td>\u0095 puertos: 1x usb c<\/td>\n<\/tr>\n<tr>\n<td>\u0095 cable alimentador: usb c<\/td>\n<\/tr>\n<tr>\n<td>\u0095 ajustes de altura: 7 niveles<\/td>\n<\/tr>\n<tr>\n<td>\u0095 iluminaciun: 10 mods<\/td>\n<\/tr>\n<tr>\n<td>\u0095 alimentaciun: 12 v and #9107; 3 a<\/td>\n<\/tr>\n<\/table>\n","protected":false},"excerpt":{"rendered":"<p>Eficiencia de enfriamiento. La placa met\u00e1lica integrada maximiza la disipaci\u00f3n. Del calor, asegurando un rendimiento \u00f3ptimo de. Tu laptop. Disfruta de cada partida sin preocupaciones. Manteniendo la temperatura bajo control mientras. Vences a tus oponentes. Resistencia en. La batalla. Con 9 ventiladores trabajando a. M\u00e1xima velocidad, tu laptop se. Mantiene fresca en las sesiones. M\u00e1s intensas. Olv\u00eddate del. Sobrecalentamiento y juega. Sin interrupciones. Controla. Tu destino. Ajusta la velocidad de los. Ventiladores a tu gusto. Desde el panel de control. Optimizando tu setup para. Largas sesiones de juego. T?. Decides el ritmo, como en. Cada partida. Iluminaci\u00f3n. A tu estilo. Diez modos de luces te. Permiten personalizar la. Base y sumergirte m\u00e1s en la. Atm\u00f3sfera de tu juego. Desde. Un duelo en la oscuridad. Hasta una aventura futurista. La base sigue tu ow visual. Adaptabilidad en cada. Terreno. Con 7 niveles de ajuste de altura, encuentra la. Postura perfecta para cualquier situaci\u00f3n de. Juego. Ya sea en un enfrentamiento r\u00e1pido o una. Estrategia prolongada, estar\u00e1s siempre c\u00f3modo.<\/p>\n","protected":false},"featured_media":258795,"comment_status":"open","ping_status":"open","template":"","meta":[],"product_cat":[1485,1486],"product_tag":[2097],"acf":[],"yoast_head":"<!-- This site is optimized with the Yoast SEO plugin v21.7 - https:\/\/yoast.com\/wordpress\/plugins\/seo\/ -->\n<title>[ Balam Rush ] &#129351; Br-941112 Base Enfriadora Gamer Eolox Cryotech Ef780 \/ Laptop 17 Pulg \/ Velocidad Ajustable \/ 7 Niveles De Altura \/ 10 Modos De Iluminacion \/ Soporte P- Celular \/ Placa Metalica \/ Negro \/<\/title>\n<meta name=\"description\" content=\"Compra Br-941112 Base Enfriadora Gamer Eolox Cryotech Ef780 \/ Laptop 17 Pulg \/ Velocidad Ajustable \/ 7 Niveles De Altura \/ 10 Modos De Iluminacion \/ Soporte P- Celular \/ Placa Metalica \/ Negro \/ + Env\u00edo a domicilio + Pago seguro + Garant\u00eda\" \/>\n<meta name=\"robots\" content=\"index, follow, max-snippet:-1, max-image-preview:large, max-video-preview:-1\" \/>\n<link rel=\"canonical\" href=\"https:\/\/compuviper.mx\/tienda\/producto\/balam-rush-br-941112-base-enfriadora-gamer-eolox-cryotech-ef780-laptop-17-pulg-velocidad-ajustable-7-niveles-de-altura-10-modos-de-iluminacion-soporte-p-celular-placa-metalica-negro\/\" \/>\n<meta property=\"og:locale\" content=\"es_MX\" \/>\n<meta property=\"og:type\" content=\"article\" \/>\n<meta property=\"og:title\" content=\"[ Balam Rush ] &#129351; Br-941112 Base Enfriadora Gamer Eolox Cryotech Ef780 \/ Laptop 17 Pulg \/ Velocidad Ajustable \/ 7 Niveles De Altura \/ 10 Modos De Iluminacion \/ Soporte P- Celular \/ Placa Metalica \/ Negro \/\" \/>\n<meta property=\"og:description\" content=\"Compra Br-941112 Base Enfriadora Gamer Eolox Cryotech Ef780 \/ Laptop 17 Pulg \/ Velocidad Ajustable \/ 7 Niveles De Altura \/ 10 Modos De Iluminacion \/ Soporte P- Celular \/ Placa Metalica \/ Negro \/ + Env\u00edo a domicilio + Pago seguro + Garant\u00eda\" \/>\n<meta property=\"og:url\" content=\"https:\/\/compuviper.mx\/tienda\/producto\/balam-rush-br-941112-base-enfriadora-gamer-eolox-cryotech-ef780-laptop-17-pulg-velocidad-ajustable-7-niveles-de-altura-10-modos-de-iluminacion-soporte-p-celular-placa-metalica-negro\/\" \/>\n<meta property=\"og:site_name\" content=\"Compuviper\" \/>\n<meta property=\"article:publisher\" content=\"https:\/\/www.facebook.com\/compuviper\" \/>\n<meta property=\"og:image\" content=\"https:\/\/compuviper.mx\/tienda\/wp-content\/uploads\/2025\/10\/Base-enfriadora-gamer-balam-rush-eolox-cryotech-ef780-laptop-17-pulg-velocidad-ajustable-7-niveles-de-altura-10-modos-de-iluminacion-soporte-p-celular-placa-metalica-negro-br-941112.jpg\" \/>\n\t<meta property=\"og:image:width\" content=\"200\" \/>\n\t<meta property=\"og:image:height\" content=\"200\" \/>\n\t<meta property=\"og:image:type\" content=\"image\/jpeg\" \/>\n<meta name=\"twitter:card\" content=\"summary_large_image\" \/>\n<meta name=\"twitter:label1\" content=\"Precio\" \/>\n\t<meta name=\"twitter:data1\" content=\"&#36;843 con IVA\" \/>\n\t<meta name=\"twitter:label2\" content=\"Availability\" \/>\n\t<meta name=\"twitter:data2\" content=\"Out of stock\" \/>\n<script type=\"application\/ld+json\" class=\"yoast-schema-graph\">{\"@context\":\"https:\/\/schema.org\",\"@graph\":[{\"@type\":\"WebPage\",\"@id\":\"https:\/\/compuviper.mx\/tienda\/producto\/balam-rush-br-941112-base-enfriadora-gamer-eolox-cryotech-ef780-laptop-17-pulg-velocidad-ajustable-7-niveles-de-altura-10-modos-de-iluminacion-soporte-p-celular-placa-metalica-negro\/\",\"url\":\"https:\/\/compuviper.mx\/tienda\/producto\/balam-rush-br-941112-base-enfriadora-gamer-eolox-cryotech-ef780-laptop-17-pulg-velocidad-ajustable-7-niveles-de-altura-10-modos-de-iluminacion-soporte-p-celular-placa-metalica-negro\/\",\"name\":\"[ Balam Rush ] &#129351; Br-941112 Base Enfriadora Gamer Eolox Cryotech Ef780 \/ Laptop 17 Pulg \/ Velocidad Ajustable \/ 7 Niveles De Altura \/ 10 Modos De Iluminacion \/ Soporte P- Celular \/ Placa Metalica \/ Negro \/\",\"isPartOf\":{\"@id\":\"https:\/\/compuviper.mx\/tienda\/#website\"},\"datePublished\":\"2026-04-02T05:16:22+00:00\",\"dateModified\":\"2026-04-02T05:16:22+00:00\",\"description\":\"Compra Br-941112 Base Enfriadora Gamer Eolox Cryotech Ef780 \/ Laptop 17 Pulg \/ Velocidad Ajustable \/ 7 Niveles De Altura \/ 10 Modos De Iluminacion \/ Soporte P- Celular \/ Placa Metalica \/ Negro \/ + Env\u00edo a domicilio + Pago seguro + Garant\u00eda\",\"breadcrumb\":{\"@id\":\"https:\/\/compuviper.mx\/tienda\/producto\/balam-rush-br-941112-base-enfriadora-gamer-eolox-cryotech-ef780-laptop-17-pulg-velocidad-ajustable-7-niveles-de-altura-10-modos-de-iluminacion-soporte-p-celular-placa-metalica-negro\/#breadcrumb\"},\"inLanguage\":\"es-MX\",\"potentialAction\":[{\"@type\":\"ReadAction\",\"target\":[\"https:\/\/compuviper.mx\/tienda\/producto\/balam-rush-br-941112-base-enfriadora-gamer-eolox-cryotech-ef780-laptop-17-pulg-velocidad-ajustable-7-niveles-de-altura-10-modos-de-iluminacion-soporte-p-celular-placa-metalica-negro\/\"]}]},{\"@type\":\"BreadcrumbList\",\"@id\":\"https:\/\/compuviper.mx\/tienda\/producto\/balam-rush-br-941112-base-enfriadora-gamer-eolox-cryotech-ef780-laptop-17-pulg-velocidad-ajustable-7-niveles-de-altura-10-modos-de-iluminacion-soporte-p-celular-placa-metalica-negro\/#breadcrumb\",\"itemListElement\":[{\"@type\":\"ListItem\",\"position\":1,\"name\":\"Inicio\",\"item\":\"https:\/\/compuviper.mx\/tienda\/\"},{\"@type\":\"ListItem\",\"position\":2,\"name\":\"Productos\",\"item\":\"https:\/\/compuviper.mx\/tienda\/productos\/\"},{\"@type\":\"ListItem\",\"position\":3,\"name\":\"Accesorios\",\"item\":\"https:\/\/compuviper.mx\/tienda\/categoria-producto\/accesorios\/\"},{\"@type\":\"ListItem\",\"position\":4,\"name\":\"Portatil\",\"item\":\"https:\/\/compuviper.mx\/tienda\/categoria-producto\/accesorios\/portatil\/\"},{\"@type\":\"ListItem\",\"position\":5,\"name\":\"Balam Rush Br-941112 Base Enfriadora Gamer Eolox Cryotech Ef780 \/ Laptop 17 Pulg \/ Velocidad Ajustable \/ 7 Niveles De Altura \/ 10 Modos De Iluminacion \/ Soporte P- Celular \/ Placa Metalica \/ Negro \/\"}]},{\"@type\":\"WebSite\",\"@id\":\"https:\/\/compuviper.mx\/tienda\/#website\",\"url\":\"https:\/\/compuviper.mx\/tienda\/\",\"name\":\"Compuviper\",\"description\":\"Proveedor de Computadoras, Laptops, Servidores, Monitores, Puntos de Venta, Teclados,   Impresoras, T\u00f3ner, C\u00e1maras de Seguridad y m\u00e1s en tu tienda en l\u00ednea\",\"publisher\":{\"@id\":\"https:\/\/compuviper.mx\/tienda\/#organization\"},\"potentialAction\":[{\"@type\":\"SearchAction\",\"target\":{\"@type\":\"EntryPoint\",\"urlTemplate\":\"https:\/\/compuviper.mx\/tienda\/?s={search_term_string}\"},\"query-input\":\"required name=search_term_string\"}],\"inLanguage\":\"es-MX\"},{\"@type\":\"Organization\",\"@id\":\"https:\/\/compuviper.mx\/tienda\/#organization\",\"name\":\"Compuviper\",\"url\":\"https:\/\/compuviper.mx\/tienda\/\",\"logo\":{\"@type\":\"ImageObject\",\"inLanguage\":\"es-MX\",\"@id\":\"https:\/\/compuviper.mx\/tienda\/#\/schema\/logo\/image\/\",\"url\":\"https:\/\/compuviper.mx\/tienda\/wp-content\/uploads\/2021\/08\/Logo-Compuviper-10.png\",\"contentUrl\":\"https:\/\/compuviper.mx\/tienda\/wp-content\/uploads\/2021\/08\/Logo-Compuviper-10.png\",\"width\":1000,\"height\":500,\"caption\":\"Compuviper\"},\"image\":{\"@id\":\"https:\/\/compuviper.mx\/tienda\/#\/schema\/logo\/image\/\"},\"sameAs\":[\"https:\/\/www.facebook.com\/compuviper\",\"https:\/\/www.youtube.com\/channel\/UCf73dERp9Y3cfOq7q8BhLjA?view_as=subscriber\"]}]}<\/script>\n<meta property=\"product:brand\" content=\"Balam Rush\" \/>\n<meta property=\"product:price:amount\" content=\"843\" \/>\n<meta property=\"product:price:currency\" content=\"MXN\" \/>\n<meta property=\"og:availability\" content=\"out of stock\" \/>\n<meta property=\"product:availability\" content=\"out of stock\" \/>\n<meta property=\"product:retailer_item_id\" content=\"BR-941112\" \/>\n<meta property=\"product:condition\" content=\"new\" \/>\n<!-- \/ Yoast SEO plugin. -->","yoast_head_json":{"title":"[ Balam Rush ] &#129351; Br-941112 Base Enfriadora Gamer Eolox Cryotech Ef780 \/ Laptop 17 Pulg \/ Velocidad Ajustable \/ 7 Niveles De Altura \/ 10 Modos De Iluminacion \/ Soporte P- Celular \/ Placa Metalica \/ Negro \/","description":"Compra Br-941112 Base Enfriadora Gamer Eolox Cryotech Ef780 \/ Laptop 17 Pulg \/ Velocidad Ajustable \/ 7 Niveles De Altura \/ 10 Modos De Iluminacion \/ Soporte P- Celular \/ Placa Metalica \/ Negro \/ + Env\u00edo a domicilio + Pago seguro + Garant\u00eda","robots":{"index":"index","follow":"follow","max-snippet":"max-snippet:-1","max-image-preview":"max-image-preview:large","max-video-preview":"max-video-preview:-1"},"canonical":"https:\/\/compuviper.mx\/tienda\/producto\/balam-rush-br-941112-base-enfriadora-gamer-eolox-cryotech-ef780-laptop-17-pulg-velocidad-ajustable-7-niveles-de-altura-10-modos-de-iluminacion-soporte-p-celular-placa-metalica-negro\/","og_locale":"es_MX","og_type":"article","og_title":"[ Balam Rush ] &#129351; Br-941112 Base Enfriadora Gamer Eolox Cryotech Ef780 \/ Laptop 17 Pulg \/ Velocidad Ajustable \/ 7 Niveles De Altura \/ 10 Modos De Iluminacion \/ Soporte P- Celular \/ Placa Metalica \/ Negro \/","og_description":"Compra Br-941112 Base Enfriadora Gamer Eolox Cryotech Ef780 \/ Laptop 17 Pulg \/ Velocidad Ajustable \/ 7 Niveles De Altura \/ 10 Modos De Iluminacion \/ Soporte P- Celular \/ Placa Metalica \/ Negro \/ + Env\u00edo a domicilio + Pago seguro + Garant\u00eda","og_url":"https:\/\/compuviper.mx\/tienda\/producto\/balam-rush-br-941112-base-enfriadora-gamer-eolox-cryotech-ef780-laptop-17-pulg-velocidad-ajustable-7-niveles-de-altura-10-modos-de-iluminacion-soporte-p-celular-placa-metalica-negro\/","og_site_name":"Compuviper","article_publisher":"https:\/\/www.facebook.com\/compuviper","og_image":[{"width":200,"height":200,"url":"https:\/\/compuviper.mx\/tienda\/wp-content\/uploads\/2025\/10\/Base-enfriadora-gamer-balam-rush-eolox-cryotech-ef780-laptop-17-pulg-velocidad-ajustable-7-niveles-de-altura-10-modos-de-iluminacion-soporte-p-celular-placa-metalica-negro-br-941112.jpg","type":"image\/jpeg"}],"twitter_card":"summary_large_image","twitter_misc":{"Precio":"&#36;843 con IVA","Availability":"Out of stock"},"schema":{"@context":"https:\/\/schema.org","@graph":[{"@type":"WebPage","@id":"https:\/\/compuviper.mx\/tienda\/producto\/balam-rush-br-941112-base-enfriadora-gamer-eolox-cryotech-ef780-laptop-17-pulg-velocidad-ajustable-7-niveles-de-altura-10-modos-de-iluminacion-soporte-p-celular-placa-metalica-negro\/","url":"https:\/\/compuviper.mx\/tienda\/producto\/balam-rush-br-941112-base-enfriadora-gamer-eolox-cryotech-ef780-laptop-17-pulg-velocidad-ajustable-7-niveles-de-altura-10-modos-de-iluminacion-soporte-p-celular-placa-metalica-negro\/","name":"[ Balam Rush ] &#129351; Br-941112 Base Enfriadora Gamer Eolox Cryotech Ef780 \/ Laptop 17 Pulg \/ Velocidad Ajustable \/ 7 Niveles De Altura \/ 10 Modos De Iluminacion \/ Soporte P- Celular \/ Placa Metalica \/ Negro \/","isPartOf":{"@id":"https:\/\/compuviper.mx\/tienda\/#website"},"datePublished":"2026-04-02T05:16:22+00:00","dateModified":"2026-04-02T05:16:22+00:00","description":"Compra Br-941112 Base Enfriadora Gamer Eolox Cryotech Ef780 \/ Laptop 17 Pulg \/ Velocidad Ajustable \/ 7 Niveles De Altura \/ 10 Modos De Iluminacion \/ Soporte P- Celular \/ Placa Metalica \/ Negro \/ + Env\u00edo a domicilio + Pago seguro + Garant\u00eda","breadcrumb":{"@id":"https:\/\/compuviper.mx\/tienda\/producto\/balam-rush-br-941112-base-enfriadora-gamer-eolox-cryotech-ef780-laptop-17-pulg-velocidad-ajustable-7-niveles-de-altura-10-modos-de-iluminacion-soporte-p-celular-placa-metalica-negro\/#breadcrumb"},"inLanguage":"es-MX","potentialAction":[{"@type":"ReadAction","target":["https:\/\/compuviper.mx\/tienda\/producto\/balam-rush-br-941112-base-enfriadora-gamer-eolox-cryotech-ef780-laptop-17-pulg-velocidad-ajustable-7-niveles-de-altura-10-modos-de-iluminacion-soporte-p-celular-placa-metalica-negro\/"]}]},{"@type":"BreadcrumbList","@id":"https:\/\/compuviper.mx\/tienda\/producto\/balam-rush-br-941112-base-enfriadora-gamer-eolox-cryotech-ef780-laptop-17-pulg-velocidad-ajustable-7-niveles-de-altura-10-modos-de-iluminacion-soporte-p-celular-placa-metalica-negro\/#breadcrumb","itemListElement":[{"@type":"ListItem","position":1,"name":"Inicio","item":"https:\/\/compuviper.mx\/tienda\/"},{"@type":"ListItem","position":2,"name":"Productos","item":"https:\/\/compuviper.mx\/tienda\/productos\/"},{"@type":"ListItem","position":3,"name":"Accesorios","item":"https:\/\/compuviper.mx\/tienda\/categoria-producto\/accesorios\/"},{"@type":"ListItem","position":4,"name":"Portatil","item":"https:\/\/compuviper.mx\/tienda\/categoria-producto\/accesorios\/portatil\/"},{"@type":"ListItem","position":5,"name":"Balam Rush Br-941112 Base Enfriadora Gamer Eolox Cryotech Ef780 \/ Laptop 17 Pulg \/ Velocidad Ajustable \/ 7 Niveles De Altura \/ 10 Modos De Iluminacion \/ Soporte P- Celular \/ Placa Metalica \/ Negro \/"}]},{"@type":"WebSite","@id":"https:\/\/compuviper.mx\/tienda\/#website","url":"https:\/\/compuviper.mx\/tienda\/","name":"Compuviper","description":"Proveedor de Computadoras, Laptops, Servidores, Monitores, Puntos de Venta, Teclados,   Impresoras, T\u00f3ner, C\u00e1maras de Seguridad y m\u00e1s en tu tienda en l\u00ednea","publisher":{"@id":"https:\/\/compuviper.mx\/tienda\/#organization"},"potentialAction":[{"@type":"SearchAction","target":{"@type":"EntryPoint","urlTemplate":"https:\/\/compuviper.mx\/tienda\/?s={search_term_string}"},"query-input":"required name=search_term_string"}],"inLanguage":"es-MX"},{"@type":"Organization","@id":"https:\/\/compuviper.mx\/tienda\/#organization","name":"Compuviper","url":"https:\/\/compuviper.mx\/tienda\/","logo":{"@type":"ImageObject","inLanguage":"es-MX","@id":"https:\/\/compuviper.mx\/tienda\/#\/schema\/logo\/image\/","url":"https:\/\/compuviper.mx\/tienda\/wp-content\/uploads\/2021\/08\/Logo-Compuviper-10.png","contentUrl":"https:\/\/compuviper.mx\/tienda\/wp-content\/uploads\/2021\/08\/Logo-Compuviper-10.png","width":1000,"height":500,"caption":"Compuviper"},"image":{"@id":"https:\/\/compuviper.mx\/tienda\/#\/schema\/logo\/image\/"},"sameAs":["https:\/\/www.facebook.com\/compuviper","https:\/\/www.youtube.com\/channel\/UCf73dERp9Y3cfOq7q8BhLjA?view_as=subscriber"]}]},"product_brand":"Balam Rush","product_price_amount":"843","product_price_currency":"MXN","og_availability":"out of stock","product_availability":"out of stock","product_retailer_item_id":"BR-941112","product_condition":"new"},"_links":{"self":[{"href":"https:\/\/compuviper.mx\/tienda\/wp-json\/wp\/v2\/product\/250557"}],"collection":[{"href":"https:\/\/compuviper.mx\/tienda\/wp-json\/wp\/v2\/product"}],"about":[{"href":"https:\/\/compuviper.mx\/tienda\/wp-json\/wp\/v2\/types\/product"}],"replies":[{"embeddable":true,"href":"https:\/\/compuviper.mx\/tienda\/wp-json\/wp\/v2\/comments?post=250557"}],"wp:featuredmedia":[{"embeddable":true,"href":"https:\/\/compuviper.mx\/tienda\/wp-json\/wp\/v2\/media\/258795"}],"wp:attachment":[{"href":"https:\/\/compuviper.mx\/tienda\/wp-json\/wp\/v2\/media?parent=250557"}],"wp:term":[{"taxonomy":"product_cat","embeddable":true,"href":"https:\/\/compuviper.mx\/tienda\/wp-json\/wp\/v2\/product_cat?post=250557"},{"taxonomy":"product_tag","embeddable":true,"href":"https:\/\/compuviper.mx\/tienda\/wp-json\/wp\/v2\/product_tag?post=250557"}],"curies":[{"name":"wp","href":"https:\/\/api.w.org\/{rel}","templated":true}]}}