{"id":250548,"date":"2026-04-09T01:23:11","date_gmt":"2026-04-09T07:23:11","guid":{"rendered":"https:\/\/compuviper.mx\/tienda\/producto\/lenovo-21m2s08e00-laptop-thinkpad-t14s-gen-6-amd-ryzen-ai-7-pro-360-2-0-ghz-32gb-ddr5-512gb-ssd-14-wuxga-1920x1200-keyboard-backlit-win-11-pro-3yr-premier-support\/"},"modified":"2026-04-09T01:23:11","modified_gmt":"2026-04-09T07:23:11","slug":"lenovo-21m2s08e00-laptop-thinkpad-t14s-gen-6-amd-ryzen-ai-7-pro-360-2-0-ghz-32gb-ddr5-512gb-ssd-14-wuxga-1920x1200-keyboard-backlit-win-11-pro-3yr-premier-support","status":"publish","type":"product","link":"https:\/\/compuviper.mx\/tienda\/producto\/lenovo-21m2s08e00-laptop-thinkpad-t14s-gen-6-amd-ryzen-ai-7-pro-360-2-0-ghz-32gb-ddr5-512gb-ssd-14-wuxga-1920x1200-keyboard-backlit-win-11-pro-3yr-premier-support\/","title":{"rendered":"Lenovo 21m2s08e00 Laptop  Thinkpad T14s Gen 6 \/ Amd Ryzen Ai 7 Pro 360 2.0 Ghz \/ 32gb Ddr5 \/ 512gb Ssd \/ 14 Wuxga (1920&#215;1200) \/ Keyboard Backlit \/ Win 11 Pro \/ 3yr P?remier Support"},"content":{"rendered":"<table class=\"descripcion\">\n<tr>\n<td>Thinkpad t14s gen 6 (amd) 21m2s08e00<\/td>\n<\/tr>\n<tr>\n<td>Performance<\/td>\n<\/tr>\n<tr>\n<td>Processor<\/td>\n<\/tr>\n<tr>\n<td>Amd ryzen\u0099 ai 7 pro 360 (8c \/ 16t, 2.0 \/ 5.0ghz, 8mb l2 \/<\/td>\n<\/tr>\n<tr>\n<td>16mb l3)<\/td>\n<\/tr>\n<tr>\n<td>Ai pc category<\/td>\n<\/tr>\n<tr>\n<td>Copilot+ pc<\/td>\n<\/tr>\n<tr>\n<td>Npu<\/td>\n<\/tr>\n<tr>\n<td>Integrated amd ryzen\u0099 ai, up to 50 tops<\/td>\n<\/tr>\n<tr>\n<td>Graphics<\/td>\n<\/tr>\n<tr>\n<td>Integrated amd radeon\u0099 880m graphics<\/td>\n<\/tr>\n<tr>\n<td>Chipset<\/td>\n<\/tr>\n<tr>\n<td>Amd soc platform<\/td>\n<\/tr>\n<tr>\n<td>Memory<\/td>\n<\/tr>\n<tr>\n<td>32gb soldered lpddr5x-7500<\/td>\n<\/tr>\n<tr>\n<td>Memory slots<\/td>\n<\/tr>\n<tr>\n<td>Memory soldered to systemboard, no slots, dual-channel<\/td>\n<\/tr>\n<tr>\n<td>Max memory<\/td>\n<\/tr>\n<tr>\n<td>32gb soldered memory, not upgradable<\/td>\n<\/tr>\n<tr>\n<td>Storage<\/td>\n<\/tr>\n<tr>\n<td>512gb ssd m.2 2280 pcie\u00ae 4.0&#215;4 performance nvme\u00ae opal<\/td>\n<\/tr>\n<tr>\n<td>2.0<\/td>\n<\/tr>\n<tr>\n<td>Storage support[1]<\/td>\n<\/tr>\n<tr>\n<td>One drive, up to 1tb m.2 2280 ssd<\/td>\n<\/tr>\n<tr>\n<td>Storage slot<\/td>\n<\/tr>\n<tr>\n<td>One m.2 2280 pcie\u00ae 4.0 x4 slot<\/td>\n<\/tr>\n<tr>\n<td>Card reader<\/td>\n<\/tr>\n<tr>\n<td>None<\/td>\n<\/tr>\n<tr>\n<td>Optical<\/td>\n<\/tr>\n<tr>\n<td>None<\/td>\n<\/tr>\n<tr>\n<td>Audio chip<\/td>\n<\/tr>\n<tr>\n<td>High definition (hd) audio, realtek\u00ae alc3287 codec<\/td>\n<\/tr>\n<tr>\n<td>Speakers<\/td>\n<\/tr>\n<tr>\n<td>Stereo speakers, 2w x2, dolby atmos\u00ae<\/td>\n<\/tr>\n<tr>\n<td>Camera<\/td>\n<\/tr>\n<tr>\n<td>5.0mp + ir discrete with privacy shutter<\/td>\n<\/tr>\n<tr>\n<td>Microphone<\/td>\n<\/tr>\n<tr>\n<td>2x, 360\u00b0<\/td>\n<\/tr>\n<tr>\n<td>Battery<\/td>\n<\/tr>\n<tr>\n<td>Integrated 58wh<\/td>\n<\/tr>\n<tr>\n<td>Power adapter<\/td>\n<\/tr>\n<tr>\n<td>65w usb-c\u00ae (2-pin)<\/td>\n<\/tr>\n<tr>\n<td>Design<\/td>\n<\/tr>\n<tr>\n<td>Display[2]<\/td>\n<\/tr>\n<tr>\n<td>14 wuxga (1920&#215;1200) ips 400nits anti-glare, 45% ntsc,<\/td>\n<\/tr>\n<tr>\n<td>Dbef5, touch<\/td>\n<\/tr>\n<tr>\n<td>Touchscreen<\/td>\n<\/tr>\n<tr>\n<td>On-cell, 10-point multi-touch<\/td>\n<\/tr>\n<tr>\n<td>Keyboard<\/td>\n<\/tr>\n<tr>\n<td>Backlit, spanish (la)<\/td>\n<\/tr>\n<tr>\n<td>Case color<\/td>\n<\/tr>\n<tr>\n<td>Black<\/td>\n<\/tr>\n<tr>\n<td>Case material<\/td>\n<\/tr>\n<tr>\n<td>Carbon fiber hybrid (top), aluminium (bottom)<\/td>\n<\/tr>\n<tr>\n<td>Pen<\/td>\n<\/tr>\n<tr>\n<td>Pen not supported<\/td>\n<\/tr>\n<tr>\n<td>Dimensions (wxdxh)[3]<\/td>\n<\/tr>\n<tr>\n<td>313.6 x 219.4 x 16.9 mm (12.35 x 8.64 x 0.67 inches)<\/td>\n<\/tr>\n<tr>\n<td>Weight[4]<\/td>\n<\/tr>\n<tr>\n<td>Starting at 1.37 kg (3.02 lbs)<\/td>\n<\/tr>\n<tr>\n<td>Software<\/td>\n<\/tr>\n<tr>\n<td>Operating system<\/td>\n<\/tr>\n<tr>\n<td>Windows\u00ae 11 pro, spanish<\/td>\n<\/tr>\n<tr>\n<td>Bundled software<\/td>\n<\/tr>\n<tr>\n<td>None<\/td>\n<\/tr>\n<tr>\n<td>Connectivity<\/td>\n<\/tr>\n<tr>\n<td>Ethernet[5]<\/td>\n<\/tr>\n<tr>\n<td>No onboard ethernet<\/td>\n<\/tr>\n<tr>\n<td>Wlan + bluetooth\u00ae[6]<\/td>\n<\/tr>\n<tr>\n<td>Qualcomm\u00ae wi-fi\u00ae 7 ncm825, 802.11be 2&#215;2 + bt5.3<\/td>\n<\/tr>\n<tr>\n<td>Wwan<\/td>\n<\/tr>\n<tr>\n<td>Non-wwan<\/td>\n<\/tr>\n<tr>\n<td>Sim card<\/td>\n<\/tr>\n<tr>\n<td>None<\/td>\n<\/tr>\n<tr>\n<td>Nfc<\/td>\n<\/tr>\n<tr>\n<td>None<\/td>\n<\/tr>\n<tr>\n<td>Standard ports<\/td>\n<\/tr>\n<tr>\n<td>\u0095 1x usb-a (usb 5gbps \/ usb 3.2 gen 1)<\/td>\n<\/tr>\n<tr>\n<td>\u0095 1x usb-a (usb 5gbps \/ usb 3.2 gen 1), always on<\/td>\n<\/tr>\n<tr>\n<td>2x usb-c\u00ae (thunderbolt\u0099 4 \/ usb4\u00ae 40gbps), with usb<\/td>\n<\/tr>\n<tr>\n<td>Pd 3.0 and displayport\u0099 2.1<\/td>\n<\/tr>\n<tr>\n<td>\u0095<\/td>\n<\/tr>\n<tr>\n<td>\u0095 1x hdmi\u00ae 2.1, up to 4k\/60hz<\/td>\n<\/tr>\n<tr>\n<td>\u0095 1x headphone \/ microphone combo jack (3.5mm)<\/td>\n<\/tr>\n<tr>\n<td>Optional ports (configured)<\/td>\n<\/tr>\n<tr>\n<td>None<\/td>\n<\/tr>\n<tr>\n<td>Docking<\/td>\n<\/tr>\n<tr>\n<td>Various docking solutions supported via thunderbolt\u0099 \/ usbc\u00ae.<\/td>\n<\/tr>\n<tr>\n<td>For more compatible docking solutions, please visit docking<\/td>\n<\/tr>\n<tr>\n<td>For thinkpad\u00ae t14s gen 6 (amd)<\/td>\n<\/tr>\n<tr>\n<td>Security  and  privacy<\/td>\n<\/tr>\n<tr>\n<td>Smart card reader<\/td>\n<\/tr>\n<tr>\n<td>None<\/td>\n<\/tr>\n<tr>\n<td>Security chip<\/td>\n<\/tr>\n<tr>\n<td>Discrete tpm 2.0 enabled<\/td>\n<\/tr>\n<tr>\n<td>Fingerprint reader<\/td>\n<\/tr>\n<tr>\n<td>Touch style, match-on-chip, integrated in power button<\/td>\n<\/tr>\n<tr>\n<td>Physical locks<\/td>\n<\/tr>\n<tr>\n<td>Kensington\u00ae nano security slot\u0099, 2.5 x 6 mm<\/td>\n<\/tr>\n<tr>\n<td>Other security<\/td>\n<\/tr>\n<tr>\n<td>\u0095 camera privacy shutter<\/td>\n<\/tr>\n<tr>\n<td>\u0095 ultrasonic human presence detection<\/td>\n<\/tr>\n<tr>\n<td>\u0095 ir camera for windows\u00ae hello (facial recognition)<\/td>\n<\/tr>\n<tr>\n<td>Manageability<\/td>\n<\/tr>\n<tr>\n<td>System management<\/td>\n<\/tr>\n<tr>\n<td>Non-dash<\/td>\n<\/tr>\n<tr>\n<td>Service<\/td>\n<\/tr>\n<tr>\n<td>Base warranty<\/td>\n<\/tr>\n<tr>\n<td>3-year, courier or carry-in<\/td>\n<\/tr>\n<tr>\n<td>Included upgrade<\/td>\n<\/tr>\n<tr>\n<td>3y premier support upgrade from 3y courier\/carry-in<\/td>\n<\/tr>\n<tr>\n<td>Accessories<\/td>\n<\/tr>\n<tr>\n<td>Bundled accessories[7]<\/td>\n<\/tr>\n<tr>\n<td>None<\/td>\n<\/tr>\n<tr>\n<td>Certifications<\/td>\n<\/tr>\n<tr>\n<td>Green certifications<\/td>\n<\/tr>\n<tr>\n<td>\u0095 energy star\u00ae 8.0<\/td>\n<\/tr>\n<tr>\n<td>\u0095 erp lot 6\/26<\/td>\n<\/tr>\n<tr>\n<td>\u0095 rohs compliant<\/td>\n<\/tr>\n<tr>\n<td>\u0095 tco certified 10.0<\/td>\n<\/tr>\n<tr>\n<td>Other certifications<\/td>\n<\/tr>\n<tr>\n<td>Eyesafe\u00ae certified 2.0<\/td>\n<\/tr>\n<tr>\n<td>Mil-spec test<\/td>\n<\/tr>\n<tr>\n<td>Mil-std-810h military test passed<\/td>\n<\/tr>\n<\/table>\n","protected":false},"excerpt":{"rendered":"<p>Tu compa\u00f1ero de trabajo m\u00e1s inteligente. Como una de las primeras pc con ia* en lanzarse con windows 11 pro con amd ryzen\u0099 ai 7 pro 360 de \u00faltima generaci\u00f3n, la port\u00e1til lenovo thinkpad t14s 6ta gen (14 amd) te permite trabajar de manera m\u00e1s inteligente. Una unidad de procesamiento neural (npu) capaz de realizar 50 billones de operaciones por segundo (tops) de descarga de tareas pesadas en un motor de ia, lo que aumenta tanto la eficiencia del sistema como tu productividad.<\/p>\n","protected":false},"featured_media":260284,"comment_status":"open","ping_status":"open","template":"","meta":[],"product_cat":[1886,1890],"product_tag":[1578],"acf":[],"yoast_head":"<!-- This site is optimized with the Yoast SEO plugin v21.7 - https:\/\/yoast.com\/wordpress\/plugins\/seo\/ -->\n<title>[ Lenovo ] &#129351; 21m2s08e00 Laptop Thinkpad T14s Gen 6 \/ Amd Ryzen Ai 7 Pro 360 2.0 Ghz \/ 32gb Ddr5 \/ 512gb Ssd \/ 14 Wuxga (1920x1200) \/ Keyboard Backlit \/ Win 11 Pro \/ 3yr P\u00b4remier Support<\/title>\n<meta name=\"description\" content=\"Compra 21m2s08e00 Laptop Thinkpad T14s Gen 6 \/ Amd Ryzen Ai 7 Pro 360 2.0 Ghz \/ 32gb Ddr5 \/ 512gb Ssd \/ 14 Wuxga (1920x1200) \/ Keyboard Backlit \/ Win 11 Pro \/ 3yr P\u00b4remier Support + Env\u00edo a domicilio + Pago seguro + Garant\u00eda\" \/>\n<meta name=\"robots\" content=\"index, follow, max-snippet:-1, max-image-preview:large, max-video-preview:-1\" \/>\n<link rel=\"canonical\" href=\"https:\/\/compuviper.mx\/tienda\/producto\/lenovo-21m2s08e00-laptop-thinkpad-t14s-gen-6-amd-ryzen-ai-7-pro-360-2-0-ghz-32gb-ddr5-512gb-ssd-14-wuxga-1920x1200-keyboard-backlit-win-11-pro-3yr-premier-support\/\" \/>\n<meta property=\"og:locale\" content=\"es_MX\" \/>\n<meta property=\"og:type\" content=\"article\" \/>\n<meta property=\"og:title\" content=\"[ Lenovo ] &#129351; 21m2s08e00 Laptop Thinkpad T14s Gen 6 \/ Amd Ryzen Ai 7 Pro 360 2.0 Ghz \/ 32gb Ddr5 \/ 512gb Ssd \/ 14 Wuxga (1920x1200) \/ Keyboard Backlit \/ Win 11 Pro \/ 3yr P\u00b4remier Support\" \/>\n<meta property=\"og:description\" content=\"Compra 21m2s08e00 Laptop Thinkpad T14s Gen 6 \/ Amd Ryzen Ai 7 Pro 360 2.0 Ghz \/ 32gb Ddr5 \/ 512gb Ssd \/ 14 Wuxga (1920x1200) \/ Keyboard Backlit \/ Win 11 Pro \/ 3yr P\u00b4remier Support + Env\u00edo a domicilio + Pago seguro + Garant\u00eda\" \/>\n<meta property=\"og:url\" content=\"https:\/\/compuviper.mx\/tienda\/producto\/lenovo-21m2s08e00-laptop-thinkpad-t14s-gen-6-amd-ryzen-ai-7-pro-360-2-0-ghz-32gb-ddr5-512gb-ssd-14-wuxga-1920x1200-keyboard-backlit-win-11-pro-3yr-premier-support\/\" \/>\n<meta property=\"og:site_name\" content=\"Compuviper\" \/>\n<meta property=\"article:publisher\" content=\"https:\/\/www.facebook.com\/compuviper\" \/>\n<meta property=\"og:image\" content=\"https:\/\/compuviper.mx\/tienda\/wp-content\/uploads\/2025\/10\/Laptop-lenovo-thinkpad-t14s-gen-6-amd-ryzen-ai-7-pro-360-2.0-ghz-32gb-ddr5-512gb-ssd-14-wuxga-1920x1200-keyboard-backlit-win-11-pro-3yr-p\u00b4remier-support.jpg\" \/>\n\t<meta property=\"og:image:width\" content=\"200\" \/>\n\t<meta property=\"og:image:height\" content=\"200\" \/>\n\t<meta property=\"og:image:type\" content=\"image\/jpeg\" \/>\n<meta name=\"twitter:card\" content=\"summary_large_image\" \/>\n<meta name=\"twitter:label1\" content=\"Precio\" \/>\n\t<meta name=\"twitter:data1\" content=\"&#36;32,400 con IVA\" \/>\n\t<meta name=\"twitter:label2\" content=\"Availability\" \/>\n\t<meta name=\"twitter:data2\" content=\"On backorder\" \/>\n<script type=\"application\/ld+json\" class=\"yoast-schema-graph\">{\"@context\":\"https:\/\/schema.org\",\"@graph\":[{\"@type\":\"WebPage\",\"@id\":\"https:\/\/compuviper.mx\/tienda\/producto\/lenovo-21m2s08e00-laptop-thinkpad-t14s-gen-6-amd-ryzen-ai-7-pro-360-2-0-ghz-32gb-ddr5-512gb-ssd-14-wuxga-1920x1200-keyboard-backlit-win-11-pro-3yr-premier-support\/\",\"url\":\"https:\/\/compuviper.mx\/tienda\/producto\/lenovo-21m2s08e00-laptop-thinkpad-t14s-gen-6-amd-ryzen-ai-7-pro-360-2-0-ghz-32gb-ddr5-512gb-ssd-14-wuxga-1920x1200-keyboard-backlit-win-11-pro-3yr-premier-support\/\",\"name\":\"[ Lenovo ] &#129351; 21m2s08e00 Laptop Thinkpad T14s Gen 6 \/ Amd Ryzen Ai 7 Pro 360 2.0 Ghz \/ 32gb Ddr5 \/ 512gb Ssd \/ 14 Wuxga (1920x1200) \/ Keyboard Backlit \/ Win 11 Pro \/ 3yr P\u00b4remier Support\",\"isPartOf\":{\"@id\":\"https:\/\/compuviper.mx\/tienda\/#website\"},\"datePublished\":\"2026-04-09T07:23:11+00:00\",\"dateModified\":\"2026-04-09T07:23:11+00:00\",\"description\":\"Compra 21m2s08e00 Laptop Thinkpad T14s Gen 6 \/ Amd Ryzen Ai 7 Pro 360 2.0 Ghz \/ 32gb Ddr5 \/ 512gb Ssd \/ 14 Wuxga (1920x1200) \/ Keyboard Backlit \/ Win 11 Pro \/ 3yr P\u00b4remier Support + Env\u00edo a domicilio + Pago seguro + Garant\u00eda\",\"breadcrumb\":{\"@id\":\"https:\/\/compuviper.mx\/tienda\/producto\/lenovo-21m2s08e00-laptop-thinkpad-t14s-gen-6-amd-ryzen-ai-7-pro-360-2-0-ghz-32gb-ddr5-512gb-ssd-14-wuxga-1920x1200-keyboard-backlit-win-11-pro-3yr-premier-support\/#breadcrumb\"},\"inLanguage\":\"es-MX\",\"potentialAction\":[{\"@type\":\"ReadAction\",\"target\":[\"https:\/\/compuviper.mx\/tienda\/producto\/lenovo-21m2s08e00-laptop-thinkpad-t14s-gen-6-amd-ryzen-ai-7-pro-360-2-0-ghz-32gb-ddr5-512gb-ssd-14-wuxga-1920x1200-keyboard-backlit-win-11-pro-3yr-premier-support\/\"]}]},{\"@type\":\"BreadcrumbList\",\"@id\":\"https:\/\/compuviper.mx\/tienda\/producto\/lenovo-21m2s08e00-laptop-thinkpad-t14s-gen-6-amd-ryzen-ai-7-pro-360-2-0-ghz-32gb-ddr5-512gb-ssd-14-wuxga-1920x1200-keyboard-backlit-win-11-pro-3yr-premier-support\/#breadcrumb\",\"itemListElement\":[{\"@type\":\"ListItem\",\"position\":1,\"name\":\"Inicio\",\"item\":\"https:\/\/compuviper.mx\/tienda\/\"},{\"@type\":\"ListItem\",\"position\":2,\"name\":\"Productos\",\"item\":\"https:\/\/compuviper.mx\/tienda\/productos\/\"},{\"@type\":\"ListItem\",\"position\":3,\"name\":\"Laptops\",\"item\":\"https:\/\/compuviper.mx\/tienda\/categoria-producto\/laptops\/\"},{\"@type\":\"ListItem\",\"position\":4,\"name\":\"Ultrabook\",\"item\":\"https:\/\/compuviper.mx\/tienda\/categoria-producto\/laptops\/ultrabook-laptops\/\"},{\"@type\":\"ListItem\",\"position\":5,\"name\":\"Lenovo 21m2s08e00 Laptop Thinkpad T14s Gen 6 \/ Amd Ryzen Ai 7 Pro 360 2.0 Ghz \/ 32gb Ddr5 \/ 512gb Ssd \/ 14 Wuxga (1920&#215;1200) \/ Keyboard Backlit \/ Win 11 Pro \/ 3yr P?remier Support\"}]},{\"@type\":\"WebSite\",\"@id\":\"https:\/\/compuviper.mx\/tienda\/#website\",\"url\":\"https:\/\/compuviper.mx\/tienda\/\",\"name\":\"Compuviper\",\"description\":\"Proveedor de Computadoras, Laptops, Servidores, Monitores, Puntos de Venta, Teclados,   Impresoras, T\u00f3ner, C\u00e1maras de Seguridad y m\u00e1s en tu tienda en l\u00ednea\",\"publisher\":{\"@id\":\"https:\/\/compuviper.mx\/tienda\/#organization\"},\"potentialAction\":[{\"@type\":\"SearchAction\",\"target\":{\"@type\":\"EntryPoint\",\"urlTemplate\":\"https:\/\/compuviper.mx\/tienda\/?s={search_term_string}\"},\"query-input\":\"required name=search_term_string\"}],\"inLanguage\":\"es-MX\"},{\"@type\":\"Organization\",\"@id\":\"https:\/\/compuviper.mx\/tienda\/#organization\",\"name\":\"Compuviper\",\"url\":\"https:\/\/compuviper.mx\/tienda\/\",\"logo\":{\"@type\":\"ImageObject\",\"inLanguage\":\"es-MX\",\"@id\":\"https:\/\/compuviper.mx\/tienda\/#\/schema\/logo\/image\/\",\"url\":\"https:\/\/compuviper.mx\/tienda\/wp-content\/uploads\/2021\/08\/Logo-Compuviper-10.png\",\"contentUrl\":\"https:\/\/compuviper.mx\/tienda\/wp-content\/uploads\/2021\/08\/Logo-Compuviper-10.png\",\"width\":1000,\"height\":500,\"caption\":\"Compuviper\"},\"image\":{\"@id\":\"https:\/\/compuviper.mx\/tienda\/#\/schema\/logo\/image\/\"},\"sameAs\":[\"https:\/\/www.facebook.com\/compuviper\",\"https:\/\/www.youtube.com\/channel\/UCf73dERp9Y3cfOq7q8BhLjA?view_as=subscriber\"]}]}<\/script>\n<meta property=\"product:brand\" content=\"LENOVO\" \/>\n<meta property=\"product:price:amount\" content=\"32400\" \/>\n<meta property=\"product:price:currency\" content=\"MXN\" \/>\n<meta property=\"og:availability\" content=\"backorder\" \/>\n<meta property=\"product:availability\" content=\"available for order\" \/>\n<meta property=\"product:retailer_item_id\" content=\"21M2S08E00\" \/>\n<meta property=\"product:condition\" content=\"new\" \/>\n<!-- \/ Yoast SEO plugin. -->","yoast_head_json":{"title":"[ Lenovo ] &#129351; 21m2s08e00 Laptop Thinkpad T14s Gen 6 \/ Amd Ryzen Ai 7 Pro 360 2.0 Ghz \/ 32gb Ddr5 \/ 512gb Ssd \/ 14 Wuxga (1920x1200) \/ Keyboard Backlit \/ Win 11 Pro \/ 3yr P\u00b4remier Support","description":"Compra 21m2s08e00 Laptop Thinkpad T14s Gen 6 \/ Amd Ryzen Ai 7 Pro 360 2.0 Ghz \/ 32gb Ddr5 \/ 512gb Ssd \/ 14 Wuxga (1920x1200) \/ Keyboard Backlit \/ Win 11 Pro \/ 3yr P\u00b4remier Support + Env\u00edo a domicilio + Pago seguro + Garant\u00eda","robots":{"index":"index","follow":"follow","max-snippet":"max-snippet:-1","max-image-preview":"max-image-preview:large","max-video-preview":"max-video-preview:-1"},"canonical":"https:\/\/compuviper.mx\/tienda\/producto\/lenovo-21m2s08e00-laptop-thinkpad-t14s-gen-6-amd-ryzen-ai-7-pro-360-2-0-ghz-32gb-ddr5-512gb-ssd-14-wuxga-1920x1200-keyboard-backlit-win-11-pro-3yr-premier-support\/","og_locale":"es_MX","og_type":"article","og_title":"[ Lenovo ] &#129351; 21m2s08e00 Laptop Thinkpad T14s Gen 6 \/ Amd Ryzen Ai 7 Pro 360 2.0 Ghz \/ 32gb Ddr5 \/ 512gb Ssd \/ 14 Wuxga (1920x1200) \/ Keyboard Backlit \/ Win 11 Pro \/ 3yr P\u00b4remier Support","og_description":"Compra 21m2s08e00 Laptop Thinkpad T14s Gen 6 \/ Amd Ryzen Ai 7 Pro 360 2.0 Ghz \/ 32gb Ddr5 \/ 512gb Ssd \/ 14 Wuxga (1920x1200) \/ Keyboard Backlit \/ Win 11 Pro \/ 3yr P\u00b4remier Support + Env\u00edo a domicilio + Pago seguro + Garant\u00eda","og_url":"https:\/\/compuviper.mx\/tienda\/producto\/lenovo-21m2s08e00-laptop-thinkpad-t14s-gen-6-amd-ryzen-ai-7-pro-360-2-0-ghz-32gb-ddr5-512gb-ssd-14-wuxga-1920x1200-keyboard-backlit-win-11-pro-3yr-premier-support\/","og_site_name":"Compuviper","article_publisher":"https:\/\/www.facebook.com\/compuviper","og_image":[{"width":200,"height":200,"url":"https:\/\/compuviper.mx\/tienda\/wp-content\/uploads\/2025\/10\/Laptop-lenovo-thinkpad-t14s-gen-6-amd-ryzen-ai-7-pro-360-2.0-ghz-32gb-ddr5-512gb-ssd-14-wuxga-1920x1200-keyboard-backlit-win-11-pro-3yr-p\u00b4remier-support.jpg","type":"image\/jpeg"}],"twitter_card":"summary_large_image","twitter_misc":{"Precio":"&#36;32,400 con IVA","Availability":"On backorder"},"schema":{"@context":"https:\/\/schema.org","@graph":[{"@type":"WebPage","@id":"https:\/\/compuviper.mx\/tienda\/producto\/lenovo-21m2s08e00-laptop-thinkpad-t14s-gen-6-amd-ryzen-ai-7-pro-360-2-0-ghz-32gb-ddr5-512gb-ssd-14-wuxga-1920x1200-keyboard-backlit-win-11-pro-3yr-premier-support\/","url":"https:\/\/compuviper.mx\/tienda\/producto\/lenovo-21m2s08e00-laptop-thinkpad-t14s-gen-6-amd-ryzen-ai-7-pro-360-2-0-ghz-32gb-ddr5-512gb-ssd-14-wuxga-1920x1200-keyboard-backlit-win-11-pro-3yr-premier-support\/","name":"[ Lenovo ] &#129351; 21m2s08e00 Laptop Thinkpad T14s Gen 6 \/ Amd Ryzen Ai 7 Pro 360 2.0 Ghz \/ 32gb Ddr5 \/ 512gb Ssd \/ 14 Wuxga (1920x1200) \/ Keyboard Backlit \/ Win 11 Pro \/ 3yr P\u00b4remier Support","isPartOf":{"@id":"https:\/\/compuviper.mx\/tienda\/#website"},"datePublished":"2026-04-09T07:23:11+00:00","dateModified":"2026-04-09T07:23:11+00:00","description":"Compra 21m2s08e00 Laptop Thinkpad T14s Gen 6 \/ Amd Ryzen Ai 7 Pro 360 2.0 Ghz \/ 32gb Ddr5 \/ 512gb Ssd \/ 14 Wuxga (1920x1200) \/ Keyboard Backlit \/ Win 11 Pro \/ 3yr P\u00b4remier Support + Env\u00edo a domicilio + Pago seguro + Garant\u00eda","breadcrumb":{"@id":"https:\/\/compuviper.mx\/tienda\/producto\/lenovo-21m2s08e00-laptop-thinkpad-t14s-gen-6-amd-ryzen-ai-7-pro-360-2-0-ghz-32gb-ddr5-512gb-ssd-14-wuxga-1920x1200-keyboard-backlit-win-11-pro-3yr-premier-support\/#breadcrumb"},"inLanguage":"es-MX","potentialAction":[{"@type":"ReadAction","target":["https:\/\/compuviper.mx\/tienda\/producto\/lenovo-21m2s08e00-laptop-thinkpad-t14s-gen-6-amd-ryzen-ai-7-pro-360-2-0-ghz-32gb-ddr5-512gb-ssd-14-wuxga-1920x1200-keyboard-backlit-win-11-pro-3yr-premier-support\/"]}]},{"@type":"BreadcrumbList","@id":"https:\/\/compuviper.mx\/tienda\/producto\/lenovo-21m2s08e00-laptop-thinkpad-t14s-gen-6-amd-ryzen-ai-7-pro-360-2-0-ghz-32gb-ddr5-512gb-ssd-14-wuxga-1920x1200-keyboard-backlit-win-11-pro-3yr-premier-support\/#breadcrumb","itemListElement":[{"@type":"ListItem","position":1,"name":"Inicio","item":"https:\/\/compuviper.mx\/tienda\/"},{"@type":"ListItem","position":2,"name":"Productos","item":"https:\/\/compuviper.mx\/tienda\/productos\/"},{"@type":"ListItem","position":3,"name":"Laptops","item":"https:\/\/compuviper.mx\/tienda\/categoria-producto\/laptops\/"},{"@type":"ListItem","position":4,"name":"Ultrabook","item":"https:\/\/compuviper.mx\/tienda\/categoria-producto\/laptops\/ultrabook-laptops\/"},{"@type":"ListItem","position":5,"name":"Lenovo 21m2s08e00 Laptop Thinkpad T14s Gen 6 \/ Amd Ryzen Ai 7 Pro 360 2.0 Ghz \/ 32gb Ddr5 \/ 512gb Ssd \/ 14 Wuxga (1920&#215;1200) \/ Keyboard Backlit \/ Win 11 Pro \/ 3yr P?remier Support"}]},{"@type":"WebSite","@id":"https:\/\/compuviper.mx\/tienda\/#website","url":"https:\/\/compuviper.mx\/tienda\/","name":"Compuviper","description":"Proveedor de Computadoras, Laptops, Servidores, Monitores, Puntos de Venta, Teclados,   Impresoras, T\u00f3ner, C\u00e1maras de Seguridad y m\u00e1s en tu tienda en l\u00ednea","publisher":{"@id":"https:\/\/compuviper.mx\/tienda\/#organization"},"potentialAction":[{"@type":"SearchAction","target":{"@type":"EntryPoint","urlTemplate":"https:\/\/compuviper.mx\/tienda\/?s={search_term_string}"},"query-input":"required name=search_term_string"}],"inLanguage":"es-MX"},{"@type":"Organization","@id":"https:\/\/compuviper.mx\/tienda\/#organization","name":"Compuviper","url":"https:\/\/compuviper.mx\/tienda\/","logo":{"@type":"ImageObject","inLanguage":"es-MX","@id":"https:\/\/compuviper.mx\/tienda\/#\/schema\/logo\/image\/","url":"https:\/\/compuviper.mx\/tienda\/wp-content\/uploads\/2021\/08\/Logo-Compuviper-10.png","contentUrl":"https:\/\/compuviper.mx\/tienda\/wp-content\/uploads\/2021\/08\/Logo-Compuviper-10.png","width":1000,"height":500,"caption":"Compuviper"},"image":{"@id":"https:\/\/compuviper.mx\/tienda\/#\/schema\/logo\/image\/"},"sameAs":["https:\/\/www.facebook.com\/compuviper","https:\/\/www.youtube.com\/channel\/UCf73dERp9Y3cfOq7q8BhLjA?view_as=subscriber"]}]},"product_brand":"LENOVO","product_price_amount":"32400","product_price_currency":"MXN","og_availability":"backorder","product_availability":"available for order","product_retailer_item_id":"21M2S08E00","product_condition":"new"},"_links":{"self":[{"href":"https:\/\/compuviper.mx\/tienda\/wp-json\/wp\/v2\/product\/250548"}],"collection":[{"href":"https:\/\/compuviper.mx\/tienda\/wp-json\/wp\/v2\/product"}],"about":[{"href":"https:\/\/compuviper.mx\/tienda\/wp-json\/wp\/v2\/types\/product"}],"replies":[{"embeddable":true,"href":"https:\/\/compuviper.mx\/tienda\/wp-json\/wp\/v2\/comments?post=250548"}],"wp:featuredmedia":[{"embeddable":true,"href":"https:\/\/compuviper.mx\/tienda\/wp-json\/wp\/v2\/media\/260284"}],"wp:attachment":[{"href":"https:\/\/compuviper.mx\/tienda\/wp-json\/wp\/v2\/media?parent=250548"}],"wp:term":[{"taxonomy":"product_cat","embeddable":true,"href":"https:\/\/compuviper.mx\/tienda\/wp-json\/wp\/v2\/product_cat?post=250548"},{"taxonomy":"product_tag","embeddable":true,"href":"https:\/\/compuviper.mx\/tienda\/wp-json\/wp\/v2\/product_tag?post=250548"}],"curies":[{"name":"wp","href":"https:\/\/api.w.org\/{rel}","templated":true}]}}