{"id":250537,"date":"2026-04-29T01:42:36","date_gmt":"2026-04-29T07:42:36","guid":{"rendered":"https:\/\/compuviper.mx\/tienda\/producto\/perfect-choice-pc-270218-reloj-inteligente-minoro-con-funcion-de-llamadas-mediciones-deportes-android-ios-resistente-al-agua\/"},"modified":"2026-04-29T01:42:36","modified_gmt":"2026-04-29T07:42:36","slug":"perfect-choice-pc-270218-reloj-inteligente-minoro-con-funcion-de-llamadas-mediciones-deportes-android-ios-resistente-al-agua","status":"publish","type":"product","link":"https:\/\/compuviper.mx\/tienda\/producto\/perfect-choice-pc-270218-reloj-inteligente-minoro-con-funcion-de-llamadas-mediciones-deportes-android-ios-resistente-al-agua\/","title":{"rendered":"Perfect Choice Pc-270218 Reloj Inteligente Minoro Con Funcion De Llamadas, Mediciones, Deportes, Android\/ios Resistente Al Agua"},"content":{"rendered":"<table class=\"descripcion\">\n<tr>\n<td>\u0095 alimentaci\u00f3n: 5vcc 1a<\/td>\n<\/tr>\n<tr>\n<td>\u0095 pantalla: lcd 2.1<\/td>\n<\/tr>\n<tr>\n<td>\u0095 resoluci\u00f3n: 320*240<\/td>\n<\/tr>\n<tr>\n<td>\u0095 versi\u00f3n bluetooth: modo dual<\/td>\n<\/tr>\n<tr>\n<td>\u0095 aplicaci\u00f3n: fitpro<\/td>\n<\/tr>\n<tr>\n<td>\u0095 resistencia al agua: ip67 sumergible<\/td>\n<\/tr>\n<tr>\n<td>\u0095 bater\u00eda: 250mah<\/td>\n<\/tr>\n<tr>\n<td>\u0095 tiempo de uso: 5-7 dias<\/td>\n<\/tr>\n<tr>\n<td>\u0095 modo espera (stand by): 25 d\u00edas<\/td>\n<\/tr>\n<tr>\n<td>\u0095 cpu: lj7011<\/td>\n<\/tr>\n<\/table>\n","protected":false},"excerpt":{"rendered":"<p>Descubre el reloj dise\u00f1ado para acompa\u00f1arte en. Todas tus aventuras. Este dispositivo no solo te. Mantiene conectado con su funci\u00f3n de llamada. Sino que tambi\u00e9n cuida de tu salud con avanzadas. Mediciones card\u00edacas. Perfecto para los entusiastas. Del deporte, ofrece modos para m\u00faltiples. Actividades f\u00edsicas, garantizando un seguimiento. Preciso de tu rendimiento.<\/p>\n","protected":false},"featured_media":260740,"comment_status":"open","ping_status":"open","template":"","meta":[],"product_cat":[1799,1800],"product_tag":[1513],"acf":[],"yoast_head":"<!-- This site is optimized with the Yoast SEO plugin v21.7 - https:\/\/yoast.com\/wordpress\/plugins\/seo\/ -->\n<title>[ Perfect Choice ] &#129351; Pc-270218 Reloj Inteligente Minoro Con Funcion De Llamadas, Mediciones, Deportes, Android\/ios Resistente Al Agua<\/title>\n<meta name=\"description\" content=\"Compra Pc-270218 Reloj Inteligente Minoro Con Funcion De Llamadas, Mediciones, Deportes, Android\/ios Resistente Al Agua + Env\u00edo a domicilio + Pago seguro + Garant\u00eda\" \/>\n<meta name=\"robots\" content=\"index, follow, max-snippet:-1, max-image-preview:large, max-video-preview:-1\" \/>\n<link rel=\"canonical\" href=\"https:\/\/compuviper.mx\/tienda\/producto\/perfect-choice-pc-270218-reloj-inteligente-minoro-con-funcion-de-llamadas-mediciones-deportes-android-ios-resistente-al-agua\/\" \/>\n<meta property=\"og:locale\" content=\"es_MX\" \/>\n<meta property=\"og:type\" content=\"article\" \/>\n<meta property=\"og:title\" content=\"[ Perfect Choice ] &#129351; Pc-270218 Reloj Inteligente Minoro Con Funcion De Llamadas, Mediciones, Deportes, Android\/ios Resistente Al Agua\" \/>\n<meta property=\"og:description\" content=\"Compra Pc-270218 Reloj Inteligente Minoro Con Funcion De Llamadas, Mediciones, Deportes, Android\/ios Resistente Al Agua + Env\u00edo a domicilio + Pago seguro + Garant\u00eda\" \/>\n<meta property=\"og:url\" content=\"https:\/\/compuviper.mx\/tienda\/producto\/perfect-choice-pc-270218-reloj-inteligente-minoro-con-funcion-de-llamadas-mediciones-deportes-android-ios-resistente-al-agua\/\" \/>\n<meta property=\"og:site_name\" content=\"Compuviper\" \/>\n<meta property=\"article:publisher\" content=\"https:\/\/www.facebook.com\/compuviper\" \/>\n<meta property=\"og:image\" content=\"https:\/\/compuviper.mx\/tienda\/wp-content\/uploads\/2025\/10\/Reloj-inteligente-minoro-con-funcion-de-llamadas-mediciones-deportes-androidios-resistente-al-agua-perfect-choice.jpg\" \/>\n\t<meta property=\"og:image:width\" content=\"200\" \/>\n\t<meta property=\"og:image:height\" content=\"200\" \/>\n\t<meta property=\"og:image:type\" content=\"image\/jpeg\" \/>\n<meta name=\"twitter:card\" content=\"summary_large_image\" \/>\n<meta name=\"twitter:label1\" content=\"Precio\" \/>\n\t<meta name=\"twitter:data1\" content=\"&#36;291 con IVA\" \/>\n\t<meta name=\"twitter:label2\" content=\"Availability\" \/>\n\t<meta name=\"twitter:data2\" content=\"In stock\" \/>\n<script type=\"application\/ld+json\" class=\"yoast-schema-graph\">{\"@context\":\"https:\/\/schema.org\",\"@graph\":[{\"@type\":\"WebPage\",\"@id\":\"https:\/\/compuviper.mx\/tienda\/producto\/perfect-choice-pc-270218-reloj-inteligente-minoro-con-funcion-de-llamadas-mediciones-deportes-android-ios-resistente-al-agua\/\",\"url\":\"https:\/\/compuviper.mx\/tienda\/producto\/perfect-choice-pc-270218-reloj-inteligente-minoro-con-funcion-de-llamadas-mediciones-deportes-android-ios-resistente-al-agua\/\",\"name\":\"[ Perfect Choice ] &#129351; Pc-270218 Reloj Inteligente Minoro Con Funcion De Llamadas, Mediciones, Deportes, Android\/ios Resistente Al Agua\",\"isPartOf\":{\"@id\":\"https:\/\/compuviper.mx\/tienda\/#website\"},\"datePublished\":\"2026-04-29T07:42:36+00:00\",\"dateModified\":\"2026-04-29T07:42:36+00:00\",\"description\":\"Compra Pc-270218 Reloj Inteligente Minoro Con Funcion De Llamadas, Mediciones, Deportes, Android\/ios Resistente Al Agua + Env\u00edo a domicilio + Pago seguro + Garant\u00eda\",\"breadcrumb\":{\"@id\":\"https:\/\/compuviper.mx\/tienda\/producto\/perfect-choice-pc-270218-reloj-inteligente-minoro-con-funcion-de-llamadas-mediciones-deportes-android-ios-resistente-al-agua\/#breadcrumb\"},\"inLanguage\":\"es-MX\",\"potentialAction\":[{\"@type\":\"ReadAction\",\"target\":[\"https:\/\/compuviper.mx\/tienda\/producto\/perfect-choice-pc-270218-reloj-inteligente-minoro-con-funcion-de-llamadas-mediciones-deportes-android-ios-resistente-al-agua\/\"]}]},{\"@type\":\"BreadcrumbList\",\"@id\":\"https:\/\/compuviper.mx\/tienda\/producto\/perfect-choice-pc-270218-reloj-inteligente-minoro-con-funcion-de-llamadas-mediciones-deportes-android-ios-resistente-al-agua\/#breadcrumb\",\"itemListElement\":[{\"@type\":\"ListItem\",\"position\":1,\"name\":\"Inicio\",\"item\":\"https:\/\/compuviper.mx\/tienda\/\"},{\"@type\":\"ListItem\",\"position\":2,\"name\":\"Productos\",\"item\":\"https:\/\/compuviper.mx\/tienda\/productos\/\"},{\"@type\":\"ListItem\",\"position\":3,\"name\":\"Relojes\",\"item\":\"https:\/\/compuviper.mx\/tienda\/categoria-producto\/relojes\/\"},{\"@type\":\"ListItem\",\"position\":4,\"name\":\"Smartwatch\",\"item\":\"https:\/\/compuviper.mx\/tienda\/categoria-producto\/relojes\/smartwatch\/\"},{\"@type\":\"ListItem\",\"position\":5,\"name\":\"Perfect Choice Pc-270218 Reloj Inteligente Minoro Con Funcion De Llamadas, Mediciones, Deportes, Android\/ios Resistente Al Agua\"}]},{\"@type\":\"WebSite\",\"@id\":\"https:\/\/compuviper.mx\/tienda\/#website\",\"url\":\"https:\/\/compuviper.mx\/tienda\/\",\"name\":\"Compuviper\",\"description\":\"Proveedor de Computadoras, Laptops, Servidores, Monitores, Puntos de Venta, Teclados,   Impresoras, T\u00f3ner, C\u00e1maras de Seguridad y m\u00e1s en tu tienda en l\u00ednea\",\"publisher\":{\"@id\":\"https:\/\/compuviper.mx\/tienda\/#organization\"},\"potentialAction\":[{\"@type\":\"SearchAction\",\"target\":{\"@type\":\"EntryPoint\",\"urlTemplate\":\"https:\/\/compuviper.mx\/tienda\/?s={search_term_string}\"},\"query-input\":\"required name=search_term_string\"}],\"inLanguage\":\"es-MX\"},{\"@type\":\"Organization\",\"@id\":\"https:\/\/compuviper.mx\/tienda\/#organization\",\"name\":\"Compuviper\",\"url\":\"https:\/\/compuviper.mx\/tienda\/\",\"logo\":{\"@type\":\"ImageObject\",\"inLanguage\":\"es-MX\",\"@id\":\"https:\/\/compuviper.mx\/tienda\/#\/schema\/logo\/image\/\",\"url\":\"https:\/\/compuviper.mx\/tienda\/wp-content\/uploads\/2021\/08\/Logo-Compuviper-10.png\",\"contentUrl\":\"https:\/\/compuviper.mx\/tienda\/wp-content\/uploads\/2021\/08\/Logo-Compuviper-10.png\",\"width\":1000,\"height\":500,\"caption\":\"Compuviper\"},\"image\":{\"@id\":\"https:\/\/compuviper.mx\/tienda\/#\/schema\/logo\/image\/\"},\"sameAs\":[\"https:\/\/www.facebook.com\/compuviper\",\"https:\/\/www.youtube.com\/channel\/UCf73dERp9Y3cfOq7q8BhLjA?view_as=subscriber\"]}]}<\/script>\n<meta property=\"product:brand\" content=\"PERFECT CHOICE\" \/>\n<meta property=\"product:price:amount\" content=\"291\" \/>\n<meta property=\"product:price:currency\" content=\"MXN\" \/>\n<meta property=\"og:availability\" content=\"instock\" \/>\n<meta property=\"product:availability\" content=\"instock\" \/>\n<meta property=\"product:retailer_item_id\" content=\"PC-270218\" \/>\n<meta property=\"product:condition\" content=\"new\" \/>\n<!-- \/ Yoast SEO plugin. -->","yoast_head_json":{"title":"[ Perfect Choice ] &#129351; Pc-270218 Reloj Inteligente Minoro Con Funcion De Llamadas, Mediciones, Deportes, Android\/ios Resistente Al Agua","description":"Compra Pc-270218 Reloj Inteligente Minoro Con Funcion De Llamadas, Mediciones, Deportes, Android\/ios Resistente Al Agua + Env\u00edo a domicilio + Pago seguro + Garant\u00eda","robots":{"index":"index","follow":"follow","max-snippet":"max-snippet:-1","max-image-preview":"max-image-preview:large","max-video-preview":"max-video-preview:-1"},"canonical":"https:\/\/compuviper.mx\/tienda\/producto\/perfect-choice-pc-270218-reloj-inteligente-minoro-con-funcion-de-llamadas-mediciones-deportes-android-ios-resistente-al-agua\/","og_locale":"es_MX","og_type":"article","og_title":"[ Perfect Choice ] &#129351; Pc-270218 Reloj Inteligente Minoro Con Funcion De Llamadas, Mediciones, Deportes, Android\/ios Resistente Al Agua","og_description":"Compra Pc-270218 Reloj Inteligente Minoro Con Funcion De Llamadas, Mediciones, Deportes, Android\/ios Resistente Al Agua + Env\u00edo a domicilio + Pago seguro + Garant\u00eda","og_url":"https:\/\/compuviper.mx\/tienda\/producto\/perfect-choice-pc-270218-reloj-inteligente-minoro-con-funcion-de-llamadas-mediciones-deportes-android-ios-resistente-al-agua\/","og_site_name":"Compuviper","article_publisher":"https:\/\/www.facebook.com\/compuviper","og_image":[{"width":200,"height":200,"url":"https:\/\/compuviper.mx\/tienda\/wp-content\/uploads\/2025\/10\/Reloj-inteligente-minoro-con-funcion-de-llamadas-mediciones-deportes-androidios-resistente-al-agua-perfect-choice.jpg","type":"image\/jpeg"}],"twitter_card":"summary_large_image","twitter_misc":{"Precio":"&#36;291 con IVA","Availability":"In stock"},"schema":{"@context":"https:\/\/schema.org","@graph":[{"@type":"WebPage","@id":"https:\/\/compuviper.mx\/tienda\/producto\/perfect-choice-pc-270218-reloj-inteligente-minoro-con-funcion-de-llamadas-mediciones-deportes-android-ios-resistente-al-agua\/","url":"https:\/\/compuviper.mx\/tienda\/producto\/perfect-choice-pc-270218-reloj-inteligente-minoro-con-funcion-de-llamadas-mediciones-deportes-android-ios-resistente-al-agua\/","name":"[ Perfect Choice ] &#129351; Pc-270218 Reloj Inteligente Minoro Con Funcion De Llamadas, Mediciones, Deportes, Android\/ios Resistente Al Agua","isPartOf":{"@id":"https:\/\/compuviper.mx\/tienda\/#website"},"datePublished":"2026-04-29T07:42:36+00:00","dateModified":"2026-04-29T07:42:36+00:00","description":"Compra Pc-270218 Reloj Inteligente Minoro Con Funcion De Llamadas, Mediciones, Deportes, Android\/ios Resistente Al Agua + Env\u00edo a domicilio + Pago seguro + Garant\u00eda","breadcrumb":{"@id":"https:\/\/compuviper.mx\/tienda\/producto\/perfect-choice-pc-270218-reloj-inteligente-minoro-con-funcion-de-llamadas-mediciones-deportes-android-ios-resistente-al-agua\/#breadcrumb"},"inLanguage":"es-MX","potentialAction":[{"@type":"ReadAction","target":["https:\/\/compuviper.mx\/tienda\/producto\/perfect-choice-pc-270218-reloj-inteligente-minoro-con-funcion-de-llamadas-mediciones-deportes-android-ios-resistente-al-agua\/"]}]},{"@type":"BreadcrumbList","@id":"https:\/\/compuviper.mx\/tienda\/producto\/perfect-choice-pc-270218-reloj-inteligente-minoro-con-funcion-de-llamadas-mediciones-deportes-android-ios-resistente-al-agua\/#breadcrumb","itemListElement":[{"@type":"ListItem","position":1,"name":"Inicio","item":"https:\/\/compuviper.mx\/tienda\/"},{"@type":"ListItem","position":2,"name":"Productos","item":"https:\/\/compuviper.mx\/tienda\/productos\/"},{"@type":"ListItem","position":3,"name":"Relojes","item":"https:\/\/compuviper.mx\/tienda\/categoria-producto\/relojes\/"},{"@type":"ListItem","position":4,"name":"Smartwatch","item":"https:\/\/compuviper.mx\/tienda\/categoria-producto\/relojes\/smartwatch\/"},{"@type":"ListItem","position":5,"name":"Perfect Choice Pc-270218 Reloj Inteligente Minoro Con Funcion De Llamadas, Mediciones, Deportes, Android\/ios Resistente Al Agua"}]},{"@type":"WebSite","@id":"https:\/\/compuviper.mx\/tienda\/#website","url":"https:\/\/compuviper.mx\/tienda\/","name":"Compuviper","description":"Proveedor de Computadoras, Laptops, Servidores, Monitores, Puntos de Venta, Teclados,   Impresoras, T\u00f3ner, C\u00e1maras de Seguridad y m\u00e1s en tu tienda en l\u00ednea","publisher":{"@id":"https:\/\/compuviper.mx\/tienda\/#organization"},"potentialAction":[{"@type":"SearchAction","target":{"@type":"EntryPoint","urlTemplate":"https:\/\/compuviper.mx\/tienda\/?s={search_term_string}"},"query-input":"required name=search_term_string"}],"inLanguage":"es-MX"},{"@type":"Organization","@id":"https:\/\/compuviper.mx\/tienda\/#organization","name":"Compuviper","url":"https:\/\/compuviper.mx\/tienda\/","logo":{"@type":"ImageObject","inLanguage":"es-MX","@id":"https:\/\/compuviper.mx\/tienda\/#\/schema\/logo\/image\/","url":"https:\/\/compuviper.mx\/tienda\/wp-content\/uploads\/2021\/08\/Logo-Compuviper-10.png","contentUrl":"https:\/\/compuviper.mx\/tienda\/wp-content\/uploads\/2021\/08\/Logo-Compuviper-10.png","width":1000,"height":500,"caption":"Compuviper"},"image":{"@id":"https:\/\/compuviper.mx\/tienda\/#\/schema\/logo\/image\/"},"sameAs":["https:\/\/www.facebook.com\/compuviper","https:\/\/www.youtube.com\/channel\/UCf73dERp9Y3cfOq7q8BhLjA?view_as=subscriber"]}]},"product_brand":"PERFECT CHOICE","product_price_amount":"291","product_price_currency":"MXN","og_availability":"instock","product_availability":"instock","product_retailer_item_id":"PC-270218","product_condition":"new"},"_links":{"self":[{"href":"https:\/\/compuviper.mx\/tienda\/wp-json\/wp\/v2\/product\/250537"}],"collection":[{"href":"https:\/\/compuviper.mx\/tienda\/wp-json\/wp\/v2\/product"}],"about":[{"href":"https:\/\/compuviper.mx\/tienda\/wp-json\/wp\/v2\/types\/product"}],"replies":[{"embeddable":true,"href":"https:\/\/compuviper.mx\/tienda\/wp-json\/wp\/v2\/comments?post=250537"}],"wp:featuredmedia":[{"embeddable":true,"href":"https:\/\/compuviper.mx\/tienda\/wp-json\/wp\/v2\/media\/260740"}],"wp:attachment":[{"href":"https:\/\/compuviper.mx\/tienda\/wp-json\/wp\/v2\/media?parent=250537"}],"wp:term":[{"taxonomy":"product_cat","embeddable":true,"href":"https:\/\/compuviper.mx\/tienda\/wp-json\/wp\/v2\/product_cat?post=250537"},{"taxonomy":"product_tag","embeddable":true,"href":"https:\/\/compuviper.mx\/tienda\/wp-json\/wp\/v2\/product_tag?post=250537"}],"curies":[{"name":"wp","href":"https:\/\/api.w.org\/{rel}","templated":true}]}}