{"id":250530,"date":"2026-04-23T00:15:23","date_gmt":"2026-04-23T06:15:23","guid":{"rendered":"https:\/\/compuviper.mx\/tienda\/producto\/dahua-dh-hac-hdw1209tlqn-led-s3-camara-dh-hac-hdw1209tlqn-led-0280b-s3-domo-fullcolor-de-2-mp-con-resolucion-1080p-lente-de-2-8-mm-y-106-de-apertura-ofrece-vision-nocturna-de-20-mts-instalacio\/"},"modified":"2026-04-23T00:15:23","modified_gmt":"2026-04-23T06:15:23","slug":"dahua-dh-hac-hdw1209tlqn-led-s3-camara-dh-hac-hdw1209tlqn-led-0280b-s3-domo-fullcolor-de-2-mp-con-resolucion-1080p-lente-de-2-8-mm-y-106-de-apertura-ofrece-vision-nocturna-de-20-mts-instalacion","status":"publish","type":"product","link":"https:\/\/compuviper.mx\/tienda\/producto\/dahua-dh-hac-hdw1209tlqn-led-s3-camara-dh-hac-hdw1209tlqn-led-0280b-s3-domo-fullcolor-de-2-mp-con-resolucion-1080p-lente-de-2-8-mm-y-106-de-apertura-ofrece-vision-nocturna-de-20-mts-instalacion\/","title":{"rendered":"Dahua Dh-hac-hdw1209tlqn-led-s3 Camara\/ Dh-hac-hdw1209tlqn-led-0280b-s3\/ \/ Domo Fullcolor De 2 Mp Con Resolucion 1080p, Lente De 2.8 Mm Y 106 De Apertura. Ofrece Vision Nocturna De 20 Mts, Instalacion Rapida, Proteccion Ip67,"},"content":{"rendered":"<table class=\"descripcion\">\n<tr>\n<td>Especificaciones tecnicas<\/td>\n<\/tr>\n<tr>\n<td>\u0095material: domo metal  plastico  caja de plastico<\/td>\n<\/tr>\n<tr>\n<td>\u0095dimensiones:  and 934;97,1 mm  91,4 mm<\/td>\n<\/tr>\n<tr>\n<td>\u0095peso: 220g<\/td>\n<\/tr>\n<tr>\n<td>\u0095temperatura de trabajo: -40\u00b0c a 60\u00b0c<\/td>\n<\/tr>\n<tr>\n<td>\u0095humedad de trabajo:  95  hr, sin condensacion<\/td>\n<\/tr>\n<tr>\n<td>\u0095alimentacion: dc 12v<\/td>\n<\/tr>\n<tr>\n<td>\u0095consumo de energia: max. 3,3 w 12 v cc, ir activado<\/td>\n<\/tr>\n<tr>\n<td>\u0095menu osd: varios idiomas no puede bajar la resolucion a 720p<\/td>\n<\/tr>\n<tr>\n<td>Incluye<\/td>\n<\/tr>\n<tr>\n<td>\u0095x1 camara domo 2mp full color<\/td>\n<\/tr>\n<tr>\n<td>\u0095x1 base de montaje<\/td>\n<\/tr>\n<tr>\n<td>\u0095x3 tornillos de fijacion<\/td>\n<\/tr>\n<tr>\n<td>\u0095x1 manual de usuario<\/td>\n<\/tr>\n<tr>\n<td>\u0095x1 poliza de garantia<\/td>\n<\/tr>\n<tr>\n<td>\u0095x1 sticker de instalacion<\/td>\n<\/tr>\n<tr>\n<td>Caracteristicas principales<\/td>\n<\/tr>\n<tr>\n<td>\u0095resolucion: max. 30 fps@1080p.<\/td>\n<\/tr>\n<tr>\n<td>\u0095full color: imagenes en color 24\/7.<\/td>\n<\/tr>\n<tr>\n<td>\u0095iluminacion: distancia de iluminacion de 20 m.<\/td>\n<\/tr>\n<tr>\n<td>\u0095audio: mic incorporado -a.<\/td>\n<\/tr>\n<tr>\n<td>\u0095instalacion: el globo ocular de instalacion rapida ahorra tiempo de instalacion.<\/td>\n<\/tr>\n<tr>\n<td>\u0095lente: lente fija de 3,6 mm 2,8 mm opcional.<\/td>\n<\/tr>\n<tr>\n<td>\u0095tecnologia: cvi\/cvbs\/ahd\/tvi conmutable.<\/td>\n<\/tr>\n<tr>\n<td>\u0095proteccion: ip67<\/td>\n<\/tr>\n<\/table>\n","protected":false},"excerpt":{"rendered":"<p>Informacion general. La dahua dh-hac-hdw1209tlqn-led-0280b-s3 es una camara domo fullcolor de 2 mp con resolucion 1080p, ideal para capturar imagenes nitidas y en color incluso en condiciones de baja luz. Su lente de 2.8 mm ofrece un amplio angulo de vision de 106\u00b0, mientras que su iluminacion led permite vision nocturna hasta 20 metros. Diseada para exteriores, cuenta con certificacion ip67, lo que garantiza resistencia al polvo y agua. Ademas, integra tecnologia starlightpara un rendimiento superior en entornos oscuros y dwdr, que ajusta el contraste para mejorar la calidad de imagen en escenas con iluminacion dificil.<\/p>\n","protected":false},"featured_media":259398,"comment_status":"open","ping_status":"open","template":"","meta":[],"product_cat":[1608,1681],"product_tag":[1555],"acf":[],"yoast_head":"<!-- This site is optimized with the Yoast SEO plugin v21.7 - https:\/\/yoast.com\/wordpress\/plugins\/seo\/ -->\n<title>[ Dahua ] &#129351; Dh-hac-hdw1209tlqn-led-s3 Camara\/ Dh-hac-hdw1209tlqn-led-0280b-s3\/ \/ Domo Fullcolor De 2 Mp Con Resolucion 1080p, Lente De 2.8 Mm Y 106 De Apertura. Ofrece Vision Nocturna De 20 Mts, Instalacion Rapida, Proteccion Ip67,<\/title>\n<meta name=\"description\" content=\"Compra Dh-hac-hdw1209tlqn-led-s3 Camara\/ Dh-hac-hdw1209tlqn-led-0280b-s3\/ \/ Domo Fullcolor De 2 Mp Con Resolucion 1080p, Lente De 2.8 Mm Y 106 De Apertura. Ofrece Vision Nocturna De 20 Mts, Instalacion Rapida, Proteccion Ip67, + Env\u00edo a domicilio + Pago seguro + Garant\u00eda\" \/>\n<meta name=\"robots\" content=\"index, follow, max-snippet:-1, max-image-preview:large, max-video-preview:-1\" \/>\n<link rel=\"canonical\" href=\"https:\/\/compuviper.mx\/tienda\/producto\/dahua-dh-hac-hdw1209tlqn-led-s3-camara-dh-hac-hdw1209tlqn-led-0280b-s3-domo-fullcolor-de-2-mp-con-resolucion-1080p-lente-de-2-8-mm-y-106-de-apertura-ofrece-vision-nocturna-de-20-mts-instalacion\/\" \/>\n<meta property=\"og:locale\" content=\"es_MX\" \/>\n<meta property=\"og:type\" content=\"article\" \/>\n<meta property=\"og:title\" content=\"[ Dahua ] &#129351; Dh-hac-hdw1209tlqn-led-s3 Camara\/ Dh-hac-hdw1209tlqn-led-0280b-s3\/ \/ Domo Fullcolor De 2 Mp Con Resolucion 1080p, Lente De 2.8 Mm Y 106 De Apertura. Ofrece Vision Nocturna De 20 Mts, Instalacion Rapida, Proteccion Ip67,\" \/>\n<meta property=\"og:description\" content=\"Compra Dh-hac-hdw1209tlqn-led-s3 Camara\/ Dh-hac-hdw1209tlqn-led-0280b-s3\/ \/ Domo Fullcolor De 2 Mp Con Resolucion 1080p, Lente De 2.8 Mm Y 106 De Apertura. Ofrece Vision Nocturna De 20 Mts, Instalacion Rapida, Proteccion Ip67, + Env\u00edo a domicilio + Pago seguro + Garant\u00eda\" \/>\n<meta property=\"og:url\" content=\"https:\/\/compuviper.mx\/tienda\/producto\/dahua-dh-hac-hdw1209tlqn-led-s3-camara-dh-hac-hdw1209tlqn-led-0280b-s3-domo-fullcolor-de-2-mp-con-resolucion-1080p-lente-de-2-8-mm-y-106-de-apertura-ofrece-vision-nocturna-de-20-mts-instalacion\/\" \/>\n<meta property=\"og:site_name\" content=\"Compuviper\" \/>\n<meta property=\"article:publisher\" content=\"https:\/\/www.facebook.com\/compuviper\" \/>\n<meta property=\"og:image\" content=\"https:\/\/compuviper.mx\/tienda\/wp-content\/uploads\/2025\/10\/Camara-dh-hac-hdw1209tlqn-led-0280b-s3-dahua-domo-fullcolor-de-2-mp-con-resolucion-1080p-lente-de-2.8-mm-y-106-de-apertura.-ofrece-vision-nocturna-de-20-mts-instalacion-rapida-proteccion-ip67.jpg\" \/>\n\t<meta property=\"og:image:width\" content=\"200\" \/>\n\t<meta property=\"og:image:height\" content=\"200\" \/>\n\t<meta property=\"og:image:type\" content=\"image\/jpeg\" \/>\n<meta name=\"twitter:card\" content=\"summary_large_image\" \/>\n<meta name=\"twitter:label1\" content=\"Precio\" \/>\n\t<meta name=\"twitter:data1\" content=\"&#36;352 &#36;346 con IVA\" \/>\n\t<meta name=\"twitter:label2\" content=\"Availability\" \/>\n\t<meta name=\"twitter:data2\" content=\"Out of stock\" \/>\n<script type=\"application\/ld+json\" class=\"yoast-schema-graph\">{\"@context\":\"https:\/\/schema.org\",\"@graph\":[{\"@type\":\"WebPage\",\"@id\":\"https:\/\/compuviper.mx\/tienda\/producto\/dahua-dh-hac-hdw1209tlqn-led-s3-camara-dh-hac-hdw1209tlqn-led-0280b-s3-domo-fullcolor-de-2-mp-con-resolucion-1080p-lente-de-2-8-mm-y-106-de-apertura-ofrece-vision-nocturna-de-20-mts-instalacion\/\",\"url\":\"https:\/\/compuviper.mx\/tienda\/producto\/dahua-dh-hac-hdw1209tlqn-led-s3-camara-dh-hac-hdw1209tlqn-led-0280b-s3-domo-fullcolor-de-2-mp-con-resolucion-1080p-lente-de-2-8-mm-y-106-de-apertura-ofrece-vision-nocturna-de-20-mts-instalacion\/\",\"name\":\"[ Dahua ] &#129351; Dh-hac-hdw1209tlqn-led-s3 Camara\/ Dh-hac-hdw1209tlqn-led-0280b-s3\/ \/ Domo Fullcolor De 2 Mp Con Resolucion 1080p, Lente De 2.8 Mm Y 106 De Apertura. Ofrece Vision Nocturna De 20 Mts, Instalacion Rapida, Proteccion Ip67,\",\"isPartOf\":{\"@id\":\"https:\/\/compuviper.mx\/tienda\/#website\"},\"datePublished\":\"2026-04-23T06:15:23+00:00\",\"dateModified\":\"2026-04-23T06:15:23+00:00\",\"description\":\"Compra Dh-hac-hdw1209tlqn-led-s3 Camara\/ Dh-hac-hdw1209tlqn-led-0280b-s3\/ \/ Domo Fullcolor De 2 Mp Con Resolucion 1080p, Lente De 2.8 Mm Y 106 De Apertura. Ofrece Vision Nocturna De 20 Mts, Instalacion Rapida, Proteccion Ip67, + Env\u00edo a domicilio + Pago seguro + Garant\u00eda\",\"breadcrumb\":{\"@id\":\"https:\/\/compuviper.mx\/tienda\/producto\/dahua-dh-hac-hdw1209tlqn-led-s3-camara-dh-hac-hdw1209tlqn-led-0280b-s3-domo-fullcolor-de-2-mp-con-resolucion-1080p-lente-de-2-8-mm-y-106-de-apertura-ofrece-vision-nocturna-de-20-mts-instalacion\/#breadcrumb\"},\"inLanguage\":\"es-MX\",\"potentialAction\":[{\"@type\":\"ReadAction\",\"target\":[\"https:\/\/compuviper.mx\/tienda\/producto\/dahua-dh-hac-hdw1209tlqn-led-s3-camara-dh-hac-hdw1209tlqn-led-0280b-s3-domo-fullcolor-de-2-mp-con-resolucion-1080p-lente-de-2-8-mm-y-106-de-apertura-ofrece-vision-nocturna-de-20-mts-instalacion\/\"]}]},{\"@type\":\"BreadcrumbList\",\"@id\":\"https:\/\/compuviper.mx\/tienda\/producto\/dahua-dh-hac-hdw1209tlqn-led-s3-camara-dh-hac-hdw1209tlqn-led-0280b-s3-domo-fullcolor-de-2-mp-con-resolucion-1080p-lente-de-2-8-mm-y-106-de-apertura-ofrece-vision-nocturna-de-20-mts-instalacion\/#breadcrumb\",\"itemListElement\":[{\"@type\":\"ListItem\",\"position\":1,\"name\":\"Inicio\",\"item\":\"https:\/\/compuviper.mx\/tienda\/\"},{\"@type\":\"ListItem\",\"position\":2,\"name\":\"Productos\",\"item\":\"https:\/\/compuviper.mx\/tienda\/productos\/\"},{\"@type\":\"ListItem\",\"position\":3,\"name\":\"Camaras\",\"item\":\"https:\/\/compuviper.mx\/tienda\/categoria-producto\/camaras-2\/\"},{\"@type\":\"ListItem\",\"position\":4,\"name\":\"Camara De Videovigilancia\",\"item\":\"https:\/\/compuviper.mx\/tienda\/categoria-producto\/camaras-2\/camara-de-videovigilancia\/\"},{\"@type\":\"ListItem\",\"position\":5,\"name\":\"Dahua Dh-hac-hdw1209tlqn-led-s3 Camara\/ Dh-hac-hdw1209tlqn-led-0280b-s3\/ \/ Domo Fullcolor De 2 Mp Con Resolucion 1080p, Lente De 2.8 Mm Y 106 De Apertura. Ofrece Vision Nocturna De 20 Mts, Instalacion Rapida, Proteccion Ip67,\"}]},{\"@type\":\"WebSite\",\"@id\":\"https:\/\/compuviper.mx\/tienda\/#website\",\"url\":\"https:\/\/compuviper.mx\/tienda\/\",\"name\":\"Compuviper\",\"description\":\"Proveedor de Computadoras, Laptops, Servidores, Monitores, Puntos de Venta, Teclados,   Impresoras, T\u00f3ner, C\u00e1maras de Seguridad y m\u00e1s en tu tienda en l\u00ednea\",\"publisher\":{\"@id\":\"https:\/\/compuviper.mx\/tienda\/#organization\"},\"potentialAction\":[{\"@type\":\"SearchAction\",\"target\":{\"@type\":\"EntryPoint\",\"urlTemplate\":\"https:\/\/compuviper.mx\/tienda\/?s={search_term_string}\"},\"query-input\":\"required name=search_term_string\"}],\"inLanguage\":\"es-MX\"},{\"@type\":\"Organization\",\"@id\":\"https:\/\/compuviper.mx\/tienda\/#organization\",\"name\":\"Compuviper\",\"url\":\"https:\/\/compuviper.mx\/tienda\/\",\"logo\":{\"@type\":\"ImageObject\",\"inLanguage\":\"es-MX\",\"@id\":\"https:\/\/compuviper.mx\/tienda\/#\/schema\/logo\/image\/\",\"url\":\"https:\/\/compuviper.mx\/tienda\/wp-content\/uploads\/2021\/08\/Logo-Compuviper-10.png\",\"contentUrl\":\"https:\/\/compuviper.mx\/tienda\/wp-content\/uploads\/2021\/08\/Logo-Compuviper-10.png\",\"width\":1000,\"height\":500,\"caption\":\"Compuviper\"},\"image\":{\"@id\":\"https:\/\/compuviper.mx\/tienda\/#\/schema\/logo\/image\/\"},\"sameAs\":[\"https:\/\/www.facebook.com\/compuviper\",\"https:\/\/www.youtube.com\/channel\/UCf73dERp9Y3cfOq7q8BhLjA?view_as=subscriber\"]}]}<\/script>\n<meta property=\"product:brand\" content=\"DAHUA\" \/>\n<meta property=\"product:price:amount\" content=\"346\" \/>\n<meta property=\"product:price:currency\" content=\"MXN\" \/>\n<meta property=\"og:availability\" content=\"out of stock\" \/>\n<meta property=\"product:availability\" content=\"out of stock\" \/>\n<meta property=\"product:retailer_item_id\" content=\"DH-HAC-HDW1209TLQN-LED-S3\" \/>\n<meta property=\"product:condition\" content=\"new\" \/>\n<!-- \/ Yoast SEO plugin. -->","yoast_head_json":{"title":"[ Dahua ] &#129351; Dh-hac-hdw1209tlqn-led-s3 Camara\/ Dh-hac-hdw1209tlqn-led-0280b-s3\/ \/ Domo Fullcolor De 2 Mp Con Resolucion 1080p, Lente De 2.8 Mm Y 106 De Apertura. Ofrece Vision Nocturna De 20 Mts, Instalacion Rapida, Proteccion Ip67,","description":"Compra Dh-hac-hdw1209tlqn-led-s3 Camara\/ Dh-hac-hdw1209tlqn-led-0280b-s3\/ \/ Domo Fullcolor De 2 Mp Con Resolucion 1080p, Lente De 2.8 Mm Y 106 De Apertura. Ofrece Vision Nocturna De 20 Mts, Instalacion Rapida, Proteccion Ip67, + Env\u00edo a domicilio + Pago seguro + Garant\u00eda","robots":{"index":"index","follow":"follow","max-snippet":"max-snippet:-1","max-image-preview":"max-image-preview:large","max-video-preview":"max-video-preview:-1"},"canonical":"https:\/\/compuviper.mx\/tienda\/producto\/dahua-dh-hac-hdw1209tlqn-led-s3-camara-dh-hac-hdw1209tlqn-led-0280b-s3-domo-fullcolor-de-2-mp-con-resolucion-1080p-lente-de-2-8-mm-y-106-de-apertura-ofrece-vision-nocturna-de-20-mts-instalacion\/","og_locale":"es_MX","og_type":"article","og_title":"[ Dahua ] &#129351; Dh-hac-hdw1209tlqn-led-s3 Camara\/ Dh-hac-hdw1209tlqn-led-0280b-s3\/ \/ Domo Fullcolor De 2 Mp Con Resolucion 1080p, Lente De 2.8 Mm Y 106 De Apertura. Ofrece Vision Nocturna De 20 Mts, Instalacion Rapida, Proteccion Ip67,","og_description":"Compra Dh-hac-hdw1209tlqn-led-s3 Camara\/ Dh-hac-hdw1209tlqn-led-0280b-s3\/ \/ Domo Fullcolor De 2 Mp Con Resolucion 1080p, Lente De 2.8 Mm Y 106 De Apertura. Ofrece Vision Nocturna De 20 Mts, Instalacion Rapida, Proteccion Ip67, + Env\u00edo a domicilio + Pago seguro + Garant\u00eda","og_url":"https:\/\/compuviper.mx\/tienda\/producto\/dahua-dh-hac-hdw1209tlqn-led-s3-camara-dh-hac-hdw1209tlqn-led-0280b-s3-domo-fullcolor-de-2-mp-con-resolucion-1080p-lente-de-2-8-mm-y-106-de-apertura-ofrece-vision-nocturna-de-20-mts-instalacion\/","og_site_name":"Compuviper","article_publisher":"https:\/\/www.facebook.com\/compuviper","og_image":[{"width":200,"height":200,"url":"https:\/\/compuviper.mx\/tienda\/wp-content\/uploads\/2025\/10\/Camara-dh-hac-hdw1209tlqn-led-0280b-s3-dahua-domo-fullcolor-de-2-mp-con-resolucion-1080p-lente-de-2.8-mm-y-106-de-apertura.-ofrece-vision-nocturna-de-20-mts-instalacion-rapida-proteccion-ip67.jpg","type":"image\/jpeg"}],"twitter_card":"summary_large_image","twitter_misc":{"Precio":"&#36;352 &#36;346 con IVA","Availability":"Out of stock"},"schema":{"@context":"https:\/\/schema.org","@graph":[{"@type":"WebPage","@id":"https:\/\/compuviper.mx\/tienda\/producto\/dahua-dh-hac-hdw1209tlqn-led-s3-camara-dh-hac-hdw1209tlqn-led-0280b-s3-domo-fullcolor-de-2-mp-con-resolucion-1080p-lente-de-2-8-mm-y-106-de-apertura-ofrece-vision-nocturna-de-20-mts-instalacion\/","url":"https:\/\/compuviper.mx\/tienda\/producto\/dahua-dh-hac-hdw1209tlqn-led-s3-camara-dh-hac-hdw1209tlqn-led-0280b-s3-domo-fullcolor-de-2-mp-con-resolucion-1080p-lente-de-2-8-mm-y-106-de-apertura-ofrece-vision-nocturna-de-20-mts-instalacion\/","name":"[ Dahua ] &#129351; Dh-hac-hdw1209tlqn-led-s3 Camara\/ Dh-hac-hdw1209tlqn-led-0280b-s3\/ \/ Domo Fullcolor De 2 Mp Con Resolucion 1080p, Lente De 2.8 Mm Y 106 De Apertura. Ofrece Vision Nocturna De 20 Mts, Instalacion Rapida, Proteccion Ip67,","isPartOf":{"@id":"https:\/\/compuviper.mx\/tienda\/#website"},"datePublished":"2026-04-23T06:15:23+00:00","dateModified":"2026-04-23T06:15:23+00:00","description":"Compra Dh-hac-hdw1209tlqn-led-s3 Camara\/ Dh-hac-hdw1209tlqn-led-0280b-s3\/ \/ Domo Fullcolor De 2 Mp Con Resolucion 1080p, Lente De 2.8 Mm Y 106 De Apertura. Ofrece Vision Nocturna De 20 Mts, Instalacion Rapida, Proteccion Ip67, + Env\u00edo a domicilio + Pago seguro + Garant\u00eda","breadcrumb":{"@id":"https:\/\/compuviper.mx\/tienda\/producto\/dahua-dh-hac-hdw1209tlqn-led-s3-camara-dh-hac-hdw1209tlqn-led-0280b-s3-domo-fullcolor-de-2-mp-con-resolucion-1080p-lente-de-2-8-mm-y-106-de-apertura-ofrece-vision-nocturna-de-20-mts-instalacion\/#breadcrumb"},"inLanguage":"es-MX","potentialAction":[{"@type":"ReadAction","target":["https:\/\/compuviper.mx\/tienda\/producto\/dahua-dh-hac-hdw1209tlqn-led-s3-camara-dh-hac-hdw1209tlqn-led-0280b-s3-domo-fullcolor-de-2-mp-con-resolucion-1080p-lente-de-2-8-mm-y-106-de-apertura-ofrece-vision-nocturna-de-20-mts-instalacion\/"]}]},{"@type":"BreadcrumbList","@id":"https:\/\/compuviper.mx\/tienda\/producto\/dahua-dh-hac-hdw1209tlqn-led-s3-camara-dh-hac-hdw1209tlqn-led-0280b-s3-domo-fullcolor-de-2-mp-con-resolucion-1080p-lente-de-2-8-mm-y-106-de-apertura-ofrece-vision-nocturna-de-20-mts-instalacion\/#breadcrumb","itemListElement":[{"@type":"ListItem","position":1,"name":"Inicio","item":"https:\/\/compuviper.mx\/tienda\/"},{"@type":"ListItem","position":2,"name":"Productos","item":"https:\/\/compuviper.mx\/tienda\/productos\/"},{"@type":"ListItem","position":3,"name":"Camaras","item":"https:\/\/compuviper.mx\/tienda\/categoria-producto\/camaras-2\/"},{"@type":"ListItem","position":4,"name":"Camara De Videovigilancia","item":"https:\/\/compuviper.mx\/tienda\/categoria-producto\/camaras-2\/camara-de-videovigilancia\/"},{"@type":"ListItem","position":5,"name":"Dahua Dh-hac-hdw1209tlqn-led-s3 Camara\/ Dh-hac-hdw1209tlqn-led-0280b-s3\/ \/ Domo Fullcolor De 2 Mp Con Resolucion 1080p, Lente De 2.8 Mm Y 106 De Apertura. Ofrece Vision Nocturna De 20 Mts, Instalacion Rapida, Proteccion Ip67,"}]},{"@type":"WebSite","@id":"https:\/\/compuviper.mx\/tienda\/#website","url":"https:\/\/compuviper.mx\/tienda\/","name":"Compuviper","description":"Proveedor de Computadoras, Laptops, Servidores, Monitores, Puntos de Venta, Teclados,   Impresoras, T\u00f3ner, C\u00e1maras de Seguridad y m\u00e1s en tu tienda en l\u00ednea","publisher":{"@id":"https:\/\/compuviper.mx\/tienda\/#organization"},"potentialAction":[{"@type":"SearchAction","target":{"@type":"EntryPoint","urlTemplate":"https:\/\/compuviper.mx\/tienda\/?s={search_term_string}"},"query-input":"required name=search_term_string"}],"inLanguage":"es-MX"},{"@type":"Organization","@id":"https:\/\/compuviper.mx\/tienda\/#organization","name":"Compuviper","url":"https:\/\/compuviper.mx\/tienda\/","logo":{"@type":"ImageObject","inLanguage":"es-MX","@id":"https:\/\/compuviper.mx\/tienda\/#\/schema\/logo\/image\/","url":"https:\/\/compuviper.mx\/tienda\/wp-content\/uploads\/2021\/08\/Logo-Compuviper-10.png","contentUrl":"https:\/\/compuviper.mx\/tienda\/wp-content\/uploads\/2021\/08\/Logo-Compuviper-10.png","width":1000,"height":500,"caption":"Compuviper"},"image":{"@id":"https:\/\/compuviper.mx\/tienda\/#\/schema\/logo\/image\/"},"sameAs":["https:\/\/www.facebook.com\/compuviper","https:\/\/www.youtube.com\/channel\/UCf73dERp9Y3cfOq7q8BhLjA?view_as=subscriber"]}]},"product_brand":"DAHUA","product_price_amount":"346","product_price_currency":"MXN","og_availability":"out of stock","product_availability":"out of stock","product_retailer_item_id":"DH-HAC-HDW1209TLQN-LED-S3","product_condition":"new"},"_links":{"self":[{"href":"https:\/\/compuviper.mx\/tienda\/wp-json\/wp\/v2\/product\/250530"}],"collection":[{"href":"https:\/\/compuviper.mx\/tienda\/wp-json\/wp\/v2\/product"}],"about":[{"href":"https:\/\/compuviper.mx\/tienda\/wp-json\/wp\/v2\/types\/product"}],"replies":[{"embeddable":true,"href":"https:\/\/compuviper.mx\/tienda\/wp-json\/wp\/v2\/comments?post=250530"}],"wp:featuredmedia":[{"embeddable":true,"href":"https:\/\/compuviper.mx\/tienda\/wp-json\/wp\/v2\/media\/259398"}],"wp:attachment":[{"href":"https:\/\/compuviper.mx\/tienda\/wp-json\/wp\/v2\/media?parent=250530"}],"wp:term":[{"taxonomy":"product_cat","embeddable":true,"href":"https:\/\/compuviper.mx\/tienda\/wp-json\/wp\/v2\/product_cat?post=250530"},{"taxonomy":"product_tag","embeddable":true,"href":"https:\/\/compuviper.mx\/tienda\/wp-json\/wp\/v2\/product_tag?post=250530"}],"curies":[{"name":"wp","href":"https:\/\/api.w.org\/{rel}","templated":true}]}}