{"id":250528,"date":"2026-04-07T23:27:47","date_gmt":"2026-04-08T05:27:47","guid":{"rendered":"https:\/\/compuviper.mx\/tienda\/producto\/peerless-av-st640-soporte-pantalla-para-pantallas-32-55-pulgadas-vesa-de-400-x-400-hasta-68-0-kg\/"},"modified":"2026-04-07T23:27:47","modified_gmt":"2026-04-08T05:27:47","slug":"peerless-av-st640-soporte-pantalla-para-pantallas-32-55-pulgadas-vesa-de-400-x-400-hasta-68-0-kg","status":"publish","type":"product","link":"https:\/\/compuviper.mx\/tienda\/producto\/peerless-av-st640-soporte-pantalla-para-pantallas-32-55-pulgadas-vesa-de-400-x-400-hasta-68-0-kg\/","title":{"rendered":"Peerless-av St640 Soporte Pantalla    Para Pantallas 32-55 Pulgadas Vesa De 400 X 400 Hasta 68.0 Kg"},"content":{"rendered":"<table class=\"descripcion\">\n<tr>\n<td>Tama\u00f1o de pantalla 32 a 50<\/td>\n<\/tr>\n<tr>\n<td>Vesa 400 x 400<\/td>\n<\/tr>\n<tr>\n<td>Capacidad de carga  68.0kg<\/td>\n<\/tr>\n<tr>\n<td>Color negro<\/td>\n<\/tr>\n<tr>\n<td>Inclinacion  15 \/ -5<\/td>\n<\/tr>\n<tr>\n<td>Dimensiones del producto 22.14 x 16.89 x 2.62-5.40 (562 x 429 x 67-137mm)<\/td>\n<\/tr>\n<tr>\n<td>Peso 6.07lb (2.75kg)<\/td>\n<\/tr>\n<tr>\n<td>Peso para el envio 7.82lb (3.55kg)<\/td>\n<\/tr>\n<tr>\n<td>Las dimensiones del empaque 21.69 x 2.95 x 10.71 (551 x 75 x 272mm)<\/td>\n<\/tr>\n<tr>\n<td>Codigo upc  735029235699<\/td>\n<\/tr>\n<\/table>\n","protected":false},"excerpt":{"rendered":"<p>Ofrece las caracteristicas de instalacion y las opciones de montaje mas versatiles. Gracias a los ajustes horizontales y verticales, se puede nivelar y posicionar lateralmente despues de la instalacion, lo que hace que encontrar la posicion ideal del televisor sea mas facil que nunca. Hay que bloquear el angulo de inclinacion al instalarlo para evitar que se lo manipule indebidamente. El dise\u00f1o de placa de pared abierta permite acceder totalmente a la pared, lo que mejora las opciones de conexion electrica y organizacion de cables. Ahora una sola persona puede instalar la pantalla.<\/p>\n","protected":false},"featured_media":251521,"comment_status":"open","ping_status":"open","template":"","meta":[],"product_cat":[2321,2265],"product_tag":[1904],"acf":[],"yoast_head":"<!-- This site is optimized with the Yoast SEO plugin v21.7 - https:\/\/yoast.com\/wordpress\/plugins\/seo\/ -->\n<title>[ Peerless-av ] &#129351; St640 Soporte Pantalla Para Pantallas 32-55 Pulgadas Vesa De 400 X 400 Hasta 68.0 Kg<\/title>\n<meta name=\"description\" content=\"Compra St640 Soporte Pantalla Para Pantallas 32-55 Pulgadas Vesa De 400 X 400 Hasta 68.0 Kg + Env\u00edo a domicilio + Pago seguro + Garant\u00eda\" \/>\n<meta name=\"robots\" content=\"index, follow, max-snippet:-1, max-image-preview:large, max-video-preview:-1\" \/>\n<link rel=\"canonical\" href=\"https:\/\/compuviper.mx\/tienda\/producto\/peerless-av-st640-soporte-pantalla-para-pantallas-32-55-pulgadas-vesa-de-400-x-400-hasta-68-0-kg\/\" \/>\n<meta property=\"og:locale\" content=\"es_MX\" \/>\n<meta property=\"og:type\" content=\"article\" \/>\n<meta property=\"og:title\" content=\"[ Peerless-av ] &#129351; St640 Soporte Pantalla Para Pantallas 32-55 Pulgadas Vesa De 400 X 400 Hasta 68.0 Kg\" \/>\n<meta property=\"og:description\" content=\"Compra St640 Soporte Pantalla Para Pantallas 32-55 Pulgadas Vesa De 400 X 400 Hasta 68.0 Kg + Env\u00edo a domicilio + Pago seguro + Garant\u00eda\" \/>\n<meta property=\"og:url\" content=\"https:\/\/compuviper.mx\/tienda\/producto\/peerless-av-st640-soporte-pantalla-para-pantallas-32-55-pulgadas-vesa-de-400-x-400-hasta-68-0-kg\/\" \/>\n<meta property=\"og:site_name\" content=\"Compuviper\" \/>\n<meta property=\"article:publisher\" content=\"https:\/\/www.facebook.com\/compuviper\" \/>\n<meta property=\"og:image\" content=\"https:\/\/compuviper.mx\/tienda\/wp-content\/uploads\/2025\/04\/Soporte-pantalla-peerless-av-st640-para-pantallas-32-55-pulgadas-vesa-de-400-x-400-hasta-68.0-kg.jpg\" \/>\n\t<meta property=\"og:image:width\" content=\"200\" \/>\n\t<meta property=\"og:image:height\" content=\"200\" \/>\n\t<meta property=\"og:image:type\" content=\"image\/jpeg\" \/>\n<meta name=\"twitter:card\" content=\"summary_large_image\" \/>\n<meta name=\"twitter:label1\" content=\"Precio\" \/>\n\t<meta name=\"twitter:data1\" content=\"&#36;1,858 con IVA\" \/>\n\t<meta name=\"twitter:label2\" content=\"Availability\" \/>\n\t<meta name=\"twitter:data2\" content=\"Out of stock\" \/>\n<script type=\"application\/ld+json\" class=\"yoast-schema-graph\">{\"@context\":\"https:\/\/schema.org\",\"@graph\":[{\"@type\":\"WebPage\",\"@id\":\"https:\/\/compuviper.mx\/tienda\/producto\/peerless-av-st640-soporte-pantalla-para-pantallas-32-55-pulgadas-vesa-de-400-x-400-hasta-68-0-kg\/\",\"url\":\"https:\/\/compuviper.mx\/tienda\/producto\/peerless-av-st640-soporte-pantalla-para-pantallas-32-55-pulgadas-vesa-de-400-x-400-hasta-68-0-kg\/\",\"name\":\"[ Peerless-av ] &#129351; St640 Soporte Pantalla Para Pantallas 32-55 Pulgadas Vesa De 400 X 400 Hasta 68.0 Kg\",\"isPartOf\":{\"@id\":\"https:\/\/compuviper.mx\/tienda\/#website\"},\"datePublished\":\"2026-04-08T05:27:47+00:00\",\"dateModified\":\"2026-04-08T05:27:47+00:00\",\"description\":\"Compra St640 Soporte Pantalla Para Pantallas 32-55 Pulgadas Vesa De 400 X 400 Hasta 68.0 Kg + Env\u00edo a domicilio + Pago seguro + Garant\u00eda\",\"breadcrumb\":{\"@id\":\"https:\/\/compuviper.mx\/tienda\/producto\/peerless-av-st640-soporte-pantalla-para-pantallas-32-55-pulgadas-vesa-de-400-x-400-hasta-68-0-kg\/#breadcrumb\"},\"inLanguage\":\"es-MX\",\"potentialAction\":[{\"@type\":\"ReadAction\",\"target\":[\"https:\/\/compuviper.mx\/tienda\/producto\/peerless-av-st640-soporte-pantalla-para-pantallas-32-55-pulgadas-vesa-de-400-x-400-hasta-68-0-kg\/\"]}]},{\"@type\":\"BreadcrumbList\",\"@id\":\"https:\/\/compuviper.mx\/tienda\/producto\/peerless-av-st640-soporte-pantalla-para-pantallas-32-55-pulgadas-vesa-de-400-x-400-hasta-68-0-kg\/#breadcrumb\",\"itemListElement\":[{\"@type\":\"ListItem\",\"position\":1,\"name\":\"Inicio\",\"item\":\"https:\/\/compuviper.mx\/tienda\/\"},{\"@type\":\"ListItem\",\"position\":2,\"name\":\"Productos\",\"item\":\"https:\/\/compuviper.mx\/tienda\/productos\/\"},{\"@type\":\"ListItem\",\"position\":3,\"name\":\"Soportes Y Bases P\/tv\/ Proyectores\/dvd\/consolas\/bocinas\/pantallas\/monotores\",\"item\":\"https:\/\/compuviper.mx\/tienda\/categoria-producto\/soportes-y-bases-p-tv-proyectores-dvd-consolas-bocinas-pantallas-monotores\/\"},{\"@type\":\"ListItem\",\"position\":4,\"name\":\"Soporte Y Base Para Tv\/pantallas\/monitores\/kiosko\",\"item\":\"https:\/\/compuviper.mx\/tienda\/categoria-producto\/soportes-y-bases-p-tv-proyectores-dvd-consolas-bocinas-pantallas-monotores\/soporte-y-base-para-tv-pantallas-monitores-kiosko\/\"},{\"@type\":\"ListItem\",\"position\":5,\"name\":\"Peerless-av St640 Soporte Pantalla Para Pantallas 32-55 Pulgadas Vesa De 400 X 400 Hasta 68.0 Kg\"}]},{\"@type\":\"WebSite\",\"@id\":\"https:\/\/compuviper.mx\/tienda\/#website\",\"url\":\"https:\/\/compuviper.mx\/tienda\/\",\"name\":\"Compuviper\",\"description\":\"Proveedor de Computadoras, Laptops, Servidores, Monitores, Puntos de Venta, Teclados,   Impresoras, T\u00f3ner, C\u00e1maras de Seguridad y m\u00e1s en tu tienda en l\u00ednea\",\"publisher\":{\"@id\":\"https:\/\/compuviper.mx\/tienda\/#organization\"},\"potentialAction\":[{\"@type\":\"SearchAction\",\"target\":{\"@type\":\"EntryPoint\",\"urlTemplate\":\"https:\/\/compuviper.mx\/tienda\/?s={search_term_string}\"},\"query-input\":\"required name=search_term_string\"}],\"inLanguage\":\"es-MX\"},{\"@type\":\"Organization\",\"@id\":\"https:\/\/compuviper.mx\/tienda\/#organization\",\"name\":\"Compuviper\",\"url\":\"https:\/\/compuviper.mx\/tienda\/\",\"logo\":{\"@type\":\"ImageObject\",\"inLanguage\":\"es-MX\",\"@id\":\"https:\/\/compuviper.mx\/tienda\/#\/schema\/logo\/image\/\",\"url\":\"https:\/\/compuviper.mx\/tienda\/wp-content\/uploads\/2021\/08\/Logo-Compuviper-10.png\",\"contentUrl\":\"https:\/\/compuviper.mx\/tienda\/wp-content\/uploads\/2021\/08\/Logo-Compuviper-10.png\",\"width\":1000,\"height\":500,\"caption\":\"Compuviper\"},\"image\":{\"@id\":\"https:\/\/compuviper.mx\/tienda\/#\/schema\/logo\/image\/\"},\"sameAs\":[\"https:\/\/www.facebook.com\/compuviper\",\"https:\/\/www.youtube.com\/channel\/UCf73dERp9Y3cfOq7q8BhLjA?view_as=subscriber\"]}]}<\/script>\n<meta property=\"product:brand\" content=\"PEERLESS-AV\" \/>\n<meta property=\"product:price:amount\" content=\"1858\" \/>\n<meta property=\"product:price:currency\" content=\"MXN\" \/>\n<meta property=\"og:availability\" content=\"out of stock\" \/>\n<meta property=\"product:availability\" content=\"out of stock\" \/>\n<meta property=\"product:retailer_item_id\" content=\"ST640\" \/>\n<meta property=\"product:condition\" content=\"new\" \/>\n<!-- \/ Yoast SEO plugin. -->","yoast_head_json":{"title":"[ Peerless-av ] &#129351; St640 Soporte Pantalla Para Pantallas 32-55 Pulgadas Vesa De 400 X 400 Hasta 68.0 Kg","description":"Compra St640 Soporte Pantalla Para Pantallas 32-55 Pulgadas Vesa De 400 X 400 Hasta 68.0 Kg + Env\u00edo a domicilio + Pago seguro + Garant\u00eda","robots":{"index":"index","follow":"follow","max-snippet":"max-snippet:-1","max-image-preview":"max-image-preview:large","max-video-preview":"max-video-preview:-1"},"canonical":"https:\/\/compuviper.mx\/tienda\/producto\/peerless-av-st640-soporte-pantalla-para-pantallas-32-55-pulgadas-vesa-de-400-x-400-hasta-68-0-kg\/","og_locale":"es_MX","og_type":"article","og_title":"[ Peerless-av ] &#129351; St640 Soporte Pantalla Para Pantallas 32-55 Pulgadas Vesa De 400 X 400 Hasta 68.0 Kg","og_description":"Compra St640 Soporte Pantalla Para Pantallas 32-55 Pulgadas Vesa De 400 X 400 Hasta 68.0 Kg + Env\u00edo a domicilio + Pago seguro + Garant\u00eda","og_url":"https:\/\/compuviper.mx\/tienda\/producto\/peerless-av-st640-soporte-pantalla-para-pantallas-32-55-pulgadas-vesa-de-400-x-400-hasta-68-0-kg\/","og_site_name":"Compuviper","article_publisher":"https:\/\/www.facebook.com\/compuviper","og_image":[{"width":200,"height":200,"url":"https:\/\/compuviper.mx\/tienda\/wp-content\/uploads\/2025\/04\/Soporte-pantalla-peerless-av-st640-para-pantallas-32-55-pulgadas-vesa-de-400-x-400-hasta-68.0-kg.jpg","type":"image\/jpeg"}],"twitter_card":"summary_large_image","twitter_misc":{"Precio":"&#36;1,858 con IVA","Availability":"Out of stock"},"schema":{"@context":"https:\/\/schema.org","@graph":[{"@type":"WebPage","@id":"https:\/\/compuviper.mx\/tienda\/producto\/peerless-av-st640-soporte-pantalla-para-pantallas-32-55-pulgadas-vesa-de-400-x-400-hasta-68-0-kg\/","url":"https:\/\/compuviper.mx\/tienda\/producto\/peerless-av-st640-soporte-pantalla-para-pantallas-32-55-pulgadas-vesa-de-400-x-400-hasta-68-0-kg\/","name":"[ Peerless-av ] &#129351; St640 Soporte Pantalla Para Pantallas 32-55 Pulgadas Vesa De 400 X 400 Hasta 68.0 Kg","isPartOf":{"@id":"https:\/\/compuviper.mx\/tienda\/#website"},"datePublished":"2026-04-08T05:27:47+00:00","dateModified":"2026-04-08T05:27:47+00:00","description":"Compra St640 Soporte Pantalla Para Pantallas 32-55 Pulgadas Vesa De 400 X 400 Hasta 68.0 Kg + Env\u00edo a domicilio + Pago seguro + Garant\u00eda","breadcrumb":{"@id":"https:\/\/compuviper.mx\/tienda\/producto\/peerless-av-st640-soporte-pantalla-para-pantallas-32-55-pulgadas-vesa-de-400-x-400-hasta-68-0-kg\/#breadcrumb"},"inLanguage":"es-MX","potentialAction":[{"@type":"ReadAction","target":["https:\/\/compuviper.mx\/tienda\/producto\/peerless-av-st640-soporte-pantalla-para-pantallas-32-55-pulgadas-vesa-de-400-x-400-hasta-68-0-kg\/"]}]},{"@type":"BreadcrumbList","@id":"https:\/\/compuviper.mx\/tienda\/producto\/peerless-av-st640-soporte-pantalla-para-pantallas-32-55-pulgadas-vesa-de-400-x-400-hasta-68-0-kg\/#breadcrumb","itemListElement":[{"@type":"ListItem","position":1,"name":"Inicio","item":"https:\/\/compuviper.mx\/tienda\/"},{"@type":"ListItem","position":2,"name":"Productos","item":"https:\/\/compuviper.mx\/tienda\/productos\/"},{"@type":"ListItem","position":3,"name":"Soportes Y Bases P\/tv\/ Proyectores\/dvd\/consolas\/bocinas\/pantallas\/monotores","item":"https:\/\/compuviper.mx\/tienda\/categoria-producto\/soportes-y-bases-p-tv-proyectores-dvd-consolas-bocinas-pantallas-monotores\/"},{"@type":"ListItem","position":4,"name":"Soporte Y Base Para Tv\/pantallas\/monitores\/kiosko","item":"https:\/\/compuviper.mx\/tienda\/categoria-producto\/soportes-y-bases-p-tv-proyectores-dvd-consolas-bocinas-pantallas-monotores\/soporte-y-base-para-tv-pantallas-monitores-kiosko\/"},{"@type":"ListItem","position":5,"name":"Peerless-av St640 Soporte Pantalla Para Pantallas 32-55 Pulgadas Vesa De 400 X 400 Hasta 68.0 Kg"}]},{"@type":"WebSite","@id":"https:\/\/compuviper.mx\/tienda\/#website","url":"https:\/\/compuviper.mx\/tienda\/","name":"Compuviper","description":"Proveedor de Computadoras, Laptops, Servidores, Monitores, Puntos de Venta, Teclados,   Impresoras, T\u00f3ner, C\u00e1maras de Seguridad y m\u00e1s en tu tienda en l\u00ednea","publisher":{"@id":"https:\/\/compuviper.mx\/tienda\/#organization"},"potentialAction":[{"@type":"SearchAction","target":{"@type":"EntryPoint","urlTemplate":"https:\/\/compuviper.mx\/tienda\/?s={search_term_string}"},"query-input":"required name=search_term_string"}],"inLanguage":"es-MX"},{"@type":"Organization","@id":"https:\/\/compuviper.mx\/tienda\/#organization","name":"Compuviper","url":"https:\/\/compuviper.mx\/tienda\/","logo":{"@type":"ImageObject","inLanguage":"es-MX","@id":"https:\/\/compuviper.mx\/tienda\/#\/schema\/logo\/image\/","url":"https:\/\/compuviper.mx\/tienda\/wp-content\/uploads\/2021\/08\/Logo-Compuviper-10.png","contentUrl":"https:\/\/compuviper.mx\/tienda\/wp-content\/uploads\/2021\/08\/Logo-Compuviper-10.png","width":1000,"height":500,"caption":"Compuviper"},"image":{"@id":"https:\/\/compuviper.mx\/tienda\/#\/schema\/logo\/image\/"},"sameAs":["https:\/\/www.facebook.com\/compuviper","https:\/\/www.youtube.com\/channel\/UCf73dERp9Y3cfOq7q8BhLjA?view_as=subscriber"]}]},"product_brand":"PEERLESS-AV","product_price_amount":"1858","product_price_currency":"MXN","og_availability":"out of stock","product_availability":"out of stock","product_retailer_item_id":"ST640","product_condition":"new"},"_links":{"self":[{"href":"https:\/\/compuviper.mx\/tienda\/wp-json\/wp\/v2\/product\/250528"}],"collection":[{"href":"https:\/\/compuviper.mx\/tienda\/wp-json\/wp\/v2\/product"}],"about":[{"href":"https:\/\/compuviper.mx\/tienda\/wp-json\/wp\/v2\/types\/product"}],"replies":[{"embeddable":true,"href":"https:\/\/compuviper.mx\/tienda\/wp-json\/wp\/v2\/comments?post=250528"}],"wp:featuredmedia":[{"embeddable":true,"href":"https:\/\/compuviper.mx\/tienda\/wp-json\/wp\/v2\/media\/251521"}],"wp:attachment":[{"href":"https:\/\/compuviper.mx\/tienda\/wp-json\/wp\/v2\/media?parent=250528"}],"wp:term":[{"taxonomy":"product_cat","embeddable":true,"href":"https:\/\/compuviper.mx\/tienda\/wp-json\/wp\/v2\/product_cat?post=250528"},{"taxonomy":"product_tag","embeddable":true,"href":"https:\/\/compuviper.mx\/tienda\/wp-json\/wp\/v2\/product_tag?post=250528"}],"curies":[{"name":"wp","href":"https:\/\/api.w.org\/{rel}","templated":true}]}}